{"id":125548,"date":"2022-05-11T12:10:52","date_gmt":"2022-05-11T10:10:56","guid":{"rendered":"https:\/\/tourtravelandmore.com\/?post_type=product&#038;p=125548"},"modified":"2023-09-22T09:48:40","modified_gmt":"2023-09-22T07:48:40","slug":"tour-gastronomico-privado-por-atenas","status":"publish","type":"product","link":"https:\/\/tourtravelandmore.com\/es\/tours\/grecia-es\/atenas-es\/tour-gastronomico-privado-por-atenas\/","title":{"rendered":"Tour gastron\u00f3mico privado por Atenas"},"content":{"rendered":"<h2><b>Descripci\u00f3n de la excursi\u00f3n gastron\u00f3mica privada por Atenas<\/b><\/h2>\n<p><span style=\"font-weight: 400;\">\u00a0<\/span><span style=\"font-weight: 400;\">Atenas es una ciudad con una historia antigua y mucho que ofrecer en cuanto a comida y vino. Un tour gastron\u00f3mico privado es una gran manera de experimentar todo lo que la ciudad tiene para ofrecer. Podr\u00e1 probar platos tradicionales como la koulouria (pan de s\u00e9samo) y los loukoumades (mini donuts), conocer el proceso de elaboraci\u00f3n del vino y escuchar historias sobre la cultura y la historia de Atenas.<\/span><\/p>\n<p><span style=\"font-weight: 400;\">Lo mejor es que recibir\u00e1 toda esta atenci\u00f3n personalizada por parte de su gu\u00eda, que se asegurar\u00e1 de que se lo pase en grande.<\/span><\/p>\n<p><span style=\"font-weight: 400;\">Empezaremos el tour en un lugar c\u00e9ntrico de la ciudad, y el que sea m\u00e1s c\u00f3modo para ti, ya que la experiencia es totalmente personalizada.<\/span><\/p>\n<p><b>Ser\u00e1 una visita guiada de 4 horas<\/b><span style=\"font-weight: 400;\">, en la que visitar\u00e1 el Mercado Central de Atenas para ver los ingredientes t\u00edpicos, explorar\u00e1 el \u00c1gora, comprobar\u00e1 las tabernas tradicionales y los restaurantes familiares, degustar\u00e1 aut\u00e9nticos y deliciosos platos, y escuchar\u00e1 historias sobre Grecia y sus tradiciones alimentarias.<\/span><\/p>\n<h2><b>Puntos de inter\u00e9s de la excursi\u00f3n gastron\u00f3mica privada por Atenas<\/b><\/h2>\n<h3><span style=\"color: #d3af37;\"><b>Mercado Municipal Central de Varvakios<\/b><\/span><\/h3>\n<p><span style=\"font-weight: 400;\">El Mercado de Varvakios es un gran mercado al aire libre en el coraz\u00f3n de Atenas. Es uno de los mercados m\u00e1s antiguos y grandes de Atenas, y es un lugar ideal para encontrar productos frescos, carne, pescado y otras delicias locales.<\/span><\/p>\n<p><span style=\"font-weight: 400;\">El mercado de Varvakios abre todos los d\u00edas, excepto el domingo, desde primera hora de la ma\u00f1ana hasta \u00faltima hora de la tarde. En el mercado de Varvakios se puede encontrar casi cualquier cosa que se necesite, y los precios son muy razonables. No deje de probar el marisco fresco del mercado: <\/span><b>es uno de los mejores de Atenas.<\/b><\/p>\n<h3><span style=\"color: #d3af37;\"><b>\u00c1gora<\/b><\/span><\/h3>\n<p><span style=\"font-weight: 400;\">El \u00c1gora es un punto arqueol\u00f3gico y un mercado situado en el coraz\u00f3n de Atenas. Data del siglo V a.C. y es uno de los mercados al aire libre m\u00e1s antiguos del mundo. El \u00c1gora fue testigo de muchos acontecimientos hist\u00f3ricos, como el juicio a S\u00f3crates y el discurso de Pericles que marc\u00f3 el inicio de la Guerra del Peloponeso.<\/span><\/p>\n<p><span style=\"font-weight: 400;\">Otros lugares importantes del centro de la ciudad son el Ode\u00f3n de Herodes \u00c1tico, un anfiteatro construido en el a\u00f1o 161 d.C., y el Antiguo Teatro de Dionisio, uno de los teatros m\u00e1s antiguos de Grecia, que data de finales del siglo VI a.C.<\/span><\/p>\n<p><span style=\"font-weight: 400;\">Hoy en d\u00eda, los turistas pueden visitar el \u00c1gora para ver sus bien conservadas ruinas y hacerse una idea de c\u00f3mo era la antigua vida ateniense.<\/span><\/p>\n<h3><span style=\"color: #d3af37;\"><b>Psirri<\/b><\/span><\/h3>\n<p><span style=\"font-weight: 400;\">Psirri es un barrio hist\u00f3rico y pintoresco del centro de Atenas. Antes era una zona abandonada, pero en los \u00faltimos a\u00f1os se ha transformado en uno de los barrios m\u00e1s vibrantes y elegantes de la ciudad. Rodeado de bares, restaurantes y tiendas de moda, Psyri es perfecto para pasar un d\u00eda o una noche con los amigos. Destacan el famoso mercadillo de Monastiraki y la animada calle peatonal de Adrianou.<\/span><\/p>\n<p><span style=\"font-weight: 400;\">Al final del recorrido de 4 horas, el gu\u00eda le acompa\u00f1ar\u00e1 a un punto c\u00e9ntrico de la ciudad para que pueda seguir disfrutando de todo lo que Atenas tiene que ver y conocer.<\/span><\/p>\n<p><span style=\"font-weight: 400;\">Si quiere conocer un poco m\u00e1s de Atenas, puede optar por nuestro <\/span><a href=\"https:\/\/tourtravelandmore.com\/es\/tours\/grecia-es\/atenas-es\/tour-privado-del-vino-y-aceite-de-oliva-desde-atenas\/\"><b>tour privado de vinos y aceite de oliva desde Atenas.\u00a0<\/b><\/a><\/p>\n","protected":false},"excerpt":{"rendered":"<p><span style=\"font-weight: 400;\">\u00bfQuiere conocer la verdadera Atenas? Este tour est\u00e1 dise\u00f1ado para mostrarle la verdadera Atenas, su comida, cultura e historia. Creemos que la mejor manera de conocer un lugar es a trav\u00e9s de su comida. Nuestro experimentado gu\u00eda le llevar\u00e1 en un viaje culinario por algunos de los barrios m\u00e1s interesantes de Atenas. Degustar\u00e1 platos tradicionales griegos y conocer\u00e1 su historia y sus or\u00edgenes.<\/span><\/p>\n","protected":false},"featured_media":125573,"comment_status":"open","ping_status":"closed","template":"","meta":{"_acf_changed":false},"product_brand":[],"product_cat":[1251,1252,1253,1254],"product_tag":[],"class_list":{"0":"post-125548","1":"product","2":"type-product","3":"status-publish","4":"has-post-thumbnail","6":"product_cat-atenas-es","7":"product_cat-atenas-actividades-es","8":"product_cat-atenas-rutas-turisticas-privadas-es","9":"product_cat-atenas-excursiones-privadas-cruceros-es","11":"first","12":"instock","13":"shipping-taxable","14":"purchasable","15":"product-type-simple"},"acf":[],"yoast_head":"<!-- This site is optimized with the Yoast SEO Premium plugin v25.3.1 (Yoast SEO v25.3.1) - https:\/\/yoast.com\/wordpress\/plugins\/seo\/ -->\n<title>\u27a1\ufe0f Tour gastron\u00f3mico privado por Atenas con gu\u00eda privado y coche de lujo | Tour Travel &amp; More<\/title>\n<meta name=\"description\" content=\"Experimente lo mejor de la cultura gastron\u00f3mica de Atenas con un gu\u00eda privado y un coche de lujo. Nuestro tour gastron\u00f3mico incluye degustaciones de platos tradicionales griegos, vino y postres en algunos de los barrios m\u00e1s pintorescos de Atenas \u2705\" \/>\n<meta name=\"robots\" content=\"index, follow, max-snippet:-1, max-image-preview:large, max-video-preview:-1\" \/>\n<link rel=\"canonical\" href=\"https:\/\/tourtravelandmore.com\/es\/tours\/grecia-es\/atenas-es\/tour-gastronomico-privado-por-atenas\/\" \/>\n<meta property=\"og:locale\" content=\"es_ES\" \/>\n<meta property=\"og:type\" content=\"article\" \/>\n<meta property=\"og:title\" content=\"Tour gastron\u00f3mico privado por Atenas\" \/>\n<meta property=\"og:description\" content=\"Experimente lo mejor de la cultura gastron\u00f3mica de Atenas con un gu\u00eda privado y un coche de lujo. Nuestro tour gastron\u00f3mico incluye degustaciones de platos tradicionales griegos, vino y postres en algunos de los barrios m\u00e1s pintorescos de Atenas \u2705\" \/>\n<meta property=\"og:url\" content=\"https:\/\/tourtravelandmore.com\/es\/tours\/grecia-es\/atenas-es\/tour-gastronomico-privado-por-atenas\/\" \/>\n<meta property=\"og:site_name\" content=\"Tour Travel And More\" \/>\n<meta property=\"article:publisher\" content=\"https:\/\/www.facebook.com\/tourtravelandmore\/\" \/>\n<meta property=\"article:modified_time\" content=\"2023-09-22T07:48:40+00:00\" \/>\n<meta property=\"og:image\" content=\"https:\/\/tourtravelandmore.com\/wp-content\/uploads\/2022\/05\/image4.png\" \/>\n\t<meta property=\"og:image:width\" content=\"900\" \/>\n\t<meta property=\"og:image:height\" content=\"680\" \/>\n\t<meta property=\"og:image:type\" content=\"image\/png\" \/>\n<meta name=\"twitter:card\" content=\"summary_large_image\" \/>\n<meta name=\"twitter:site\" content=\"@TourTravel_More\" \/>\n<meta name=\"twitter:label1\" content=\"Tiempo de lectura\" \/>\n\t<meta name=\"twitter:data1\" content=\"3 minutos\" \/>\n<script type=\"application\/ld+json\" class=\"yoast-schema-graph\">{\"@context\":\"https:\/\/schema.org\",\"@graph\":[{\"@type\":\"WebPage\",\"@id\":\"https:\/\/tourtravelandmore.com\/es\/tours\/grecia-es\/atenas-es\/tour-gastronomico-privado-por-atenas\/\",\"url\":\"https:\/\/tourtravelandmore.com\/es\/tours\/grecia-es\/atenas-es\/tour-gastronomico-privado-por-atenas\/\",\"name\":\"\u27a1\ufe0f Tour gastron\u00f3mico privado por Atenas con gu\u00eda privado y coche de lujo | Tour Travel & More\",\"isPartOf\":{\"@id\":\"https:\/\/tourtravelandmore.com\/es\/#website\"},\"primaryImageOfPage\":{\"@id\":\"https:\/\/tourtravelandmore.com\/es\/tours\/grecia-es\/atenas-es\/tour-gastronomico-privado-por-atenas\/#primaryimage\"},\"image\":{\"@id\":\"https:\/\/tourtravelandmore.com\/es\/tours\/grecia-es\/atenas-es\/tour-gastronomico-privado-por-atenas\/#primaryimage\"},\"thumbnailUrl\":\"https:\/\/tourtravelandmore.com\/wp-content\/uploads\/2022\/05\/image4.png\",\"datePublished\":\"2022-05-11T10:10:56+00:00\",\"dateModified\":\"2023-09-22T07:48:40+00:00\",\"description\":\"Experimente lo mejor de la cultura gastron\u00f3mica de Atenas con un gu\u00eda privado y un coche de lujo. Nuestro tour gastron\u00f3mico incluye degustaciones de platos tradicionales griegos, vino y postres en algunos de los barrios m\u00e1s pintorescos de Atenas \u2705\",\"breadcrumb\":{\"@id\":\"https:\/\/tourtravelandmore.com\/es\/tours\/grecia-es\/atenas-es\/tour-gastronomico-privado-por-atenas\/#breadcrumb\"},\"inLanguage\":\"es\",\"potentialAction\":[{\"@type\":\"ReadAction\",\"target\":[\"https:\/\/tourtravelandmore.com\/es\/tours\/grecia-es\/atenas-es\/tour-gastronomico-privado-por-atenas\/\"]}]},{\"@type\":\"ImageObject\",\"inLanguage\":\"es\",\"@id\":\"https:\/\/tourtravelandmore.com\/es\/tours\/grecia-es\/atenas-es\/tour-gastronomico-privado-por-atenas\/#primaryimage\",\"url\":\"https:\/\/tourtravelandmore.com\/wp-content\/uploads\/2022\/05\/image4.png\",\"contentUrl\":\"https:\/\/tourtravelandmore.com\/wp-content\/uploads\/2022\/05\/image4.png\",\"width\":900,\"height\":680},{\"@type\":\"BreadcrumbList\",\"@id\":\"https:\/\/tourtravelandmore.com\/es\/tours\/grecia-es\/atenas-es\/tour-gastronomico-privado-por-atenas\/#breadcrumb\",\"itemListElement\":[{\"@type\":\"ListItem\",\"position\":1,\"name\":\"Home\",\"item\":\"https:\/\/tourtravelandmore.com\/es\/\"},{\"@type\":\"ListItem\",\"position\":2,\"name\":\"Tours\",\"item\":\"https:\/\/tourtravelandmore.com\/es\/tours\/\"},{\"@type\":\"ListItem\",\"position\":3,\"name\":\"Tour gastron\u00f3mico privado por Atenas\"}]},{\"@type\":\"WebSite\",\"@id\":\"https:\/\/tourtravelandmore.com\/es\/#website\",\"url\":\"https:\/\/tourtravelandmore.com\/es\/\",\"name\":\"Tour Travel And More\",\"description\":\"Private sightseeing tours and luxury transfers in Spain\",\"publisher\":{\"@id\":\"https:\/\/tourtravelandmore.com\/es\/#organization\"},\"potentialAction\":[{\"@type\":\"SearchAction\",\"target\":{\"@type\":\"EntryPoint\",\"urlTemplate\":\"https:\/\/tourtravelandmore.com\/es\/?s={search_term_string}\"},\"query-input\":{\"@type\":\"PropertyValueSpecification\",\"valueRequired\":true,\"valueName\":\"search_term_string\"}}],\"inLanguage\":\"es\"},{\"@type\":\"Organization\",\"@id\":\"https:\/\/tourtravelandmore.com\/es\/#organization\",\"name\":\"Tour Travel And More\",\"url\":\"https:\/\/tourtravelandmore.com\/es\/\",\"logo\":{\"@type\":\"ImageObject\",\"inLanguage\":\"es\",\"@id\":\"https:\/\/tourtravelandmore.com\/es\/#\/schema\/logo\/image\/\",\"url\":\"https:\/\/tourtravelandmore.com\/wp-content\/uploads\/2022\/12\/cropped-logo-cabecera-new.png\",\"contentUrl\":\"https:\/\/tourtravelandmore.com\/wp-content\/uploads\/2022\/12\/cropped-logo-cabecera-new.png\",\"width\":430,\"height\":61,\"caption\":\"Tour Travel And More\"},\"image\":{\"@id\":\"https:\/\/tourtravelandmore.com\/es\/#\/schema\/logo\/image\/\"},\"sameAs\":[\"https:\/\/www.facebook.com\/tourtravelandmore\/\",\"https:\/\/x.com\/TourTravel_More\"]}]}<\/script>\n<!-- \/ Yoast SEO Premium plugin. -->","yoast_head_json":{"title":"\u27a1\ufe0f Tour gastron\u00f3mico privado por Atenas con gu\u00eda privado y coche de lujo | Tour Travel & More","description":"Experimente lo mejor de la cultura gastron\u00f3mica de Atenas con un gu\u00eda privado y un coche de lujo. Nuestro tour gastron\u00f3mico incluye degustaciones de platos tradicionales griegos, vino y postres en algunos de los barrios m\u00e1s pintorescos de Atenas \u2705","robots":{"index":"index","follow":"follow","max-snippet":"max-snippet:-1","max-image-preview":"max-image-preview:large","max-video-preview":"max-video-preview:-1"},"canonical":"https:\/\/tourtravelandmore.com\/es\/tours\/grecia-es\/atenas-es\/tour-gastronomico-privado-por-atenas\/","og_locale":"es_ES","og_type":"article","og_title":"Tour gastron\u00f3mico privado por Atenas","og_description":"Experimente lo mejor de la cultura gastron\u00f3mica de Atenas con un gu\u00eda privado y un coche de lujo. Nuestro tour gastron\u00f3mico incluye degustaciones de platos tradicionales griegos, vino y postres en algunos de los barrios m\u00e1s pintorescos de Atenas \u2705","og_url":"https:\/\/tourtravelandmore.com\/es\/tours\/grecia-es\/atenas-es\/tour-gastronomico-privado-por-atenas\/","og_site_name":"Tour Travel And More","article_publisher":"https:\/\/www.facebook.com\/tourtravelandmore\/","article_modified_time":"2023-09-22T07:48:40+00:00","og_image":[{"width":900,"height":680,"url":"https:\/\/tourtravelandmore.com\/wp-content\/uploads\/2022\/05\/image4.png","type":"image\/png"}],"twitter_card":"summary_large_image","twitter_site":"@TourTravel_More","twitter_misc":{"Tiempo de lectura":"3 minutos"},"schema":{"@context":"https:\/\/schema.org","@graph":[{"@type":"WebPage","@id":"https:\/\/tourtravelandmore.com\/es\/tours\/grecia-es\/atenas-es\/tour-gastronomico-privado-por-atenas\/","url":"https:\/\/tourtravelandmore.com\/es\/tours\/grecia-es\/atenas-es\/tour-gastronomico-privado-por-atenas\/","name":"\u27a1\ufe0f Tour gastron\u00f3mico privado por Atenas con gu\u00eda privado y coche de lujo | Tour Travel & More","isPartOf":{"@id":"https:\/\/tourtravelandmore.com\/es\/#website"},"primaryImageOfPage":{"@id":"https:\/\/tourtravelandmore.com\/es\/tours\/grecia-es\/atenas-es\/tour-gastronomico-privado-por-atenas\/#primaryimage"},"image":{"@id":"https:\/\/tourtravelandmore.com\/es\/tours\/grecia-es\/atenas-es\/tour-gastronomico-privado-por-atenas\/#primaryimage"},"thumbnailUrl":"https:\/\/tourtravelandmore.com\/wp-content\/uploads\/2022\/05\/image4.png","datePublished":"2022-05-11T10:10:56+00:00","dateModified":"2023-09-22T07:48:40+00:00","description":"Experimente lo mejor de la cultura gastron\u00f3mica de Atenas con un gu\u00eda privado y un coche de lujo. Nuestro tour gastron\u00f3mico incluye degustaciones de platos tradicionales griegos, vino y postres en algunos de los barrios m\u00e1s pintorescos de Atenas \u2705","breadcrumb":{"@id":"https:\/\/tourtravelandmore.com\/es\/tours\/grecia-es\/atenas-es\/tour-gastronomico-privado-por-atenas\/#breadcrumb"},"inLanguage":"es","potentialAction":[{"@type":"ReadAction","target":["https:\/\/tourtravelandmore.com\/es\/tours\/grecia-es\/atenas-es\/tour-gastronomico-privado-por-atenas\/"]}]},{"@type":"ImageObject","inLanguage":"es","@id":"https:\/\/tourtravelandmore.com\/es\/tours\/grecia-es\/atenas-es\/tour-gastronomico-privado-por-atenas\/#primaryimage","url":"https:\/\/tourtravelandmore.com\/wp-content\/uploads\/2022\/05\/image4.png","contentUrl":"https:\/\/tourtravelandmore.com\/wp-content\/uploads\/2022\/05\/image4.png","width":900,"height":680},{"@type":"BreadcrumbList","@id":"https:\/\/tourtravelandmore.com\/es\/tours\/grecia-es\/atenas-es\/tour-gastronomico-privado-por-atenas\/#breadcrumb","itemListElement":[{"@type":"ListItem","position":1,"name":"Home","item":"https:\/\/tourtravelandmore.com\/es\/"},{"@type":"ListItem","position":2,"name":"Tours","item":"https:\/\/tourtravelandmore.com\/es\/tours\/"},{"@type":"ListItem","position":3,"name":"Tour gastron\u00f3mico privado por Atenas"}]},{"@type":"WebSite","@id":"https:\/\/tourtravelandmore.com\/es\/#website","url":"https:\/\/tourtravelandmore.com\/es\/","name":"Tour Travel And More","description":"Private sightseeing tours and luxury transfers in Spain","publisher":{"@id":"https:\/\/tourtravelandmore.com\/es\/#organization"},"potentialAction":[{"@type":"SearchAction","target":{"@type":"EntryPoint","urlTemplate":"https:\/\/tourtravelandmore.com\/es\/?s={search_term_string}"},"query-input":{"@type":"PropertyValueSpecification","valueRequired":true,"valueName":"search_term_string"}}],"inLanguage":"es"},{"@type":"Organization","@id":"https:\/\/tourtravelandmore.com\/es\/#organization","name":"Tour Travel And More","url":"https:\/\/tourtravelandmore.com\/es\/","logo":{"@type":"ImageObject","inLanguage":"es","@id":"https:\/\/tourtravelandmore.com\/es\/#\/schema\/logo\/image\/","url":"https:\/\/tourtravelandmore.com\/wp-content\/uploads\/2022\/12\/cropped-logo-cabecera-new.png","contentUrl":"https:\/\/tourtravelandmore.com\/wp-content\/uploads\/2022\/12\/cropped-logo-cabecera-new.png","width":430,"height":61,"caption":"Tour Travel And More"},"image":{"@id":"https:\/\/tourtravelandmore.com\/es\/#\/schema\/logo\/image\/"},"sameAs":["https:\/\/www.facebook.com\/tourtravelandmore\/","https:\/\/x.com\/TourTravel_More"]}]}},"_links":{"self":[{"href":"https:\/\/tourtravelandmore.com\/es\/wp-json\/wp\/v2\/product\/125548","targetHints":{"allow":["GET"]}}],"collection":[{"href":"https:\/\/tourtravelandmore.com\/es\/wp-json\/wp\/v2\/product"}],"about":[{"href":"https:\/\/tourtravelandmore.com\/es\/wp-json\/wp\/v2\/types\/product"}],"replies":[{"embeddable":true,"href":"https:\/\/tourtravelandmore.com\/es\/wp-json\/wp\/v2\/comments?post=125548"}],"wp:featuredmedia":[{"embeddable":true,"href":"https:\/\/tourtravelandmore.com\/es\/wp-json\/wp\/v2\/media\/125573"}],"wp:attachment":[{"href":"https:\/\/tourtravelandmore.com\/es\/wp-json\/wp\/v2\/media?parent=125548"}],"wp:term":[{"taxonomy":"product_brand","embeddable":true,"href":"https:\/\/tourtravelandmore.com\/es\/wp-json\/wp\/v2\/product_brand?post=125548"},{"taxonomy":"product_cat","embeddable":true,"href":"https:\/\/tourtravelandmore.com\/es\/wp-json\/wp\/v2\/product_cat?post=125548"},{"taxonomy":"product_tag","embeddable":true,"href":"https:\/\/tourtravelandmore.com\/es\/wp-json\/wp\/v2\/product_tag?post=125548"}],"curies":[{"name":"wp","href":"https:\/\/api.w.org\/{rel}","templated":true}]}}