{"id":125463,"date":"2022-05-10T18:43:24","date_gmt":"2022-05-10T16:43:29","guid":{"rendered":"https:\/\/tourtravelandmore.com\/?post_type=product&#038;p=125463"},"modified":"2025-05-21T15:31:56","modified_gmt":"2025-05-21T13:31:56","slug":"tour-privado-de-dia-completo-en-atenas-visitaremos-8-monumentos","status":"publish","type":"product","link":"https:\/\/tourtravelandmore.com\/es\/tours\/grecia-es\/atenas-es\/tour-privado-de-dia-completo-en-atenas-visitaremos-8-monumentos\/","title":{"rendered":"Tour Privado de d\u00eda completo en Atenas por los monumentos m\u00e1s importantes"},"content":{"rendered":"<h2><b>Descripci\u00f3n del tour privado de d\u00eda completo en Atenas por los monumentos m\u00e1s importantes<\/b><\/h2>\n<p>Tour privado de d\u00eda completo en Atenas visitando los 8 monumentos m\u00e1s importantes, como la Acr\u00f3polis, el Museo de la Acr\u00f3polis, el \u00c1gora.<\/p>\n<p>Durante el tour, nuestro gu\u00eda profesional le dar\u00e1 una explicaci\u00f3n detallada de cada monumento. Y le explicar\u00e1 la historia que rodea estos sensacionales lugares.<\/p>\n<p>El tour privado de 8 horas a todos estos monumentos y lugares incluye las entradas, el transporte de lujo con conductor privado y un gu\u00eda que le acompa\u00f1ar\u00e1 hasta el final del tour.<\/p>\n<h2>Puntos de inter\u00e9s del Tour Privado de d\u00eda completo en Atenas por los monumentos m\u00e1s importantes<\/h2>\n<p>El tour privado comenzar\u00e1 recogiendo a usted y a sus acompa\u00f1antes en su hotel o en el lugar que elijan en Atenas, y cuando el coche les recoja, tambi\u00e9n les llevar\u00e1 al punto que elijan.<\/p>\n<p><b>Los lugares de inter\u00e9s que visitaremos son:<\/b><\/p>\n<h3><b>Acr\u00f3polis<\/b><\/h3>\n<p>La Acr\u00f3polis es uno de los lugares hist\u00f3ricos m\u00e1s visitados de Grecia y Europa. Se encuentra en la ciudad de Atenas, la capital de este pa\u00eds. La construcci\u00f3n de esta colina comenz\u00f3 en el siglo XVIII a. C. y termin\u00f3 en el siglo IV a. C. Durante estos a\u00f1os, la Acr\u00f3polis sirvi\u00f3 como fortaleza, palacio y templo.<\/p>\n<h3><b>Museo de la Acr\u00f3polis<\/b><\/h3>\n<p>El Museo de la Acr\u00f3polis es un museo hist\u00f3rico situado en el centro de Atenas, Grecia. Contiene objetos de arte griego antiguo, como esculturas y mosaicos.<\/p>\n<p>El museo fue inaugurado el 28 de marzo de 1880 y consta de cinco salas. La sala I contiene objetos relacionados con la religi\u00f3n y la mitolog\u00eda; la sala II, piezas arqueol\u00f3gicas de Egipto y Grecia; la sala III, esculturas renacentistas y barrocas; la sala IV, pinturas de los siglos XV al XIX; y la sala V, objetos art\u00edsticos del siglo XX.<\/p>\n<p>El museo cuenta con una colecci\u00f3n de m\u00e1s de 3500 objetos, entre los que se incluyen cerca de 1000 pinturas, 800 esculturas, 600 piezas arqueol\u00f3gicas y 500 objetos art\u00edsticos del siglo XX.<\/p>\n<h3><b>\u00c1gora<\/b><\/h3>\n<p>El \u00c1gora era el lugar de reuni\u00f3n en la antigua Grecia. Era donde se discut\u00edan los asuntos p\u00fablicos y se tomaban las decisiones sobre la ciudad. Hoy en d\u00eda, el t\u00e9rmino \u00c1gora se utiliza para describir cualquier espacio donde se discuten temas de inter\u00e9s com\u00fan o se toman decisiones.<\/p>\n<p>Su gu\u00eda tur\u00edstico oficial, que es un excelente gu\u00eda y conoce muy bien la ciudad, le explicar\u00e1 toda la historia y la arquitectura de este lugar \u00fanico.<\/p>\n<p>Al final de la visita, su conductor privado le llevar\u00e1 de vuelta al punto de partida en Atenas.<\/p>\n<p>Si se ha enamorado de la historia de estos lugares y de su fascinante impacto en todo el planeta, le recomendamos que consulte m\u00e1s informaci\u00f3n sobre nuestras <a href=\"https:\/\/tourtravelandmore.com\/es\/ciudad\/grecia-es\/atenas-es\/\">visitas privadas en Atenas.<\/a><\/p>\n","protected":false},"excerpt":{"rendered":"<p>Tour privado de d\u00eda completo en Atenas visitando los 8 monumentos m\u00e1s importantes, como la Acr\u00f3polis, el Museo de la Acr\u00f3polis, el \u00c1gora.<\/p>\n","protected":false},"featured_media":125491,"comment_status":"open","ping_status":"closed","template":"","meta":{"_acf_changed":false},"product_brand":[],"product_cat":[1251,1252,1253,1254],"product_tag":[],"class_list":{"0":"post-125463","1":"product","2":"type-product","3":"status-publish","4":"has-post-thumbnail","6":"product_cat-atenas-es","7":"product_cat-atenas-actividades-es","8":"product_cat-atenas-rutas-turisticas-privadas-es","9":"product_cat-atenas-excursiones-privadas-cruceros-es","11":"first","12":"instock","13":"shipping-taxable","14":"purchasable","15":"product-type-simple"},"acf":[],"yoast_head":"<!-- This site is optimized with the Yoast SEO Premium plugin v25.3.1 (Yoast SEO v25.3.1) - https:\/\/yoast.com\/wordpress\/plugins\/seo\/ -->\n<title>\u27a1\ufe0f Visita Atenas, los 8 monumentos m\u00e1s emblem\u00e1ticos de la ciudad | Tour Travel &amp; More<\/title>\n<meta name=\"description\" content=\"Disfrute de un tour privado de d\u00eda completo por Atenas visitando 8 de sus monumentos m\u00e1s importantes, entre ellos la Acr\u00f3polis, el Museo de Acr\u00f3polis, el Templo de Zeus, el \u00c1gora y M\u00e1s \u2705\" \/>\n<meta name=\"robots\" content=\"index, follow, max-snippet:-1, max-image-preview:large, max-video-preview:-1\" \/>\n<link rel=\"canonical\" href=\"https:\/\/tourtravelandmore.com\/es\/tours\/grecia-es\/atenas-es\/tour-privado-de-dia-completo-en-atenas-visitaremos-8-monumentos\/\" \/>\n<meta property=\"og:locale\" content=\"es_ES\" \/>\n<meta property=\"og:type\" content=\"article\" \/>\n<meta property=\"og:title\" content=\"Tour Privado de d\u00eda completo en Atenas por los monumentos m\u00e1s importantes\" \/>\n<meta property=\"og:description\" content=\"Disfrute de un tour privado de d\u00eda completo por Atenas visitando 8 de sus monumentos m\u00e1s importantes, entre ellos la Acr\u00f3polis, el Museo de Acr\u00f3polis, el Templo de Zeus, el \u00c1gora y M\u00e1s \u2705\" \/>\n<meta property=\"og:url\" content=\"https:\/\/tourtravelandmore.com\/es\/tours\/grecia-es\/atenas-es\/tour-privado-de-dia-completo-en-atenas-visitaremos-8-monumentos\/\" \/>\n<meta property=\"og:site_name\" content=\"Tour Travel And More\" \/>\n<meta property=\"article:publisher\" content=\"https:\/\/www.facebook.com\/tourtravelandmore\/\" \/>\n<meta property=\"article:modified_time\" content=\"2025-05-21T13:31:56+00:00\" \/>\n<meta property=\"og:image\" content=\"https:\/\/tourtravelandmore.com\/wp-content\/uploads\/2022\/05\/image4-4.jpg\" \/>\n\t<meta property=\"og:image:width\" content=\"1250\" \/>\n\t<meta property=\"og:image:height\" content=\"750\" \/>\n\t<meta property=\"og:image:type\" content=\"image\/jpeg\" \/>\n<meta name=\"twitter:card\" content=\"summary_large_image\" \/>\n<meta name=\"twitter:site\" content=\"@TourTravel_More\" \/>\n<meta name=\"twitter:label1\" content=\"Tiempo de lectura\" \/>\n\t<meta name=\"twitter:data1\" content=\"2 minutos\" \/>\n<script type=\"application\/ld+json\" class=\"yoast-schema-graph\">{\"@context\":\"https:\/\/schema.org\",\"@graph\":[{\"@type\":\"WebPage\",\"@id\":\"https:\/\/tourtravelandmore.com\/es\/tours\/grecia-es\/atenas-es\/tour-privado-de-dia-completo-en-atenas-visitaremos-8-monumentos\/\",\"url\":\"https:\/\/tourtravelandmore.com\/es\/tours\/grecia-es\/atenas-es\/tour-privado-de-dia-completo-en-atenas-visitaremos-8-monumentos\/\",\"name\":\"\u27a1\ufe0f Visita Atenas, los 8 monumentos m\u00e1s emblem\u00e1ticos de la ciudad | Tour Travel & More\",\"isPartOf\":{\"@id\":\"https:\/\/tourtravelandmore.com\/es\/#website\"},\"primaryImageOfPage\":{\"@id\":\"https:\/\/tourtravelandmore.com\/es\/tours\/grecia-es\/atenas-es\/tour-privado-de-dia-completo-en-atenas-visitaremos-8-monumentos\/#primaryimage\"},\"image\":{\"@id\":\"https:\/\/tourtravelandmore.com\/es\/tours\/grecia-es\/atenas-es\/tour-privado-de-dia-completo-en-atenas-visitaremos-8-monumentos\/#primaryimage\"},\"thumbnailUrl\":\"https:\/\/tourtravelandmore.com\/wp-content\/uploads\/2022\/05\/image4-4.jpg\",\"datePublished\":\"2022-05-10T16:43:29+00:00\",\"dateModified\":\"2025-05-21T13:31:56+00:00\",\"description\":\"Disfrute de un tour privado de d\u00eda completo por Atenas visitando 8 de sus monumentos m\u00e1s importantes, entre ellos la Acr\u00f3polis, el Museo de Acr\u00f3polis, el Templo de Zeus, el \u00c1gora y M\u00e1s \u2705\",\"breadcrumb\":{\"@id\":\"https:\/\/tourtravelandmore.com\/es\/tours\/grecia-es\/atenas-es\/tour-privado-de-dia-completo-en-atenas-visitaremos-8-monumentos\/#breadcrumb\"},\"inLanguage\":\"es\",\"potentialAction\":[{\"@type\":\"ReadAction\",\"target\":[\"https:\/\/tourtravelandmore.com\/es\/tours\/grecia-es\/atenas-es\/tour-privado-de-dia-completo-en-atenas-visitaremos-8-monumentos\/\"]}]},{\"@type\":\"ImageObject\",\"inLanguage\":\"es\",\"@id\":\"https:\/\/tourtravelandmore.com\/es\/tours\/grecia-es\/atenas-es\/tour-privado-de-dia-completo-en-atenas-visitaremos-8-monumentos\/#primaryimage\",\"url\":\"https:\/\/tourtravelandmore.com\/wp-content\/uploads\/2022\/05\/image4-4.jpg\",\"contentUrl\":\"https:\/\/tourtravelandmore.com\/wp-content\/uploads\/2022\/05\/image4-4.jpg\",\"width\":1250,\"height\":750},{\"@type\":\"BreadcrumbList\",\"@id\":\"https:\/\/tourtravelandmore.com\/es\/tours\/grecia-es\/atenas-es\/tour-privado-de-dia-completo-en-atenas-visitaremos-8-monumentos\/#breadcrumb\",\"itemListElement\":[{\"@type\":\"ListItem\",\"position\":1,\"name\":\"Home\",\"item\":\"https:\/\/tourtravelandmore.com\/es\/\"},{\"@type\":\"ListItem\",\"position\":2,\"name\":\"Tours\",\"item\":\"https:\/\/tourtravelandmore.com\/es\/tours\/\"},{\"@type\":\"ListItem\",\"position\":3,\"name\":\"Tour Privado de d\u00eda completo en Atenas por los monumentos m\u00e1s importantes\"}]},{\"@type\":\"WebSite\",\"@id\":\"https:\/\/tourtravelandmore.com\/es\/#website\",\"url\":\"https:\/\/tourtravelandmore.com\/es\/\",\"name\":\"Tour Travel And More\",\"description\":\"Private sightseeing tours and luxury transfers in Spain\",\"publisher\":{\"@id\":\"https:\/\/tourtravelandmore.com\/es\/#organization\"},\"potentialAction\":[{\"@type\":\"SearchAction\",\"target\":{\"@type\":\"EntryPoint\",\"urlTemplate\":\"https:\/\/tourtravelandmore.com\/es\/?s={search_term_string}\"},\"query-input\":{\"@type\":\"PropertyValueSpecification\",\"valueRequired\":true,\"valueName\":\"search_term_string\"}}],\"inLanguage\":\"es\"},{\"@type\":\"Organization\",\"@id\":\"https:\/\/tourtravelandmore.com\/es\/#organization\",\"name\":\"Tour Travel And More\",\"url\":\"https:\/\/tourtravelandmore.com\/es\/\",\"logo\":{\"@type\":\"ImageObject\",\"inLanguage\":\"es\",\"@id\":\"https:\/\/tourtravelandmore.com\/es\/#\/schema\/logo\/image\/\",\"url\":\"https:\/\/tourtravelandmore.com\/wp-content\/uploads\/2022\/12\/cropped-logo-cabecera-new.png\",\"contentUrl\":\"https:\/\/tourtravelandmore.com\/wp-content\/uploads\/2022\/12\/cropped-logo-cabecera-new.png\",\"width\":430,\"height\":61,\"caption\":\"Tour Travel And More\"},\"image\":{\"@id\":\"https:\/\/tourtravelandmore.com\/es\/#\/schema\/logo\/image\/\"},\"sameAs\":[\"https:\/\/www.facebook.com\/tourtravelandmore\/\",\"https:\/\/x.com\/TourTravel_More\"]}]}<\/script>\n<!-- \/ Yoast SEO Premium plugin. -->","yoast_head_json":{"title":"\u27a1\ufe0f Visita Atenas, los 8 monumentos m\u00e1s emblem\u00e1ticos de la ciudad | Tour Travel & More","description":"Disfrute de un tour privado de d\u00eda completo por Atenas visitando 8 de sus monumentos m\u00e1s importantes, entre ellos la Acr\u00f3polis, el Museo de Acr\u00f3polis, el Templo de Zeus, el \u00c1gora y M\u00e1s \u2705","robots":{"index":"index","follow":"follow","max-snippet":"max-snippet:-1","max-image-preview":"max-image-preview:large","max-video-preview":"max-video-preview:-1"},"canonical":"https:\/\/tourtravelandmore.com\/es\/tours\/grecia-es\/atenas-es\/tour-privado-de-dia-completo-en-atenas-visitaremos-8-monumentos\/","og_locale":"es_ES","og_type":"article","og_title":"Tour Privado de d\u00eda completo en Atenas por los monumentos m\u00e1s importantes","og_description":"Disfrute de un tour privado de d\u00eda completo por Atenas visitando 8 de sus monumentos m\u00e1s importantes, entre ellos la Acr\u00f3polis, el Museo de Acr\u00f3polis, el Templo de Zeus, el \u00c1gora y M\u00e1s \u2705","og_url":"https:\/\/tourtravelandmore.com\/es\/tours\/grecia-es\/atenas-es\/tour-privado-de-dia-completo-en-atenas-visitaremos-8-monumentos\/","og_site_name":"Tour Travel And More","article_publisher":"https:\/\/www.facebook.com\/tourtravelandmore\/","article_modified_time":"2025-05-21T13:31:56+00:00","og_image":[{"width":1250,"height":750,"url":"https:\/\/tourtravelandmore.com\/wp-content\/uploads\/2022\/05\/image4-4.jpg","type":"image\/jpeg"}],"twitter_card":"summary_large_image","twitter_site":"@TourTravel_More","twitter_misc":{"Tiempo de lectura":"2 minutos"},"schema":{"@context":"https:\/\/schema.org","@graph":[{"@type":"WebPage","@id":"https:\/\/tourtravelandmore.com\/es\/tours\/grecia-es\/atenas-es\/tour-privado-de-dia-completo-en-atenas-visitaremos-8-monumentos\/","url":"https:\/\/tourtravelandmore.com\/es\/tours\/grecia-es\/atenas-es\/tour-privado-de-dia-completo-en-atenas-visitaremos-8-monumentos\/","name":"\u27a1\ufe0f Visita Atenas, los 8 monumentos m\u00e1s emblem\u00e1ticos de la ciudad | Tour Travel & More","isPartOf":{"@id":"https:\/\/tourtravelandmore.com\/es\/#website"},"primaryImageOfPage":{"@id":"https:\/\/tourtravelandmore.com\/es\/tours\/grecia-es\/atenas-es\/tour-privado-de-dia-completo-en-atenas-visitaremos-8-monumentos\/#primaryimage"},"image":{"@id":"https:\/\/tourtravelandmore.com\/es\/tours\/grecia-es\/atenas-es\/tour-privado-de-dia-completo-en-atenas-visitaremos-8-monumentos\/#primaryimage"},"thumbnailUrl":"https:\/\/tourtravelandmore.com\/wp-content\/uploads\/2022\/05\/image4-4.jpg","datePublished":"2022-05-10T16:43:29+00:00","dateModified":"2025-05-21T13:31:56+00:00","description":"Disfrute de un tour privado de d\u00eda completo por Atenas visitando 8 de sus monumentos m\u00e1s importantes, entre ellos la Acr\u00f3polis, el Museo de Acr\u00f3polis, el Templo de Zeus, el \u00c1gora y M\u00e1s \u2705","breadcrumb":{"@id":"https:\/\/tourtravelandmore.com\/es\/tours\/grecia-es\/atenas-es\/tour-privado-de-dia-completo-en-atenas-visitaremos-8-monumentos\/#breadcrumb"},"inLanguage":"es","potentialAction":[{"@type":"ReadAction","target":["https:\/\/tourtravelandmore.com\/es\/tours\/grecia-es\/atenas-es\/tour-privado-de-dia-completo-en-atenas-visitaremos-8-monumentos\/"]}]},{"@type":"ImageObject","inLanguage":"es","@id":"https:\/\/tourtravelandmore.com\/es\/tours\/grecia-es\/atenas-es\/tour-privado-de-dia-completo-en-atenas-visitaremos-8-monumentos\/#primaryimage","url":"https:\/\/tourtravelandmore.com\/wp-content\/uploads\/2022\/05\/image4-4.jpg","contentUrl":"https:\/\/tourtravelandmore.com\/wp-content\/uploads\/2022\/05\/image4-4.jpg","width":1250,"height":750},{"@type":"BreadcrumbList","@id":"https:\/\/tourtravelandmore.com\/es\/tours\/grecia-es\/atenas-es\/tour-privado-de-dia-completo-en-atenas-visitaremos-8-monumentos\/#breadcrumb","itemListElement":[{"@type":"ListItem","position":1,"name":"Home","item":"https:\/\/tourtravelandmore.com\/es\/"},{"@type":"ListItem","position":2,"name":"Tours","item":"https:\/\/tourtravelandmore.com\/es\/tours\/"},{"@type":"ListItem","position":3,"name":"Tour Privado de d\u00eda completo en Atenas por los monumentos m\u00e1s importantes"}]},{"@type":"WebSite","@id":"https:\/\/tourtravelandmore.com\/es\/#website","url":"https:\/\/tourtravelandmore.com\/es\/","name":"Tour Travel And More","description":"Private sightseeing tours and luxury transfers in Spain","publisher":{"@id":"https:\/\/tourtravelandmore.com\/es\/#organization"},"potentialAction":[{"@type":"SearchAction","target":{"@type":"EntryPoint","urlTemplate":"https:\/\/tourtravelandmore.com\/es\/?s={search_term_string}"},"query-input":{"@type":"PropertyValueSpecification","valueRequired":true,"valueName":"search_term_string"}}],"inLanguage":"es"},{"@type":"Organization","@id":"https:\/\/tourtravelandmore.com\/es\/#organization","name":"Tour Travel And More","url":"https:\/\/tourtravelandmore.com\/es\/","logo":{"@type":"ImageObject","inLanguage":"es","@id":"https:\/\/tourtravelandmore.com\/es\/#\/schema\/logo\/image\/","url":"https:\/\/tourtravelandmore.com\/wp-content\/uploads\/2022\/12\/cropped-logo-cabecera-new.png","contentUrl":"https:\/\/tourtravelandmore.com\/wp-content\/uploads\/2022\/12\/cropped-logo-cabecera-new.png","width":430,"height":61,"caption":"Tour Travel And More"},"image":{"@id":"https:\/\/tourtravelandmore.com\/es\/#\/schema\/logo\/image\/"},"sameAs":["https:\/\/www.facebook.com\/tourtravelandmore\/","https:\/\/x.com\/TourTravel_More"]}]}},"_links":{"self":[{"href":"https:\/\/tourtravelandmore.com\/es\/wp-json\/wp\/v2\/product\/125463","targetHints":{"allow":["GET"]}}],"collection":[{"href":"https:\/\/tourtravelandmore.com\/es\/wp-json\/wp\/v2\/product"}],"about":[{"href":"https:\/\/tourtravelandmore.com\/es\/wp-json\/wp\/v2\/types\/product"}],"replies":[{"embeddable":true,"href":"https:\/\/tourtravelandmore.com\/es\/wp-json\/wp\/v2\/comments?post=125463"}],"wp:featuredmedia":[{"embeddable":true,"href":"https:\/\/tourtravelandmore.com\/es\/wp-json\/wp\/v2\/media\/125491"}],"wp:attachment":[{"href":"https:\/\/tourtravelandmore.com\/es\/wp-json\/wp\/v2\/media?parent=125463"}],"wp:term":[{"taxonomy":"product_brand","embeddable":true,"href":"https:\/\/tourtravelandmore.com\/es\/wp-json\/wp\/v2\/product_brand?post=125463"},{"taxonomy":"product_cat","embeddable":true,"href":"https:\/\/tourtravelandmore.com\/es\/wp-json\/wp\/v2\/product_cat?post=125463"},{"taxonomy":"product_tag","embeddable":true,"href":"https:\/\/tourtravelandmore.com\/es\/wp-json\/wp\/v2\/product_tag?post=125463"}],"curies":[{"name":"wp","href":"https:\/\/api.w.org\/{rel}","templated":true}]}}