{"id":125355,"date":"2022-05-09T18:50:35","date_gmt":"2022-05-09T16:50:36","guid":{"rendered":"https:\/\/tourtravelandmore.com\/?post_type=product&#038;p=125355"},"modified":"2023-09-22T09:47:49","modified_gmt":"2023-09-22T07:47:49","slug":"tour-privado-a-argolida-corinto-la-antigua-corinto-nauplia-micenas-y-epidauro-desde-atenas","status":"publish","type":"product","link":"https:\/\/tourtravelandmore.com\/es\/tours\/grecia-es\/atenas-es\/tour-privado-a-argolida-corinto-la-antigua-corinto-nauplia-micenas-y-epidauro-desde-atenas\/","title":{"rendered":"Tour privado a Arg\u00f3lida,  Corinto, la antigua Corinto, Nauplia, Micenas y Epidauro desde Atenas"},"content":{"rendered":"<h2><b>Descripci\u00f3n del Tour Privado a Arg\u00f3lida, Corinto, Nauplia, Micenas, Epidauro desde Atenas<\/b><\/h2>\n<p><span style=\"font-weight: 400;\">Nuestro exclusivo tour privado a Arg\u00f3lida, Corinto, Nauplia, Micenas, Epidauro desde Atenas ofrece la mejor experiencia para disfrutar de los sitios arqueol\u00f3gicos m\u00e1s famosos de Grecia. Conducidos por un experto gu\u00eda, visitar\u00e1s las ruinas de Corinto, la acr\u00f3polis de Atenas, el santuario de Poseid\u00f3n en Nauplia, las famosas murallas de Micenas y las ruinas de Epidauro. Durante el tour, podr\u00e1s experimentar el encanto y la historia de Grecia en todo su esplendor.<\/span><\/p>\n<p><span style=\"font-weight: 400;\">Las ruinas de Corinto son el testimonio de una ciudad que floreci\u00f3 durante la \u00e9poca cl\u00e1sica. Aqu\u00ed encontrar\u00e1s impresionantes restos de arquitectura, como el Templo de Apolo y el teatro, as\u00ed como diversas estructuras ligadas a la vida cotidiana de los antiguos corintios.<\/span><\/p>\n<p><span style=\"font-weight: 400;\">En Nauplia podr\u00e1s visitar el santuario de Poseid\u00f3n, uno de los lugares m\u00e1s importantes de la cultura griega. All\u00ed podr\u00e1s ver el templo donde se origin\u00f3 el or\u00e1culo de Delfos.<\/span><\/p>\n<p><span style=\"font-weight: 400;\">El santuario de Poseid\u00f3n fue construido en el siglo VI a.C., pero se destruy\u00f3 en el 480 a.C. durante la Guerra del Peloponeso. Fue reconstruido posteriormente, y hoy es posible visitarlo en Nauplia. En el interior del templo se encuentra una estatua de bronce de Poseid\u00f3n, y junto al templo hay un lago sagrado llamado B\u00f3sforo.<\/span><\/p>\n<h2><b>Puntos de inter\u00e9s en la visita privada a Arg\u00f3lida, Corinto, Nauplia, Micenas y Epidauro<\/b><\/h2>\n<p><span style=\"font-weight: 400;\">Primero le recogeremos en su hotel o lugar de partida en Atenas, su chofer y veh\u00edculo privado le llevar\u00e1n durante todo este tour exclusivo de 12 horas, el tour le incluye un gu\u00eda experto en la materia y entradas a los lugares m\u00e1s emblem\u00e1ticos de los tours.<\/span><\/p>\n<h3><b>Arg\u00f3lida<\/b><\/h3>\n<p><span style=\"font-weight: 400;\">Arg\u00f3lida es una regi\u00f3n de Grecia que se encuentra en la pen\u00ednsula del Peloponeso. Tiene una extensi\u00f3n de 2.328 km\u00b2 y una poblaci\u00f3n de aproximadamente 173.000 habitantes. La regi\u00f3n est\u00e1 dividida en tres partes: el \u00c1tica, la Arg\u00f3lida y el Epiro.<\/span><\/p>\n<h3><b>Corinto<\/b><\/h3>\n<p><span style=\"font-weight: 400;\">Corinto es una ciudad portuaria de Grecia en la regi\u00f3n de Macedonia Central. La ciudad est\u00e1 situada en el extremo norte de la pen\u00ednsula del Peloponeso, al otro lado del estrecho de Corinto. Seg\u00fan la leyenda, fue fundada por el hijo de Poseid\u00f3n, Trit\u00f3n.<\/span><\/p>\n<h3><b>Nauplia<\/b><\/h3>\n<p><span style=\"font-weight: 400;\">Nauplia es una ciudad griega ubicada en la regi\u00f3n de Tesalia. Es una ciudad hist\u00f3rica y tur\u00edstica, que cuenta con una gran cantidad de atractivos para los visitantes. Entre ellos se encuentran sus iglesias, su castillo y su museo. Adem\u00e1s, Nauplia es famosa por sus numerosas plazas y por sus hermosos edificios neocl\u00e1sicos<\/span><\/p>\n<h3><b>Micenas<\/b><\/h3>\n<p><span style=\"font-weight: 400;\">Si est\u00e1s pensando en viajar a Grecia, Micenas es una de las ciudades que no debes perderte. Fundada en el siglo XVIII a. C., Micenas es una de las ruinas arqueol\u00f3gicas m\u00e1s importantes de toda la regi\u00f3n. All\u00ed podr\u00e1s ver el famoso palacio de Agamen\u00f3n, as\u00ed como otros edificios y templos de la \u00e9poca.<\/span><\/p>\n<h3><b>Epidauro<\/b><\/h3>\n<p><span style=\"font-weight: 400;\">El Epidauro, situado en el sur de Grecia, es una de las atracciones tur\u00edsticas m\u00e1s visitadas. Su impresionante arquitectura, que data del siglo IV a. C., llama la atenci\u00f3n de miles de turistas cada a\u00f1o.<\/span><\/p>\n<p><span style=\"font-weight: 400;\">Las principales atracciones del Epidauro son la puerta de los leones, el templo de Apolo y el teatro.<\/span><\/p>\n<p><span style=\"font-weight: 400;\">Su gu\u00eda tur\u00edstico oficial, que es un excelente gu\u00eda y conocedor de tales lugares emblem\u00e1ticos, le explicar\u00e1 toda la historia y arquitectura de este lugar \u00fanico.<\/span><\/p>\n<p><span style=\"font-weight: 400;\">Al final del recorrido, su conductor privado lo llevar\u00e1 de regreso a su punto de partida en Atenas.<\/span><\/p>\n<p><span style=\"font-weight: 400;\">Si est\u00e1 buscando una experiencia de d\u00eda completo, eche un vistazo a <\/span><a href=\"https:\/\/tourtravelandmore.com\/es\/tours\/grecia-es\/atenas-es\/excursion-privado-de-dia-completo-en-delfos-desde-atenas\/\"><span style=\"font-weight: 400;\">nuestro tour privado de Delfos desde Atenas<\/span><\/a><span style=\"font-weight: 400;\">.<\/span><\/p>\n","protected":false},"excerpt":{"rendered":"<p><span style=\"font-weight: 400;\">\u00bfQuieres ver las maravillas de Grecia sin perderte ni un detalle? Con nuestro tour privado a Arg\u00f3lida, Corinto, la antigua Corinto, Nauplia, Micenas y Epidauro desde Atenas podr\u00e1s disfrutar de una experiencia inolvidable. Recorreremos las zonas m\u00e1s emblem\u00e1ticas de cada destino.<\/span><\/p>\n","protected":false},"featured_media":125371,"comment_status":"open","ping_status":"closed","template":"","meta":{"_acf_changed":false},"product_brand":[],"product_cat":[1251,1252,1253,1254],"product_tag":[],"class_list":{"0":"post-125355","1":"product","2":"type-product","3":"status-publish","4":"has-post-thumbnail","6":"product_cat-atenas-es","7":"product_cat-atenas-actividades-es","8":"product_cat-atenas-rutas-turisticas-privadas-es","9":"product_cat-atenas-excursiones-privadas-cruceros-es","11":"first","12":"instock","13":"shipping-taxable","14":"purchasable","15":"product-type-simple"},"acf":[],"yoast_head":"<!-- This site is optimized with the Yoast SEO Premium plugin v25.3.1 (Yoast SEO v25.3.1) - https:\/\/yoast.com\/wordpress\/plugins\/seo\/ -->\n<title>\u27a1\ufe0f Tour privado a Arg\u00f3lida, Corinto, la antigua Corinto, Nauplia y m\u00e1s | Tour Travel &amp; More<\/title>\n<meta name=\"description\" content=\"Disfrute de un tour privado en Atenas a las ruinas de la antigua Corinto, Arg\u00f3lida, Nauplia, Micenas y Epidauro. Viaje con seguridad y lujo con Tour Travel &amp; More \u2705\" \/>\n<meta name=\"robots\" content=\"index, follow, max-snippet:-1, max-image-preview:large, max-video-preview:-1\" \/>\n<link rel=\"canonical\" href=\"https:\/\/tourtravelandmore.com\/es\/tours\/grecia-es\/atenas-es\/tour-privado-a-argolida-corinto-la-antigua-corinto-nauplia-micenas-y-epidauro-desde-atenas\/\" \/>\n<meta property=\"og:locale\" content=\"es_ES\" \/>\n<meta property=\"og:type\" content=\"article\" \/>\n<meta property=\"og:title\" content=\"Tour privado a Arg\u00f3lida, Corinto, la antigua Corinto, Nauplia, Micenas y Epidauro desde Atenas\" \/>\n<meta property=\"og:description\" content=\"Disfrute de un tour privado en Atenas a las ruinas de la antigua Corinto, Arg\u00f3lida, Nauplia, Micenas y Epidauro. Viaje con seguridad y lujo con Tour Travel &amp; More \u2705\" \/>\n<meta property=\"og:url\" content=\"https:\/\/tourtravelandmore.com\/es\/tours\/grecia-es\/atenas-es\/tour-privado-a-argolida-corinto-la-antigua-corinto-nauplia-micenas-y-epidauro-desde-atenas\/\" \/>\n<meta property=\"og:site_name\" content=\"Tour Travel And More\" \/>\n<meta property=\"article:publisher\" content=\"https:\/\/www.facebook.com\/tourtravelandmore\/\" \/>\n<meta property=\"article:modified_time\" content=\"2023-09-22T07:47:49+00:00\" \/>\n<meta property=\"og:image\" content=\"https:\/\/tourtravelandmore.com\/wp-content\/uploads\/2022\/05\/image1-3.jpg\" \/>\n\t<meta property=\"og:image:width\" content=\"900\" \/>\n\t<meta property=\"og:image:height\" content=\"680\" \/>\n\t<meta property=\"og:image:type\" content=\"image\/jpeg\" \/>\n<meta name=\"twitter:card\" content=\"summary_large_image\" \/>\n<meta name=\"twitter:site\" content=\"@TourTravel_More\" \/>\n<meta name=\"twitter:label1\" content=\"Tiempo de lectura\" \/>\n\t<meta name=\"twitter:data1\" content=\"3 minutos\" \/>\n<script type=\"application\/ld+json\" class=\"yoast-schema-graph\">{\"@context\":\"https:\/\/schema.org\",\"@graph\":[{\"@type\":\"WebPage\",\"@id\":\"https:\/\/tourtravelandmore.com\/es\/tours\/grecia-es\/atenas-es\/tour-privado-a-argolida-corinto-la-antigua-corinto-nauplia-micenas-y-epidauro-desde-atenas\/\",\"url\":\"https:\/\/tourtravelandmore.com\/es\/tours\/grecia-es\/atenas-es\/tour-privado-a-argolida-corinto-la-antigua-corinto-nauplia-micenas-y-epidauro-desde-atenas\/\",\"name\":\"\u27a1\ufe0f Tour privado a Arg\u00f3lida, Corinto, la antigua Corinto, Nauplia y m\u00e1s | Tour Travel & More\",\"isPartOf\":{\"@id\":\"https:\/\/tourtravelandmore.com\/es\/#website\"},\"primaryImageOfPage\":{\"@id\":\"https:\/\/tourtravelandmore.com\/es\/tours\/grecia-es\/atenas-es\/tour-privado-a-argolida-corinto-la-antigua-corinto-nauplia-micenas-y-epidauro-desde-atenas\/#primaryimage\"},\"image\":{\"@id\":\"https:\/\/tourtravelandmore.com\/es\/tours\/grecia-es\/atenas-es\/tour-privado-a-argolida-corinto-la-antigua-corinto-nauplia-micenas-y-epidauro-desde-atenas\/#primaryimage\"},\"thumbnailUrl\":\"https:\/\/tourtravelandmore.com\/wp-content\/uploads\/2022\/05\/image1-3.jpg\",\"datePublished\":\"2022-05-09T16:50:36+00:00\",\"dateModified\":\"2023-09-22T07:47:49+00:00\",\"description\":\"Disfrute de un tour privado en Atenas a las ruinas de la antigua Corinto, Arg\u00f3lida, Nauplia, Micenas y Epidauro. Viaje con seguridad y lujo con Tour Travel & More \u2705\",\"breadcrumb\":{\"@id\":\"https:\/\/tourtravelandmore.com\/es\/tours\/grecia-es\/atenas-es\/tour-privado-a-argolida-corinto-la-antigua-corinto-nauplia-micenas-y-epidauro-desde-atenas\/#breadcrumb\"},\"inLanguage\":\"es\",\"potentialAction\":[{\"@type\":\"ReadAction\",\"target\":[\"https:\/\/tourtravelandmore.com\/es\/tours\/grecia-es\/atenas-es\/tour-privado-a-argolida-corinto-la-antigua-corinto-nauplia-micenas-y-epidauro-desde-atenas\/\"]}]},{\"@type\":\"ImageObject\",\"inLanguage\":\"es\",\"@id\":\"https:\/\/tourtravelandmore.com\/es\/tours\/grecia-es\/atenas-es\/tour-privado-a-argolida-corinto-la-antigua-corinto-nauplia-micenas-y-epidauro-desde-atenas\/#primaryimage\",\"url\":\"https:\/\/tourtravelandmore.com\/wp-content\/uploads\/2022\/05\/image1-3.jpg\",\"contentUrl\":\"https:\/\/tourtravelandmore.com\/wp-content\/uploads\/2022\/05\/image1-3.jpg\",\"width\":900,\"height\":680},{\"@type\":\"BreadcrumbList\",\"@id\":\"https:\/\/tourtravelandmore.com\/es\/tours\/grecia-es\/atenas-es\/tour-privado-a-argolida-corinto-la-antigua-corinto-nauplia-micenas-y-epidauro-desde-atenas\/#breadcrumb\",\"itemListElement\":[{\"@type\":\"ListItem\",\"position\":1,\"name\":\"Home\",\"item\":\"https:\/\/tourtravelandmore.com\/es\/\"},{\"@type\":\"ListItem\",\"position\":2,\"name\":\"Tours\",\"item\":\"https:\/\/tourtravelandmore.com\/es\/tours\/\"},{\"@type\":\"ListItem\",\"position\":3,\"name\":\"Tour privado a Arg\u00f3lida, Corinto, la antigua Corinto, Nauplia, Micenas y Epidauro desde Atenas\"}]},{\"@type\":\"WebSite\",\"@id\":\"https:\/\/tourtravelandmore.com\/es\/#website\",\"url\":\"https:\/\/tourtravelandmore.com\/es\/\",\"name\":\"Tour Travel And More\",\"description\":\"Private sightseeing tours and luxury transfers in Spain\",\"publisher\":{\"@id\":\"https:\/\/tourtravelandmore.com\/es\/#organization\"},\"potentialAction\":[{\"@type\":\"SearchAction\",\"target\":{\"@type\":\"EntryPoint\",\"urlTemplate\":\"https:\/\/tourtravelandmore.com\/es\/?s={search_term_string}\"},\"query-input\":{\"@type\":\"PropertyValueSpecification\",\"valueRequired\":true,\"valueName\":\"search_term_string\"}}],\"inLanguage\":\"es\"},{\"@type\":\"Organization\",\"@id\":\"https:\/\/tourtravelandmore.com\/es\/#organization\",\"name\":\"Tour Travel And More\",\"url\":\"https:\/\/tourtravelandmore.com\/es\/\",\"logo\":{\"@type\":\"ImageObject\",\"inLanguage\":\"es\",\"@id\":\"https:\/\/tourtravelandmore.com\/es\/#\/schema\/logo\/image\/\",\"url\":\"https:\/\/tourtravelandmore.com\/wp-content\/uploads\/2022\/12\/cropped-logo-cabecera-new.png\",\"contentUrl\":\"https:\/\/tourtravelandmore.com\/wp-content\/uploads\/2022\/12\/cropped-logo-cabecera-new.png\",\"width\":430,\"height\":61,\"caption\":\"Tour Travel And More\"},\"image\":{\"@id\":\"https:\/\/tourtravelandmore.com\/es\/#\/schema\/logo\/image\/\"},\"sameAs\":[\"https:\/\/www.facebook.com\/tourtravelandmore\/\",\"https:\/\/x.com\/TourTravel_More\"]}]}<\/script>\n<!-- \/ Yoast SEO Premium plugin. -->","yoast_head_json":{"title":"\u27a1\ufe0f Tour privado a Arg\u00f3lida, Corinto, la antigua Corinto, Nauplia y m\u00e1s | Tour Travel & More","description":"Disfrute de un tour privado en Atenas a las ruinas de la antigua Corinto, Arg\u00f3lida, Nauplia, Micenas y Epidauro. Viaje con seguridad y lujo con Tour Travel & More \u2705","robots":{"index":"index","follow":"follow","max-snippet":"max-snippet:-1","max-image-preview":"max-image-preview:large","max-video-preview":"max-video-preview:-1"},"canonical":"https:\/\/tourtravelandmore.com\/es\/tours\/grecia-es\/atenas-es\/tour-privado-a-argolida-corinto-la-antigua-corinto-nauplia-micenas-y-epidauro-desde-atenas\/","og_locale":"es_ES","og_type":"article","og_title":"Tour privado a Arg\u00f3lida, Corinto, la antigua Corinto, Nauplia, Micenas y Epidauro desde Atenas","og_description":"Disfrute de un tour privado en Atenas a las ruinas de la antigua Corinto, Arg\u00f3lida, Nauplia, Micenas y Epidauro. Viaje con seguridad y lujo con Tour Travel & More \u2705","og_url":"https:\/\/tourtravelandmore.com\/es\/tours\/grecia-es\/atenas-es\/tour-privado-a-argolida-corinto-la-antigua-corinto-nauplia-micenas-y-epidauro-desde-atenas\/","og_site_name":"Tour Travel And More","article_publisher":"https:\/\/www.facebook.com\/tourtravelandmore\/","article_modified_time":"2023-09-22T07:47:49+00:00","og_image":[{"width":900,"height":680,"url":"https:\/\/tourtravelandmore.com\/wp-content\/uploads\/2022\/05\/image1-3.jpg","type":"image\/jpeg"}],"twitter_card":"summary_large_image","twitter_site":"@TourTravel_More","twitter_misc":{"Tiempo de lectura":"3 minutos"},"schema":{"@context":"https:\/\/schema.org","@graph":[{"@type":"WebPage","@id":"https:\/\/tourtravelandmore.com\/es\/tours\/grecia-es\/atenas-es\/tour-privado-a-argolida-corinto-la-antigua-corinto-nauplia-micenas-y-epidauro-desde-atenas\/","url":"https:\/\/tourtravelandmore.com\/es\/tours\/grecia-es\/atenas-es\/tour-privado-a-argolida-corinto-la-antigua-corinto-nauplia-micenas-y-epidauro-desde-atenas\/","name":"\u27a1\ufe0f Tour privado a Arg\u00f3lida, Corinto, la antigua Corinto, Nauplia y m\u00e1s | Tour Travel & More","isPartOf":{"@id":"https:\/\/tourtravelandmore.com\/es\/#website"},"primaryImageOfPage":{"@id":"https:\/\/tourtravelandmore.com\/es\/tours\/grecia-es\/atenas-es\/tour-privado-a-argolida-corinto-la-antigua-corinto-nauplia-micenas-y-epidauro-desde-atenas\/#primaryimage"},"image":{"@id":"https:\/\/tourtravelandmore.com\/es\/tours\/grecia-es\/atenas-es\/tour-privado-a-argolida-corinto-la-antigua-corinto-nauplia-micenas-y-epidauro-desde-atenas\/#primaryimage"},"thumbnailUrl":"https:\/\/tourtravelandmore.com\/wp-content\/uploads\/2022\/05\/image1-3.jpg","datePublished":"2022-05-09T16:50:36+00:00","dateModified":"2023-09-22T07:47:49+00:00","description":"Disfrute de un tour privado en Atenas a las ruinas de la antigua Corinto, Arg\u00f3lida, Nauplia, Micenas y Epidauro. Viaje con seguridad y lujo con Tour Travel & More \u2705","breadcrumb":{"@id":"https:\/\/tourtravelandmore.com\/es\/tours\/grecia-es\/atenas-es\/tour-privado-a-argolida-corinto-la-antigua-corinto-nauplia-micenas-y-epidauro-desde-atenas\/#breadcrumb"},"inLanguage":"es","potentialAction":[{"@type":"ReadAction","target":["https:\/\/tourtravelandmore.com\/es\/tours\/grecia-es\/atenas-es\/tour-privado-a-argolida-corinto-la-antigua-corinto-nauplia-micenas-y-epidauro-desde-atenas\/"]}]},{"@type":"ImageObject","inLanguage":"es","@id":"https:\/\/tourtravelandmore.com\/es\/tours\/grecia-es\/atenas-es\/tour-privado-a-argolida-corinto-la-antigua-corinto-nauplia-micenas-y-epidauro-desde-atenas\/#primaryimage","url":"https:\/\/tourtravelandmore.com\/wp-content\/uploads\/2022\/05\/image1-3.jpg","contentUrl":"https:\/\/tourtravelandmore.com\/wp-content\/uploads\/2022\/05\/image1-3.jpg","width":900,"height":680},{"@type":"BreadcrumbList","@id":"https:\/\/tourtravelandmore.com\/es\/tours\/grecia-es\/atenas-es\/tour-privado-a-argolida-corinto-la-antigua-corinto-nauplia-micenas-y-epidauro-desde-atenas\/#breadcrumb","itemListElement":[{"@type":"ListItem","position":1,"name":"Home","item":"https:\/\/tourtravelandmore.com\/es\/"},{"@type":"ListItem","position":2,"name":"Tours","item":"https:\/\/tourtravelandmore.com\/es\/tours\/"},{"@type":"ListItem","position":3,"name":"Tour privado a Arg\u00f3lida, Corinto, la antigua Corinto, Nauplia, Micenas y Epidauro desde Atenas"}]},{"@type":"WebSite","@id":"https:\/\/tourtravelandmore.com\/es\/#website","url":"https:\/\/tourtravelandmore.com\/es\/","name":"Tour Travel And More","description":"Private sightseeing tours and luxury transfers in Spain","publisher":{"@id":"https:\/\/tourtravelandmore.com\/es\/#organization"},"potentialAction":[{"@type":"SearchAction","target":{"@type":"EntryPoint","urlTemplate":"https:\/\/tourtravelandmore.com\/es\/?s={search_term_string}"},"query-input":{"@type":"PropertyValueSpecification","valueRequired":true,"valueName":"search_term_string"}}],"inLanguage":"es"},{"@type":"Organization","@id":"https:\/\/tourtravelandmore.com\/es\/#organization","name":"Tour Travel And More","url":"https:\/\/tourtravelandmore.com\/es\/","logo":{"@type":"ImageObject","inLanguage":"es","@id":"https:\/\/tourtravelandmore.com\/es\/#\/schema\/logo\/image\/","url":"https:\/\/tourtravelandmore.com\/wp-content\/uploads\/2022\/12\/cropped-logo-cabecera-new.png","contentUrl":"https:\/\/tourtravelandmore.com\/wp-content\/uploads\/2022\/12\/cropped-logo-cabecera-new.png","width":430,"height":61,"caption":"Tour Travel And More"},"image":{"@id":"https:\/\/tourtravelandmore.com\/es\/#\/schema\/logo\/image\/"},"sameAs":["https:\/\/www.facebook.com\/tourtravelandmore\/","https:\/\/x.com\/TourTravel_More"]}]}},"_links":{"self":[{"href":"https:\/\/tourtravelandmore.com\/es\/wp-json\/wp\/v2\/product\/125355","targetHints":{"allow":["GET"]}}],"collection":[{"href":"https:\/\/tourtravelandmore.com\/es\/wp-json\/wp\/v2\/product"}],"about":[{"href":"https:\/\/tourtravelandmore.com\/es\/wp-json\/wp\/v2\/types\/product"}],"replies":[{"embeddable":true,"href":"https:\/\/tourtravelandmore.com\/es\/wp-json\/wp\/v2\/comments?post=125355"}],"wp:featuredmedia":[{"embeddable":true,"href":"https:\/\/tourtravelandmore.com\/es\/wp-json\/wp\/v2\/media\/125371"}],"wp:attachment":[{"href":"https:\/\/tourtravelandmore.com\/es\/wp-json\/wp\/v2\/media?parent=125355"}],"wp:term":[{"taxonomy":"product_brand","embeddable":true,"href":"https:\/\/tourtravelandmore.com\/es\/wp-json\/wp\/v2\/product_brand?post=125355"},{"taxonomy":"product_cat","embeddable":true,"href":"https:\/\/tourtravelandmore.com\/es\/wp-json\/wp\/v2\/product_cat?post=125355"},{"taxonomy":"product_tag","embeddable":true,"href":"https:\/\/tourtravelandmore.com\/es\/wp-json\/wp\/v2\/product_tag?post=125355"}],"curies":[{"name":"wp","href":"https:\/\/api.w.org\/{rel}","templated":true}]}}