{"id":125320,"date":"2022-05-09T18:34:33","date_gmt":"2022-05-09T16:34:34","guid":{"rendered":"https:\/\/tourtravelandmore.com\/?post_type=product&#038;p=125320"},"modified":"2023-09-22T10:07:27","modified_gmt":"2023-09-22T08:07:27","slug":"excursion-privada-a-nauplia-y-cata-de-vinos-desde-atenas","status":"publish","type":"product","link":"https:\/\/tourtravelandmore.com\/es\/tours\/grecia-es\/atenas-es\/excursion-privada-a-nauplia-y-cata-de-vinos-desde-atenas\/","title":{"rendered":"Excursi\u00f3n privada a Nauplia y cata de vinos desde Atenas"},"content":{"rendered":"<h2><b>Descripci\u00f3n de la excursi\u00f3n privada a Nauplia y la cata de vinos<\/b><\/h2>\n<p><span style=\"font-weight: 400;\">Este es un Tour Privado desde Atenas\u00a0 a Nauplia completamente personalizado. Descubrir\u00e1s este hermoso lugar y sus lugares m\u00e1s emblem\u00e1ticos con tu conductor privado.<\/span><\/p>\n<p><span style=\"font-weight: 400;\">Disfrute de una Cata de vinos en Nauplia, le llevaremos a una bodega donde crecen y producen uno de los mejores vinos de toda Grecia.<\/span><\/p>\n<p><span style=\"font-weight: 400;\">Disfrute de la flexibilidad de este tour donde podemos enfocarnos en los sitios que m\u00e1s le interesan. Durante su recorrido su conductor lo llevar\u00e1 a los mejores lugares de la ciudad para que tome las mejores fotograf\u00edas.<\/span><\/p>\n<h2><b>Puntos de inter\u00e9s en la excursi\u00f3n privada a Nauplia y la Cata de Vinos<\/b><\/h2>\n<p><span style=\"font-weight: 400;\">En primer lugar, su chofer privado le recoger\u00e1 en su hotel o punto de elecci\u00f3n en Atenas para comenzar con esta excursi\u00f3n privada de 8 horas a la Belleza de Nauplia, le incluye entradas al lugar de cata de vinos. Ser\u00e1 una experiencia que jam\u00e1s podr\u00e1 olvidar.<\/span><\/p>\n<h3><span style=\"color: #d3af37;\"><b>Nauplia<\/b><\/span><\/h3>\n<p><span style=\"font-weight: 400;\">Napfilio es una ciudad ubicada en Grecia, que cuenta con una gran cantidad de lugares de inter\u00e9s tur\u00edstico. Entre ellos, se encuentran el teatro griego, las ruinas de la ciudad antigua y el palacio real. Adem\u00e1s, Napfilio es una ciudad costera, lo que la hace a\u00fan m\u00e1s atractiva para los turistas.<\/span><\/p>\n<p><span style=\"font-weight: 400;\">Le daremos un tiempo para que pueda comer o almorzar en un restaurante t\u00edpico de la zona, pregunte por nuestras recomendaciones.<\/span><\/p>\n<h3><span style=\"color: #d3af37;\"><b>Cata de Vinos en Nauplia<\/b><\/span><\/h3>\n<p><span style=\"font-weight: 400;\">La cata de vinos en Nauplia es una experiencia \u00fanica que no te puedes perder. Disfruta de una tarde en compa\u00f1\u00eda de un sommelier experimentado que te guiar\u00e1 a trav\u00e9s de las cinco etapas de la cata: visualizaci\u00f3n, olfato, degustaci\u00f3n, an\u00e1lisis y conclusi\u00f3n. Aprender\u00e1s a distinguir los diversos aromas y sabores de los vinos, y a valorar su calidad<\/span><\/p>\n<p><span style=\"font-weight: 400;\">Adem\u00e1s, descubrir\u00e1s la historia y las caracter\u00edsticas de cada uno de los vinos que se presentan en la cata.<\/span><\/p>\n<p><span style=\"font-weight: 400;\">La cata de vinos en Nauplia es una experiencia inolvidable que te permitir\u00e1 conocer mejor el mundo de los vinos y apreciar su diversidad.<\/span><\/p>\n<p><span style=\"font-weight: 400;\">Finalmente, al finalizar su recorrido, su conductor lo llevar\u00e1 de regreso a su punto de partida en Atenas.<\/span><\/p>\n<p><span style=\"font-weight: 400;\">En caso de que desee incluir entradas a alg\u00fan monumento o museo, h\u00e1ganoslo saber y lo gestionaremos por usted. Este es un ejemplo de un recorrido de 8 horas, pero en caso de que lo prefiera podemos incluir m\u00e1s horas a su experiencia.<\/span><\/p>\n<p><span style=\"font-weight: 400;\">El recorrido es totalmente personalizable. Comun\u00edquese con nosotros para hacer de su recorrido una experiencia \u00fanica y ayudarlo a organizar su recorrido privado a su conveniencia.<\/span><\/p>\n<p><span style=\"font-weight: 400;\">Si, por otra parte, desea conocer m\u00e1s de Grecia, no olvide visitar uno de nuestros <\/span><a href=\"https:\/\/tourtravelandmore.com\/es\/ciudad\/grecia-es\/atenas-es\/#shop\/\"><span style=\"font-weight: 400;\">tours privados en Atenas.<\/span><\/a><\/p>\n","protected":false},"excerpt":{"rendered":"<p><span style=\"font-weight: 400;\">\u00bfTe gustar\u00eda descubrir Nauplia en una excursi\u00f3n privada? \u00a1Con Tour Travel &amp; More puedes! Nuestros tours privados son la mejor forma de visitar este hermoso destino. Adem\u00e1s, podr\u00e1s disfrutar de una cata de vinos en una bodega local. \u00a1No te lo pierdas!<\/span><\/p>\n","protected":false},"featured_media":125345,"comment_status":"open","ping_status":"closed","template":"","meta":{"_acf_changed":false},"product_brand":[],"product_cat":[1251,1252,1253,1254],"product_tag":[],"class_list":{"0":"post-125320","1":"product","2":"type-product","3":"status-publish","4":"has-post-thumbnail","6":"product_cat-atenas-es","7":"product_cat-atenas-actividades-es","8":"product_cat-atenas-rutas-turisticas-privadas-es","9":"product_cat-atenas-excursiones-privadas-cruceros-es","11":"first","12":"instock","13":"shipping-taxable","14":"purchasable","15":"product-type-simple"},"acf":[],"yoast_head":"<!-- This site is optimized with the Yoast SEO Premium plugin v25.3.1 (Yoast SEO v25.3.1) - https:\/\/yoast.com\/wordpress\/plugins\/seo\/ -->\n<title>\u27a1\ufe0f Tour privado de Nauplia y cata de vinos desde Atenas | Tour Travle &amp; More<\/title>\n<meta name=\"description\" content=\"Descubra la espl\u00e9ndida ciudad de Nauplia en una excursi\u00f3n privada, cata de vinos completa con gu\u00eda. Conoce la historia de esta ciudad hist\u00f3rica acompa\u00f1ado por un experto en la materia \u2705\" \/>\n<meta name=\"robots\" content=\"index, follow, max-snippet:-1, max-image-preview:large, max-video-preview:-1\" \/>\n<link rel=\"canonical\" href=\"https:\/\/tourtravelandmore.com\/es\/tours\/grecia-es\/atenas-es\/excursion-privada-a-nauplia-y-cata-de-vinos-desde-atenas\/\" \/>\n<meta property=\"og:locale\" content=\"es_ES\" \/>\n<meta property=\"og:type\" content=\"article\" \/>\n<meta property=\"og:title\" content=\"Excursi\u00f3n privada a Nauplia y cata de vinos desde Atenas\" \/>\n<meta property=\"og:description\" content=\"Descubra la espl\u00e9ndida ciudad de Nauplia en una excursi\u00f3n privada, cata de vinos completa con gu\u00eda. Conoce la historia de esta ciudad hist\u00f3rica acompa\u00f1ado por un experto en la materia \u2705\" \/>\n<meta property=\"og:url\" content=\"https:\/\/tourtravelandmore.com\/es\/tours\/grecia-es\/atenas-es\/excursion-privada-a-nauplia-y-cata-de-vinos-desde-atenas\/\" \/>\n<meta property=\"og:site_name\" content=\"Tour Travel And More\" \/>\n<meta property=\"article:publisher\" content=\"https:\/\/www.facebook.com\/tourtravelandmore\/\" \/>\n<meta property=\"article:modified_time\" content=\"2023-09-22T08:07:27+00:00\" \/>\n<meta property=\"og:image\" content=\"https:\/\/tourtravelandmore.com\/wp-content\/uploads\/2022\/05\/image4-2.jpg\" \/>\n\t<meta property=\"og:image:width\" content=\"900\" \/>\n\t<meta property=\"og:image:height\" content=\"680\" \/>\n\t<meta property=\"og:image:type\" content=\"image\/jpeg\" \/>\n<meta name=\"twitter:card\" content=\"summary_large_image\" \/>\n<meta name=\"twitter:site\" content=\"@TourTravel_More\" \/>\n<meta name=\"twitter:label1\" content=\"Tiempo de lectura\" \/>\n\t<meta name=\"twitter:data1\" content=\"2 minutos\" \/>\n<script type=\"application\/ld+json\" class=\"yoast-schema-graph\">{\"@context\":\"https:\/\/schema.org\",\"@graph\":[{\"@type\":\"WebPage\",\"@id\":\"https:\/\/tourtravelandmore.com\/es\/tours\/grecia-es\/atenas-es\/excursion-privada-a-nauplia-y-cata-de-vinos-desde-atenas\/\",\"url\":\"https:\/\/tourtravelandmore.com\/es\/tours\/grecia-es\/atenas-es\/excursion-privada-a-nauplia-y-cata-de-vinos-desde-atenas\/\",\"name\":\"\u27a1\ufe0f Tour privado de Nauplia y cata de vinos desde Atenas | Tour Travle & More\",\"isPartOf\":{\"@id\":\"https:\/\/tourtravelandmore.com\/es\/#website\"},\"primaryImageOfPage\":{\"@id\":\"https:\/\/tourtravelandmore.com\/es\/tours\/grecia-es\/atenas-es\/excursion-privada-a-nauplia-y-cata-de-vinos-desde-atenas\/#primaryimage\"},\"image\":{\"@id\":\"https:\/\/tourtravelandmore.com\/es\/tours\/grecia-es\/atenas-es\/excursion-privada-a-nauplia-y-cata-de-vinos-desde-atenas\/#primaryimage\"},\"thumbnailUrl\":\"https:\/\/tourtravelandmore.com\/wp-content\/uploads\/2022\/05\/image4-2.jpg\",\"datePublished\":\"2022-05-09T16:34:34+00:00\",\"dateModified\":\"2023-09-22T08:07:27+00:00\",\"description\":\"Descubra la espl\u00e9ndida ciudad de Nauplia en una excursi\u00f3n privada, cata de vinos completa con gu\u00eda. Conoce la historia de esta ciudad hist\u00f3rica acompa\u00f1ado por un experto en la materia \u2705\",\"breadcrumb\":{\"@id\":\"https:\/\/tourtravelandmore.com\/es\/tours\/grecia-es\/atenas-es\/excursion-privada-a-nauplia-y-cata-de-vinos-desde-atenas\/#breadcrumb\"},\"inLanguage\":\"es\",\"potentialAction\":[{\"@type\":\"ReadAction\",\"target\":[\"https:\/\/tourtravelandmore.com\/es\/tours\/grecia-es\/atenas-es\/excursion-privada-a-nauplia-y-cata-de-vinos-desde-atenas\/\"]}]},{\"@type\":\"ImageObject\",\"inLanguage\":\"es\",\"@id\":\"https:\/\/tourtravelandmore.com\/es\/tours\/grecia-es\/atenas-es\/excursion-privada-a-nauplia-y-cata-de-vinos-desde-atenas\/#primaryimage\",\"url\":\"https:\/\/tourtravelandmore.com\/wp-content\/uploads\/2022\/05\/image4-2.jpg\",\"contentUrl\":\"https:\/\/tourtravelandmore.com\/wp-content\/uploads\/2022\/05\/image4-2.jpg\",\"width\":900,\"height\":680},{\"@type\":\"BreadcrumbList\",\"@id\":\"https:\/\/tourtravelandmore.com\/es\/tours\/grecia-es\/atenas-es\/excursion-privada-a-nauplia-y-cata-de-vinos-desde-atenas\/#breadcrumb\",\"itemListElement\":[{\"@type\":\"ListItem\",\"position\":1,\"name\":\"Home\",\"item\":\"https:\/\/tourtravelandmore.com\/es\/\"},{\"@type\":\"ListItem\",\"position\":2,\"name\":\"Tours\",\"item\":\"https:\/\/tourtravelandmore.com\/es\/tours\/\"},{\"@type\":\"ListItem\",\"position\":3,\"name\":\"Excursi\u00f3n privada a Nauplia y cata de vinos desde Atenas\"}]},{\"@type\":\"WebSite\",\"@id\":\"https:\/\/tourtravelandmore.com\/es\/#website\",\"url\":\"https:\/\/tourtravelandmore.com\/es\/\",\"name\":\"Tour Travel And More\",\"description\":\"Private sightseeing tours and luxury transfers in Spain\",\"publisher\":{\"@id\":\"https:\/\/tourtravelandmore.com\/es\/#organization\"},\"potentialAction\":[{\"@type\":\"SearchAction\",\"target\":{\"@type\":\"EntryPoint\",\"urlTemplate\":\"https:\/\/tourtravelandmore.com\/es\/?s={search_term_string}\"},\"query-input\":{\"@type\":\"PropertyValueSpecification\",\"valueRequired\":true,\"valueName\":\"search_term_string\"}}],\"inLanguage\":\"es\"},{\"@type\":\"Organization\",\"@id\":\"https:\/\/tourtravelandmore.com\/es\/#organization\",\"name\":\"Tour Travel And More\",\"url\":\"https:\/\/tourtravelandmore.com\/es\/\",\"logo\":{\"@type\":\"ImageObject\",\"inLanguage\":\"es\",\"@id\":\"https:\/\/tourtravelandmore.com\/es\/#\/schema\/logo\/image\/\",\"url\":\"https:\/\/tourtravelandmore.com\/wp-content\/uploads\/2022\/12\/cropped-logo-cabecera-new.png\",\"contentUrl\":\"https:\/\/tourtravelandmore.com\/wp-content\/uploads\/2022\/12\/cropped-logo-cabecera-new.png\",\"width\":430,\"height\":61,\"caption\":\"Tour Travel And More\"},\"image\":{\"@id\":\"https:\/\/tourtravelandmore.com\/es\/#\/schema\/logo\/image\/\"},\"sameAs\":[\"https:\/\/www.facebook.com\/tourtravelandmore\/\",\"https:\/\/x.com\/TourTravel_More\"]}]}<\/script>\n<!-- \/ Yoast SEO Premium plugin. -->","yoast_head_json":{"title":"\u27a1\ufe0f Tour privado de Nauplia y cata de vinos desde Atenas | Tour Travle & More","description":"Descubra la espl\u00e9ndida ciudad de Nauplia en una excursi\u00f3n privada, cata de vinos completa con gu\u00eda. Conoce la historia de esta ciudad hist\u00f3rica acompa\u00f1ado por un experto en la materia \u2705","robots":{"index":"index","follow":"follow","max-snippet":"max-snippet:-1","max-image-preview":"max-image-preview:large","max-video-preview":"max-video-preview:-1"},"canonical":"https:\/\/tourtravelandmore.com\/es\/tours\/grecia-es\/atenas-es\/excursion-privada-a-nauplia-y-cata-de-vinos-desde-atenas\/","og_locale":"es_ES","og_type":"article","og_title":"Excursi\u00f3n privada a Nauplia y cata de vinos desde Atenas","og_description":"Descubra la espl\u00e9ndida ciudad de Nauplia en una excursi\u00f3n privada, cata de vinos completa con gu\u00eda. Conoce la historia de esta ciudad hist\u00f3rica acompa\u00f1ado por un experto en la materia \u2705","og_url":"https:\/\/tourtravelandmore.com\/es\/tours\/grecia-es\/atenas-es\/excursion-privada-a-nauplia-y-cata-de-vinos-desde-atenas\/","og_site_name":"Tour Travel And More","article_publisher":"https:\/\/www.facebook.com\/tourtravelandmore\/","article_modified_time":"2023-09-22T08:07:27+00:00","og_image":[{"width":900,"height":680,"url":"https:\/\/tourtravelandmore.com\/wp-content\/uploads\/2022\/05\/image4-2.jpg","type":"image\/jpeg"}],"twitter_card":"summary_large_image","twitter_site":"@TourTravel_More","twitter_misc":{"Tiempo de lectura":"2 minutos"},"schema":{"@context":"https:\/\/schema.org","@graph":[{"@type":"WebPage","@id":"https:\/\/tourtravelandmore.com\/es\/tours\/grecia-es\/atenas-es\/excursion-privada-a-nauplia-y-cata-de-vinos-desde-atenas\/","url":"https:\/\/tourtravelandmore.com\/es\/tours\/grecia-es\/atenas-es\/excursion-privada-a-nauplia-y-cata-de-vinos-desde-atenas\/","name":"\u27a1\ufe0f Tour privado de Nauplia y cata de vinos desde Atenas | Tour Travle & More","isPartOf":{"@id":"https:\/\/tourtravelandmore.com\/es\/#website"},"primaryImageOfPage":{"@id":"https:\/\/tourtravelandmore.com\/es\/tours\/grecia-es\/atenas-es\/excursion-privada-a-nauplia-y-cata-de-vinos-desde-atenas\/#primaryimage"},"image":{"@id":"https:\/\/tourtravelandmore.com\/es\/tours\/grecia-es\/atenas-es\/excursion-privada-a-nauplia-y-cata-de-vinos-desde-atenas\/#primaryimage"},"thumbnailUrl":"https:\/\/tourtravelandmore.com\/wp-content\/uploads\/2022\/05\/image4-2.jpg","datePublished":"2022-05-09T16:34:34+00:00","dateModified":"2023-09-22T08:07:27+00:00","description":"Descubra la espl\u00e9ndida ciudad de Nauplia en una excursi\u00f3n privada, cata de vinos completa con gu\u00eda. Conoce la historia de esta ciudad hist\u00f3rica acompa\u00f1ado por un experto en la materia \u2705","breadcrumb":{"@id":"https:\/\/tourtravelandmore.com\/es\/tours\/grecia-es\/atenas-es\/excursion-privada-a-nauplia-y-cata-de-vinos-desde-atenas\/#breadcrumb"},"inLanguage":"es","potentialAction":[{"@type":"ReadAction","target":["https:\/\/tourtravelandmore.com\/es\/tours\/grecia-es\/atenas-es\/excursion-privada-a-nauplia-y-cata-de-vinos-desde-atenas\/"]}]},{"@type":"ImageObject","inLanguage":"es","@id":"https:\/\/tourtravelandmore.com\/es\/tours\/grecia-es\/atenas-es\/excursion-privada-a-nauplia-y-cata-de-vinos-desde-atenas\/#primaryimage","url":"https:\/\/tourtravelandmore.com\/wp-content\/uploads\/2022\/05\/image4-2.jpg","contentUrl":"https:\/\/tourtravelandmore.com\/wp-content\/uploads\/2022\/05\/image4-2.jpg","width":900,"height":680},{"@type":"BreadcrumbList","@id":"https:\/\/tourtravelandmore.com\/es\/tours\/grecia-es\/atenas-es\/excursion-privada-a-nauplia-y-cata-de-vinos-desde-atenas\/#breadcrumb","itemListElement":[{"@type":"ListItem","position":1,"name":"Home","item":"https:\/\/tourtravelandmore.com\/es\/"},{"@type":"ListItem","position":2,"name":"Tours","item":"https:\/\/tourtravelandmore.com\/es\/tours\/"},{"@type":"ListItem","position":3,"name":"Excursi\u00f3n privada a Nauplia y cata de vinos desde Atenas"}]},{"@type":"WebSite","@id":"https:\/\/tourtravelandmore.com\/es\/#website","url":"https:\/\/tourtravelandmore.com\/es\/","name":"Tour Travel And More","description":"Private sightseeing tours and luxury transfers in Spain","publisher":{"@id":"https:\/\/tourtravelandmore.com\/es\/#organization"},"potentialAction":[{"@type":"SearchAction","target":{"@type":"EntryPoint","urlTemplate":"https:\/\/tourtravelandmore.com\/es\/?s={search_term_string}"},"query-input":{"@type":"PropertyValueSpecification","valueRequired":true,"valueName":"search_term_string"}}],"inLanguage":"es"},{"@type":"Organization","@id":"https:\/\/tourtravelandmore.com\/es\/#organization","name":"Tour Travel And More","url":"https:\/\/tourtravelandmore.com\/es\/","logo":{"@type":"ImageObject","inLanguage":"es","@id":"https:\/\/tourtravelandmore.com\/es\/#\/schema\/logo\/image\/","url":"https:\/\/tourtravelandmore.com\/wp-content\/uploads\/2022\/12\/cropped-logo-cabecera-new.png","contentUrl":"https:\/\/tourtravelandmore.com\/wp-content\/uploads\/2022\/12\/cropped-logo-cabecera-new.png","width":430,"height":61,"caption":"Tour Travel And More"},"image":{"@id":"https:\/\/tourtravelandmore.com\/es\/#\/schema\/logo\/image\/"},"sameAs":["https:\/\/www.facebook.com\/tourtravelandmore\/","https:\/\/x.com\/TourTravel_More"]}]}},"_links":{"self":[{"href":"https:\/\/tourtravelandmore.com\/es\/wp-json\/wp\/v2\/product\/125320","targetHints":{"allow":["GET"]}}],"collection":[{"href":"https:\/\/tourtravelandmore.com\/es\/wp-json\/wp\/v2\/product"}],"about":[{"href":"https:\/\/tourtravelandmore.com\/es\/wp-json\/wp\/v2\/types\/product"}],"replies":[{"embeddable":true,"href":"https:\/\/tourtravelandmore.com\/es\/wp-json\/wp\/v2\/comments?post=125320"}],"wp:featuredmedia":[{"embeddable":true,"href":"https:\/\/tourtravelandmore.com\/es\/wp-json\/wp\/v2\/media\/125345"}],"wp:attachment":[{"href":"https:\/\/tourtravelandmore.com\/es\/wp-json\/wp\/v2\/media?parent=125320"}],"wp:term":[{"taxonomy":"product_brand","embeddable":true,"href":"https:\/\/tourtravelandmore.com\/es\/wp-json\/wp\/v2\/product_brand?post=125320"},{"taxonomy":"product_cat","embeddable":true,"href":"https:\/\/tourtravelandmore.com\/es\/wp-json\/wp\/v2\/product_cat?post=125320"},{"taxonomy":"product_tag","embeddable":true,"href":"https:\/\/tourtravelandmore.com\/es\/wp-json\/wp\/v2\/product_tag?post=125320"}],"curies":[{"name":"wp","href":"https:\/\/api.w.org\/{rel}","templated":true}]}}