{"id":125285,"date":"2022-05-09T18:00:39","date_gmt":"2022-05-09T16:00:40","guid":{"rendered":"https:\/\/tourtravelandmore.com\/?post_type=product&#038;p=125285"},"modified":"2023-09-22T09:52:39","modified_gmt":"2023-09-22T07:52:39","slug":"excursion-privada-a-arajova-y-delfos-desde-atenas","status":"publish","type":"product","link":"https:\/\/tourtravelandmore.com\/es\/tours\/grecia-es\/atenas-es\/excursion-privada-a-arajova-y-delfos-desde-atenas\/","title":{"rendered":"Excursi\u00f3n privada a Ar\u00e1jova y Delfos desde Atenas"},"content":{"rendered":"<h2><b>Descripci\u00f3n de la excursi\u00f3n privada a Ar\u00e1jova y Delfos desde Atenas<\/b><\/h2>\n<p><span style=\"font-weight: 400;\">Ar\u00e1jova es un pueblo situado a unos 150 kil\u00f3metros al noroeste de Atenas, en las monta\u00f1as Parnaso. Es una excelente opci\u00f3n para pasar un d\u00eda fuera de la ciudad, ya que ofrece preciosas vistas, buen clima y una amplia variedad de restaurantes y tiendas.<\/span><\/p>\n<p><span style=\"font-weight: 400;\">Delfos es el lugar donde naci\u00f3 la civilizaci\u00f3n griega y se encuentra a unos 180 kil\u00f3metros de Atenas. Hoy en d\u00eda es uno de los sitios m\u00e1s importantes del mundo por su historia y arquitectura.<\/span><\/p>\n<p><span style=\"font-weight: 400;\">Delfos es un sitio arqueol\u00f3gico de Grecia, ubicado en la pen\u00ednsula del Peloponeso, fue declarado Patrimonio de la Humanidad por la Unesco en 1987. La ciudad de Delfos se encuentra en la ladera de una monta\u00f1a y est\u00e1 rodeada por un anfiteatro de colinas.<\/span><\/p>\n<p><span style=\"font-weight: 400;\">Si est\u00e1s en Atenas no puedes perderte este tour privado a estos dos sitios tan relevantes que marcaron un antes y un despu\u00e9s en la cultura Griega.<\/span><\/p>\n<h2><b>Puntos de inter\u00e9s en el tour privado a Ar\u00e1jova y Delfos desde Atenas<\/b><\/h2>\n<p><span style=\"font-weight: 400;\">El tour privado a Ar\u00e1jova y Delfos desde Atenas es una excelente manera de conocer estas dos hermosas ciudades de Grecia. Ar\u00e1jova est\u00e1 situada en las faldas del monte Parnaso, y es famosa por sus tejidos de lana y algod\u00f3n. Delfos es una antigua ciudad griega que se encuentra en la regi\u00f3n de Fokida, y es famosa por ser el lugar donde se encontraba el or\u00e1culo de Apolo. Ambos lugares son los principales destinos tur\u00edsticos de Grecia, y merecen una visita.<\/span><\/p>\n<p><span style=\"font-weight: 400;\">Su tour privado comienza con su recogida en su hotel o punto de elecci\u00f3n en Atenas para llevarlo a conocer Ar\u00e1jova y Delfos en un<\/span><b> lapso de 12 horas<\/b><span style=\"font-weight: 400;\">, su experiencia incluye un auto de lujo con chofer y gu\u00eda privado m\u00e1s entradas a los sitios m\u00e1s importantes de la excursi\u00f3n. Ser\u00e1 una aventura inolvidable.<\/span><\/p>\n<h3><span style=\"color: #d3af37;\"><b>Ar\u00e1jova<\/b><\/span><\/h3>\n<p><span style=\"font-weight: 400;\">Posee una impresionante arquitectura que la hace destacar sobre el resto de pueblos de la zona. Sus calles estrechas y empinadas, llenas de tiendas y restaurantes, invitan a pasear por ellas y perderse en su encanto. Adem\u00e1s, Ar\u00e1jova cuenta con un impresionante y espectacular paisaje monta\u00f1oso.<\/span><\/p>\n<p><span style=\"font-weight: 400;\">Aunque est\u00e1 situada en el coraz\u00f3n de la regi\u00f3n de las Peloponneso, Ar\u00e1jova no es un pueblo griego t\u00edpico. Es m\u00e1s, la mayor\u00eda de sus habitantes son originarios de fuera de Grecia, lo que la convierte en un lugar multicultural \u00fanico.<\/span><\/p>\n<h3><span style=\"color: #d3af37;\"><b>Delfos<\/b><\/span><\/h3>\n<p><span style=\"font-weight: 400;\">Delfos es una ciudad antigua ubicada en la regi\u00f3n de Grecia. Es famosa por ser el hogar de la Oracle, una mujer que predec\u00eda el futuro. Si est\u00e1s planeando visitar Delfos, hay algunas cosas que debes saber.<\/span><\/p>\n<p><span style=\"font-weight: 400;\">La ciudad de Delfos tiene mucho que ofrecer a los turistas. Puedes visitar el templo de Apolo, el teatro griego y el santuario de Atenea. Tambi\u00e9n puedes pasear por el centro hist\u00f3rico y visitar las tiendas y restaurantes.<\/span><\/p>\n<p><span style=\"font-weight: 400;\">Al ser un Tour Privado, le daremos un tiempo para almorzar en alg\u00fan restaurante t\u00edpico de la zona, puede preguntar a su gu\u00eda por alguna sugerencia, estaremos felices de ayudarle.<\/span><\/p>\n<p><b>Por \u00faltimo, su veh\u00edculo privado le llevar\u00e1 a su sitio de recogida en Atenas para culminar esta experiencia maravillosa.<\/b><\/p>\n<p><span style=\"font-weight: 400;\">Si desea conocer m\u00e1s de Atenas, le recomendamos que revise nuestros <\/span><a href=\"https:\/\/tourtravelandmore.com\/es\/ciudad\/grecia-es\/atenas-es\/\"><span style=\"font-weight: 400;\">Tours Privados en la Capital Griega.<\/span><\/a><\/p>\n","protected":false},"excerpt":{"rendered":"<p><span style=\"font-weight: 400;\">Viaje a Atenas y disfruta de una excursi\u00f3n privada a Ar\u00e1jova y Delfos. Visita las ruinas de Delfos, el santuario de Apolo, el teatro y el templo de \u00c1rtemis. Adem\u00e1s, podr\u00e1s disfrutar de un paseo por Ar\u00e1jova, un pueblo pintoresco situado en la monta\u00f1a. \u00a1Reserva ya!<\/span><\/p>\n","protected":false},"featured_media":125310,"comment_status":"open","ping_status":"closed","template":"","meta":{"_acf_changed":false},"product_brand":[],"product_cat":[1251,1252,1253,1254],"product_tag":[],"class_list":{"0":"post-125285","1":"product","2":"type-product","3":"status-publish","4":"has-post-thumbnail","6":"product_cat-atenas-es","7":"product_cat-atenas-actividades-es","8":"product_cat-atenas-rutas-turisticas-privadas-es","9":"product_cat-atenas-excursiones-privadas-cruceros-es","11":"first","12":"instock","13":"shipping-taxable","14":"purchasable","15":"product-type-simple"},"acf":[],"yoast_head":"<!-- This site is optimized with the Yoast SEO Premium plugin v25.3.1 (Yoast SEO v25.3.1) - https:\/\/yoast.com\/wordpress\/plugins\/seo\/ -->\n<title>\u27a1\ufe0f Excursi\u00f3n a Ar\u00e1jova y Delfos desde Atenas | Tour Travel &amp; More<\/title>\n<meta name=\"description\" content=\"Viaje en excursi\u00f3n de un d\u00eda a Ar\u00e1jova y Delfos desde Atenas. Visita los lugares m\u00e1s famosos de Grecia con Tour Travel &amp; More \u2705\" \/>\n<meta name=\"robots\" content=\"index, follow, max-snippet:-1, max-image-preview:large, max-video-preview:-1\" \/>\n<link rel=\"canonical\" href=\"https:\/\/tourtravelandmore.com\/es\/tours\/grecia-es\/atenas-es\/excursion-privada-a-arajova-y-delfos-desde-atenas\/\" \/>\n<meta property=\"og:locale\" content=\"es_ES\" \/>\n<meta property=\"og:type\" content=\"article\" \/>\n<meta property=\"og:title\" content=\"Excursi\u00f3n privada a Ar\u00e1jova y Delfos desde Atenas\" \/>\n<meta property=\"og:description\" content=\"Viaje en excursi\u00f3n de un d\u00eda a Ar\u00e1jova y Delfos desde Atenas. Visita los lugares m\u00e1s famosos de Grecia con Tour Travel &amp; More \u2705\" \/>\n<meta property=\"og:url\" content=\"https:\/\/tourtravelandmore.com\/es\/tours\/grecia-es\/atenas-es\/excursion-privada-a-arajova-y-delfos-desde-atenas\/\" \/>\n<meta property=\"og:site_name\" content=\"Tour Travel And More\" \/>\n<meta property=\"article:publisher\" content=\"https:\/\/www.facebook.com\/tourtravelandmore\/\" \/>\n<meta property=\"article:modified_time\" content=\"2023-09-22T07:52:39+00:00\" \/>\n<meta property=\"og:image\" content=\"https:\/\/tourtravelandmore.com\/wp-content\/uploads\/2022\/05\/image4-1.jpg\" \/>\n\t<meta property=\"og:image:width\" content=\"900\" \/>\n\t<meta property=\"og:image:height\" content=\"680\" \/>\n\t<meta property=\"og:image:type\" content=\"image\/jpeg\" \/>\n<meta name=\"twitter:card\" content=\"summary_large_image\" \/>\n<meta name=\"twitter:site\" content=\"@TourTravel_More\" \/>\n<meta name=\"twitter:label1\" content=\"Tiempo de lectura\" \/>\n\t<meta name=\"twitter:data1\" content=\"3 minutos\" \/>\n<script type=\"application\/ld+json\" class=\"yoast-schema-graph\">{\"@context\":\"https:\/\/schema.org\",\"@graph\":[{\"@type\":\"WebPage\",\"@id\":\"https:\/\/tourtravelandmore.com\/es\/tours\/grecia-es\/atenas-es\/excursion-privada-a-arajova-y-delfos-desde-atenas\/\",\"url\":\"https:\/\/tourtravelandmore.com\/es\/tours\/grecia-es\/atenas-es\/excursion-privada-a-arajova-y-delfos-desde-atenas\/\",\"name\":\"\u27a1\ufe0f Excursi\u00f3n a Ar\u00e1jova y Delfos desde Atenas | Tour Travel & More\",\"isPartOf\":{\"@id\":\"https:\/\/tourtravelandmore.com\/es\/#website\"},\"primaryImageOfPage\":{\"@id\":\"https:\/\/tourtravelandmore.com\/es\/tours\/grecia-es\/atenas-es\/excursion-privada-a-arajova-y-delfos-desde-atenas\/#primaryimage\"},\"image\":{\"@id\":\"https:\/\/tourtravelandmore.com\/es\/tours\/grecia-es\/atenas-es\/excursion-privada-a-arajova-y-delfos-desde-atenas\/#primaryimage\"},\"thumbnailUrl\":\"https:\/\/tourtravelandmore.com\/wp-content\/uploads\/2022\/05\/image4-1.jpg\",\"datePublished\":\"2022-05-09T16:00:40+00:00\",\"dateModified\":\"2023-09-22T07:52:39+00:00\",\"description\":\"Viaje en excursi\u00f3n de un d\u00eda a Ar\u00e1jova y Delfos desde Atenas. Visita los lugares m\u00e1s famosos de Grecia con Tour Travel & More \u2705\",\"breadcrumb\":{\"@id\":\"https:\/\/tourtravelandmore.com\/es\/tours\/grecia-es\/atenas-es\/excursion-privada-a-arajova-y-delfos-desde-atenas\/#breadcrumb\"},\"inLanguage\":\"es\",\"potentialAction\":[{\"@type\":\"ReadAction\",\"target\":[\"https:\/\/tourtravelandmore.com\/es\/tours\/grecia-es\/atenas-es\/excursion-privada-a-arajova-y-delfos-desde-atenas\/\"]}]},{\"@type\":\"ImageObject\",\"inLanguage\":\"es\",\"@id\":\"https:\/\/tourtravelandmore.com\/es\/tours\/grecia-es\/atenas-es\/excursion-privada-a-arajova-y-delfos-desde-atenas\/#primaryimage\",\"url\":\"https:\/\/tourtravelandmore.com\/wp-content\/uploads\/2022\/05\/image4-1.jpg\",\"contentUrl\":\"https:\/\/tourtravelandmore.com\/wp-content\/uploads\/2022\/05\/image4-1.jpg\",\"width\":900,\"height\":680},{\"@type\":\"BreadcrumbList\",\"@id\":\"https:\/\/tourtravelandmore.com\/es\/tours\/grecia-es\/atenas-es\/excursion-privada-a-arajova-y-delfos-desde-atenas\/#breadcrumb\",\"itemListElement\":[{\"@type\":\"ListItem\",\"position\":1,\"name\":\"Home\",\"item\":\"https:\/\/tourtravelandmore.com\/es\/\"},{\"@type\":\"ListItem\",\"position\":2,\"name\":\"Tours\",\"item\":\"https:\/\/tourtravelandmore.com\/es\/tours\/\"},{\"@type\":\"ListItem\",\"position\":3,\"name\":\"Excursi\u00f3n privada a Ar\u00e1jova y Delfos desde Atenas\"}]},{\"@type\":\"WebSite\",\"@id\":\"https:\/\/tourtravelandmore.com\/es\/#website\",\"url\":\"https:\/\/tourtravelandmore.com\/es\/\",\"name\":\"Tour Travel And More\",\"description\":\"Private sightseeing tours and luxury transfers in Spain\",\"publisher\":{\"@id\":\"https:\/\/tourtravelandmore.com\/es\/#organization\"},\"potentialAction\":[{\"@type\":\"SearchAction\",\"target\":{\"@type\":\"EntryPoint\",\"urlTemplate\":\"https:\/\/tourtravelandmore.com\/es\/?s={search_term_string}\"},\"query-input\":{\"@type\":\"PropertyValueSpecification\",\"valueRequired\":true,\"valueName\":\"search_term_string\"}}],\"inLanguage\":\"es\"},{\"@type\":\"Organization\",\"@id\":\"https:\/\/tourtravelandmore.com\/es\/#organization\",\"name\":\"Tour Travel And More\",\"url\":\"https:\/\/tourtravelandmore.com\/es\/\",\"logo\":{\"@type\":\"ImageObject\",\"inLanguage\":\"es\",\"@id\":\"https:\/\/tourtravelandmore.com\/es\/#\/schema\/logo\/image\/\",\"url\":\"https:\/\/tourtravelandmore.com\/wp-content\/uploads\/2022\/12\/cropped-logo-cabecera-new.png\",\"contentUrl\":\"https:\/\/tourtravelandmore.com\/wp-content\/uploads\/2022\/12\/cropped-logo-cabecera-new.png\",\"width\":430,\"height\":61,\"caption\":\"Tour Travel And More\"},\"image\":{\"@id\":\"https:\/\/tourtravelandmore.com\/es\/#\/schema\/logo\/image\/\"},\"sameAs\":[\"https:\/\/www.facebook.com\/tourtravelandmore\/\",\"https:\/\/x.com\/TourTravel_More\"]}]}<\/script>\n<!-- \/ Yoast SEO Premium plugin. -->","yoast_head_json":{"title":"\u27a1\ufe0f Excursi\u00f3n a Ar\u00e1jova y Delfos desde Atenas | Tour Travel & More","description":"Viaje en excursi\u00f3n de un d\u00eda a Ar\u00e1jova y Delfos desde Atenas. Visita los lugares m\u00e1s famosos de Grecia con Tour Travel & More \u2705","robots":{"index":"index","follow":"follow","max-snippet":"max-snippet:-1","max-image-preview":"max-image-preview:large","max-video-preview":"max-video-preview:-1"},"canonical":"https:\/\/tourtravelandmore.com\/es\/tours\/grecia-es\/atenas-es\/excursion-privada-a-arajova-y-delfos-desde-atenas\/","og_locale":"es_ES","og_type":"article","og_title":"Excursi\u00f3n privada a Ar\u00e1jova y Delfos desde Atenas","og_description":"Viaje en excursi\u00f3n de un d\u00eda a Ar\u00e1jova y Delfos desde Atenas. Visita los lugares m\u00e1s famosos de Grecia con Tour Travel & More \u2705","og_url":"https:\/\/tourtravelandmore.com\/es\/tours\/grecia-es\/atenas-es\/excursion-privada-a-arajova-y-delfos-desde-atenas\/","og_site_name":"Tour Travel And More","article_publisher":"https:\/\/www.facebook.com\/tourtravelandmore\/","article_modified_time":"2023-09-22T07:52:39+00:00","og_image":[{"width":900,"height":680,"url":"https:\/\/tourtravelandmore.com\/wp-content\/uploads\/2022\/05\/image4-1.jpg","type":"image\/jpeg"}],"twitter_card":"summary_large_image","twitter_site":"@TourTravel_More","twitter_misc":{"Tiempo de lectura":"3 minutos"},"schema":{"@context":"https:\/\/schema.org","@graph":[{"@type":"WebPage","@id":"https:\/\/tourtravelandmore.com\/es\/tours\/grecia-es\/atenas-es\/excursion-privada-a-arajova-y-delfos-desde-atenas\/","url":"https:\/\/tourtravelandmore.com\/es\/tours\/grecia-es\/atenas-es\/excursion-privada-a-arajova-y-delfos-desde-atenas\/","name":"\u27a1\ufe0f Excursi\u00f3n a Ar\u00e1jova y Delfos desde Atenas | Tour Travel & More","isPartOf":{"@id":"https:\/\/tourtravelandmore.com\/es\/#website"},"primaryImageOfPage":{"@id":"https:\/\/tourtravelandmore.com\/es\/tours\/grecia-es\/atenas-es\/excursion-privada-a-arajova-y-delfos-desde-atenas\/#primaryimage"},"image":{"@id":"https:\/\/tourtravelandmore.com\/es\/tours\/grecia-es\/atenas-es\/excursion-privada-a-arajova-y-delfos-desde-atenas\/#primaryimage"},"thumbnailUrl":"https:\/\/tourtravelandmore.com\/wp-content\/uploads\/2022\/05\/image4-1.jpg","datePublished":"2022-05-09T16:00:40+00:00","dateModified":"2023-09-22T07:52:39+00:00","description":"Viaje en excursi\u00f3n de un d\u00eda a Ar\u00e1jova y Delfos desde Atenas. Visita los lugares m\u00e1s famosos de Grecia con Tour Travel & More \u2705","breadcrumb":{"@id":"https:\/\/tourtravelandmore.com\/es\/tours\/grecia-es\/atenas-es\/excursion-privada-a-arajova-y-delfos-desde-atenas\/#breadcrumb"},"inLanguage":"es","potentialAction":[{"@type":"ReadAction","target":["https:\/\/tourtravelandmore.com\/es\/tours\/grecia-es\/atenas-es\/excursion-privada-a-arajova-y-delfos-desde-atenas\/"]}]},{"@type":"ImageObject","inLanguage":"es","@id":"https:\/\/tourtravelandmore.com\/es\/tours\/grecia-es\/atenas-es\/excursion-privada-a-arajova-y-delfos-desde-atenas\/#primaryimage","url":"https:\/\/tourtravelandmore.com\/wp-content\/uploads\/2022\/05\/image4-1.jpg","contentUrl":"https:\/\/tourtravelandmore.com\/wp-content\/uploads\/2022\/05\/image4-1.jpg","width":900,"height":680},{"@type":"BreadcrumbList","@id":"https:\/\/tourtravelandmore.com\/es\/tours\/grecia-es\/atenas-es\/excursion-privada-a-arajova-y-delfos-desde-atenas\/#breadcrumb","itemListElement":[{"@type":"ListItem","position":1,"name":"Home","item":"https:\/\/tourtravelandmore.com\/es\/"},{"@type":"ListItem","position":2,"name":"Tours","item":"https:\/\/tourtravelandmore.com\/es\/tours\/"},{"@type":"ListItem","position":3,"name":"Excursi\u00f3n privada a Ar\u00e1jova y Delfos desde Atenas"}]},{"@type":"WebSite","@id":"https:\/\/tourtravelandmore.com\/es\/#website","url":"https:\/\/tourtravelandmore.com\/es\/","name":"Tour Travel And More","description":"Private sightseeing tours and luxury transfers in Spain","publisher":{"@id":"https:\/\/tourtravelandmore.com\/es\/#organization"},"potentialAction":[{"@type":"SearchAction","target":{"@type":"EntryPoint","urlTemplate":"https:\/\/tourtravelandmore.com\/es\/?s={search_term_string}"},"query-input":{"@type":"PropertyValueSpecification","valueRequired":true,"valueName":"search_term_string"}}],"inLanguage":"es"},{"@type":"Organization","@id":"https:\/\/tourtravelandmore.com\/es\/#organization","name":"Tour Travel And More","url":"https:\/\/tourtravelandmore.com\/es\/","logo":{"@type":"ImageObject","inLanguage":"es","@id":"https:\/\/tourtravelandmore.com\/es\/#\/schema\/logo\/image\/","url":"https:\/\/tourtravelandmore.com\/wp-content\/uploads\/2022\/12\/cropped-logo-cabecera-new.png","contentUrl":"https:\/\/tourtravelandmore.com\/wp-content\/uploads\/2022\/12\/cropped-logo-cabecera-new.png","width":430,"height":61,"caption":"Tour Travel And More"},"image":{"@id":"https:\/\/tourtravelandmore.com\/es\/#\/schema\/logo\/image\/"},"sameAs":["https:\/\/www.facebook.com\/tourtravelandmore\/","https:\/\/x.com\/TourTravel_More"]}]}},"_links":{"self":[{"href":"https:\/\/tourtravelandmore.com\/es\/wp-json\/wp\/v2\/product\/125285","targetHints":{"allow":["GET"]}}],"collection":[{"href":"https:\/\/tourtravelandmore.com\/es\/wp-json\/wp\/v2\/product"}],"about":[{"href":"https:\/\/tourtravelandmore.com\/es\/wp-json\/wp\/v2\/types\/product"}],"replies":[{"embeddable":true,"href":"https:\/\/tourtravelandmore.com\/es\/wp-json\/wp\/v2\/comments?post=125285"}],"wp:featuredmedia":[{"embeddable":true,"href":"https:\/\/tourtravelandmore.com\/es\/wp-json\/wp\/v2\/media\/125310"}],"wp:attachment":[{"href":"https:\/\/tourtravelandmore.com\/es\/wp-json\/wp\/v2\/media?parent=125285"}],"wp:term":[{"taxonomy":"product_brand","embeddable":true,"href":"https:\/\/tourtravelandmore.com\/es\/wp-json\/wp\/v2\/product_brand?post=125285"},{"taxonomy":"product_cat","embeddable":true,"href":"https:\/\/tourtravelandmore.com\/es\/wp-json\/wp\/v2\/product_cat?post=125285"},{"taxonomy":"product_tag","embeddable":true,"href":"https:\/\/tourtravelandmore.com\/es\/wp-json\/wp\/v2\/product_tag?post=125285"}],"curies":[{"name":"wp","href":"https:\/\/api.w.org\/{rel}","templated":true}]}}