{"id":125242,"date":"2022-05-09T14:18:06","date_gmt":"2022-05-09T12:18:07","guid":{"rendered":"https:\/\/tourtravelandmore.com\/?post_type=product&#038;p=125242"},"modified":"2023-09-22T10:11:31","modified_gmt":"2023-09-22T08:11:31","slug":"excursion-privada-de-dia-completo-por-corinto-la-antigua-corinto-y-nauplia","status":"publish","type":"product","link":"https:\/\/tourtravelandmore.com\/es\/tours\/grecia-es\/atenas-es\/excursion-privada-de-dia-completo-por-corinto-la-antigua-corinto-y-nauplia\/","title":{"rendered":"Excursi\u00f3n privada de d\u00eda completo por Corinto, la antigua Corinto y Nauplia"},"content":{"rendered":"<h2><b>Descripci\u00f3n de la excursi\u00f3n privada de d\u00eda completo en corinto, la antigua corinto y Nauplia<\/b><\/h2>\n<p><span style=\"font-weight: 400;\">La excursi\u00f3n privada de d\u00eda completo en Corinto, la antigua Corinto y Nauplia es una excelente oportunidad para explorar el pasado y el presente de Grecia. La excursi\u00f3n comienza en el puerto de Corinto, donde los visitantes pueden apreciar las ruinas de la ciudad antigua. La excursi\u00f3n contin\u00faa a Nauplia, un pueblo pintoresco situado en las monta\u00f1as. Los visitantes pueden disfrutar de la vista de las impresionantes monta\u00f1as y el paisaje rural. Nauplia es una excelente base para explorar los alrededores, ya que ofrece actividades como senderismo, ciclismo de monta\u00f1a y equitaci\u00f3n.<\/span><\/p>\n<h2><b>Puntos de inter\u00e9s en la excursi\u00f3n privada en corinto, la antigua corinto y Nauplia<\/b><\/h2>\n<p><span style=\"font-weight: 400;\">En primer lugar, el veh\u00edculo de lujo le recoger\u00e1 en su hotel en Atenas o lugar de elecci\u00f3n para comenzar una experiencia inolvidable. El Tour Privado de 12 horas le incluye un auto de lujo para poder transportarse con su chofer y gu\u00eda privado rumbo a Corinto, d<\/span><span style=\"font-weight: 400;\">urante el tour, su gu\u00eda privado le explicar\u00e1 la historia de estas antiguas civilizaciones y le proporcionar\u00e1 una perspectiva \u00fanica de estos lugares ic\u00f3nicos. Adem\u00e1s, podr\u00e1 visitar las ruinas sin aglomeraciones ni multitudes. Si tiene alguna pregunta, su gu\u00eda estar\u00e1 encantado de responderla.<\/span><\/p>\n<p><b>Tambi\u00e9n podr\u00e1 visitar otros lugares como:<\/b><\/p>\n<h3><b>Antigua Corinto<\/b><\/h3>\n<p><span style=\"font-weight: 400;\">Atenas es la capital de Grecia y tiene una poblaci\u00f3n de m\u00e1s de seiscientos mil habitantes. Antigua Corinto fue fundada en el a\u00f1o 1100 a. C. por los dorios, que la convirtieron en una de las ciudades m\u00e1s importantes de su \u00e9poca.<\/span><\/p>\n<p><span style=\"font-weight: 400;\">Hay muchos lugares de inter\u00e9s en la antigua Corinto, ubicada en Grecia. Uno de los destinos m\u00e1s populares para los turistas es el Templo de Apolo, que fue construido en el siglo VI a.C. El templo est\u00e1 dedicado al dios Apolo y es uno de los m\u00e1s antiguos de Grecia. Otro destino tur\u00edstico popular es el \u00c1gora, que sirvi\u00f3 como mercado en la antig\u00fcedad. El \u00e1gora es una gran plaza abierta que alberga muchas ruinas antiguas, incluida la Torre de los Vientos. La torre fue construida en el siglo I a. C. y es uno de los edificios m\u00e1s antiguos de Corinto.<\/span><\/p>\n<h3><b>Nauplia<\/b><\/h3>\n<p><span style=\"font-weight: 400;\">Nauplia es una ciudad ubicada en Grecia, que cuenta con una gran cantidad de lugares de inter\u00e9s tur\u00edstico. Entre ellos, se encuentran el teatro griego, las ruinas de la ciudad antigua y el palacio real. Adem\u00e1s, Nauplia es una ciudad costera, lo que la hace a\u00fan m\u00e1s atractiva para los turistas.<\/span><\/p>\n<p><span style=\"font-weight: 400;\">Le daremos un tiempo para que pueda comer o almorzar en un restaurante t\u00edpico de la zona, pregunte por nuestras recomendaciones.<\/span><\/p>\n<p><span style=\"font-weight: 400;\">Al finalizar, el veh\u00edculo y su chofer le llevar\u00e1n al lugar de recogida en Atenas; sin embargo, si quedo con ganas de conocer m\u00e1s de esta incre\u00edble ciudad, puede considerar reservar otros<\/span><a href=\"https:\/\/tourtravelandmore.com\/es\/ciudad\/grecia-es\/atenas-es\/\"><span style=\"font-weight: 400;\"> tours privados en Atenas, Grecia.<\/span><\/a><\/p>\n","protected":false},"excerpt":{"rendered":"<p><span style=\"font-weight: 400;\">Disfrute de una excursi\u00f3n privada de d\u00eda completo por Corinto, la antigua ciudad griega famosa por su puerto. Visite el museo, pasee por las calles empedradas y disfrute de un almuerzo t\u00edpico griego. Nuestro gu\u00eda experto le llevar\u00e1 a Nauplia, una ciudad costera con vistas espectaculares.<\/span><\/p>\n","protected":false},"featured_media":125264,"comment_status":"open","ping_status":"closed","template":"","meta":{"_acf_changed":false},"product_brand":[],"product_cat":[1251,1252,1253,1254],"product_tag":[],"class_list":{"0":"post-125242","1":"product","2":"type-product","3":"status-publish","4":"has-post-thumbnail","6":"product_cat-atenas-es","7":"product_cat-atenas-actividades-es","8":"product_cat-atenas-rutas-turisticas-privadas-es","9":"product_cat-atenas-excursiones-privadas-cruceros-es","11":"first","12":"instock","13":"shipping-taxable","14":"purchasable","15":"product-type-simple"},"acf":[],"yoast_head":"<!-- This site is optimized with the Yoast SEO Premium plugin v25.3.1 (Yoast SEO v25.3.1) - https:\/\/yoast.com\/wordpress\/plugins\/seo\/ -->\n<title>\u27a1\ufe0f Excursi\u00f3n de un d\u00eda a Corinto, la antigua Corinto y Nauplia | Tour Travel &amp; More<\/title>\n<meta name=\"description\" content=\"\u00a1Nuestro tour de un d\u00eda en Corinto le mostrar\u00e1 todos los lugares hist\u00f3ricos de inter\u00e9s! Adem\u00e1s, podr\u00e1 visitar la moderna ciudad de Nauplia \u2705\" \/>\n<meta name=\"robots\" content=\"index, follow, max-snippet:-1, max-image-preview:large, max-video-preview:-1\" \/>\n<link rel=\"canonical\" href=\"https:\/\/tourtravelandmore.com\/es\/tours\/grecia-es\/atenas-es\/excursion-privada-de-dia-completo-por-corinto-la-antigua-corinto-y-nauplia\/\" \/>\n<meta property=\"og:locale\" content=\"es_ES\" \/>\n<meta property=\"og:type\" content=\"article\" \/>\n<meta property=\"og:title\" content=\"Excursi\u00f3n privada de d\u00eda completo por Corinto, la antigua Corinto y Nauplia\" \/>\n<meta property=\"og:description\" content=\"\u00a1Nuestro tour de un d\u00eda en Corinto le mostrar\u00e1 todos los lugares hist\u00f3ricos de inter\u00e9s! Adem\u00e1s, podr\u00e1 visitar la moderna ciudad de Nauplia \u2705\" \/>\n<meta property=\"og:url\" content=\"https:\/\/tourtravelandmore.com\/es\/tours\/grecia-es\/atenas-es\/excursion-privada-de-dia-completo-por-corinto-la-antigua-corinto-y-nauplia\/\" \/>\n<meta property=\"og:site_name\" content=\"Tour Travel And More\" \/>\n<meta property=\"article:publisher\" content=\"https:\/\/www.facebook.com\/tourtravelandmore\/\" \/>\n<meta property=\"article:modified_time\" content=\"2023-09-22T08:11:31+00:00\" \/>\n<meta property=\"og:image\" content=\"https:\/\/tourtravelandmore.com\/wp-content\/uploads\/2022\/05\/image1.jpg\" \/>\n\t<meta property=\"og:image:width\" content=\"900\" \/>\n\t<meta property=\"og:image:height\" content=\"680\" \/>\n\t<meta property=\"og:image:type\" content=\"image\/jpeg\" \/>\n<meta name=\"twitter:card\" content=\"summary_large_image\" \/>\n<meta name=\"twitter:site\" content=\"@TourTravel_More\" \/>\n<meta name=\"twitter:label1\" content=\"Tiempo de lectura\" \/>\n\t<meta name=\"twitter:data1\" content=\"3 minutos\" \/>\n<script type=\"application\/ld+json\" class=\"yoast-schema-graph\">{\"@context\":\"https:\/\/schema.org\",\"@graph\":[{\"@type\":\"WebPage\",\"@id\":\"https:\/\/tourtravelandmore.com\/es\/tours\/grecia-es\/atenas-es\/excursion-privada-de-dia-completo-por-corinto-la-antigua-corinto-y-nauplia\/\",\"url\":\"https:\/\/tourtravelandmore.com\/es\/tours\/grecia-es\/atenas-es\/excursion-privada-de-dia-completo-por-corinto-la-antigua-corinto-y-nauplia\/\",\"name\":\"\u27a1\ufe0f Excursi\u00f3n de un d\u00eda a Corinto, la antigua Corinto y Nauplia | Tour Travel & More\",\"isPartOf\":{\"@id\":\"https:\/\/tourtravelandmore.com\/es\/#website\"},\"primaryImageOfPage\":{\"@id\":\"https:\/\/tourtravelandmore.com\/es\/tours\/grecia-es\/atenas-es\/excursion-privada-de-dia-completo-por-corinto-la-antigua-corinto-y-nauplia\/#primaryimage\"},\"image\":{\"@id\":\"https:\/\/tourtravelandmore.com\/es\/tours\/grecia-es\/atenas-es\/excursion-privada-de-dia-completo-por-corinto-la-antigua-corinto-y-nauplia\/#primaryimage\"},\"thumbnailUrl\":\"https:\/\/tourtravelandmore.com\/wp-content\/uploads\/2022\/05\/image1.jpg\",\"datePublished\":\"2022-05-09T12:18:07+00:00\",\"dateModified\":\"2023-09-22T08:11:31+00:00\",\"description\":\"\u00a1Nuestro tour de un d\u00eda en Corinto le mostrar\u00e1 todos los lugares hist\u00f3ricos de inter\u00e9s! Adem\u00e1s, podr\u00e1 visitar la moderna ciudad de Nauplia \u2705\",\"breadcrumb\":{\"@id\":\"https:\/\/tourtravelandmore.com\/es\/tours\/grecia-es\/atenas-es\/excursion-privada-de-dia-completo-por-corinto-la-antigua-corinto-y-nauplia\/#breadcrumb\"},\"inLanguage\":\"es\",\"potentialAction\":[{\"@type\":\"ReadAction\",\"target\":[\"https:\/\/tourtravelandmore.com\/es\/tours\/grecia-es\/atenas-es\/excursion-privada-de-dia-completo-por-corinto-la-antigua-corinto-y-nauplia\/\"]}]},{\"@type\":\"ImageObject\",\"inLanguage\":\"es\",\"@id\":\"https:\/\/tourtravelandmore.com\/es\/tours\/grecia-es\/atenas-es\/excursion-privada-de-dia-completo-por-corinto-la-antigua-corinto-y-nauplia\/#primaryimage\",\"url\":\"https:\/\/tourtravelandmore.com\/wp-content\/uploads\/2022\/05\/image1.jpg\",\"contentUrl\":\"https:\/\/tourtravelandmore.com\/wp-content\/uploads\/2022\/05\/image1.jpg\",\"width\":900,\"height\":680},{\"@type\":\"BreadcrumbList\",\"@id\":\"https:\/\/tourtravelandmore.com\/es\/tours\/grecia-es\/atenas-es\/excursion-privada-de-dia-completo-por-corinto-la-antigua-corinto-y-nauplia\/#breadcrumb\",\"itemListElement\":[{\"@type\":\"ListItem\",\"position\":1,\"name\":\"Home\",\"item\":\"https:\/\/tourtravelandmore.com\/es\/\"},{\"@type\":\"ListItem\",\"position\":2,\"name\":\"Tours\",\"item\":\"https:\/\/tourtravelandmore.com\/es\/tours\/\"},{\"@type\":\"ListItem\",\"position\":3,\"name\":\"Excursi\u00f3n privada de d\u00eda completo por Corinto, la antigua Corinto y Nauplia\"}]},{\"@type\":\"WebSite\",\"@id\":\"https:\/\/tourtravelandmore.com\/es\/#website\",\"url\":\"https:\/\/tourtravelandmore.com\/es\/\",\"name\":\"Tour Travel And More\",\"description\":\"Private sightseeing tours and luxury transfers in Spain\",\"publisher\":{\"@id\":\"https:\/\/tourtravelandmore.com\/es\/#organization\"},\"potentialAction\":[{\"@type\":\"SearchAction\",\"target\":{\"@type\":\"EntryPoint\",\"urlTemplate\":\"https:\/\/tourtravelandmore.com\/es\/?s={search_term_string}\"},\"query-input\":{\"@type\":\"PropertyValueSpecification\",\"valueRequired\":true,\"valueName\":\"search_term_string\"}}],\"inLanguage\":\"es\"},{\"@type\":\"Organization\",\"@id\":\"https:\/\/tourtravelandmore.com\/es\/#organization\",\"name\":\"Tour Travel And More\",\"url\":\"https:\/\/tourtravelandmore.com\/es\/\",\"logo\":{\"@type\":\"ImageObject\",\"inLanguage\":\"es\",\"@id\":\"https:\/\/tourtravelandmore.com\/es\/#\/schema\/logo\/image\/\",\"url\":\"https:\/\/tourtravelandmore.com\/wp-content\/uploads\/2022\/12\/cropped-logo-cabecera-new.png\",\"contentUrl\":\"https:\/\/tourtravelandmore.com\/wp-content\/uploads\/2022\/12\/cropped-logo-cabecera-new.png\",\"width\":430,\"height\":61,\"caption\":\"Tour Travel And More\"},\"image\":{\"@id\":\"https:\/\/tourtravelandmore.com\/es\/#\/schema\/logo\/image\/\"},\"sameAs\":[\"https:\/\/www.facebook.com\/tourtravelandmore\/\",\"https:\/\/x.com\/TourTravel_More\"]}]}<\/script>\n<!-- \/ Yoast SEO Premium plugin. -->","yoast_head_json":{"title":"\u27a1\ufe0f Excursi\u00f3n de un d\u00eda a Corinto, la antigua Corinto y Nauplia | Tour Travel & More","description":"\u00a1Nuestro tour de un d\u00eda en Corinto le mostrar\u00e1 todos los lugares hist\u00f3ricos de inter\u00e9s! Adem\u00e1s, podr\u00e1 visitar la moderna ciudad de Nauplia \u2705","robots":{"index":"index","follow":"follow","max-snippet":"max-snippet:-1","max-image-preview":"max-image-preview:large","max-video-preview":"max-video-preview:-1"},"canonical":"https:\/\/tourtravelandmore.com\/es\/tours\/grecia-es\/atenas-es\/excursion-privada-de-dia-completo-por-corinto-la-antigua-corinto-y-nauplia\/","og_locale":"es_ES","og_type":"article","og_title":"Excursi\u00f3n privada de d\u00eda completo por Corinto, la antigua Corinto y Nauplia","og_description":"\u00a1Nuestro tour de un d\u00eda en Corinto le mostrar\u00e1 todos los lugares hist\u00f3ricos de inter\u00e9s! Adem\u00e1s, podr\u00e1 visitar la moderna ciudad de Nauplia \u2705","og_url":"https:\/\/tourtravelandmore.com\/es\/tours\/grecia-es\/atenas-es\/excursion-privada-de-dia-completo-por-corinto-la-antigua-corinto-y-nauplia\/","og_site_name":"Tour Travel And More","article_publisher":"https:\/\/www.facebook.com\/tourtravelandmore\/","article_modified_time":"2023-09-22T08:11:31+00:00","og_image":[{"width":900,"height":680,"url":"https:\/\/tourtravelandmore.com\/wp-content\/uploads\/2022\/05\/image1.jpg","type":"image\/jpeg"}],"twitter_card":"summary_large_image","twitter_site":"@TourTravel_More","twitter_misc":{"Tiempo de lectura":"3 minutos"},"schema":{"@context":"https:\/\/schema.org","@graph":[{"@type":"WebPage","@id":"https:\/\/tourtravelandmore.com\/es\/tours\/grecia-es\/atenas-es\/excursion-privada-de-dia-completo-por-corinto-la-antigua-corinto-y-nauplia\/","url":"https:\/\/tourtravelandmore.com\/es\/tours\/grecia-es\/atenas-es\/excursion-privada-de-dia-completo-por-corinto-la-antigua-corinto-y-nauplia\/","name":"\u27a1\ufe0f Excursi\u00f3n de un d\u00eda a Corinto, la antigua Corinto y Nauplia | Tour Travel & More","isPartOf":{"@id":"https:\/\/tourtravelandmore.com\/es\/#website"},"primaryImageOfPage":{"@id":"https:\/\/tourtravelandmore.com\/es\/tours\/grecia-es\/atenas-es\/excursion-privada-de-dia-completo-por-corinto-la-antigua-corinto-y-nauplia\/#primaryimage"},"image":{"@id":"https:\/\/tourtravelandmore.com\/es\/tours\/grecia-es\/atenas-es\/excursion-privada-de-dia-completo-por-corinto-la-antigua-corinto-y-nauplia\/#primaryimage"},"thumbnailUrl":"https:\/\/tourtravelandmore.com\/wp-content\/uploads\/2022\/05\/image1.jpg","datePublished":"2022-05-09T12:18:07+00:00","dateModified":"2023-09-22T08:11:31+00:00","description":"\u00a1Nuestro tour de un d\u00eda en Corinto le mostrar\u00e1 todos los lugares hist\u00f3ricos de inter\u00e9s! Adem\u00e1s, podr\u00e1 visitar la moderna ciudad de Nauplia \u2705","breadcrumb":{"@id":"https:\/\/tourtravelandmore.com\/es\/tours\/grecia-es\/atenas-es\/excursion-privada-de-dia-completo-por-corinto-la-antigua-corinto-y-nauplia\/#breadcrumb"},"inLanguage":"es","potentialAction":[{"@type":"ReadAction","target":["https:\/\/tourtravelandmore.com\/es\/tours\/grecia-es\/atenas-es\/excursion-privada-de-dia-completo-por-corinto-la-antigua-corinto-y-nauplia\/"]}]},{"@type":"ImageObject","inLanguage":"es","@id":"https:\/\/tourtravelandmore.com\/es\/tours\/grecia-es\/atenas-es\/excursion-privada-de-dia-completo-por-corinto-la-antigua-corinto-y-nauplia\/#primaryimage","url":"https:\/\/tourtravelandmore.com\/wp-content\/uploads\/2022\/05\/image1.jpg","contentUrl":"https:\/\/tourtravelandmore.com\/wp-content\/uploads\/2022\/05\/image1.jpg","width":900,"height":680},{"@type":"BreadcrumbList","@id":"https:\/\/tourtravelandmore.com\/es\/tours\/grecia-es\/atenas-es\/excursion-privada-de-dia-completo-por-corinto-la-antigua-corinto-y-nauplia\/#breadcrumb","itemListElement":[{"@type":"ListItem","position":1,"name":"Home","item":"https:\/\/tourtravelandmore.com\/es\/"},{"@type":"ListItem","position":2,"name":"Tours","item":"https:\/\/tourtravelandmore.com\/es\/tours\/"},{"@type":"ListItem","position":3,"name":"Excursi\u00f3n privada de d\u00eda completo por Corinto, la antigua Corinto y Nauplia"}]},{"@type":"WebSite","@id":"https:\/\/tourtravelandmore.com\/es\/#website","url":"https:\/\/tourtravelandmore.com\/es\/","name":"Tour Travel And More","description":"Private sightseeing tours and luxury transfers in Spain","publisher":{"@id":"https:\/\/tourtravelandmore.com\/es\/#organization"},"potentialAction":[{"@type":"SearchAction","target":{"@type":"EntryPoint","urlTemplate":"https:\/\/tourtravelandmore.com\/es\/?s={search_term_string}"},"query-input":{"@type":"PropertyValueSpecification","valueRequired":true,"valueName":"search_term_string"}}],"inLanguage":"es"},{"@type":"Organization","@id":"https:\/\/tourtravelandmore.com\/es\/#organization","name":"Tour Travel And More","url":"https:\/\/tourtravelandmore.com\/es\/","logo":{"@type":"ImageObject","inLanguage":"es","@id":"https:\/\/tourtravelandmore.com\/es\/#\/schema\/logo\/image\/","url":"https:\/\/tourtravelandmore.com\/wp-content\/uploads\/2022\/12\/cropped-logo-cabecera-new.png","contentUrl":"https:\/\/tourtravelandmore.com\/wp-content\/uploads\/2022\/12\/cropped-logo-cabecera-new.png","width":430,"height":61,"caption":"Tour Travel And More"},"image":{"@id":"https:\/\/tourtravelandmore.com\/es\/#\/schema\/logo\/image\/"},"sameAs":["https:\/\/www.facebook.com\/tourtravelandmore\/","https:\/\/x.com\/TourTravel_More"]}]}},"_links":{"self":[{"href":"https:\/\/tourtravelandmore.com\/es\/wp-json\/wp\/v2\/product\/125242","targetHints":{"allow":["GET"]}}],"collection":[{"href":"https:\/\/tourtravelandmore.com\/es\/wp-json\/wp\/v2\/product"}],"about":[{"href":"https:\/\/tourtravelandmore.com\/es\/wp-json\/wp\/v2\/types\/product"}],"replies":[{"embeddable":true,"href":"https:\/\/tourtravelandmore.com\/es\/wp-json\/wp\/v2\/comments?post=125242"}],"wp:featuredmedia":[{"embeddable":true,"href":"https:\/\/tourtravelandmore.com\/es\/wp-json\/wp\/v2\/media\/125264"}],"wp:attachment":[{"href":"https:\/\/tourtravelandmore.com\/es\/wp-json\/wp\/v2\/media?parent=125242"}],"wp:term":[{"taxonomy":"product_brand","embeddable":true,"href":"https:\/\/tourtravelandmore.com\/es\/wp-json\/wp\/v2\/product_brand?post=125242"},{"taxonomy":"product_cat","embeddable":true,"href":"https:\/\/tourtravelandmore.com\/es\/wp-json\/wp\/v2\/product_cat?post=125242"},{"taxonomy":"product_tag","embeddable":true,"href":"https:\/\/tourtravelandmore.com\/es\/wp-json\/wp\/v2\/product_tag?post=125242"}],"curies":[{"name":"wp","href":"https:\/\/api.w.org\/{rel}","templated":true}]}}