{"id":125215,"date":"2022-05-09T13:55:51","date_gmt":"2022-05-09T11:55:53","guid":{"rendered":"https:\/\/tourtravelandmore.com\/?post_type=product&#038;p=125215"},"modified":"2023-09-22T09:52:14","modified_gmt":"2023-09-22T07:52:14","slug":"visita-privada-al-canal-de-corinto-y-a-la-antigua-corinto","status":"publish","type":"product","link":"https:\/\/tourtravelandmore.com\/es\/tours\/grecia-es\/atenas-es\/visita-privada-al-canal-de-corinto-y-a-la-antigua-corinto\/","title":{"rendered":"Visita privada al Canal de Corinto y a la antigua Corinto"},"content":{"rendered":"<h2><b>Descripci\u00f3n de la visita privada al canal de Corinto y a la antigua corinto<\/b><\/h2>\n<p><span style=\"font-weight: 400;\">La antigua ciudad de Corinto se encuentra en la regi\u00f3n del Peloponeso, al sur de Grecia. Es una ciudad con mucha historia y con muchos restos arqueol\u00f3gicos que merece la pena visitar. El monumento m\u00e1s importante de la antigua Corinto es el templo de Apolo, que se encuentra en la cima de la monta\u00f1a que domina la ciudad. La vista desde el templo es realmente impresionante, y en un d\u00eda despejado se puede ver todo Corinto y el golfo de Corinto.<\/span><\/p>\n<p><span style=\"font-weight: 400;\">El templo est\u00e1 muy bien conservado y definitivamente vale la pena visitarlo. Otro monumento relevante en Corinto es el acueducto romano.<\/span><\/p>\n<p><span style=\"font-weight: 400;\">Por otra parte, la antigua ciudad de Corinto ofrece a sus visitantes una gran cantidad de sitios hist\u00f3ricos y arqueol\u00f3gicos que merecen la pena ser visitados, la Biblioteca y el Ode\u00f3n, construidos en el siglo III a. C.<\/span><\/p>\n<p><span style=\"font-weight: 400;\">Y situados en el coraz\u00f3n de la ciudad, son sin duda alguna los lugares m\u00e1s interesantes.<\/span><\/p>\n<p><b>El Tour tiene una duraci\u00f3n de 5 horas con veh\u00edculo, chofer y gu\u00eda privado durante el recorrido.<\/b><\/p>\n<h2><b>Puntos de inter\u00e9s dentro de la visita privada al canal de corinto y a la antigua corinto<\/b><\/h2>\n<p><span style=\"font-weight: 400;\">En primer lugar, su conductor privado pasar\u00e1 a recogerlo a usted y sus acompa\u00f1antes en el punto acordado o en su hotel en Atenas, posteriormente se dirigir\u00e1n a la antigua Corinto para proceder con el fascinante Tour Privado en esta locaci\u00f3n.<\/span><\/p>\n<p><span style=\"font-weight: 400;\">El canal de Corinto y la antigua ciudad de Corinto son dos puntos de inter\u00e9s que no se pueden perder durante una visita privada a Grecia. Este art\u00edculo explica cu\u00e1les son las principales atracciones de cada lugar.<\/span><\/p>\n<h3><b>Canal de corinto<\/b><\/h3>\n<p><span style=\"font-weight: 400;\">El Canal de Corinto es un canal artificial de Grecia que une el mar Egeo con el mar J\u00f3nico. Fue construido en el siglo VI a. C. por orden del rey Croesus de Lidia para permitir el paso de las flotas mercantes entre ambos mares.<\/span><\/p>\n<h3><b>Antigua Corinto<\/b><\/h3>\n<p><span style=\"font-weight: 400;\">La Antigua Corinto fue una ciudad griega fundada en el siglo VIII a. C., situada en la costa noroccidental de la pen\u00ednsula Peloponeso. Fue una de las ciudades m\u00e1s importantes de Grecia y de todo el mundo antiguo, y un centro comercial y cultural de primer orden.<\/span><\/p>\n<p><span style=\"font-weight: 400;\">Por otra parte, si le apetece conocer m\u00e1s de Atenas, no olvide revisar todos <\/span><a href=\"https:\/\/tourtravelandmore.com\/es\/ciudad\/grecia-es\/atenas-es\/\"><span style=\"font-weight: 400;\">los tours que ofrecemos en esta hermosa ciudad de Grecia.<\/span><\/a><\/p>\n","protected":false},"excerpt":{"rendered":"<table>\n<tbody>\n<tr>\n<td><span style=\"font-weight: 400;\">Descubre la historia de Grecia en una visita privada al Canal de Corinto y a la antigua Corinto. Nuestros gu\u00edas profesionales te llevar\u00e1n a conocer estos dos lugares hist\u00f3ricos, que forman parte de la ruta tur\u00edstica de los Peloponeso. Disfruta de un tour personalizado y aprende todo lo que debes saber sobre estas dos atractivas localidades.<\/span><\/td>\n<\/tr>\n<\/tbody>\n<\/table>\n","protected":false},"featured_media":125231,"comment_status":"open","ping_status":"closed","template":"","meta":{"_acf_changed":false},"product_brand":[],"product_cat":[1251,1252,1253,1254],"product_tag":[],"class_list":{"0":"post-125215","1":"product","2":"type-product","3":"status-publish","4":"has-post-thumbnail","6":"product_cat-atenas-es","7":"product_cat-atenas-actividades-es","8":"product_cat-atenas-rutas-turisticas-privadas-es","9":"product_cat-atenas-excursiones-privadas-cruceros-es","11":"first","12":"instock","13":"shipping-taxable","14":"purchasable","15":"product-type-simple"},"acf":[],"yoast_head":"<!-- This site is optimized with the Yoast SEO Premium plugin v25.3.1 (Yoast SEO v25.3.1) - https:\/\/yoast.com\/wordpress\/plugins\/seo\/ -->\n<title>\u27a1\ufe0f Tour privado por el Canal de Corinto y la antigua Corinto | Tour Travel &amp; More<\/title>\n<meta name=\"description\" content=\"Tour Travel &amp; More ofrece un tour privado por el Canal de Corinto y la antigua ciudad de Corinto. Nuestro tour viene con gu\u00eda tur\u00edstico oficial y transporte privado \u2705\" \/>\n<meta name=\"robots\" content=\"index, follow, max-snippet:-1, max-image-preview:large, max-video-preview:-1\" \/>\n<link rel=\"canonical\" href=\"https:\/\/tourtravelandmore.com\/es\/tours\/grecia-es\/atenas-es\/visita-privada-al-canal-de-corinto-y-a-la-antigua-corinto\/\" \/>\n<meta property=\"og:locale\" content=\"es_ES\" \/>\n<meta property=\"og:type\" content=\"article\" \/>\n<meta property=\"og:title\" content=\"Visita privada al Canal de Corinto y a la antigua Corinto\" \/>\n<meta property=\"og:description\" content=\"Tour Travel &amp; More ofrece un tour privado por el Canal de Corinto y la antigua ciudad de Corinto. Nuestro tour viene con gu\u00eda tur\u00edstico oficial y transporte privado \u2705\" \/>\n<meta property=\"og:url\" content=\"https:\/\/tourtravelandmore.com\/es\/tours\/grecia-es\/atenas-es\/visita-privada-al-canal-de-corinto-y-a-la-antigua-corinto\/\" \/>\n<meta property=\"og:site_name\" content=\"Tour Travel And More\" \/>\n<meta property=\"article:publisher\" content=\"https:\/\/www.facebook.com\/tourtravelandmore\/\" \/>\n<meta property=\"article:modified_time\" content=\"2023-09-22T07:52:14+00:00\" \/>\n<meta property=\"og:image\" content=\"https:\/\/tourtravelandmore.com\/wp-content\/uploads\/2022\/05\/2.jpg\" \/>\n\t<meta property=\"og:image:width\" content=\"900\" \/>\n\t<meta property=\"og:image:height\" content=\"700\" \/>\n\t<meta property=\"og:image:type\" content=\"image\/jpeg\" \/>\n<meta name=\"twitter:card\" content=\"summary_large_image\" \/>\n<meta name=\"twitter:site\" content=\"@TourTravel_More\" \/>\n<meta name=\"twitter:label1\" content=\"Tiempo de lectura\" \/>\n\t<meta name=\"twitter:data1\" content=\"2 minutos\" \/>\n<script type=\"application\/ld+json\" class=\"yoast-schema-graph\">{\"@context\":\"https:\/\/schema.org\",\"@graph\":[{\"@type\":\"WebPage\",\"@id\":\"https:\/\/tourtravelandmore.com\/es\/tours\/grecia-es\/atenas-es\/visita-privada-al-canal-de-corinto-y-a-la-antigua-corinto\/\",\"url\":\"https:\/\/tourtravelandmore.com\/es\/tours\/grecia-es\/atenas-es\/visita-privada-al-canal-de-corinto-y-a-la-antigua-corinto\/\",\"name\":\"\u27a1\ufe0f Tour privado por el Canal de Corinto y la antigua Corinto | Tour Travel & More\",\"isPartOf\":{\"@id\":\"https:\/\/tourtravelandmore.com\/es\/#website\"},\"primaryImageOfPage\":{\"@id\":\"https:\/\/tourtravelandmore.com\/es\/tours\/grecia-es\/atenas-es\/visita-privada-al-canal-de-corinto-y-a-la-antigua-corinto\/#primaryimage\"},\"image\":{\"@id\":\"https:\/\/tourtravelandmore.com\/es\/tours\/grecia-es\/atenas-es\/visita-privada-al-canal-de-corinto-y-a-la-antigua-corinto\/#primaryimage\"},\"thumbnailUrl\":\"https:\/\/tourtravelandmore.com\/wp-content\/uploads\/2022\/05\/2.jpg\",\"datePublished\":\"2022-05-09T11:55:53+00:00\",\"dateModified\":\"2023-09-22T07:52:14+00:00\",\"description\":\"Tour Travel & More ofrece un tour privado por el Canal de Corinto y la antigua ciudad de Corinto. Nuestro tour viene con gu\u00eda tur\u00edstico oficial y transporte privado \u2705\",\"breadcrumb\":{\"@id\":\"https:\/\/tourtravelandmore.com\/es\/tours\/grecia-es\/atenas-es\/visita-privada-al-canal-de-corinto-y-a-la-antigua-corinto\/#breadcrumb\"},\"inLanguage\":\"es\",\"potentialAction\":[{\"@type\":\"ReadAction\",\"target\":[\"https:\/\/tourtravelandmore.com\/es\/tours\/grecia-es\/atenas-es\/visita-privada-al-canal-de-corinto-y-a-la-antigua-corinto\/\"]}]},{\"@type\":\"ImageObject\",\"inLanguage\":\"es\",\"@id\":\"https:\/\/tourtravelandmore.com\/es\/tours\/grecia-es\/atenas-es\/visita-privada-al-canal-de-corinto-y-a-la-antigua-corinto\/#primaryimage\",\"url\":\"https:\/\/tourtravelandmore.com\/wp-content\/uploads\/2022\/05\/2.jpg\",\"contentUrl\":\"https:\/\/tourtravelandmore.com\/wp-content\/uploads\/2022\/05\/2.jpg\",\"width\":900,\"height\":700},{\"@type\":\"BreadcrumbList\",\"@id\":\"https:\/\/tourtravelandmore.com\/es\/tours\/grecia-es\/atenas-es\/visita-privada-al-canal-de-corinto-y-a-la-antigua-corinto\/#breadcrumb\",\"itemListElement\":[{\"@type\":\"ListItem\",\"position\":1,\"name\":\"Home\",\"item\":\"https:\/\/tourtravelandmore.com\/es\/\"},{\"@type\":\"ListItem\",\"position\":2,\"name\":\"Tours\",\"item\":\"https:\/\/tourtravelandmore.com\/es\/tours\/\"},{\"@type\":\"ListItem\",\"position\":3,\"name\":\"Visita privada al Canal de Corinto y a la antigua Corinto\"}]},{\"@type\":\"WebSite\",\"@id\":\"https:\/\/tourtravelandmore.com\/es\/#website\",\"url\":\"https:\/\/tourtravelandmore.com\/es\/\",\"name\":\"Tour Travel And More\",\"description\":\"Private sightseeing tours and luxury transfers in Spain\",\"publisher\":{\"@id\":\"https:\/\/tourtravelandmore.com\/es\/#organization\"},\"potentialAction\":[{\"@type\":\"SearchAction\",\"target\":{\"@type\":\"EntryPoint\",\"urlTemplate\":\"https:\/\/tourtravelandmore.com\/es\/?s={search_term_string}\"},\"query-input\":{\"@type\":\"PropertyValueSpecification\",\"valueRequired\":true,\"valueName\":\"search_term_string\"}}],\"inLanguage\":\"es\"},{\"@type\":\"Organization\",\"@id\":\"https:\/\/tourtravelandmore.com\/es\/#organization\",\"name\":\"Tour Travel And More\",\"url\":\"https:\/\/tourtravelandmore.com\/es\/\",\"logo\":{\"@type\":\"ImageObject\",\"inLanguage\":\"es\",\"@id\":\"https:\/\/tourtravelandmore.com\/es\/#\/schema\/logo\/image\/\",\"url\":\"https:\/\/tourtravelandmore.com\/wp-content\/uploads\/2022\/12\/cropped-logo-cabecera-new.png\",\"contentUrl\":\"https:\/\/tourtravelandmore.com\/wp-content\/uploads\/2022\/12\/cropped-logo-cabecera-new.png\",\"width\":430,\"height\":61,\"caption\":\"Tour Travel And More\"},\"image\":{\"@id\":\"https:\/\/tourtravelandmore.com\/es\/#\/schema\/logo\/image\/\"},\"sameAs\":[\"https:\/\/www.facebook.com\/tourtravelandmore\/\",\"https:\/\/x.com\/TourTravel_More\"]}]}<\/script>\n<!-- \/ Yoast SEO Premium plugin. -->","yoast_head_json":{"title":"\u27a1\ufe0f Tour privado por el Canal de Corinto y la antigua Corinto | Tour Travel & More","description":"Tour Travel & More ofrece un tour privado por el Canal de Corinto y la antigua ciudad de Corinto. Nuestro tour viene con gu\u00eda tur\u00edstico oficial y transporte privado \u2705","robots":{"index":"index","follow":"follow","max-snippet":"max-snippet:-1","max-image-preview":"max-image-preview:large","max-video-preview":"max-video-preview:-1"},"canonical":"https:\/\/tourtravelandmore.com\/es\/tours\/grecia-es\/atenas-es\/visita-privada-al-canal-de-corinto-y-a-la-antigua-corinto\/","og_locale":"es_ES","og_type":"article","og_title":"Visita privada al Canal de Corinto y a la antigua Corinto","og_description":"Tour Travel & More ofrece un tour privado por el Canal de Corinto y la antigua ciudad de Corinto. Nuestro tour viene con gu\u00eda tur\u00edstico oficial y transporte privado \u2705","og_url":"https:\/\/tourtravelandmore.com\/es\/tours\/grecia-es\/atenas-es\/visita-privada-al-canal-de-corinto-y-a-la-antigua-corinto\/","og_site_name":"Tour Travel And More","article_publisher":"https:\/\/www.facebook.com\/tourtravelandmore\/","article_modified_time":"2023-09-22T07:52:14+00:00","og_image":[{"width":900,"height":700,"url":"https:\/\/tourtravelandmore.com\/wp-content\/uploads\/2022\/05\/2.jpg","type":"image\/jpeg"}],"twitter_card":"summary_large_image","twitter_site":"@TourTravel_More","twitter_misc":{"Tiempo de lectura":"2 minutos"},"schema":{"@context":"https:\/\/schema.org","@graph":[{"@type":"WebPage","@id":"https:\/\/tourtravelandmore.com\/es\/tours\/grecia-es\/atenas-es\/visita-privada-al-canal-de-corinto-y-a-la-antigua-corinto\/","url":"https:\/\/tourtravelandmore.com\/es\/tours\/grecia-es\/atenas-es\/visita-privada-al-canal-de-corinto-y-a-la-antigua-corinto\/","name":"\u27a1\ufe0f Tour privado por el Canal de Corinto y la antigua Corinto | Tour Travel & More","isPartOf":{"@id":"https:\/\/tourtravelandmore.com\/es\/#website"},"primaryImageOfPage":{"@id":"https:\/\/tourtravelandmore.com\/es\/tours\/grecia-es\/atenas-es\/visita-privada-al-canal-de-corinto-y-a-la-antigua-corinto\/#primaryimage"},"image":{"@id":"https:\/\/tourtravelandmore.com\/es\/tours\/grecia-es\/atenas-es\/visita-privada-al-canal-de-corinto-y-a-la-antigua-corinto\/#primaryimage"},"thumbnailUrl":"https:\/\/tourtravelandmore.com\/wp-content\/uploads\/2022\/05\/2.jpg","datePublished":"2022-05-09T11:55:53+00:00","dateModified":"2023-09-22T07:52:14+00:00","description":"Tour Travel & More ofrece un tour privado por el Canal de Corinto y la antigua ciudad de Corinto. Nuestro tour viene con gu\u00eda tur\u00edstico oficial y transporte privado \u2705","breadcrumb":{"@id":"https:\/\/tourtravelandmore.com\/es\/tours\/grecia-es\/atenas-es\/visita-privada-al-canal-de-corinto-y-a-la-antigua-corinto\/#breadcrumb"},"inLanguage":"es","potentialAction":[{"@type":"ReadAction","target":["https:\/\/tourtravelandmore.com\/es\/tours\/grecia-es\/atenas-es\/visita-privada-al-canal-de-corinto-y-a-la-antigua-corinto\/"]}]},{"@type":"ImageObject","inLanguage":"es","@id":"https:\/\/tourtravelandmore.com\/es\/tours\/grecia-es\/atenas-es\/visita-privada-al-canal-de-corinto-y-a-la-antigua-corinto\/#primaryimage","url":"https:\/\/tourtravelandmore.com\/wp-content\/uploads\/2022\/05\/2.jpg","contentUrl":"https:\/\/tourtravelandmore.com\/wp-content\/uploads\/2022\/05\/2.jpg","width":900,"height":700},{"@type":"BreadcrumbList","@id":"https:\/\/tourtravelandmore.com\/es\/tours\/grecia-es\/atenas-es\/visita-privada-al-canal-de-corinto-y-a-la-antigua-corinto\/#breadcrumb","itemListElement":[{"@type":"ListItem","position":1,"name":"Home","item":"https:\/\/tourtravelandmore.com\/es\/"},{"@type":"ListItem","position":2,"name":"Tours","item":"https:\/\/tourtravelandmore.com\/es\/tours\/"},{"@type":"ListItem","position":3,"name":"Visita privada al Canal de Corinto y a la antigua Corinto"}]},{"@type":"WebSite","@id":"https:\/\/tourtravelandmore.com\/es\/#website","url":"https:\/\/tourtravelandmore.com\/es\/","name":"Tour Travel And More","description":"Private sightseeing tours and luxury transfers in Spain","publisher":{"@id":"https:\/\/tourtravelandmore.com\/es\/#organization"},"potentialAction":[{"@type":"SearchAction","target":{"@type":"EntryPoint","urlTemplate":"https:\/\/tourtravelandmore.com\/es\/?s={search_term_string}"},"query-input":{"@type":"PropertyValueSpecification","valueRequired":true,"valueName":"search_term_string"}}],"inLanguage":"es"},{"@type":"Organization","@id":"https:\/\/tourtravelandmore.com\/es\/#organization","name":"Tour Travel And More","url":"https:\/\/tourtravelandmore.com\/es\/","logo":{"@type":"ImageObject","inLanguage":"es","@id":"https:\/\/tourtravelandmore.com\/es\/#\/schema\/logo\/image\/","url":"https:\/\/tourtravelandmore.com\/wp-content\/uploads\/2022\/12\/cropped-logo-cabecera-new.png","contentUrl":"https:\/\/tourtravelandmore.com\/wp-content\/uploads\/2022\/12\/cropped-logo-cabecera-new.png","width":430,"height":61,"caption":"Tour Travel And More"},"image":{"@id":"https:\/\/tourtravelandmore.com\/es\/#\/schema\/logo\/image\/"},"sameAs":["https:\/\/www.facebook.com\/tourtravelandmore\/","https:\/\/x.com\/TourTravel_More"]}]}},"_links":{"self":[{"href":"https:\/\/tourtravelandmore.com\/es\/wp-json\/wp\/v2\/product\/125215","targetHints":{"allow":["GET"]}}],"collection":[{"href":"https:\/\/tourtravelandmore.com\/es\/wp-json\/wp\/v2\/product"}],"about":[{"href":"https:\/\/tourtravelandmore.com\/es\/wp-json\/wp\/v2\/types\/product"}],"replies":[{"embeddable":true,"href":"https:\/\/tourtravelandmore.com\/es\/wp-json\/wp\/v2\/comments?post=125215"}],"wp:featuredmedia":[{"embeddable":true,"href":"https:\/\/tourtravelandmore.com\/es\/wp-json\/wp\/v2\/media\/125231"}],"wp:attachment":[{"href":"https:\/\/tourtravelandmore.com\/es\/wp-json\/wp\/v2\/media?parent=125215"}],"wp:term":[{"taxonomy":"product_brand","embeddable":true,"href":"https:\/\/tourtravelandmore.com\/es\/wp-json\/wp\/v2\/product_brand?post=125215"},{"taxonomy":"product_cat","embeddable":true,"href":"https:\/\/tourtravelandmore.com\/es\/wp-json\/wp\/v2\/product_cat?post=125215"},{"taxonomy":"product_tag","embeddable":true,"href":"https:\/\/tourtravelandmore.com\/es\/wp-json\/wp\/v2\/product_tag?post=125215"}],"curies":[{"name":"wp","href":"https:\/\/api.w.org\/{rel}","templated":true}]}}