{"id":12468,"date":"2017-05-12T18:11:46","date_gmt":"2017-05-12T16:31:00","guid":{"rendered":"http:\/\/tourtravelandmore.com\/es\/?post_type=product&#038;p=12468"},"modified":"2022-08-05T09:45:46","modified_gmt":"2022-08-05T07:45:46","slug":"traslado-privado-marsella-con-recogidas-aeropuertos-terminal-de-crucero","status":"publish","type":"product","link":"https:\/\/tourtravelandmore.com\/es\/tours\/francia\/marsella-es\/traslado-privado-marsella-con-recogidas-aeropuertos-terminal-de-crucero\/","title":{"rendered":"Traslado Privado desde Marsella a cualquier ciudad"},"content":{"rendered":"<h2>Descripci\u00f3n de los Traslados Privado desde Marsella a cualquier ciudad<\/h2>\n<p>Reserve un Traslado privado Marsella y disfrute de una experiencia relajante sin colas!.<\/p>\n<p>Ofrecemos todo tipo de <strong>Traslado privado Marsella: <\/strong><em>Recogidas en el aeropuerto, Traslados entre ciudades, Traslados, Terminal de Cruceros, Tours y Excursiones o disposiciones.<\/em><\/p>\n<p>Cuando llegue al aeropuerto o puerto, nuestro personal estar\u00e1 esper\u00e1ndole con un cartel en la terminal de llegadas. Durante su traslado a su destino podr\u00e1 ver una vista panor\u00e1mica de los alrededores.<\/p>\n<p>Ofrecemos servicio de traslado y ofrecemos un servicio personalizado y privado para todos los grupos. Todos nuestros veh\u00edculos son de alta gama.<\/p>\n<p>No limitamos el n\u00famero de maletas, pero le pedimos de informarnos de cuanto equipaje tienen, por razones de log\u00edstica y por si hay que organizar un veh\u00edculo m\u00e1s grande y ajustar la propuesta.<\/p>\n<p>Si necesita silla de bebe o de ni\u00f1o, tiene que contactar con nosotros con anterioridad a su viaje para poder organizarlo.<\/p>\n<p>Si dispone de m\u00e1s d\u00edas en la ciudad de Marsella, puedes consultar <strong><a href=\"https:\/\/tourtravelandmore.com\/es\/ciudad\/francia\/marsella-es\/\">aqu\u00ed<\/a><\/strong> el resto de tours privados que ofrecemos en Marsella. Si est\u00e1 realizando una ruta en Crucero, puede consultar <a href=\"https:\/\/tourtravelandmore.com\/es\/tours\/\"><strong>aqu\u00ed<\/strong><\/a> el resto de ciudades Europeas d\u00f3nde operamos.<\/p>\n<h2>Puntos de inter\u00e9s en el Traslado Privado desde Marsella a cualquier ciudad<\/h2>\n<p>Marsella es una ciudad portuaria ubicada en el sur de Francia. Forma parte de la Provence y de la Costa Azul.<\/p>\n<p>Marsell\u00e9s es la segunda ciudad m\u00e1s poblada de Francia, con m\u00e1s de 859,000 habitantes. Es la tercera ciudad m\u00e1s grande si tienes en cuenta las \u00e1reas urbanas despu\u00e9s de Par\u00eds y de Lyon.<\/p>\n<p>Marsella es uno de los puertos comerciales m\u00e1s importantes no solo en Francia sino en todo el Mediterr\u00e1neo.<\/p>\n","protected":false},"excerpt":{"rendered":"<p>Aproveche esta oportunidad para llegar a su destino en Marsella de la manera m\u00e1s c\u00f3moda y r\u00e1pida posible. Organizamos recogidas desde su hotel, aeropuerto o cualquier lugar de <strong>Marsella y el sur de Francia<\/strong>.<\/p>\n","protected":false},"featured_media":8876,"comment_status":"open","ping_status":"closed","template":"","meta":{"_acf_changed":false},"product_brand":[],"product_cat":[482,484],"product_tag":[],"class_list":{"0":"post-12468","1":"product","2":"type-product","3":"status-publish","4":"has-post-thumbnail","6":"product_cat-marsella-es","7":"product_cat-marsella-traslados-es","9":"first","10":"instock","11":"shipping-taxable","12":"purchasable","13":"product-type-simple"},"acf":[],"yoast_head":"<!-- This site is optimized with the Yoast SEO Premium plugin v25.3.1 (Yoast SEO v25.3.1) - https:\/\/yoast.com\/wordpress\/plugins\/seo\/ -->\n<title>Traslado privado Marsella con recogidas Aeropuertos\/Terminal de Crucero | Tour Travel &amp; More<\/title>\n<meta name=\"description\" content=\"Reserve un Traslado privado Marsella desde la Terminal de Cruceros, Aeropuertos o desde cualquier lugar en Marsella \u2705\" \/>\n<meta name=\"robots\" content=\"index, follow, max-snippet:-1, max-image-preview:large, max-video-preview:-1\" \/>\n<link rel=\"canonical\" href=\"https:\/\/tourtravelandmore.com\/es\/tours\/francia\/marsella-es\/traslado-privado-marsella-con-recogidas-aeropuertos-terminal-de-crucero\/\" \/>\n<meta property=\"og:locale\" content=\"es_ES\" \/>\n<meta property=\"og:type\" content=\"article\" \/>\n<meta property=\"og:title\" content=\"Traslado Privado desde Marsella a cualquier ciudad\" \/>\n<meta property=\"og:description\" content=\"Reserve un Traslado privado Marsella desde la Terminal de Cruceros, Aeropuertos o desde cualquier lugar en Marsella \u2705\" \/>\n<meta property=\"og:url\" content=\"https:\/\/tourtravelandmore.com\/es\/tours\/francia\/marsella-es\/traslado-privado-marsella-con-recogidas-aeropuertos-terminal-de-crucero\/\" \/>\n<meta property=\"og:site_name\" content=\"Tour Travel And More\" \/>\n<meta property=\"article:publisher\" content=\"https:\/\/www.facebook.com\/tourtravelandmore\/\" \/>\n<meta property=\"article:modified_time\" content=\"2022-08-05T07:45:46+00:00\" \/>\n<meta property=\"og:image\" content=\"https:\/\/tourtravelandmore.com\/wp-content\/uploads\/2016\/11\/2014-mercedes-benz-e-class-sport-sedan-profile.jpg\" \/>\n\t<meta property=\"og:image:width\" content=\"1500\" \/>\n\t<meta property=\"og:image:height\" content=\"938\" \/>\n\t<meta property=\"og:image:type\" content=\"image\/jpeg\" \/>\n<meta name=\"twitter:card\" content=\"summary_large_image\" \/>\n<meta name=\"twitter:site\" content=\"@TourTravel_More\" \/>\n<meta name=\"twitter:label1\" content=\"Tiempo de lectura\" \/>\n\t<meta name=\"twitter:data1\" content=\"1 minuto\" \/>\n<script type=\"application\/ld+json\" class=\"yoast-schema-graph\">{\"@context\":\"https:\/\/schema.org\",\"@graph\":[{\"@type\":\"WebPage\",\"@id\":\"https:\/\/tourtravelandmore.com\/es\/tours\/francia\/marsella-es\/traslado-privado-marsella-con-recogidas-aeropuertos-terminal-de-crucero\/\",\"url\":\"https:\/\/tourtravelandmore.com\/es\/tours\/francia\/marsella-es\/traslado-privado-marsella-con-recogidas-aeropuertos-terminal-de-crucero\/\",\"name\":\"Traslado privado Marsella con recogidas Aeropuertos\/Terminal de Crucero | Tour Travel & More\",\"isPartOf\":{\"@id\":\"https:\/\/tourtravelandmore.com\/es\/#website\"},\"primaryImageOfPage\":{\"@id\":\"https:\/\/tourtravelandmore.com\/es\/tours\/francia\/marsella-es\/traslado-privado-marsella-con-recogidas-aeropuertos-terminal-de-crucero\/#primaryimage\"},\"image\":{\"@id\":\"https:\/\/tourtravelandmore.com\/es\/tours\/francia\/marsella-es\/traslado-privado-marsella-con-recogidas-aeropuertos-terminal-de-crucero\/#primaryimage\"},\"thumbnailUrl\":\"https:\/\/tourtravelandmore.com\/wp-content\/uploads\/2016\/11\/2014-mercedes-benz-e-class-sport-sedan-profile.jpg\",\"datePublished\":\"2017-05-12T16:31:00+00:00\",\"dateModified\":\"2022-08-05T07:45:46+00:00\",\"description\":\"Reserve un Traslado privado Marsella desde la Terminal de Cruceros, Aeropuertos o desde cualquier lugar en Marsella \u2705\",\"breadcrumb\":{\"@id\":\"https:\/\/tourtravelandmore.com\/es\/tours\/francia\/marsella-es\/traslado-privado-marsella-con-recogidas-aeropuertos-terminal-de-crucero\/#breadcrumb\"},\"inLanguage\":\"es\",\"potentialAction\":[{\"@type\":\"ReadAction\",\"target\":[\"https:\/\/tourtravelandmore.com\/es\/tours\/francia\/marsella-es\/traslado-privado-marsella-con-recogidas-aeropuertos-terminal-de-crucero\/\"]}]},{\"@type\":\"ImageObject\",\"inLanguage\":\"es\",\"@id\":\"https:\/\/tourtravelandmore.com\/es\/tours\/francia\/marsella-es\/traslado-privado-marsella-con-recogidas-aeropuertos-terminal-de-crucero\/#primaryimage\",\"url\":\"https:\/\/tourtravelandmore.com\/wp-content\/uploads\/2016\/11\/2014-mercedes-benz-e-class-sport-sedan-profile.jpg\",\"contentUrl\":\"https:\/\/tourtravelandmore.com\/wp-content\/uploads\/2016\/11\/2014-mercedes-benz-e-class-sport-sedan-profile.jpg\",\"width\":1500,\"height\":938,\"caption\":\"2014 Mercedes-Benz E-Class Sport Sedan.\"},{\"@type\":\"BreadcrumbList\",\"@id\":\"https:\/\/tourtravelandmore.com\/es\/tours\/francia\/marsella-es\/traslado-privado-marsella-con-recogidas-aeropuertos-terminal-de-crucero\/#breadcrumb\",\"itemListElement\":[{\"@type\":\"ListItem\",\"position\":1,\"name\":\"Home\",\"item\":\"https:\/\/tourtravelandmore.com\/es\/\"},{\"@type\":\"ListItem\",\"position\":2,\"name\":\"Tours\",\"item\":\"https:\/\/tourtravelandmore.com\/es\/tours\/\"},{\"@type\":\"ListItem\",\"position\":3,\"name\":\"Traslado Privado desde Marsella a cualquier ciudad\"}]},{\"@type\":\"WebSite\",\"@id\":\"https:\/\/tourtravelandmore.com\/es\/#website\",\"url\":\"https:\/\/tourtravelandmore.com\/es\/\",\"name\":\"Tour Travel And More\",\"description\":\"Private sightseeing tours and luxury transfers in Spain\",\"publisher\":{\"@id\":\"https:\/\/tourtravelandmore.com\/es\/#organization\"},\"potentialAction\":[{\"@type\":\"SearchAction\",\"target\":{\"@type\":\"EntryPoint\",\"urlTemplate\":\"https:\/\/tourtravelandmore.com\/es\/?s={search_term_string}\"},\"query-input\":{\"@type\":\"PropertyValueSpecification\",\"valueRequired\":true,\"valueName\":\"search_term_string\"}}],\"inLanguage\":\"es\"},{\"@type\":\"Organization\",\"@id\":\"https:\/\/tourtravelandmore.com\/es\/#organization\",\"name\":\"Tour Travel And More\",\"url\":\"https:\/\/tourtravelandmore.com\/es\/\",\"logo\":{\"@type\":\"ImageObject\",\"inLanguage\":\"es\",\"@id\":\"https:\/\/tourtravelandmore.com\/es\/#\/schema\/logo\/image\/\",\"url\":\"https:\/\/tourtravelandmore.com\/wp-content\/uploads\/2022\/12\/cropped-logo-cabecera-new.png\",\"contentUrl\":\"https:\/\/tourtravelandmore.com\/wp-content\/uploads\/2022\/12\/cropped-logo-cabecera-new.png\",\"width\":430,\"height\":61,\"caption\":\"Tour Travel And More\"},\"image\":{\"@id\":\"https:\/\/tourtravelandmore.com\/es\/#\/schema\/logo\/image\/\"},\"sameAs\":[\"https:\/\/www.facebook.com\/tourtravelandmore\/\",\"https:\/\/x.com\/TourTravel_More\"]}]}<\/script>\n<!-- \/ Yoast SEO Premium plugin. -->","yoast_head_json":{"title":"Traslado privado Marsella con recogidas Aeropuertos\/Terminal de Crucero | Tour Travel & More","description":"Reserve un Traslado privado Marsella desde la Terminal de Cruceros, Aeropuertos o desde cualquier lugar en Marsella \u2705","robots":{"index":"index","follow":"follow","max-snippet":"max-snippet:-1","max-image-preview":"max-image-preview:large","max-video-preview":"max-video-preview:-1"},"canonical":"https:\/\/tourtravelandmore.com\/es\/tours\/francia\/marsella-es\/traslado-privado-marsella-con-recogidas-aeropuertos-terminal-de-crucero\/","og_locale":"es_ES","og_type":"article","og_title":"Traslado Privado desde Marsella a cualquier ciudad","og_description":"Reserve un Traslado privado Marsella desde la Terminal de Cruceros, Aeropuertos o desde cualquier lugar en Marsella \u2705","og_url":"https:\/\/tourtravelandmore.com\/es\/tours\/francia\/marsella-es\/traslado-privado-marsella-con-recogidas-aeropuertos-terminal-de-crucero\/","og_site_name":"Tour Travel And More","article_publisher":"https:\/\/www.facebook.com\/tourtravelandmore\/","article_modified_time":"2022-08-05T07:45:46+00:00","og_image":[{"width":1500,"height":938,"url":"https:\/\/tourtravelandmore.com\/wp-content\/uploads\/2016\/11\/2014-mercedes-benz-e-class-sport-sedan-profile.jpg","type":"image\/jpeg"}],"twitter_card":"summary_large_image","twitter_site":"@TourTravel_More","twitter_misc":{"Tiempo de lectura":"1 minuto"},"schema":{"@context":"https:\/\/schema.org","@graph":[{"@type":"WebPage","@id":"https:\/\/tourtravelandmore.com\/es\/tours\/francia\/marsella-es\/traslado-privado-marsella-con-recogidas-aeropuertos-terminal-de-crucero\/","url":"https:\/\/tourtravelandmore.com\/es\/tours\/francia\/marsella-es\/traslado-privado-marsella-con-recogidas-aeropuertos-terminal-de-crucero\/","name":"Traslado privado Marsella con recogidas Aeropuertos\/Terminal de Crucero | Tour Travel & More","isPartOf":{"@id":"https:\/\/tourtravelandmore.com\/es\/#website"},"primaryImageOfPage":{"@id":"https:\/\/tourtravelandmore.com\/es\/tours\/francia\/marsella-es\/traslado-privado-marsella-con-recogidas-aeropuertos-terminal-de-crucero\/#primaryimage"},"image":{"@id":"https:\/\/tourtravelandmore.com\/es\/tours\/francia\/marsella-es\/traslado-privado-marsella-con-recogidas-aeropuertos-terminal-de-crucero\/#primaryimage"},"thumbnailUrl":"https:\/\/tourtravelandmore.com\/wp-content\/uploads\/2016\/11\/2014-mercedes-benz-e-class-sport-sedan-profile.jpg","datePublished":"2017-05-12T16:31:00+00:00","dateModified":"2022-08-05T07:45:46+00:00","description":"Reserve un Traslado privado Marsella desde la Terminal de Cruceros, Aeropuertos o desde cualquier lugar en Marsella \u2705","breadcrumb":{"@id":"https:\/\/tourtravelandmore.com\/es\/tours\/francia\/marsella-es\/traslado-privado-marsella-con-recogidas-aeropuertos-terminal-de-crucero\/#breadcrumb"},"inLanguage":"es","potentialAction":[{"@type":"ReadAction","target":["https:\/\/tourtravelandmore.com\/es\/tours\/francia\/marsella-es\/traslado-privado-marsella-con-recogidas-aeropuertos-terminal-de-crucero\/"]}]},{"@type":"ImageObject","inLanguage":"es","@id":"https:\/\/tourtravelandmore.com\/es\/tours\/francia\/marsella-es\/traslado-privado-marsella-con-recogidas-aeropuertos-terminal-de-crucero\/#primaryimage","url":"https:\/\/tourtravelandmore.com\/wp-content\/uploads\/2016\/11\/2014-mercedes-benz-e-class-sport-sedan-profile.jpg","contentUrl":"https:\/\/tourtravelandmore.com\/wp-content\/uploads\/2016\/11\/2014-mercedes-benz-e-class-sport-sedan-profile.jpg","width":1500,"height":938,"caption":"2014 Mercedes-Benz E-Class Sport Sedan."},{"@type":"BreadcrumbList","@id":"https:\/\/tourtravelandmore.com\/es\/tours\/francia\/marsella-es\/traslado-privado-marsella-con-recogidas-aeropuertos-terminal-de-crucero\/#breadcrumb","itemListElement":[{"@type":"ListItem","position":1,"name":"Home","item":"https:\/\/tourtravelandmore.com\/es\/"},{"@type":"ListItem","position":2,"name":"Tours","item":"https:\/\/tourtravelandmore.com\/es\/tours\/"},{"@type":"ListItem","position":3,"name":"Traslado Privado desde Marsella a cualquier ciudad"}]},{"@type":"WebSite","@id":"https:\/\/tourtravelandmore.com\/es\/#website","url":"https:\/\/tourtravelandmore.com\/es\/","name":"Tour Travel And More","description":"Private sightseeing tours and luxury transfers in Spain","publisher":{"@id":"https:\/\/tourtravelandmore.com\/es\/#organization"},"potentialAction":[{"@type":"SearchAction","target":{"@type":"EntryPoint","urlTemplate":"https:\/\/tourtravelandmore.com\/es\/?s={search_term_string}"},"query-input":{"@type":"PropertyValueSpecification","valueRequired":true,"valueName":"search_term_string"}}],"inLanguage":"es"},{"@type":"Organization","@id":"https:\/\/tourtravelandmore.com\/es\/#organization","name":"Tour Travel And More","url":"https:\/\/tourtravelandmore.com\/es\/","logo":{"@type":"ImageObject","inLanguage":"es","@id":"https:\/\/tourtravelandmore.com\/es\/#\/schema\/logo\/image\/","url":"https:\/\/tourtravelandmore.com\/wp-content\/uploads\/2022\/12\/cropped-logo-cabecera-new.png","contentUrl":"https:\/\/tourtravelandmore.com\/wp-content\/uploads\/2022\/12\/cropped-logo-cabecera-new.png","width":430,"height":61,"caption":"Tour Travel And More"},"image":{"@id":"https:\/\/tourtravelandmore.com\/es\/#\/schema\/logo\/image\/"},"sameAs":["https:\/\/www.facebook.com\/tourtravelandmore\/","https:\/\/x.com\/TourTravel_More"]}]}},"_links":{"self":[{"href":"https:\/\/tourtravelandmore.com\/es\/wp-json\/wp\/v2\/product\/12468","targetHints":{"allow":["GET"]}}],"collection":[{"href":"https:\/\/tourtravelandmore.com\/es\/wp-json\/wp\/v2\/product"}],"about":[{"href":"https:\/\/tourtravelandmore.com\/es\/wp-json\/wp\/v2\/types\/product"}],"replies":[{"embeddable":true,"href":"https:\/\/tourtravelandmore.com\/es\/wp-json\/wp\/v2\/comments?post=12468"}],"wp:featuredmedia":[{"embeddable":true,"href":"https:\/\/tourtravelandmore.com\/es\/wp-json\/wp\/v2\/media\/8876"}],"wp:attachment":[{"href":"https:\/\/tourtravelandmore.com\/es\/wp-json\/wp\/v2\/media?parent=12468"}],"wp:term":[{"taxonomy":"product_brand","embeddable":true,"href":"https:\/\/tourtravelandmore.com\/es\/wp-json\/wp\/v2\/product_brand?post=12468"},{"taxonomy":"product_cat","embeddable":true,"href":"https:\/\/tourtravelandmore.com\/es\/wp-json\/wp\/v2\/product_cat?post=12468"},{"taxonomy":"product_tag","embeddable":true,"href":"https:\/\/tourtravelandmore.com\/es\/wp-json\/wp\/v2\/product_tag?post=12468"}],"curies":[{"name":"wp","href":"https:\/\/api.w.org\/{rel}","templated":true}]}}