{"id":12463,"date":"2017-05-12T18:04:33","date_gmt":"2017-05-12T16:26:17","guid":{"rendered":"http:\/\/tourtravelandmore.com\/es\/?post_type=product&#038;p=12463"},"modified":"2022-08-05T09:41:49","modified_gmt":"2022-08-05T07:41:49","slug":"tour-privado-cassis-desde-marsella-con-visita-a-una-bodega-y-cata","status":"publish","type":"product","link":"https:\/\/tourtravelandmore.com\/es\/tours\/francia\/marsella-es\/tour-privado-cassis-desde-marsella-con-visita-a-una-bodega-y-cata\/","title":{"rendered":"Tour Privado a Cassis y Visita a vi\u00f1edo con chofer\/gu\u00eda privado desde Marsella"},"content":{"rendered":"<h2>Descripci\u00f3n del Tour Privado a Cassis y Visita a vi\u00f1edo con chofer\/gu\u00eda privado desde Marsella<\/h2>\n<p>Disfrute este <strong>tour privado Cassis <\/strong>desde Marsella y visita y realiza una degustaci\u00f3n en una Bodega de la zona.<\/p>\n<p>En este <strong>tour privado<\/strong> ir\u00e1n en todo momento con un veh\u00edculo con <strong>chofer\/gu\u00eda<\/strong>. La visita a la Bodega ser\u00e1 en un peque\u00f1o grupo y contar\u00e1n con un gu\u00eda especializado quien les ense\u00f1ara el proceso de producci\u00f3n de la Bodega y podr\u00e1n realizar una cata de vinos.<\/p>\n<p>\u201cQuien no ha visto Par\u00eds y no ha visto Cassis, no ha visto nada.\u201d Fr\u00e9d\u00e9ric Mistral, Premio Nobel (1830-1914).<\/p>\n<p>Cassis est\u00e1 protegido por dos monumentos de la naturaleza que son el Cap Canaille (el acantilado mar\u00edtimo m\u00e1s alto de Europa), que adquiere un tinte rojizo cuando hay mistral, y las calas o calanques de piedra caliza blanca.<br \/>\nTiene una poblaci\u00f3n de 8000 habitantes.<\/p>\n<p>Al ser un tour privado pueden escoger la hora y lugar de comienzo. La duraci\u00f3n de este tour privado Cassis es de 5 horas.<\/p>\n<h2>Puntos de inter\u00e9s en el Tour Privado a Cassis y Visita a vi\u00f1edo con chofer\/gu\u00eda privado desde Marsella<\/h2>\n<p>Su <strong>chofer\/gu\u00eda privado<\/strong> os recoger\u00e1 en su hotel, Terminal de Cruceros o sitio indicado al horario elegido por vosotros, e ir\u00e1n hacia el Este, en direcci\u00f3n a <strong>Cassis<\/strong>.<\/p>\n<p>Luego de 40 minutos, llegar\u00e9is a la bodega <strong>Domaine du Bagnol<\/strong>, la cual est\u00e1 situada en a tan solo 200 metros del mar mediterr\u00e1neo. Es un vi\u00f1edo 100 % org\u00e1nico, no utiliza maquinarias para trabajar y hace todos sus procesos de acuerdo a la luna.<\/p>\n<p>Har\u00e1n una visita guiada por el vi\u00f1edo en un peque\u00f1o grupo, la cual terminar\u00e1 con la prueba de 2 vinos de producci\u00f3n local, un blanco y un rosado.<\/p>\n<p>Al finalizar la visita al vi\u00f1edo, vuestro conductor-gu\u00eda os llevar\u00e1 hasta Cassis.<\/p>\n<p>Cassis fue elegido como el lugar favorito de vacaciones por muchos artistas como Derain, Dufy y Matisse. Podr\u00e1n caminar en este hermoso pueblo pesquero, reconocido por sus mariscos y sus vinos, y disfrutar de la fant\u00e1stica vista del puerto y la playa.<\/p>\n<p>Cassis queda para siempre en la retina de aquellos que descubren por primera vez el puerto, sus embarcaciones y sus acogedoras terrazas. Al finalizar el tour, regresar\u00e1n a Marsella, o su punto de regreso seleccionado con su chofer-gu\u00eda.<\/p>\n<p>Contar\u00e1n con su veh\u00edculo privado y chofer\/gu\u00eda durante la total duraci\u00f3n del tour. Recordad que este tour es personalizable y se puede ajustar a sus propios gustos e intereses.<\/p>\n<p>La duraci\u00f3n de este tour es de 5 horas desde que los recogemos en su hotel hasta el retorno al mismo. Pero no dud\u00e9is en contactarnos si quer\u00e9is una duraci\u00f3n mayor del tour.<\/p>\n<p><strong>Si est\u00e1 realizando una traves\u00eda en barco y va a parar en m\u00e1s puertos, puedes consultar <a href=\"https:\/\/tourtravelandmore.com\/es\/tours\/\">aqu\u00ed<\/a>, el resto de los tours privados que ofrecemos en la mayor\u00eda de Puertos Europeos.<\/strong><\/p>\n","protected":false},"excerpt":{"rendered":"<p>Disfruta de este\u00a0<strong>tour privado<\/strong>\u00a0y personalizable desde Marsella a\u00a0<strong>Cassis<\/strong>\u00a0y un\u00a0<strong>vi\u00f1edo<\/strong> en sus alrededores. Toma la oportunidad de visitar y conocer la ciudad en tu veh\u00edculo con chofer\/gu\u00eda privado.<\/p>\n","protected":false},"featured_media":19041,"comment_status":"open","ping_status":"closed","template":"","meta":{"_acf_changed":false},"product_brand":[],"product_cat":[482,572,483,573,574],"product_tag":[],"class_list":{"0":"post-12463","1":"product","2":"type-product","3":"status-publish","4":"has-post-thumbnail","6":"product_cat-marsella-es","7":"product_cat-marsella-actividades-es","8":"product_cat-marsella-rutas-turisticas-privadas-es","9":"product_cat-marsella-excursiones-es","10":"product_cat-marsella-excursiones-privadas-cruceros-es","12":"first","13":"instock","14":"shipping-taxable","15":"purchasable","16":"product-type-simple"},"acf":[],"yoast_head":"<!-- This site is optimized with the Yoast SEO Premium plugin v25.3.1 (Yoast SEO v25.3.1) - https:\/\/yoast.com\/wordpress\/plugins\/seo\/ -->\n<title>Tour Privado Cassis desde Marsella con visita a una Bodega y cata | Tour Travel &amp; More<\/title>\n<meta name=\"description\" content=\"Disfruta de este tour privado Cassis desde Marsella y conoce este hermoso pueblo pesquero y disfruta de una visita y cata en una bodega \u2705\" \/>\n<meta name=\"robots\" content=\"index, follow, max-snippet:-1, max-image-preview:large, max-video-preview:-1\" \/>\n<link rel=\"canonical\" href=\"https:\/\/tourtravelandmore.com\/es\/tours\/francia\/marsella-es\/tour-privado-cassis-desde-marsella-con-visita-a-una-bodega-y-cata\/\" \/>\n<meta property=\"og:locale\" content=\"es_ES\" \/>\n<meta property=\"og:type\" content=\"article\" \/>\n<meta property=\"og:title\" content=\"Tour Privado a Cassis y Visita a vi\u00f1edo con chofer\/gu\u00eda privado desde Marsella\" \/>\n<meta property=\"og:description\" content=\"Disfruta de este tour privado Cassis desde Marsella y conoce este hermoso pueblo pesquero y disfruta de una visita y cata en una bodega \u2705\" \/>\n<meta property=\"og:url\" content=\"https:\/\/tourtravelandmore.com\/es\/tours\/francia\/marsella-es\/tour-privado-cassis-desde-marsella-con-visita-a-una-bodega-y-cata\/\" \/>\n<meta property=\"og:site_name\" content=\"Tour Travel And More\" \/>\n<meta property=\"article:publisher\" content=\"https:\/\/www.facebook.com\/tourtravelandmore\/\" \/>\n<meta property=\"article:modified_time\" content=\"2022-08-05T07:41:49+00:00\" \/>\n<meta property=\"og:image\" content=\"https:\/\/tourtravelandmore.com\/wp-content\/uploads\/2017\/05\/cassis-2.jpg\" \/>\n\t<meta property=\"og:image:width\" content=\"2508\" \/>\n\t<meta property=\"og:image:height\" content=\"1672\" \/>\n\t<meta property=\"og:image:type\" content=\"image\/jpeg\" \/>\n<meta name=\"twitter:card\" content=\"summary_large_image\" \/>\n<meta name=\"twitter:site\" content=\"@TourTravel_More\" \/>\n<meta name=\"twitter:label1\" content=\"Tiempo de lectura\" \/>\n\t<meta name=\"twitter:data1\" content=\"3 minutos\" \/>\n<script type=\"application\/ld+json\" class=\"yoast-schema-graph\">{\"@context\":\"https:\/\/schema.org\",\"@graph\":[{\"@type\":\"WebPage\",\"@id\":\"https:\/\/tourtravelandmore.com\/es\/tours\/francia\/marsella-es\/tour-privado-cassis-desde-marsella-con-visita-a-una-bodega-y-cata\/\",\"url\":\"https:\/\/tourtravelandmore.com\/es\/tours\/francia\/marsella-es\/tour-privado-cassis-desde-marsella-con-visita-a-una-bodega-y-cata\/\",\"name\":\"Tour Privado Cassis desde Marsella con visita a una Bodega y cata | Tour Travel & More\",\"isPartOf\":{\"@id\":\"https:\/\/tourtravelandmore.com\/es\/#website\"},\"primaryImageOfPage\":{\"@id\":\"https:\/\/tourtravelandmore.com\/es\/tours\/francia\/marsella-es\/tour-privado-cassis-desde-marsella-con-visita-a-una-bodega-y-cata\/#primaryimage\"},\"image\":{\"@id\":\"https:\/\/tourtravelandmore.com\/es\/tours\/francia\/marsella-es\/tour-privado-cassis-desde-marsella-con-visita-a-una-bodega-y-cata\/#primaryimage\"},\"thumbnailUrl\":\"https:\/\/tourtravelandmore.com\/wp-content\/uploads\/2017\/05\/cassis-2.jpg\",\"datePublished\":\"2017-05-12T16:26:17+00:00\",\"dateModified\":\"2022-08-05T07:41:49+00:00\",\"description\":\"Disfruta de este tour privado Cassis desde Marsella y conoce este hermoso pueblo pesquero y disfruta de una visita y cata en una bodega \u2705\",\"breadcrumb\":{\"@id\":\"https:\/\/tourtravelandmore.com\/es\/tours\/francia\/marsella-es\/tour-privado-cassis-desde-marsella-con-visita-a-una-bodega-y-cata\/#breadcrumb\"},\"inLanguage\":\"es\",\"potentialAction\":[{\"@type\":\"ReadAction\",\"target\":[\"https:\/\/tourtravelandmore.com\/es\/tours\/francia\/marsella-es\/tour-privado-cassis-desde-marsella-con-visita-a-una-bodega-y-cata\/\"]}]},{\"@type\":\"ImageObject\",\"inLanguage\":\"es\",\"@id\":\"https:\/\/tourtravelandmore.com\/es\/tours\/francia\/marsella-es\/tour-privado-cassis-desde-marsella-con-visita-a-una-bodega-y-cata\/#primaryimage\",\"url\":\"https:\/\/tourtravelandmore.com\/wp-content\/uploads\/2017\/05\/cassis-2.jpg\",\"contentUrl\":\"https:\/\/tourtravelandmore.com\/wp-content\/uploads\/2017\/05\/cassis-2.jpg\",\"width\":2508,\"height\":1672,\"caption\":\"49859804 - view of the colorful buildings in the city center of cassis with reflection in the water-cassis,france\"},{\"@type\":\"BreadcrumbList\",\"@id\":\"https:\/\/tourtravelandmore.com\/es\/tours\/francia\/marsella-es\/tour-privado-cassis-desde-marsella-con-visita-a-una-bodega-y-cata\/#breadcrumb\",\"itemListElement\":[{\"@type\":\"ListItem\",\"position\":1,\"name\":\"Home\",\"item\":\"https:\/\/tourtravelandmore.com\/es\/\"},{\"@type\":\"ListItem\",\"position\":2,\"name\":\"Tours\",\"item\":\"https:\/\/tourtravelandmore.com\/es\/tours\/\"},{\"@type\":\"ListItem\",\"position\":3,\"name\":\"Tour Privado a Cassis y Visita a vi\u00f1edo con chofer\/gu\u00eda privado desde Marsella\"}]},{\"@type\":\"WebSite\",\"@id\":\"https:\/\/tourtravelandmore.com\/es\/#website\",\"url\":\"https:\/\/tourtravelandmore.com\/es\/\",\"name\":\"Tour Travel And More\",\"description\":\"Private sightseeing tours and luxury transfers in Spain\",\"publisher\":{\"@id\":\"https:\/\/tourtravelandmore.com\/es\/#organization\"},\"potentialAction\":[{\"@type\":\"SearchAction\",\"target\":{\"@type\":\"EntryPoint\",\"urlTemplate\":\"https:\/\/tourtravelandmore.com\/es\/?s={search_term_string}\"},\"query-input\":{\"@type\":\"PropertyValueSpecification\",\"valueRequired\":true,\"valueName\":\"search_term_string\"}}],\"inLanguage\":\"es\"},{\"@type\":\"Organization\",\"@id\":\"https:\/\/tourtravelandmore.com\/es\/#organization\",\"name\":\"Tour Travel And More\",\"url\":\"https:\/\/tourtravelandmore.com\/es\/\",\"logo\":{\"@type\":\"ImageObject\",\"inLanguage\":\"es\",\"@id\":\"https:\/\/tourtravelandmore.com\/es\/#\/schema\/logo\/image\/\",\"url\":\"https:\/\/tourtravelandmore.com\/wp-content\/uploads\/2022\/12\/cropped-logo-cabecera-new.png\",\"contentUrl\":\"https:\/\/tourtravelandmore.com\/wp-content\/uploads\/2022\/12\/cropped-logo-cabecera-new.png\",\"width\":430,\"height\":61,\"caption\":\"Tour Travel And More\"},\"image\":{\"@id\":\"https:\/\/tourtravelandmore.com\/es\/#\/schema\/logo\/image\/\"},\"sameAs\":[\"https:\/\/www.facebook.com\/tourtravelandmore\/\",\"https:\/\/x.com\/TourTravel_More\"]}]}<\/script>\n<!-- \/ Yoast SEO Premium plugin. -->","yoast_head_json":{"title":"Tour Privado Cassis desde Marsella con visita a una Bodega y cata | Tour Travel & More","description":"Disfruta de este tour privado Cassis desde Marsella y conoce este hermoso pueblo pesquero y disfruta de una visita y cata en una bodega \u2705","robots":{"index":"index","follow":"follow","max-snippet":"max-snippet:-1","max-image-preview":"max-image-preview:large","max-video-preview":"max-video-preview:-1"},"canonical":"https:\/\/tourtravelandmore.com\/es\/tours\/francia\/marsella-es\/tour-privado-cassis-desde-marsella-con-visita-a-una-bodega-y-cata\/","og_locale":"es_ES","og_type":"article","og_title":"Tour Privado a Cassis y Visita a vi\u00f1edo con chofer\/gu\u00eda privado desde Marsella","og_description":"Disfruta de este tour privado Cassis desde Marsella y conoce este hermoso pueblo pesquero y disfruta de una visita y cata en una bodega \u2705","og_url":"https:\/\/tourtravelandmore.com\/es\/tours\/francia\/marsella-es\/tour-privado-cassis-desde-marsella-con-visita-a-una-bodega-y-cata\/","og_site_name":"Tour Travel And More","article_publisher":"https:\/\/www.facebook.com\/tourtravelandmore\/","article_modified_time":"2022-08-05T07:41:49+00:00","og_image":[{"width":2508,"height":1672,"url":"https:\/\/tourtravelandmore.com\/wp-content\/uploads\/2017\/05\/cassis-2.jpg","type":"image\/jpeg"}],"twitter_card":"summary_large_image","twitter_site":"@TourTravel_More","twitter_misc":{"Tiempo de lectura":"3 minutos"},"schema":{"@context":"https:\/\/schema.org","@graph":[{"@type":"WebPage","@id":"https:\/\/tourtravelandmore.com\/es\/tours\/francia\/marsella-es\/tour-privado-cassis-desde-marsella-con-visita-a-una-bodega-y-cata\/","url":"https:\/\/tourtravelandmore.com\/es\/tours\/francia\/marsella-es\/tour-privado-cassis-desde-marsella-con-visita-a-una-bodega-y-cata\/","name":"Tour Privado Cassis desde Marsella con visita a una Bodega y cata | Tour Travel & More","isPartOf":{"@id":"https:\/\/tourtravelandmore.com\/es\/#website"},"primaryImageOfPage":{"@id":"https:\/\/tourtravelandmore.com\/es\/tours\/francia\/marsella-es\/tour-privado-cassis-desde-marsella-con-visita-a-una-bodega-y-cata\/#primaryimage"},"image":{"@id":"https:\/\/tourtravelandmore.com\/es\/tours\/francia\/marsella-es\/tour-privado-cassis-desde-marsella-con-visita-a-una-bodega-y-cata\/#primaryimage"},"thumbnailUrl":"https:\/\/tourtravelandmore.com\/wp-content\/uploads\/2017\/05\/cassis-2.jpg","datePublished":"2017-05-12T16:26:17+00:00","dateModified":"2022-08-05T07:41:49+00:00","description":"Disfruta de este tour privado Cassis desde Marsella y conoce este hermoso pueblo pesquero y disfruta de una visita y cata en una bodega \u2705","breadcrumb":{"@id":"https:\/\/tourtravelandmore.com\/es\/tours\/francia\/marsella-es\/tour-privado-cassis-desde-marsella-con-visita-a-una-bodega-y-cata\/#breadcrumb"},"inLanguage":"es","potentialAction":[{"@type":"ReadAction","target":["https:\/\/tourtravelandmore.com\/es\/tours\/francia\/marsella-es\/tour-privado-cassis-desde-marsella-con-visita-a-una-bodega-y-cata\/"]}]},{"@type":"ImageObject","inLanguage":"es","@id":"https:\/\/tourtravelandmore.com\/es\/tours\/francia\/marsella-es\/tour-privado-cassis-desde-marsella-con-visita-a-una-bodega-y-cata\/#primaryimage","url":"https:\/\/tourtravelandmore.com\/wp-content\/uploads\/2017\/05\/cassis-2.jpg","contentUrl":"https:\/\/tourtravelandmore.com\/wp-content\/uploads\/2017\/05\/cassis-2.jpg","width":2508,"height":1672,"caption":"49859804 - view of the colorful buildings in the city center of cassis with reflection in the water-cassis,france"},{"@type":"BreadcrumbList","@id":"https:\/\/tourtravelandmore.com\/es\/tours\/francia\/marsella-es\/tour-privado-cassis-desde-marsella-con-visita-a-una-bodega-y-cata\/#breadcrumb","itemListElement":[{"@type":"ListItem","position":1,"name":"Home","item":"https:\/\/tourtravelandmore.com\/es\/"},{"@type":"ListItem","position":2,"name":"Tours","item":"https:\/\/tourtravelandmore.com\/es\/tours\/"},{"@type":"ListItem","position":3,"name":"Tour Privado a Cassis y Visita a vi\u00f1edo con chofer\/gu\u00eda privado desde Marsella"}]},{"@type":"WebSite","@id":"https:\/\/tourtravelandmore.com\/es\/#website","url":"https:\/\/tourtravelandmore.com\/es\/","name":"Tour Travel And More","description":"Private sightseeing tours and luxury transfers in Spain","publisher":{"@id":"https:\/\/tourtravelandmore.com\/es\/#organization"},"potentialAction":[{"@type":"SearchAction","target":{"@type":"EntryPoint","urlTemplate":"https:\/\/tourtravelandmore.com\/es\/?s={search_term_string}"},"query-input":{"@type":"PropertyValueSpecification","valueRequired":true,"valueName":"search_term_string"}}],"inLanguage":"es"},{"@type":"Organization","@id":"https:\/\/tourtravelandmore.com\/es\/#organization","name":"Tour Travel And More","url":"https:\/\/tourtravelandmore.com\/es\/","logo":{"@type":"ImageObject","inLanguage":"es","@id":"https:\/\/tourtravelandmore.com\/es\/#\/schema\/logo\/image\/","url":"https:\/\/tourtravelandmore.com\/wp-content\/uploads\/2022\/12\/cropped-logo-cabecera-new.png","contentUrl":"https:\/\/tourtravelandmore.com\/wp-content\/uploads\/2022\/12\/cropped-logo-cabecera-new.png","width":430,"height":61,"caption":"Tour Travel And More"},"image":{"@id":"https:\/\/tourtravelandmore.com\/es\/#\/schema\/logo\/image\/"},"sameAs":["https:\/\/www.facebook.com\/tourtravelandmore\/","https:\/\/x.com\/TourTravel_More"]}]}},"_links":{"self":[{"href":"https:\/\/tourtravelandmore.com\/es\/wp-json\/wp\/v2\/product\/12463","targetHints":{"allow":["GET"]}}],"collection":[{"href":"https:\/\/tourtravelandmore.com\/es\/wp-json\/wp\/v2\/product"}],"about":[{"href":"https:\/\/tourtravelandmore.com\/es\/wp-json\/wp\/v2\/types\/product"}],"replies":[{"embeddable":true,"href":"https:\/\/tourtravelandmore.com\/es\/wp-json\/wp\/v2\/comments?post=12463"}],"wp:featuredmedia":[{"embeddable":true,"href":"https:\/\/tourtravelandmore.com\/es\/wp-json\/wp\/v2\/media\/19041"}],"wp:attachment":[{"href":"https:\/\/tourtravelandmore.com\/es\/wp-json\/wp\/v2\/media?parent=12463"}],"wp:term":[{"taxonomy":"product_brand","embeddable":true,"href":"https:\/\/tourtravelandmore.com\/es\/wp-json\/wp\/v2\/product_brand?post=12463"},{"taxonomy":"product_cat","embeddable":true,"href":"https:\/\/tourtravelandmore.com\/es\/wp-json\/wp\/v2\/product_cat?post=12463"},{"taxonomy":"product_tag","embeddable":true,"href":"https:\/\/tourtravelandmore.com\/es\/wp-json\/wp\/v2\/product_tag?post=12463"}],"curies":[{"name":"wp","href":"https:\/\/api.w.org\/{rel}","templated":true}]}}