{"id":124516,"date":"2022-04-27T17:07:10","date_gmt":"2022-04-27T15:07:12","guid":{"rendered":"https:\/\/tourtravelandmore.com\/?post_type=product&#038;p=124516"},"modified":"2023-01-24T05:29:21","modified_gmt":"2023-01-24T04:29:21","slug":"tour-privado-al-valle-del-baztan-desde-pamplona","status":"publish","type":"product","link":"https:\/\/tourtravelandmore.com\/es\/tours\/espana-es\/pamplona-es\/tour-privado-al-valle-del-baztan-desde-pamplona\/","title":{"rendered":"Tour privado al Valle del Bazt\u00e1n desde Pamplona"},"content":{"rendered":"<h2><b>Descripci\u00f3n del Tour privado al Valle del Bazt\u00e1n desde Pamplona<\/b><\/h2>\n<p><span style=\"font-weight: 400;\">Al norte de Espa\u00f1a y a pocos kil\u00f3metros de Pamplona, se encuentra el m\u00e1gico Valle del Bazt\u00e1n, un paisaje pirenaico lleno de magia, encanto e historias mitol\u00f3gicas que lo convierte en un aut\u00e9ntico remanso de paz para los amantes de la naturaleza.<\/span><\/p>\n<p><span style=\"font-weight: 400;\">En nuestro <\/span><b>tour privado al Valle del Bazt\u00e1n desde Pamplona<\/b><span style=\"font-weight: 400;\"> vas a conocer distintos pueblos t\u00edpicamente vascos y de una singular belleza como, por ejemplo, Elizondo, Zugarramurdi o Ituren.<\/span><\/p>\n<p><span style=\"font-weight: 400;\">Es un <\/span><b>paseo guiado de 10 horas<\/b><span style=\"font-weight: 400;\"> en el cual te trasladaremos en un coche de lujo desde Pamplona. Adem\u00e1s, podemos buscarte en un punto acordado en la ciudad y que sea m\u00e1s conveniente para ti.\u00a0<\/span><\/p>\n<p><span style=\"font-weight: 400;\">Saliendo de Pamplona, ir\u00e1s a trav\u00e9s de verdes paisajes, frondosos bosques de pinos y curiosos pueblos, mientras el gu\u00eda te revela la singular historia de brujas que envuelve a este valle, el cual aparece reflejado en la trilog\u00eda de Dolores Redondo.<\/span><\/p>\n<p><span style=\"font-weight: 400;\">Durante todo el recorrido estar\u00e1s con un gu\u00eda privado, quien te llevar\u00e1 hasta los lugares m\u00e1s enigm\u00e1ticos y atractivos de esta regi\u00f3n que est\u00e1 rodeada por la cordillera de los Pirineos.\u00a0\u00a0<\/span><\/p>\n<p><span style=\"font-weight: 400;\">Son unos valles \u00fanicos en Europa y en este tour disfrutar\u00e1s de toda su magia de una manera exclusiva y personalizada.\u00a0<\/span><\/p>\n<p><span style=\"font-weight: 400;\">Al finalizar el paseo, te llevamos de vuelta a Pamplona para que descanses y recuperes tus energ\u00edas.\u00a0<\/span><\/p>\n<h2><b>Puntos de inter\u00e9s del tour privado<\/b><\/h2>\n<p><span style=\"font-weight: 400;\">Visita de una manera exclusiva y privada parte del Valle del Bazt\u00e1n, una reserva natural protegida por la UNESCO y que aparece, entre otras cosas, en el libro y la pel\u00edcula &#8220;El guardi\u00e1n invisible&#8221;.<\/span><\/p>\n<p><span style=\"font-weight: 400;\">Este tour guiado inicia con el encuentro en un lugar c\u00e9ntrico de Pamplona para salir en un coche de lujo y con un gu\u00eda privado a conocer los siguientes puntos de inter\u00e9s:\u00a0<\/span><\/p>\n<h3><span style=\"color: #d3af37;\"><b>El mirador de Ziga o del Valle del Bazt\u00e1n\u00a0<\/b><\/span><\/h3>\n<p><span style=\"font-weight: 400;\">Desde este imponente mirador podr\u00e1s admirar el Valle de Bazt\u00e1n con una vista de 360\u00b0. Tambi\u00e9n, conocer\u00e1s el encantador pueblo de Ziga, el cual est\u00e1 adornado por innumerables jardines y casas adoquinadas que ser\u00e1n dignas de muchas fotograf\u00edas para el recuerdo de tu viaje.\u00a0<\/span><\/p>\n<h3><span style=\"color: #d3af37;\"><b>Las cuevas de Urdazubi Urdax<\/b><\/span><\/h3>\n<p><span style=\"font-weight: 400;\">Continuamos el tour privado al Valle de Bazt\u00e1n con una parada en las emblem\u00e1ticas cuevas de Urdazubi Urdax. En este punto quedar\u00e1s maravillado con un templo subterr\u00e1neo natural adornado por estalactitas y estalagmitas.\u00a0<\/span><\/p>\n<p><span style=\"font-weight: 400;\">Igualmente, vas a explorar el hermoso pueblo de Urdax, el cual es considerado uno de los m\u00e1s atractivos de la comarca.\u00a0<\/span><\/p>\n<h3><span style=\"color: #d3af37;\"><b>La cueva de las brujas de Zugarramurdi<\/b><\/span><\/h3>\n<p><span style=\"font-weight: 400;\">En estas cuevas tendr\u00e1s contacto con un poco de la historia espa\u00f1ola en los tiempos de la inquisici\u00f3n. De hecho, en distintos libros, series y pel\u00edculas se narra la hist\u00f3rica relacionada con la brujer\u00eda acontecida en estas tierras de Zugarramurdi.\u00a0<\/span><\/p>\n<p><span style=\"font-weight: 400;\">Ver\u00e1s de cerca las cuevas en las que surgieron muchas historias de brujas. Adem\u00e1s, el gu\u00eda te contar\u00e1 en detalles todos esos sucesos para que no te queden datos sin conocer.\u00a0<\/span><\/p>\n<h3><span style=\"color: #d3af37;\"><b>Parque Natural del Se\u00f1or\u00edo de B\u00e9rtiz<\/b><\/span><\/h3>\n<p><span style=\"font-weight: 400;\">En Oieregi se encuentra esta maravilla natural de m\u00e1s de 2.000 hect\u00e1reas de bosques naturales. Conocer\u00e1s el jard\u00edn bot\u00e1nico, el cual alberga distintas especies \u00fanicas en la zona y que est\u00e1n en peligro de extinci\u00f3n.\u00a0<\/span><\/p>\n<h3><span style=\"color: #d3af37;\"><b>Elizondo<\/b><\/span><\/h3>\n<p><span style=\"font-weight: 400;\">Elizondo es uno de los pueblos m\u00e1s llamativos y visitados de Navarra. Y no es para menos, ya que su belleza es muy singular.\u00a0<\/span><\/p>\n<p><span style=\"font-weight: 400;\">Su arquitectura guarda todo el toque se\u00f1orial del medioevo, y sus jardines y paisajes est\u00e1n llenos de mucho colorido. En nuestro tour privado podr\u00e1s recorrer con calma y a tu gusto este atractivo pueblo rural.\u00a0<\/span><\/p>\n<p><span style=\"font-weight: 400;\">Aparte de los puntos de inter\u00e9s que ya te mencionamos, tambi\u00e9n vas a conocer otros sitios interesantes, como, por ejemplo:\u00a0<\/span><\/p>\n<ul>\n<li><b>La cascada de Xorroxin.<\/b><\/li>\n<li><b>El Castillo de Amaiur.<\/b><\/li>\n<li><b>Arizkun y muchos otros lugares m\u00e1s.\u00a0<\/b><\/li>\n<\/ul>\n<p><span style=\"font-weight: 400;\">Por \u00faltimo, te trasladaremos de vuelta hasta Pamplona para dejarte en el punto acordado, luego de que vivas una de las mejores experiencias tur\u00edsticas de tu vida.\u00a0<\/span><\/p>\n<p><span style=\"font-weight: 400;\">Si quieres conocer la capital de Navarra de manera m\u00e1s personalizada, te sugerimos que revises lo que te ofrecemos en nuestro <\/span><a href=\"about:blank\"><b>tour privado a pie por Pamplona<\/b><\/a><span style=\"font-weight: 400;\">.<\/span><\/p>\n","protected":false},"excerpt":{"rendered":"<p><span style=\"font-weight: 400;\">Deja atr\u00e1s la ciudad de Pamplona y descubre la belleza del Valle de Bazt\u00e1n en un tour privado con traslado en coche de lujo y en compa\u00f1\u00eda de un gu\u00eda oficial. Te sorprender\u00e1s visitando Elizondo y sus calles pintorescas, adem\u00e1s, explorar\u00e1s maravillosos miradores naturales. Es una experiencia \u00fanica para que te relajes y te conectes con la mitolog\u00eda, la naturaleza y los m\u00e1gicos paisajes de Navarra<\/span><\/p>\n","protected":false},"featured_media":124538,"comment_status":"open","ping_status":"closed","template":"","meta":{"_acf_changed":false},"product_brand":[],"product_cat":[1596,4100],"product_tag":[],"class_list":{"0":"post-124516","1":"product","2":"type-product","3":"status-publish","4":"has-post-thumbnail","6":"product_cat-espana-es","7":"product_cat-pamplona-es","9":"first","10":"instock","11":"shipping-taxable","12":"purchasable","13":"product-type-simple"},"acf":[],"yoast_head":"<!-- This site is optimized with the Yoast SEO Premium plugin v25.3.1 (Yoast SEO v25.3.1) - https:\/\/yoast.com\/wordpress\/plugins\/seo\/ -->\n<title>\u27a1\ufe0f Tour privado al Valle del Bazt\u00e1n desde Pamplona | Tour Travel &amp; More<\/title>\n<meta name=\"description\" content=\"Disfruta de una visita privada al Valle de Bazt\u00e1n desde Pamplona para que explores esta magn\u00edfica reserva natural, en donde se fusionan los mitos y la naturaleza \u2705\" \/>\n<meta name=\"robots\" content=\"index, follow, max-snippet:-1, max-image-preview:large, max-video-preview:-1\" \/>\n<link rel=\"canonical\" href=\"https:\/\/tourtravelandmore.com\/es\/tours\/espana-es\/pamplona-es\/tour-privado-al-valle-del-baztan-desde-pamplona\/\" \/>\n<meta property=\"og:locale\" content=\"es_ES\" \/>\n<meta property=\"og:type\" content=\"article\" \/>\n<meta property=\"og:title\" content=\"Tour privado al Valle del Bazt\u00e1n desde Pamplona\" \/>\n<meta property=\"og:description\" content=\"Disfruta de una visita privada al Valle de Bazt\u00e1n desde Pamplona para que explores esta magn\u00edfica reserva natural, en donde se fusionan los mitos y la naturaleza \u2705\" \/>\n<meta property=\"og:url\" content=\"https:\/\/tourtravelandmore.com\/es\/tours\/espana-es\/pamplona-es\/tour-privado-al-valle-del-baztan-desde-pamplona\/\" \/>\n<meta property=\"og:site_name\" content=\"Tour Travel And More\" \/>\n<meta property=\"article:publisher\" content=\"https:\/\/www.facebook.com\/tourtravelandmore\/\" \/>\n<meta property=\"article:modified_time\" content=\"2023-01-24T04:29:21+00:00\" \/>\n<meta property=\"og:image\" content=\"https:\/\/tourtravelandmore.com\/wp-content\/uploads\/2022\/04\/image2-9.jpg\" \/>\n\t<meta property=\"og:image:width\" content=\"900\" \/>\n\t<meta property=\"og:image:height\" content=\"680\" \/>\n\t<meta property=\"og:image:type\" content=\"image\/jpeg\" \/>\n<meta name=\"twitter:card\" content=\"summary_large_image\" \/>\n<meta name=\"twitter:site\" content=\"@TourTravel_More\" \/>\n<meta name=\"twitter:label1\" content=\"Tiempo de lectura\" \/>\n\t<meta name=\"twitter:data1\" content=\"4 minutos\" \/>\n<script type=\"application\/ld+json\" class=\"yoast-schema-graph\">{\"@context\":\"https:\/\/schema.org\",\"@graph\":[{\"@type\":\"WebPage\",\"@id\":\"https:\/\/tourtravelandmore.com\/es\/tours\/espana-es\/pamplona-es\/tour-privado-al-valle-del-baztan-desde-pamplona\/\",\"url\":\"https:\/\/tourtravelandmore.com\/es\/tours\/espana-es\/pamplona-es\/tour-privado-al-valle-del-baztan-desde-pamplona\/\",\"name\":\"\u27a1\ufe0f Tour privado al Valle del Bazt\u00e1n desde Pamplona | Tour Travel & More\",\"isPartOf\":{\"@id\":\"https:\/\/tourtravelandmore.com\/es\/#website\"},\"primaryImageOfPage\":{\"@id\":\"https:\/\/tourtravelandmore.com\/es\/tours\/espana-es\/pamplona-es\/tour-privado-al-valle-del-baztan-desde-pamplona\/#primaryimage\"},\"image\":{\"@id\":\"https:\/\/tourtravelandmore.com\/es\/tours\/espana-es\/pamplona-es\/tour-privado-al-valle-del-baztan-desde-pamplona\/#primaryimage\"},\"thumbnailUrl\":\"https:\/\/tourtravelandmore.com\/wp-content\/uploads\/2022\/04\/image2-9.jpg\",\"datePublished\":\"2022-04-27T15:07:12+00:00\",\"dateModified\":\"2023-01-24T04:29:21+00:00\",\"description\":\"Disfruta de una visita privada al Valle de Bazt\u00e1n desde Pamplona para que explores esta magn\u00edfica reserva natural, en donde se fusionan los mitos y la naturaleza \u2705\",\"breadcrumb\":{\"@id\":\"https:\/\/tourtravelandmore.com\/es\/tours\/espana-es\/pamplona-es\/tour-privado-al-valle-del-baztan-desde-pamplona\/#breadcrumb\"},\"inLanguage\":\"es\",\"potentialAction\":[{\"@type\":\"ReadAction\",\"target\":[\"https:\/\/tourtravelandmore.com\/es\/tours\/espana-es\/pamplona-es\/tour-privado-al-valle-del-baztan-desde-pamplona\/\"]}]},{\"@type\":\"ImageObject\",\"inLanguage\":\"es\",\"@id\":\"https:\/\/tourtravelandmore.com\/es\/tours\/espana-es\/pamplona-es\/tour-privado-al-valle-del-baztan-desde-pamplona\/#primaryimage\",\"url\":\"https:\/\/tourtravelandmore.com\/wp-content\/uploads\/2022\/04\/image2-9.jpg\",\"contentUrl\":\"https:\/\/tourtravelandmore.com\/wp-content\/uploads\/2022\/04\/image2-9.jpg\",\"width\":900,\"height\":680},{\"@type\":\"BreadcrumbList\",\"@id\":\"https:\/\/tourtravelandmore.com\/es\/tours\/espana-es\/pamplona-es\/tour-privado-al-valle-del-baztan-desde-pamplona\/#breadcrumb\",\"itemListElement\":[{\"@type\":\"ListItem\",\"position\":1,\"name\":\"Home\",\"item\":\"https:\/\/tourtravelandmore.com\/es\/\"},{\"@type\":\"ListItem\",\"position\":2,\"name\":\"Tours\",\"item\":\"https:\/\/tourtravelandmore.com\/es\/tours\/\"},{\"@type\":\"ListItem\",\"position\":3,\"name\":\"Tour privado al Valle del Bazt\u00e1n desde Pamplona\"}]},{\"@type\":\"WebSite\",\"@id\":\"https:\/\/tourtravelandmore.com\/es\/#website\",\"url\":\"https:\/\/tourtravelandmore.com\/es\/\",\"name\":\"Tour Travel And More\",\"description\":\"Private sightseeing tours and luxury transfers in Spain\",\"publisher\":{\"@id\":\"https:\/\/tourtravelandmore.com\/es\/#organization\"},\"potentialAction\":[{\"@type\":\"SearchAction\",\"target\":{\"@type\":\"EntryPoint\",\"urlTemplate\":\"https:\/\/tourtravelandmore.com\/es\/?s={search_term_string}\"},\"query-input\":{\"@type\":\"PropertyValueSpecification\",\"valueRequired\":true,\"valueName\":\"search_term_string\"}}],\"inLanguage\":\"es\"},{\"@type\":\"Organization\",\"@id\":\"https:\/\/tourtravelandmore.com\/es\/#organization\",\"name\":\"Tour Travel And More\",\"url\":\"https:\/\/tourtravelandmore.com\/es\/\",\"logo\":{\"@type\":\"ImageObject\",\"inLanguage\":\"es\",\"@id\":\"https:\/\/tourtravelandmore.com\/es\/#\/schema\/logo\/image\/\",\"url\":\"https:\/\/tourtravelandmore.com\/wp-content\/uploads\/2022\/12\/cropped-logo-cabecera-new.png\",\"contentUrl\":\"https:\/\/tourtravelandmore.com\/wp-content\/uploads\/2022\/12\/cropped-logo-cabecera-new.png\",\"width\":430,\"height\":61,\"caption\":\"Tour Travel And More\"},\"image\":{\"@id\":\"https:\/\/tourtravelandmore.com\/es\/#\/schema\/logo\/image\/\"},\"sameAs\":[\"https:\/\/www.facebook.com\/tourtravelandmore\/\",\"https:\/\/x.com\/TourTravel_More\"]}]}<\/script>\n<!-- \/ Yoast SEO Premium plugin. -->","yoast_head_json":{"title":"\u27a1\ufe0f Tour privado al Valle del Bazt\u00e1n desde Pamplona | Tour Travel & More","description":"Disfruta de una visita privada al Valle de Bazt\u00e1n desde Pamplona para que explores esta magn\u00edfica reserva natural, en donde se fusionan los mitos y la naturaleza \u2705","robots":{"index":"index","follow":"follow","max-snippet":"max-snippet:-1","max-image-preview":"max-image-preview:large","max-video-preview":"max-video-preview:-1"},"canonical":"https:\/\/tourtravelandmore.com\/es\/tours\/espana-es\/pamplona-es\/tour-privado-al-valle-del-baztan-desde-pamplona\/","og_locale":"es_ES","og_type":"article","og_title":"Tour privado al Valle del Bazt\u00e1n desde Pamplona","og_description":"Disfruta de una visita privada al Valle de Bazt\u00e1n desde Pamplona para que explores esta magn\u00edfica reserva natural, en donde se fusionan los mitos y la naturaleza \u2705","og_url":"https:\/\/tourtravelandmore.com\/es\/tours\/espana-es\/pamplona-es\/tour-privado-al-valle-del-baztan-desde-pamplona\/","og_site_name":"Tour Travel And More","article_publisher":"https:\/\/www.facebook.com\/tourtravelandmore\/","article_modified_time":"2023-01-24T04:29:21+00:00","og_image":[{"width":900,"height":680,"url":"https:\/\/tourtravelandmore.com\/wp-content\/uploads\/2022\/04\/image2-9.jpg","type":"image\/jpeg"}],"twitter_card":"summary_large_image","twitter_site":"@TourTravel_More","twitter_misc":{"Tiempo de lectura":"4 minutos"},"schema":{"@context":"https:\/\/schema.org","@graph":[{"@type":"WebPage","@id":"https:\/\/tourtravelandmore.com\/es\/tours\/espana-es\/pamplona-es\/tour-privado-al-valle-del-baztan-desde-pamplona\/","url":"https:\/\/tourtravelandmore.com\/es\/tours\/espana-es\/pamplona-es\/tour-privado-al-valle-del-baztan-desde-pamplona\/","name":"\u27a1\ufe0f Tour privado al Valle del Bazt\u00e1n desde Pamplona | Tour Travel & More","isPartOf":{"@id":"https:\/\/tourtravelandmore.com\/es\/#website"},"primaryImageOfPage":{"@id":"https:\/\/tourtravelandmore.com\/es\/tours\/espana-es\/pamplona-es\/tour-privado-al-valle-del-baztan-desde-pamplona\/#primaryimage"},"image":{"@id":"https:\/\/tourtravelandmore.com\/es\/tours\/espana-es\/pamplona-es\/tour-privado-al-valle-del-baztan-desde-pamplona\/#primaryimage"},"thumbnailUrl":"https:\/\/tourtravelandmore.com\/wp-content\/uploads\/2022\/04\/image2-9.jpg","datePublished":"2022-04-27T15:07:12+00:00","dateModified":"2023-01-24T04:29:21+00:00","description":"Disfruta de una visita privada al Valle de Bazt\u00e1n desde Pamplona para que explores esta magn\u00edfica reserva natural, en donde se fusionan los mitos y la naturaleza \u2705","breadcrumb":{"@id":"https:\/\/tourtravelandmore.com\/es\/tours\/espana-es\/pamplona-es\/tour-privado-al-valle-del-baztan-desde-pamplona\/#breadcrumb"},"inLanguage":"es","potentialAction":[{"@type":"ReadAction","target":["https:\/\/tourtravelandmore.com\/es\/tours\/espana-es\/pamplona-es\/tour-privado-al-valle-del-baztan-desde-pamplona\/"]}]},{"@type":"ImageObject","inLanguage":"es","@id":"https:\/\/tourtravelandmore.com\/es\/tours\/espana-es\/pamplona-es\/tour-privado-al-valle-del-baztan-desde-pamplona\/#primaryimage","url":"https:\/\/tourtravelandmore.com\/wp-content\/uploads\/2022\/04\/image2-9.jpg","contentUrl":"https:\/\/tourtravelandmore.com\/wp-content\/uploads\/2022\/04\/image2-9.jpg","width":900,"height":680},{"@type":"BreadcrumbList","@id":"https:\/\/tourtravelandmore.com\/es\/tours\/espana-es\/pamplona-es\/tour-privado-al-valle-del-baztan-desde-pamplona\/#breadcrumb","itemListElement":[{"@type":"ListItem","position":1,"name":"Home","item":"https:\/\/tourtravelandmore.com\/es\/"},{"@type":"ListItem","position":2,"name":"Tours","item":"https:\/\/tourtravelandmore.com\/es\/tours\/"},{"@type":"ListItem","position":3,"name":"Tour privado al Valle del Bazt\u00e1n desde Pamplona"}]},{"@type":"WebSite","@id":"https:\/\/tourtravelandmore.com\/es\/#website","url":"https:\/\/tourtravelandmore.com\/es\/","name":"Tour Travel And More","description":"Private sightseeing tours and luxury transfers in Spain","publisher":{"@id":"https:\/\/tourtravelandmore.com\/es\/#organization"},"potentialAction":[{"@type":"SearchAction","target":{"@type":"EntryPoint","urlTemplate":"https:\/\/tourtravelandmore.com\/es\/?s={search_term_string}"},"query-input":{"@type":"PropertyValueSpecification","valueRequired":true,"valueName":"search_term_string"}}],"inLanguage":"es"},{"@type":"Organization","@id":"https:\/\/tourtravelandmore.com\/es\/#organization","name":"Tour Travel And More","url":"https:\/\/tourtravelandmore.com\/es\/","logo":{"@type":"ImageObject","inLanguage":"es","@id":"https:\/\/tourtravelandmore.com\/es\/#\/schema\/logo\/image\/","url":"https:\/\/tourtravelandmore.com\/wp-content\/uploads\/2022\/12\/cropped-logo-cabecera-new.png","contentUrl":"https:\/\/tourtravelandmore.com\/wp-content\/uploads\/2022\/12\/cropped-logo-cabecera-new.png","width":430,"height":61,"caption":"Tour Travel And More"},"image":{"@id":"https:\/\/tourtravelandmore.com\/es\/#\/schema\/logo\/image\/"},"sameAs":["https:\/\/www.facebook.com\/tourtravelandmore\/","https:\/\/x.com\/TourTravel_More"]}]}},"_links":{"self":[{"href":"https:\/\/tourtravelandmore.com\/es\/wp-json\/wp\/v2\/product\/124516","targetHints":{"allow":["GET"]}}],"collection":[{"href":"https:\/\/tourtravelandmore.com\/es\/wp-json\/wp\/v2\/product"}],"about":[{"href":"https:\/\/tourtravelandmore.com\/es\/wp-json\/wp\/v2\/types\/product"}],"replies":[{"embeddable":true,"href":"https:\/\/tourtravelandmore.com\/es\/wp-json\/wp\/v2\/comments?post=124516"}],"wp:featuredmedia":[{"embeddable":true,"href":"https:\/\/tourtravelandmore.com\/es\/wp-json\/wp\/v2\/media\/124538"}],"wp:attachment":[{"href":"https:\/\/tourtravelandmore.com\/es\/wp-json\/wp\/v2\/media?parent=124516"}],"wp:term":[{"taxonomy":"product_brand","embeddable":true,"href":"https:\/\/tourtravelandmore.com\/es\/wp-json\/wp\/v2\/product_brand?post=124516"},{"taxonomy":"product_cat","embeddable":true,"href":"https:\/\/tourtravelandmore.com\/es\/wp-json\/wp\/v2\/product_cat?post=124516"},{"taxonomy":"product_tag","embeddable":true,"href":"https:\/\/tourtravelandmore.com\/es\/wp-json\/wp\/v2\/product_tag?post=124516"}],"curies":[{"name":"wp","href":"https:\/\/api.w.org\/{rel}","templated":true}]}}