{"id":12418,"date":"2017-05-12T12:22:10","date_gmt":"2017-05-12T14:36:26","guid":{"rendered":"http:\/\/tourtravelandmore.com\/es\/?post_type=product&#038;p=12418"},"modified":"2022-07-15T10:35:16","modified_gmt":"2022-07-15T08:35:16","slug":"traslado-privado-en-cannes","status":"publish","type":"product","link":"https:\/\/tourtravelandmore.com\/es\/tours\/francia\/cannes-es\/traslado-privado-en-cannes\/","title":{"rendered":"Traslado privado en Cannes (aeropuerto, puerto o inter-ciudad)"},"content":{"rendered":"<h2><strong>Descripci\u00f3n del Traslado privado en Cannes (aeropuerto, puerto o inter-ciudad)<\/strong><\/h2>\n<p>Disfrute de una experiencia sin preocupaciones en uno de nuestros <strong>veh\u00edculos privados de lujo<\/strong>\u00a0con nuestros\u00a0<strong>traslados privados en Cannes<\/strong>. P\u00f3ngase en contacto con nuestro equipo de expertos para una experiencia privada a medida.<\/p>\n<p>Ofrecemos\u00a0<strong>todo tipo de traslados<\/strong> desde y hacia Cannes. Podemos coordinar traslados privados a aeropuertos, hoteles, estaciones de tren, puertos de crucero y cualquier ciudad en la Riviera francesa.<\/p>\n<p>En caso de solicitar un traslado de arribo, su chofer le estar\u00e1 esperando en la terminal con un cartel a su nombre. Para llegadas al <a href=\"https:\/\/www.cannes.aeroport.fr\/\">aeropuerto de Cannes,<\/a> nuestros choferes chequear\u00e1n el horario de aterrizaje de su vuelo, por lo que no tendr\u00e1 que preocuparse en caso de demoras en su vuelo.<\/p>\n<p>En caso de que llegue a la terminal de cruceros, podemos organizar un traslado privado a su hotel o alojamiento en Cannes u otra ciudad de la Riviera francesa, como M\u00f3naco o Cannes. Ofrecemos tambi\u00e9n <a href=\"https:\/\/tourtravelandmore.com\/es\/ciudad\/francia\/cannes-es\/cannes-actividades-es\/\">tours y actividades privadas<\/a> en toda la Riviera francesa.<\/p>\n<h2><strong>Puntos de inter\u00e9s en el Traslado privado en Cannes (aeropuerto, puerto o inter-ciudad)<\/strong><\/h2>\n<p>Ofrecemos servicio de traslados privados en toda Francia. Nuestro <strong>servicio es personalizado y privado<\/strong>, adaptado a las necesidades de cada cliente. Nuestra flota de veh\u00edculos es de alta gama, y estos poseen la licencia requerida para operar en toda Europa.<\/p>\n<p>Cannes est\u00e1 situada en la regi\u00f3n de la Provence, en el sur de Francia. En uno de los centros tur\u00edsticos m\u00e1s grandes de la Costa Azul. All\u00ed se celebra el c\u00e9lebre festival europeo de cine internacional. Cannes est\u00e1 ubicada cerca de otras ciudades muy famosas y tur\u00edsticas como St. Tropez, Monaco y Niza. No pierda la oportunidad para disfrutar de su maravilloso paseo mar\u00edtimo y de sus tiendas de lujo.<\/p>\n<p>Para nuestros traslados privados en Cannes no limitamos la cantidad de equipaje. Pero le rogamos que informe anteriormente con cu\u00e1nto equipaje viajar\u00e1, solo por cuestiones log\u00edsticas. Un veh\u00edculo m\u00e1s grande podr\u00eda ser necesario, llegado el caso.<\/p>\n<p><strong>En caso de necesitar un asiento para beb\u00e9 o ni\u00f1o, p\u00f3ngase en contacto con nosotros antes de su vuelo o crucero para organizarlo correctamente.<\/strong><\/p>\n","protected":false},"excerpt":{"rendered":"<p>Aproveche esta oportunidad para llegar a su destino en Cannes de la manera m\u00e1s c\u00f3moda y r\u00e1pida posible. Disfrute de un traslado privado organizado a medida, de acuerdo a sus intereses.<br \/>\n<strong>Organizamos recogidas desde su hotel, aeropuerto o cualquier lugar de Cannes.<\/strong><\/p>\n","protected":false},"featured_media":8880,"comment_status":"open","ping_status":"closed","template":"","meta":{"_acf_changed":false},"product_brand":[],"product_cat":[473,475],"product_tag":[],"class_list":{"0":"post-12418","1":"product","2":"type-product","3":"status-publish","4":"has-post-thumbnail","6":"product_cat-cannes-es","7":"product_cat-cannes-traslados-es","9":"first","10":"instock","11":"shipping-taxable","12":"purchasable","13":"product-type-simple"},"acf":[],"yoast_head":"<!-- This site is optimized with the Yoast SEO Premium plugin v25.3.1 (Yoast SEO v25.3.1) - https:\/\/yoast.com\/wordpress\/plugins\/seo\/ -->\n<title>\u27a1\ufe0f Traslados privados en Cannes con chofer privado y veh\u00edculo de lujo | TTM<\/title>\n<meta name=\"description\" content=\"Oportunidad para llegar a su destino en Cannes de la manera m\u00e1s c\u00f3moda y r\u00e1pida. Recogidas desde su hotel, aeropuerto o cualquier sitio de Cannes \u2705\" \/>\n<meta name=\"robots\" content=\"index, follow, max-snippet:-1, max-image-preview:large, max-video-preview:-1\" \/>\n<link rel=\"canonical\" href=\"https:\/\/tourtravelandmore.com\/es\/tours\/francia\/cannes-es\/traslado-privado-en-cannes\/\" \/>\n<meta property=\"og:locale\" content=\"es_ES\" \/>\n<meta property=\"og:type\" content=\"article\" \/>\n<meta property=\"og:title\" content=\"Traslado privado en Cannes (aeropuerto, puerto o inter-ciudad)\" \/>\n<meta property=\"og:description\" content=\"Oportunidad para llegar a su destino en Cannes de la manera m\u00e1s c\u00f3moda y r\u00e1pida. Recogidas desde su hotel, aeropuerto o cualquier sitio de Cannes \u2705\" \/>\n<meta property=\"og:url\" content=\"https:\/\/tourtravelandmore.com\/es\/tours\/francia\/cannes-es\/traslado-privado-en-cannes\/\" \/>\n<meta property=\"og:site_name\" content=\"Tour Travel And More\" \/>\n<meta property=\"article:publisher\" content=\"https:\/\/www.facebook.com\/tourtravelandmore\/\" \/>\n<meta property=\"article:modified_time\" content=\"2022-07-15T08:35:16+00:00\" \/>\n<meta property=\"og:image\" content=\"https:\/\/tourtravelandmore.com\/wp-content\/uploads\/2016\/11\/CLASE-S-1-copia.png\" \/>\n\t<meta property=\"og:image:width\" content=\"640\" \/>\n\t<meta property=\"og:image:height\" content=\"425\" \/>\n\t<meta property=\"og:image:type\" content=\"image\/png\" \/>\n<meta name=\"twitter:card\" content=\"summary_large_image\" \/>\n<meta name=\"twitter:site\" content=\"@TourTravel_More\" \/>\n<meta name=\"twitter:label1\" content=\"Tiempo de lectura\" \/>\n\t<meta name=\"twitter:data1\" content=\"2 minutos\" \/>\n<script type=\"application\/ld+json\" class=\"yoast-schema-graph\">{\"@context\":\"https:\/\/schema.org\",\"@graph\":[{\"@type\":\"WebPage\",\"@id\":\"https:\/\/tourtravelandmore.com\/es\/tours\/francia\/cannes-es\/traslado-privado-en-cannes\/\",\"url\":\"https:\/\/tourtravelandmore.com\/es\/tours\/francia\/cannes-es\/traslado-privado-en-cannes\/\",\"name\":\"\u27a1\ufe0f Traslados privados en Cannes con chofer privado y veh\u00edculo de lujo | TTM\",\"isPartOf\":{\"@id\":\"https:\/\/tourtravelandmore.com\/es\/#website\"},\"primaryImageOfPage\":{\"@id\":\"https:\/\/tourtravelandmore.com\/es\/tours\/francia\/cannes-es\/traslado-privado-en-cannes\/#primaryimage\"},\"image\":{\"@id\":\"https:\/\/tourtravelandmore.com\/es\/tours\/francia\/cannes-es\/traslado-privado-en-cannes\/#primaryimage\"},\"thumbnailUrl\":\"https:\/\/tourtravelandmore.com\/wp-content\/uploads\/2016\/11\/CLASE-S-1-copia.png\",\"datePublished\":\"2017-05-12T14:36:26+00:00\",\"dateModified\":\"2022-07-15T08:35:16+00:00\",\"description\":\"Oportunidad para llegar a su destino en Cannes de la manera m\u00e1s c\u00f3moda y r\u00e1pida. Recogidas desde su hotel, aeropuerto o cualquier sitio de Cannes \u2705\",\"breadcrumb\":{\"@id\":\"https:\/\/tourtravelandmore.com\/es\/tours\/francia\/cannes-es\/traslado-privado-en-cannes\/#breadcrumb\"},\"inLanguage\":\"es\",\"potentialAction\":[{\"@type\":\"ReadAction\",\"target\":[\"https:\/\/tourtravelandmore.com\/es\/tours\/francia\/cannes-es\/traslado-privado-en-cannes\/\"]}]},{\"@type\":\"ImageObject\",\"inLanguage\":\"es\",\"@id\":\"https:\/\/tourtravelandmore.com\/es\/tours\/francia\/cannes-es\/traslado-privado-en-cannes\/#primaryimage\",\"url\":\"https:\/\/tourtravelandmore.com\/wp-content\/uploads\/2016\/11\/CLASE-S-1-copia.png\",\"contentUrl\":\"https:\/\/tourtravelandmore.com\/wp-content\/uploads\/2016\/11\/CLASE-S-1-copia.png\",\"width\":640,\"height\":425},{\"@type\":\"BreadcrumbList\",\"@id\":\"https:\/\/tourtravelandmore.com\/es\/tours\/francia\/cannes-es\/traslado-privado-en-cannes\/#breadcrumb\",\"itemListElement\":[{\"@type\":\"ListItem\",\"position\":1,\"name\":\"Home\",\"item\":\"https:\/\/tourtravelandmore.com\/es\/\"},{\"@type\":\"ListItem\",\"position\":2,\"name\":\"Tours\",\"item\":\"https:\/\/tourtravelandmore.com\/es\/tours\/\"},{\"@type\":\"ListItem\",\"position\":3,\"name\":\"Traslado privado en Cannes (aeropuerto, puerto o inter-ciudad)\"}]},{\"@type\":\"WebSite\",\"@id\":\"https:\/\/tourtravelandmore.com\/es\/#website\",\"url\":\"https:\/\/tourtravelandmore.com\/es\/\",\"name\":\"Tour Travel And More\",\"description\":\"Private sightseeing tours and luxury transfers in Spain\",\"publisher\":{\"@id\":\"https:\/\/tourtravelandmore.com\/es\/#organization\"},\"potentialAction\":[{\"@type\":\"SearchAction\",\"target\":{\"@type\":\"EntryPoint\",\"urlTemplate\":\"https:\/\/tourtravelandmore.com\/es\/?s={search_term_string}\"},\"query-input\":{\"@type\":\"PropertyValueSpecification\",\"valueRequired\":true,\"valueName\":\"search_term_string\"}}],\"inLanguage\":\"es\"},{\"@type\":\"Organization\",\"@id\":\"https:\/\/tourtravelandmore.com\/es\/#organization\",\"name\":\"Tour Travel And More\",\"url\":\"https:\/\/tourtravelandmore.com\/es\/\",\"logo\":{\"@type\":\"ImageObject\",\"inLanguage\":\"es\",\"@id\":\"https:\/\/tourtravelandmore.com\/es\/#\/schema\/logo\/image\/\",\"url\":\"https:\/\/tourtravelandmore.com\/wp-content\/uploads\/2022\/12\/cropped-logo-cabecera-new.png\",\"contentUrl\":\"https:\/\/tourtravelandmore.com\/wp-content\/uploads\/2022\/12\/cropped-logo-cabecera-new.png\",\"width\":430,\"height\":61,\"caption\":\"Tour Travel And More\"},\"image\":{\"@id\":\"https:\/\/tourtravelandmore.com\/es\/#\/schema\/logo\/image\/\"},\"sameAs\":[\"https:\/\/www.facebook.com\/tourtravelandmore\/\",\"https:\/\/x.com\/TourTravel_More\"]}]}<\/script>\n<!-- \/ Yoast SEO Premium plugin. -->","yoast_head_json":{"title":"\u27a1\ufe0f Traslados privados en Cannes con chofer privado y veh\u00edculo de lujo | TTM","description":"Oportunidad para llegar a su destino en Cannes de la manera m\u00e1s c\u00f3moda y r\u00e1pida. Recogidas desde su hotel, aeropuerto o cualquier sitio de Cannes \u2705","robots":{"index":"index","follow":"follow","max-snippet":"max-snippet:-1","max-image-preview":"max-image-preview:large","max-video-preview":"max-video-preview:-1"},"canonical":"https:\/\/tourtravelandmore.com\/es\/tours\/francia\/cannes-es\/traslado-privado-en-cannes\/","og_locale":"es_ES","og_type":"article","og_title":"Traslado privado en Cannes (aeropuerto, puerto o inter-ciudad)","og_description":"Oportunidad para llegar a su destino en Cannes de la manera m\u00e1s c\u00f3moda y r\u00e1pida. Recogidas desde su hotel, aeropuerto o cualquier sitio de Cannes \u2705","og_url":"https:\/\/tourtravelandmore.com\/es\/tours\/francia\/cannes-es\/traslado-privado-en-cannes\/","og_site_name":"Tour Travel And More","article_publisher":"https:\/\/www.facebook.com\/tourtravelandmore\/","article_modified_time":"2022-07-15T08:35:16+00:00","og_image":[{"width":640,"height":425,"url":"https:\/\/tourtravelandmore.com\/wp-content\/uploads\/2016\/11\/CLASE-S-1-copia.png","type":"image\/png"}],"twitter_card":"summary_large_image","twitter_site":"@TourTravel_More","twitter_misc":{"Tiempo de lectura":"2 minutos"},"schema":{"@context":"https:\/\/schema.org","@graph":[{"@type":"WebPage","@id":"https:\/\/tourtravelandmore.com\/es\/tours\/francia\/cannes-es\/traslado-privado-en-cannes\/","url":"https:\/\/tourtravelandmore.com\/es\/tours\/francia\/cannes-es\/traslado-privado-en-cannes\/","name":"\u27a1\ufe0f Traslados privados en Cannes con chofer privado y veh\u00edculo de lujo | TTM","isPartOf":{"@id":"https:\/\/tourtravelandmore.com\/es\/#website"},"primaryImageOfPage":{"@id":"https:\/\/tourtravelandmore.com\/es\/tours\/francia\/cannes-es\/traslado-privado-en-cannes\/#primaryimage"},"image":{"@id":"https:\/\/tourtravelandmore.com\/es\/tours\/francia\/cannes-es\/traslado-privado-en-cannes\/#primaryimage"},"thumbnailUrl":"https:\/\/tourtravelandmore.com\/wp-content\/uploads\/2016\/11\/CLASE-S-1-copia.png","datePublished":"2017-05-12T14:36:26+00:00","dateModified":"2022-07-15T08:35:16+00:00","description":"Oportunidad para llegar a su destino en Cannes de la manera m\u00e1s c\u00f3moda y r\u00e1pida. Recogidas desde su hotel, aeropuerto o cualquier sitio de Cannes \u2705","breadcrumb":{"@id":"https:\/\/tourtravelandmore.com\/es\/tours\/francia\/cannes-es\/traslado-privado-en-cannes\/#breadcrumb"},"inLanguage":"es","potentialAction":[{"@type":"ReadAction","target":["https:\/\/tourtravelandmore.com\/es\/tours\/francia\/cannes-es\/traslado-privado-en-cannes\/"]}]},{"@type":"ImageObject","inLanguage":"es","@id":"https:\/\/tourtravelandmore.com\/es\/tours\/francia\/cannes-es\/traslado-privado-en-cannes\/#primaryimage","url":"https:\/\/tourtravelandmore.com\/wp-content\/uploads\/2016\/11\/CLASE-S-1-copia.png","contentUrl":"https:\/\/tourtravelandmore.com\/wp-content\/uploads\/2016\/11\/CLASE-S-1-copia.png","width":640,"height":425},{"@type":"BreadcrumbList","@id":"https:\/\/tourtravelandmore.com\/es\/tours\/francia\/cannes-es\/traslado-privado-en-cannes\/#breadcrumb","itemListElement":[{"@type":"ListItem","position":1,"name":"Home","item":"https:\/\/tourtravelandmore.com\/es\/"},{"@type":"ListItem","position":2,"name":"Tours","item":"https:\/\/tourtravelandmore.com\/es\/tours\/"},{"@type":"ListItem","position":3,"name":"Traslado privado en Cannes (aeropuerto, puerto o inter-ciudad)"}]},{"@type":"WebSite","@id":"https:\/\/tourtravelandmore.com\/es\/#website","url":"https:\/\/tourtravelandmore.com\/es\/","name":"Tour Travel And More","description":"Private sightseeing tours and luxury transfers in Spain","publisher":{"@id":"https:\/\/tourtravelandmore.com\/es\/#organization"},"potentialAction":[{"@type":"SearchAction","target":{"@type":"EntryPoint","urlTemplate":"https:\/\/tourtravelandmore.com\/es\/?s={search_term_string}"},"query-input":{"@type":"PropertyValueSpecification","valueRequired":true,"valueName":"search_term_string"}}],"inLanguage":"es"},{"@type":"Organization","@id":"https:\/\/tourtravelandmore.com\/es\/#organization","name":"Tour Travel And More","url":"https:\/\/tourtravelandmore.com\/es\/","logo":{"@type":"ImageObject","inLanguage":"es","@id":"https:\/\/tourtravelandmore.com\/es\/#\/schema\/logo\/image\/","url":"https:\/\/tourtravelandmore.com\/wp-content\/uploads\/2022\/12\/cropped-logo-cabecera-new.png","contentUrl":"https:\/\/tourtravelandmore.com\/wp-content\/uploads\/2022\/12\/cropped-logo-cabecera-new.png","width":430,"height":61,"caption":"Tour Travel And More"},"image":{"@id":"https:\/\/tourtravelandmore.com\/es\/#\/schema\/logo\/image\/"},"sameAs":["https:\/\/www.facebook.com\/tourtravelandmore\/","https:\/\/x.com\/TourTravel_More"]}]}},"_links":{"self":[{"href":"https:\/\/tourtravelandmore.com\/es\/wp-json\/wp\/v2\/product\/12418","targetHints":{"allow":["GET"]}}],"collection":[{"href":"https:\/\/tourtravelandmore.com\/es\/wp-json\/wp\/v2\/product"}],"about":[{"href":"https:\/\/tourtravelandmore.com\/es\/wp-json\/wp\/v2\/types\/product"}],"replies":[{"embeddable":true,"href":"https:\/\/tourtravelandmore.com\/es\/wp-json\/wp\/v2\/comments?post=12418"}],"wp:featuredmedia":[{"embeddable":true,"href":"https:\/\/tourtravelandmore.com\/es\/wp-json\/wp\/v2\/media\/8880"}],"wp:attachment":[{"href":"https:\/\/tourtravelandmore.com\/es\/wp-json\/wp\/v2\/media?parent=12418"}],"wp:term":[{"taxonomy":"product_brand","embeddable":true,"href":"https:\/\/tourtravelandmore.com\/es\/wp-json\/wp\/v2\/product_brand?post=12418"},{"taxonomy":"product_cat","embeddable":true,"href":"https:\/\/tourtravelandmore.com\/es\/wp-json\/wp\/v2\/product_cat?post=12418"},{"taxonomy":"product_tag","embeddable":true,"href":"https:\/\/tourtravelandmore.com\/es\/wp-json\/wp\/v2\/product_tag?post=12418"}],"curies":[{"name":"wp","href":"https:\/\/api.w.org\/{rel}","templated":true}]}}