{"id":12413,"date":"2017-05-12T11:03:30","date_gmt":"2017-05-12T14:30:09","guid":{"rendered":"http:\/\/tourtravelandmore.com\/es\/?post_type=product&#038;p=12413"},"modified":"2022-07-15T09:59:17","modified_gmt":"2022-07-15T07:59:17","slug":"tour-privado-cannes-antibes-desde-cannes","status":"publish","type":"product","link":"https:\/\/tourtravelandmore.com\/es\/tours\/francia\/cannes-es\/tour-privado-cannes-antibes-desde-cannes\/","title":{"rendered":"Tour Privado de Cannes y Antibes con chofer\/gu\u00eda privado"},"content":{"rendered":"<h2><strong>Descripci\u00f3n del Tour Privado de Cannes y Antibes\u00a0<\/strong><\/h2>\n<p>Descubra la magn\u00edfica ciudad de <strong>Cannes<\/strong>\u00a0y la bah\u00eda de\u00a0<strong>Antibes<\/strong>\u00a0en un\u00a0<strong>coche de lujo privado<\/strong>, con un <strong>chofer\/gu\u00eda<\/strong> privado, experto en la regi\u00f3n. Explore la Riviera francesa con nuestro tour privado de Cannes.<\/p>\n<p>El horario de salida y sitio de recogida son adaptables a su deseo personal. Podemos coordinar recogidas desde Cannes, M\u00f3naco, Niza, el puerto Villefranche sur mer y alrededores.<\/p>\n<p>Este tour es personalizable y adaptable a su deseo personal. Puede personalizar vuestro tour contactando con nosotros. Aqu\u00ed os dejamos un ejemplo de itinerario, el tour ser\u00e1 personalizado para que puedan ver y conocer los sitios que deseen en Cannes y la bah\u00eda de Antibes.<\/p>\n<h2><strong>Puntos de inter\u00e9s en el Tour Privado de Cannes y Antibes\u00a0<\/strong><\/h2>\n<p>Para comenzar su tour privado de Cannes, su chofer le recoger\u00e1 en su hotel o sitio deseado al horario elegido por vosotros. Primero visitar\u00e1 Cannes, ir\u00e1n a los sitios m\u00e1s importantes de la ciudad. Entre ellos su paseo mar\u00edtimo y el bulevar de la Croisette, donde se encuentran los hoteles y tiendas de lujo. Visitar\u00e1n el puerto, donde podr\u00e1n de ver los yates de recreo y pesca. Tambi\u00e9n podr\u00e1n ver las espl\u00e9ndidas vistas de la bah\u00eda de la Napoule y los picos de Esterel.<\/p>\n<p>A continuaci\u00f3n ir\u00e1n en direcci\u00f3n este hasta llegar a la bah\u00eda de Antibes y Juan les Pins. All\u00ed podr\u00e1n ver las torres del siglo XII, el castillo de los Grimaldi y visitar el pueblo de Vallauris, donde se encuentra el <a href=\"https:\/\/musees-nationaux-alpesmaritimes.fr\/picasso\/\">museo nacional Picasso<\/a>, situado en el chateau de Vallauris.<\/p>\n<p>Su chofer\/gu\u00eda estar\u00e1 a su entera disposici\u00f3n durante todo el tour.<br \/>\n<strong>La duraci\u00f3n de esta propuesta privada es de 4 horas. Pero no dud\u00e9is en contactarnos si quer\u00e9is una duraci\u00f3n mayor del tour.<\/strong><\/p>\n","protected":false},"excerpt":{"rendered":"<p>Disfruta de este\u00a0<strong>tour privado a medida<\/strong> de la ciudad de\u00a0<strong>Cannes y la bah\u00eda de Antibes<\/strong>. Toma la oportunidad de visitar y conocer la riviera francesa en tu veh\u00edculo con chofer\/gu\u00eda privado, experto conocedor de la regi\u00f3n.<\/p>\n","protected":false},"featured_media":18672,"comment_status":"open","ping_status":"closed","template":"","meta":{"_acf_changed":false},"product_brand":[],"product_cat":[473,564,474,566],"product_tag":[],"class_list":{"0":"post-12413","1":"product","2":"type-product","3":"status-publish","4":"has-post-thumbnail","6":"product_cat-cannes-es","7":"product_cat-cannes-actividades-es","8":"product_cat-cannes-rutas-turisticas-privadas-es","9":"product_cat-cannes-excursiones-privadas-cruceros-es","11":"first","12":"instock","13":"shipping-taxable","14":"purchasable","15":"product-type-simple"},"acf":[],"yoast_head":"<!-- This site is optimized with the Yoast SEO Premium plugin v25.3.1 (Yoast SEO v25.3.1) - https:\/\/yoast.com\/wordpress\/plugins\/seo\/ -->\n<title>\u27a1\ufe0f Tour Privado de Cannes y Antibes con chofer\/gu\u00eda privado | TTM<\/title>\n<meta name=\"description\" content=\"Disfruta de este tour privado de la hermosa ciudad de Cannes y su vecina bah\u00eda de Antibes. Conoce esta hermosa regi\u00f3n en veh\u00edculo de lujo privado con chofer \u2705\" \/>\n<meta name=\"robots\" content=\"index, follow, max-snippet:-1, max-image-preview:large, max-video-preview:-1\" \/>\n<link rel=\"canonical\" href=\"https:\/\/tourtravelandmore.com\/es\/tours\/francia\/cannes-es\/tour-privado-cannes-antibes-desde-cannes\/\" \/>\n<meta property=\"og:locale\" content=\"es_ES\" \/>\n<meta property=\"og:type\" content=\"article\" \/>\n<meta property=\"og:title\" content=\"Tour Privado de Cannes y Antibes con chofer\/gu\u00eda privado\" \/>\n<meta property=\"og:description\" content=\"Disfruta de este tour privado de la hermosa ciudad de Cannes y su vecina bah\u00eda de Antibes. Conoce esta hermosa regi\u00f3n en veh\u00edculo de lujo privado con chofer \u2705\" \/>\n<meta property=\"og:url\" content=\"https:\/\/tourtravelandmore.com\/es\/tours\/francia\/cannes-es\/tour-privado-cannes-antibes-desde-cannes\/\" \/>\n<meta property=\"og:site_name\" content=\"Tour Travel And More\" \/>\n<meta property=\"article:publisher\" content=\"https:\/\/www.facebook.com\/tourtravelandmore\/\" \/>\n<meta property=\"article:modified_time\" content=\"2022-07-15T07:59:17+00:00\" \/>\n<meta property=\"og:image\" content=\"https:\/\/tourtravelandmore.com\/wp-content\/uploads\/2018\/03\/Cannes.jpg\" \/>\n\t<meta property=\"og:image:width\" content=\"960\" \/>\n\t<meta property=\"og:image:height\" content=\"710\" \/>\n\t<meta property=\"og:image:type\" content=\"image\/jpeg\" \/>\n<meta name=\"twitter:card\" content=\"summary_large_image\" \/>\n<meta name=\"twitter:site\" content=\"@TourTravel_More\" \/>\n<meta name=\"twitter:label1\" content=\"Tiempo de lectura\" \/>\n\t<meta name=\"twitter:data1\" content=\"2 minutos\" \/>\n<script type=\"application\/ld+json\" class=\"yoast-schema-graph\">{\"@context\":\"https:\/\/schema.org\",\"@graph\":[{\"@type\":\"WebPage\",\"@id\":\"https:\/\/tourtravelandmore.com\/es\/tours\/francia\/cannes-es\/tour-privado-cannes-antibes-desde-cannes\/\",\"url\":\"https:\/\/tourtravelandmore.com\/es\/tours\/francia\/cannes-es\/tour-privado-cannes-antibes-desde-cannes\/\",\"name\":\"\u27a1\ufe0f Tour Privado de Cannes y Antibes con chofer\/gu\u00eda privado | TTM\",\"isPartOf\":{\"@id\":\"https:\/\/tourtravelandmore.com\/es\/#website\"},\"primaryImageOfPage\":{\"@id\":\"https:\/\/tourtravelandmore.com\/es\/tours\/francia\/cannes-es\/tour-privado-cannes-antibes-desde-cannes\/#primaryimage\"},\"image\":{\"@id\":\"https:\/\/tourtravelandmore.com\/es\/tours\/francia\/cannes-es\/tour-privado-cannes-antibes-desde-cannes\/#primaryimage\"},\"thumbnailUrl\":\"https:\/\/tourtravelandmore.com\/wp-content\/uploads\/2018\/03\/Cannes.jpg\",\"datePublished\":\"2017-05-12T14:30:09+00:00\",\"dateModified\":\"2022-07-15T07:59:17+00:00\",\"description\":\"Disfruta de este tour privado de la hermosa ciudad de Cannes y su vecina bah\u00eda de Antibes. Conoce esta hermosa regi\u00f3n en veh\u00edculo de lujo privado con chofer \u2705\",\"breadcrumb\":{\"@id\":\"https:\/\/tourtravelandmore.com\/es\/tours\/francia\/cannes-es\/tour-privado-cannes-antibes-desde-cannes\/#breadcrumb\"},\"inLanguage\":\"es\",\"potentialAction\":[{\"@type\":\"ReadAction\",\"target\":[\"https:\/\/tourtravelandmore.com\/es\/tours\/francia\/cannes-es\/tour-privado-cannes-antibes-desde-cannes\/\"]}]},{\"@type\":\"ImageObject\",\"inLanguage\":\"es\",\"@id\":\"https:\/\/tourtravelandmore.com\/es\/tours\/francia\/cannes-es\/tour-privado-cannes-antibes-desde-cannes\/#primaryimage\",\"url\":\"https:\/\/tourtravelandmore.com\/wp-content\/uploads\/2018\/03\/Cannes.jpg\",\"contentUrl\":\"https:\/\/tourtravelandmore.com\/wp-content\/uploads\/2018\/03\/Cannes.jpg\",\"width\":960,\"height\":710},{\"@type\":\"BreadcrumbList\",\"@id\":\"https:\/\/tourtravelandmore.com\/es\/tours\/francia\/cannes-es\/tour-privado-cannes-antibes-desde-cannes\/#breadcrumb\",\"itemListElement\":[{\"@type\":\"ListItem\",\"position\":1,\"name\":\"Home\",\"item\":\"https:\/\/tourtravelandmore.com\/es\/\"},{\"@type\":\"ListItem\",\"position\":2,\"name\":\"Tours\",\"item\":\"https:\/\/tourtravelandmore.com\/es\/tours\/\"},{\"@type\":\"ListItem\",\"position\":3,\"name\":\"Tour Privado de Cannes y Antibes con chofer\/gu\u00eda privado\"}]},{\"@type\":\"WebSite\",\"@id\":\"https:\/\/tourtravelandmore.com\/es\/#website\",\"url\":\"https:\/\/tourtravelandmore.com\/es\/\",\"name\":\"Tour Travel And More\",\"description\":\"Private sightseeing tours and luxury transfers in Spain\",\"publisher\":{\"@id\":\"https:\/\/tourtravelandmore.com\/es\/#organization\"},\"potentialAction\":[{\"@type\":\"SearchAction\",\"target\":{\"@type\":\"EntryPoint\",\"urlTemplate\":\"https:\/\/tourtravelandmore.com\/es\/?s={search_term_string}\"},\"query-input\":{\"@type\":\"PropertyValueSpecification\",\"valueRequired\":true,\"valueName\":\"search_term_string\"}}],\"inLanguage\":\"es\"},{\"@type\":\"Organization\",\"@id\":\"https:\/\/tourtravelandmore.com\/es\/#organization\",\"name\":\"Tour Travel And More\",\"url\":\"https:\/\/tourtravelandmore.com\/es\/\",\"logo\":{\"@type\":\"ImageObject\",\"inLanguage\":\"es\",\"@id\":\"https:\/\/tourtravelandmore.com\/es\/#\/schema\/logo\/image\/\",\"url\":\"https:\/\/tourtravelandmore.com\/wp-content\/uploads\/2022\/12\/cropped-logo-cabecera-new.png\",\"contentUrl\":\"https:\/\/tourtravelandmore.com\/wp-content\/uploads\/2022\/12\/cropped-logo-cabecera-new.png\",\"width\":430,\"height\":61,\"caption\":\"Tour Travel And More\"},\"image\":{\"@id\":\"https:\/\/tourtravelandmore.com\/es\/#\/schema\/logo\/image\/\"},\"sameAs\":[\"https:\/\/www.facebook.com\/tourtravelandmore\/\",\"https:\/\/x.com\/TourTravel_More\"]}]}<\/script>\n<!-- \/ Yoast SEO Premium plugin. -->","yoast_head_json":{"title":"\u27a1\ufe0f Tour Privado de Cannes y Antibes con chofer\/gu\u00eda privado | TTM","description":"Disfruta de este tour privado de la hermosa ciudad de Cannes y su vecina bah\u00eda de Antibes. Conoce esta hermosa regi\u00f3n en veh\u00edculo de lujo privado con chofer \u2705","robots":{"index":"index","follow":"follow","max-snippet":"max-snippet:-1","max-image-preview":"max-image-preview:large","max-video-preview":"max-video-preview:-1"},"canonical":"https:\/\/tourtravelandmore.com\/es\/tours\/francia\/cannes-es\/tour-privado-cannes-antibes-desde-cannes\/","og_locale":"es_ES","og_type":"article","og_title":"Tour Privado de Cannes y Antibes con chofer\/gu\u00eda privado","og_description":"Disfruta de este tour privado de la hermosa ciudad de Cannes y su vecina bah\u00eda de Antibes. Conoce esta hermosa regi\u00f3n en veh\u00edculo de lujo privado con chofer \u2705","og_url":"https:\/\/tourtravelandmore.com\/es\/tours\/francia\/cannes-es\/tour-privado-cannes-antibes-desde-cannes\/","og_site_name":"Tour Travel And More","article_publisher":"https:\/\/www.facebook.com\/tourtravelandmore\/","article_modified_time":"2022-07-15T07:59:17+00:00","og_image":[{"width":960,"height":710,"url":"https:\/\/tourtravelandmore.com\/wp-content\/uploads\/2018\/03\/Cannes.jpg","type":"image\/jpeg"}],"twitter_card":"summary_large_image","twitter_site":"@TourTravel_More","twitter_misc":{"Tiempo de lectura":"2 minutos"},"schema":{"@context":"https:\/\/schema.org","@graph":[{"@type":"WebPage","@id":"https:\/\/tourtravelandmore.com\/es\/tours\/francia\/cannes-es\/tour-privado-cannes-antibes-desde-cannes\/","url":"https:\/\/tourtravelandmore.com\/es\/tours\/francia\/cannes-es\/tour-privado-cannes-antibes-desde-cannes\/","name":"\u27a1\ufe0f Tour Privado de Cannes y Antibes con chofer\/gu\u00eda privado | TTM","isPartOf":{"@id":"https:\/\/tourtravelandmore.com\/es\/#website"},"primaryImageOfPage":{"@id":"https:\/\/tourtravelandmore.com\/es\/tours\/francia\/cannes-es\/tour-privado-cannes-antibes-desde-cannes\/#primaryimage"},"image":{"@id":"https:\/\/tourtravelandmore.com\/es\/tours\/francia\/cannes-es\/tour-privado-cannes-antibes-desde-cannes\/#primaryimage"},"thumbnailUrl":"https:\/\/tourtravelandmore.com\/wp-content\/uploads\/2018\/03\/Cannes.jpg","datePublished":"2017-05-12T14:30:09+00:00","dateModified":"2022-07-15T07:59:17+00:00","description":"Disfruta de este tour privado de la hermosa ciudad de Cannes y su vecina bah\u00eda de Antibes. Conoce esta hermosa regi\u00f3n en veh\u00edculo de lujo privado con chofer \u2705","breadcrumb":{"@id":"https:\/\/tourtravelandmore.com\/es\/tours\/francia\/cannes-es\/tour-privado-cannes-antibes-desde-cannes\/#breadcrumb"},"inLanguage":"es","potentialAction":[{"@type":"ReadAction","target":["https:\/\/tourtravelandmore.com\/es\/tours\/francia\/cannes-es\/tour-privado-cannes-antibes-desde-cannes\/"]}]},{"@type":"ImageObject","inLanguage":"es","@id":"https:\/\/tourtravelandmore.com\/es\/tours\/francia\/cannes-es\/tour-privado-cannes-antibes-desde-cannes\/#primaryimage","url":"https:\/\/tourtravelandmore.com\/wp-content\/uploads\/2018\/03\/Cannes.jpg","contentUrl":"https:\/\/tourtravelandmore.com\/wp-content\/uploads\/2018\/03\/Cannes.jpg","width":960,"height":710},{"@type":"BreadcrumbList","@id":"https:\/\/tourtravelandmore.com\/es\/tours\/francia\/cannes-es\/tour-privado-cannes-antibes-desde-cannes\/#breadcrumb","itemListElement":[{"@type":"ListItem","position":1,"name":"Home","item":"https:\/\/tourtravelandmore.com\/es\/"},{"@type":"ListItem","position":2,"name":"Tours","item":"https:\/\/tourtravelandmore.com\/es\/tours\/"},{"@type":"ListItem","position":3,"name":"Tour Privado de Cannes y Antibes con chofer\/gu\u00eda privado"}]},{"@type":"WebSite","@id":"https:\/\/tourtravelandmore.com\/es\/#website","url":"https:\/\/tourtravelandmore.com\/es\/","name":"Tour Travel And More","description":"Private sightseeing tours and luxury transfers in Spain","publisher":{"@id":"https:\/\/tourtravelandmore.com\/es\/#organization"},"potentialAction":[{"@type":"SearchAction","target":{"@type":"EntryPoint","urlTemplate":"https:\/\/tourtravelandmore.com\/es\/?s={search_term_string}"},"query-input":{"@type":"PropertyValueSpecification","valueRequired":true,"valueName":"search_term_string"}}],"inLanguage":"es"},{"@type":"Organization","@id":"https:\/\/tourtravelandmore.com\/es\/#organization","name":"Tour Travel And More","url":"https:\/\/tourtravelandmore.com\/es\/","logo":{"@type":"ImageObject","inLanguage":"es","@id":"https:\/\/tourtravelandmore.com\/es\/#\/schema\/logo\/image\/","url":"https:\/\/tourtravelandmore.com\/wp-content\/uploads\/2022\/12\/cropped-logo-cabecera-new.png","contentUrl":"https:\/\/tourtravelandmore.com\/wp-content\/uploads\/2022\/12\/cropped-logo-cabecera-new.png","width":430,"height":61,"caption":"Tour Travel And More"},"image":{"@id":"https:\/\/tourtravelandmore.com\/es\/#\/schema\/logo\/image\/"},"sameAs":["https:\/\/www.facebook.com\/tourtravelandmore\/","https:\/\/x.com\/TourTravel_More"]}]}},"_links":{"self":[{"href":"https:\/\/tourtravelandmore.com\/es\/wp-json\/wp\/v2\/product\/12413","targetHints":{"allow":["GET"]}}],"collection":[{"href":"https:\/\/tourtravelandmore.com\/es\/wp-json\/wp\/v2\/product"}],"about":[{"href":"https:\/\/tourtravelandmore.com\/es\/wp-json\/wp\/v2\/types\/product"}],"replies":[{"embeddable":true,"href":"https:\/\/tourtravelandmore.com\/es\/wp-json\/wp\/v2\/comments?post=12413"}],"wp:featuredmedia":[{"embeddable":true,"href":"https:\/\/tourtravelandmore.com\/es\/wp-json\/wp\/v2\/media\/18672"}],"wp:attachment":[{"href":"https:\/\/tourtravelandmore.com\/es\/wp-json\/wp\/v2\/media?parent=12413"}],"wp:term":[{"taxonomy":"product_brand","embeddable":true,"href":"https:\/\/tourtravelandmore.com\/es\/wp-json\/wp\/v2\/product_brand?post=12413"},{"taxonomy":"product_cat","embeddable":true,"href":"https:\/\/tourtravelandmore.com\/es\/wp-json\/wp\/v2\/product_cat?post=12413"},{"taxonomy":"product_tag","embeddable":true,"href":"https:\/\/tourtravelandmore.com\/es\/wp-json\/wp\/v2\/product_tag?post=12413"}],"curies":[{"name":"wp","href":"https:\/\/api.w.org\/{rel}","templated":true}]}}