{"id":124057,"date":"2022-04-19T18:06:48","date_gmt":"2022-04-19T16:06:49","guid":{"rendered":"https:\/\/tourtravelandmore.com\/?post_type=product&#038;p=124057"},"modified":"2023-01-24T05:29:52","modified_gmt":"2023-01-24T04:29:52","slug":"tour-privado-a-pie-por-pamplona","status":"publish","type":"product","link":"https:\/\/tourtravelandmore.com\/es\/tours\/espana-es\/pamplona-es\/tour-privado-a-pie-por-pamplona\/","title":{"rendered":"Tour Privado a pie por Pamplona"},"content":{"rendered":"<h2><b>Descripci\u00f3n del Tour privado a pie por Pamplona<\/b><\/h2>\n<p><span style=\"font-weight: 400;\">Pamplona es una ciudad antigua situada al norte de Espa\u00f1a, la cual est\u00e1 rodeada de centenarias murallas medievales. Adem\u00e1s, es uno de los destinos preferidos por los turistas porque es la sede del festival de San Ferm\u00edn y tambi\u00e9n esconde muchos tesoros entre sus llamativas calles empedradas.\u00a0<\/span><\/p>\n<p><span style=\"font-weight: 400;\">En <\/span><b>este tour privado a pie por Pamplona<\/b><span style=\"font-weight: 400;\">, estar\u00e1s en compa\u00f1\u00eda de un gu\u00eda oficial experto en la historia local para que puedas explorar los rincones m\u00e1s atractivos de la capital de Navarra.\u00a0<\/span><\/p>\n<p><span style=\"font-weight: 400;\">Iniciaremos el tour en un lugar c\u00e9ntrico de la ciudad y el cual sea m\u00e1s c\u00f3modo para ti, puesto que <\/span><b>la experiencia es totalmente personalizada<\/b><span style=\"font-weight: 400;\">.<\/span><\/p>\n<p><span style=\"font-weight: 400;\">Ser\u00e1 un <\/span><b>paseo guiado de 3 horas<\/b><span style=\"font-weight: 400;\">, en el que descubrir\u00e1s la plaza del Castillo situada en pleno centro de la ciudad. Tambi\u00e9n, te llevaremos hasta la Catedral de Pamplona, el cual se considera uno de los edificios de estilo g\u00f3tico mejores conservados de Espa\u00f1a.\u00a0<\/span><\/p>\n<p><span style=\"font-weight: 400;\">Adem\u00e1s, visitar\u00e1s otras joyas hist\u00f3ricas como la Bas\u00edlica de San Lorenzo, el Parque de la Ciudadela, entre muchos otros sitios m\u00e1s.\u00a0<\/span><\/p>\n<p><span style=\"font-weight: 400;\">Tambi\u00e9n, es una excursi\u00f3n perfecta para que conozcas de cerca la historia de las tres tradiciones m\u00e1s importantes de Pamplona: la tauromaquia, la gastronom\u00eda y su emblem\u00e1tico encierro de San Ferm\u00edn.\u00a0<\/span><\/p>\n<p><span style=\"font-weight: 400;\">Al finalizar el tour privado, el gu\u00eda te llevar\u00e1 hasta un lugar c\u00e9ntrico de Pamplona para que contin\u00faes tu recorrido por la ciudad.\u00a0<\/span><\/p>\n<p><span style=\"font-weight: 400;\">Si quieres conocer un poco m\u00e1s de Navarra, puedes optar por nuestra <\/span><a href=\"https:\/\/tourtravelandmore.com\/tours\/spain\/pamplona\/private-excursion-to-the-monastery-of-la-oliva-ujue-and-olite-from-pamplona\/\"><b>excursi\u00f3n al monasterio de la Oliva, Uju\u00e9 y Olite desde Pamplona<\/b><\/a><span style=\"font-weight: 400;\">.\u00a0<\/span><\/p>\n<h2><span style=\"color: #d3af37;\"><b>Puntos de inter\u00e9s del tour privado<\/b><\/span><\/h2>\n<p><span style=\"font-weight: 400;\">Aunque Pamplona es reconocida en el mundo por su emblem\u00e1tico festival de San Ferm\u00edn, realmente es un destino que tiene muchas otras cosas para ofrecer a los visitantes.\u00a0<\/span><\/p>\n<p><span style=\"font-weight: 400;\">Realiza una <\/span><b>visita privada a pie por Pamplona<\/b><span style=\"font-weight: 400;\"> para que puedas conocer m\u00e1s de cerca la historia de esta atractiva ciudad medieval.\u00a0<\/span><\/p>\n<p><span style=\"font-weight: 400;\">Rel\u00e1jate, mientras exploras los lugares m\u00e1s interesantes de Pamplona sin la incomodidad de las multitudes y en compa\u00f1\u00eda de un gu\u00eda oficial, quien te llevar\u00e1 a conocer los siguientes puntos de inter\u00e9s:\u00a0<\/span><\/p>\n<h3><span style=\"color: #d3af37;\"><b>La Plaza del Castillo\u00a0<\/b><\/span><\/h3>\n<p><span style=\"font-weight: 400;\">Iniciamos la excursi\u00f3n guiada en pleno coraz\u00f3n de la ciudad: la Plaza del Castillo. Este punto era el antiguo patio de armas del castillo construido en ese lugar por Luis Hut\u00edn en 1310. A partir de entonces, ha formado parte esencial de las tradiciones en Pamplona.\u00a0<\/span><\/p>\n<p><span style=\"font-weight: 400;\">Adem\u00e1s, a su alrededor est\u00e1n algunos de los edificios m\u00e1s hist\u00f3ricos de la ciudad como, por ejemplo, el Palacio de Navarra.\u00a0<\/span><\/p>\n<p><span style=\"font-weight: 400;\">Tambi\u00e9n, en el centro de la plaza est\u00e1 su simb\u00f3lico quiosco, el cual data del a\u00f1o 1943 y que era uno de los lugares que m\u00e1s frecuentaba <\/span><i><span style=\"font-weight: 400;\">Ernest Hemingway<\/span><\/i><span style=\"font-weight: 400;\"> mientras vivi\u00f3 en Pamplona.<\/span><\/p>\n<h3><span style=\"color: #d3af37;\"><b>La Plaza Consistorial<\/b><\/span><\/h3>\n<p><span style=\"font-weight: 400;\">El recorrido te llevar\u00e1 a la Plaza Consistorial, una de los puntos m\u00e1s hist\u00f3ricos de la ciudad y en el que se encuentra el edificio del Ayuntamiento.\u00a0<\/span><\/p>\n<p><span style=\"font-weight: 400;\">Adem\u00e1s, este es un s\u00edmbolo de Pamplona, puesto que en ese lugar cada 6 de julio se da inicio a las fiestas de San Ferm\u00edn con el famoso \u201cchupinazo\u201d.\u00a0<\/span><\/p>\n<h3><span style=\"color: #d3af37;\"><b>La Catedral de Pamplona\u00a0<\/b><\/span><\/h3>\n<p><span style=\"font-weight: 400;\">No puedes perderte una visita a la Catedral de Pamplona, el cual es uno de los edificios g\u00f3ticos mejor conservados del pa\u00eds y que se combina con una delicada estructura neocl\u00e1sica.\u00a0<\/span><\/p>\n<p><span style=\"font-weight: 400;\">Este monumento alberga muchos tesoros hist\u00f3ricos como la tumba de Carlos III y de Leonor de Castilla.\u00a0<\/span><\/p>\n<p><span style=\"font-weight: 400;\">Muy cerca de la catedral, tambi\u00e9n se encuentra la Plaza San Jos\u00e9, el cual es un rinc\u00f3n que te enamorar\u00e1 por su bella arquitectura bohemia.\u00a0<\/span><\/p>\n<p><span style=\"font-weight: 400;\">Lo mejor es que todo el paseo ser\u00e1 con la compa\u00f1\u00eda de un gu\u00eda privado que se encargar\u00e1 de darte todos los datos hist\u00f3ricos de mayor inter\u00e9s para ti.\u00a0<\/span><\/p>\n<p><span style=\"font-weight: 400;\">Aparte de esos puntos atractivos, en este tour privado a pie tambi\u00e9n tendr\u00e1s la oportunidad de explorar los siguientes sitios:<\/span><\/p>\n<ul>\n<li><b>La ruta de los encierros.<\/b><\/li>\n<li><b>Las murallas de Pamplona.<\/b><\/li>\n<li><b>La Iglesia de San Saturnino.<\/b><\/li>\n<li><b>Parque Yamaguchi.<\/b><\/li>\n<li><b>Calle Estafeta.<\/b><\/li>\n<li><b>El Museo de Navarra y muchos destinos m\u00e1s.\u00a0<\/b><\/li>\n<\/ul>\n<p><span style=\"font-weight: 400;\">Al concluir el tour de 3 horas, el gu\u00eda te acompa\u00f1ar\u00e1 hasta un punto c\u00e9ntrico de la ciudad para que sigas disfrutando de todo lo que Pamplona tiene para ver y conocer. <\/span><\/p>\n","protected":false},"excerpt":{"rendered":"<p><span style=\"font-weight: 400;\">Disfruta de una excursi\u00f3n personalizada y exclusiva por la capital de Navarra. Este tour privado a pie por Pamplona es ideal para que explores su incre\u00edble centro hist\u00f3rico, la muralla medieval, la Catedral de Pamplona, la Plaza Consistorial, la calle Estafeta, entre muchos otros lugares atractivos de una de las ciudades m\u00e1s hermosas del norte de Espa\u00f1a.<\/span><\/p>\n","protected":false},"featured_media":124076,"comment_status":"open","ping_status":"closed","template":"","meta":{"_acf_changed":false},"product_brand":[],"product_cat":[1596,4100],"product_tag":[],"class_list":{"0":"post-124057","1":"product","2":"type-product","3":"status-publish","4":"has-post-thumbnail","6":"product_cat-espana-es","7":"product_cat-pamplona-es","9":"first","10":"instock","11":"shipping-taxable","12":"purchasable","13":"product-type-simple"},"acf":[],"yoast_head":"<!-- This site is optimized with the Yoast SEO Premium plugin v25.3.1 (Yoast SEO v25.3.1) - https:\/\/yoast.com\/wordpress\/plugins\/seo\/ -->\n<title>\u27a1\ufe0f Tour privado a pie por Pamplona en compa\u00f1\u00eda de un gu\u00eda privado | Tour Travel &amp; More<\/title>\n<meta name=\"description\" content=\"Explora las principales atracciones de Pamplona y conoce su interesante historia, en nuestro tour privado a pie por esta reconocida ciudad medieval \u2705\" \/>\n<meta name=\"robots\" content=\"index, follow, max-snippet:-1, max-image-preview:large, max-video-preview:-1\" \/>\n<link rel=\"canonical\" href=\"https:\/\/tourtravelandmore.com\/es\/tours\/espana-es\/pamplona-es\/tour-privado-a-pie-por-pamplona\/\" \/>\n<meta property=\"og:locale\" content=\"es_ES\" \/>\n<meta property=\"og:type\" content=\"article\" \/>\n<meta property=\"og:title\" content=\"Tour Privado a pie por Pamplona\" \/>\n<meta property=\"og:description\" content=\"Explora las principales atracciones de Pamplona y conoce su interesante historia, en nuestro tour privado a pie por esta reconocida ciudad medieval \u2705\" \/>\n<meta property=\"og:url\" content=\"https:\/\/tourtravelandmore.com\/es\/tours\/espana-es\/pamplona-es\/tour-privado-a-pie-por-pamplona\/\" \/>\n<meta property=\"og:site_name\" content=\"Tour Travel And More\" \/>\n<meta property=\"article:publisher\" content=\"https:\/\/www.facebook.com\/tourtravelandmore\/\" \/>\n<meta property=\"article:modified_time\" content=\"2023-01-24T04:29:52+00:00\" \/>\n<meta property=\"og:image\" content=\"https:\/\/tourtravelandmore.com\/wp-content\/uploads\/2022\/04\/image1-18.jpg\" \/>\n\t<meta property=\"og:image:width\" content=\"900\" \/>\n\t<meta property=\"og:image:height\" content=\"680\" \/>\n\t<meta property=\"og:image:type\" content=\"image\/jpeg\" \/>\n<meta name=\"twitter:card\" content=\"summary_large_image\" \/>\n<meta name=\"twitter:site\" content=\"@TourTravel_More\" \/>\n<meta name=\"twitter:label1\" content=\"Tiempo de lectura\" \/>\n\t<meta name=\"twitter:data1\" content=\"4 minutos\" \/>\n<script type=\"application\/ld+json\" class=\"yoast-schema-graph\">{\"@context\":\"https:\/\/schema.org\",\"@graph\":[{\"@type\":\"WebPage\",\"@id\":\"https:\/\/tourtravelandmore.com\/es\/tours\/espana-es\/pamplona-es\/tour-privado-a-pie-por-pamplona\/\",\"url\":\"https:\/\/tourtravelandmore.com\/es\/tours\/espana-es\/pamplona-es\/tour-privado-a-pie-por-pamplona\/\",\"name\":\"\u27a1\ufe0f Tour privado a pie por Pamplona en compa\u00f1\u00eda de un gu\u00eda privado | Tour Travel & More\",\"isPartOf\":{\"@id\":\"https:\/\/tourtravelandmore.com\/es\/#website\"},\"primaryImageOfPage\":{\"@id\":\"https:\/\/tourtravelandmore.com\/es\/tours\/espana-es\/pamplona-es\/tour-privado-a-pie-por-pamplona\/#primaryimage\"},\"image\":{\"@id\":\"https:\/\/tourtravelandmore.com\/es\/tours\/espana-es\/pamplona-es\/tour-privado-a-pie-por-pamplona\/#primaryimage\"},\"thumbnailUrl\":\"https:\/\/tourtravelandmore.com\/wp-content\/uploads\/2022\/04\/image1-18.jpg\",\"datePublished\":\"2022-04-19T16:06:49+00:00\",\"dateModified\":\"2023-01-24T04:29:52+00:00\",\"description\":\"Explora las principales atracciones de Pamplona y conoce su interesante historia, en nuestro tour privado a pie por esta reconocida ciudad medieval \u2705\",\"breadcrumb\":{\"@id\":\"https:\/\/tourtravelandmore.com\/es\/tours\/espana-es\/pamplona-es\/tour-privado-a-pie-por-pamplona\/#breadcrumb\"},\"inLanguage\":\"es\",\"potentialAction\":[{\"@type\":\"ReadAction\",\"target\":[\"https:\/\/tourtravelandmore.com\/es\/tours\/espana-es\/pamplona-es\/tour-privado-a-pie-por-pamplona\/\"]}]},{\"@type\":\"ImageObject\",\"inLanguage\":\"es\",\"@id\":\"https:\/\/tourtravelandmore.com\/es\/tours\/espana-es\/pamplona-es\/tour-privado-a-pie-por-pamplona\/#primaryimage\",\"url\":\"https:\/\/tourtravelandmore.com\/wp-content\/uploads\/2022\/04\/image1-18.jpg\",\"contentUrl\":\"https:\/\/tourtravelandmore.com\/wp-content\/uploads\/2022\/04\/image1-18.jpg\",\"width\":900,\"height\":680},{\"@type\":\"BreadcrumbList\",\"@id\":\"https:\/\/tourtravelandmore.com\/es\/tours\/espana-es\/pamplona-es\/tour-privado-a-pie-por-pamplona\/#breadcrumb\",\"itemListElement\":[{\"@type\":\"ListItem\",\"position\":1,\"name\":\"Home\",\"item\":\"https:\/\/tourtravelandmore.com\/es\/\"},{\"@type\":\"ListItem\",\"position\":2,\"name\":\"Tours\",\"item\":\"https:\/\/tourtravelandmore.com\/es\/tours\/\"},{\"@type\":\"ListItem\",\"position\":3,\"name\":\"Tour Privado a pie por Pamplona\"}]},{\"@type\":\"WebSite\",\"@id\":\"https:\/\/tourtravelandmore.com\/es\/#website\",\"url\":\"https:\/\/tourtravelandmore.com\/es\/\",\"name\":\"Tour Travel And More\",\"description\":\"Private sightseeing tours and luxury transfers in Spain\",\"publisher\":{\"@id\":\"https:\/\/tourtravelandmore.com\/es\/#organization\"},\"potentialAction\":[{\"@type\":\"SearchAction\",\"target\":{\"@type\":\"EntryPoint\",\"urlTemplate\":\"https:\/\/tourtravelandmore.com\/es\/?s={search_term_string}\"},\"query-input\":{\"@type\":\"PropertyValueSpecification\",\"valueRequired\":true,\"valueName\":\"search_term_string\"}}],\"inLanguage\":\"es\"},{\"@type\":\"Organization\",\"@id\":\"https:\/\/tourtravelandmore.com\/es\/#organization\",\"name\":\"Tour Travel And More\",\"url\":\"https:\/\/tourtravelandmore.com\/es\/\",\"logo\":{\"@type\":\"ImageObject\",\"inLanguage\":\"es\",\"@id\":\"https:\/\/tourtravelandmore.com\/es\/#\/schema\/logo\/image\/\",\"url\":\"https:\/\/tourtravelandmore.com\/wp-content\/uploads\/2022\/12\/cropped-logo-cabecera-new.png\",\"contentUrl\":\"https:\/\/tourtravelandmore.com\/wp-content\/uploads\/2022\/12\/cropped-logo-cabecera-new.png\",\"width\":430,\"height\":61,\"caption\":\"Tour Travel And More\"},\"image\":{\"@id\":\"https:\/\/tourtravelandmore.com\/es\/#\/schema\/logo\/image\/\"},\"sameAs\":[\"https:\/\/www.facebook.com\/tourtravelandmore\/\",\"https:\/\/x.com\/TourTravel_More\"]}]}<\/script>\n<!-- \/ Yoast SEO Premium plugin. -->","yoast_head_json":{"title":"\u27a1\ufe0f Tour privado a pie por Pamplona en compa\u00f1\u00eda de un gu\u00eda privado | Tour Travel & More","description":"Explora las principales atracciones de Pamplona y conoce su interesante historia, en nuestro tour privado a pie por esta reconocida ciudad medieval \u2705","robots":{"index":"index","follow":"follow","max-snippet":"max-snippet:-1","max-image-preview":"max-image-preview:large","max-video-preview":"max-video-preview:-1"},"canonical":"https:\/\/tourtravelandmore.com\/es\/tours\/espana-es\/pamplona-es\/tour-privado-a-pie-por-pamplona\/","og_locale":"es_ES","og_type":"article","og_title":"Tour Privado a pie por Pamplona","og_description":"Explora las principales atracciones de Pamplona y conoce su interesante historia, en nuestro tour privado a pie por esta reconocida ciudad medieval \u2705","og_url":"https:\/\/tourtravelandmore.com\/es\/tours\/espana-es\/pamplona-es\/tour-privado-a-pie-por-pamplona\/","og_site_name":"Tour Travel And More","article_publisher":"https:\/\/www.facebook.com\/tourtravelandmore\/","article_modified_time":"2023-01-24T04:29:52+00:00","og_image":[{"width":900,"height":680,"url":"https:\/\/tourtravelandmore.com\/wp-content\/uploads\/2022\/04\/image1-18.jpg","type":"image\/jpeg"}],"twitter_card":"summary_large_image","twitter_site":"@TourTravel_More","twitter_misc":{"Tiempo de lectura":"4 minutos"},"schema":{"@context":"https:\/\/schema.org","@graph":[{"@type":"WebPage","@id":"https:\/\/tourtravelandmore.com\/es\/tours\/espana-es\/pamplona-es\/tour-privado-a-pie-por-pamplona\/","url":"https:\/\/tourtravelandmore.com\/es\/tours\/espana-es\/pamplona-es\/tour-privado-a-pie-por-pamplona\/","name":"\u27a1\ufe0f Tour privado a pie por Pamplona en compa\u00f1\u00eda de un gu\u00eda privado | Tour Travel & More","isPartOf":{"@id":"https:\/\/tourtravelandmore.com\/es\/#website"},"primaryImageOfPage":{"@id":"https:\/\/tourtravelandmore.com\/es\/tours\/espana-es\/pamplona-es\/tour-privado-a-pie-por-pamplona\/#primaryimage"},"image":{"@id":"https:\/\/tourtravelandmore.com\/es\/tours\/espana-es\/pamplona-es\/tour-privado-a-pie-por-pamplona\/#primaryimage"},"thumbnailUrl":"https:\/\/tourtravelandmore.com\/wp-content\/uploads\/2022\/04\/image1-18.jpg","datePublished":"2022-04-19T16:06:49+00:00","dateModified":"2023-01-24T04:29:52+00:00","description":"Explora las principales atracciones de Pamplona y conoce su interesante historia, en nuestro tour privado a pie por esta reconocida ciudad medieval \u2705","breadcrumb":{"@id":"https:\/\/tourtravelandmore.com\/es\/tours\/espana-es\/pamplona-es\/tour-privado-a-pie-por-pamplona\/#breadcrumb"},"inLanguage":"es","potentialAction":[{"@type":"ReadAction","target":["https:\/\/tourtravelandmore.com\/es\/tours\/espana-es\/pamplona-es\/tour-privado-a-pie-por-pamplona\/"]}]},{"@type":"ImageObject","inLanguage":"es","@id":"https:\/\/tourtravelandmore.com\/es\/tours\/espana-es\/pamplona-es\/tour-privado-a-pie-por-pamplona\/#primaryimage","url":"https:\/\/tourtravelandmore.com\/wp-content\/uploads\/2022\/04\/image1-18.jpg","contentUrl":"https:\/\/tourtravelandmore.com\/wp-content\/uploads\/2022\/04\/image1-18.jpg","width":900,"height":680},{"@type":"BreadcrumbList","@id":"https:\/\/tourtravelandmore.com\/es\/tours\/espana-es\/pamplona-es\/tour-privado-a-pie-por-pamplona\/#breadcrumb","itemListElement":[{"@type":"ListItem","position":1,"name":"Home","item":"https:\/\/tourtravelandmore.com\/es\/"},{"@type":"ListItem","position":2,"name":"Tours","item":"https:\/\/tourtravelandmore.com\/es\/tours\/"},{"@type":"ListItem","position":3,"name":"Tour Privado a pie por Pamplona"}]},{"@type":"WebSite","@id":"https:\/\/tourtravelandmore.com\/es\/#website","url":"https:\/\/tourtravelandmore.com\/es\/","name":"Tour Travel And More","description":"Private sightseeing tours and luxury transfers in Spain","publisher":{"@id":"https:\/\/tourtravelandmore.com\/es\/#organization"},"potentialAction":[{"@type":"SearchAction","target":{"@type":"EntryPoint","urlTemplate":"https:\/\/tourtravelandmore.com\/es\/?s={search_term_string}"},"query-input":{"@type":"PropertyValueSpecification","valueRequired":true,"valueName":"search_term_string"}}],"inLanguage":"es"},{"@type":"Organization","@id":"https:\/\/tourtravelandmore.com\/es\/#organization","name":"Tour Travel And More","url":"https:\/\/tourtravelandmore.com\/es\/","logo":{"@type":"ImageObject","inLanguage":"es","@id":"https:\/\/tourtravelandmore.com\/es\/#\/schema\/logo\/image\/","url":"https:\/\/tourtravelandmore.com\/wp-content\/uploads\/2022\/12\/cropped-logo-cabecera-new.png","contentUrl":"https:\/\/tourtravelandmore.com\/wp-content\/uploads\/2022\/12\/cropped-logo-cabecera-new.png","width":430,"height":61,"caption":"Tour Travel And More"},"image":{"@id":"https:\/\/tourtravelandmore.com\/es\/#\/schema\/logo\/image\/"},"sameAs":["https:\/\/www.facebook.com\/tourtravelandmore\/","https:\/\/x.com\/TourTravel_More"]}]}},"_links":{"self":[{"href":"https:\/\/tourtravelandmore.com\/es\/wp-json\/wp\/v2\/product\/124057","targetHints":{"allow":["GET"]}}],"collection":[{"href":"https:\/\/tourtravelandmore.com\/es\/wp-json\/wp\/v2\/product"}],"about":[{"href":"https:\/\/tourtravelandmore.com\/es\/wp-json\/wp\/v2\/types\/product"}],"replies":[{"embeddable":true,"href":"https:\/\/tourtravelandmore.com\/es\/wp-json\/wp\/v2\/comments?post=124057"}],"wp:featuredmedia":[{"embeddable":true,"href":"https:\/\/tourtravelandmore.com\/es\/wp-json\/wp\/v2\/media\/124076"}],"wp:attachment":[{"href":"https:\/\/tourtravelandmore.com\/es\/wp-json\/wp\/v2\/media?parent=124057"}],"wp:term":[{"taxonomy":"product_brand","embeddable":true,"href":"https:\/\/tourtravelandmore.com\/es\/wp-json\/wp\/v2\/product_brand?post=124057"},{"taxonomy":"product_cat","embeddable":true,"href":"https:\/\/tourtravelandmore.com\/es\/wp-json\/wp\/v2\/product_cat?post=124057"},{"taxonomy":"product_tag","embeddable":true,"href":"https:\/\/tourtravelandmore.com\/es\/wp-json\/wp\/v2\/product_tag?post=124057"}],"curies":[{"name":"wp","href":"https:\/\/api.w.org\/{rel}","templated":true}]}}