{"id":124011,"date":"2022-04-19T17:13:36","date_gmt":"2022-04-19T15:13:39","guid":{"rendered":"https:\/\/tourtravelandmore.com\/?post_type=product&#038;p=124011"},"modified":"2023-01-24T05:28:53","modified_gmt":"2023-01-24T04:28:53","slug":"excursion-privada-al-monasterio-de-la-oliva-ujue-y-olite-desde-pamplona","status":"publish","type":"product","link":"https:\/\/tourtravelandmore.com\/es\/tours\/espana-es\/pamplona-es\/excursion-privada-al-monasterio-de-la-oliva-ujue-y-olite-desde-pamplona\/","title":{"rendered":"Excursi\u00f3n privada al monasterio de la Oliva, Uju\u00e9 y Olite desde Pamplona"},"content":{"rendered":"<h2><b>Descripci\u00f3n de la Excursi\u00f3n privada al monasterio de la Oliva, Uju\u00e9 y Olite desde Pamplona<\/b><\/h2>\n<p><span style=\"font-weight: 400;\">Explora la tierra de Castilla y Le\u00f3n con esta <\/span><b>excursi\u00f3n privada al monasterio de la Oliva, Uju\u00e9 y Olite desde Pamplona.<\/b><\/p>\n<p><span style=\"font-weight: 400;\">Nuestro recorrido inicia cuando pasemos por ti en un punto acordado de la ciudad para trasladarte en un coche de lujo a trav\u00e9s de m\u00e1gicos paisajes de monta\u00f1a. En el <\/span><b>paseo de 8 horas ir\u00e1s con un gu\u00eda privado <\/b><span style=\"font-weight: 400;\">que te dar\u00e1 a conocer cada detalle de inter\u00e9s de esos encantadores lugares.\u00a0<\/span><\/p>\n<p><span style=\"font-weight: 400;\">Haremos una primera parada en el monasterio de Santa Mar\u00eda de La Oliva, un sitio tranquilo y lleno de espiritualidad que fue fundado en el siglo XII. Adem\u00e1s, este monumento se considera el monasterio m\u00e1s antiguo de Espa\u00f1a.\u00a0<\/span><\/p>\n<p><span style=\"font-weight: 400;\">En el lugar podr\u00e1s ver a los monjes con sus caracter\u00edsticas t\u00fanicas y tambi\u00e9n vas a conocer cada una de sus galer\u00edas, puesto que <\/span><b>el tour incluye entradas exclusivas al monasterio<\/b><span style=\"font-weight: 400;\">.\u00a0<\/span><\/p>\n<p><span style=\"font-weight: 400;\">Luego, te llevaremos Uju\u00e9, uno de los pueblos amurallados m\u00e1s bonitos y mejores conservados de Europa. Al recorrer sus calles y rincones, te sentir\u00e1s como dentro de una pel\u00edcula medieval.\u00a0<\/span><\/p>\n<p><span style=\"font-weight: 400;\">A continuaci\u00f3n, nos desplazaremos hasta Olite, la cual es una ciudad inundada de tesoros hist\u00f3ricos y arquitect\u00f3nicos.\u00a0<\/span><\/p>\n<p><span style=\"font-weight: 400;\">De hecho, en sus calles se encuentra el Palacio Real de Olite que fue la residencia predilecta de la monarqu\u00eda de Navarra. Vas a conocer cada detalle de este monumento, ya que tambi\u00e9n te daremos entradas exclusivas a este incre\u00edble palacio.<\/span><\/p>\n<p><span style=\"font-weight: 400;\">La excursi\u00f3n termina con el viaje de vuelta a Pamplona, en donde te dejaremos en un punto acordado para que descanses tranquilamente.<\/span><\/p>\n<h2><b>Puntos de inter\u00e9s de la Excursi\u00f3n privada al monasterio de la Oliva, Uju\u00e9 y Olite desde Pamplona<\/b><\/h2>\n<p><span style=\"font-weight: 400;\">Disfruta de una excursi\u00f3n privada a tres de lugares m\u00e1s emblem\u00e1ticos del sur de Navarra.\u00a0<\/span><\/p>\n<p><span style=\"font-weight: 400;\">Ser\u00e1 un paseo guiado a una zona con un patrimonio cultural \u00fanico que alberga unos magn\u00edficos edificios y paisajes. Te buscaremos en un coche de lujo en Pamplona para llevarte a conocer los siguientes puntos de inter\u00e9s:\u00a0<\/span><\/p>\n<h3><span style=\"color: #d3af37;\"><b>Monasterio de la Oliva<\/b><\/span><\/h3>\n<p><span style=\"font-weight: 400;\">Este monumento construido entre el siglo XII y XII, fue declarado <\/span><b>Patrimonio de la Humanidad por la Unesco<\/b><span style=\"font-weight: 400;\"> y es una de las mejores representaciones del arte cisterciense.\u00a0<\/span><\/p>\n<p><span style=\"font-weight: 400;\">De hecho, en su interior se encuentra a\u00fan la orden de los monjes cistercienses que hacen vida en su claustro.\u00a0<\/span><\/p>\n<p><span style=\"font-weight: 400;\">Podr\u00e1s explorar cada uno de sus rincones, puesto que el tour te da entradas exclusivas al recinto. Adem\u00e1s, el gu\u00eda privado te llevar\u00e1 hasta las zonas m\u00e1s interesantes y atractivas de la edificaci\u00f3n.\u00a0<\/span><\/p>\n<p><span style=\"font-weight: 400;\">Toma en cuenta que en algunas zonas del monasterio no se puede hablar para conservar el silencio y la meditaci\u00f3n de los monjes.\u00a0<\/span><\/p>\n<h3><span style=\"color: #d3af37;\"><b>Uju\u00e9\u00a0<\/b><\/span><\/h3>\n<p><span style=\"font-weight: 400;\">Rodeado de exuberantes campos verdes, se encuentra el atractivo pueblo de Uju\u00e9. Se trata de una de las localidades medievales m\u00e1s emblem\u00e1ticas de Navarra y que a\u00fan conserva todo su porte del medioevo.\u00a0<\/span><\/p>\n<p><span style=\"font-weight: 400;\">Una de las cosas que te encantar\u00e1 de Uju\u00e9 es que desde all\u00ed tendr\u00e1s una vista maravillosa de los Pirineos, lo cual ser\u00e1 digno de tomar muchas fotograf\u00edas para el recuerdo.\u00a0<\/span><\/p>\n<p><span style=\"font-weight: 400;\">Adem\u00e1s, ver\u00e1s el templo de Santa Mar\u00eda de Uju\u00e9, en el cual se realizan las romer\u00edas marianas m\u00e1s antiguas de toda Espa\u00f1a.\u00a0<\/span><\/p>\n<h3><span style=\"color: #d3af37;\"><b>Olite<\/b><\/span><\/h3>\n<p><span style=\"font-weight: 400;\">Esta excursi\u00f3n guiada contin\u00faa en el encantador pueblo de Olite. En sus calles medievales se ubica la que fue la fortaleza preferida de los reyes de Navarra: El Palacio Real de Olite.\u00a0<\/span><\/p>\n<p><span style=\"font-weight: 400;\">Se trata de un palacio g\u00f3tico construido en el siglo XIV y que sirvi\u00f3 como la residencia oficial de Carlos III. Adem\u00e1s, este imponente castillo era la sede de toda la Corte Real del Reino de Navarra en el medievo.\u00a0<\/span><\/p>\n<p><span style=\"font-weight: 400;\">Conocer\u00e1s este palacio de forma exclusiva y en compa\u00f1\u00eda de un gu\u00eda oficial privado.\u00a0<\/span><\/p>\n<p><span style=\"font-weight: 400;\">Finalmente, te llevamos de vuelta hasta Pamplona para dejarte en un punto que sea de mayor comodidad para ti.\u00a0<\/span><\/p>\n<p><span style=\"font-weight: 400;\">Te recomendamos que completes tu viaje con nuestro <\/span><b>tour privado a pie por Pamplona<\/b><span style=\"font-weight: 400;\"> para que explores la capital de Navarra desde otra perspectiva.<\/span><\/p>\n","protected":false},"excerpt":{"rendered":"<p><span style=\"font-weight: 400;\">Aprovecha tu tiempo en Navarra y realiza una excursi\u00f3n guiada al monasterio de la Oliva, Uju\u00e9 y Olite saliendo desde Pamplona. Ser\u00e1 una oportunidad \u00fanica para ver de cerca un monasterio construido por los monjes\u00a0 cistercienses y dos de los pueblos medievales mejores conservados de toda Europa<\/span><\/p>\n","protected":false},"featured_media":124039,"comment_status":"open","ping_status":"closed","template":"","meta":{"_acf_changed":false},"product_brand":[],"product_cat":[1596,4100],"product_tag":[],"class_list":{"0":"post-124011","1":"product","2":"type-product","3":"status-publish","4":"has-post-thumbnail","6":"product_cat-espana-es","7":"product_cat-pamplona-es","9":"first","10":"instock","11":"shipping-taxable","12":"purchasable","13":"product-type-simple"},"acf":[],"yoast_head":"<!-- This site is optimized with the Yoast SEO Premium plugin v25.3.1 (Yoast SEO v25.3.1) - https:\/\/yoast.com\/wordpress\/plugins\/seo\/ -->\n<title>\u27a1\ufe0f Tour privado al monasterio de la Oliva, Uju\u00e9 y Olite desde Pamplona | Tour Travel &amp; More<\/title>\n<meta name=\"description\" content=\"Recorre la ruta de la Navarra medieval en esta excursi\u00f3n privada al monasterio de la Oliva, Uju\u00e9 y Olite desde Pamplona \u2705\" \/>\n<meta name=\"robots\" content=\"index, follow, max-snippet:-1, max-image-preview:large, max-video-preview:-1\" \/>\n<link rel=\"canonical\" href=\"https:\/\/tourtravelandmore.com\/es\/tours\/espana-es\/pamplona-es\/excursion-privada-al-monasterio-de-la-oliva-ujue-y-olite-desde-pamplona\/\" \/>\n<meta property=\"og:locale\" content=\"es_ES\" \/>\n<meta property=\"og:type\" content=\"article\" \/>\n<meta property=\"og:title\" content=\"Excursi\u00f3n privada al monasterio de la Oliva, Uju\u00e9 y Olite desde Pamplona\" \/>\n<meta property=\"og:description\" content=\"Recorre la ruta de la Navarra medieval en esta excursi\u00f3n privada al monasterio de la Oliva, Uju\u00e9 y Olite desde Pamplona \u2705\" \/>\n<meta property=\"og:url\" content=\"https:\/\/tourtravelandmore.com\/es\/tours\/espana-es\/pamplona-es\/excursion-privada-al-monasterio-de-la-oliva-ujue-y-olite-desde-pamplona\/\" \/>\n<meta property=\"og:site_name\" content=\"Tour Travel And More\" \/>\n<meta property=\"article:publisher\" content=\"https:\/\/www.facebook.com\/tourtravelandmore\/\" \/>\n<meta property=\"article:modified_time\" content=\"2023-01-24T04:28:53+00:00\" \/>\n<meta property=\"og:image\" content=\"https:\/\/tourtravelandmore.com\/wp-content\/uploads\/2022\/04\/image5-18.jpg\" \/>\n\t<meta property=\"og:image:width\" content=\"900\" \/>\n\t<meta property=\"og:image:height\" content=\"680\" \/>\n\t<meta property=\"og:image:type\" content=\"image\/jpeg\" \/>\n<meta name=\"twitter:card\" content=\"summary_large_image\" \/>\n<meta name=\"twitter:site\" content=\"@TourTravel_More\" \/>\n<meta name=\"twitter:label1\" content=\"Tiempo de lectura\" \/>\n\t<meta name=\"twitter:data1\" content=\"4 minutos\" \/>\n<script type=\"application\/ld+json\" class=\"yoast-schema-graph\">{\"@context\":\"https:\/\/schema.org\",\"@graph\":[{\"@type\":\"WebPage\",\"@id\":\"https:\/\/tourtravelandmore.com\/es\/tours\/espana-es\/pamplona-es\/excursion-privada-al-monasterio-de-la-oliva-ujue-y-olite-desde-pamplona\/\",\"url\":\"https:\/\/tourtravelandmore.com\/es\/tours\/espana-es\/pamplona-es\/excursion-privada-al-monasterio-de-la-oliva-ujue-y-olite-desde-pamplona\/\",\"name\":\"\u27a1\ufe0f Tour privado al monasterio de la Oliva, Uju\u00e9 y Olite desde Pamplona | Tour Travel & More\",\"isPartOf\":{\"@id\":\"https:\/\/tourtravelandmore.com\/es\/#website\"},\"primaryImageOfPage\":{\"@id\":\"https:\/\/tourtravelandmore.com\/es\/tours\/espana-es\/pamplona-es\/excursion-privada-al-monasterio-de-la-oliva-ujue-y-olite-desde-pamplona\/#primaryimage\"},\"image\":{\"@id\":\"https:\/\/tourtravelandmore.com\/es\/tours\/espana-es\/pamplona-es\/excursion-privada-al-monasterio-de-la-oliva-ujue-y-olite-desde-pamplona\/#primaryimage\"},\"thumbnailUrl\":\"https:\/\/tourtravelandmore.com\/wp-content\/uploads\/2022\/04\/image5-18.jpg\",\"datePublished\":\"2022-04-19T15:13:39+00:00\",\"dateModified\":\"2023-01-24T04:28:53+00:00\",\"description\":\"Recorre la ruta de la Navarra medieval en esta excursi\u00f3n privada al monasterio de la Oliva, Uju\u00e9 y Olite desde Pamplona \u2705\",\"breadcrumb\":{\"@id\":\"https:\/\/tourtravelandmore.com\/es\/tours\/espana-es\/pamplona-es\/excursion-privada-al-monasterio-de-la-oliva-ujue-y-olite-desde-pamplona\/#breadcrumb\"},\"inLanguage\":\"es\",\"potentialAction\":[{\"@type\":\"ReadAction\",\"target\":[\"https:\/\/tourtravelandmore.com\/es\/tours\/espana-es\/pamplona-es\/excursion-privada-al-monasterio-de-la-oliva-ujue-y-olite-desde-pamplona\/\"]}]},{\"@type\":\"ImageObject\",\"inLanguage\":\"es\",\"@id\":\"https:\/\/tourtravelandmore.com\/es\/tours\/espana-es\/pamplona-es\/excursion-privada-al-monasterio-de-la-oliva-ujue-y-olite-desde-pamplona\/#primaryimage\",\"url\":\"https:\/\/tourtravelandmore.com\/wp-content\/uploads\/2022\/04\/image5-18.jpg\",\"contentUrl\":\"https:\/\/tourtravelandmore.com\/wp-content\/uploads\/2022\/04\/image5-18.jpg\",\"width\":900,\"height\":680},{\"@type\":\"BreadcrumbList\",\"@id\":\"https:\/\/tourtravelandmore.com\/es\/tours\/espana-es\/pamplona-es\/excursion-privada-al-monasterio-de-la-oliva-ujue-y-olite-desde-pamplona\/#breadcrumb\",\"itemListElement\":[{\"@type\":\"ListItem\",\"position\":1,\"name\":\"Home\",\"item\":\"https:\/\/tourtravelandmore.com\/es\/\"},{\"@type\":\"ListItem\",\"position\":2,\"name\":\"Tours\",\"item\":\"https:\/\/tourtravelandmore.com\/es\/tours\/\"},{\"@type\":\"ListItem\",\"position\":3,\"name\":\"Excursi\u00f3n privada al monasterio de la Oliva, Uju\u00e9 y Olite desde Pamplona\"}]},{\"@type\":\"WebSite\",\"@id\":\"https:\/\/tourtravelandmore.com\/es\/#website\",\"url\":\"https:\/\/tourtravelandmore.com\/es\/\",\"name\":\"Tour Travel And More\",\"description\":\"Private sightseeing tours and luxury transfers in Spain\",\"publisher\":{\"@id\":\"https:\/\/tourtravelandmore.com\/es\/#organization\"},\"potentialAction\":[{\"@type\":\"SearchAction\",\"target\":{\"@type\":\"EntryPoint\",\"urlTemplate\":\"https:\/\/tourtravelandmore.com\/es\/?s={search_term_string}\"},\"query-input\":{\"@type\":\"PropertyValueSpecification\",\"valueRequired\":true,\"valueName\":\"search_term_string\"}}],\"inLanguage\":\"es\"},{\"@type\":\"Organization\",\"@id\":\"https:\/\/tourtravelandmore.com\/es\/#organization\",\"name\":\"Tour Travel And More\",\"url\":\"https:\/\/tourtravelandmore.com\/es\/\",\"logo\":{\"@type\":\"ImageObject\",\"inLanguage\":\"es\",\"@id\":\"https:\/\/tourtravelandmore.com\/es\/#\/schema\/logo\/image\/\",\"url\":\"https:\/\/tourtravelandmore.com\/wp-content\/uploads\/2022\/12\/cropped-logo-cabecera-new.png\",\"contentUrl\":\"https:\/\/tourtravelandmore.com\/wp-content\/uploads\/2022\/12\/cropped-logo-cabecera-new.png\",\"width\":430,\"height\":61,\"caption\":\"Tour Travel And More\"},\"image\":{\"@id\":\"https:\/\/tourtravelandmore.com\/es\/#\/schema\/logo\/image\/\"},\"sameAs\":[\"https:\/\/www.facebook.com\/tourtravelandmore\/\",\"https:\/\/x.com\/TourTravel_More\"]}]}<\/script>\n<!-- \/ Yoast SEO Premium plugin. -->","yoast_head_json":{"title":"\u27a1\ufe0f Tour privado al monasterio de la Oliva, Uju\u00e9 y Olite desde Pamplona | Tour Travel & More","description":"Recorre la ruta de la Navarra medieval en esta excursi\u00f3n privada al monasterio de la Oliva, Uju\u00e9 y Olite desde Pamplona \u2705","robots":{"index":"index","follow":"follow","max-snippet":"max-snippet:-1","max-image-preview":"max-image-preview:large","max-video-preview":"max-video-preview:-1"},"canonical":"https:\/\/tourtravelandmore.com\/es\/tours\/espana-es\/pamplona-es\/excursion-privada-al-monasterio-de-la-oliva-ujue-y-olite-desde-pamplona\/","og_locale":"es_ES","og_type":"article","og_title":"Excursi\u00f3n privada al monasterio de la Oliva, Uju\u00e9 y Olite desde Pamplona","og_description":"Recorre la ruta de la Navarra medieval en esta excursi\u00f3n privada al monasterio de la Oliva, Uju\u00e9 y Olite desde Pamplona \u2705","og_url":"https:\/\/tourtravelandmore.com\/es\/tours\/espana-es\/pamplona-es\/excursion-privada-al-monasterio-de-la-oliva-ujue-y-olite-desde-pamplona\/","og_site_name":"Tour Travel And More","article_publisher":"https:\/\/www.facebook.com\/tourtravelandmore\/","article_modified_time":"2023-01-24T04:28:53+00:00","og_image":[{"width":900,"height":680,"url":"https:\/\/tourtravelandmore.com\/wp-content\/uploads\/2022\/04\/image5-18.jpg","type":"image\/jpeg"}],"twitter_card":"summary_large_image","twitter_site":"@TourTravel_More","twitter_misc":{"Tiempo de lectura":"4 minutos"},"schema":{"@context":"https:\/\/schema.org","@graph":[{"@type":"WebPage","@id":"https:\/\/tourtravelandmore.com\/es\/tours\/espana-es\/pamplona-es\/excursion-privada-al-monasterio-de-la-oliva-ujue-y-olite-desde-pamplona\/","url":"https:\/\/tourtravelandmore.com\/es\/tours\/espana-es\/pamplona-es\/excursion-privada-al-monasterio-de-la-oliva-ujue-y-olite-desde-pamplona\/","name":"\u27a1\ufe0f Tour privado al monasterio de la Oliva, Uju\u00e9 y Olite desde Pamplona | Tour Travel & More","isPartOf":{"@id":"https:\/\/tourtravelandmore.com\/es\/#website"},"primaryImageOfPage":{"@id":"https:\/\/tourtravelandmore.com\/es\/tours\/espana-es\/pamplona-es\/excursion-privada-al-monasterio-de-la-oliva-ujue-y-olite-desde-pamplona\/#primaryimage"},"image":{"@id":"https:\/\/tourtravelandmore.com\/es\/tours\/espana-es\/pamplona-es\/excursion-privada-al-monasterio-de-la-oliva-ujue-y-olite-desde-pamplona\/#primaryimage"},"thumbnailUrl":"https:\/\/tourtravelandmore.com\/wp-content\/uploads\/2022\/04\/image5-18.jpg","datePublished":"2022-04-19T15:13:39+00:00","dateModified":"2023-01-24T04:28:53+00:00","description":"Recorre la ruta de la Navarra medieval en esta excursi\u00f3n privada al monasterio de la Oliva, Uju\u00e9 y Olite desde Pamplona \u2705","breadcrumb":{"@id":"https:\/\/tourtravelandmore.com\/es\/tours\/espana-es\/pamplona-es\/excursion-privada-al-monasterio-de-la-oliva-ujue-y-olite-desde-pamplona\/#breadcrumb"},"inLanguage":"es","potentialAction":[{"@type":"ReadAction","target":["https:\/\/tourtravelandmore.com\/es\/tours\/espana-es\/pamplona-es\/excursion-privada-al-monasterio-de-la-oliva-ujue-y-olite-desde-pamplona\/"]}]},{"@type":"ImageObject","inLanguage":"es","@id":"https:\/\/tourtravelandmore.com\/es\/tours\/espana-es\/pamplona-es\/excursion-privada-al-monasterio-de-la-oliva-ujue-y-olite-desde-pamplona\/#primaryimage","url":"https:\/\/tourtravelandmore.com\/wp-content\/uploads\/2022\/04\/image5-18.jpg","contentUrl":"https:\/\/tourtravelandmore.com\/wp-content\/uploads\/2022\/04\/image5-18.jpg","width":900,"height":680},{"@type":"BreadcrumbList","@id":"https:\/\/tourtravelandmore.com\/es\/tours\/espana-es\/pamplona-es\/excursion-privada-al-monasterio-de-la-oliva-ujue-y-olite-desde-pamplona\/#breadcrumb","itemListElement":[{"@type":"ListItem","position":1,"name":"Home","item":"https:\/\/tourtravelandmore.com\/es\/"},{"@type":"ListItem","position":2,"name":"Tours","item":"https:\/\/tourtravelandmore.com\/es\/tours\/"},{"@type":"ListItem","position":3,"name":"Excursi\u00f3n privada al monasterio de la Oliva, Uju\u00e9 y Olite desde Pamplona"}]},{"@type":"WebSite","@id":"https:\/\/tourtravelandmore.com\/es\/#website","url":"https:\/\/tourtravelandmore.com\/es\/","name":"Tour Travel And More","description":"Private sightseeing tours and luxury transfers in Spain","publisher":{"@id":"https:\/\/tourtravelandmore.com\/es\/#organization"},"potentialAction":[{"@type":"SearchAction","target":{"@type":"EntryPoint","urlTemplate":"https:\/\/tourtravelandmore.com\/es\/?s={search_term_string}"},"query-input":{"@type":"PropertyValueSpecification","valueRequired":true,"valueName":"search_term_string"}}],"inLanguage":"es"},{"@type":"Organization","@id":"https:\/\/tourtravelandmore.com\/es\/#organization","name":"Tour Travel And More","url":"https:\/\/tourtravelandmore.com\/es\/","logo":{"@type":"ImageObject","inLanguage":"es","@id":"https:\/\/tourtravelandmore.com\/es\/#\/schema\/logo\/image\/","url":"https:\/\/tourtravelandmore.com\/wp-content\/uploads\/2022\/12\/cropped-logo-cabecera-new.png","contentUrl":"https:\/\/tourtravelandmore.com\/wp-content\/uploads\/2022\/12\/cropped-logo-cabecera-new.png","width":430,"height":61,"caption":"Tour Travel And More"},"image":{"@id":"https:\/\/tourtravelandmore.com\/es\/#\/schema\/logo\/image\/"},"sameAs":["https:\/\/www.facebook.com\/tourtravelandmore\/","https:\/\/x.com\/TourTravel_More"]}]}},"_links":{"self":[{"href":"https:\/\/tourtravelandmore.com\/es\/wp-json\/wp\/v2\/product\/124011","targetHints":{"allow":["GET"]}}],"collection":[{"href":"https:\/\/tourtravelandmore.com\/es\/wp-json\/wp\/v2\/product"}],"about":[{"href":"https:\/\/tourtravelandmore.com\/es\/wp-json\/wp\/v2\/types\/product"}],"replies":[{"embeddable":true,"href":"https:\/\/tourtravelandmore.com\/es\/wp-json\/wp\/v2\/comments?post=124011"}],"wp:featuredmedia":[{"embeddable":true,"href":"https:\/\/tourtravelandmore.com\/es\/wp-json\/wp\/v2\/media\/124039"}],"wp:attachment":[{"href":"https:\/\/tourtravelandmore.com\/es\/wp-json\/wp\/v2\/media?parent=124011"}],"wp:term":[{"taxonomy":"product_brand","embeddable":true,"href":"https:\/\/tourtravelandmore.com\/es\/wp-json\/wp\/v2\/product_brand?post=124011"},{"taxonomy":"product_cat","embeddable":true,"href":"https:\/\/tourtravelandmore.com\/es\/wp-json\/wp\/v2\/product_cat?post=124011"},{"taxonomy":"product_tag","embeddable":true,"href":"https:\/\/tourtravelandmore.com\/es\/wp-json\/wp\/v2\/product_tag?post=124011"}],"curies":[{"name":"wp","href":"https:\/\/api.w.org\/{rel}","templated":true}]}}