{"id":123522,"date":"2022-04-11T18:27:42","date_gmt":"2022-04-11T16:27:42","guid":{"rendered":"https:\/\/tourtravelandmore.com\/?post_type=product&#038;p=123522"},"modified":"2024-04-09T14:02:58","modified_gmt":"2024-04-09T12:02:58","slug":"excursion-privada-a-oxford-y-cambridge","status":"publish","type":"product","link":"https:\/\/tourtravelandmore.com\/es\/tours\/reino-unido-es\/londres-es\/excursion-privada-a-oxford-y-cambridge\/","title":{"rendered":"Tour privado a Oxford y Cambridge desde Londres"},"content":{"rendered":"<h2><b>Descripci\u00f3n del Tour privado a Oxford y Cambridge<\/b><\/h2>\n<p><span style=\"font-weight: 400;\">D\u00e9jate envolver por la magia de Oxford y Cambridge en nuestro tour privado para que te lleves a casa incre\u00edbles recuerdos de tu viaje por el Reino Unido.\u00a0<\/span><\/p>\n<p><span style=\"font-weight: 400;\">Este es un <\/span><b>paseo personalizado de 12 horas<\/b><span style=\"font-weight: 400;\"> en el que descubrir\u00e1s la historia de estas antiguas ciudades, mientras recorres los colegios universitarios, los museos y las bibliotecas m\u00e1s reconocidas y antiguas de todo el mundo.\u00a0<\/span><\/p>\n<p><span style=\"font-weight: 400;\">Podr\u00e1s conocer la cultura local y escuchar las atractivas historias de estas ciudades, ya que estar\u00e1s en compa\u00f1\u00eda de un gu\u00eda local oficial.\u00a0<\/span><\/p>\n<p><span style=\"font-weight: 400;\">Iniciamos esta excursi\u00f3n privada al buscarte en un punto c\u00e9ntrico de Londres en un coche privado de lujo y a la hora que nos indiques.\u00a0<\/span><\/p>\n<p><span style=\"font-weight: 400;\">Desde all\u00ed, te adentrar\u00e1s en la impresionante arquitectura del Teatro Sheldonian de Oxford, ver\u00e1s la Biblioteca Bodleiana, las &#8220;agujas so\u00f1adoras&#8221; de Oxford, las universidades m\u00e1s prestigiosas de Oxford y de Cambridge y muchos lugares m\u00e1s.\u00a0<\/span><\/p>\n<p><span style=\"font-weight: 400;\">Luego, har\u00e1s un recorrido por las riberas del r\u00edo Cam, que serpentea entre las universidades y los puntos m\u00e1s atractivos Cambridge.\u00a0<\/span><\/p>\n<p><span style=\"font-weight: 400;\">Tambi\u00e9n, te llevaremos a distintas atracciones como el Magdalen College de Oxford y la capilla del King&#8217;s College de Cambridge.<\/span><\/p>\n<p><span style=\"font-weight: 400;\">Cuando finalice este maravilloso paseo, te trasladamos de vuelta hasta Londres para que llegues c\u00f3modamente y sin demoras a la capital inglesa.\u00a0<\/span><\/p>\n<h2><b>Puntos de inter\u00e9s del Tour privado a Oxford y Cambridge<\/b><\/h2>\n<p><span style=\"font-weight: 400;\">Disfruta de una excursi\u00f3n privada a Oxford y Cambridge para que explores estas dos ic\u00f3nicas ciudades universitarias inglesas, as\u00ed como a sus magn\u00edficos edificios y museos universitarios.<\/span><\/p>\n<p><span style=\"font-weight: 400;\">Podemos buscarte en un punto c\u00e9ntrico de Londres para iniciar un recorrido por los paisajes m\u00e1s impresionantes de la campi\u00f1a inglesa hasta llegar a los siguientes lugares de inter\u00e9s:\u00a0<\/span><\/p>\n<p><span style=\"font-weight: 400;\">La primera parada de este tour privado ser\u00e1 en la emblem\u00e1tica ciudad de Oxford, la cual es famosa por ser la sede de la universidad m\u00e1s vieja del mundo y la cuna de la educaci\u00f3n en el Reino Unido.\u00a0<\/span><\/p>\n<p><span style=\"font-weight: 400;\">A Oxford se le conoce como \u201cla ciudad de las agujas de ensue\u00f1o\u201d. Este tour te llevar\u00e1 a conocer a tu ritmo los lugares m\u00e1s atractivos, as\u00ed como los tesoros ocultos que esta antigua y reconocida ciudad tiene para ofrecer, como por ejemplo:\u00a0<\/span><\/p>\n<ul>\n<li><b>Biblioteca Bodleian.<\/b><\/li>\n<li><b>Torre Carfax.<\/b><\/li>\n<li><b>Oxford University Press.<\/b><\/li>\n<li><b>Radcliffe Camera.<\/b><\/li>\n<li><b>Torre Saxon.<\/b><\/li>\n<li><b>Grand Covered Market.<\/b><\/li>\n<li><b>School of Divinity y muchos lugares m\u00e1s.\u00a0<\/b><\/li>\n<\/ul>\n<p><span style=\"font-weight: 400;\">Adem\u00e1s, si eres fans de la saga Harry Potter, en Oxford ver\u00e1s muchos de los escenarios originales que se usaron para grabar algunas de sus pel\u00edculas.\u00a0<\/span><\/p>\n<p><span style=\"font-weight: 400;\">A continuaci\u00f3n, visitar\u00e1s Cambridge, la cual es una ciudad reconocida en todo el mundo por ser la sede de la Universidad en la cual estudiaron grandes personajes como Isaac Newton, Charles Darwin, entre muchos.\u00a0<\/span><\/p>\n<p><span style=\"font-weight: 400;\">La arquitectura de Cambridge es simplemente impresionante. Por eso, explorar\u00e1s cada uno de los puntos m\u00e1s atractivos de esta urbe, como por ejemplo:\u00a0<\/span><\/p>\n<ul>\n<li><b>El Puente de los matem\u00e1ticos de Newton.<\/b><\/li>\n<li><b>King&#8217;s College.<\/b><\/li>\n<li><b>Trinity Street.\u00a0<\/b><\/li>\n<li><b>Iglesia de Santa Mar\u00eda<\/b><\/li>\n<li><b>St John&#8217;s College.\u00a0<\/b><\/li>\n<li><b>Market Sq.\u00a0<\/b><\/li>\n<li><b>El Peterhouse.<\/b><\/li>\n<li><b>El Museo Fitzwilliam y muchos m\u00e1s.\u00a0<\/b><\/li>\n<\/ul>\n<p><span style=\"font-weight: 400;\">Cada minuto de esta excursi\u00f3n privada est\u00e1 planificado para que conectes con la historia de estas grandes ciudades y vivas un d\u00eda distinto y entretenido.\u00a0<\/span><\/p>\n<p><span style=\"font-weight: 400;\">Si quieres completar tu viaje por Inglaterra y conocer todo sobre la saga de Harry Potter, lo mejor es que incluyas en tu itinerario nuestro<\/span><span style=\"font-weight: 400;\">\u00a0<\/span><a href=\"https:\/\/tourtravelandmore.com\/es\/tours\/reino-unido-es\/londres-es\/tour-privado-de-harry-potter-en-los-estudios-warner\/\"><b>tour de Harry Potter en los estudios Warner.\u00a0<\/b><\/a><\/p>\n","protected":false},"excerpt":{"rendered":"<p><span style=\"font-weight: 400;\">Descubre dos de los destinos m\u00e1s hist\u00f3ricos de Inglaterra, en un tour privado a Oxford y Cambridge para que explores las 2 ciudades que han sido cuna de la cultura y de la herencia brit\u00e1nica. Ir\u00e1s desde Londres en un coche de lujo y tendr\u00e1s todos los detalles de mayor importancia porque estar\u00e1s con un gu\u00eda privado experto en la historia local.<\/span><\/p>\n","protected":false},"featured_media":123544,"comment_status":"open","ping_status":"closed","template":"","meta":{"_acf_changed":false},"product_brand":[],"product_cat":[1603,1142,1151,1150],"product_tag":[],"class_list":{"0":"post-123522","1":"product","2":"type-product","3":"status-publish","4":"has-post-thumbnail","6":"product_cat-reino-unido-es","7":"product_cat-londres-es","8":"product_cat-londres-actividades-es","9":"product_cat-londres-tours-es","11":"first","12":"instock","13":"shipping-taxable","14":"purchasable","15":"product-type-simple"},"acf":[],"yoast_head":"<!-- This site is optimized with the Yoast SEO Premium plugin v25.3.1 (Yoast SEO v25.3.1) - https:\/\/yoast.com\/wordpress\/plugins\/seo\/ -->\n<title>\u27a1\ufe0f Excursi\u00f3n privada a Oxford y Cambridge desde Londres | Tour Travel &amp; More<\/title>\n<meta name=\"description\" content=\"Explora uno de los principales focos de la educaci\u00f3n en el Reino Unido y en el mundo entero, con un tour privado a las ciudades universitarias de Oxford y Cambridge \u2705\" \/>\n<meta name=\"robots\" content=\"index, follow, max-snippet:-1, max-image-preview:large, max-video-preview:-1\" \/>\n<link rel=\"canonical\" href=\"https:\/\/tourtravelandmore.com\/es\/tours\/reino-unido-es\/londres-es\/excursion-privada-a-oxford-y-cambridge\/\" \/>\n<meta property=\"og:locale\" content=\"es_ES\" \/>\n<meta property=\"og:type\" content=\"article\" \/>\n<meta property=\"og:title\" content=\"Tour privado a Oxford y Cambridge desde Londres\" \/>\n<meta property=\"og:description\" content=\"Explora uno de los principales focos de la educaci\u00f3n en el Reino Unido y en el mundo entero, con un tour privado a las ciudades universitarias de Oxford y Cambridge \u2705\" \/>\n<meta property=\"og:url\" content=\"https:\/\/tourtravelandmore.com\/es\/tours\/reino-unido-es\/londres-es\/excursion-privada-a-oxford-y-cambridge\/\" \/>\n<meta property=\"og:site_name\" content=\"Tour Travel And More\" \/>\n<meta property=\"article:publisher\" content=\"https:\/\/www.facebook.com\/tourtravelandmore\/\" \/>\n<meta property=\"article:modified_time\" content=\"2024-04-09T12:02:58+00:00\" \/>\n<meta property=\"og:image\" content=\"https:\/\/tourtravelandmore.com\/wp-content\/uploads\/2022\/04\/image3-12.jpg\" \/>\n\t<meta property=\"og:image:width\" content=\"900\" \/>\n\t<meta property=\"og:image:height\" content=\"680\" \/>\n\t<meta property=\"og:image:type\" content=\"image\/jpeg\" \/>\n<meta name=\"twitter:card\" content=\"summary_large_image\" \/>\n<meta name=\"twitter:site\" content=\"@TourTravel_More\" \/>\n<meta name=\"twitter:label1\" content=\"Tiempo de lectura\" \/>\n\t<meta name=\"twitter:data1\" content=\"3 minutos\" \/>\n<script type=\"application\/ld+json\" class=\"yoast-schema-graph\">{\"@context\":\"https:\/\/schema.org\",\"@graph\":[{\"@type\":\"WebPage\",\"@id\":\"https:\/\/tourtravelandmore.com\/es\/tours\/reino-unido-es\/londres-es\/excursion-privada-a-oxford-y-cambridge\/\",\"url\":\"https:\/\/tourtravelandmore.com\/es\/tours\/reino-unido-es\/londres-es\/excursion-privada-a-oxford-y-cambridge\/\",\"name\":\"\u27a1\ufe0f Excursi\u00f3n privada a Oxford y Cambridge desde Londres | Tour Travel & More\",\"isPartOf\":{\"@id\":\"https:\/\/tourtravelandmore.com\/es\/#website\"},\"primaryImageOfPage\":{\"@id\":\"https:\/\/tourtravelandmore.com\/es\/tours\/reino-unido-es\/londres-es\/excursion-privada-a-oxford-y-cambridge\/#primaryimage\"},\"image\":{\"@id\":\"https:\/\/tourtravelandmore.com\/es\/tours\/reino-unido-es\/londres-es\/excursion-privada-a-oxford-y-cambridge\/#primaryimage\"},\"thumbnailUrl\":\"https:\/\/tourtravelandmore.com\/wp-content\/uploads\/2022\/04\/image3-12.jpg\",\"datePublished\":\"2022-04-11T16:27:42+00:00\",\"dateModified\":\"2024-04-09T12:02:58+00:00\",\"description\":\"Explora uno de los principales focos de la educaci\u00f3n en el Reino Unido y en el mundo entero, con un tour privado a las ciudades universitarias de Oxford y Cambridge \u2705\",\"breadcrumb\":{\"@id\":\"https:\/\/tourtravelandmore.com\/es\/tours\/reino-unido-es\/londres-es\/excursion-privada-a-oxford-y-cambridge\/#breadcrumb\"},\"inLanguage\":\"es\",\"potentialAction\":[{\"@type\":\"ReadAction\",\"target\":[\"https:\/\/tourtravelandmore.com\/es\/tours\/reino-unido-es\/londres-es\/excursion-privada-a-oxford-y-cambridge\/\"]}]},{\"@type\":\"ImageObject\",\"inLanguage\":\"es\",\"@id\":\"https:\/\/tourtravelandmore.com\/es\/tours\/reino-unido-es\/londres-es\/excursion-privada-a-oxford-y-cambridge\/#primaryimage\",\"url\":\"https:\/\/tourtravelandmore.com\/wp-content\/uploads\/2022\/04\/image3-12.jpg\",\"contentUrl\":\"https:\/\/tourtravelandmore.com\/wp-content\/uploads\/2022\/04\/image3-12.jpg\",\"width\":900,\"height\":680},{\"@type\":\"BreadcrumbList\",\"@id\":\"https:\/\/tourtravelandmore.com\/es\/tours\/reino-unido-es\/londres-es\/excursion-privada-a-oxford-y-cambridge\/#breadcrumb\",\"itemListElement\":[{\"@type\":\"ListItem\",\"position\":1,\"name\":\"Home\",\"item\":\"https:\/\/tourtravelandmore.com\/es\/\"},{\"@type\":\"ListItem\",\"position\":2,\"name\":\"Tours\",\"item\":\"https:\/\/tourtravelandmore.com\/es\/tours\/\"},{\"@type\":\"ListItem\",\"position\":3,\"name\":\"Tour privado a Oxford y Cambridge desde Londres\"}]},{\"@type\":\"WebSite\",\"@id\":\"https:\/\/tourtravelandmore.com\/es\/#website\",\"url\":\"https:\/\/tourtravelandmore.com\/es\/\",\"name\":\"Tour Travel And More\",\"description\":\"Private sightseeing tours and luxury transfers in Spain\",\"publisher\":{\"@id\":\"https:\/\/tourtravelandmore.com\/es\/#organization\"},\"potentialAction\":[{\"@type\":\"SearchAction\",\"target\":{\"@type\":\"EntryPoint\",\"urlTemplate\":\"https:\/\/tourtravelandmore.com\/es\/?s={search_term_string}\"},\"query-input\":{\"@type\":\"PropertyValueSpecification\",\"valueRequired\":true,\"valueName\":\"search_term_string\"}}],\"inLanguage\":\"es\"},{\"@type\":\"Organization\",\"@id\":\"https:\/\/tourtravelandmore.com\/es\/#organization\",\"name\":\"Tour Travel And More\",\"url\":\"https:\/\/tourtravelandmore.com\/es\/\",\"logo\":{\"@type\":\"ImageObject\",\"inLanguage\":\"es\",\"@id\":\"https:\/\/tourtravelandmore.com\/es\/#\/schema\/logo\/image\/\",\"url\":\"https:\/\/tourtravelandmore.com\/wp-content\/uploads\/2022\/12\/cropped-logo-cabecera-new.png\",\"contentUrl\":\"https:\/\/tourtravelandmore.com\/wp-content\/uploads\/2022\/12\/cropped-logo-cabecera-new.png\",\"width\":430,\"height\":61,\"caption\":\"Tour Travel And More\"},\"image\":{\"@id\":\"https:\/\/tourtravelandmore.com\/es\/#\/schema\/logo\/image\/\"},\"sameAs\":[\"https:\/\/www.facebook.com\/tourtravelandmore\/\",\"https:\/\/x.com\/TourTravel_More\"]}]}<\/script>\n<!-- \/ Yoast SEO Premium plugin. -->","yoast_head_json":{"title":"\u27a1\ufe0f Excursi\u00f3n privada a Oxford y Cambridge desde Londres | Tour Travel & More","description":"Explora uno de los principales focos de la educaci\u00f3n en el Reino Unido y en el mundo entero, con un tour privado a las ciudades universitarias de Oxford y Cambridge \u2705","robots":{"index":"index","follow":"follow","max-snippet":"max-snippet:-1","max-image-preview":"max-image-preview:large","max-video-preview":"max-video-preview:-1"},"canonical":"https:\/\/tourtravelandmore.com\/es\/tours\/reino-unido-es\/londres-es\/excursion-privada-a-oxford-y-cambridge\/","og_locale":"es_ES","og_type":"article","og_title":"Tour privado a Oxford y Cambridge desde Londres","og_description":"Explora uno de los principales focos de la educaci\u00f3n en el Reino Unido y en el mundo entero, con un tour privado a las ciudades universitarias de Oxford y Cambridge \u2705","og_url":"https:\/\/tourtravelandmore.com\/es\/tours\/reino-unido-es\/londres-es\/excursion-privada-a-oxford-y-cambridge\/","og_site_name":"Tour Travel And More","article_publisher":"https:\/\/www.facebook.com\/tourtravelandmore\/","article_modified_time":"2024-04-09T12:02:58+00:00","og_image":[{"width":900,"height":680,"url":"https:\/\/tourtravelandmore.com\/wp-content\/uploads\/2022\/04\/image3-12.jpg","type":"image\/jpeg"}],"twitter_card":"summary_large_image","twitter_site":"@TourTravel_More","twitter_misc":{"Tiempo de lectura":"3 minutos"},"schema":{"@context":"https:\/\/schema.org","@graph":[{"@type":"WebPage","@id":"https:\/\/tourtravelandmore.com\/es\/tours\/reino-unido-es\/londres-es\/excursion-privada-a-oxford-y-cambridge\/","url":"https:\/\/tourtravelandmore.com\/es\/tours\/reino-unido-es\/londres-es\/excursion-privada-a-oxford-y-cambridge\/","name":"\u27a1\ufe0f Excursi\u00f3n privada a Oxford y Cambridge desde Londres | Tour Travel & More","isPartOf":{"@id":"https:\/\/tourtravelandmore.com\/es\/#website"},"primaryImageOfPage":{"@id":"https:\/\/tourtravelandmore.com\/es\/tours\/reino-unido-es\/londres-es\/excursion-privada-a-oxford-y-cambridge\/#primaryimage"},"image":{"@id":"https:\/\/tourtravelandmore.com\/es\/tours\/reino-unido-es\/londres-es\/excursion-privada-a-oxford-y-cambridge\/#primaryimage"},"thumbnailUrl":"https:\/\/tourtravelandmore.com\/wp-content\/uploads\/2022\/04\/image3-12.jpg","datePublished":"2022-04-11T16:27:42+00:00","dateModified":"2024-04-09T12:02:58+00:00","description":"Explora uno de los principales focos de la educaci\u00f3n en el Reino Unido y en el mundo entero, con un tour privado a las ciudades universitarias de Oxford y Cambridge \u2705","breadcrumb":{"@id":"https:\/\/tourtravelandmore.com\/es\/tours\/reino-unido-es\/londres-es\/excursion-privada-a-oxford-y-cambridge\/#breadcrumb"},"inLanguage":"es","potentialAction":[{"@type":"ReadAction","target":["https:\/\/tourtravelandmore.com\/es\/tours\/reino-unido-es\/londres-es\/excursion-privada-a-oxford-y-cambridge\/"]}]},{"@type":"ImageObject","inLanguage":"es","@id":"https:\/\/tourtravelandmore.com\/es\/tours\/reino-unido-es\/londres-es\/excursion-privada-a-oxford-y-cambridge\/#primaryimage","url":"https:\/\/tourtravelandmore.com\/wp-content\/uploads\/2022\/04\/image3-12.jpg","contentUrl":"https:\/\/tourtravelandmore.com\/wp-content\/uploads\/2022\/04\/image3-12.jpg","width":900,"height":680},{"@type":"BreadcrumbList","@id":"https:\/\/tourtravelandmore.com\/es\/tours\/reino-unido-es\/londres-es\/excursion-privada-a-oxford-y-cambridge\/#breadcrumb","itemListElement":[{"@type":"ListItem","position":1,"name":"Home","item":"https:\/\/tourtravelandmore.com\/es\/"},{"@type":"ListItem","position":2,"name":"Tours","item":"https:\/\/tourtravelandmore.com\/es\/tours\/"},{"@type":"ListItem","position":3,"name":"Tour privado a Oxford y Cambridge desde Londres"}]},{"@type":"WebSite","@id":"https:\/\/tourtravelandmore.com\/es\/#website","url":"https:\/\/tourtravelandmore.com\/es\/","name":"Tour Travel And More","description":"Private sightseeing tours and luxury transfers in Spain","publisher":{"@id":"https:\/\/tourtravelandmore.com\/es\/#organization"},"potentialAction":[{"@type":"SearchAction","target":{"@type":"EntryPoint","urlTemplate":"https:\/\/tourtravelandmore.com\/es\/?s={search_term_string}"},"query-input":{"@type":"PropertyValueSpecification","valueRequired":true,"valueName":"search_term_string"}}],"inLanguage":"es"},{"@type":"Organization","@id":"https:\/\/tourtravelandmore.com\/es\/#organization","name":"Tour Travel And More","url":"https:\/\/tourtravelandmore.com\/es\/","logo":{"@type":"ImageObject","inLanguage":"es","@id":"https:\/\/tourtravelandmore.com\/es\/#\/schema\/logo\/image\/","url":"https:\/\/tourtravelandmore.com\/wp-content\/uploads\/2022\/12\/cropped-logo-cabecera-new.png","contentUrl":"https:\/\/tourtravelandmore.com\/wp-content\/uploads\/2022\/12\/cropped-logo-cabecera-new.png","width":430,"height":61,"caption":"Tour Travel And More"},"image":{"@id":"https:\/\/tourtravelandmore.com\/es\/#\/schema\/logo\/image\/"},"sameAs":["https:\/\/www.facebook.com\/tourtravelandmore\/","https:\/\/x.com\/TourTravel_More"]}]}},"_links":{"self":[{"href":"https:\/\/tourtravelandmore.com\/es\/wp-json\/wp\/v2\/product\/123522","targetHints":{"allow":["GET"]}}],"collection":[{"href":"https:\/\/tourtravelandmore.com\/es\/wp-json\/wp\/v2\/product"}],"about":[{"href":"https:\/\/tourtravelandmore.com\/es\/wp-json\/wp\/v2\/types\/product"}],"replies":[{"embeddable":true,"href":"https:\/\/tourtravelandmore.com\/es\/wp-json\/wp\/v2\/comments?post=123522"}],"wp:featuredmedia":[{"embeddable":true,"href":"https:\/\/tourtravelandmore.com\/es\/wp-json\/wp\/v2\/media\/123544"}],"wp:attachment":[{"href":"https:\/\/tourtravelandmore.com\/es\/wp-json\/wp\/v2\/media?parent=123522"}],"wp:term":[{"taxonomy":"product_brand","embeddable":true,"href":"https:\/\/tourtravelandmore.com\/es\/wp-json\/wp\/v2\/product_brand?post=123522"},{"taxonomy":"product_cat","embeddable":true,"href":"https:\/\/tourtravelandmore.com\/es\/wp-json\/wp\/v2\/product_cat?post=123522"},{"taxonomy":"product_tag","embeddable":true,"href":"https:\/\/tourtravelandmore.com\/es\/wp-json\/wp\/v2\/product_tag?post=123522"}],"curies":[{"name":"wp","href":"https:\/\/api.w.org\/{rel}","templated":true}]}}