{"id":123427,"date":"2022-04-11T17:12:40","date_gmt":"2022-04-11T15:12:41","guid":{"rendered":"https:\/\/tourtravelandmore.com\/?post_type=product&#038;p=123427"},"modified":"2024-04-08T19:09:19","modified_gmt":"2024-04-08T17:09:19","slug":"excursion-privada-a-stonehenge-y-bath-desde-londres","status":"publish","type":"product","link":"https:\/\/tourtravelandmore.com\/es\/tours\/reino-unido-es\/londres-es\/excursion-privada-a-stonehenge-y-bath-desde-londres\/","title":{"rendered":"Tour privado a Stonehenge y Bath desde Londres"},"content":{"rendered":"<h2><b>Descripci\u00f3n del Tour privado a Stonehenge y Bath desde Londres<\/b><\/h2>\n<p><span style=\"font-weight: 400;\">Esta excursi\u00f3n privada combina dos de los lugares m\u00e1s famosos -y llamativos- de Inglaterra: Stonehenge, un monumento hist\u00f3rico que est\u00e1 en la lista de la UNESCO, y la ciudad-balneario romana de Bath, tambi\u00e9n declarada Patrimonio de la Humanidad en el a\u00f1o 1987.<\/span><\/p>\n<p><span style=\"font-weight: 400;\">La <\/span><b>excursi\u00f3n privada a Stonehenge y Bath desde Londres<\/b><span style=\"font-weight: 400;\"> inicia al buscarte en un punto c\u00e9ntrico de la capital de Inglaterra para trasladarte en un coche de lujo a trav\u00e9s de la campi\u00f1a inglesa.\u00a0<\/span><\/p>\n<p><span style=\"font-weight: 400;\">Har\u00e1s una primera parada en Stonehenge, el cual se considera el c\u00edrculo de piedras m\u00e1s misterioso del mundo. Adem\u00e1s, descubrir\u00e1s todos sus secretos, ya que estar\u00e1s con un gu\u00eda privado experto en la historia local y te daremos entradas exclusivas al monumento.\u00a0<\/span><\/p>\n<p><span style=\"font-weight: 400;\">Luego, vas a explorar la ciudad georgiana de Bath, sede de los ba\u00f1os romanos del siglo XVIII y una de las ciudades favoritas de la familia real inglesa.\u00a0<\/span><\/p>\n<p><span style=\"font-weight: 400;\">Tendr\u00e1s un tiempo en este lugar declarado Patrimonio de la Humanidad por la UNESCO para que explores la Abad\u00eda de Bath, The Royal Crescent y mucho m\u00e1s.\u00a0<\/span><\/p>\n<p><span style=\"font-weight: 400;\">Se trata de una <\/span><b>excursi\u00f3n privada de 12 horas<\/b><span style=\"font-weight: 400;\"> y ajustada a tus gustos y necesidades. Al finalizar el recorrido, el coche te trasladar\u00e1 de vuelta hasta Londres.\u00a0<\/span><\/p>\n<h2><b>Puntos de inter\u00e9s\u00a0<\/b><\/h2>\n<p><span style=\"font-weight: 400;\">En esta excursi\u00f3n privada descubrir\u00e1 el sitio del Patrimonio Mundial de Stonehenge y disfrutar\u00e1s de una visita guiada a la elegante ciudad georgiana de Bath<\/span><\/p>\n<p><span style=\"font-weight: 400;\">Adem\u00e1s, puedes acordar con el chofer un\u00a0 punto de encuentro en Londres y que sea m\u00e1s conveniente para ti.\u00a0<\/span><\/p>\n<p><span style=\"font-weight: 400;\">Despu\u00e9s, partir\u00e1s en un coche de lujo para atravesar incre\u00edbles paisajes ingleses hasta llegar a los siguientes destinos:\u00a0<\/span><\/p>\n<p><span style=\"font-weight: 400;\">La primera parada del tour ser\u00e1 en la llanura de Salisbury para explorar el monumento prehist\u00f3rico m\u00e1s famoso del mundo. Se trata de una construcci\u00f3n hecha con diferentes piedras ubicadas de forma conc\u00e9ntrica, aproximadamente hace unos 5.000 a\u00f1os entre el periodo Neol\u00edtico y la Edad de Bronce.\u00a0<\/span><\/p>\n<p><span style=\"font-weight: 400;\">Lo llamativo de Stonehenge es que a\u00fan no se sabe a ciencia cierta cu\u00e1l era su objetivo o c\u00f3mo hicieron sus fabricantes para transportar y acomodar esas piedras que pesan m\u00e1s de 40 toneladas cada una.\u00a0<\/span><\/p>\n<p><span style=\"font-weight: 400;\">Adem\u00e1s, Stonehenge fue declarado como patrimonio de la humanidad, por lo que miles de turistas lo visitan cada a\u00f1o.\u00a0<\/span><\/p>\n<p><span style=\"font-weight: 400;\">Luego, seguiremos viaje a Bath. U<\/span><span style=\"font-weight: 400;\">na de las ciudades m\u00e1s atractivas de Inglaterra, la cual es un patrimonio cultural e hist\u00f3rico de la humanidad. Su arquitectura es uno de los primeros atractivos que te llamar\u00e1 la atenci\u00f3n, puesto que conserva un elegante estilo tradicional gregoriano.\u00a0<\/span><\/p>\n<p><span style=\"font-weight: 400;\">Te llevaremos en el coche privado a recorrer cada uno de los lugares m\u00e1s importantes y llamativos de esa importante antigua ciudad romana, como por ejemplo:\u00a0<\/span><\/p>\n<ul>\n<li><b>Las termas romanas.\u00a0<\/b><\/li>\n<li><b>El Puente Pulteney.<\/b><\/li>\n<li><b>La Abad\u00eda de Bath.<\/b><\/li>\n<li><b>The Circus.<\/b><\/li>\n<li><b>El museo de Jane Austen Centre.<\/b><\/li>\n<li><b>Royal Victoria Park y muchos lugares m\u00e1s.\u00a0<\/b><\/li>\n<\/ul>\n<p><span style=\"font-weight: 400;\">Luego de este viaje lleno de encanto y magia, el chofer te lleva de vuelta hasta Londres.\u00a0<\/span><\/p>\n<p><span style=\"font-weight: 400;\">Si deseas conocer m\u00e1s de la capital inglesa, te recomendamos que optes por nuestro <\/span><b><a href=\"https:\/\/tourtravelandmore.com\/es\/tours\/reino-unido-es\/londres-es\/tour-privado-por-londres-con-guia-y-vehiculo\/\">tour privado por Londres con gu\u00eda y veh\u00edculo<\/a>.<\/b><\/p>\n","protected":false},"excerpt":{"rendered":"<p><span style=\"font-weight: 400;\">\u00bfQuieres conocer dos de los monumentos m\u00e1s famosos de Inglaterra y que son patrimonio de la humanidad? Disfruta de esta excursi\u00f3n privada a Stonehenge y Bath desde Londres para que explores uno de los megalitos m\u00e1s antiguos del mundo y la ciudad preferida de la realeza inglesa durante el siglo XVIII<\/span><\/p>\n","protected":false},"featured_media":123455,"comment_status":"open","ping_status":"closed","template":"","meta":{"_acf_changed":false},"product_brand":[],"product_cat":[1603,1142,1151,1150],"product_tag":[],"class_list":{"0":"post-123427","1":"product","2":"type-product","3":"status-publish","4":"has-post-thumbnail","6":"product_cat-reino-unido-es","7":"product_cat-londres-es","8":"product_cat-londres-actividades-es","9":"product_cat-londres-tours-es","11":"first","12":"instock","13":"shipping-taxable","14":"purchasable","15":"product-type-simple"},"acf":[],"yoast_head":"<!-- This site is optimized with the Yoast SEO Premium plugin v25.3.1 (Yoast SEO v25.3.1) - https:\/\/yoast.com\/wordpress\/plugins\/seo\/ -->\n<title>\u27a1\ufe0f Tour privado a Stonehenge y Bath desde Londres | Tour Travel &amp; More<\/title>\n<meta name=\"description\" content=\"Disfruta un tour privado para ver el misterioso monumento prehist\u00f3rico de Stonehenge y la hermosa ciudad de Bath, declarada Patrimonio de la Humanidad por la UNESCO \u2705\" \/>\n<meta name=\"robots\" content=\"index, follow, max-snippet:-1, max-image-preview:large, max-video-preview:-1\" \/>\n<link rel=\"canonical\" href=\"https:\/\/tourtravelandmore.com\/es\/tours\/reino-unido-es\/londres-es\/excursion-privada-a-stonehenge-y-bath-desde-londres\/\" \/>\n<meta property=\"og:locale\" content=\"es_ES\" \/>\n<meta property=\"og:type\" content=\"article\" \/>\n<meta property=\"og:title\" content=\"Tour privado a Stonehenge y Bath desde Londres\" \/>\n<meta property=\"og:description\" content=\"Disfruta un tour privado para ver el misterioso monumento prehist\u00f3rico de Stonehenge y la hermosa ciudad de Bath, declarada Patrimonio de la Humanidad por la UNESCO \u2705\" \/>\n<meta property=\"og:url\" content=\"https:\/\/tourtravelandmore.com\/es\/tours\/reino-unido-es\/londres-es\/excursion-privada-a-stonehenge-y-bath-desde-londres\/\" \/>\n<meta property=\"og:site_name\" content=\"Tour Travel And More\" \/>\n<meta property=\"article:publisher\" content=\"https:\/\/www.facebook.com\/tourtravelandmore\/\" \/>\n<meta property=\"article:modified_time\" content=\"2024-04-08T17:09:19+00:00\" \/>\n<meta property=\"og:image\" content=\"https:\/\/tourtravelandmore.com\/wp-content\/uploads\/2022\/04\/image5-15.jpg\" \/>\n\t<meta property=\"og:image:width\" content=\"900\" \/>\n\t<meta property=\"og:image:height\" content=\"680\" \/>\n\t<meta property=\"og:image:type\" content=\"image\/jpeg\" \/>\n<meta name=\"twitter:card\" content=\"summary_large_image\" \/>\n<meta name=\"twitter:site\" content=\"@TourTravel_More\" \/>\n<meta name=\"twitter:label1\" content=\"Tiempo de lectura\" \/>\n\t<meta name=\"twitter:data1\" content=\"3 minutos\" \/>\n<script type=\"application\/ld+json\" class=\"yoast-schema-graph\">{\"@context\":\"https:\/\/schema.org\",\"@graph\":[{\"@type\":\"WebPage\",\"@id\":\"https:\/\/tourtravelandmore.com\/es\/tours\/reino-unido-es\/londres-es\/excursion-privada-a-stonehenge-y-bath-desde-londres\/\",\"url\":\"https:\/\/tourtravelandmore.com\/es\/tours\/reino-unido-es\/londres-es\/excursion-privada-a-stonehenge-y-bath-desde-londres\/\",\"name\":\"\u27a1\ufe0f Tour privado a Stonehenge y Bath desde Londres | Tour Travel & More\",\"isPartOf\":{\"@id\":\"https:\/\/tourtravelandmore.com\/es\/#website\"},\"primaryImageOfPage\":{\"@id\":\"https:\/\/tourtravelandmore.com\/es\/tours\/reino-unido-es\/londres-es\/excursion-privada-a-stonehenge-y-bath-desde-londres\/#primaryimage\"},\"image\":{\"@id\":\"https:\/\/tourtravelandmore.com\/es\/tours\/reino-unido-es\/londres-es\/excursion-privada-a-stonehenge-y-bath-desde-londres\/#primaryimage\"},\"thumbnailUrl\":\"https:\/\/tourtravelandmore.com\/wp-content\/uploads\/2022\/04\/image5-15.jpg\",\"datePublished\":\"2022-04-11T15:12:41+00:00\",\"dateModified\":\"2024-04-08T17:09:19+00:00\",\"description\":\"Disfruta un tour privado para ver el misterioso monumento prehist\u00f3rico de Stonehenge y la hermosa ciudad de Bath, declarada Patrimonio de la Humanidad por la UNESCO \u2705\",\"breadcrumb\":{\"@id\":\"https:\/\/tourtravelandmore.com\/es\/tours\/reino-unido-es\/londres-es\/excursion-privada-a-stonehenge-y-bath-desde-londres\/#breadcrumb\"},\"inLanguage\":\"es\",\"potentialAction\":[{\"@type\":\"ReadAction\",\"target\":[\"https:\/\/tourtravelandmore.com\/es\/tours\/reino-unido-es\/londres-es\/excursion-privada-a-stonehenge-y-bath-desde-londres\/\"]}]},{\"@type\":\"ImageObject\",\"inLanguage\":\"es\",\"@id\":\"https:\/\/tourtravelandmore.com\/es\/tours\/reino-unido-es\/londres-es\/excursion-privada-a-stonehenge-y-bath-desde-londres\/#primaryimage\",\"url\":\"https:\/\/tourtravelandmore.com\/wp-content\/uploads\/2022\/04\/image5-15.jpg\",\"contentUrl\":\"https:\/\/tourtravelandmore.com\/wp-content\/uploads\/2022\/04\/image5-15.jpg\",\"width\":900,\"height\":680},{\"@type\":\"BreadcrumbList\",\"@id\":\"https:\/\/tourtravelandmore.com\/es\/tours\/reino-unido-es\/londres-es\/excursion-privada-a-stonehenge-y-bath-desde-londres\/#breadcrumb\",\"itemListElement\":[{\"@type\":\"ListItem\",\"position\":1,\"name\":\"Home\",\"item\":\"https:\/\/tourtravelandmore.com\/es\/\"},{\"@type\":\"ListItem\",\"position\":2,\"name\":\"Tours\",\"item\":\"https:\/\/tourtravelandmore.com\/es\/tours\/\"},{\"@type\":\"ListItem\",\"position\":3,\"name\":\"Tour privado a Stonehenge y Bath desde Londres\"}]},{\"@type\":\"WebSite\",\"@id\":\"https:\/\/tourtravelandmore.com\/es\/#website\",\"url\":\"https:\/\/tourtravelandmore.com\/es\/\",\"name\":\"Tour Travel And More\",\"description\":\"Private sightseeing tours and luxury transfers in Spain\",\"publisher\":{\"@id\":\"https:\/\/tourtravelandmore.com\/es\/#organization\"},\"potentialAction\":[{\"@type\":\"SearchAction\",\"target\":{\"@type\":\"EntryPoint\",\"urlTemplate\":\"https:\/\/tourtravelandmore.com\/es\/?s={search_term_string}\"},\"query-input\":{\"@type\":\"PropertyValueSpecification\",\"valueRequired\":true,\"valueName\":\"search_term_string\"}}],\"inLanguage\":\"es\"},{\"@type\":\"Organization\",\"@id\":\"https:\/\/tourtravelandmore.com\/es\/#organization\",\"name\":\"Tour Travel And More\",\"url\":\"https:\/\/tourtravelandmore.com\/es\/\",\"logo\":{\"@type\":\"ImageObject\",\"inLanguage\":\"es\",\"@id\":\"https:\/\/tourtravelandmore.com\/es\/#\/schema\/logo\/image\/\",\"url\":\"https:\/\/tourtravelandmore.com\/wp-content\/uploads\/2022\/12\/cropped-logo-cabecera-new.png\",\"contentUrl\":\"https:\/\/tourtravelandmore.com\/wp-content\/uploads\/2022\/12\/cropped-logo-cabecera-new.png\",\"width\":430,\"height\":61,\"caption\":\"Tour Travel And More\"},\"image\":{\"@id\":\"https:\/\/tourtravelandmore.com\/es\/#\/schema\/logo\/image\/\"},\"sameAs\":[\"https:\/\/www.facebook.com\/tourtravelandmore\/\",\"https:\/\/x.com\/TourTravel_More\"]}]}<\/script>\n<!-- \/ Yoast SEO Premium plugin. -->","yoast_head_json":{"title":"\u27a1\ufe0f Tour privado a Stonehenge y Bath desde Londres | Tour Travel & More","description":"Disfruta un tour privado para ver el misterioso monumento prehist\u00f3rico de Stonehenge y la hermosa ciudad de Bath, declarada Patrimonio de la Humanidad por la UNESCO \u2705","robots":{"index":"index","follow":"follow","max-snippet":"max-snippet:-1","max-image-preview":"max-image-preview:large","max-video-preview":"max-video-preview:-1"},"canonical":"https:\/\/tourtravelandmore.com\/es\/tours\/reino-unido-es\/londres-es\/excursion-privada-a-stonehenge-y-bath-desde-londres\/","og_locale":"es_ES","og_type":"article","og_title":"Tour privado a Stonehenge y Bath desde Londres","og_description":"Disfruta un tour privado para ver el misterioso monumento prehist\u00f3rico de Stonehenge y la hermosa ciudad de Bath, declarada Patrimonio de la Humanidad por la UNESCO \u2705","og_url":"https:\/\/tourtravelandmore.com\/es\/tours\/reino-unido-es\/londres-es\/excursion-privada-a-stonehenge-y-bath-desde-londres\/","og_site_name":"Tour Travel And More","article_publisher":"https:\/\/www.facebook.com\/tourtravelandmore\/","article_modified_time":"2024-04-08T17:09:19+00:00","og_image":[{"width":900,"height":680,"url":"https:\/\/tourtravelandmore.com\/wp-content\/uploads\/2022\/04\/image5-15.jpg","type":"image\/jpeg"}],"twitter_card":"summary_large_image","twitter_site":"@TourTravel_More","twitter_misc":{"Tiempo de lectura":"3 minutos"},"schema":{"@context":"https:\/\/schema.org","@graph":[{"@type":"WebPage","@id":"https:\/\/tourtravelandmore.com\/es\/tours\/reino-unido-es\/londres-es\/excursion-privada-a-stonehenge-y-bath-desde-londres\/","url":"https:\/\/tourtravelandmore.com\/es\/tours\/reino-unido-es\/londres-es\/excursion-privada-a-stonehenge-y-bath-desde-londres\/","name":"\u27a1\ufe0f Tour privado a Stonehenge y Bath desde Londres | Tour Travel & More","isPartOf":{"@id":"https:\/\/tourtravelandmore.com\/es\/#website"},"primaryImageOfPage":{"@id":"https:\/\/tourtravelandmore.com\/es\/tours\/reino-unido-es\/londres-es\/excursion-privada-a-stonehenge-y-bath-desde-londres\/#primaryimage"},"image":{"@id":"https:\/\/tourtravelandmore.com\/es\/tours\/reino-unido-es\/londres-es\/excursion-privada-a-stonehenge-y-bath-desde-londres\/#primaryimage"},"thumbnailUrl":"https:\/\/tourtravelandmore.com\/wp-content\/uploads\/2022\/04\/image5-15.jpg","datePublished":"2022-04-11T15:12:41+00:00","dateModified":"2024-04-08T17:09:19+00:00","description":"Disfruta un tour privado para ver el misterioso monumento prehist\u00f3rico de Stonehenge y la hermosa ciudad de Bath, declarada Patrimonio de la Humanidad por la UNESCO \u2705","breadcrumb":{"@id":"https:\/\/tourtravelandmore.com\/es\/tours\/reino-unido-es\/londres-es\/excursion-privada-a-stonehenge-y-bath-desde-londres\/#breadcrumb"},"inLanguage":"es","potentialAction":[{"@type":"ReadAction","target":["https:\/\/tourtravelandmore.com\/es\/tours\/reino-unido-es\/londres-es\/excursion-privada-a-stonehenge-y-bath-desde-londres\/"]}]},{"@type":"ImageObject","inLanguage":"es","@id":"https:\/\/tourtravelandmore.com\/es\/tours\/reino-unido-es\/londres-es\/excursion-privada-a-stonehenge-y-bath-desde-londres\/#primaryimage","url":"https:\/\/tourtravelandmore.com\/wp-content\/uploads\/2022\/04\/image5-15.jpg","contentUrl":"https:\/\/tourtravelandmore.com\/wp-content\/uploads\/2022\/04\/image5-15.jpg","width":900,"height":680},{"@type":"BreadcrumbList","@id":"https:\/\/tourtravelandmore.com\/es\/tours\/reino-unido-es\/londres-es\/excursion-privada-a-stonehenge-y-bath-desde-londres\/#breadcrumb","itemListElement":[{"@type":"ListItem","position":1,"name":"Home","item":"https:\/\/tourtravelandmore.com\/es\/"},{"@type":"ListItem","position":2,"name":"Tours","item":"https:\/\/tourtravelandmore.com\/es\/tours\/"},{"@type":"ListItem","position":3,"name":"Tour privado a Stonehenge y Bath desde Londres"}]},{"@type":"WebSite","@id":"https:\/\/tourtravelandmore.com\/es\/#website","url":"https:\/\/tourtravelandmore.com\/es\/","name":"Tour Travel And More","description":"Private sightseeing tours and luxury transfers in Spain","publisher":{"@id":"https:\/\/tourtravelandmore.com\/es\/#organization"},"potentialAction":[{"@type":"SearchAction","target":{"@type":"EntryPoint","urlTemplate":"https:\/\/tourtravelandmore.com\/es\/?s={search_term_string}"},"query-input":{"@type":"PropertyValueSpecification","valueRequired":true,"valueName":"search_term_string"}}],"inLanguage":"es"},{"@type":"Organization","@id":"https:\/\/tourtravelandmore.com\/es\/#organization","name":"Tour Travel And More","url":"https:\/\/tourtravelandmore.com\/es\/","logo":{"@type":"ImageObject","inLanguage":"es","@id":"https:\/\/tourtravelandmore.com\/es\/#\/schema\/logo\/image\/","url":"https:\/\/tourtravelandmore.com\/wp-content\/uploads\/2022\/12\/cropped-logo-cabecera-new.png","contentUrl":"https:\/\/tourtravelandmore.com\/wp-content\/uploads\/2022\/12\/cropped-logo-cabecera-new.png","width":430,"height":61,"caption":"Tour Travel And More"},"image":{"@id":"https:\/\/tourtravelandmore.com\/es\/#\/schema\/logo\/image\/"},"sameAs":["https:\/\/www.facebook.com\/tourtravelandmore\/","https:\/\/x.com\/TourTravel_More"]}]}},"_links":{"self":[{"href":"https:\/\/tourtravelandmore.com\/es\/wp-json\/wp\/v2\/product\/123427","targetHints":{"allow":["GET"]}}],"collection":[{"href":"https:\/\/tourtravelandmore.com\/es\/wp-json\/wp\/v2\/product"}],"about":[{"href":"https:\/\/tourtravelandmore.com\/es\/wp-json\/wp\/v2\/types\/product"}],"replies":[{"embeddable":true,"href":"https:\/\/tourtravelandmore.com\/es\/wp-json\/wp\/v2\/comments?post=123427"}],"wp:featuredmedia":[{"embeddable":true,"href":"https:\/\/tourtravelandmore.com\/es\/wp-json\/wp\/v2\/media\/123455"}],"wp:attachment":[{"href":"https:\/\/tourtravelandmore.com\/es\/wp-json\/wp\/v2\/media?parent=123427"}],"wp:term":[{"taxonomy":"product_brand","embeddable":true,"href":"https:\/\/tourtravelandmore.com\/es\/wp-json\/wp\/v2\/product_brand?post=123427"},{"taxonomy":"product_cat","embeddable":true,"href":"https:\/\/tourtravelandmore.com\/es\/wp-json\/wp\/v2\/product_cat?post=123427"},{"taxonomy":"product_tag","embeddable":true,"href":"https:\/\/tourtravelandmore.com\/es\/wp-json\/wp\/v2\/product_tag?post=123427"}],"curies":[{"name":"wp","href":"https:\/\/api.w.org\/{rel}","templated":true}]}}