{"id":123352,"date":"2022-04-11T13:21:29","date_gmt":"2022-04-11T11:21:29","guid":{"rendered":"https:\/\/tourtravelandmore.com\/?post_type=product&#038;p=123352"},"modified":"2024-04-05T20:01:16","modified_gmt":"2024-04-05T18:01:16","slug":"excursion-privada-al-castillo-de-windsor-desde-londres","status":"publish","type":"product","link":"https:\/\/tourtravelandmore.com\/es\/tours\/reino-unido-es\/londres-es\/excursion-privada-al-castillo-de-windsor-desde-londres\/","title":{"rendered":"Tour privado al Castillo de Windsor desde Londres"},"content":{"rendered":"<h2><b>Descripci\u00f3n de la Excursi\u00f3n privada al Castillo de Windsor desde Londres<\/b><\/h2>\n<p><span style=\"font-weight: 400;\">A tan solo unos 40 minutos de Londres, se encuentra el simb\u00f3lico Castillo de Windsor. Se trata de una edificaci\u00f3n que tiene un gran valor hist\u00f3rico para la Familia Real inglesa.\u00a0<\/span><\/p>\n<p><span style=\"font-weight: 400;\">En nuestro <\/span><b>tour privado por Windsor desde Londres<\/b><span style=\"font-weight: 400;\"> disfrutar\u00e1s de un paseo pintoresco a trav\u00e9s de los hermosos jardines de estilo franc\u00e9s y g\u00f3ticos que hay alrededor del castillo.\u00a0<\/span><\/p>\n<p><span style=\"font-weight: 400;\">Tambi\u00e9n, recorrer\u00e1s los pasillos, salones y galer\u00edas de este incre\u00edble palacio y descubrir\u00e1s la belleza que envuelve la capilla de San Jorge.\u00a0<\/span><\/p>\n<p><span style=\"font-weight: 400;\">La <\/span><b>excursi\u00f3n guiada de 8 horas<\/b><span style=\"font-weight: 400;\"> inicia en el punto c\u00e9ntrico de Londres que nos indiques. All\u00ed, pasaremos por ti en un coche de lujo para llevarte directo y sin demoras hasta el majestuoso Castillo de Windsor.\u00a0<\/span><\/p>\n<p><span style=\"font-weight: 400;\">Todo <\/span><b>el paseo ser\u00e1 en compa\u00f1\u00eda de un gu\u00eda oficial privado<\/b><span style=\"font-weight: 400;\">, quien es experto en la historia que hay detr\u00e1s de cada rinc\u00f3n de este palacio.\u00a0<\/span><\/p>\n<p><span style=\"font-weight: 400;\">Cuando finalices tu excursi\u00f3n, el chofer privado te trasladar\u00e1 nuevamente hasta Londres.\u00a0<\/span><\/p>\n<h2><b>Puntos de inter\u00e9s de la Excursi\u00f3n privada al Castillo de Windsor desde Londres<\/b><\/h2>\n<p><span style=\"font-weight: 400;\">El castillo de Windsor es la residencia m\u00e1s antigua y que contin\u00faa ocupada de todo el mundo. Tambi\u00e9n, ha sido el hogar de la Familia Real brit\u00e1nica durante muchos siglos.<\/span><\/p>\n<p><span style=\"font-weight: 400;\">Este tour privado al Castillo de Windsor con nuestro gu\u00eda local, inicia cuando te busquemos en alg\u00fan punto c\u00e9ntrico de Londres para emprender el viaje hacia este magn\u00edfico castillo para\u00a0 conocer los distintos puntos de inter\u00e9s:\u00a0<\/span><\/p>\n<p><span style=\"font-weight: 400;\">El castillo es la residencia privada favorita de la reina Isabel II. Este palacio fortificado fue construido por Guillermo I durante el siglo XI, y su intenci\u00f3n era usarlo como defensa en las riberas del r\u00edo T\u00e1mesis.\u00a0<\/span><\/p>\n<p><span style=\"font-weight: 400;\">La familia Real Brit\u00e1nica a\u00fan ocupa parte del castillo, y es posible ver la Capilla Real, donde se encuentra enterrada la Reina Victoria, Enrique VIII y otros reyes ingleses m\u00e1s.\u00a0<\/span><\/p>\n<p><span style=\"font-weight: 400;\">Como te daremos entradas exclusivas al palacio, podr\u00e1s explorar los 9 acres de terreno, el exterior y los interiores del castillo para admirar los aposentos de la reina y las distintas obras de arte que all\u00ed se conservan.\u00a0<\/span><\/p>\n<p><span style=\"font-weight: 400;\">Pero eso no es todo, ya que en esta excursi\u00f3n privada tambi\u00e9n te llevaremos a conocer los siguientes lugares:\u00a0<\/span><\/p>\n<ul>\n<li><b>La casa de mu\u00f1ecas de la Reina Mar\u00eda.\u00a0<\/b><\/li>\n<li><b>Los Departamentos de Estado.\u00a0<\/b><\/li>\n<li><b>Los jardines de Windsor y mucho m\u00e1s.\u00a0<\/b><\/li>\n<\/ul>\n<p><span style=\"font-weight: 400;\">Durante todo el recorrido, el gu\u00eda estar\u00e1 atento para que no te quede detalle sin descubrir o conocer.\u00a0<\/span><\/p>\n<p><span style=\"font-weight: 400;\">Cuando termine la excursi\u00f3n privada, el chofer te trasladar\u00e1 de vuelta hasta Londres. Puedes completar tu itinerario de viaje con nuestro <\/span><a href=\"https:\/\/tourtravelandmore.com\/es\/tours\/reino-unido-es\/londres-es\/tour-privado-westminster-abbey\/\"><b>tour privado Westminster Abbey<\/b><span style=\"font-weight: 400;\">.<\/span><\/a><\/p>\n","protected":false},"excerpt":{"rendered":"<p><span style=\"font-weight: 400;\">Explora el Castillo de Windsor, que es el palacio m\u00e1s antiguo y grande del mundo y la residencia de fin de semana preferida de la Reina Isabel. En este tour privado al Castillo de Windsor desde Londres, tambi\u00e9n visitar\u00e1s la Capilla de San Jorge y ver\u00e1s la tumba de Enrique VIII. Adem\u00e1s, el traslado ser\u00e9 en un coche privado y con la compa\u00f1\u00eda de un gu\u00eda oficial. <\/span><\/p>\n","protected":false},"featured_media":123377,"comment_status":"open","ping_status":"closed","template":"","meta":{"_acf_changed":false},"product_brand":[],"product_cat":[1603,1142,1151,1150],"product_tag":[],"class_list":{"0":"post-123352","1":"product","2":"type-product","3":"status-publish","4":"has-post-thumbnail","6":"product_cat-reino-unido-es","7":"product_cat-londres-es","8":"product_cat-londres-actividades-es","9":"product_cat-londres-tours-es","11":"first","12":"instock","13":"shipping-taxable","14":"purchasable","15":"product-type-simple"},"acf":[],"yoast_head":"<!-- This site is optimized with the Yoast SEO Premium plugin v25.3.1 (Yoast SEO v25.3.1) - https:\/\/yoast.com\/wordpress\/plugins\/seo\/ -->\n<title>\u27a1\ufe0f Excursi\u00f3n privada al Castillo de Windsor desde Londres | Tour Travel &amp; More<\/title>\n<meta name=\"description\" content=\"Disfruta de un recorrido privado por Windsor para que conozcas el castillo m\u00e1s viejo y grande de todo el mundo \u2705\" \/>\n<meta name=\"robots\" content=\"index, follow, max-snippet:-1, max-image-preview:large, max-video-preview:-1\" \/>\n<link rel=\"canonical\" href=\"https:\/\/tourtravelandmore.com\/es\/tours\/reino-unido-es\/londres-es\/excursion-privada-al-castillo-de-windsor-desde-londres\/\" \/>\n<meta property=\"og:locale\" content=\"es_ES\" \/>\n<meta property=\"og:type\" content=\"article\" \/>\n<meta property=\"og:title\" content=\"Tour privado al Castillo de Windsor desde Londres\" \/>\n<meta property=\"og:description\" content=\"Disfruta de un recorrido privado por Windsor para que conozcas el castillo m\u00e1s viejo y grande de todo el mundo \u2705\" \/>\n<meta property=\"og:url\" content=\"https:\/\/tourtravelandmore.com\/es\/tours\/reino-unido-es\/londres-es\/excursion-privada-al-castillo-de-windsor-desde-londres\/\" \/>\n<meta property=\"og:site_name\" content=\"Tour Travel And More\" \/>\n<meta property=\"article:publisher\" content=\"https:\/\/www.facebook.com\/tourtravelandmore\/\" \/>\n<meta property=\"article:modified_time\" content=\"2024-04-05T18:01:16+00:00\" \/>\n<meta property=\"og:image\" content=\"https:\/\/tourtravelandmore.com\/wp-content\/uploads\/2022\/04\/image4-12.jpg\" \/>\n\t<meta property=\"og:image:width\" content=\"900\" \/>\n\t<meta property=\"og:image:height\" content=\"680\" \/>\n\t<meta property=\"og:image:type\" content=\"image\/jpeg\" \/>\n<meta name=\"twitter:card\" content=\"summary_large_image\" \/>\n<meta name=\"twitter:site\" content=\"@TourTravel_More\" \/>\n<meta name=\"twitter:label1\" content=\"Tiempo de lectura\" \/>\n\t<meta name=\"twitter:data1\" content=\"3 minutos\" \/>\n<script type=\"application\/ld+json\" class=\"yoast-schema-graph\">{\"@context\":\"https:\/\/schema.org\",\"@graph\":[{\"@type\":\"WebPage\",\"@id\":\"https:\/\/tourtravelandmore.com\/es\/tours\/reino-unido-es\/londres-es\/excursion-privada-al-castillo-de-windsor-desde-londres\/\",\"url\":\"https:\/\/tourtravelandmore.com\/es\/tours\/reino-unido-es\/londres-es\/excursion-privada-al-castillo-de-windsor-desde-londres\/\",\"name\":\"\u27a1\ufe0f Excursi\u00f3n privada al Castillo de Windsor desde Londres | Tour Travel & More\",\"isPartOf\":{\"@id\":\"https:\/\/tourtravelandmore.com\/es\/#website\"},\"primaryImageOfPage\":{\"@id\":\"https:\/\/tourtravelandmore.com\/es\/tours\/reino-unido-es\/londres-es\/excursion-privada-al-castillo-de-windsor-desde-londres\/#primaryimage\"},\"image\":{\"@id\":\"https:\/\/tourtravelandmore.com\/es\/tours\/reino-unido-es\/londres-es\/excursion-privada-al-castillo-de-windsor-desde-londres\/#primaryimage\"},\"thumbnailUrl\":\"https:\/\/tourtravelandmore.com\/wp-content\/uploads\/2022\/04\/image4-12.jpg\",\"datePublished\":\"2022-04-11T11:21:29+00:00\",\"dateModified\":\"2024-04-05T18:01:16+00:00\",\"description\":\"Disfruta de un recorrido privado por Windsor para que conozcas el castillo m\u00e1s viejo y grande de todo el mundo \u2705\",\"breadcrumb\":{\"@id\":\"https:\/\/tourtravelandmore.com\/es\/tours\/reino-unido-es\/londres-es\/excursion-privada-al-castillo-de-windsor-desde-londres\/#breadcrumb\"},\"inLanguage\":\"es\",\"potentialAction\":[{\"@type\":\"ReadAction\",\"target\":[\"https:\/\/tourtravelandmore.com\/es\/tours\/reino-unido-es\/londres-es\/excursion-privada-al-castillo-de-windsor-desde-londres\/\"]}]},{\"@type\":\"ImageObject\",\"inLanguage\":\"es\",\"@id\":\"https:\/\/tourtravelandmore.com\/es\/tours\/reino-unido-es\/londres-es\/excursion-privada-al-castillo-de-windsor-desde-londres\/#primaryimage\",\"url\":\"https:\/\/tourtravelandmore.com\/wp-content\/uploads\/2022\/04\/image4-12.jpg\",\"contentUrl\":\"https:\/\/tourtravelandmore.com\/wp-content\/uploads\/2022\/04\/image4-12.jpg\",\"width\":900,\"height\":680},{\"@type\":\"BreadcrumbList\",\"@id\":\"https:\/\/tourtravelandmore.com\/es\/tours\/reino-unido-es\/londres-es\/excursion-privada-al-castillo-de-windsor-desde-londres\/#breadcrumb\",\"itemListElement\":[{\"@type\":\"ListItem\",\"position\":1,\"name\":\"Home\",\"item\":\"https:\/\/tourtravelandmore.com\/es\/\"},{\"@type\":\"ListItem\",\"position\":2,\"name\":\"Tours\",\"item\":\"https:\/\/tourtravelandmore.com\/es\/tours\/\"},{\"@type\":\"ListItem\",\"position\":3,\"name\":\"Tour privado al Castillo de Windsor desde Londres\"}]},{\"@type\":\"WebSite\",\"@id\":\"https:\/\/tourtravelandmore.com\/es\/#website\",\"url\":\"https:\/\/tourtravelandmore.com\/es\/\",\"name\":\"Tour Travel And More\",\"description\":\"Private sightseeing tours and luxury transfers in Spain\",\"publisher\":{\"@id\":\"https:\/\/tourtravelandmore.com\/es\/#organization\"},\"potentialAction\":[{\"@type\":\"SearchAction\",\"target\":{\"@type\":\"EntryPoint\",\"urlTemplate\":\"https:\/\/tourtravelandmore.com\/es\/?s={search_term_string}\"},\"query-input\":{\"@type\":\"PropertyValueSpecification\",\"valueRequired\":true,\"valueName\":\"search_term_string\"}}],\"inLanguage\":\"es\"},{\"@type\":\"Organization\",\"@id\":\"https:\/\/tourtravelandmore.com\/es\/#organization\",\"name\":\"Tour Travel And More\",\"url\":\"https:\/\/tourtravelandmore.com\/es\/\",\"logo\":{\"@type\":\"ImageObject\",\"inLanguage\":\"es\",\"@id\":\"https:\/\/tourtravelandmore.com\/es\/#\/schema\/logo\/image\/\",\"url\":\"https:\/\/tourtravelandmore.com\/wp-content\/uploads\/2022\/12\/cropped-logo-cabecera-new.png\",\"contentUrl\":\"https:\/\/tourtravelandmore.com\/wp-content\/uploads\/2022\/12\/cropped-logo-cabecera-new.png\",\"width\":430,\"height\":61,\"caption\":\"Tour Travel And More\"},\"image\":{\"@id\":\"https:\/\/tourtravelandmore.com\/es\/#\/schema\/logo\/image\/\"},\"sameAs\":[\"https:\/\/www.facebook.com\/tourtravelandmore\/\",\"https:\/\/x.com\/TourTravel_More\"]}]}<\/script>\n<!-- \/ Yoast SEO Premium plugin. -->","yoast_head_json":{"title":"\u27a1\ufe0f Excursi\u00f3n privada al Castillo de Windsor desde Londres | Tour Travel & More","description":"Disfruta de un recorrido privado por Windsor para que conozcas el castillo m\u00e1s viejo y grande de todo el mundo \u2705","robots":{"index":"index","follow":"follow","max-snippet":"max-snippet:-1","max-image-preview":"max-image-preview:large","max-video-preview":"max-video-preview:-1"},"canonical":"https:\/\/tourtravelandmore.com\/es\/tours\/reino-unido-es\/londres-es\/excursion-privada-al-castillo-de-windsor-desde-londres\/","og_locale":"es_ES","og_type":"article","og_title":"Tour privado al Castillo de Windsor desde Londres","og_description":"Disfruta de un recorrido privado por Windsor para que conozcas el castillo m\u00e1s viejo y grande de todo el mundo \u2705","og_url":"https:\/\/tourtravelandmore.com\/es\/tours\/reino-unido-es\/londres-es\/excursion-privada-al-castillo-de-windsor-desde-londres\/","og_site_name":"Tour Travel And More","article_publisher":"https:\/\/www.facebook.com\/tourtravelandmore\/","article_modified_time":"2024-04-05T18:01:16+00:00","og_image":[{"width":900,"height":680,"url":"https:\/\/tourtravelandmore.com\/wp-content\/uploads\/2022\/04\/image4-12.jpg","type":"image\/jpeg"}],"twitter_card":"summary_large_image","twitter_site":"@TourTravel_More","twitter_misc":{"Tiempo de lectura":"3 minutos"},"schema":{"@context":"https:\/\/schema.org","@graph":[{"@type":"WebPage","@id":"https:\/\/tourtravelandmore.com\/es\/tours\/reino-unido-es\/londres-es\/excursion-privada-al-castillo-de-windsor-desde-londres\/","url":"https:\/\/tourtravelandmore.com\/es\/tours\/reino-unido-es\/londres-es\/excursion-privada-al-castillo-de-windsor-desde-londres\/","name":"\u27a1\ufe0f Excursi\u00f3n privada al Castillo de Windsor desde Londres | Tour Travel & More","isPartOf":{"@id":"https:\/\/tourtravelandmore.com\/es\/#website"},"primaryImageOfPage":{"@id":"https:\/\/tourtravelandmore.com\/es\/tours\/reino-unido-es\/londres-es\/excursion-privada-al-castillo-de-windsor-desde-londres\/#primaryimage"},"image":{"@id":"https:\/\/tourtravelandmore.com\/es\/tours\/reino-unido-es\/londres-es\/excursion-privada-al-castillo-de-windsor-desde-londres\/#primaryimage"},"thumbnailUrl":"https:\/\/tourtravelandmore.com\/wp-content\/uploads\/2022\/04\/image4-12.jpg","datePublished":"2022-04-11T11:21:29+00:00","dateModified":"2024-04-05T18:01:16+00:00","description":"Disfruta de un recorrido privado por Windsor para que conozcas el castillo m\u00e1s viejo y grande de todo el mundo \u2705","breadcrumb":{"@id":"https:\/\/tourtravelandmore.com\/es\/tours\/reino-unido-es\/londres-es\/excursion-privada-al-castillo-de-windsor-desde-londres\/#breadcrumb"},"inLanguage":"es","potentialAction":[{"@type":"ReadAction","target":["https:\/\/tourtravelandmore.com\/es\/tours\/reino-unido-es\/londres-es\/excursion-privada-al-castillo-de-windsor-desde-londres\/"]}]},{"@type":"ImageObject","inLanguage":"es","@id":"https:\/\/tourtravelandmore.com\/es\/tours\/reino-unido-es\/londres-es\/excursion-privada-al-castillo-de-windsor-desde-londres\/#primaryimage","url":"https:\/\/tourtravelandmore.com\/wp-content\/uploads\/2022\/04\/image4-12.jpg","contentUrl":"https:\/\/tourtravelandmore.com\/wp-content\/uploads\/2022\/04\/image4-12.jpg","width":900,"height":680},{"@type":"BreadcrumbList","@id":"https:\/\/tourtravelandmore.com\/es\/tours\/reino-unido-es\/londres-es\/excursion-privada-al-castillo-de-windsor-desde-londres\/#breadcrumb","itemListElement":[{"@type":"ListItem","position":1,"name":"Home","item":"https:\/\/tourtravelandmore.com\/es\/"},{"@type":"ListItem","position":2,"name":"Tours","item":"https:\/\/tourtravelandmore.com\/es\/tours\/"},{"@type":"ListItem","position":3,"name":"Tour privado al Castillo de Windsor desde Londres"}]},{"@type":"WebSite","@id":"https:\/\/tourtravelandmore.com\/es\/#website","url":"https:\/\/tourtravelandmore.com\/es\/","name":"Tour Travel And More","description":"Private sightseeing tours and luxury transfers in Spain","publisher":{"@id":"https:\/\/tourtravelandmore.com\/es\/#organization"},"potentialAction":[{"@type":"SearchAction","target":{"@type":"EntryPoint","urlTemplate":"https:\/\/tourtravelandmore.com\/es\/?s={search_term_string}"},"query-input":{"@type":"PropertyValueSpecification","valueRequired":true,"valueName":"search_term_string"}}],"inLanguage":"es"},{"@type":"Organization","@id":"https:\/\/tourtravelandmore.com\/es\/#organization","name":"Tour Travel And More","url":"https:\/\/tourtravelandmore.com\/es\/","logo":{"@type":"ImageObject","inLanguage":"es","@id":"https:\/\/tourtravelandmore.com\/es\/#\/schema\/logo\/image\/","url":"https:\/\/tourtravelandmore.com\/wp-content\/uploads\/2022\/12\/cropped-logo-cabecera-new.png","contentUrl":"https:\/\/tourtravelandmore.com\/wp-content\/uploads\/2022\/12\/cropped-logo-cabecera-new.png","width":430,"height":61,"caption":"Tour Travel And More"},"image":{"@id":"https:\/\/tourtravelandmore.com\/es\/#\/schema\/logo\/image\/"},"sameAs":["https:\/\/www.facebook.com\/tourtravelandmore\/","https:\/\/x.com\/TourTravel_More"]}]}},"_links":{"self":[{"href":"https:\/\/tourtravelandmore.com\/es\/wp-json\/wp\/v2\/product\/123352","targetHints":{"allow":["GET"]}}],"collection":[{"href":"https:\/\/tourtravelandmore.com\/es\/wp-json\/wp\/v2\/product"}],"about":[{"href":"https:\/\/tourtravelandmore.com\/es\/wp-json\/wp\/v2\/types\/product"}],"replies":[{"embeddable":true,"href":"https:\/\/tourtravelandmore.com\/es\/wp-json\/wp\/v2\/comments?post=123352"}],"wp:featuredmedia":[{"embeddable":true,"href":"https:\/\/tourtravelandmore.com\/es\/wp-json\/wp\/v2\/media\/123377"}],"wp:attachment":[{"href":"https:\/\/tourtravelandmore.com\/es\/wp-json\/wp\/v2\/media?parent=123352"}],"wp:term":[{"taxonomy":"product_brand","embeddable":true,"href":"https:\/\/tourtravelandmore.com\/es\/wp-json\/wp\/v2\/product_brand?post=123352"},{"taxonomy":"product_cat","embeddable":true,"href":"https:\/\/tourtravelandmore.com\/es\/wp-json\/wp\/v2\/product_cat?post=123352"},{"taxonomy":"product_tag","embeddable":true,"href":"https:\/\/tourtravelandmore.com\/es\/wp-json\/wp\/v2\/product_tag?post=123352"}],"curies":[{"name":"wp","href":"https:\/\/api.w.org\/{rel}","templated":true}]}}