{"id":123308,"date":"2022-04-11T12:36:33","date_gmt":"2022-04-11T10:36:34","guid":{"rendered":"https:\/\/tourtravelandmore.com\/?post_type=product&#038;p=123308"},"modified":"2024-04-08T17:22:01","modified_gmt":"2024-04-08T15:22:01","slug":"excursion-privada-a-stonehenge-avebury-desde-londres","status":"publish","type":"product","link":"https:\/\/tourtravelandmore.com\/es\/tours\/reino-unido-es\/londres-es\/excursion-privada-a-stonehenge-avebury-desde-londres\/","title":{"rendered":"Tour privado a Stonehenge &#038; Avebury desde Londres"},"content":{"rendered":"<h2><b>Descripci\u00f3n del Tour privado a Stonehenge &amp; Avebury desde Londres<\/b><\/h2>\n<p><span style=\"font-weight: 400;\">Inglaterra es un lugar lleno de mucha historia y de monumentos de gran valor para la humanidad. En esta <\/span><b>excursi\u00f3n privada a Stonehenge y Avebury desde Londres<\/b><span style=\"font-weight: 400;\"> vas a descubrir algunas de las maravillas arquitect\u00f3nicas m\u00e1s misteriosas y atractivas del mundo.\u00a0<\/span><\/p>\n<p><span style=\"font-weight: 400;\">Saldremos de Londres en un confortable coche de lujo para adentrarnos en la campi\u00f1a inglesa para que admires los &#8220;trilitones&#8221; de Stonehenge o enormes estructuras de piedra creadas a mano sin ayuda de ninguna maquinaria. Lo mejor es que <\/span><b>el paseo guiado incluye entradas exclusivas\u00a0 al monumento de Stonehenge.\u00a0<\/b><\/p>\n<p><span style=\"font-weight: 400;\">Iremos hasta Avebury para que veas de cerca su Stone Circles, el cual es el megalito m\u00e1s grande del mundo con un pueblo a su alrededor. <\/span><span style=\"font-weight: 400;\">Adem\u00e1s, conocer\u00e1s otros yacimientos prehist\u00f3ricos como Durrington Walls, Woodhenge, West Kennet y Long Barrow. Igualmente,\u00a0 te llevamos hasta Silbury Hill, una enorme colina artificial que es m\u00e1s alta que la Gran Pir\u00e1mide de Egipto.<\/span><\/p>\n<p><span style=\"font-weight: 400;\">Despu\u00e9s de un pasar un d\u00eda entretenido y de mucho valor hist\u00f3rico, te transportamos de vuelta hasta Londres.\u00a0<\/span><\/p>\n<h2><b>Puntos de inter\u00e9s de la <\/b><b>Excursi\u00f3n privada a Stonehenge &amp; Avebury desde Londres<\/b><\/h2>\n<p><span style=\"font-weight: 400;\">Disfruta de una experiencia \u00fanica y sorpr\u00e9ndete al visitar dos de los monumentos prehist\u00f3ricos que son patrimonio de la humanidad.<\/span><\/p>\n<p><span style=\"font-weight: 400;\">Iniciaremos el tour al buscarte en un punto acordado en el centro de Londres para trasladarte en un coche privado hasta los siguientes puntos de inter\u00e9s:\u00a0<\/span><\/p>\n<h3><span style=\"color: #d3af37;\"><b>Recinto arqueol\u00f3gico de Avebury\u00a0<\/b><\/span><\/h3>\n<p><span style=\"font-weight: 400;\">Se trata de una serie de monumentos circulares que datan de la Edad de Bronce y que sorprenden por su incre\u00edble estado de conservaci\u00f3n, a pesar de que pertenecen al neol\u00edtico.\u00a0<\/span><\/p>\n<p><span style=\"font-weight: 400;\">Lo m\u00e1s incre\u00edble de Avebury es su famoso c\u00edrculo de piedra que rodea el pueblo y que fue construido entre los a\u00f1os 2850 a.C. y 2200 a.C.<\/span><\/p>\n<p><span style=\"font-weight: 400;\">Tambi\u00e9n, en Avebury podr\u00e1s admirar otros monumentos arqueol\u00f3gicos, como por ejemplo:<\/span><\/p>\n<ul>\n<li><b>Windmill Hill Causewayed Enclosure.<\/b><\/li>\n<li><b>West Kennet Avenue.<\/b><\/li>\n<li><b>West Kennet Long Barrow.<\/b><\/li>\n<li><b>The Sanctuary.<\/b><\/li>\n<li><b>Silbury Hill y mucho m\u00e1s.\u00a0<\/b><\/li>\n<\/ul>\n<h3><span style=\"color: #d3af37;\"><b>Los megalitos de Stonehenge<\/b><\/span><\/h3>\n<p><span style=\"font-weight: 400;\">Stonehenge es un monumento megal\u00edtico situado en la planicie de Salisbury, 100 km al oeste de Londres. Su creaci\u00f3n data de uno 5000 a\u00f1os, pero se encuentran abandonadas desde hace milenios y no se sabe la raz\u00f3n.\u00a0<\/span><\/p>\n<p><span style=\"font-weight: 400;\">El objetivo de este monumento tambi\u00e9n es incierto y desconocido. Eso s\u00ed, es una construcci\u00f3n llena de secretos y de una magn\u00edfica combinaci\u00f3n de megalitos sin el uso de ninguna maquinaria conocida.\u00a0<\/span><\/p>\n<p><span style=\"font-weight: 400;\">Adem\u00e1s, Stonehenge ofrece un espect\u00e1culo \u00fanico cada solsticio de verano cuando se alinea directamente con el sol de una manera impresionante.\u00a0<\/span><\/p>\n<p><span style=\"font-weight: 400;\">Cuando finalice este recorrido espectacular de 12 horas, iremos de vuelta hasta Londres para que recuperes tus energ\u00edas.\u00a0<\/span><\/p>\n<p><span style=\"font-weight: 400;\">Te recomendamos que completes tu itinerario de viaje con nuestra <\/span><a href=\"https:\/\/tourtravelandmore.com\/es\/tours\/reino-unido-es\/londres-es\/excursion-privada-al-castillo-de-leeds-canterbury-y-dover\/\"><b>excursi\u00f3n privada a Castillo de Leeds, Canterbury y Dover<\/b><\/a><span style=\"font-weight: 400;\">. De esta manera, visitar\u00e1s algunos de los lugares m\u00e1s importantes y llamativos de Inglaterra.\u00a0<\/span><\/p>\n","protected":false},"excerpt":{"rendered":"<p><span style=\"font-weight: 400;\">Visita el antiguo c\u00edrculo de piedra de Avebury y explora el monumento monol\u00edtico m\u00e1s famoso del mundo en una excursi\u00f3n privada a Stonehenge y Avebury saliendo desde Londres en un coche privado y con un gu\u00eda experto en la historia local. <\/span><\/p>\n","protected":false},"featured_media":123339,"comment_status":"open","ping_status":"closed","template":"","meta":{"_acf_changed":false},"product_brand":[],"product_cat":[1603,1142,1151,1150],"product_tag":[],"class_list":{"0":"post-123308","1":"product","2":"type-product","3":"status-publish","4":"has-post-thumbnail","6":"product_cat-reino-unido-es","7":"product_cat-londres-es","8":"product_cat-londres-actividades-es","9":"product_cat-londres-tours-es","11":"first","12":"instock","13":"shipping-taxable","14":"purchasable","15":"product-type-simple"},"acf":[],"yoast_head":"<!-- This site is optimized with the Yoast SEO Premium plugin v25.3.1 (Yoast SEO v25.3.1) - https:\/\/yoast.com\/wordpress\/plugins\/seo\/ -->\n<title>\u27a1\ufe0f Tour privado a Stonehenge &amp; Avebury desde Londres | Tour Travel &amp; More<\/title>\n<meta name=\"description\" content=\"Explora dos de los monumentos prehist\u00f3ricos m\u00e1s atractivos del mundo en un tour privado a Stonehenge &amp; Avebury \u2705\" \/>\n<meta name=\"robots\" content=\"index, follow, max-snippet:-1, max-image-preview:large, max-video-preview:-1\" \/>\n<link rel=\"canonical\" href=\"https:\/\/tourtravelandmore.com\/es\/tours\/reino-unido-es\/londres-es\/excursion-privada-a-stonehenge-avebury-desde-londres\/\" \/>\n<meta property=\"og:locale\" content=\"es_ES\" \/>\n<meta property=\"og:type\" content=\"article\" \/>\n<meta property=\"og:title\" content=\"Tour privado a Stonehenge &amp; Avebury desde Londres\" \/>\n<meta property=\"og:description\" content=\"Explora dos de los monumentos prehist\u00f3ricos m\u00e1s atractivos del mundo en un tour privado a Stonehenge &amp; Avebury \u2705\" \/>\n<meta property=\"og:url\" content=\"https:\/\/tourtravelandmore.com\/es\/tours\/reino-unido-es\/londres-es\/excursion-privada-a-stonehenge-avebury-desde-londres\/\" \/>\n<meta property=\"og:site_name\" content=\"Tour Travel And More\" \/>\n<meta property=\"article:publisher\" content=\"https:\/\/www.facebook.com\/tourtravelandmore\/\" \/>\n<meta property=\"article:modified_time\" content=\"2024-04-08T15:22:01+00:00\" \/>\n<meta property=\"og:image\" content=\"https:\/\/tourtravelandmore.com\/wp-content\/uploads\/2022\/04\/image6-12.jpg\" \/>\n\t<meta property=\"og:image:width\" content=\"900\" \/>\n\t<meta property=\"og:image:height\" content=\"680\" \/>\n\t<meta property=\"og:image:type\" content=\"image\/jpeg\" \/>\n<meta name=\"twitter:card\" content=\"summary_large_image\" \/>\n<meta name=\"twitter:site\" content=\"@TourTravel_More\" \/>\n<meta name=\"twitter:label1\" content=\"Tiempo de lectura\" \/>\n\t<meta name=\"twitter:data1\" content=\"3 minutos\" \/>\n<script type=\"application\/ld+json\" class=\"yoast-schema-graph\">{\"@context\":\"https:\/\/schema.org\",\"@graph\":[{\"@type\":\"WebPage\",\"@id\":\"https:\/\/tourtravelandmore.com\/es\/tours\/reino-unido-es\/londres-es\/excursion-privada-a-stonehenge-avebury-desde-londres\/\",\"url\":\"https:\/\/tourtravelandmore.com\/es\/tours\/reino-unido-es\/londres-es\/excursion-privada-a-stonehenge-avebury-desde-londres\/\",\"name\":\"\u27a1\ufe0f Tour privado a Stonehenge & Avebury desde Londres | Tour Travel & More\",\"isPartOf\":{\"@id\":\"https:\/\/tourtravelandmore.com\/es\/#website\"},\"primaryImageOfPage\":{\"@id\":\"https:\/\/tourtravelandmore.com\/es\/tours\/reino-unido-es\/londres-es\/excursion-privada-a-stonehenge-avebury-desde-londres\/#primaryimage\"},\"image\":{\"@id\":\"https:\/\/tourtravelandmore.com\/es\/tours\/reino-unido-es\/londres-es\/excursion-privada-a-stonehenge-avebury-desde-londres\/#primaryimage\"},\"thumbnailUrl\":\"https:\/\/tourtravelandmore.com\/wp-content\/uploads\/2022\/04\/image6-12.jpg\",\"datePublished\":\"2022-04-11T10:36:34+00:00\",\"dateModified\":\"2024-04-08T15:22:01+00:00\",\"description\":\"Explora dos de los monumentos prehist\u00f3ricos m\u00e1s atractivos del mundo en un tour privado a Stonehenge & Avebury \u2705\",\"breadcrumb\":{\"@id\":\"https:\/\/tourtravelandmore.com\/es\/tours\/reino-unido-es\/londres-es\/excursion-privada-a-stonehenge-avebury-desde-londres\/#breadcrumb\"},\"inLanguage\":\"es\",\"potentialAction\":[{\"@type\":\"ReadAction\",\"target\":[\"https:\/\/tourtravelandmore.com\/es\/tours\/reino-unido-es\/londres-es\/excursion-privada-a-stonehenge-avebury-desde-londres\/\"]}]},{\"@type\":\"ImageObject\",\"inLanguage\":\"es\",\"@id\":\"https:\/\/tourtravelandmore.com\/es\/tours\/reino-unido-es\/londres-es\/excursion-privada-a-stonehenge-avebury-desde-londres\/#primaryimage\",\"url\":\"https:\/\/tourtravelandmore.com\/wp-content\/uploads\/2022\/04\/image6-12.jpg\",\"contentUrl\":\"https:\/\/tourtravelandmore.com\/wp-content\/uploads\/2022\/04\/image6-12.jpg\",\"width\":900,\"height\":680},{\"@type\":\"BreadcrumbList\",\"@id\":\"https:\/\/tourtravelandmore.com\/es\/tours\/reino-unido-es\/londres-es\/excursion-privada-a-stonehenge-avebury-desde-londres\/#breadcrumb\",\"itemListElement\":[{\"@type\":\"ListItem\",\"position\":1,\"name\":\"Home\",\"item\":\"https:\/\/tourtravelandmore.com\/es\/\"},{\"@type\":\"ListItem\",\"position\":2,\"name\":\"Tours\",\"item\":\"https:\/\/tourtravelandmore.com\/es\/tours\/\"},{\"@type\":\"ListItem\",\"position\":3,\"name\":\"Tour privado a Stonehenge &#038; Avebury desde Londres\"}]},{\"@type\":\"WebSite\",\"@id\":\"https:\/\/tourtravelandmore.com\/es\/#website\",\"url\":\"https:\/\/tourtravelandmore.com\/es\/\",\"name\":\"Tour Travel And More\",\"description\":\"Private sightseeing tours and luxury transfers in Spain\",\"publisher\":{\"@id\":\"https:\/\/tourtravelandmore.com\/es\/#organization\"},\"potentialAction\":[{\"@type\":\"SearchAction\",\"target\":{\"@type\":\"EntryPoint\",\"urlTemplate\":\"https:\/\/tourtravelandmore.com\/es\/?s={search_term_string}\"},\"query-input\":{\"@type\":\"PropertyValueSpecification\",\"valueRequired\":true,\"valueName\":\"search_term_string\"}}],\"inLanguage\":\"es\"},{\"@type\":\"Organization\",\"@id\":\"https:\/\/tourtravelandmore.com\/es\/#organization\",\"name\":\"Tour Travel And More\",\"url\":\"https:\/\/tourtravelandmore.com\/es\/\",\"logo\":{\"@type\":\"ImageObject\",\"inLanguage\":\"es\",\"@id\":\"https:\/\/tourtravelandmore.com\/es\/#\/schema\/logo\/image\/\",\"url\":\"https:\/\/tourtravelandmore.com\/wp-content\/uploads\/2022\/12\/cropped-logo-cabecera-new.png\",\"contentUrl\":\"https:\/\/tourtravelandmore.com\/wp-content\/uploads\/2022\/12\/cropped-logo-cabecera-new.png\",\"width\":430,\"height\":61,\"caption\":\"Tour Travel And More\"},\"image\":{\"@id\":\"https:\/\/tourtravelandmore.com\/es\/#\/schema\/logo\/image\/\"},\"sameAs\":[\"https:\/\/www.facebook.com\/tourtravelandmore\/\",\"https:\/\/x.com\/TourTravel_More\"]}]}<\/script>\n<!-- \/ Yoast SEO Premium plugin. -->","yoast_head_json":{"title":"\u27a1\ufe0f Tour privado a Stonehenge & Avebury desde Londres | Tour Travel & More","description":"Explora dos de los monumentos prehist\u00f3ricos m\u00e1s atractivos del mundo en un tour privado a Stonehenge & Avebury \u2705","robots":{"index":"index","follow":"follow","max-snippet":"max-snippet:-1","max-image-preview":"max-image-preview:large","max-video-preview":"max-video-preview:-1"},"canonical":"https:\/\/tourtravelandmore.com\/es\/tours\/reino-unido-es\/londres-es\/excursion-privada-a-stonehenge-avebury-desde-londres\/","og_locale":"es_ES","og_type":"article","og_title":"Tour privado a Stonehenge & Avebury desde Londres","og_description":"Explora dos de los monumentos prehist\u00f3ricos m\u00e1s atractivos del mundo en un tour privado a Stonehenge & Avebury \u2705","og_url":"https:\/\/tourtravelandmore.com\/es\/tours\/reino-unido-es\/londres-es\/excursion-privada-a-stonehenge-avebury-desde-londres\/","og_site_name":"Tour Travel And More","article_publisher":"https:\/\/www.facebook.com\/tourtravelandmore\/","article_modified_time":"2024-04-08T15:22:01+00:00","og_image":[{"width":900,"height":680,"url":"https:\/\/tourtravelandmore.com\/wp-content\/uploads\/2022\/04\/image6-12.jpg","type":"image\/jpeg"}],"twitter_card":"summary_large_image","twitter_site":"@TourTravel_More","twitter_misc":{"Tiempo de lectura":"3 minutos"},"schema":{"@context":"https:\/\/schema.org","@graph":[{"@type":"WebPage","@id":"https:\/\/tourtravelandmore.com\/es\/tours\/reino-unido-es\/londres-es\/excursion-privada-a-stonehenge-avebury-desde-londres\/","url":"https:\/\/tourtravelandmore.com\/es\/tours\/reino-unido-es\/londres-es\/excursion-privada-a-stonehenge-avebury-desde-londres\/","name":"\u27a1\ufe0f Tour privado a Stonehenge & Avebury desde Londres | Tour Travel & More","isPartOf":{"@id":"https:\/\/tourtravelandmore.com\/es\/#website"},"primaryImageOfPage":{"@id":"https:\/\/tourtravelandmore.com\/es\/tours\/reino-unido-es\/londres-es\/excursion-privada-a-stonehenge-avebury-desde-londres\/#primaryimage"},"image":{"@id":"https:\/\/tourtravelandmore.com\/es\/tours\/reino-unido-es\/londres-es\/excursion-privada-a-stonehenge-avebury-desde-londres\/#primaryimage"},"thumbnailUrl":"https:\/\/tourtravelandmore.com\/wp-content\/uploads\/2022\/04\/image6-12.jpg","datePublished":"2022-04-11T10:36:34+00:00","dateModified":"2024-04-08T15:22:01+00:00","description":"Explora dos de los monumentos prehist\u00f3ricos m\u00e1s atractivos del mundo en un tour privado a Stonehenge & Avebury \u2705","breadcrumb":{"@id":"https:\/\/tourtravelandmore.com\/es\/tours\/reino-unido-es\/londres-es\/excursion-privada-a-stonehenge-avebury-desde-londres\/#breadcrumb"},"inLanguage":"es","potentialAction":[{"@type":"ReadAction","target":["https:\/\/tourtravelandmore.com\/es\/tours\/reino-unido-es\/londres-es\/excursion-privada-a-stonehenge-avebury-desde-londres\/"]}]},{"@type":"ImageObject","inLanguage":"es","@id":"https:\/\/tourtravelandmore.com\/es\/tours\/reino-unido-es\/londres-es\/excursion-privada-a-stonehenge-avebury-desde-londres\/#primaryimage","url":"https:\/\/tourtravelandmore.com\/wp-content\/uploads\/2022\/04\/image6-12.jpg","contentUrl":"https:\/\/tourtravelandmore.com\/wp-content\/uploads\/2022\/04\/image6-12.jpg","width":900,"height":680},{"@type":"BreadcrumbList","@id":"https:\/\/tourtravelandmore.com\/es\/tours\/reino-unido-es\/londres-es\/excursion-privada-a-stonehenge-avebury-desde-londres\/#breadcrumb","itemListElement":[{"@type":"ListItem","position":1,"name":"Home","item":"https:\/\/tourtravelandmore.com\/es\/"},{"@type":"ListItem","position":2,"name":"Tours","item":"https:\/\/tourtravelandmore.com\/es\/tours\/"},{"@type":"ListItem","position":3,"name":"Tour privado a Stonehenge &#038; Avebury desde Londres"}]},{"@type":"WebSite","@id":"https:\/\/tourtravelandmore.com\/es\/#website","url":"https:\/\/tourtravelandmore.com\/es\/","name":"Tour Travel And More","description":"Private sightseeing tours and luxury transfers in Spain","publisher":{"@id":"https:\/\/tourtravelandmore.com\/es\/#organization"},"potentialAction":[{"@type":"SearchAction","target":{"@type":"EntryPoint","urlTemplate":"https:\/\/tourtravelandmore.com\/es\/?s={search_term_string}"},"query-input":{"@type":"PropertyValueSpecification","valueRequired":true,"valueName":"search_term_string"}}],"inLanguage":"es"},{"@type":"Organization","@id":"https:\/\/tourtravelandmore.com\/es\/#organization","name":"Tour Travel And More","url":"https:\/\/tourtravelandmore.com\/es\/","logo":{"@type":"ImageObject","inLanguage":"es","@id":"https:\/\/tourtravelandmore.com\/es\/#\/schema\/logo\/image\/","url":"https:\/\/tourtravelandmore.com\/wp-content\/uploads\/2022\/12\/cropped-logo-cabecera-new.png","contentUrl":"https:\/\/tourtravelandmore.com\/wp-content\/uploads\/2022\/12\/cropped-logo-cabecera-new.png","width":430,"height":61,"caption":"Tour Travel And More"},"image":{"@id":"https:\/\/tourtravelandmore.com\/es\/#\/schema\/logo\/image\/"},"sameAs":["https:\/\/www.facebook.com\/tourtravelandmore\/","https:\/\/x.com\/TourTravel_More"]}]}},"_links":{"self":[{"href":"https:\/\/tourtravelandmore.com\/es\/wp-json\/wp\/v2\/product\/123308","targetHints":{"allow":["GET"]}}],"collection":[{"href":"https:\/\/tourtravelandmore.com\/es\/wp-json\/wp\/v2\/product"}],"about":[{"href":"https:\/\/tourtravelandmore.com\/es\/wp-json\/wp\/v2\/types\/product"}],"replies":[{"embeddable":true,"href":"https:\/\/tourtravelandmore.com\/es\/wp-json\/wp\/v2\/comments?post=123308"}],"wp:featuredmedia":[{"embeddable":true,"href":"https:\/\/tourtravelandmore.com\/es\/wp-json\/wp\/v2\/media\/123339"}],"wp:attachment":[{"href":"https:\/\/tourtravelandmore.com\/es\/wp-json\/wp\/v2\/media?parent=123308"}],"wp:term":[{"taxonomy":"product_brand","embeddable":true,"href":"https:\/\/tourtravelandmore.com\/es\/wp-json\/wp\/v2\/product_brand?post=123308"},{"taxonomy":"product_cat","embeddable":true,"href":"https:\/\/tourtravelandmore.com\/es\/wp-json\/wp\/v2\/product_cat?post=123308"},{"taxonomy":"product_tag","embeddable":true,"href":"https:\/\/tourtravelandmore.com\/es\/wp-json\/wp\/v2\/product_tag?post=123308"}],"curies":[{"name":"wp","href":"https:\/\/api.w.org\/{rel}","templated":true}]}}