{"id":123224,"date":"2022-04-10T19:00:35","date_gmt":"2022-04-10T17:00:35","guid":{"rendered":"https:\/\/tourtravelandmore.com\/?post_type=product&#038;p=123224"},"modified":"2024-04-09T14:32:39","modified_gmt":"2024-04-09T12:32:39","slug":"excursion-privada-windsor-stonehenge-oxford-desde-londres","status":"publish","type":"product","link":"https:\/\/tourtravelandmore.com\/es\/tours\/reino-unido-es\/londres-es\/excursion-privada-windsor-stonehenge-oxford-desde-londres\/","title":{"rendered":"Tour Privado a Stonehenge y el Castillo de Windsor desde Londres"},"content":{"rendered":"<h2>Descripci\u00f3n de Tour Privado a Stonehenge y el Castillo de Windsor desde Londres<\/h2>\n<p>Emb\u00e1rquese en un viaje inolvidable a trav\u00e9s de la historia con nuestro exclusivo Tour Privado a Stonehenge y el Castillo de Windsor desde Londres. Ad\u00e9ntrese en los misterios de Stonehenge, una antigua maravilla envuelta en leyendas, y explore el regio esplendor del Castillo de Windsor, el castillo habitado m\u00e1s antiguo y grande del mundo.<\/p>\n<p>Su aventura comienza cuando nuestro gu\u00eda experto y nuestro conductor profesional le reciben en su alojamiento londinense. Con un c\u00f3modo transporte a su disposici\u00f3n durante 12 horas, disfrutar\u00e1 de una experiencia fluida y personalizada durante todo el d\u00eda.<\/p>\n<p>Al final de la visita guiada de 12 horas, el conductor le llevar\u00e1 de vuelta a Londres para dejarle en el lugar que elija.<\/p>\n<h2>Puntos de inter\u00e9s<\/h2>\n<p>En primer lugar, le llevaremos al m\u00edstico paraje de Stonehenge, declarado Patrimonio de la Humanidad por la UNESCO. Marav\u00edllese ante los imponentes monolitos de piedra que han permanecido en pie durante m\u00e1s de 5.000 a\u00f1os, con su prop\u00f3sito a\u00fan envuelto en el misterio. Su gu\u00eda le desentra\u00f1ar\u00e1 la enigm\u00e1tica historia de este monumento prehist\u00f3rico, permiti\u00e9ndole sumergirse en la atm\u00f3sfera ancestral.<\/p>\n<p>Tras explorar las maravillas de Stonehenge, viajaremos al Castillo de Windsor, una fortaleza impregnada de herencia real. Al entrar en los majestuosos terrenos, se transportar\u00e1 a trav\u00e9s de siglos de historia brit\u00e1nica. Pasee por los opulentos Apartamentos de Estado adornados con obras de arte de valor incalculable y recorra los jardines meticulosamente cuidados que rodean el castillo.<\/p>\n<p>Nuestro experto gu\u00eda le acompa\u00f1ar\u00e1 durante todo el recorrido, proporcion\u00e1ndole fascinantes visiones y an\u00e9cdotas sobre cada destino. Desde los antiguos misterios de Stonehenge hasta el esplendor real del castillo de Windsor, conocer\u00e1 a fondo la rica historia de Inglaterra.<\/p>\n<p>Le llevaremos de vuelta a Londres sin demora al final de este recorrido privado.<\/p>\n<p>Si es fan de la saga de Harry Potter, puede completar su itinerario por Inglaterra con nuestra visita a Harry Potter en los Estudios Warner.<\/p>\n","protected":false},"excerpt":{"rendered":"<p>Emb\u00e1rquese en un viaje inolvidable a trav\u00e9s de la historia con nuestro exclusivo Tour Privado a Stonehenge y el Castillo de Windsor desde Londres. Ad\u00e9ntrese en los misterios de Stonehenge, una antigua maravilla envuelta en leyendas, y explore el regio esplendor del Castillo de Windsor, el castillo habitado m\u00e1s antiguo y grande del mundo.<\/p>\n","protected":false},"featured_media":123400,"comment_status":"open","ping_status":"closed","template":"","meta":{"_acf_changed":false},"product_brand":[],"product_cat":[1603,1142,1151,1150],"product_tag":[],"class_list":{"0":"post-123224","1":"product","2":"type-product","3":"status-publish","4":"has-post-thumbnail","6":"product_cat-reino-unido-es","7":"product_cat-londres-es","8":"product_cat-londres-actividades-es","9":"product_cat-londres-tours-es","11":"first","12":"instock","13":"shipping-taxable","14":"purchasable","15":"product-type-simple"},"acf":[],"yoast_head":"<!-- This site is optimized with the Yoast SEO Premium plugin v25.3.1 (Yoast SEO v25.3.1) - https:\/\/yoast.com\/wordpress\/plugins\/seo\/ -->\n<title>\u27a1\ufe0f Tour Privado a Stonehenge y el Castillo de Windsor desde Londres<\/title>\n<meta name=\"description\" content=\"Descubra m\u00e1s de 5.000 a\u00f1os de historia en una excursi\u00f3n privada a Stonehenge y el castillo de Windsor desde Londres | Tour Travel and More \u2705\" \/>\n<meta name=\"robots\" content=\"index, follow, max-snippet:-1, max-image-preview:large, max-video-preview:-1\" \/>\n<link rel=\"canonical\" href=\"https:\/\/tourtravelandmore.com\/es\/tours\/reino-unido-es\/londres-es\/excursion-privada-windsor-stonehenge-oxford-desde-londres\/\" \/>\n<meta property=\"og:locale\" content=\"es_ES\" \/>\n<meta property=\"og:type\" content=\"article\" \/>\n<meta property=\"og:title\" content=\"Tour Privado a Stonehenge y el Castillo de Windsor desde Londres\" \/>\n<meta property=\"og:description\" content=\"Descubra m\u00e1s de 5.000 a\u00f1os de historia en una excursi\u00f3n privada a Stonehenge y el castillo de Windsor desde Londres | Tour Travel and More \u2705\" \/>\n<meta property=\"og:url\" content=\"https:\/\/tourtravelandmore.com\/es\/tours\/reino-unido-es\/londres-es\/excursion-privada-windsor-stonehenge-oxford-desde-londres\/\" \/>\n<meta property=\"og:site_name\" content=\"Tour Travel And More\" \/>\n<meta property=\"article:publisher\" content=\"https:\/\/www.facebook.com\/tourtravelandmore\/\" \/>\n<meta property=\"article:modified_time\" content=\"2024-04-09T12:32:39+00:00\" \/>\n<meta property=\"og:image\" content=\"https:\/\/tourtravelandmore.com\/wp-content\/uploads\/2022\/04\/image3-10.jpg\" \/>\n\t<meta property=\"og:image:width\" content=\"900\" \/>\n\t<meta property=\"og:image:height\" content=\"680\" \/>\n\t<meta property=\"og:image:type\" content=\"image\/jpeg\" \/>\n<meta name=\"twitter:card\" content=\"summary_large_image\" \/>\n<meta name=\"twitter:site\" content=\"@TourTravel_More\" \/>\n<meta name=\"twitter:label1\" content=\"Tiempo de lectura\" \/>\n\t<meta name=\"twitter:data1\" content=\"4 minutos\" \/>\n<script type=\"application\/ld+json\" class=\"yoast-schema-graph\">{\"@context\":\"https:\/\/schema.org\",\"@graph\":[{\"@type\":\"WebPage\",\"@id\":\"https:\/\/tourtravelandmore.com\/es\/tours\/reino-unido-es\/londres-es\/excursion-privada-windsor-stonehenge-oxford-desde-londres\/\",\"url\":\"https:\/\/tourtravelandmore.com\/es\/tours\/reino-unido-es\/londres-es\/excursion-privada-windsor-stonehenge-oxford-desde-londres\/\",\"name\":\"\u27a1\ufe0f Tour Privado a Stonehenge y el Castillo de Windsor desde Londres\",\"isPartOf\":{\"@id\":\"https:\/\/tourtravelandmore.com\/es\/#website\"},\"primaryImageOfPage\":{\"@id\":\"https:\/\/tourtravelandmore.com\/es\/tours\/reino-unido-es\/londres-es\/excursion-privada-windsor-stonehenge-oxford-desde-londres\/#primaryimage\"},\"image\":{\"@id\":\"https:\/\/tourtravelandmore.com\/es\/tours\/reino-unido-es\/londres-es\/excursion-privada-windsor-stonehenge-oxford-desde-londres\/#primaryimage\"},\"thumbnailUrl\":\"https:\/\/tourtravelandmore.com\/wp-content\/uploads\/2022\/04\/image3-10.jpg\",\"datePublished\":\"2022-04-10T17:00:35+00:00\",\"dateModified\":\"2024-04-09T12:32:39+00:00\",\"description\":\"Descubra m\u00e1s de 5.000 a\u00f1os de historia en una excursi\u00f3n privada a Stonehenge y el castillo de Windsor desde Londres | Tour Travel and More \u2705\",\"breadcrumb\":{\"@id\":\"https:\/\/tourtravelandmore.com\/es\/tours\/reino-unido-es\/londres-es\/excursion-privada-windsor-stonehenge-oxford-desde-londres\/#breadcrumb\"},\"inLanguage\":\"es\",\"potentialAction\":[{\"@type\":\"ReadAction\",\"target\":[\"https:\/\/tourtravelandmore.com\/es\/tours\/reino-unido-es\/londres-es\/excursion-privada-windsor-stonehenge-oxford-desde-londres\/\"]}]},{\"@type\":\"ImageObject\",\"inLanguage\":\"es\",\"@id\":\"https:\/\/tourtravelandmore.com\/es\/tours\/reino-unido-es\/londres-es\/excursion-privada-windsor-stonehenge-oxford-desde-londres\/#primaryimage\",\"url\":\"https:\/\/tourtravelandmore.com\/wp-content\/uploads\/2022\/04\/image3-10.jpg\",\"contentUrl\":\"https:\/\/tourtravelandmore.com\/wp-content\/uploads\/2022\/04\/image3-10.jpg\",\"width\":900,\"height\":680},{\"@type\":\"BreadcrumbList\",\"@id\":\"https:\/\/tourtravelandmore.com\/es\/tours\/reino-unido-es\/londres-es\/excursion-privada-windsor-stonehenge-oxford-desde-londres\/#breadcrumb\",\"itemListElement\":[{\"@type\":\"ListItem\",\"position\":1,\"name\":\"Home\",\"item\":\"https:\/\/tourtravelandmore.com\/es\/\"},{\"@type\":\"ListItem\",\"position\":2,\"name\":\"Tours\",\"item\":\"https:\/\/tourtravelandmore.com\/es\/tours\/\"},{\"@type\":\"ListItem\",\"position\":3,\"name\":\"Tour Privado a Stonehenge y el Castillo de Windsor desde Londres\"}]},{\"@type\":\"WebSite\",\"@id\":\"https:\/\/tourtravelandmore.com\/es\/#website\",\"url\":\"https:\/\/tourtravelandmore.com\/es\/\",\"name\":\"Tour Travel And More\",\"description\":\"Private sightseeing tours and luxury transfers in Spain\",\"publisher\":{\"@id\":\"https:\/\/tourtravelandmore.com\/es\/#organization\"},\"potentialAction\":[{\"@type\":\"SearchAction\",\"target\":{\"@type\":\"EntryPoint\",\"urlTemplate\":\"https:\/\/tourtravelandmore.com\/es\/?s={search_term_string}\"},\"query-input\":{\"@type\":\"PropertyValueSpecification\",\"valueRequired\":true,\"valueName\":\"search_term_string\"}}],\"inLanguage\":\"es\"},{\"@type\":\"Organization\",\"@id\":\"https:\/\/tourtravelandmore.com\/es\/#organization\",\"name\":\"Tour Travel And More\",\"url\":\"https:\/\/tourtravelandmore.com\/es\/\",\"logo\":{\"@type\":\"ImageObject\",\"inLanguage\":\"es\",\"@id\":\"https:\/\/tourtravelandmore.com\/es\/#\/schema\/logo\/image\/\",\"url\":\"https:\/\/tourtravelandmore.com\/wp-content\/uploads\/2022\/12\/cropped-logo-cabecera-new.png\",\"contentUrl\":\"https:\/\/tourtravelandmore.com\/wp-content\/uploads\/2022\/12\/cropped-logo-cabecera-new.png\",\"width\":430,\"height\":61,\"caption\":\"Tour Travel And More\"},\"image\":{\"@id\":\"https:\/\/tourtravelandmore.com\/es\/#\/schema\/logo\/image\/\"},\"sameAs\":[\"https:\/\/www.facebook.com\/tourtravelandmore\/\",\"https:\/\/x.com\/TourTravel_More\"]}]}<\/script>\n<!-- \/ Yoast SEO Premium plugin. -->","yoast_head_json":{"title":"\u27a1\ufe0f Tour Privado a Stonehenge y el Castillo de Windsor desde Londres","description":"Descubra m\u00e1s de 5.000 a\u00f1os de historia en una excursi\u00f3n privada a Stonehenge y el castillo de Windsor desde Londres | Tour Travel and More \u2705","robots":{"index":"index","follow":"follow","max-snippet":"max-snippet:-1","max-image-preview":"max-image-preview:large","max-video-preview":"max-video-preview:-1"},"canonical":"https:\/\/tourtravelandmore.com\/es\/tours\/reino-unido-es\/londres-es\/excursion-privada-windsor-stonehenge-oxford-desde-londres\/","og_locale":"es_ES","og_type":"article","og_title":"Tour Privado a Stonehenge y el Castillo de Windsor desde Londres","og_description":"Descubra m\u00e1s de 5.000 a\u00f1os de historia en una excursi\u00f3n privada a Stonehenge y el castillo de Windsor desde Londres | Tour Travel and More \u2705","og_url":"https:\/\/tourtravelandmore.com\/es\/tours\/reino-unido-es\/londres-es\/excursion-privada-windsor-stonehenge-oxford-desde-londres\/","og_site_name":"Tour Travel And More","article_publisher":"https:\/\/www.facebook.com\/tourtravelandmore\/","article_modified_time":"2024-04-09T12:32:39+00:00","og_image":[{"width":900,"height":680,"url":"https:\/\/tourtravelandmore.com\/wp-content\/uploads\/2022\/04\/image3-10.jpg","type":"image\/jpeg"}],"twitter_card":"summary_large_image","twitter_site":"@TourTravel_More","twitter_misc":{"Tiempo de lectura":"4 minutos"},"schema":{"@context":"https:\/\/schema.org","@graph":[{"@type":"WebPage","@id":"https:\/\/tourtravelandmore.com\/es\/tours\/reino-unido-es\/londres-es\/excursion-privada-windsor-stonehenge-oxford-desde-londres\/","url":"https:\/\/tourtravelandmore.com\/es\/tours\/reino-unido-es\/londres-es\/excursion-privada-windsor-stonehenge-oxford-desde-londres\/","name":"\u27a1\ufe0f Tour Privado a Stonehenge y el Castillo de Windsor desde Londres","isPartOf":{"@id":"https:\/\/tourtravelandmore.com\/es\/#website"},"primaryImageOfPage":{"@id":"https:\/\/tourtravelandmore.com\/es\/tours\/reino-unido-es\/londres-es\/excursion-privada-windsor-stonehenge-oxford-desde-londres\/#primaryimage"},"image":{"@id":"https:\/\/tourtravelandmore.com\/es\/tours\/reino-unido-es\/londres-es\/excursion-privada-windsor-stonehenge-oxford-desde-londres\/#primaryimage"},"thumbnailUrl":"https:\/\/tourtravelandmore.com\/wp-content\/uploads\/2022\/04\/image3-10.jpg","datePublished":"2022-04-10T17:00:35+00:00","dateModified":"2024-04-09T12:32:39+00:00","description":"Descubra m\u00e1s de 5.000 a\u00f1os de historia en una excursi\u00f3n privada a Stonehenge y el castillo de Windsor desde Londres | Tour Travel and More \u2705","breadcrumb":{"@id":"https:\/\/tourtravelandmore.com\/es\/tours\/reino-unido-es\/londres-es\/excursion-privada-windsor-stonehenge-oxford-desde-londres\/#breadcrumb"},"inLanguage":"es","potentialAction":[{"@type":"ReadAction","target":["https:\/\/tourtravelandmore.com\/es\/tours\/reino-unido-es\/londres-es\/excursion-privada-windsor-stonehenge-oxford-desde-londres\/"]}]},{"@type":"ImageObject","inLanguage":"es","@id":"https:\/\/tourtravelandmore.com\/es\/tours\/reino-unido-es\/londres-es\/excursion-privada-windsor-stonehenge-oxford-desde-londres\/#primaryimage","url":"https:\/\/tourtravelandmore.com\/wp-content\/uploads\/2022\/04\/image3-10.jpg","contentUrl":"https:\/\/tourtravelandmore.com\/wp-content\/uploads\/2022\/04\/image3-10.jpg","width":900,"height":680},{"@type":"BreadcrumbList","@id":"https:\/\/tourtravelandmore.com\/es\/tours\/reino-unido-es\/londres-es\/excursion-privada-windsor-stonehenge-oxford-desde-londres\/#breadcrumb","itemListElement":[{"@type":"ListItem","position":1,"name":"Home","item":"https:\/\/tourtravelandmore.com\/es\/"},{"@type":"ListItem","position":2,"name":"Tours","item":"https:\/\/tourtravelandmore.com\/es\/tours\/"},{"@type":"ListItem","position":3,"name":"Tour Privado a Stonehenge y el Castillo de Windsor desde Londres"}]},{"@type":"WebSite","@id":"https:\/\/tourtravelandmore.com\/es\/#website","url":"https:\/\/tourtravelandmore.com\/es\/","name":"Tour Travel And More","description":"Private sightseeing tours and luxury transfers in Spain","publisher":{"@id":"https:\/\/tourtravelandmore.com\/es\/#organization"},"potentialAction":[{"@type":"SearchAction","target":{"@type":"EntryPoint","urlTemplate":"https:\/\/tourtravelandmore.com\/es\/?s={search_term_string}"},"query-input":{"@type":"PropertyValueSpecification","valueRequired":true,"valueName":"search_term_string"}}],"inLanguage":"es"},{"@type":"Organization","@id":"https:\/\/tourtravelandmore.com\/es\/#organization","name":"Tour Travel And More","url":"https:\/\/tourtravelandmore.com\/es\/","logo":{"@type":"ImageObject","inLanguage":"es","@id":"https:\/\/tourtravelandmore.com\/es\/#\/schema\/logo\/image\/","url":"https:\/\/tourtravelandmore.com\/wp-content\/uploads\/2022\/12\/cropped-logo-cabecera-new.png","contentUrl":"https:\/\/tourtravelandmore.com\/wp-content\/uploads\/2022\/12\/cropped-logo-cabecera-new.png","width":430,"height":61,"caption":"Tour Travel And More"},"image":{"@id":"https:\/\/tourtravelandmore.com\/es\/#\/schema\/logo\/image\/"},"sameAs":["https:\/\/www.facebook.com\/tourtravelandmore\/","https:\/\/x.com\/TourTravel_More"]}]}},"_links":{"self":[{"href":"https:\/\/tourtravelandmore.com\/es\/wp-json\/wp\/v2\/product\/123224","targetHints":{"allow":["GET"]}}],"collection":[{"href":"https:\/\/tourtravelandmore.com\/es\/wp-json\/wp\/v2\/product"}],"about":[{"href":"https:\/\/tourtravelandmore.com\/es\/wp-json\/wp\/v2\/types\/product"}],"replies":[{"embeddable":true,"href":"https:\/\/tourtravelandmore.com\/es\/wp-json\/wp\/v2\/comments?post=123224"}],"wp:featuredmedia":[{"embeddable":true,"href":"https:\/\/tourtravelandmore.com\/es\/wp-json\/wp\/v2\/media\/123400"}],"wp:attachment":[{"href":"https:\/\/tourtravelandmore.com\/es\/wp-json\/wp\/v2\/media?parent=123224"}],"wp:term":[{"taxonomy":"product_brand","embeddable":true,"href":"https:\/\/tourtravelandmore.com\/es\/wp-json\/wp\/v2\/product_brand?post=123224"},{"taxonomy":"product_cat","embeddable":true,"href":"https:\/\/tourtravelandmore.com\/es\/wp-json\/wp\/v2\/product_cat?post=123224"},{"taxonomy":"product_tag","embeddable":true,"href":"https:\/\/tourtravelandmore.com\/es\/wp-json\/wp\/v2\/product_tag?post=123224"}],"curies":[{"name":"wp","href":"https:\/\/api.w.org\/{rel}","templated":true}]}}