{"id":123128,"date":"2022-04-10T17:33:21","date_gmt":"2022-04-10T15:33:21","guid":{"rendered":"https:\/\/tourtravelandmore.com\/?post_type=product&#038;p=123128"},"modified":"2024-04-25T20:41:37","modified_gmt":"2024-04-25T18:41:37","slug":"tour-privado-de-la-st-pauls-cathedral","status":"publish","type":"product","link":"https:\/\/tourtravelandmore.com\/es\/tours\/reino-unido-es\/londres-es\/tour-privado-de-la-st-pauls-cathedral\/","title":{"rendered":"Tour privado a pie de la St Paul&#8217;s Cathedral"},"content":{"rendered":"<h2><b>Descripci\u00f3n del Tour privado a pie de la St Paul&#8217;s Cathedral<\/b><\/h2>\n<p><span style=\"font-weight: 400;\">La Catedral de San Pablo (antes conocida como la Iglesia Catedral de Santa Mar\u00eda de San Pablo) es una edificaci\u00f3n anglicana de arquitectura g\u00f3tica, y la sede del Obispo de Londres.\u00a0<\/span><\/p>\n<p><span style=\"font-weight: 400;\">El edificio actual, situado en el emplazamiento hist\u00f3rico de la catedral de San Pablo, fue dise\u00f1ado por Sir Christopher Wren y toma su nombre del santo fundador de esa iglesia.<\/span><\/p>\n<p><span style=\"font-weight: 400;\">En nuestro <\/span><b>tour privado por la St Paul&#8217;s Cathedral<\/b><span style=\"font-weight: 400;\">, ver\u00e1s de cerca este incre\u00edble monumento que soport\u00f3 la Segunda Guerra Mundial y permaneci\u00f3 casi intacto ante los bombardeos que sufri\u00f3 la capital inglesa. Adem\u00e1s, en esta catedral se casaron Lady Di y el Pr\u00edncipe Carlos.\u00a0<\/span><\/p>\n<p><span style=\"font-weight: 400;\">Sabemos que todos los detalles de esta antigua construcci\u00f3n te sorprender\u00e1n. Por ejemplo, en la fachada frontal, las g\u00e1rgolas sostienen el edificio, mientras que en los alzados laterales aparecen santos y \u00e1ngeles.\u00a0<\/span><\/p>\n<p><span style=\"font-weight: 400;\">Tambi\u00e9n, podr\u00e1s admirar su magn\u00edfica c\u00fapula, la cual est\u00e1 inspirada en el dise\u00f1o original de la sede del Vaticano y que se considera una de las m\u00e1s bellas del mundo.\u00a0<\/span><\/p>\n<p><span style=\"font-weight: 400;\">Lo mejor de todo es que <\/span><b>te daremos entradas exclusivas<\/b><span style=\"font-weight: 400;\"> para que no hagas colas ni esperes para entrar.\u00a0<\/span><\/p>\n<p><span style=\"font-weight: 400;\">Ser\u00e1 una <\/span><b>excursi\u00f3n personalizada de 2 horas<\/b><span style=\"font-weight: 400;\"> en la que estar\u00e1s con un gu\u00eda privado, experto en la historia local. De esta manera, conocer\u00e1s todos los detalles que hay alrededor de este incre\u00edble monumento.\u00a0<\/span><\/p>\n<p><span style=\"font-weight: 400;\">No hay problema en acordar con el gu\u00eda el horario m\u00e1s conveniente para iniciar el recorrido, y al finalizar, te llevamos de vuelta hasta la entrada o a un punto c\u00e9ntrico de la ciudad para que puedas seguir con tu itinerario por la capital brit\u00e1nica.\u00a0<\/span><\/p>\n<h2><b>Puntos de inter\u00e9s del <\/b><b>Tour privado a pie de la St Paul&#8217;s Cathedral<\/b><\/h2>\n<p>Situada en el punto m\u00e1s alto de la ciudad de Londres se encuentra la emblem\u00e1tica Catedral de San Pablo, que ha sido testigo de innumerables acontecimientos hist\u00f3ricos de gran importancia.<br \/>\nCon nuestro gu\u00eda experto, conocer\u00e1 diferentes puntos de inter\u00e9s de la Catedral de San Pablo, como:<br \/>\nUna de las estancias m\u00e1s bellas de la Catedral de San Pablo es la Galer\u00eda de los Susurros. Esta impresionante construcci\u00f3n tiene una forma arquitect\u00f3nica \u00fanica, que permite que el sonido se expanda de forma que incluso un susurro bajo pueda o\u00edrse por todas partes.<br \/>\nS\u00ed, tendr\u00e1 que subir m\u00e1s de 700 escalones para llegar a la cima, pero la vista que obtendr\u00e1 de Londres desde este punto permanecer\u00e1 para siempre en su memoria.<\/p>\n<p><span style=\"font-weight: 400;\">Aparte de estos sitios tan interesantes, en nuestro tour privado tambi\u00e9n podr\u00e1s conocer otros puntos de gran atractivo, como por ejemplo:\u00a0<\/span><\/p>\n<ul>\n<li><b>La Capilla All Soul.<\/b><\/li>\n<li><b>La Capilla de San Dunstan.<\/b><\/li>\n<li><b>La Capilla de San Miguel.\u00a0<\/b><\/li>\n<li><b>La Capilla de Middlesex y la Capilla American Memorial.\u00a0<\/b><\/li>\n<\/ul>\n<p><span style=\"font-weight: 400;\">Al finalizar este magn\u00edfico recorrido, te llevamos de vuelta hasta la entrada de la catedral o hasta un punto c\u00e9ntrico de la ciudad.\u00a0<\/span><\/p>\n<p><span style=\"font-weight: 400;\">Puedes completar tu visita por el Reino Unido con nuestra <\/span><a href=\"https:\/\/tourtravelandmore.com\/es\/tours\/reino-unido-es\/londres-es\/excursion-privada-windsor-stonehenge-oxford-desde-londres\/\"><b>excursi\u00f3n privada a Windsor, Stonehenge &amp; Oxford desde Londres<\/b><\/a><span style=\"font-weight: 400;\">.\u00a0<\/span><\/p>\n","protected":false},"excerpt":{"rendered":"<p><span style=\"font-weight: 400;\">Visita la Catedral de San Pablo en un tour privado y personalizado en compa\u00f1\u00eda de un gu\u00eda experto en historia para que explores el lugar en el cual se celebr\u00f3 la boda del Pr\u00edncipe Carlos y Lady Di\u00a0 y en donde se encuentran los restos de Winston Churchill y Margaret Thatcher.<\/span><\/p>\n","protected":false},"featured_media":123162,"comment_status":"open","ping_status":"closed","template":"","meta":{"_acf_changed":false},"product_brand":[],"product_cat":[1603,1142,1151,1150],"product_tag":[],"class_list":{"0":"post-123128","1":"product","2":"type-product","3":"status-publish","4":"has-post-thumbnail","6":"product_cat-reino-unido-es","7":"product_cat-londres-es","8":"product_cat-londres-actividades-es","9":"product_cat-londres-tours-es","11":"first","12":"instock","13":"shipping-taxable","14":"purchasable","15":"product-type-simple"},"acf":[],"yoast_head":"<!-- This site is optimized with the Yoast SEO Premium plugin v25.3.1 (Yoast SEO v25.3.1) - https:\/\/yoast.com\/wordpress\/plugins\/seo\/ -->\n<title>\u27a1\ufe0f Tour privado de la St Paul&#039;s Cathedral con un gu\u00eda oficial | Tour Travel &amp; More<\/title>\n<meta name=\"description\" content=\"Disfruta de un tour privado por la St Paul&#039;s Cathedral en compa\u00f1\u00eda de un gu\u00eda oficial para que descubras la sede del Obispo de Londres y uno de los mayores templos religiosos de Londres \u2705\" \/>\n<meta name=\"robots\" content=\"index, follow, max-snippet:-1, max-image-preview:large, max-video-preview:-1\" \/>\n<link rel=\"canonical\" href=\"https:\/\/tourtravelandmore.com\/es\/tours\/reino-unido-es\/londres-es\/tour-privado-de-la-st-pauls-cathedral\/\" \/>\n<meta property=\"og:locale\" content=\"es_ES\" \/>\n<meta property=\"og:type\" content=\"article\" \/>\n<meta property=\"og:title\" content=\"Tour privado a pie de la St Paul&#039;s Cathedral\" \/>\n<meta property=\"og:description\" content=\"Disfruta de un tour privado por la St Paul&#039;s Cathedral en compa\u00f1\u00eda de un gu\u00eda oficial para que descubras la sede del Obispo de Londres y uno de los mayores templos religiosos de Londres \u2705\" \/>\n<meta property=\"og:url\" content=\"https:\/\/tourtravelandmore.com\/es\/tours\/reino-unido-es\/londres-es\/tour-privado-de-la-st-pauls-cathedral\/\" \/>\n<meta property=\"og:site_name\" content=\"Tour Travel And More\" \/>\n<meta property=\"article:publisher\" content=\"https:\/\/www.facebook.com\/tourtravelandmore\/\" \/>\n<meta property=\"article:modified_time\" content=\"2024-04-25T18:41:37+00:00\" \/>\n<meta property=\"og:image\" content=\"https:\/\/tourtravelandmore.com\/wp-content\/uploads\/2022\/04\/image5-9.jpg\" \/>\n\t<meta property=\"og:image:width\" content=\"900\" \/>\n\t<meta property=\"og:image:height\" content=\"680\" \/>\n\t<meta property=\"og:image:type\" content=\"image\/jpeg\" \/>\n<meta name=\"twitter:card\" content=\"summary_large_image\" \/>\n<meta name=\"twitter:site\" content=\"@TourTravel_More\" \/>\n<meta name=\"twitter:label1\" content=\"Tiempo de lectura\" \/>\n\t<meta name=\"twitter:data1\" content=\"4 minutos\" \/>\n<script type=\"application\/ld+json\" class=\"yoast-schema-graph\">{\"@context\":\"https:\/\/schema.org\",\"@graph\":[{\"@type\":\"WebPage\",\"@id\":\"https:\/\/tourtravelandmore.com\/es\/tours\/reino-unido-es\/londres-es\/tour-privado-de-la-st-pauls-cathedral\/\",\"url\":\"https:\/\/tourtravelandmore.com\/es\/tours\/reino-unido-es\/londres-es\/tour-privado-de-la-st-pauls-cathedral\/\",\"name\":\"\u27a1\ufe0f Tour privado de la St Paul's Cathedral con un gu\u00eda oficial | Tour Travel & More\",\"isPartOf\":{\"@id\":\"https:\/\/tourtravelandmore.com\/es\/#website\"},\"primaryImageOfPage\":{\"@id\":\"https:\/\/tourtravelandmore.com\/es\/tours\/reino-unido-es\/londres-es\/tour-privado-de-la-st-pauls-cathedral\/#primaryimage\"},\"image\":{\"@id\":\"https:\/\/tourtravelandmore.com\/es\/tours\/reino-unido-es\/londres-es\/tour-privado-de-la-st-pauls-cathedral\/#primaryimage\"},\"thumbnailUrl\":\"https:\/\/tourtravelandmore.com\/wp-content\/uploads\/2022\/04\/image5-9.jpg\",\"datePublished\":\"2022-04-10T15:33:21+00:00\",\"dateModified\":\"2024-04-25T18:41:37+00:00\",\"description\":\"Disfruta de un tour privado por la St Paul's Cathedral en compa\u00f1\u00eda de un gu\u00eda oficial para que descubras la sede del Obispo de Londres y uno de los mayores templos religiosos de Londres \u2705\",\"breadcrumb\":{\"@id\":\"https:\/\/tourtravelandmore.com\/es\/tours\/reino-unido-es\/londres-es\/tour-privado-de-la-st-pauls-cathedral\/#breadcrumb\"},\"inLanguage\":\"es\",\"potentialAction\":[{\"@type\":\"ReadAction\",\"target\":[\"https:\/\/tourtravelandmore.com\/es\/tours\/reino-unido-es\/londres-es\/tour-privado-de-la-st-pauls-cathedral\/\"]}]},{\"@type\":\"ImageObject\",\"inLanguage\":\"es\",\"@id\":\"https:\/\/tourtravelandmore.com\/es\/tours\/reino-unido-es\/londres-es\/tour-privado-de-la-st-pauls-cathedral\/#primaryimage\",\"url\":\"https:\/\/tourtravelandmore.com\/wp-content\/uploads\/2022\/04\/image5-9.jpg\",\"contentUrl\":\"https:\/\/tourtravelandmore.com\/wp-content\/uploads\/2022\/04\/image5-9.jpg\",\"width\":900,\"height\":680},{\"@type\":\"BreadcrumbList\",\"@id\":\"https:\/\/tourtravelandmore.com\/es\/tours\/reino-unido-es\/londres-es\/tour-privado-de-la-st-pauls-cathedral\/#breadcrumb\",\"itemListElement\":[{\"@type\":\"ListItem\",\"position\":1,\"name\":\"Home\",\"item\":\"https:\/\/tourtravelandmore.com\/es\/\"},{\"@type\":\"ListItem\",\"position\":2,\"name\":\"Tours\",\"item\":\"https:\/\/tourtravelandmore.com\/es\/tours\/\"},{\"@type\":\"ListItem\",\"position\":3,\"name\":\"Tour privado a pie de la St Paul&#8217;s Cathedral\"}]},{\"@type\":\"WebSite\",\"@id\":\"https:\/\/tourtravelandmore.com\/es\/#website\",\"url\":\"https:\/\/tourtravelandmore.com\/es\/\",\"name\":\"Tour Travel And More\",\"description\":\"Private sightseeing tours and luxury transfers in Spain\",\"publisher\":{\"@id\":\"https:\/\/tourtravelandmore.com\/es\/#organization\"},\"potentialAction\":[{\"@type\":\"SearchAction\",\"target\":{\"@type\":\"EntryPoint\",\"urlTemplate\":\"https:\/\/tourtravelandmore.com\/es\/?s={search_term_string}\"},\"query-input\":{\"@type\":\"PropertyValueSpecification\",\"valueRequired\":true,\"valueName\":\"search_term_string\"}}],\"inLanguage\":\"es\"},{\"@type\":\"Organization\",\"@id\":\"https:\/\/tourtravelandmore.com\/es\/#organization\",\"name\":\"Tour Travel And More\",\"url\":\"https:\/\/tourtravelandmore.com\/es\/\",\"logo\":{\"@type\":\"ImageObject\",\"inLanguage\":\"es\",\"@id\":\"https:\/\/tourtravelandmore.com\/es\/#\/schema\/logo\/image\/\",\"url\":\"https:\/\/tourtravelandmore.com\/wp-content\/uploads\/2022\/12\/cropped-logo-cabecera-new.png\",\"contentUrl\":\"https:\/\/tourtravelandmore.com\/wp-content\/uploads\/2022\/12\/cropped-logo-cabecera-new.png\",\"width\":430,\"height\":61,\"caption\":\"Tour Travel And More\"},\"image\":{\"@id\":\"https:\/\/tourtravelandmore.com\/es\/#\/schema\/logo\/image\/\"},\"sameAs\":[\"https:\/\/www.facebook.com\/tourtravelandmore\/\",\"https:\/\/x.com\/TourTravel_More\"]}]}<\/script>\n<!-- \/ Yoast SEO Premium plugin. -->","yoast_head_json":{"title":"\u27a1\ufe0f Tour privado de la St Paul's Cathedral con un gu\u00eda oficial | Tour Travel & More","description":"Disfruta de un tour privado por la St Paul's Cathedral en compa\u00f1\u00eda de un gu\u00eda oficial para que descubras la sede del Obispo de Londres y uno de los mayores templos religiosos de Londres \u2705","robots":{"index":"index","follow":"follow","max-snippet":"max-snippet:-1","max-image-preview":"max-image-preview:large","max-video-preview":"max-video-preview:-1"},"canonical":"https:\/\/tourtravelandmore.com\/es\/tours\/reino-unido-es\/londres-es\/tour-privado-de-la-st-pauls-cathedral\/","og_locale":"es_ES","og_type":"article","og_title":"Tour privado a pie de la St Paul's Cathedral","og_description":"Disfruta de un tour privado por la St Paul's Cathedral en compa\u00f1\u00eda de un gu\u00eda oficial para que descubras la sede del Obispo de Londres y uno de los mayores templos religiosos de Londres \u2705","og_url":"https:\/\/tourtravelandmore.com\/es\/tours\/reino-unido-es\/londres-es\/tour-privado-de-la-st-pauls-cathedral\/","og_site_name":"Tour Travel And More","article_publisher":"https:\/\/www.facebook.com\/tourtravelandmore\/","article_modified_time":"2024-04-25T18:41:37+00:00","og_image":[{"width":900,"height":680,"url":"https:\/\/tourtravelandmore.com\/wp-content\/uploads\/2022\/04\/image5-9.jpg","type":"image\/jpeg"}],"twitter_card":"summary_large_image","twitter_site":"@TourTravel_More","twitter_misc":{"Tiempo de lectura":"4 minutos"},"schema":{"@context":"https:\/\/schema.org","@graph":[{"@type":"WebPage","@id":"https:\/\/tourtravelandmore.com\/es\/tours\/reino-unido-es\/londres-es\/tour-privado-de-la-st-pauls-cathedral\/","url":"https:\/\/tourtravelandmore.com\/es\/tours\/reino-unido-es\/londres-es\/tour-privado-de-la-st-pauls-cathedral\/","name":"\u27a1\ufe0f Tour privado de la St Paul's Cathedral con un gu\u00eda oficial | Tour Travel & More","isPartOf":{"@id":"https:\/\/tourtravelandmore.com\/es\/#website"},"primaryImageOfPage":{"@id":"https:\/\/tourtravelandmore.com\/es\/tours\/reino-unido-es\/londres-es\/tour-privado-de-la-st-pauls-cathedral\/#primaryimage"},"image":{"@id":"https:\/\/tourtravelandmore.com\/es\/tours\/reino-unido-es\/londres-es\/tour-privado-de-la-st-pauls-cathedral\/#primaryimage"},"thumbnailUrl":"https:\/\/tourtravelandmore.com\/wp-content\/uploads\/2022\/04\/image5-9.jpg","datePublished":"2022-04-10T15:33:21+00:00","dateModified":"2024-04-25T18:41:37+00:00","description":"Disfruta de un tour privado por la St Paul's Cathedral en compa\u00f1\u00eda de un gu\u00eda oficial para que descubras la sede del Obispo de Londres y uno de los mayores templos religiosos de Londres \u2705","breadcrumb":{"@id":"https:\/\/tourtravelandmore.com\/es\/tours\/reino-unido-es\/londres-es\/tour-privado-de-la-st-pauls-cathedral\/#breadcrumb"},"inLanguage":"es","potentialAction":[{"@type":"ReadAction","target":["https:\/\/tourtravelandmore.com\/es\/tours\/reino-unido-es\/londres-es\/tour-privado-de-la-st-pauls-cathedral\/"]}]},{"@type":"ImageObject","inLanguage":"es","@id":"https:\/\/tourtravelandmore.com\/es\/tours\/reino-unido-es\/londres-es\/tour-privado-de-la-st-pauls-cathedral\/#primaryimage","url":"https:\/\/tourtravelandmore.com\/wp-content\/uploads\/2022\/04\/image5-9.jpg","contentUrl":"https:\/\/tourtravelandmore.com\/wp-content\/uploads\/2022\/04\/image5-9.jpg","width":900,"height":680},{"@type":"BreadcrumbList","@id":"https:\/\/tourtravelandmore.com\/es\/tours\/reino-unido-es\/londres-es\/tour-privado-de-la-st-pauls-cathedral\/#breadcrumb","itemListElement":[{"@type":"ListItem","position":1,"name":"Home","item":"https:\/\/tourtravelandmore.com\/es\/"},{"@type":"ListItem","position":2,"name":"Tours","item":"https:\/\/tourtravelandmore.com\/es\/tours\/"},{"@type":"ListItem","position":3,"name":"Tour privado a pie de la St Paul&#8217;s Cathedral"}]},{"@type":"WebSite","@id":"https:\/\/tourtravelandmore.com\/es\/#website","url":"https:\/\/tourtravelandmore.com\/es\/","name":"Tour Travel And More","description":"Private sightseeing tours and luxury transfers in Spain","publisher":{"@id":"https:\/\/tourtravelandmore.com\/es\/#organization"},"potentialAction":[{"@type":"SearchAction","target":{"@type":"EntryPoint","urlTemplate":"https:\/\/tourtravelandmore.com\/es\/?s={search_term_string}"},"query-input":{"@type":"PropertyValueSpecification","valueRequired":true,"valueName":"search_term_string"}}],"inLanguage":"es"},{"@type":"Organization","@id":"https:\/\/tourtravelandmore.com\/es\/#organization","name":"Tour Travel And More","url":"https:\/\/tourtravelandmore.com\/es\/","logo":{"@type":"ImageObject","inLanguage":"es","@id":"https:\/\/tourtravelandmore.com\/es\/#\/schema\/logo\/image\/","url":"https:\/\/tourtravelandmore.com\/wp-content\/uploads\/2022\/12\/cropped-logo-cabecera-new.png","contentUrl":"https:\/\/tourtravelandmore.com\/wp-content\/uploads\/2022\/12\/cropped-logo-cabecera-new.png","width":430,"height":61,"caption":"Tour Travel And More"},"image":{"@id":"https:\/\/tourtravelandmore.com\/es\/#\/schema\/logo\/image\/"},"sameAs":["https:\/\/www.facebook.com\/tourtravelandmore\/","https:\/\/x.com\/TourTravel_More"]}]}},"_links":{"self":[{"href":"https:\/\/tourtravelandmore.com\/es\/wp-json\/wp\/v2\/product\/123128","targetHints":{"allow":["GET"]}}],"collection":[{"href":"https:\/\/tourtravelandmore.com\/es\/wp-json\/wp\/v2\/product"}],"about":[{"href":"https:\/\/tourtravelandmore.com\/es\/wp-json\/wp\/v2\/types\/product"}],"replies":[{"embeddable":true,"href":"https:\/\/tourtravelandmore.com\/es\/wp-json\/wp\/v2\/comments?post=123128"}],"wp:featuredmedia":[{"embeddable":true,"href":"https:\/\/tourtravelandmore.com\/es\/wp-json\/wp\/v2\/media\/123162"}],"wp:attachment":[{"href":"https:\/\/tourtravelandmore.com\/es\/wp-json\/wp\/v2\/media?parent=123128"}],"wp:term":[{"taxonomy":"product_brand","embeddable":true,"href":"https:\/\/tourtravelandmore.com\/es\/wp-json\/wp\/v2\/product_brand?post=123128"},{"taxonomy":"product_cat","embeddable":true,"href":"https:\/\/tourtravelandmore.com\/es\/wp-json\/wp\/v2\/product_cat?post=123128"},{"taxonomy":"product_tag","embeddable":true,"href":"https:\/\/tourtravelandmore.com\/es\/wp-json\/wp\/v2\/product_tag?post=123128"}],"curies":[{"name":"wp","href":"https:\/\/api.w.org\/{rel}","templated":true}]}}