{"id":123002,"date":"2022-04-10T12:17:12","date_gmt":"2022-04-10T10:17:14","guid":{"rendered":"https:\/\/tourtravelandmore.com\/?post_type=product&#038;p=123002"},"modified":"2024-04-25T20:36:03","modified_gmt":"2024-04-25T18:36:03","slug":"tour-privado-de-la-torre-de-londres","status":"publish","type":"product","link":"https:\/\/tourtravelandmore.com\/es\/tours\/reino-unido-es\/londres-es\/tour-privado-de-la-torre-de-londres\/","title":{"rendered":"Tour privado a pie de la Torre de Londres"},"content":{"rendered":"<h2><b>Descripci\u00f3n del Tour privado a pie de la Torre de Londres<\/b><\/h2>\n<p><span style=\"font-weight: 400;\">Visitar la Torre de Londres es una parada imprescindible de cualquier viaje a la capital brit\u00e1nica.\u00a0<\/span><\/p>\n<p><span style=\"font-weight: 400;\">En nuestro <\/span><b>tour privado a la Torre de Londres<\/b><span style=\"font-weight: 400;\"> tendr\u00e1s la oportunidad de explorar en compa\u00f1\u00eda de un gu\u00eda experto esta majestuosa fortaleza construida en el a\u00f1o 1066 para que profundices en su rica historia.\u00a0<\/span><\/p>\n<p><span style=\"font-weight: 400;\">Puedes acordar con el gu\u00eda privado el lugar de encuentro para iniciar un recorrido lleno de magia, historia y misterio. Adem\u00e1s, no tendr\u00e1s que hacer colas para entrar a la torre, puesto que <\/span><b>la excursi\u00f3n incluye entradas exclusivas.\u00a0<\/b><\/p>\n<p><span style=\"font-weight: 400;\">Ser\u00e1 una <\/span><b>visita guiada de 2 horas<\/b><span style=\"font-weight: 400;\"> en las que escuchar\u00e1s por parte del gu\u00eda oficial las historias de torturas, traiciones y decapitaciones que ocurrieron en este misterioso monumento.\u00a0<\/span><\/p>\n<p><span style=\"font-weight: 400;\">Adem\u00e1s, ver\u00e1s de cerca las joyas de un valor incalculable de la corona inglesa como, por ejemplo, el diamante conocido como Koh-i-Noor. Tambi\u00e9n, visitar\u00e1s el sitio donde Ana Bolena fue encarcelada antes de su ejecuci\u00f3n.<\/span><\/p>\n<p><span style=\"font-weight: 400;\">Cada minuto de esta excursi\u00f3n est\u00e1 ideado para que aproveches al m\u00e1ximo el paseo. Por eso, te mostraremos algunas partes de la Torre de Londres que fueron utilizadas como prisiones, c\u00e1maras de tortura y zonas de ejecuci\u00f3n.\u00a0<\/span><\/p>\n<p><span style=\"font-weight: 400;\">Subir\u00e1s las estrechas escaleras con el gu\u00eda personal y entrar\u00e1s en algunas de las habitaciones m\u00e1s oscuras de la historia.\u00a0<\/span><\/p>\n<p><span style=\"font-weight: 400;\">Por si fuera poco, visitar\u00e1s los apartamentos privados del rey Enrique VIII antes de entrar en la misteriosa Torre Sangrienta y en la habitaci\u00f3n en donde Sir Walter Raleigh vivi\u00f3 durante diez a\u00f1os.<\/span><\/p>\n<p><span style=\"font-weight: 400;\">Finalmente, el gu\u00eda te acompa\u00f1ar\u00e1 hasta la entrada de la Torre para que sigas con tu paseo por la capital del Reino Unido.<\/span><\/p>\n<h2><b>Puntos de inter\u00e9s del <\/b><b>Tour privado a pie de la Torre de Londres<\/b><\/h2>\n<p><span style=\"font-weight: 400;\">La Torre de Londres es, sin duda, uno de los edificios m\u00e1s famosos del mundo. En nuestro tour privado conocer\u00e1s esta antigua ciudadela de gran importancia hist\u00f3rica con sus 900 a\u00f1os de historia. Adem\u00e1s, es un monumento que ha servido como palacio real, fortaleza y prisi\u00f3n.\u00a0<\/span><\/p>\n<p><span style=\"font-weight: 400;\">Iniciar\u00e1s el recorrido al encontrarte con el gu\u00eda en un punto central de Londres o en la entrada de la torre. Desde all\u00ed, te espera una gran aventura, puesto que te llevamos a conocer los siguientes lugares de inter\u00e9s:\u00a0<\/span><\/p>\n<h3><span style=\"color: #d3af37;\"><b>La Torre Sangrienta<\/b><\/span><\/h3>\n<p><span style=\"font-weight: 400;\">Este es uno de los puntos m\u00e1s emblem\u00e1ticos de la Torre de Londres, ya que envuelve una terrible historia de sangre y traici\u00f3n.\u00a0<\/span><\/p>\n<p><span style=\"font-weight: 400;\">Se dice que en ella fueron asesinados dos peque\u00f1os pr\u00edncipes por su propio t\u00edo para evitar que llegaran al trono. Sus restos fueron encontrados muchos siglos despu\u00e9s.\u00a0<\/span><\/p>\n<h3><span style=\"color: #d3af37;\"><b>La sala de decapitaci\u00f3n\u00a0<\/b><\/span><\/h3>\n<p><span style=\"font-weight: 400;\">La Torre de Londres fue utilizada como escenario para algunas de las ejecuciones m\u00e1s famosas de la corona. Una de ellas fue la de la propia esposa de Enrique VIII, Ana Bolena.\u00a0<\/span><\/p>\n<p><span style=\"font-weight: 400;\">Tambi\u00e9n, en ese lugar se ejecutaron a la condesa de Salisbury, Catalina Howard, entre otros personajes hist\u00f3ricos.\u00a0<\/span><\/p>\n<h3><span style=\"color: #d3af37;\"><b>Las joyas de la corona\u00a0<\/b><\/span><\/h3>\n<p><span style=\"font-weight: 400;\">Desde el a\u00f1o 1303, las joyas de la corona inglesa se trasladaron desde la Abad\u00eda de Westminster hasta la Torre de Londres para aumentar su protecci\u00f3n.\u00a0<\/span><\/p>\n<p><span style=\"font-weight: 400;\">Desde entonces, en la Torre de Londres se encuentra una invaluable colecci\u00f3n de cetros, espadas y distintas joyas que rondan entre m\u00e1s de 23.000 piezas y que han sido usadas por los monarcas a lo largo de la historia.\u00a0<\/span><\/p>\n<p><span style=\"font-weight: 400;\">Tambi\u00e9n, podr\u00e1s conocer otros de los puntos m\u00e1s atractivos y singulares de esta torre, como por ejemplo:\u00a0<\/span><\/p>\n<ul>\n<li><b>La Torre Blanca.<\/b><\/li>\n<li><b>Los cuervos (la historia dice que si los cuervos de la Torre de Londres desaparecen, el reinado caer\u00e1).\u00a0<\/b><\/li>\n<li><b>La Capilla Real de San Pedro y Vincula, entre muchos sitios m\u00e1s.\u00a0<\/b><\/li>\n<\/ul>\n<p><span style=\"font-weight: 400;\">Ser\u00e1 un paseo guiado cargado de historia y de relatos sumamente fascinantes.\u00a0<\/span><\/p>\n<p><span style=\"font-weight: 400;\">Si quieres conocer a\u00fan m\u00e1s de la historia inglesa, es perfecto que revises los detalles de nuestro <\/span><a href=\"https:\/\/tourtravelandmore.com\/es\/tours\/reino-unido-es\/londres-es\/tour-privado-del-british-museum\/\"><b>tour privado del British Museum<\/b><\/a><span style=\"font-weight: 400;\">. <\/span><\/p>\n","protected":false},"excerpt":{"rendered":"<p><span style=\"font-weight: 400;\">Descubre en un tour privado de 2 horas a la fascinante Torre de Londres, el castillo medieval que ha albergado a algunos de los prisioneros m\u00e1s famosos de Inglaterra como Ana Bolena y Guy Fawkes. Adem\u00e1s, es el lugar en el cual est\u00e1n algunas de las invaluables joyas de la corona inglesa. <\/span><\/p>\n","protected":false},"featured_media":123085,"comment_status":"open","ping_status":"closed","template":"","meta":{"_acf_changed":false},"product_brand":[],"product_cat":[1603,1142,1151,1150],"product_tag":[],"class_list":{"0":"post-123002","1":"product","2":"type-product","3":"status-publish","4":"has-post-thumbnail","6":"product_cat-reino-unido-es","7":"product_cat-londres-es","8":"product_cat-londres-actividades-es","9":"product_cat-londres-tours-es","11":"first","12":"instock","13":"shipping-taxable","14":"purchasable","15":"product-type-simple"},"acf":[],"yoast_head":"<!-- This site is optimized with the Yoast SEO Premium plugin v25.3.1 (Yoast SEO v25.3.1) - https:\/\/yoast.com\/wordpress\/plugins\/seo\/ -->\n<title>\u27a1\ufe0f Tour privado de la Torre de Londres en compa\u00f1\u00eda de un gu\u00eda oficial privado | Tour Travel &amp; More<\/title>\n<meta name=\"description\" content=\"Explora las torres de Londres en un tour privado con un gu\u00eda oficial para que descubras todos los secretos que guarda uno de los monumentos m\u00e1s famosos del mundo y que es Patrimonio de la Humanidad \u2705\" \/>\n<meta name=\"robots\" content=\"index, follow, max-snippet:-1, max-image-preview:large, max-video-preview:-1\" \/>\n<link rel=\"canonical\" href=\"https:\/\/tourtravelandmore.com\/es\/tours\/reino-unido-es\/londres-es\/tour-privado-de-la-torre-de-londres\/\" \/>\n<meta property=\"og:locale\" content=\"es_ES\" \/>\n<meta property=\"og:type\" content=\"article\" \/>\n<meta property=\"og:title\" content=\"Tour privado a pie de la Torre de Londres\" \/>\n<meta property=\"og:description\" content=\"Explora las torres de Londres en un tour privado con un gu\u00eda oficial para que descubras todos los secretos que guarda uno de los monumentos m\u00e1s famosos del mundo y que es Patrimonio de la Humanidad \u2705\" \/>\n<meta property=\"og:url\" content=\"https:\/\/tourtravelandmore.com\/es\/tours\/reino-unido-es\/londres-es\/tour-privado-de-la-torre-de-londres\/\" \/>\n<meta property=\"og:site_name\" content=\"Tour Travel And More\" \/>\n<meta property=\"article:publisher\" content=\"https:\/\/www.facebook.com\/tourtravelandmore\/\" \/>\n<meta property=\"article:modified_time\" content=\"2024-04-25T18:36:03+00:00\" \/>\n<meta property=\"og:image\" content=\"https:\/\/tourtravelandmore.com\/wp-content\/uploads\/2022\/04\/image3-5.jpg\" \/>\n\t<meta property=\"og:image:width\" content=\"900\" \/>\n\t<meta property=\"og:image:height\" content=\"680\" \/>\n\t<meta property=\"og:image:type\" content=\"image\/jpeg\" \/>\n<meta name=\"twitter:card\" content=\"summary_large_image\" \/>\n<meta name=\"twitter:site\" content=\"@TourTravel_More\" \/>\n<meta name=\"twitter:label1\" content=\"Tiempo de lectura\" \/>\n\t<meta name=\"twitter:data1\" content=\"3 minutos\" \/>\n<script type=\"application\/ld+json\" class=\"yoast-schema-graph\">{\"@context\":\"https:\/\/schema.org\",\"@graph\":[{\"@type\":\"WebPage\",\"@id\":\"https:\/\/tourtravelandmore.com\/es\/tours\/reino-unido-es\/londres-es\/tour-privado-de-la-torre-de-londres\/\",\"url\":\"https:\/\/tourtravelandmore.com\/es\/tours\/reino-unido-es\/londres-es\/tour-privado-de-la-torre-de-londres\/\",\"name\":\"\u27a1\ufe0f Tour privado de la Torre de Londres en compa\u00f1\u00eda de un gu\u00eda oficial privado | Tour Travel & More\",\"isPartOf\":{\"@id\":\"https:\/\/tourtravelandmore.com\/es\/#website\"},\"primaryImageOfPage\":{\"@id\":\"https:\/\/tourtravelandmore.com\/es\/tours\/reino-unido-es\/londres-es\/tour-privado-de-la-torre-de-londres\/#primaryimage\"},\"image\":{\"@id\":\"https:\/\/tourtravelandmore.com\/es\/tours\/reino-unido-es\/londres-es\/tour-privado-de-la-torre-de-londres\/#primaryimage\"},\"thumbnailUrl\":\"https:\/\/tourtravelandmore.com\/wp-content\/uploads\/2022\/04\/image3-5.jpg\",\"datePublished\":\"2022-04-10T10:17:14+00:00\",\"dateModified\":\"2024-04-25T18:36:03+00:00\",\"description\":\"Explora las torres de Londres en un tour privado con un gu\u00eda oficial para que descubras todos los secretos que guarda uno de los monumentos m\u00e1s famosos del mundo y que es Patrimonio de la Humanidad \u2705\",\"breadcrumb\":{\"@id\":\"https:\/\/tourtravelandmore.com\/es\/tours\/reino-unido-es\/londres-es\/tour-privado-de-la-torre-de-londres\/#breadcrumb\"},\"inLanguage\":\"es\",\"potentialAction\":[{\"@type\":\"ReadAction\",\"target\":[\"https:\/\/tourtravelandmore.com\/es\/tours\/reino-unido-es\/londres-es\/tour-privado-de-la-torre-de-londres\/\"]}]},{\"@type\":\"ImageObject\",\"inLanguage\":\"es\",\"@id\":\"https:\/\/tourtravelandmore.com\/es\/tours\/reino-unido-es\/londres-es\/tour-privado-de-la-torre-de-londres\/#primaryimage\",\"url\":\"https:\/\/tourtravelandmore.com\/wp-content\/uploads\/2022\/04\/image3-5.jpg\",\"contentUrl\":\"https:\/\/tourtravelandmore.com\/wp-content\/uploads\/2022\/04\/image3-5.jpg\",\"width\":900,\"height\":680},{\"@type\":\"BreadcrumbList\",\"@id\":\"https:\/\/tourtravelandmore.com\/es\/tours\/reino-unido-es\/londres-es\/tour-privado-de-la-torre-de-londres\/#breadcrumb\",\"itemListElement\":[{\"@type\":\"ListItem\",\"position\":1,\"name\":\"Home\",\"item\":\"https:\/\/tourtravelandmore.com\/es\/\"},{\"@type\":\"ListItem\",\"position\":2,\"name\":\"Tours\",\"item\":\"https:\/\/tourtravelandmore.com\/es\/tours\/\"},{\"@type\":\"ListItem\",\"position\":3,\"name\":\"Tour privado a pie de la Torre de Londres\"}]},{\"@type\":\"WebSite\",\"@id\":\"https:\/\/tourtravelandmore.com\/es\/#website\",\"url\":\"https:\/\/tourtravelandmore.com\/es\/\",\"name\":\"Tour Travel And More\",\"description\":\"Private sightseeing tours and luxury transfers in Spain\",\"publisher\":{\"@id\":\"https:\/\/tourtravelandmore.com\/es\/#organization\"},\"potentialAction\":[{\"@type\":\"SearchAction\",\"target\":{\"@type\":\"EntryPoint\",\"urlTemplate\":\"https:\/\/tourtravelandmore.com\/es\/?s={search_term_string}\"},\"query-input\":{\"@type\":\"PropertyValueSpecification\",\"valueRequired\":true,\"valueName\":\"search_term_string\"}}],\"inLanguage\":\"es\"},{\"@type\":\"Organization\",\"@id\":\"https:\/\/tourtravelandmore.com\/es\/#organization\",\"name\":\"Tour Travel And More\",\"url\":\"https:\/\/tourtravelandmore.com\/es\/\",\"logo\":{\"@type\":\"ImageObject\",\"inLanguage\":\"es\",\"@id\":\"https:\/\/tourtravelandmore.com\/es\/#\/schema\/logo\/image\/\",\"url\":\"https:\/\/tourtravelandmore.com\/wp-content\/uploads\/2022\/12\/cropped-logo-cabecera-new.png\",\"contentUrl\":\"https:\/\/tourtravelandmore.com\/wp-content\/uploads\/2022\/12\/cropped-logo-cabecera-new.png\",\"width\":430,\"height\":61,\"caption\":\"Tour Travel And More\"},\"image\":{\"@id\":\"https:\/\/tourtravelandmore.com\/es\/#\/schema\/logo\/image\/\"},\"sameAs\":[\"https:\/\/www.facebook.com\/tourtravelandmore\/\",\"https:\/\/x.com\/TourTravel_More\"]}]}<\/script>\n<!-- \/ Yoast SEO Premium plugin. -->","yoast_head_json":{"title":"\u27a1\ufe0f Tour privado de la Torre de Londres en compa\u00f1\u00eda de un gu\u00eda oficial privado | Tour Travel & More","description":"Explora las torres de Londres en un tour privado con un gu\u00eda oficial para que descubras todos los secretos que guarda uno de los monumentos m\u00e1s famosos del mundo y que es Patrimonio de la Humanidad \u2705","robots":{"index":"index","follow":"follow","max-snippet":"max-snippet:-1","max-image-preview":"max-image-preview:large","max-video-preview":"max-video-preview:-1"},"canonical":"https:\/\/tourtravelandmore.com\/es\/tours\/reino-unido-es\/londres-es\/tour-privado-de-la-torre-de-londres\/","og_locale":"es_ES","og_type":"article","og_title":"Tour privado a pie de la Torre de Londres","og_description":"Explora las torres de Londres en un tour privado con un gu\u00eda oficial para que descubras todos los secretos que guarda uno de los monumentos m\u00e1s famosos del mundo y que es Patrimonio de la Humanidad \u2705","og_url":"https:\/\/tourtravelandmore.com\/es\/tours\/reino-unido-es\/londres-es\/tour-privado-de-la-torre-de-londres\/","og_site_name":"Tour Travel And More","article_publisher":"https:\/\/www.facebook.com\/tourtravelandmore\/","article_modified_time":"2024-04-25T18:36:03+00:00","og_image":[{"width":900,"height":680,"url":"https:\/\/tourtravelandmore.com\/wp-content\/uploads\/2022\/04\/image3-5.jpg","type":"image\/jpeg"}],"twitter_card":"summary_large_image","twitter_site":"@TourTravel_More","twitter_misc":{"Tiempo de lectura":"3 minutos"},"schema":{"@context":"https:\/\/schema.org","@graph":[{"@type":"WebPage","@id":"https:\/\/tourtravelandmore.com\/es\/tours\/reino-unido-es\/londres-es\/tour-privado-de-la-torre-de-londres\/","url":"https:\/\/tourtravelandmore.com\/es\/tours\/reino-unido-es\/londres-es\/tour-privado-de-la-torre-de-londres\/","name":"\u27a1\ufe0f Tour privado de la Torre de Londres en compa\u00f1\u00eda de un gu\u00eda oficial privado | Tour Travel & More","isPartOf":{"@id":"https:\/\/tourtravelandmore.com\/es\/#website"},"primaryImageOfPage":{"@id":"https:\/\/tourtravelandmore.com\/es\/tours\/reino-unido-es\/londres-es\/tour-privado-de-la-torre-de-londres\/#primaryimage"},"image":{"@id":"https:\/\/tourtravelandmore.com\/es\/tours\/reino-unido-es\/londres-es\/tour-privado-de-la-torre-de-londres\/#primaryimage"},"thumbnailUrl":"https:\/\/tourtravelandmore.com\/wp-content\/uploads\/2022\/04\/image3-5.jpg","datePublished":"2022-04-10T10:17:14+00:00","dateModified":"2024-04-25T18:36:03+00:00","description":"Explora las torres de Londres en un tour privado con un gu\u00eda oficial para que descubras todos los secretos que guarda uno de los monumentos m\u00e1s famosos del mundo y que es Patrimonio de la Humanidad \u2705","breadcrumb":{"@id":"https:\/\/tourtravelandmore.com\/es\/tours\/reino-unido-es\/londres-es\/tour-privado-de-la-torre-de-londres\/#breadcrumb"},"inLanguage":"es","potentialAction":[{"@type":"ReadAction","target":["https:\/\/tourtravelandmore.com\/es\/tours\/reino-unido-es\/londres-es\/tour-privado-de-la-torre-de-londres\/"]}]},{"@type":"ImageObject","inLanguage":"es","@id":"https:\/\/tourtravelandmore.com\/es\/tours\/reino-unido-es\/londres-es\/tour-privado-de-la-torre-de-londres\/#primaryimage","url":"https:\/\/tourtravelandmore.com\/wp-content\/uploads\/2022\/04\/image3-5.jpg","contentUrl":"https:\/\/tourtravelandmore.com\/wp-content\/uploads\/2022\/04\/image3-5.jpg","width":900,"height":680},{"@type":"BreadcrumbList","@id":"https:\/\/tourtravelandmore.com\/es\/tours\/reino-unido-es\/londres-es\/tour-privado-de-la-torre-de-londres\/#breadcrumb","itemListElement":[{"@type":"ListItem","position":1,"name":"Home","item":"https:\/\/tourtravelandmore.com\/es\/"},{"@type":"ListItem","position":2,"name":"Tours","item":"https:\/\/tourtravelandmore.com\/es\/tours\/"},{"@type":"ListItem","position":3,"name":"Tour privado a pie de la Torre de Londres"}]},{"@type":"WebSite","@id":"https:\/\/tourtravelandmore.com\/es\/#website","url":"https:\/\/tourtravelandmore.com\/es\/","name":"Tour Travel And More","description":"Private sightseeing tours and luxury transfers in Spain","publisher":{"@id":"https:\/\/tourtravelandmore.com\/es\/#organization"},"potentialAction":[{"@type":"SearchAction","target":{"@type":"EntryPoint","urlTemplate":"https:\/\/tourtravelandmore.com\/es\/?s={search_term_string}"},"query-input":{"@type":"PropertyValueSpecification","valueRequired":true,"valueName":"search_term_string"}}],"inLanguage":"es"},{"@type":"Organization","@id":"https:\/\/tourtravelandmore.com\/es\/#organization","name":"Tour Travel And More","url":"https:\/\/tourtravelandmore.com\/es\/","logo":{"@type":"ImageObject","inLanguage":"es","@id":"https:\/\/tourtravelandmore.com\/es\/#\/schema\/logo\/image\/","url":"https:\/\/tourtravelandmore.com\/wp-content\/uploads\/2022\/12\/cropped-logo-cabecera-new.png","contentUrl":"https:\/\/tourtravelandmore.com\/wp-content\/uploads\/2022\/12\/cropped-logo-cabecera-new.png","width":430,"height":61,"caption":"Tour Travel And More"},"image":{"@id":"https:\/\/tourtravelandmore.com\/es\/#\/schema\/logo\/image\/"},"sameAs":["https:\/\/www.facebook.com\/tourtravelandmore\/","https:\/\/x.com\/TourTravel_More"]}]}},"_links":{"self":[{"href":"https:\/\/tourtravelandmore.com\/es\/wp-json\/wp\/v2\/product\/123002","targetHints":{"allow":["GET"]}}],"collection":[{"href":"https:\/\/tourtravelandmore.com\/es\/wp-json\/wp\/v2\/product"}],"about":[{"href":"https:\/\/tourtravelandmore.com\/es\/wp-json\/wp\/v2\/types\/product"}],"replies":[{"embeddable":true,"href":"https:\/\/tourtravelandmore.com\/es\/wp-json\/wp\/v2\/comments?post=123002"}],"wp:featuredmedia":[{"embeddable":true,"href":"https:\/\/tourtravelandmore.com\/es\/wp-json\/wp\/v2\/media\/123085"}],"wp:attachment":[{"href":"https:\/\/tourtravelandmore.com\/es\/wp-json\/wp\/v2\/media?parent=123002"}],"wp:term":[{"taxonomy":"product_brand","embeddable":true,"href":"https:\/\/tourtravelandmore.com\/es\/wp-json\/wp\/v2\/product_brand?post=123002"},{"taxonomy":"product_cat","embeddable":true,"href":"https:\/\/tourtravelandmore.com\/es\/wp-json\/wp\/v2\/product_cat?post=123002"},{"taxonomy":"product_tag","embeddable":true,"href":"https:\/\/tourtravelandmore.com\/es\/wp-json\/wp\/v2\/product_tag?post=123002"}],"curies":[{"name":"wp","href":"https:\/\/api.w.org\/{rel}","templated":true}]}}