{"id":122865,"date":"2022-04-09T18:33:49","date_gmt":"2022-04-09T16:33:49","guid":{"rendered":"https:\/\/tourtravelandmore.com\/?post_type=product&#038;p=122865"},"modified":"2024-04-04T15:26:24","modified_gmt":"2024-04-04T13:26:24","slug":"tour-privado-de-oxford-desde-londres","status":"publish","type":"product","link":"https:\/\/tourtravelandmore.com\/es\/tours\/reino-unido-es\/londres-es\/tour-privado-de-oxford-desde-londres\/","title":{"rendered":"Tour privado de Oxford desde Londres"},"content":{"rendered":"<h2><b>Descripci\u00f3n del Tour privado de Oxford desde Londres<\/b><\/h2>\n<p>Oxford es una ciudad situada a orillas del r\u00edo T\u00e1mesis. Es rica en historia y est\u00e1 llena de cultura. Disfrute de una tranquila visita privada de Oxford desde Londres a su propio ritmo. Admire sus colegios medievales, sus magn\u00edficas iglesias y sus bellos monumentos.<\/p>\n<p>Emb\u00e1rquese en un enriquecedor viaje desde las bulliciosas calles de Londres hasta el refugio hist\u00f3rico e intelectual de Oxford con la Excursi\u00f3n Privada a Oxford desde Londres de Tour Travel &amp; More. Esta exclusiva excursi\u00f3n de 8 horas promete una inmersi\u00f3n profunda en la prestigiosa universidad de Oxford, sus ic\u00f3nicos monumentos y su cautivadora historia. Todo ello en la comodidad de un veh\u00edculo privado con un gu\u00eda especializado.<\/p>\n<p>Su aventura comienza con un pintoresco viaje en coche de Londres a Oxford, donde le acompa\u00f1ar\u00e1 un gu\u00eda experto que compartir\u00e1 fascinantes conocimientos e historias a lo largo del d\u00eda. Al llegar a Oxford, prep\u00e1rese para quedar hipnotizado por su encanto intemporal y su esplendor arquitect\u00f3nico.<\/p>\n<h2><b>Puntos de inter\u00e9s\u00a0<\/b><\/h2>\n<p>Experimente la magia de la historia, el mundo acad\u00e9mico y la riqueza cultural de Oxford en la Excursi\u00f3n Privada a Oxford desde Londres de Tour Travel &amp; More. Sum\u00e9rjase en tradiciones centenarias y descubra el encanto de esta emblem\u00e1tica ciudad con nosotros.<\/p>\n<p>Visitar\u00e1 lugares como:<\/p>\n<ul>\n<li><strong>Las Maravillas Arquitect\u00f3nicas de Oxford:<\/strong> Explore lugares emblem\u00e1ticos como la Biblioteca Bodleian, la C\u00e1mara Radcliffe y colegios hist\u00f3ricos como Christ Church y Magdalen, cada uno impregnado de siglos de historia y excelencia acad\u00e9mica.<\/li>\n<li><strong>Experiencia universitaria en Oxford:<\/strong> Ad\u00e9ntrese en la prestigiosa Universidad de Oxford, descubriendo su rico patrimonio, sus renombradas bibliotecas y sus pintorescos cuadril\u00e1teros. Conozca a famosos ex alumnos y las contribuciones de la universidad al mundo acad\u00e9mico.<\/li>\n<li><strong>Inmersi\u00f3n cultural:<\/strong> Pasee por las calles adoquinadas repletas de encantadoras tiendas y caf\u00e9s. Absorba la vibrante atm\u00f3sfera de esta ciudad acad\u00e9mica.<\/li>\n<li><strong>Itinerario personalizado:<\/strong> Adapte su visita a sus intereses. Tanto si le fascina la literatura, la arquitectura o la vibrante escena cultural de Oxford.<\/li>\n<li><strong>Ocio y exploraci\u00f3n:<\/strong> Con la flexibilidad de un tour privado, podr\u00e1 dedicar tiempo extra a los lugares que cautiven su inter\u00e9s, garantizando una experiencia satisfactoria y memorable.<\/li>\n<\/ul>\n<p>Le llevaremos de vuelta a Londres al final de este recorrido lleno de aventuras.<\/p>\n<p><span style=\"font-weight: 400;\">Te recomendamos que aproveches al m\u00e1ximo tu viaje por Londres e incluyas en tu itinerario nuestro <\/span><b><a href=\"https:\/\/tourtravelandmore.com\/es\/tours\/reino-unido-es\/londres-es\/tour-privado-de-harry-potter-en-los-estudios-warner\/\">tour de Harry Potter en los estudios Warner<\/a>,<\/b><span style=\"font-weight: 400;\"> para que vivas de cerca toda la magia de esa emblem\u00e1tica serie de pel\u00edculas.\u00a0<\/span><\/p>\n","protected":false},"excerpt":{"rendered":"<p>Oxford es una ciudad situada a orillas del r\u00edo T\u00e1mesis. Es rica en historia y est\u00e1 llena de cultura. Disfrute de una tranquila visita privada de Oxford desde Londres a su propio ritmo. Admire sus colegios medievales, sus magn\u00edficas iglesias y sus bellos monumentos.<\/p>\n","protected":false},"featured_media":122893,"comment_status":"open","ping_status":"closed","template":"","meta":{"_acf_changed":false},"product_brand":[],"product_cat":[1603,1142,1151,1150],"product_tag":[],"class_list":{"0":"post-122865","1":"product","2":"type-product","3":"status-publish","4":"has-post-thumbnail","6":"product_cat-reino-unido-es","7":"product_cat-londres-es","8":"product_cat-londres-actividades-es","9":"product_cat-londres-tours-es","11":"first","12":"instock","13":"shipping-taxable","14":"purchasable","15":"product-type-simple"},"acf":[],"yoast_head":"<!-- This site is optimized with the Yoast SEO Premium plugin v25.3.1 (Yoast SEO v25.3.1) - https:\/\/yoast.com\/wordpress\/plugins\/seo\/ -->\n<title>\u27a1\ufe0f Tour privado de Oxford desde Londres con gu\u00eda privado | Tour Travel &amp; More<\/title>\n<meta name=\"description\" content=\"S\u00e1cale el m\u00e1ximo provecho a tu viaje por el Reino Unido y disfruta este tour privado a Oxford desde Londres para que explores todos los tesoros que encierra esta emblem\u00e1tica e hist\u00f3rica ciudad \u2705\" \/>\n<meta name=\"robots\" content=\"index, follow, max-snippet:-1, max-image-preview:large, max-video-preview:-1\" \/>\n<link rel=\"canonical\" href=\"https:\/\/tourtravelandmore.com\/es\/tours\/reino-unido-es\/londres-es\/tour-privado-de-oxford-desde-londres\/\" \/>\n<meta property=\"og:locale\" content=\"es_ES\" \/>\n<meta property=\"og:type\" content=\"article\" \/>\n<meta property=\"og:title\" content=\"Tour privado de Oxford desde Londres\" \/>\n<meta property=\"og:description\" content=\"S\u00e1cale el m\u00e1ximo provecho a tu viaje por el Reino Unido y disfruta este tour privado a Oxford desde Londres para que explores todos los tesoros que encierra esta emblem\u00e1tica e hist\u00f3rica ciudad \u2705\" \/>\n<meta property=\"og:url\" content=\"https:\/\/tourtravelandmore.com\/es\/tours\/reino-unido-es\/londres-es\/tour-privado-de-oxford-desde-londres\/\" \/>\n<meta property=\"og:site_name\" content=\"Tour Travel And More\" \/>\n<meta property=\"article:publisher\" content=\"https:\/\/www.facebook.com\/tourtravelandmore\/\" \/>\n<meta property=\"article:modified_time\" content=\"2024-04-04T13:26:24+00:00\" \/>\n<meta property=\"og:image\" content=\"https:\/\/tourtravelandmore.com\/wp-content\/uploads\/2022\/04\/image5-5.jpg\" \/>\n\t<meta property=\"og:image:width\" content=\"900\" \/>\n\t<meta property=\"og:image:height\" content=\"680\" \/>\n\t<meta property=\"og:image:type\" content=\"image\/jpeg\" \/>\n<meta name=\"twitter:card\" content=\"summary_large_image\" \/>\n<meta name=\"twitter:site\" content=\"@TourTravel_More\" \/>\n<meta name=\"twitter:label1\" content=\"Tiempo de lectura\" \/>\n\t<meta name=\"twitter:data1\" content=\"3 minutos\" \/>\n<script type=\"application\/ld+json\" class=\"yoast-schema-graph\">{\"@context\":\"https:\/\/schema.org\",\"@graph\":[{\"@type\":\"WebPage\",\"@id\":\"https:\/\/tourtravelandmore.com\/es\/tours\/reino-unido-es\/londres-es\/tour-privado-de-oxford-desde-londres\/\",\"url\":\"https:\/\/tourtravelandmore.com\/es\/tours\/reino-unido-es\/londres-es\/tour-privado-de-oxford-desde-londres\/\",\"name\":\"\u27a1\ufe0f Tour privado de Oxford desde Londres con gu\u00eda privado | Tour Travel & More\",\"isPartOf\":{\"@id\":\"https:\/\/tourtravelandmore.com\/es\/#website\"},\"primaryImageOfPage\":{\"@id\":\"https:\/\/tourtravelandmore.com\/es\/tours\/reino-unido-es\/londres-es\/tour-privado-de-oxford-desde-londres\/#primaryimage\"},\"image\":{\"@id\":\"https:\/\/tourtravelandmore.com\/es\/tours\/reino-unido-es\/londres-es\/tour-privado-de-oxford-desde-londres\/#primaryimage\"},\"thumbnailUrl\":\"https:\/\/tourtravelandmore.com\/wp-content\/uploads\/2022\/04\/image5-5.jpg\",\"datePublished\":\"2022-04-09T16:33:49+00:00\",\"dateModified\":\"2024-04-04T13:26:24+00:00\",\"description\":\"S\u00e1cale el m\u00e1ximo provecho a tu viaje por el Reino Unido y disfruta este tour privado a Oxford desde Londres para que explores todos los tesoros que encierra esta emblem\u00e1tica e hist\u00f3rica ciudad \u2705\",\"breadcrumb\":{\"@id\":\"https:\/\/tourtravelandmore.com\/es\/tours\/reino-unido-es\/londres-es\/tour-privado-de-oxford-desde-londres\/#breadcrumb\"},\"inLanguage\":\"es\",\"potentialAction\":[{\"@type\":\"ReadAction\",\"target\":[\"https:\/\/tourtravelandmore.com\/es\/tours\/reino-unido-es\/londres-es\/tour-privado-de-oxford-desde-londres\/\"]}]},{\"@type\":\"ImageObject\",\"inLanguage\":\"es\",\"@id\":\"https:\/\/tourtravelandmore.com\/es\/tours\/reino-unido-es\/londres-es\/tour-privado-de-oxford-desde-londres\/#primaryimage\",\"url\":\"https:\/\/tourtravelandmore.com\/wp-content\/uploads\/2022\/04\/image5-5.jpg\",\"contentUrl\":\"https:\/\/tourtravelandmore.com\/wp-content\/uploads\/2022\/04\/image5-5.jpg\",\"width\":900,\"height\":680},{\"@type\":\"BreadcrumbList\",\"@id\":\"https:\/\/tourtravelandmore.com\/es\/tours\/reino-unido-es\/londres-es\/tour-privado-de-oxford-desde-londres\/#breadcrumb\",\"itemListElement\":[{\"@type\":\"ListItem\",\"position\":1,\"name\":\"Home\",\"item\":\"https:\/\/tourtravelandmore.com\/es\/\"},{\"@type\":\"ListItem\",\"position\":2,\"name\":\"Tours\",\"item\":\"https:\/\/tourtravelandmore.com\/es\/tours\/\"},{\"@type\":\"ListItem\",\"position\":3,\"name\":\"Tour privado de Oxford desde Londres\"}]},{\"@type\":\"WebSite\",\"@id\":\"https:\/\/tourtravelandmore.com\/es\/#website\",\"url\":\"https:\/\/tourtravelandmore.com\/es\/\",\"name\":\"Tour Travel And More\",\"description\":\"Private sightseeing tours and luxury transfers in Spain\",\"publisher\":{\"@id\":\"https:\/\/tourtravelandmore.com\/es\/#organization\"},\"potentialAction\":[{\"@type\":\"SearchAction\",\"target\":{\"@type\":\"EntryPoint\",\"urlTemplate\":\"https:\/\/tourtravelandmore.com\/es\/?s={search_term_string}\"},\"query-input\":{\"@type\":\"PropertyValueSpecification\",\"valueRequired\":true,\"valueName\":\"search_term_string\"}}],\"inLanguage\":\"es\"},{\"@type\":\"Organization\",\"@id\":\"https:\/\/tourtravelandmore.com\/es\/#organization\",\"name\":\"Tour Travel And More\",\"url\":\"https:\/\/tourtravelandmore.com\/es\/\",\"logo\":{\"@type\":\"ImageObject\",\"inLanguage\":\"es\",\"@id\":\"https:\/\/tourtravelandmore.com\/es\/#\/schema\/logo\/image\/\",\"url\":\"https:\/\/tourtravelandmore.com\/wp-content\/uploads\/2022\/12\/cropped-logo-cabecera-new.png\",\"contentUrl\":\"https:\/\/tourtravelandmore.com\/wp-content\/uploads\/2022\/12\/cropped-logo-cabecera-new.png\",\"width\":430,\"height\":61,\"caption\":\"Tour Travel And More\"},\"image\":{\"@id\":\"https:\/\/tourtravelandmore.com\/es\/#\/schema\/logo\/image\/\"},\"sameAs\":[\"https:\/\/www.facebook.com\/tourtravelandmore\/\",\"https:\/\/x.com\/TourTravel_More\"]}]}<\/script>\n<!-- \/ Yoast SEO Premium plugin. -->","yoast_head_json":{"title":"\u27a1\ufe0f Tour privado de Oxford desde Londres con gu\u00eda privado | Tour Travel & More","description":"S\u00e1cale el m\u00e1ximo provecho a tu viaje por el Reino Unido y disfruta este tour privado a Oxford desde Londres para que explores todos los tesoros que encierra esta emblem\u00e1tica e hist\u00f3rica ciudad \u2705","robots":{"index":"index","follow":"follow","max-snippet":"max-snippet:-1","max-image-preview":"max-image-preview:large","max-video-preview":"max-video-preview:-1"},"canonical":"https:\/\/tourtravelandmore.com\/es\/tours\/reino-unido-es\/londres-es\/tour-privado-de-oxford-desde-londres\/","og_locale":"es_ES","og_type":"article","og_title":"Tour privado de Oxford desde Londres","og_description":"S\u00e1cale el m\u00e1ximo provecho a tu viaje por el Reino Unido y disfruta este tour privado a Oxford desde Londres para que explores todos los tesoros que encierra esta emblem\u00e1tica e hist\u00f3rica ciudad \u2705","og_url":"https:\/\/tourtravelandmore.com\/es\/tours\/reino-unido-es\/londres-es\/tour-privado-de-oxford-desde-londres\/","og_site_name":"Tour Travel And More","article_publisher":"https:\/\/www.facebook.com\/tourtravelandmore\/","article_modified_time":"2024-04-04T13:26:24+00:00","og_image":[{"width":900,"height":680,"url":"https:\/\/tourtravelandmore.com\/wp-content\/uploads\/2022\/04\/image5-5.jpg","type":"image\/jpeg"}],"twitter_card":"summary_large_image","twitter_site":"@TourTravel_More","twitter_misc":{"Tiempo de lectura":"3 minutos"},"schema":{"@context":"https:\/\/schema.org","@graph":[{"@type":"WebPage","@id":"https:\/\/tourtravelandmore.com\/es\/tours\/reino-unido-es\/londres-es\/tour-privado-de-oxford-desde-londres\/","url":"https:\/\/tourtravelandmore.com\/es\/tours\/reino-unido-es\/londres-es\/tour-privado-de-oxford-desde-londres\/","name":"\u27a1\ufe0f Tour privado de Oxford desde Londres con gu\u00eda privado | Tour Travel & More","isPartOf":{"@id":"https:\/\/tourtravelandmore.com\/es\/#website"},"primaryImageOfPage":{"@id":"https:\/\/tourtravelandmore.com\/es\/tours\/reino-unido-es\/londres-es\/tour-privado-de-oxford-desde-londres\/#primaryimage"},"image":{"@id":"https:\/\/tourtravelandmore.com\/es\/tours\/reino-unido-es\/londres-es\/tour-privado-de-oxford-desde-londres\/#primaryimage"},"thumbnailUrl":"https:\/\/tourtravelandmore.com\/wp-content\/uploads\/2022\/04\/image5-5.jpg","datePublished":"2022-04-09T16:33:49+00:00","dateModified":"2024-04-04T13:26:24+00:00","description":"S\u00e1cale el m\u00e1ximo provecho a tu viaje por el Reino Unido y disfruta este tour privado a Oxford desde Londres para que explores todos los tesoros que encierra esta emblem\u00e1tica e hist\u00f3rica ciudad \u2705","breadcrumb":{"@id":"https:\/\/tourtravelandmore.com\/es\/tours\/reino-unido-es\/londres-es\/tour-privado-de-oxford-desde-londres\/#breadcrumb"},"inLanguage":"es","potentialAction":[{"@type":"ReadAction","target":["https:\/\/tourtravelandmore.com\/es\/tours\/reino-unido-es\/londres-es\/tour-privado-de-oxford-desde-londres\/"]}]},{"@type":"ImageObject","inLanguage":"es","@id":"https:\/\/tourtravelandmore.com\/es\/tours\/reino-unido-es\/londres-es\/tour-privado-de-oxford-desde-londres\/#primaryimage","url":"https:\/\/tourtravelandmore.com\/wp-content\/uploads\/2022\/04\/image5-5.jpg","contentUrl":"https:\/\/tourtravelandmore.com\/wp-content\/uploads\/2022\/04\/image5-5.jpg","width":900,"height":680},{"@type":"BreadcrumbList","@id":"https:\/\/tourtravelandmore.com\/es\/tours\/reino-unido-es\/londres-es\/tour-privado-de-oxford-desde-londres\/#breadcrumb","itemListElement":[{"@type":"ListItem","position":1,"name":"Home","item":"https:\/\/tourtravelandmore.com\/es\/"},{"@type":"ListItem","position":2,"name":"Tours","item":"https:\/\/tourtravelandmore.com\/es\/tours\/"},{"@type":"ListItem","position":3,"name":"Tour privado de Oxford desde Londres"}]},{"@type":"WebSite","@id":"https:\/\/tourtravelandmore.com\/es\/#website","url":"https:\/\/tourtravelandmore.com\/es\/","name":"Tour Travel And More","description":"Private sightseeing tours and luxury transfers in Spain","publisher":{"@id":"https:\/\/tourtravelandmore.com\/es\/#organization"},"potentialAction":[{"@type":"SearchAction","target":{"@type":"EntryPoint","urlTemplate":"https:\/\/tourtravelandmore.com\/es\/?s={search_term_string}"},"query-input":{"@type":"PropertyValueSpecification","valueRequired":true,"valueName":"search_term_string"}}],"inLanguage":"es"},{"@type":"Organization","@id":"https:\/\/tourtravelandmore.com\/es\/#organization","name":"Tour Travel And More","url":"https:\/\/tourtravelandmore.com\/es\/","logo":{"@type":"ImageObject","inLanguage":"es","@id":"https:\/\/tourtravelandmore.com\/es\/#\/schema\/logo\/image\/","url":"https:\/\/tourtravelandmore.com\/wp-content\/uploads\/2022\/12\/cropped-logo-cabecera-new.png","contentUrl":"https:\/\/tourtravelandmore.com\/wp-content\/uploads\/2022\/12\/cropped-logo-cabecera-new.png","width":430,"height":61,"caption":"Tour Travel And More"},"image":{"@id":"https:\/\/tourtravelandmore.com\/es\/#\/schema\/logo\/image\/"},"sameAs":["https:\/\/www.facebook.com\/tourtravelandmore\/","https:\/\/x.com\/TourTravel_More"]}]}},"_links":{"self":[{"href":"https:\/\/tourtravelandmore.com\/es\/wp-json\/wp\/v2\/product\/122865","targetHints":{"allow":["GET"]}}],"collection":[{"href":"https:\/\/tourtravelandmore.com\/es\/wp-json\/wp\/v2\/product"}],"about":[{"href":"https:\/\/tourtravelandmore.com\/es\/wp-json\/wp\/v2\/types\/product"}],"replies":[{"embeddable":true,"href":"https:\/\/tourtravelandmore.com\/es\/wp-json\/wp\/v2\/comments?post=122865"}],"wp:featuredmedia":[{"embeddable":true,"href":"https:\/\/tourtravelandmore.com\/es\/wp-json\/wp\/v2\/media\/122893"}],"wp:attachment":[{"href":"https:\/\/tourtravelandmore.com\/es\/wp-json\/wp\/v2\/media?parent=122865"}],"wp:term":[{"taxonomy":"product_brand","embeddable":true,"href":"https:\/\/tourtravelandmore.com\/es\/wp-json\/wp\/v2\/product_brand?post=122865"},{"taxonomy":"product_cat","embeddable":true,"href":"https:\/\/tourtravelandmore.com\/es\/wp-json\/wp\/v2\/product_cat?post=122865"},{"taxonomy":"product_tag","embeddable":true,"href":"https:\/\/tourtravelandmore.com\/es\/wp-json\/wp\/v2\/product_tag?post=122865"}],"curies":[{"name":"wp","href":"https:\/\/api.w.org\/{rel}","templated":true}]}}