{"id":122822,"date":"2022-04-09T18:03:07","date_gmt":"2022-04-09T16:03:07","guid":{"rendered":"https:\/\/tourtravelandmore.com\/?post_type=product&#038;p=122822"},"modified":"2024-04-05T19:52:22","modified_gmt":"2024-04-05T17:52:22","slug":"tour-privado-westminster-abbey","status":"publish","type":"product","link":"https:\/\/tourtravelandmore.com\/es\/tours\/reino-unido-es\/londres-es\/tour-privado-westminster-abbey\/","title":{"rendered":"Tour privado a pie por Westminster Abbey"},"content":{"rendered":"<h2><b>Descripci\u00f3n del Tour privado a pie por Westminster Abbey<\/b><\/h2>\n<p><span style=\"font-weight: 400;\">La Abad\u00eda de Westminster es uno de los edificios g\u00f3ticos m\u00e1s importantes del Reino Unido, el cual ha sido la iglesia de la coronaci\u00f3n desde el a\u00f1o 1066.\u00a0<\/span><\/p>\n<p><span style=\"font-weight: 400;\">Este <\/span><b>tour privado por la Abad\u00eda de Westminster<\/b><span style=\"font-weight: 400;\"> te mostrar\u00e1 cada uno de los rincones de este monumento que tiene gran importancia hist\u00f3rica a nivel mundial.<\/span><\/p>\n<p><span style=\"font-weight: 400;\">Esta abad\u00eda fue testigo de la coronaci\u00f3n de Guillermo el Conquistador en el a\u00f1o 1066, y desde entonces ha sido el lugar oficial para las bodas, coronaciones y distintos actos religiosos de la realeza inglesa.\u00a0<\/span><\/p>\n<p><span style=\"font-weight: 400;\">Se trata de una <\/span><b>excursi\u00f3n guiada<\/b> <b>de 2 horas con entradas exclusivas<\/b><span style=\"font-weight: 400;\"> para que explores junto a un gu\u00eda privado experto en arte e historia todos los tesoros de la abad\u00eda, como, por ejemplo,\u00a0 la Silla de San Eduardo; tambi\u00e9n en donde estuvo la piedra del destino, el rinc\u00f3n de los poetas, el Altar mayor\u00a0 y mucho otros sitios m\u00e1s.\u00a0<\/span><\/p>\n<p><span style=\"font-weight: 400;\">Vas a recorrer a tu ritmo el lugar en el cual fue coronada la Reina Isabel II, y en donde tambi\u00e9n fue la boda del pr\u00edncipe William y Kate.\u00a0<\/span><\/p>\n<p><span style=\"font-weight: 400;\">Todo <\/span><b>este tour es personalizado<\/b><span style=\"font-weight: 400;\">; por eso, puedes acordar con el gu\u00eda el punto de encuentro cerca de la Abad\u00eda.\u00a0<\/span><\/p>\n<p><span style=\"font-weight: 400;\">Al finalizar el paseo, el gu\u00eda ir\u00e1 contigo hasta el punto acordado para que sigas con tu paseo por Londres con toda la comodidad posible.\u00a0<\/span><\/p>\n<h2><b>Puntos de inter\u00e9s del Tour privado a pie por Westminster Abbey<\/b><\/h2>\n<p><span style=\"font-weight: 400;\">La Abad\u00eda de Westminster es una de las atracciones m\u00e1s populares y llamativas de Londres. Adem\u00e1s, es un monumento famoso por su incre\u00edble arquitectura, sus coronaciones y las bodas reales.\u00a0<\/span><\/p>\n<p><span style=\"font-weight: 400;\">Visita de manera exclusiva los lugares en los que se ha enterrado y casado a distintos reyes, reinas y pr\u00edncipes durante muchos siglos. Igualmente, estar\u00e1s en compa\u00f1\u00eda de un gu\u00eda privado que te llevar\u00e1 a recorrer los siguientes puntos de inter\u00e9s:\u00a0<\/span><\/p>\n<h3><span style=\"color: #d3af37;\"><b>El Trono de San Eduardo\u00a0<\/b><\/span><\/h3>\n<p><span style=\"font-weight: 400;\">Uno de los lugares m\u00e1s emblem\u00e1ticos de la abad\u00eda de Westminster es la Silla o el Trono de San Eduardo.\u00a0<\/span><\/p>\n<p><span style=\"font-weight: 400;\">Este trono fue hecho en el a\u00f1o 1296 por el rey Eduardo I, y en el interior de la estructura albergaba un trozo de la piedra de Scone en la cual se hab\u00edan coronado todos los reyes de Gran Breta\u00f1a hasta 1066.<\/span><\/p>\n<h3><span style=\"color: #d3af37;\"><b>El rinc\u00f3n de los poetas<\/b><\/span><\/h3>\n<p><span style=\"font-weight: 400;\">Tambi\u00e9n conocido como \u201cel cementerio de los genios\u201d, en este punto de la abad\u00eda est\u00e1n los restos, tumbas y monumentos de grandes e ilustres personajes de renombre mundial como William Shakespeare, Oscar Wilde, Charles Darwin, Isaac Newton, Stephen Hawking, entre otros.\u00a0<\/span><\/p>\n<p><span style=\"font-weight: 400;\">Indudablemente, ese es un lugar muy llamativo y de un gran valor hist\u00f3rico y cultural.\u00a0<\/span><\/p>\n<h3><b><span style=\"color: #d3af37;\">La sala Capitular<\/span>\u00a0<\/b><\/h3>\n<p><span style=\"font-weight: 400;\">Este es uno de los monumentos que m\u00e1s llama la atenci\u00f3n dentro de la abad\u00eda por la belleza y composici\u00f3n octogonal que adorna sus b\u00f3vedas.\u00a0<\/span><\/p>\n<p><span style=\"font-weight: 400;\">Adem\u00e1s, en esta sala ver\u00e1s los mosaicos originales que su utilizaron para su decoraci\u00f3n en el siglo XIII.\u00a0<\/span><\/p>\n<h3><span style=\"color: #d3af37;\"><b>La Capilla Lady Chapel<\/b><\/span><\/h3>\n<p><span style=\"font-weight: 400;\">A esta capilla tambi\u00e9n se le llama \u201cla capilla de Enrique VII\u201d y es una estructura fascinante repleta de detalles de gran valor arquitect\u00f3nico, como sus paredes abovedadas y adornadas por distintas figuras de santos.\u00a0\u00a0<\/span><\/p>\n<p><span style=\"font-weight: 400;\">Tambi\u00e9n, el gu\u00eda privado te llevar\u00e1 a conocer los siguientes lugares dentro de la abad\u00eda:\u00a0<\/span><\/p>\n<ul>\n<li><b>El Altar Mayor.\u00a0<\/b><\/li>\n<li><b>El sepulcro de Eduardo el Confesor.\u00a0<\/b><\/li>\n<li><b>Los claustros y jardines.<\/b><\/li>\n<\/ul>\n<p><span style=\"font-weight: 400;\">Finalmente, nuestro gu\u00eda privado te acompa\u00f1ar\u00e1 hasta la entrada de la Abad\u00eda de Westminster.\u00a0<\/span><\/p>\n<p><span style=\"font-weight: 400;\">Si quieres tener un contacto m\u00e1s cercano con la historia del Reino Unido, puedes complementar tu visita con un <\/span><b>t<a href=\"https:\/\/tourtravelandmore.com\/es\/tours\/reino-unido-es\/londres-es\/tour-privado-del-british-museum\/\">our privado del British Museum<\/a><\/b><span style=\"font-weight: 400;\">.<\/span><\/p>\n","protected":false},"excerpt":{"rendered":"<p><span style=\"font-weight: 400;\">Aprovecha al m\u00e1ximo tu tiempo en Londres y explora la Abad\u00eda de Westminster,\u00a0 el lugar en el cual se realizan las coronaciones y los sepelios de los monarcas brit\u00e1nicos. Tambi\u00e9n, ver\u00e1s el trono medieval de San Eduardo, las tumbas de distintos personajes de gran importancia en Gran Breta\u00f1a y muchos otros atractivos de gran valor hist\u00f3rico.<\/span><\/p>\n","protected":false},"featured_media":122847,"comment_status":"open","ping_status":"closed","template":"","meta":{"_acf_changed":false},"product_brand":[],"product_cat":[1603,1142,1151,1150],"product_tag":[],"class_list":{"0":"post-122822","1":"product","2":"type-product","3":"status-publish","4":"has-post-thumbnail","6":"product_cat-reino-unido-es","7":"product_cat-londres-es","8":"product_cat-londres-actividades-es","9":"product_cat-londres-tours-es","11":"first","12":"instock","13":"shipping-taxable","14":"purchasable","15":"product-type-simple"},"acf":[],"yoast_head":"<!-- This site is optimized with the Yoast SEO Premium plugin v25.3.1 (Yoast SEO v25.3.1) - https:\/\/yoast.com\/wordpress\/plugins\/seo\/ -->\n<title>\u27a1\ufe0f Tour privado a la Westminster Abbey con un gu\u00eda oficial | Tour Travel &amp; More<\/title>\n<meta name=\"description\" content=\"Explora la Abad\u00eda de Westminster en un tour privado para que descubras el sitio oficial de las coronaciones, bodas y sepelios de la Familia Real brit\u00e1nica \u2705\" \/>\n<meta name=\"robots\" content=\"index, follow, max-snippet:-1, max-image-preview:large, max-video-preview:-1\" \/>\n<link rel=\"canonical\" href=\"https:\/\/tourtravelandmore.com\/es\/tours\/reino-unido-es\/londres-es\/tour-privado-westminster-abbey\/\" \/>\n<meta property=\"og:locale\" content=\"es_ES\" \/>\n<meta property=\"og:type\" content=\"article\" \/>\n<meta property=\"og:title\" content=\"Tour privado a pie por Westminster Abbey\" \/>\n<meta property=\"og:description\" content=\"Explora la Abad\u00eda de Westminster en un tour privado para que descubras el sitio oficial de las coronaciones, bodas y sepelios de la Familia Real brit\u00e1nica \u2705\" \/>\n<meta property=\"og:url\" content=\"https:\/\/tourtravelandmore.com\/es\/tours\/reino-unido-es\/londres-es\/tour-privado-westminster-abbey\/\" \/>\n<meta property=\"og:site_name\" content=\"Tour Travel And More\" \/>\n<meta property=\"article:publisher\" content=\"https:\/\/www.facebook.com\/tourtravelandmore\/\" \/>\n<meta property=\"article:modified_time\" content=\"2024-04-05T17:52:22+00:00\" \/>\n<meta property=\"og:image\" content=\"https:\/\/tourtravelandmore.com\/wp-content\/uploads\/2022\/04\/image4-3.jpg\" \/>\n\t<meta property=\"og:image:width\" content=\"900\" \/>\n\t<meta property=\"og:image:height\" content=\"680\" \/>\n\t<meta property=\"og:image:type\" content=\"image\/jpeg\" \/>\n<meta name=\"twitter:card\" content=\"summary_large_image\" \/>\n<meta name=\"twitter:site\" content=\"@TourTravel_More\" \/>\n<meta name=\"twitter:label1\" content=\"Tiempo de lectura\" \/>\n\t<meta name=\"twitter:data1\" content=\"3 minutos\" \/>\n<script type=\"application\/ld+json\" class=\"yoast-schema-graph\">{\"@context\":\"https:\/\/schema.org\",\"@graph\":[{\"@type\":\"WebPage\",\"@id\":\"https:\/\/tourtravelandmore.com\/es\/tours\/reino-unido-es\/londres-es\/tour-privado-westminster-abbey\/\",\"url\":\"https:\/\/tourtravelandmore.com\/es\/tours\/reino-unido-es\/londres-es\/tour-privado-westminster-abbey\/\",\"name\":\"\u27a1\ufe0f Tour privado a la Westminster Abbey con un gu\u00eda oficial | Tour Travel & More\",\"isPartOf\":{\"@id\":\"https:\/\/tourtravelandmore.com\/es\/#website\"},\"primaryImageOfPage\":{\"@id\":\"https:\/\/tourtravelandmore.com\/es\/tours\/reino-unido-es\/londres-es\/tour-privado-westminster-abbey\/#primaryimage\"},\"image\":{\"@id\":\"https:\/\/tourtravelandmore.com\/es\/tours\/reino-unido-es\/londres-es\/tour-privado-westminster-abbey\/#primaryimage\"},\"thumbnailUrl\":\"https:\/\/tourtravelandmore.com\/wp-content\/uploads\/2022\/04\/image4-3.jpg\",\"datePublished\":\"2022-04-09T16:03:07+00:00\",\"dateModified\":\"2024-04-05T17:52:22+00:00\",\"description\":\"Explora la Abad\u00eda de Westminster en un tour privado para que descubras el sitio oficial de las coronaciones, bodas y sepelios de la Familia Real brit\u00e1nica \u2705\",\"breadcrumb\":{\"@id\":\"https:\/\/tourtravelandmore.com\/es\/tours\/reino-unido-es\/londres-es\/tour-privado-westminster-abbey\/#breadcrumb\"},\"inLanguage\":\"es\",\"potentialAction\":[{\"@type\":\"ReadAction\",\"target\":[\"https:\/\/tourtravelandmore.com\/es\/tours\/reino-unido-es\/londres-es\/tour-privado-westminster-abbey\/\"]}]},{\"@type\":\"ImageObject\",\"inLanguage\":\"es\",\"@id\":\"https:\/\/tourtravelandmore.com\/es\/tours\/reino-unido-es\/londres-es\/tour-privado-westminster-abbey\/#primaryimage\",\"url\":\"https:\/\/tourtravelandmore.com\/wp-content\/uploads\/2022\/04\/image4-3.jpg\",\"contentUrl\":\"https:\/\/tourtravelandmore.com\/wp-content\/uploads\/2022\/04\/image4-3.jpg\",\"width\":900,\"height\":680},{\"@type\":\"BreadcrumbList\",\"@id\":\"https:\/\/tourtravelandmore.com\/es\/tours\/reino-unido-es\/londres-es\/tour-privado-westminster-abbey\/#breadcrumb\",\"itemListElement\":[{\"@type\":\"ListItem\",\"position\":1,\"name\":\"Home\",\"item\":\"https:\/\/tourtravelandmore.com\/es\/\"},{\"@type\":\"ListItem\",\"position\":2,\"name\":\"Tours\",\"item\":\"https:\/\/tourtravelandmore.com\/es\/tours\/\"},{\"@type\":\"ListItem\",\"position\":3,\"name\":\"Tour privado a pie por Westminster Abbey\"}]},{\"@type\":\"WebSite\",\"@id\":\"https:\/\/tourtravelandmore.com\/es\/#website\",\"url\":\"https:\/\/tourtravelandmore.com\/es\/\",\"name\":\"Tour Travel And More\",\"description\":\"Private sightseeing tours and luxury transfers in Spain\",\"publisher\":{\"@id\":\"https:\/\/tourtravelandmore.com\/es\/#organization\"},\"potentialAction\":[{\"@type\":\"SearchAction\",\"target\":{\"@type\":\"EntryPoint\",\"urlTemplate\":\"https:\/\/tourtravelandmore.com\/es\/?s={search_term_string}\"},\"query-input\":{\"@type\":\"PropertyValueSpecification\",\"valueRequired\":true,\"valueName\":\"search_term_string\"}}],\"inLanguage\":\"es\"},{\"@type\":\"Organization\",\"@id\":\"https:\/\/tourtravelandmore.com\/es\/#organization\",\"name\":\"Tour Travel And More\",\"url\":\"https:\/\/tourtravelandmore.com\/es\/\",\"logo\":{\"@type\":\"ImageObject\",\"inLanguage\":\"es\",\"@id\":\"https:\/\/tourtravelandmore.com\/es\/#\/schema\/logo\/image\/\",\"url\":\"https:\/\/tourtravelandmore.com\/wp-content\/uploads\/2022\/12\/cropped-logo-cabecera-new.png\",\"contentUrl\":\"https:\/\/tourtravelandmore.com\/wp-content\/uploads\/2022\/12\/cropped-logo-cabecera-new.png\",\"width\":430,\"height\":61,\"caption\":\"Tour Travel And More\"},\"image\":{\"@id\":\"https:\/\/tourtravelandmore.com\/es\/#\/schema\/logo\/image\/\"},\"sameAs\":[\"https:\/\/www.facebook.com\/tourtravelandmore\/\",\"https:\/\/x.com\/TourTravel_More\"]}]}<\/script>\n<!-- \/ Yoast SEO Premium plugin. -->","yoast_head_json":{"title":"\u27a1\ufe0f Tour privado a la Westminster Abbey con un gu\u00eda oficial | Tour Travel & More","description":"Explora la Abad\u00eda de Westminster en un tour privado para que descubras el sitio oficial de las coronaciones, bodas y sepelios de la Familia Real brit\u00e1nica \u2705","robots":{"index":"index","follow":"follow","max-snippet":"max-snippet:-1","max-image-preview":"max-image-preview:large","max-video-preview":"max-video-preview:-1"},"canonical":"https:\/\/tourtravelandmore.com\/es\/tours\/reino-unido-es\/londres-es\/tour-privado-westminster-abbey\/","og_locale":"es_ES","og_type":"article","og_title":"Tour privado a pie por Westminster Abbey","og_description":"Explora la Abad\u00eda de Westminster en un tour privado para que descubras el sitio oficial de las coronaciones, bodas y sepelios de la Familia Real brit\u00e1nica \u2705","og_url":"https:\/\/tourtravelandmore.com\/es\/tours\/reino-unido-es\/londres-es\/tour-privado-westminster-abbey\/","og_site_name":"Tour Travel And More","article_publisher":"https:\/\/www.facebook.com\/tourtravelandmore\/","article_modified_time":"2024-04-05T17:52:22+00:00","og_image":[{"width":900,"height":680,"url":"https:\/\/tourtravelandmore.com\/wp-content\/uploads\/2022\/04\/image4-3.jpg","type":"image\/jpeg"}],"twitter_card":"summary_large_image","twitter_site":"@TourTravel_More","twitter_misc":{"Tiempo de lectura":"3 minutos"},"schema":{"@context":"https:\/\/schema.org","@graph":[{"@type":"WebPage","@id":"https:\/\/tourtravelandmore.com\/es\/tours\/reino-unido-es\/londres-es\/tour-privado-westminster-abbey\/","url":"https:\/\/tourtravelandmore.com\/es\/tours\/reino-unido-es\/londres-es\/tour-privado-westminster-abbey\/","name":"\u27a1\ufe0f Tour privado a la Westminster Abbey con un gu\u00eda oficial | Tour Travel & More","isPartOf":{"@id":"https:\/\/tourtravelandmore.com\/es\/#website"},"primaryImageOfPage":{"@id":"https:\/\/tourtravelandmore.com\/es\/tours\/reino-unido-es\/londres-es\/tour-privado-westminster-abbey\/#primaryimage"},"image":{"@id":"https:\/\/tourtravelandmore.com\/es\/tours\/reino-unido-es\/londres-es\/tour-privado-westminster-abbey\/#primaryimage"},"thumbnailUrl":"https:\/\/tourtravelandmore.com\/wp-content\/uploads\/2022\/04\/image4-3.jpg","datePublished":"2022-04-09T16:03:07+00:00","dateModified":"2024-04-05T17:52:22+00:00","description":"Explora la Abad\u00eda de Westminster en un tour privado para que descubras el sitio oficial de las coronaciones, bodas y sepelios de la Familia Real brit\u00e1nica \u2705","breadcrumb":{"@id":"https:\/\/tourtravelandmore.com\/es\/tours\/reino-unido-es\/londres-es\/tour-privado-westminster-abbey\/#breadcrumb"},"inLanguage":"es","potentialAction":[{"@type":"ReadAction","target":["https:\/\/tourtravelandmore.com\/es\/tours\/reino-unido-es\/londres-es\/tour-privado-westminster-abbey\/"]}]},{"@type":"ImageObject","inLanguage":"es","@id":"https:\/\/tourtravelandmore.com\/es\/tours\/reino-unido-es\/londres-es\/tour-privado-westminster-abbey\/#primaryimage","url":"https:\/\/tourtravelandmore.com\/wp-content\/uploads\/2022\/04\/image4-3.jpg","contentUrl":"https:\/\/tourtravelandmore.com\/wp-content\/uploads\/2022\/04\/image4-3.jpg","width":900,"height":680},{"@type":"BreadcrumbList","@id":"https:\/\/tourtravelandmore.com\/es\/tours\/reino-unido-es\/londres-es\/tour-privado-westminster-abbey\/#breadcrumb","itemListElement":[{"@type":"ListItem","position":1,"name":"Home","item":"https:\/\/tourtravelandmore.com\/es\/"},{"@type":"ListItem","position":2,"name":"Tours","item":"https:\/\/tourtravelandmore.com\/es\/tours\/"},{"@type":"ListItem","position":3,"name":"Tour privado a pie por Westminster Abbey"}]},{"@type":"WebSite","@id":"https:\/\/tourtravelandmore.com\/es\/#website","url":"https:\/\/tourtravelandmore.com\/es\/","name":"Tour Travel And More","description":"Private sightseeing tours and luxury transfers in Spain","publisher":{"@id":"https:\/\/tourtravelandmore.com\/es\/#organization"},"potentialAction":[{"@type":"SearchAction","target":{"@type":"EntryPoint","urlTemplate":"https:\/\/tourtravelandmore.com\/es\/?s={search_term_string}"},"query-input":{"@type":"PropertyValueSpecification","valueRequired":true,"valueName":"search_term_string"}}],"inLanguage":"es"},{"@type":"Organization","@id":"https:\/\/tourtravelandmore.com\/es\/#organization","name":"Tour Travel And More","url":"https:\/\/tourtravelandmore.com\/es\/","logo":{"@type":"ImageObject","inLanguage":"es","@id":"https:\/\/tourtravelandmore.com\/es\/#\/schema\/logo\/image\/","url":"https:\/\/tourtravelandmore.com\/wp-content\/uploads\/2022\/12\/cropped-logo-cabecera-new.png","contentUrl":"https:\/\/tourtravelandmore.com\/wp-content\/uploads\/2022\/12\/cropped-logo-cabecera-new.png","width":430,"height":61,"caption":"Tour Travel And More"},"image":{"@id":"https:\/\/tourtravelandmore.com\/es\/#\/schema\/logo\/image\/"},"sameAs":["https:\/\/www.facebook.com\/tourtravelandmore\/","https:\/\/x.com\/TourTravel_More"]}]}},"_links":{"self":[{"href":"https:\/\/tourtravelandmore.com\/es\/wp-json\/wp\/v2\/product\/122822","targetHints":{"allow":["GET"]}}],"collection":[{"href":"https:\/\/tourtravelandmore.com\/es\/wp-json\/wp\/v2\/product"}],"about":[{"href":"https:\/\/tourtravelandmore.com\/es\/wp-json\/wp\/v2\/types\/product"}],"replies":[{"embeddable":true,"href":"https:\/\/tourtravelandmore.com\/es\/wp-json\/wp\/v2\/comments?post=122822"}],"wp:featuredmedia":[{"embeddable":true,"href":"https:\/\/tourtravelandmore.com\/es\/wp-json\/wp\/v2\/media\/122847"}],"wp:attachment":[{"href":"https:\/\/tourtravelandmore.com\/es\/wp-json\/wp\/v2\/media?parent=122822"}],"wp:term":[{"taxonomy":"product_brand","embeddable":true,"href":"https:\/\/tourtravelandmore.com\/es\/wp-json\/wp\/v2\/product_brand?post=122822"},{"taxonomy":"product_cat","embeddable":true,"href":"https:\/\/tourtravelandmore.com\/es\/wp-json\/wp\/v2\/product_cat?post=122822"},{"taxonomy":"product_tag","embeddable":true,"href":"https:\/\/tourtravelandmore.com\/es\/wp-json\/wp\/v2\/product_tag?post=122822"}],"curies":[{"name":"wp","href":"https:\/\/api.w.org\/{rel}","templated":true}]}}