{"id":122770,"date":"2022-04-09T17:28:19","date_gmt":"2022-04-09T15:28:20","guid":{"rendered":"https:\/\/tourtravelandmore.com\/?post_type=product&#038;p=122770"},"modified":"2024-04-25T20:35:24","modified_gmt":"2024-04-25T18:35:24","slug":"tour-privado-del-british-museum","status":"publish","type":"product","link":"https:\/\/tourtravelandmore.com\/es\/tours\/reino-unido-es\/londres-es\/tour-privado-del-british-museum\/","title":{"rendered":"Tour privado a pie del British Museum"},"content":{"rendered":"<h2><b>Descripci\u00f3n del Tour privado a pie del British Museum<\/b><\/h2>\n<p><span style=\"font-weight: 400;\">Pocos museos son tan famosos como el Museo Brit\u00e1nico, el cual es reconocido por sus incre\u00edbles colecciones de objetos que tienen un valor incalculable.<\/span><\/p>\n<p><span style=\"font-weight: 400;\">Esta galer\u00eda alberga tesoros procedentes de todo el mundo y que cuentan con varios miles de a\u00f1os de historia de la humanidad.\u00a0<\/span><\/p>\n<p><span style=\"font-weight: 400;\">Este emocionante <\/span><b>tour privado del British Museum<\/b><span style=\"font-weight: 400;\"> te llevar\u00e1 a recorrer este lugar \u00fanico. Adem\u00e1s, <\/span><b>estar\u00e1s con un gu\u00eda privado<\/b><span style=\"font-weight: 400;\"> para que\u00a0 disfrutes con calma y a tu ritmo algunos de los aspectos m\u00e1s destacados de este imponente museo.<\/span><\/p>\n<p><span style=\"font-weight: 400;\">Puedes acordar con el gu\u00eda el punto de encuentro cerca del museo para que inicies una incre\u00edble aventura, en la que estar\u00e1s en contacto con el pasado, el presente y el futuro a trav\u00e9s de distintas piezas art\u00edsticas.\u00a0\u00a0<\/span><\/p>\n<p><span style=\"font-weight: 400;\">Escucha las historias que hay detr\u00e1s de las exposiciones m\u00e1s populares en una <\/span><b>visita privada de 2 horas. <\/b><span style=\"font-weight: 400;\">Adem\u00e1s, no tendr\u00e1s que esperar para entrar al British Museum, puesto que nuestro tour privado <\/span><b>incluye entradas exclusivas<\/b><span style=\"font-weight: 400;\"> para ti, tus amigos o tus familiares.\u00a0<\/span><\/p>\n<p><span style=\"font-weight: 400;\">Aprender\u00e1s sobre los m\u00e1rmoles del Parten\u00f3n, ver\u00e1s la impresionante Piedra de Rosseta, la copia del Disc\u00f3bolo de Mir\u00f3n, muchas antig\u00fcedades asirias, griegas y asi\u00e1ticas, entre muchas otras joyas m\u00e1s de incalculable valor hist\u00f3rico y cultural.\u00a0<\/span><\/p>\n<p><span style=\"font-weight: 400;\">De hecho, el museo alberga una colecci\u00f3n de m\u00e1s de 8 millones de objetos que vienen de cada uno de los distintos continentes. Lo mejor de todo es que estar\u00e1s con el gu\u00eda privado quien te dar\u00e1 todos los detalles que necesitas sobre cada una de las piezas.\u00a0<\/span><\/p>\n<p><span style=\"font-weight: 400;\">Al finalizar el recorrido, nuestro gu\u00eda te acompa\u00f1ar\u00e1 de vuelta hasta la entrada del museo para que puedas seguir con tu paseo por la ciudad.\u00a0<\/span><\/p>\n<p><span style=\"font-weight: 400;\">Si quieres conocer Londres con m\u00e1s calma y profundidad, puedes optar por nuestro <\/span><b><a href=\"https:\/\/tourtravelandmore.com\/es\/tours\/reino-unido-es\/londres-es\/tour-privado-por-londres-con-guia-y-vehiculo\/\">tour privado por Londres con gu\u00eda y veh\u00edculo<\/a>.\u00a0 <\/b><span style=\"font-weight: 400;\">De esta manera, explorar\u00e1s la ciudad a tu propio ritmo.\u00a0<\/span><\/p>\n<h2><b>Puntos de inter\u00e9s del <\/b><b>Tour privado a pie del British Museum<\/b><\/h2>\n<p><span style=\"font-weight: 400;\">El Museo Brit\u00e1nico ha sido un tesoro de la experiencia humana desde su creaci\u00f3n en 1753. Adem\u00e1s, es una parada obligatoria para los amantes de la historia y el arte, ya que alberga una colecci\u00f3n asombrosa y diversa de distintas piezas que narran la historia y la cultura de la humanidad.\u00a0<\/span><\/p>\n<p><span style=\"font-weight: 400;\">En nuestro tour privado al British Museum vas a explorar casi un mill\u00f3n de a\u00f1os de historia, ya que tendr\u00e1s entradas exclusivas al museo y el gu\u00eda privado te llevar\u00e1 a conocer algunas de las piezas m\u00e1s destacadas como las siguientes:\u00a0<\/span><\/p>\n<ul>\n<li><b>Esculturas y ruinas del Parten\u00f3n de Grecia.<\/b><\/li>\n<li><b>La Piedra de Rosseta.\u00a0<\/b><\/li>\n<li><b>Obelisco de Nectanebo II.<\/b><\/li>\n<li><b>Piezas de mausoleos y Templos de Mesopotamia.\u00a0<\/b><\/li>\n<li><b>Arte Azteca.\u00a0<\/b><\/li>\n<li><b>Antig\u00fcedades prehist\u00f3ricas.\u00a0<\/b><\/li>\n<li><b>Colecci\u00f3n de momias de Egipto, entre muchos otros tesoros m\u00e1s.\u00a0<\/b><\/li>\n<\/ul>\n<p><span style=\"font-weight: 400;\">Tambi\u00e9n, vas a conocer las galer\u00edas brit\u00e1nicas, en las cuales se encuentra una gran cantidad de objetos, joyas y art\u00edculos que datan de distintas \u00e9pocas hist\u00f3ricas de Gran Breta\u00f1a. Esta es una imponente colecci\u00f3n que te dar\u00e1 una idea de la evoluci\u00f3n hist\u00f3rica de la sociedad inglesa y de las distintas aventuras que han vivido sus guerreros y exploradores.\u00a0<\/span><\/p>\n<p><span style=\"font-weight: 400;\">Cuando finalice este magn\u00edfico paseo por uno de los museos m\u00e1s universales del mundo, el gu\u00eda privado te llevar\u00e1 de vuelta hasta la entrada para que sigas con tu itinerario por la ciudad. <\/span><\/p>\n","protected":false},"excerpt":{"rendered":"<p><span style=\"font-weight: 400;\">Explora la maravillosa colecci\u00f3n de arte que existe en el British Museum, el cual se considera uno de los museos m\u00e1s importantes de todo el mundo. Ir\u00e1s con un gu\u00eda privado quien se encargar\u00e1 de explicarte cada detalle que hay detr\u00e1s de las exposiciones m\u00e1s populares, como los m\u00e1rmoles del Parten\u00f3n, las momias de Egipto y muchas otras maravillas m\u00e1s, en una visita privada de 2 horas.<\/span><\/p>\n","protected":false},"featured_media":122795,"comment_status":"open","ping_status":"closed","template":"","meta":{"_acf_changed":false},"product_brand":[],"product_cat":[1603,1142,1151,1150],"product_tag":[],"class_list":{"0":"post-122770","1":"product","2":"type-product","3":"status-publish","4":"has-post-thumbnail","6":"product_cat-reino-unido-es","7":"product_cat-londres-es","8":"product_cat-londres-actividades-es","9":"product_cat-londres-tours-es","11":"first","12":"instock","13":"shipping-taxable","14":"purchasable","15":"product-type-simple"},"acf":[],"yoast_head":"<!-- This site is optimized with the Yoast SEO Premium plugin v25.3.1 (Yoast SEO v25.3.1) - https:\/\/yoast.com\/wordpress\/plugins\/seo\/ -->\n<title>\u27a1\ufe0f Tour privado del British Museum con un gu\u00eda privado | Tour Travel &amp; More<\/title>\n<meta name=\"description\" content=\"Descubre las colecciones de arte e historia m\u00e1s sorprendentes del mundo en un tour privado por el British Museum en donde estar\u00e1s en compa\u00f1\u00eda de un gu\u00eda oficial privado \u2705\" \/>\n<meta name=\"robots\" content=\"index, follow, max-snippet:-1, max-image-preview:large, max-video-preview:-1\" \/>\n<link rel=\"canonical\" href=\"https:\/\/tourtravelandmore.com\/es\/tours\/reino-unido-es\/londres-es\/tour-privado-del-british-museum\/\" \/>\n<meta property=\"og:locale\" content=\"es_ES\" \/>\n<meta property=\"og:type\" content=\"article\" \/>\n<meta property=\"og:title\" content=\"Tour privado a pie del British Museum\" \/>\n<meta property=\"og:description\" content=\"Descubre las colecciones de arte e historia m\u00e1s sorprendentes del mundo en un tour privado por el British Museum en donde estar\u00e1s en compa\u00f1\u00eda de un gu\u00eda oficial privado \u2705\" \/>\n<meta property=\"og:url\" content=\"https:\/\/tourtravelandmore.com\/es\/tours\/reino-unido-es\/londres-es\/tour-privado-del-british-museum\/\" \/>\n<meta property=\"og:site_name\" content=\"Tour Travel And More\" \/>\n<meta property=\"article:publisher\" content=\"https:\/\/www.facebook.com\/tourtravelandmore\/\" \/>\n<meta property=\"article:modified_time\" content=\"2024-04-25T18:35:24+00:00\" \/>\n<meta property=\"og:image\" content=\"https:\/\/tourtravelandmore.com\/wp-content\/uploads\/2022\/04\/image3-3.jpg\" \/>\n\t<meta property=\"og:image:width\" content=\"900\" \/>\n\t<meta property=\"og:image:height\" content=\"680\" \/>\n\t<meta property=\"og:image:type\" content=\"image\/jpeg\" \/>\n<meta name=\"twitter:card\" content=\"summary_large_image\" \/>\n<meta name=\"twitter:site\" content=\"@TourTravel_More\" \/>\n<meta name=\"twitter:label1\" content=\"Tiempo de lectura\" \/>\n\t<meta name=\"twitter:data1\" content=\"3 minutos\" \/>\n<script type=\"application\/ld+json\" class=\"yoast-schema-graph\">{\"@context\":\"https:\/\/schema.org\",\"@graph\":[{\"@type\":\"WebPage\",\"@id\":\"https:\/\/tourtravelandmore.com\/es\/tours\/reino-unido-es\/londres-es\/tour-privado-del-british-museum\/\",\"url\":\"https:\/\/tourtravelandmore.com\/es\/tours\/reino-unido-es\/londres-es\/tour-privado-del-british-museum\/\",\"name\":\"\u27a1\ufe0f Tour privado del British Museum con un gu\u00eda privado | Tour Travel & More\",\"isPartOf\":{\"@id\":\"https:\/\/tourtravelandmore.com\/es\/#website\"},\"primaryImageOfPage\":{\"@id\":\"https:\/\/tourtravelandmore.com\/es\/tours\/reino-unido-es\/londres-es\/tour-privado-del-british-museum\/#primaryimage\"},\"image\":{\"@id\":\"https:\/\/tourtravelandmore.com\/es\/tours\/reino-unido-es\/londres-es\/tour-privado-del-british-museum\/#primaryimage\"},\"thumbnailUrl\":\"https:\/\/tourtravelandmore.com\/wp-content\/uploads\/2022\/04\/image3-3.jpg\",\"datePublished\":\"2022-04-09T15:28:20+00:00\",\"dateModified\":\"2024-04-25T18:35:24+00:00\",\"description\":\"Descubre las colecciones de arte e historia m\u00e1s sorprendentes del mundo en un tour privado por el British Museum en donde estar\u00e1s en compa\u00f1\u00eda de un gu\u00eda oficial privado \u2705\",\"breadcrumb\":{\"@id\":\"https:\/\/tourtravelandmore.com\/es\/tours\/reino-unido-es\/londres-es\/tour-privado-del-british-museum\/#breadcrumb\"},\"inLanguage\":\"es\",\"potentialAction\":[{\"@type\":\"ReadAction\",\"target\":[\"https:\/\/tourtravelandmore.com\/es\/tours\/reino-unido-es\/londres-es\/tour-privado-del-british-museum\/\"]}]},{\"@type\":\"ImageObject\",\"inLanguage\":\"es\",\"@id\":\"https:\/\/tourtravelandmore.com\/es\/tours\/reino-unido-es\/londres-es\/tour-privado-del-british-museum\/#primaryimage\",\"url\":\"https:\/\/tourtravelandmore.com\/wp-content\/uploads\/2022\/04\/image3-3.jpg\",\"contentUrl\":\"https:\/\/tourtravelandmore.com\/wp-content\/uploads\/2022\/04\/image3-3.jpg\",\"width\":900,\"height\":680},{\"@type\":\"BreadcrumbList\",\"@id\":\"https:\/\/tourtravelandmore.com\/es\/tours\/reino-unido-es\/londres-es\/tour-privado-del-british-museum\/#breadcrumb\",\"itemListElement\":[{\"@type\":\"ListItem\",\"position\":1,\"name\":\"Home\",\"item\":\"https:\/\/tourtravelandmore.com\/es\/\"},{\"@type\":\"ListItem\",\"position\":2,\"name\":\"Tours\",\"item\":\"https:\/\/tourtravelandmore.com\/es\/tours\/\"},{\"@type\":\"ListItem\",\"position\":3,\"name\":\"Tour privado a pie del British Museum\"}]},{\"@type\":\"WebSite\",\"@id\":\"https:\/\/tourtravelandmore.com\/es\/#website\",\"url\":\"https:\/\/tourtravelandmore.com\/es\/\",\"name\":\"Tour Travel And More\",\"description\":\"Private sightseeing tours and luxury transfers in Spain\",\"publisher\":{\"@id\":\"https:\/\/tourtravelandmore.com\/es\/#organization\"},\"potentialAction\":[{\"@type\":\"SearchAction\",\"target\":{\"@type\":\"EntryPoint\",\"urlTemplate\":\"https:\/\/tourtravelandmore.com\/es\/?s={search_term_string}\"},\"query-input\":{\"@type\":\"PropertyValueSpecification\",\"valueRequired\":true,\"valueName\":\"search_term_string\"}}],\"inLanguage\":\"es\"},{\"@type\":\"Organization\",\"@id\":\"https:\/\/tourtravelandmore.com\/es\/#organization\",\"name\":\"Tour Travel And More\",\"url\":\"https:\/\/tourtravelandmore.com\/es\/\",\"logo\":{\"@type\":\"ImageObject\",\"inLanguage\":\"es\",\"@id\":\"https:\/\/tourtravelandmore.com\/es\/#\/schema\/logo\/image\/\",\"url\":\"https:\/\/tourtravelandmore.com\/wp-content\/uploads\/2022\/12\/cropped-logo-cabecera-new.png\",\"contentUrl\":\"https:\/\/tourtravelandmore.com\/wp-content\/uploads\/2022\/12\/cropped-logo-cabecera-new.png\",\"width\":430,\"height\":61,\"caption\":\"Tour Travel And More\"},\"image\":{\"@id\":\"https:\/\/tourtravelandmore.com\/es\/#\/schema\/logo\/image\/\"},\"sameAs\":[\"https:\/\/www.facebook.com\/tourtravelandmore\/\",\"https:\/\/x.com\/TourTravel_More\"]}]}<\/script>\n<!-- \/ Yoast SEO Premium plugin. -->","yoast_head_json":{"title":"\u27a1\ufe0f Tour privado del British Museum con un gu\u00eda privado | Tour Travel & More","description":"Descubre las colecciones de arte e historia m\u00e1s sorprendentes del mundo en un tour privado por el British Museum en donde estar\u00e1s en compa\u00f1\u00eda de un gu\u00eda oficial privado \u2705","robots":{"index":"index","follow":"follow","max-snippet":"max-snippet:-1","max-image-preview":"max-image-preview:large","max-video-preview":"max-video-preview:-1"},"canonical":"https:\/\/tourtravelandmore.com\/es\/tours\/reino-unido-es\/londres-es\/tour-privado-del-british-museum\/","og_locale":"es_ES","og_type":"article","og_title":"Tour privado a pie del British Museum","og_description":"Descubre las colecciones de arte e historia m\u00e1s sorprendentes del mundo en un tour privado por el British Museum en donde estar\u00e1s en compa\u00f1\u00eda de un gu\u00eda oficial privado \u2705","og_url":"https:\/\/tourtravelandmore.com\/es\/tours\/reino-unido-es\/londres-es\/tour-privado-del-british-museum\/","og_site_name":"Tour Travel And More","article_publisher":"https:\/\/www.facebook.com\/tourtravelandmore\/","article_modified_time":"2024-04-25T18:35:24+00:00","og_image":[{"width":900,"height":680,"url":"https:\/\/tourtravelandmore.com\/wp-content\/uploads\/2022\/04\/image3-3.jpg","type":"image\/jpeg"}],"twitter_card":"summary_large_image","twitter_site":"@TourTravel_More","twitter_misc":{"Tiempo de lectura":"3 minutos"},"schema":{"@context":"https:\/\/schema.org","@graph":[{"@type":"WebPage","@id":"https:\/\/tourtravelandmore.com\/es\/tours\/reino-unido-es\/londres-es\/tour-privado-del-british-museum\/","url":"https:\/\/tourtravelandmore.com\/es\/tours\/reino-unido-es\/londres-es\/tour-privado-del-british-museum\/","name":"\u27a1\ufe0f Tour privado del British Museum con un gu\u00eda privado | Tour Travel & More","isPartOf":{"@id":"https:\/\/tourtravelandmore.com\/es\/#website"},"primaryImageOfPage":{"@id":"https:\/\/tourtravelandmore.com\/es\/tours\/reino-unido-es\/londres-es\/tour-privado-del-british-museum\/#primaryimage"},"image":{"@id":"https:\/\/tourtravelandmore.com\/es\/tours\/reino-unido-es\/londres-es\/tour-privado-del-british-museum\/#primaryimage"},"thumbnailUrl":"https:\/\/tourtravelandmore.com\/wp-content\/uploads\/2022\/04\/image3-3.jpg","datePublished":"2022-04-09T15:28:20+00:00","dateModified":"2024-04-25T18:35:24+00:00","description":"Descubre las colecciones de arte e historia m\u00e1s sorprendentes del mundo en un tour privado por el British Museum en donde estar\u00e1s en compa\u00f1\u00eda de un gu\u00eda oficial privado \u2705","breadcrumb":{"@id":"https:\/\/tourtravelandmore.com\/es\/tours\/reino-unido-es\/londres-es\/tour-privado-del-british-museum\/#breadcrumb"},"inLanguage":"es","potentialAction":[{"@type":"ReadAction","target":["https:\/\/tourtravelandmore.com\/es\/tours\/reino-unido-es\/londres-es\/tour-privado-del-british-museum\/"]}]},{"@type":"ImageObject","inLanguage":"es","@id":"https:\/\/tourtravelandmore.com\/es\/tours\/reino-unido-es\/londres-es\/tour-privado-del-british-museum\/#primaryimage","url":"https:\/\/tourtravelandmore.com\/wp-content\/uploads\/2022\/04\/image3-3.jpg","contentUrl":"https:\/\/tourtravelandmore.com\/wp-content\/uploads\/2022\/04\/image3-3.jpg","width":900,"height":680},{"@type":"BreadcrumbList","@id":"https:\/\/tourtravelandmore.com\/es\/tours\/reino-unido-es\/londres-es\/tour-privado-del-british-museum\/#breadcrumb","itemListElement":[{"@type":"ListItem","position":1,"name":"Home","item":"https:\/\/tourtravelandmore.com\/es\/"},{"@type":"ListItem","position":2,"name":"Tours","item":"https:\/\/tourtravelandmore.com\/es\/tours\/"},{"@type":"ListItem","position":3,"name":"Tour privado a pie del British Museum"}]},{"@type":"WebSite","@id":"https:\/\/tourtravelandmore.com\/es\/#website","url":"https:\/\/tourtravelandmore.com\/es\/","name":"Tour Travel And More","description":"Private sightseeing tours and luxury transfers in Spain","publisher":{"@id":"https:\/\/tourtravelandmore.com\/es\/#organization"},"potentialAction":[{"@type":"SearchAction","target":{"@type":"EntryPoint","urlTemplate":"https:\/\/tourtravelandmore.com\/es\/?s={search_term_string}"},"query-input":{"@type":"PropertyValueSpecification","valueRequired":true,"valueName":"search_term_string"}}],"inLanguage":"es"},{"@type":"Organization","@id":"https:\/\/tourtravelandmore.com\/es\/#organization","name":"Tour Travel And More","url":"https:\/\/tourtravelandmore.com\/es\/","logo":{"@type":"ImageObject","inLanguage":"es","@id":"https:\/\/tourtravelandmore.com\/es\/#\/schema\/logo\/image\/","url":"https:\/\/tourtravelandmore.com\/wp-content\/uploads\/2022\/12\/cropped-logo-cabecera-new.png","contentUrl":"https:\/\/tourtravelandmore.com\/wp-content\/uploads\/2022\/12\/cropped-logo-cabecera-new.png","width":430,"height":61,"caption":"Tour Travel And More"},"image":{"@id":"https:\/\/tourtravelandmore.com\/es\/#\/schema\/logo\/image\/"},"sameAs":["https:\/\/www.facebook.com\/tourtravelandmore\/","https:\/\/x.com\/TourTravel_More"]}]}},"_links":{"self":[{"href":"https:\/\/tourtravelandmore.com\/es\/wp-json\/wp\/v2\/product\/122770","targetHints":{"allow":["GET"]}}],"collection":[{"href":"https:\/\/tourtravelandmore.com\/es\/wp-json\/wp\/v2\/product"}],"about":[{"href":"https:\/\/tourtravelandmore.com\/es\/wp-json\/wp\/v2\/types\/product"}],"replies":[{"embeddable":true,"href":"https:\/\/tourtravelandmore.com\/es\/wp-json\/wp\/v2\/comments?post=122770"}],"wp:featuredmedia":[{"embeddable":true,"href":"https:\/\/tourtravelandmore.com\/es\/wp-json\/wp\/v2\/media\/122795"}],"wp:attachment":[{"href":"https:\/\/tourtravelandmore.com\/es\/wp-json\/wp\/v2\/media?parent=122770"}],"wp:term":[{"taxonomy":"product_brand","embeddable":true,"href":"https:\/\/tourtravelandmore.com\/es\/wp-json\/wp\/v2\/product_brand?post=122770"},{"taxonomy":"product_cat","embeddable":true,"href":"https:\/\/tourtravelandmore.com\/es\/wp-json\/wp\/v2\/product_cat?post=122770"},{"taxonomy":"product_tag","embeddable":true,"href":"https:\/\/tourtravelandmore.com\/es\/wp-json\/wp\/v2\/product_tag?post=122770"}],"curies":[{"name":"wp","href":"https:\/\/api.w.org\/{rel}","templated":true}]}}