{"id":122696,"date":"2022-04-09T11:57:25","date_gmt":"2022-04-09T09:57:29","guid":{"rendered":"https:\/\/tourtravelandmore.com\/?post_type=product&#038;p=122696"},"modified":"2024-04-04T18:52:05","modified_gmt":"2024-04-04T16:52:05","slug":"escala-en-londres-tour-privado-desde-el-aeropuerto","status":"publish","type":"product","link":"https:\/\/tourtravelandmore.com\/es\/tours\/reino-unido-es\/londres-es\/escala-en-londres-tour-privado-desde-el-aeropuerto\/","title":{"rendered":"\u00bfEscala en Londres? Tour privado desde el aeropuerto"},"content":{"rendered":"<h2><b>Descripci\u00f3n del Tour privado desde el aeropuerto<\/b><\/h2>\n<p><span style=\"font-weight: 400;\">\u00bfHar\u00e1s escala en el aeropuerto de Londres? Entonces, aprovecha este tour privado desde el aeropuerto para que visites los principales monumentos de la capital inglesa.\u00a0<\/span><\/p>\n<p><span style=\"font-weight: 400;\">Cuando llegues al aeropuerto, el chofer privado te estar\u00e1 esperando en la entrada con una identificaci\u00f3n para que no pierdas tiempo en tu paseo.\u00a0<\/span><\/p>\n<p><span style=\"font-weight: 400;\">Desde all\u00ed, <\/span><b>ir\u00e1s en un confortable coche de lujo <\/b><span style=\"font-weight: 400;\">a encontrarte con el gu\u00eda privado quien te llevar\u00e1 a visitar los lugares m\u00e1s atractivos e importantes de Londres como el Big Ben, el Palacio de Buckingham, Piccadilly Circus y mucho m\u00e1s.\u00a0<\/span><\/p>\n<p><span style=\"font-weight: 400;\">Se trata de una visita panor\u00e1mica, c\u00f3moda y sin contratiempos para que el gu\u00eda te describa los lugares m\u00e1s emblem\u00e1ticos. Igualmente, te dar\u00e1 datos divertidos e interesantes sobre cada uno de los puntos que recorras.\u00a0<\/span><\/p>\n<p><span style=\"font-weight: 400;\">Toma en cuenta que a la hora de tu escala debes agregarle el tiempo que exige el aeropuerto para abordar el vuelo (el cual es de 2 horas), m\u00e1s el recorrido para llegar al centro de la ciudad, que es de unos 90 minutos aproximadamente.\u00a0<\/span><\/p>\n<p><span style=\"font-weight: 400;\">Si viajas solo o con la familia y\u00a0 quieres descubrir la ciudad de una forma \u00fanica, este tour es para ti, ya que aprender\u00e1s mucho sobre Londres y su historia.<\/span><\/p>\n<h2><b>Puntos de inter\u00e9s en el tour privado<\/b><\/h2>\n<p><span style=\"font-weight: 400;\">Nuestro tour privado por Londres es perfecto para los viajeros que solamente disponen de unas horas para visitar la ciudad, pero que quieren aprovechar al m\u00e1ximo su escala.<\/span><\/p>\n<p><span style=\"font-weight: 400;\">Adem\u00e1s, esta excursi\u00f3n ser\u00e1 en un coche privado con un gu\u00eda oficial para que conozcas los siguientes puntos de inter\u00e9s:\u00a0<\/span><span style=\"font-weight: 400;\">\u00a0<\/span><\/p>\n<ul>\n<li aria-level=\"1\"><b>El Palacio de Buckingham.\u00a0<\/b><\/li>\n<li aria-level=\"1\"><b>Picadilly Circus.<\/b><\/li>\n<li aria-level=\"1\"><b>London Eye.\u00a0<\/b><\/li>\n<li aria-level=\"1\"><b>La Torre de Londres.<\/b><\/li>\n<li aria-level=\"1\"><b>El Big Ben.<\/b><\/li>\n<li aria-level=\"1\"><b>El Puente de la Torre.<\/b><\/li>\n<li aria-level=\"1\"><b>Borough Market.<\/b><\/li>\n<li aria-level=\"1\"><b>La Catedral de San Pablo.<\/b><\/li>\n<li aria-level=\"1\"><b>Covent Garden, Chinatown<\/b><\/li>\n<li aria-level=\"1\"><b>Mucho m\u00e1s.\u00a0<\/b><\/li>\n<\/ul>\n<p><span style=\"font-weight: 400;\">Cuando finalice cualquier de las opciones que elijas, el chofer te traslada de vuelta hasta el aeropuerto para que retomes sin demora tu itinerario de vuelo.\u00a0<\/span><\/p>\n<p><span style=\"font-weight: 400;\">Si planeas quedarte m\u00e1s tiempo en Londres, puedes revisar nuestra lista de<\/span><a href=\"https:\/\/tourtravelandmore.com\/es\/ciudad\/reino-unido-es\/londres-es\/\"><span style=\"font-weight: 400;\"> tours privados en la Ciudad de Londres.<\/span><\/a><\/p>\n","protected":false},"excerpt":{"rendered":"<table>\n<tbody>\n<tr>\n<td><span style=\"font-weight: 400;\">Si har\u00e1s escala en Londres, aprovecha tu tiempo y explora los lugares m\u00e1s emblem\u00e1ticos de la capital inglesa como el Picadilly Circus, el London Eye, Palacio de Buckingham y mucho m\u00e1s. Tendr\u00e1s el traslado exclusivo en un coche de lujo y estar\u00e1s con un gu\u00eda oficial privado para conocer cada detalle de esta incre\u00edble ciudad.\u00a0<\/span><\/td>\n<\/tr>\n<\/tbody>\n<\/table>\n","protected":false},"featured_media":122575,"comment_status":"open","ping_status":"closed","template":"","meta":{"_acf_changed":false},"product_brand":[],"product_cat":[1603,1142,1151,1150],"product_tag":[],"class_list":{"0":"post-122696","1":"product","2":"type-product","3":"status-publish","4":"has-post-thumbnail","6":"product_cat-reino-unido-es","7":"product_cat-londres-es","8":"product_cat-londres-actividades-es","9":"product_cat-londres-tours-es","11":"first","12":"instock","13":"shipping-taxable","14":"purchasable","15":"product-type-simple"},"acf":[],"yoast_head":"<!-- This site is optimized with the Yoast SEO Premium plugin v25.3.1 (Yoast SEO v25.3.1) - https:\/\/yoast.com\/wordpress\/plugins\/seo\/ -->\n<title>\u27a1\ufe0f Tour privado desde el aeropuerto de Londres con traslado | Tour Travel &amp; More<\/title>\n<meta name=\"description\" content=\"No desperdicies ni un minuto de tu tiempo en Inglaterra. Si tienes escala en el aeropuerto de Londres \u2705\" \/>\n<meta name=\"robots\" content=\"index, follow, max-snippet:-1, max-image-preview:large, max-video-preview:-1\" \/>\n<link rel=\"canonical\" href=\"https:\/\/tourtravelandmore.com\/es\/tours\/reino-unido-es\/londres-es\/escala-en-londres-tour-privado-desde-el-aeropuerto\/\" \/>\n<meta property=\"og:locale\" content=\"es_ES\" \/>\n<meta property=\"og:type\" content=\"article\" \/>\n<meta property=\"og:title\" content=\"\u00bfEscala en Londres? Tour privado desde el aeropuerto\" \/>\n<meta property=\"og:description\" content=\"No desperdicies ni un minuto de tu tiempo en Inglaterra. Si tienes escala en el aeropuerto de Londres \u2705\" \/>\n<meta property=\"og:url\" content=\"https:\/\/tourtravelandmore.com\/es\/tours\/reino-unido-es\/londres-es\/escala-en-londres-tour-privado-desde-el-aeropuerto\/\" \/>\n<meta property=\"og:site_name\" content=\"Tour Travel And More\" \/>\n<meta property=\"article:publisher\" content=\"https:\/\/www.facebook.com\/tourtravelandmore\/\" \/>\n<meta property=\"article:modified_time\" content=\"2024-04-04T16:52:05+00:00\" \/>\n<meta property=\"og:image\" content=\"https:\/\/tourtravelandmore.com\/wp-content\/uploads\/2019\/03\/image4.jpg\" \/>\n\t<meta property=\"og:image:width\" content=\"900\" \/>\n\t<meta property=\"og:image:height\" content=\"680\" \/>\n\t<meta property=\"og:image:type\" content=\"image\/jpeg\" \/>\n<meta name=\"twitter:card\" content=\"summary_large_image\" \/>\n<meta name=\"twitter:site\" content=\"@TourTravel_More\" \/>\n<meta name=\"twitter:label1\" content=\"Tiempo de lectura\" \/>\n\t<meta name=\"twitter:data1\" content=\"3 minutos\" \/>\n<script type=\"application\/ld+json\" class=\"yoast-schema-graph\">{\"@context\":\"https:\/\/schema.org\",\"@graph\":[{\"@type\":\"WebPage\",\"@id\":\"https:\/\/tourtravelandmore.com\/es\/tours\/reino-unido-es\/londres-es\/escala-en-londres-tour-privado-desde-el-aeropuerto\/\",\"url\":\"https:\/\/tourtravelandmore.com\/es\/tours\/reino-unido-es\/londres-es\/escala-en-londres-tour-privado-desde-el-aeropuerto\/\",\"name\":\"\u27a1\ufe0f Tour privado desde el aeropuerto de Londres con traslado | Tour Travel & More\",\"isPartOf\":{\"@id\":\"https:\/\/tourtravelandmore.com\/es\/#website\"},\"primaryImageOfPage\":{\"@id\":\"https:\/\/tourtravelandmore.com\/es\/tours\/reino-unido-es\/londres-es\/escala-en-londres-tour-privado-desde-el-aeropuerto\/#primaryimage\"},\"image\":{\"@id\":\"https:\/\/tourtravelandmore.com\/es\/tours\/reino-unido-es\/londres-es\/escala-en-londres-tour-privado-desde-el-aeropuerto\/#primaryimage\"},\"thumbnailUrl\":\"https:\/\/tourtravelandmore.com\/wp-content\/uploads\/2019\/03\/image4.jpg\",\"datePublished\":\"2022-04-09T09:57:29+00:00\",\"dateModified\":\"2024-04-04T16:52:05+00:00\",\"description\":\"No desperdicies ni un minuto de tu tiempo en Inglaterra. Si tienes escala en el aeropuerto de Londres \u2705\",\"breadcrumb\":{\"@id\":\"https:\/\/tourtravelandmore.com\/es\/tours\/reino-unido-es\/londres-es\/escala-en-londres-tour-privado-desde-el-aeropuerto\/#breadcrumb\"},\"inLanguage\":\"es\",\"potentialAction\":[{\"@type\":\"ReadAction\",\"target\":[\"https:\/\/tourtravelandmore.com\/es\/tours\/reino-unido-es\/londres-es\/escala-en-londres-tour-privado-desde-el-aeropuerto\/\"]}]},{\"@type\":\"ImageObject\",\"inLanguage\":\"es\",\"@id\":\"https:\/\/tourtravelandmore.com\/es\/tours\/reino-unido-es\/londres-es\/escala-en-londres-tour-privado-desde-el-aeropuerto\/#primaryimage\",\"url\":\"https:\/\/tourtravelandmore.com\/wp-content\/uploads\/2019\/03\/image4.jpg\",\"contentUrl\":\"https:\/\/tourtravelandmore.com\/wp-content\/uploads\/2019\/03\/image4.jpg\",\"width\":900,\"height\":680},{\"@type\":\"BreadcrumbList\",\"@id\":\"https:\/\/tourtravelandmore.com\/es\/tours\/reino-unido-es\/londres-es\/escala-en-londres-tour-privado-desde-el-aeropuerto\/#breadcrumb\",\"itemListElement\":[{\"@type\":\"ListItem\",\"position\":1,\"name\":\"Home\",\"item\":\"https:\/\/tourtravelandmore.com\/es\/\"},{\"@type\":\"ListItem\",\"position\":2,\"name\":\"Tours\",\"item\":\"https:\/\/tourtravelandmore.com\/es\/tours\/\"},{\"@type\":\"ListItem\",\"position\":3,\"name\":\"\u00bfEscala en Londres? Tour privado desde el aeropuerto\"}]},{\"@type\":\"WebSite\",\"@id\":\"https:\/\/tourtravelandmore.com\/es\/#website\",\"url\":\"https:\/\/tourtravelandmore.com\/es\/\",\"name\":\"Tour Travel And More\",\"description\":\"Private sightseeing tours and luxury transfers in Spain\",\"publisher\":{\"@id\":\"https:\/\/tourtravelandmore.com\/es\/#organization\"},\"potentialAction\":[{\"@type\":\"SearchAction\",\"target\":{\"@type\":\"EntryPoint\",\"urlTemplate\":\"https:\/\/tourtravelandmore.com\/es\/?s={search_term_string}\"},\"query-input\":{\"@type\":\"PropertyValueSpecification\",\"valueRequired\":true,\"valueName\":\"search_term_string\"}}],\"inLanguage\":\"es\"},{\"@type\":\"Organization\",\"@id\":\"https:\/\/tourtravelandmore.com\/es\/#organization\",\"name\":\"Tour Travel And More\",\"url\":\"https:\/\/tourtravelandmore.com\/es\/\",\"logo\":{\"@type\":\"ImageObject\",\"inLanguage\":\"es\",\"@id\":\"https:\/\/tourtravelandmore.com\/es\/#\/schema\/logo\/image\/\",\"url\":\"https:\/\/tourtravelandmore.com\/wp-content\/uploads\/2022\/12\/cropped-logo-cabecera-new.png\",\"contentUrl\":\"https:\/\/tourtravelandmore.com\/wp-content\/uploads\/2022\/12\/cropped-logo-cabecera-new.png\",\"width\":430,\"height\":61,\"caption\":\"Tour Travel And More\"},\"image\":{\"@id\":\"https:\/\/tourtravelandmore.com\/es\/#\/schema\/logo\/image\/\"},\"sameAs\":[\"https:\/\/www.facebook.com\/tourtravelandmore\/\",\"https:\/\/x.com\/TourTravel_More\"]}]}<\/script>\n<!-- \/ Yoast SEO Premium plugin. -->","yoast_head_json":{"title":"\u27a1\ufe0f Tour privado desde el aeropuerto de Londres con traslado | Tour Travel & More","description":"No desperdicies ni un minuto de tu tiempo en Inglaterra. Si tienes escala en el aeropuerto de Londres \u2705","robots":{"index":"index","follow":"follow","max-snippet":"max-snippet:-1","max-image-preview":"max-image-preview:large","max-video-preview":"max-video-preview:-1"},"canonical":"https:\/\/tourtravelandmore.com\/es\/tours\/reino-unido-es\/londres-es\/escala-en-londres-tour-privado-desde-el-aeropuerto\/","og_locale":"es_ES","og_type":"article","og_title":"\u00bfEscala en Londres? Tour privado desde el aeropuerto","og_description":"No desperdicies ni un minuto de tu tiempo en Inglaterra. Si tienes escala en el aeropuerto de Londres \u2705","og_url":"https:\/\/tourtravelandmore.com\/es\/tours\/reino-unido-es\/londres-es\/escala-en-londres-tour-privado-desde-el-aeropuerto\/","og_site_name":"Tour Travel And More","article_publisher":"https:\/\/www.facebook.com\/tourtravelandmore\/","article_modified_time":"2024-04-04T16:52:05+00:00","og_image":[{"width":900,"height":680,"url":"https:\/\/tourtravelandmore.com\/wp-content\/uploads\/2019\/03\/image4.jpg","type":"image\/jpeg"}],"twitter_card":"summary_large_image","twitter_site":"@TourTravel_More","twitter_misc":{"Tiempo de lectura":"3 minutos"},"schema":{"@context":"https:\/\/schema.org","@graph":[{"@type":"WebPage","@id":"https:\/\/tourtravelandmore.com\/es\/tours\/reino-unido-es\/londres-es\/escala-en-londres-tour-privado-desde-el-aeropuerto\/","url":"https:\/\/tourtravelandmore.com\/es\/tours\/reino-unido-es\/londres-es\/escala-en-londres-tour-privado-desde-el-aeropuerto\/","name":"\u27a1\ufe0f Tour privado desde el aeropuerto de Londres con traslado | Tour Travel & More","isPartOf":{"@id":"https:\/\/tourtravelandmore.com\/es\/#website"},"primaryImageOfPage":{"@id":"https:\/\/tourtravelandmore.com\/es\/tours\/reino-unido-es\/londres-es\/escala-en-londres-tour-privado-desde-el-aeropuerto\/#primaryimage"},"image":{"@id":"https:\/\/tourtravelandmore.com\/es\/tours\/reino-unido-es\/londres-es\/escala-en-londres-tour-privado-desde-el-aeropuerto\/#primaryimage"},"thumbnailUrl":"https:\/\/tourtravelandmore.com\/wp-content\/uploads\/2019\/03\/image4.jpg","datePublished":"2022-04-09T09:57:29+00:00","dateModified":"2024-04-04T16:52:05+00:00","description":"No desperdicies ni un minuto de tu tiempo en Inglaterra. Si tienes escala en el aeropuerto de Londres \u2705","breadcrumb":{"@id":"https:\/\/tourtravelandmore.com\/es\/tours\/reino-unido-es\/londres-es\/escala-en-londres-tour-privado-desde-el-aeropuerto\/#breadcrumb"},"inLanguage":"es","potentialAction":[{"@type":"ReadAction","target":["https:\/\/tourtravelandmore.com\/es\/tours\/reino-unido-es\/londres-es\/escala-en-londres-tour-privado-desde-el-aeropuerto\/"]}]},{"@type":"ImageObject","inLanguage":"es","@id":"https:\/\/tourtravelandmore.com\/es\/tours\/reino-unido-es\/londres-es\/escala-en-londres-tour-privado-desde-el-aeropuerto\/#primaryimage","url":"https:\/\/tourtravelandmore.com\/wp-content\/uploads\/2019\/03\/image4.jpg","contentUrl":"https:\/\/tourtravelandmore.com\/wp-content\/uploads\/2019\/03\/image4.jpg","width":900,"height":680},{"@type":"BreadcrumbList","@id":"https:\/\/tourtravelandmore.com\/es\/tours\/reino-unido-es\/londres-es\/escala-en-londres-tour-privado-desde-el-aeropuerto\/#breadcrumb","itemListElement":[{"@type":"ListItem","position":1,"name":"Home","item":"https:\/\/tourtravelandmore.com\/es\/"},{"@type":"ListItem","position":2,"name":"Tours","item":"https:\/\/tourtravelandmore.com\/es\/tours\/"},{"@type":"ListItem","position":3,"name":"\u00bfEscala en Londres? Tour privado desde el aeropuerto"}]},{"@type":"WebSite","@id":"https:\/\/tourtravelandmore.com\/es\/#website","url":"https:\/\/tourtravelandmore.com\/es\/","name":"Tour Travel And More","description":"Private sightseeing tours and luxury transfers in Spain","publisher":{"@id":"https:\/\/tourtravelandmore.com\/es\/#organization"},"potentialAction":[{"@type":"SearchAction","target":{"@type":"EntryPoint","urlTemplate":"https:\/\/tourtravelandmore.com\/es\/?s={search_term_string}"},"query-input":{"@type":"PropertyValueSpecification","valueRequired":true,"valueName":"search_term_string"}}],"inLanguage":"es"},{"@type":"Organization","@id":"https:\/\/tourtravelandmore.com\/es\/#organization","name":"Tour Travel And More","url":"https:\/\/tourtravelandmore.com\/es\/","logo":{"@type":"ImageObject","inLanguage":"es","@id":"https:\/\/tourtravelandmore.com\/es\/#\/schema\/logo\/image\/","url":"https:\/\/tourtravelandmore.com\/wp-content\/uploads\/2022\/12\/cropped-logo-cabecera-new.png","contentUrl":"https:\/\/tourtravelandmore.com\/wp-content\/uploads\/2022\/12\/cropped-logo-cabecera-new.png","width":430,"height":61,"caption":"Tour Travel And More"},"image":{"@id":"https:\/\/tourtravelandmore.com\/es\/#\/schema\/logo\/image\/"},"sameAs":["https:\/\/www.facebook.com\/tourtravelandmore\/","https:\/\/x.com\/TourTravel_More"]}]}},"_links":{"self":[{"href":"https:\/\/tourtravelandmore.com\/es\/wp-json\/wp\/v2\/product\/122696","targetHints":{"allow":["GET"]}}],"collection":[{"href":"https:\/\/tourtravelandmore.com\/es\/wp-json\/wp\/v2\/product"}],"about":[{"href":"https:\/\/tourtravelandmore.com\/es\/wp-json\/wp\/v2\/types\/product"}],"replies":[{"embeddable":true,"href":"https:\/\/tourtravelandmore.com\/es\/wp-json\/wp\/v2\/comments?post=122696"}],"wp:featuredmedia":[{"embeddable":true,"href":"https:\/\/tourtravelandmore.com\/es\/wp-json\/wp\/v2\/media\/122575"}],"wp:attachment":[{"href":"https:\/\/tourtravelandmore.com\/es\/wp-json\/wp\/v2\/media?parent=122696"}],"wp:term":[{"taxonomy":"product_brand","embeddable":true,"href":"https:\/\/tourtravelandmore.com\/es\/wp-json\/wp\/v2\/product_brand?post=122696"},{"taxonomy":"product_cat","embeddable":true,"href":"https:\/\/tourtravelandmore.com\/es\/wp-json\/wp\/v2\/product_cat?post=122696"},{"taxonomy":"product_tag","embeddable":true,"href":"https:\/\/tourtravelandmore.com\/es\/wp-json\/wp\/v2\/product_tag?post=122696"}],"curies":[{"name":"wp","href":"https:\/\/api.w.org\/{rel}","templated":true}]}}