{"id":122585,"date":"2022-04-08T16:58:23","date_gmt":"2022-04-08T14:58:26","guid":{"rendered":"https:\/\/tourtravelandmore.com\/?post_type=product&#038;p=122585"},"modified":"2024-04-05T17:13:53","modified_gmt":"2024-04-05T15:13:53","slug":"tour-privado-de-harry-potter-en-los-estudios-warner","status":"publish","type":"product","link":"https:\/\/tourtravelandmore.com\/es\/tours\/reino-unido-es\/londres-es\/tour-privado-de-harry-potter-en-los-estudios-warner\/","title":{"rendered":"Tour Privado de Harry Potter en los estudios Warner"},"content":{"rendered":"<h2><b>Descripci\u00f3n del Tour de Harry Potter en los estudios Warner\u00a0<\/b><\/h2>\n<p><span style=\"font-weight: 400;\">Deja que la magia cobre vida, con esta visita a los bastidores y escenarios originales de las pel\u00edculas de Harry Potter en nuestro <\/span><b>tour privado al Warner Bros. Studio en Londres<\/b><span style=\"font-weight: 400;\">.\u00a0<\/span><\/p>\n<p><span style=\"font-weight: 400;\">Explora los aut\u00e9nticos decorados, trajes y accesorios que cuentan la historia de c\u00f3mo se dio la serie de las pel\u00edculas de Harry Potter.\u00a0<\/span><\/p>\n<p><span style=\"font-weight: 400;\">Tambi\u00e9n, descubrir\u00e1s algunos secretos muy bien guardados de los productores, incluyendo datos sobre los efectos especiales y los <\/span><i><span style=\"font-weight: 400;\">animatronics<\/span><\/i><span style=\"font-weight: 400;\"> que hicieron que estas 8 pel\u00edculas fueran tan enormemente populares en todo el mundo.<\/span><\/p>\n<p><span style=\"font-weight: 400;\">Ser\u00e1 un <\/span><b>paseo personalizado de 8 horas<\/b><span style=\"font-weight: 400;\">, el cual inicia al buscarte por un punto acordado en el centro de Londres para trasladarte en un coche\u00a0 exclusivo hasta los estudios Warner, ubicados a menos de una hora de la ciudad.\u00a0<\/span><\/p>\n<p><span style=\"font-weight: 400;\">Lo mejor es que te daremos entradas exclusivas y, una vez dentro, podr\u00e1s explorar una serie de fant\u00e1sticos escenarios como el and\u00e9n 9 3\/4, el callej\u00f3n Diagon, el Gran Comedor, el despacho del director Dumbledore, la caba\u00f1a de Hagrid, entre muchos atractivos m\u00e1s.\u00a0<\/span><\/p>\n<p><span style=\"font-weight: 400;\">Adem\u00e1s, descubrir\u00e1s c\u00f3mo un equipo de m\u00e1s de 250 personas del reparto y del equipo t\u00e9cnico super\u00f3 enormes obst\u00e1culos para dar vida a las extraordinarias historias de J.K. Rowling.<\/span><\/p>\n<p><span style=\"font-weight: 400;\">Al finalizar el paseo, te llevamos de vuelta hasta Londres, y si quieres conocer m\u00e1s de esta incre\u00edble ciudad, puedes optar por nuestro <\/span><a href=\"https:\/\/tourtravelandmore.com\/es\/tours\/reino-unido-es\/londres-es\/tour-privado-del-british-museum\/\"><b>tour privado del British Museum<\/b><\/a><span style=\"font-weight: 400;\"> para que conozcas las colecciones de arte e historia m\u00e1s importantes del Reino Unido.\u00a0<\/span><\/p>\n<h2><b>Puntos de inter\u00e9s del <\/b><b>Tour de Harry Potter en los estudios Warner\u00a0<\/b><\/h2>\n<p><span style=\"font-weight: 400;\">Explora los universos m\u00e1gicos de Harry Potter, en este tour por los estudios Warner Bros. Comienza tu aventura con el traslado exclusivo desde el centro de Londres para llevarte al set de grabaci\u00f3n de las pel\u00edculas, el cual est\u00e1 a solo unos minutos de la ciudad.\u00a0<\/span><\/p>\n<p><span style=\"font-weight: 400;\">Al llegar, tendr\u00e1s entradas exclusivas, por lo que no vas a esperar para ingresar a los estudios. Luego, vas a iniciar un recorrido exclusivo y a tu ritmo por los lugares m\u00e1gicos de Warner Bros, en el cual se grabaron las 8 pel\u00edculas de Harry Potter.\u00a0<\/span><\/p>\n<p><span style=\"font-weight: 400;\">Ver\u00e1s de cerca el gran sal\u00f3n en donde vivieron tantas emociones los personajes que estudiaron y trabajaron en el Colegio Hogwarts de Magia y Hechicer\u00eda.<\/span><\/p>\n<p><span style=\"font-weight: 400;\">Con esta excursi\u00f3n vas a ver de cerca el Expreso original de Hogwarts y tambi\u00e9n pasar\u00e1s por la plataforma 9 \u00be, sitio por el cual los personajes ingresaban a la estaci\u00f3n que los llevar\u00eda hasta el colegio de magia.\u00a0<\/span><\/p>\n<p><span style=\"font-weight: 400;\">Ser\u00e1 un momento emocionante para que revivas la magia y la emoci\u00f3n de tus pel\u00edculas favoritas.\u00a0<\/span><\/p>\n<p><span style=\"font-weight: 400;\">Adem\u00e1s de estos puntos de inter\u00e9s que ya mencionamos, tambi\u00e9n vas a poder explorar los siguientes escenarios y lugares:\u00a0<\/span><\/p>\n<ul>\n<li><b>El bosque encantado.\u00a0<\/b><\/li>\n<li><b>La caba\u00f1a de Hagrid.\u00a0<\/b><\/li>\n<li><b>El Ministerio de magia.\u00a0<\/b><\/li>\n<li><b>El Callej\u00f3n Diagon.<\/b><\/li>\n<li><b>Los corredores, pasillos y salones de Hogwarts.<\/b><\/li>\n<li><b>El estudio de la profesora Umbridge y muchos otros sitios m\u00e1s.\u00a0<\/b><\/li>\n<\/ul>\n<p><span style=\"font-weight: 400;\">Tambi\u00e9n, podr\u00e1s interactuar con distintas exposiciones, trajes y personajes animados de las pel\u00edculas. Ser\u00e1 una experiencia en la que te sentir\u00e1s como parte de la saga.\u00a0<\/span><\/p>\n<p><span style=\"font-weight: 400;\">Despu\u00e9s de que vivas esta extraordinaria aventura, te llevamos de vuelta hasta Londres para que llegues a la ciudad c\u00f3modamente. <\/span><\/p>\n","protected":false},"excerpt":{"rendered":"<p><span style=\"font-weight: 400;\">Si eres fans de Harry Potter, aprovecha tu tiempo en Londres y visita los estudios Warner para que veas de cerca todos los escenarios originales de las 8 pel\u00edculas de la saga. Adem\u00e1s, tendr\u00e1s a tu disposici\u00f3n entradas exclusivas y un transporte privado que te llevar\u00e1 de ida y vuelta para que explores a tu propio ritmo las maravillas del mundo m\u00e1gico de Harry Potter.<\/span><\/p>\n","protected":false},"featured_media":122610,"comment_status":"open","ping_status":"closed","template":"","meta":{"_acf_changed":false},"product_brand":[],"product_cat":[1603,1142,1151,1150],"product_tag":[],"class_list":{"0":"post-122585","1":"product","2":"type-product","3":"status-publish","4":"has-post-thumbnail","6":"product_cat-reino-unido-es","7":"product_cat-londres-es","8":"product_cat-londres-actividades-es","9":"product_cat-londres-tours-es","11":"first","12":"instock","13":"shipping-taxable","14":"purchasable","15":"product-type-simple"},"acf":[],"yoast_head":"<!-- This site is optimized with the Yoast SEO Premium plugin v25.3.1 (Yoast SEO v25.3.1) - https:\/\/yoast.com\/wordpress\/plugins\/seo\/ -->\n<title>\u27a1\ufe0f Tour de Harry Potter a los estudios Warner con entradas exclusivas | Tour Travel &amp; More<\/title>\n<meta name=\"description\" content=\"Prep\u00e1rate para seguir los pasos de tus personajes favoritos de las pel\u00edculas de Harry Potter y disfruta de un tour personalizado por los estudios Warner Bros de Londres \u2705\" \/>\n<meta name=\"robots\" content=\"index, follow, max-snippet:-1, max-image-preview:large, max-video-preview:-1\" \/>\n<link rel=\"canonical\" href=\"https:\/\/tourtravelandmore.com\/es\/tours\/reino-unido-es\/londres-es\/tour-privado-de-harry-potter-en-los-estudios-warner\/\" \/>\n<meta property=\"og:locale\" content=\"es_ES\" \/>\n<meta property=\"og:type\" content=\"article\" \/>\n<meta property=\"og:title\" content=\"Tour Privado de Harry Potter en los estudios Warner\" \/>\n<meta property=\"og:description\" content=\"Prep\u00e1rate para seguir los pasos de tus personajes favoritos de las pel\u00edculas de Harry Potter y disfruta de un tour personalizado por los estudios Warner Bros de Londres \u2705\" \/>\n<meta property=\"og:url\" content=\"https:\/\/tourtravelandmore.com\/es\/tours\/reino-unido-es\/londres-es\/tour-privado-de-harry-potter-en-los-estudios-warner\/\" \/>\n<meta property=\"og:site_name\" content=\"Tour Travel And More\" \/>\n<meta property=\"article:publisher\" content=\"https:\/\/www.facebook.com\/tourtravelandmore\/\" \/>\n<meta property=\"article:modified_time\" content=\"2024-04-05T15:13:53+00:00\" \/>\n<meta property=\"og:image\" content=\"https:\/\/tourtravelandmore.com\/wp-content\/uploads\/2022\/04\/image4.jpg\" \/>\n\t<meta property=\"og:image:width\" content=\"900\" \/>\n\t<meta property=\"og:image:height\" content=\"680\" \/>\n\t<meta property=\"og:image:type\" content=\"image\/jpeg\" \/>\n<meta name=\"twitter:card\" content=\"summary_large_image\" \/>\n<meta name=\"twitter:site\" content=\"@TourTravel_More\" \/>\n<meta name=\"twitter:label1\" content=\"Tiempo de lectura\" \/>\n\t<meta name=\"twitter:data1\" content=\"3 minutos\" \/>\n<script type=\"application\/ld+json\" class=\"yoast-schema-graph\">{\"@context\":\"https:\/\/schema.org\",\"@graph\":[{\"@type\":\"WebPage\",\"@id\":\"https:\/\/tourtravelandmore.com\/es\/tours\/reino-unido-es\/londres-es\/tour-privado-de-harry-potter-en-los-estudios-warner\/\",\"url\":\"https:\/\/tourtravelandmore.com\/es\/tours\/reino-unido-es\/londres-es\/tour-privado-de-harry-potter-en-los-estudios-warner\/\",\"name\":\"\u27a1\ufe0f Tour de Harry Potter a los estudios Warner con entradas exclusivas | Tour Travel & More\",\"isPartOf\":{\"@id\":\"https:\/\/tourtravelandmore.com\/es\/#website\"},\"primaryImageOfPage\":{\"@id\":\"https:\/\/tourtravelandmore.com\/es\/tours\/reino-unido-es\/londres-es\/tour-privado-de-harry-potter-en-los-estudios-warner\/#primaryimage\"},\"image\":{\"@id\":\"https:\/\/tourtravelandmore.com\/es\/tours\/reino-unido-es\/londres-es\/tour-privado-de-harry-potter-en-los-estudios-warner\/#primaryimage\"},\"thumbnailUrl\":\"https:\/\/tourtravelandmore.com\/wp-content\/uploads\/2022\/04\/image4.jpg\",\"datePublished\":\"2022-04-08T14:58:26+00:00\",\"dateModified\":\"2024-04-05T15:13:53+00:00\",\"description\":\"Prep\u00e1rate para seguir los pasos de tus personajes favoritos de las pel\u00edculas de Harry Potter y disfruta de un tour personalizado por los estudios Warner Bros de Londres \u2705\",\"breadcrumb\":{\"@id\":\"https:\/\/tourtravelandmore.com\/es\/tours\/reino-unido-es\/londres-es\/tour-privado-de-harry-potter-en-los-estudios-warner\/#breadcrumb\"},\"inLanguage\":\"es\",\"potentialAction\":[{\"@type\":\"ReadAction\",\"target\":[\"https:\/\/tourtravelandmore.com\/es\/tours\/reino-unido-es\/londres-es\/tour-privado-de-harry-potter-en-los-estudios-warner\/\"]}]},{\"@type\":\"ImageObject\",\"inLanguage\":\"es\",\"@id\":\"https:\/\/tourtravelandmore.com\/es\/tours\/reino-unido-es\/londres-es\/tour-privado-de-harry-potter-en-los-estudios-warner\/#primaryimage\",\"url\":\"https:\/\/tourtravelandmore.com\/wp-content\/uploads\/2022\/04\/image4.jpg\",\"contentUrl\":\"https:\/\/tourtravelandmore.com\/wp-content\/uploads\/2022\/04\/image4.jpg\",\"width\":900,\"height\":680},{\"@type\":\"BreadcrumbList\",\"@id\":\"https:\/\/tourtravelandmore.com\/es\/tours\/reino-unido-es\/londres-es\/tour-privado-de-harry-potter-en-los-estudios-warner\/#breadcrumb\",\"itemListElement\":[{\"@type\":\"ListItem\",\"position\":1,\"name\":\"Home\",\"item\":\"https:\/\/tourtravelandmore.com\/es\/\"},{\"@type\":\"ListItem\",\"position\":2,\"name\":\"Tours\",\"item\":\"https:\/\/tourtravelandmore.com\/es\/tours\/\"},{\"@type\":\"ListItem\",\"position\":3,\"name\":\"Tour Privado de Harry Potter en los estudios Warner\"}]},{\"@type\":\"WebSite\",\"@id\":\"https:\/\/tourtravelandmore.com\/es\/#website\",\"url\":\"https:\/\/tourtravelandmore.com\/es\/\",\"name\":\"Tour Travel And More\",\"description\":\"Private sightseeing tours and luxury transfers in Spain\",\"publisher\":{\"@id\":\"https:\/\/tourtravelandmore.com\/es\/#organization\"},\"potentialAction\":[{\"@type\":\"SearchAction\",\"target\":{\"@type\":\"EntryPoint\",\"urlTemplate\":\"https:\/\/tourtravelandmore.com\/es\/?s={search_term_string}\"},\"query-input\":{\"@type\":\"PropertyValueSpecification\",\"valueRequired\":true,\"valueName\":\"search_term_string\"}}],\"inLanguage\":\"es\"},{\"@type\":\"Organization\",\"@id\":\"https:\/\/tourtravelandmore.com\/es\/#organization\",\"name\":\"Tour Travel And More\",\"url\":\"https:\/\/tourtravelandmore.com\/es\/\",\"logo\":{\"@type\":\"ImageObject\",\"inLanguage\":\"es\",\"@id\":\"https:\/\/tourtravelandmore.com\/es\/#\/schema\/logo\/image\/\",\"url\":\"https:\/\/tourtravelandmore.com\/wp-content\/uploads\/2022\/12\/cropped-logo-cabecera-new.png\",\"contentUrl\":\"https:\/\/tourtravelandmore.com\/wp-content\/uploads\/2022\/12\/cropped-logo-cabecera-new.png\",\"width\":430,\"height\":61,\"caption\":\"Tour Travel And More\"},\"image\":{\"@id\":\"https:\/\/tourtravelandmore.com\/es\/#\/schema\/logo\/image\/\"},\"sameAs\":[\"https:\/\/www.facebook.com\/tourtravelandmore\/\",\"https:\/\/x.com\/TourTravel_More\"]}]}<\/script>\n<!-- \/ Yoast SEO Premium plugin. -->","yoast_head_json":{"title":"\u27a1\ufe0f Tour de Harry Potter a los estudios Warner con entradas exclusivas | Tour Travel & More","description":"Prep\u00e1rate para seguir los pasos de tus personajes favoritos de las pel\u00edculas de Harry Potter y disfruta de un tour personalizado por los estudios Warner Bros de Londres \u2705","robots":{"index":"index","follow":"follow","max-snippet":"max-snippet:-1","max-image-preview":"max-image-preview:large","max-video-preview":"max-video-preview:-1"},"canonical":"https:\/\/tourtravelandmore.com\/es\/tours\/reino-unido-es\/londres-es\/tour-privado-de-harry-potter-en-los-estudios-warner\/","og_locale":"es_ES","og_type":"article","og_title":"Tour Privado de Harry Potter en los estudios Warner","og_description":"Prep\u00e1rate para seguir los pasos de tus personajes favoritos de las pel\u00edculas de Harry Potter y disfruta de un tour personalizado por los estudios Warner Bros de Londres \u2705","og_url":"https:\/\/tourtravelandmore.com\/es\/tours\/reino-unido-es\/londres-es\/tour-privado-de-harry-potter-en-los-estudios-warner\/","og_site_name":"Tour Travel And More","article_publisher":"https:\/\/www.facebook.com\/tourtravelandmore\/","article_modified_time":"2024-04-05T15:13:53+00:00","og_image":[{"width":900,"height":680,"url":"https:\/\/tourtravelandmore.com\/wp-content\/uploads\/2022\/04\/image4.jpg","type":"image\/jpeg"}],"twitter_card":"summary_large_image","twitter_site":"@TourTravel_More","twitter_misc":{"Tiempo de lectura":"3 minutos"},"schema":{"@context":"https:\/\/schema.org","@graph":[{"@type":"WebPage","@id":"https:\/\/tourtravelandmore.com\/es\/tours\/reino-unido-es\/londres-es\/tour-privado-de-harry-potter-en-los-estudios-warner\/","url":"https:\/\/tourtravelandmore.com\/es\/tours\/reino-unido-es\/londres-es\/tour-privado-de-harry-potter-en-los-estudios-warner\/","name":"\u27a1\ufe0f Tour de Harry Potter a los estudios Warner con entradas exclusivas | Tour Travel & More","isPartOf":{"@id":"https:\/\/tourtravelandmore.com\/es\/#website"},"primaryImageOfPage":{"@id":"https:\/\/tourtravelandmore.com\/es\/tours\/reino-unido-es\/londres-es\/tour-privado-de-harry-potter-en-los-estudios-warner\/#primaryimage"},"image":{"@id":"https:\/\/tourtravelandmore.com\/es\/tours\/reino-unido-es\/londres-es\/tour-privado-de-harry-potter-en-los-estudios-warner\/#primaryimage"},"thumbnailUrl":"https:\/\/tourtravelandmore.com\/wp-content\/uploads\/2022\/04\/image4.jpg","datePublished":"2022-04-08T14:58:26+00:00","dateModified":"2024-04-05T15:13:53+00:00","description":"Prep\u00e1rate para seguir los pasos de tus personajes favoritos de las pel\u00edculas de Harry Potter y disfruta de un tour personalizado por los estudios Warner Bros de Londres \u2705","breadcrumb":{"@id":"https:\/\/tourtravelandmore.com\/es\/tours\/reino-unido-es\/londres-es\/tour-privado-de-harry-potter-en-los-estudios-warner\/#breadcrumb"},"inLanguage":"es","potentialAction":[{"@type":"ReadAction","target":["https:\/\/tourtravelandmore.com\/es\/tours\/reino-unido-es\/londres-es\/tour-privado-de-harry-potter-en-los-estudios-warner\/"]}]},{"@type":"ImageObject","inLanguage":"es","@id":"https:\/\/tourtravelandmore.com\/es\/tours\/reino-unido-es\/londres-es\/tour-privado-de-harry-potter-en-los-estudios-warner\/#primaryimage","url":"https:\/\/tourtravelandmore.com\/wp-content\/uploads\/2022\/04\/image4.jpg","contentUrl":"https:\/\/tourtravelandmore.com\/wp-content\/uploads\/2022\/04\/image4.jpg","width":900,"height":680},{"@type":"BreadcrumbList","@id":"https:\/\/tourtravelandmore.com\/es\/tours\/reino-unido-es\/londres-es\/tour-privado-de-harry-potter-en-los-estudios-warner\/#breadcrumb","itemListElement":[{"@type":"ListItem","position":1,"name":"Home","item":"https:\/\/tourtravelandmore.com\/es\/"},{"@type":"ListItem","position":2,"name":"Tours","item":"https:\/\/tourtravelandmore.com\/es\/tours\/"},{"@type":"ListItem","position":3,"name":"Tour Privado de Harry Potter en los estudios Warner"}]},{"@type":"WebSite","@id":"https:\/\/tourtravelandmore.com\/es\/#website","url":"https:\/\/tourtravelandmore.com\/es\/","name":"Tour Travel And More","description":"Private sightseeing tours and luxury transfers in Spain","publisher":{"@id":"https:\/\/tourtravelandmore.com\/es\/#organization"},"potentialAction":[{"@type":"SearchAction","target":{"@type":"EntryPoint","urlTemplate":"https:\/\/tourtravelandmore.com\/es\/?s={search_term_string}"},"query-input":{"@type":"PropertyValueSpecification","valueRequired":true,"valueName":"search_term_string"}}],"inLanguage":"es"},{"@type":"Organization","@id":"https:\/\/tourtravelandmore.com\/es\/#organization","name":"Tour Travel And More","url":"https:\/\/tourtravelandmore.com\/es\/","logo":{"@type":"ImageObject","inLanguage":"es","@id":"https:\/\/tourtravelandmore.com\/es\/#\/schema\/logo\/image\/","url":"https:\/\/tourtravelandmore.com\/wp-content\/uploads\/2022\/12\/cropped-logo-cabecera-new.png","contentUrl":"https:\/\/tourtravelandmore.com\/wp-content\/uploads\/2022\/12\/cropped-logo-cabecera-new.png","width":430,"height":61,"caption":"Tour Travel And More"},"image":{"@id":"https:\/\/tourtravelandmore.com\/es\/#\/schema\/logo\/image\/"},"sameAs":["https:\/\/www.facebook.com\/tourtravelandmore\/","https:\/\/x.com\/TourTravel_More"]}]}},"_links":{"self":[{"href":"https:\/\/tourtravelandmore.com\/es\/wp-json\/wp\/v2\/product\/122585","targetHints":{"allow":["GET"]}}],"collection":[{"href":"https:\/\/tourtravelandmore.com\/es\/wp-json\/wp\/v2\/product"}],"about":[{"href":"https:\/\/tourtravelandmore.com\/es\/wp-json\/wp\/v2\/types\/product"}],"replies":[{"embeddable":true,"href":"https:\/\/tourtravelandmore.com\/es\/wp-json\/wp\/v2\/comments?post=122585"}],"wp:featuredmedia":[{"embeddable":true,"href":"https:\/\/tourtravelandmore.com\/es\/wp-json\/wp\/v2\/media\/122610"}],"wp:attachment":[{"href":"https:\/\/tourtravelandmore.com\/es\/wp-json\/wp\/v2\/media?parent=122585"}],"wp:term":[{"taxonomy":"product_brand","embeddable":true,"href":"https:\/\/tourtravelandmore.com\/es\/wp-json\/wp\/v2\/product_brand?post=122585"},{"taxonomy":"product_cat","embeddable":true,"href":"https:\/\/tourtravelandmore.com\/es\/wp-json\/wp\/v2\/product_cat?post=122585"},{"taxonomy":"product_tag","embeddable":true,"href":"https:\/\/tourtravelandmore.com\/es\/wp-json\/wp\/v2\/product_tag?post=122585"}],"curies":[{"name":"wp","href":"https:\/\/api.w.org\/{rel}","templated":true}]}}