{"id":121552,"date":"2022-03-22T17:56:59","date_gmt":"2022-03-22T16:57:02","guid":{"rendered":"https:\/\/tourtravelandmore.com\/?post_type=product&#038;p=121552"},"modified":"2023-01-24T05:28:14","modified_gmt":"2023-01-24T04:28:14","slug":"excursion-privada-a-la-selva-de-irati-desde-pamplona","status":"publish","type":"product","link":"https:\/\/tourtravelandmore.com\/es\/tours\/espana-es\/pamplona-es\/excursion-privada-a-la-selva-de-irati-desde-pamplona\/","title":{"rendered":"Excursi\u00f3n privada a la Selva de Irati desde Pamplona"},"content":{"rendered":"<h2><b>Descripci\u00f3n de la Excursi\u00f3n privada a la Selva de Irati desde Pamplona<\/b><\/h2>\n<p><span style=\"font-weight: 400;\">Esta excursi\u00f3n privada te lleva desde Pamplona a uno de los mayores hayedos de Europa, situado en los Pirineos Occidentales.\u00a0<\/span><\/p>\n<p><span style=\"font-weight: 400;\">En nuestro tour privado a la Selva de Irati vas a explorar un incre\u00edble santuario natural conformado por numerosos r\u00edos cristalinos, arroyos e imponentes cascadas.\u00a0<\/span><\/p>\n<p><span style=\"font-weight: 400;\">Iniciamos el recorrido en el centro de Pamplona o en tu hotel (si est\u00e1 en un lugar c\u00e9ntrico de la ciudad) para viajar en un exclusivo coche de lujo hasta la zona central del Pirineo navarro.<\/span><\/p>\n<p><span style=\"font-weight: 400;\">Una vez all\u00ed, <\/span><b>explorar\u00e1s en compa\u00f1\u00eda de un gu\u00eda privado<\/b><span style=\"font-weight: 400;\"> la Selva de Irati, el cual es un hayedo que ocupa una superficie de 17.200 hect\u00e1reas, de las cuales, aproximadamente unas 5.000 hect\u00e1reas est\u00e1n formadas por bosques primarios sin ninguna intervenci\u00f3n humana.\u00a0<\/span><\/p>\n<p><span style=\"font-weight: 400;\">Adem\u00e1s, en la zona existen m\u00e1s de 23 lagos de monta\u00f1a, que van desde lagunas alpinas hasta grandes embalses.\u00a0<\/span><\/p>\n<p><span style=\"font-weight: 400;\">El espect\u00e1culo visual que ofrece la Selva de Irati es incre\u00edble. Con la mezcla de colores verdes, rojos y tonos tierras que destacan a las hayas y a los abetos, sabemos que te sentir\u00e1s como dentro de un bosque encantado.\u00a0<\/span><\/p>\n<p><span style=\"font-weight: 400;\">Igualmente, en la zona conocer\u00e1s un \u00e1rea protegida de aves, as\u00ed como las reservas naturales de Lizardoia y Tristuibartea y Mendilatz.\u00a0<\/span><\/p>\n<p><span style=\"font-weight: 400;\">Ser\u00e1 un magn\u00edfico <\/span><b>paseo guiado de 10 horas<\/b><span style=\"font-weight: 400;\"> para que te conectes con un entorno natural \u00fanico en el mundo.\u00a0\u00a0<\/span><\/p>\n<p><span style=\"font-weight: 400;\">Al finalizar el tour privado, te llevamos de vuelta hasta Pamplona para dejarte en el punto que nos indiques.\u00a0<\/span><\/p>\n<h2><span style=\"color: #d3af37;\"><b>Puntos de inter\u00e9s en la Excursi\u00f3n privada a la Selva de Irati desde Pamplona<\/b><\/span><\/h2>\n<p><span style=\"font-weight: 400;\">Situada en la ruta vasca de Francia hacia Santiago se encuentra la emblem\u00e1tica Selva de Irati.\u00a0<\/span><\/p>\n<p><span style=\"font-weight: 400;\">En nuestro tour privado recorrer\u00e1s parte de la ruta que suelen seguir los peregrinos durante el famoso Camino de Santiago y descubrir\u00e1s unos lugares preciosos que nunca imaginar\u00edas que existieran.\u00a0<\/span><\/p>\n<p><span style=\"font-weight: 400;\">El tour empieza cuando pasemos por ti en Pamplona para llevarte a conocer los siguientes puntos de inter\u00e9s:\u00a0<\/span><\/p>\n<h3><span style=\"color: #d3af37;\"><b>La Selva de Irati: una maravilla natural en los Pirineos<\/b><\/span><\/h3>\n<p><span style=\"font-weight: 400;\">Este es el paisaje pirenaico m\u00e1s hermoso de Navarra. Adem\u00e1s, es considerado uno de los hayedos m\u00e1s grandes de toda Europa.\u00a0<\/span><\/p>\n<p><span style=\"font-weight: 400;\">Es un recinto natural lleno de una cultura milenaria y de mucha historia. En sus alrededores podr\u00e1s caminar tranquilamente y relajarte al m\u00e1ximo con esta maravilla natural.\u00a0<\/span><\/p>\n<p><span style=\"font-weight: 400;\">Nuestro paseo guiado incluye entradas a la Selva de Irati para que puedas conocer los siguientes puntos:\u00a0<\/span><\/p>\n<ul>\n<li><b>El pico Mendilatz.<\/b><\/li>\n<li><b>F\u00e1brica de Orbaizeta en ruinas.<\/b><\/li>\n<li><b>El \u00e1rea de la Virgen de las Nieves.<\/b><\/li>\n<li><b>El embalse de Irabia.\u00a0<\/b><\/li>\n<li><b>Ochagav\u00eda y mucho m\u00e1s.\u00a0<\/b><\/li>\n<\/ul>\n<h3><span style=\"color: #d3af37;\"><b>La Foz de Lumbier<\/b><\/span><\/h3>\n<p><span style=\"font-weight: 400;\">La excursi\u00f3n guiada te llevar\u00e1 a la ruta la Foz de Lumbier. Se trata de uno de los tesoros ocultos de Navarra y que no deja de sorprender a sus visitantes.\u00a0<\/span><\/p>\n<p><span style=\"font-weight: 400;\">Este para\u00edso natural es una ruta de senderismo corta e inigualable que te dar\u00e1 una panor\u00e1mica espectacular de todo el paisaje de los Pirineos.\u00a0<\/span><\/p>\n<p><span style=\"font-weight: 400;\">Es un camino muy relajante a lo largo del r\u00edo Irati que ser\u00e1 perfecto para relajarte y crear inolvidables recuerdos.\u00a0<\/span><\/p>\n<p><span style=\"font-weight: 400;\">Finalmente, el chofer te llevar\u00e1 de vuelta hasta Pamplona para que descanses y recuperes tus energ\u00edas.\u00a0<\/span><\/p>\n<p><span style=\"font-weight: 400;\">Si quieres completar tu visita por Navarra ser\u00eda ideal que optes por nuestro <\/span><b>tour privado al monasterio de la Oliva, Uju\u00e9 y Olite desde Pamplona. <\/b><span style=\"font-weight: 400;\">De esta manera, explorar\u00e1s los tesoros medievales m\u00e1s atractivos de Espa\u00f1a.\u00a0 <\/span><\/p>\n","protected":false},"excerpt":{"rendered":"<p><span style=\"font-weight: 400;\">Explora uno de los hayedos m\u00e1s grandes y hermosos de Europa con esta excursi\u00f3n privada a la Selva de Irati desde Pamplona. Ver\u00e1s de cerca los paisajes naturales m\u00e1s espectaculares de los Pirineos occidentales y vivir\u00e1s una experiencia \u00fanica en contacto con la naturaleza. Adem\u00e1s, el traslado ser\u00e1 en un coche de lujo e ir\u00e1s con un gu\u00eda oficial.<\/span><\/p>\n","protected":false},"featured_media":121572,"comment_status":"open","ping_status":"closed","template":"","meta":{"_acf_changed":false},"product_brand":[],"product_cat":[1596,4100],"product_tag":[],"class_list":{"0":"post-121552","1":"product","2":"type-product","3":"status-publish","4":"has-post-thumbnail","6":"product_cat-espana-es","7":"product_cat-pamplona-es","9":"first","10":"instock","11":"shipping-taxable","12":"purchasable","13":"product-type-simple"},"acf":[],"yoast_head":"<!-- This site is optimized with the Yoast SEO Premium plugin v25.3.1 (Yoast SEO v25.3.1) - https:\/\/yoast.com\/wordpress\/plugins\/seo\/ -->\n<title>\u27a1\ufe0f Tour privado a la Selva de Irati desde Pamplona | Tour Travel &amp; More<\/title>\n<meta name=\"description\" content=\"Descubre uno de los bosques de hayas m\u00e1s hermosos de Europa, en un tour privado a la Selva de Irati desde Pamplona \u2705\" \/>\n<meta name=\"robots\" content=\"index, follow, max-snippet:-1, max-image-preview:large, max-video-preview:-1\" \/>\n<link rel=\"canonical\" href=\"https:\/\/tourtravelandmore.com\/es\/tours\/espana-es\/pamplona-es\/excursion-privada-a-la-selva-de-irati-desde-pamplona\/\" \/>\n<meta property=\"og:locale\" content=\"es_ES\" \/>\n<meta property=\"og:type\" content=\"article\" \/>\n<meta property=\"og:title\" content=\"Excursi\u00f3n privada a la Selva de Irati desde Pamplona\" \/>\n<meta property=\"og:description\" content=\"Descubre uno de los bosques de hayas m\u00e1s hermosos de Europa, en un tour privado a la Selva de Irati desde Pamplona \u2705\" \/>\n<meta property=\"og:url\" content=\"https:\/\/tourtravelandmore.com\/es\/tours\/espana-es\/pamplona-es\/excursion-privada-a-la-selva-de-irati-desde-pamplona\/\" \/>\n<meta property=\"og:site_name\" content=\"Tour Travel And More\" \/>\n<meta property=\"article:publisher\" content=\"https:\/\/www.facebook.com\/tourtravelandmore\/\" \/>\n<meta property=\"article:modified_time\" content=\"2023-01-24T04:28:14+00:00\" \/>\n<meta property=\"og:image\" content=\"https:\/\/tourtravelandmore.com\/wp-content\/uploads\/2022\/03\/image2-5.jpg\" \/>\n\t<meta property=\"og:image:width\" content=\"900\" \/>\n\t<meta property=\"og:image:height\" content=\"680\" \/>\n\t<meta property=\"og:image:type\" content=\"image\/jpeg\" \/>\n<meta name=\"twitter:card\" content=\"summary_large_image\" \/>\n<meta name=\"twitter:site\" content=\"@TourTravel_More\" \/>\n<meta name=\"twitter:label1\" content=\"Tiempo de lectura\" \/>\n\t<meta name=\"twitter:data1\" content=\"3 minutos\" \/>\n<script type=\"application\/ld+json\" class=\"yoast-schema-graph\">{\"@context\":\"https:\/\/schema.org\",\"@graph\":[{\"@type\":\"WebPage\",\"@id\":\"https:\/\/tourtravelandmore.com\/es\/tours\/espana-es\/pamplona-es\/excursion-privada-a-la-selva-de-irati-desde-pamplona\/\",\"url\":\"https:\/\/tourtravelandmore.com\/es\/tours\/espana-es\/pamplona-es\/excursion-privada-a-la-selva-de-irati-desde-pamplona\/\",\"name\":\"\u27a1\ufe0f Tour privado a la Selva de Irati desde Pamplona | Tour Travel & More\",\"isPartOf\":{\"@id\":\"https:\/\/tourtravelandmore.com\/es\/#website\"},\"primaryImageOfPage\":{\"@id\":\"https:\/\/tourtravelandmore.com\/es\/tours\/espana-es\/pamplona-es\/excursion-privada-a-la-selva-de-irati-desde-pamplona\/#primaryimage\"},\"image\":{\"@id\":\"https:\/\/tourtravelandmore.com\/es\/tours\/espana-es\/pamplona-es\/excursion-privada-a-la-selva-de-irati-desde-pamplona\/#primaryimage\"},\"thumbnailUrl\":\"https:\/\/tourtravelandmore.com\/wp-content\/uploads\/2022\/03\/image2-5.jpg\",\"datePublished\":\"2022-03-22T16:57:02+00:00\",\"dateModified\":\"2023-01-24T04:28:14+00:00\",\"description\":\"Descubre uno de los bosques de hayas m\u00e1s hermosos de Europa, en un tour privado a la Selva de Irati desde Pamplona \u2705\",\"breadcrumb\":{\"@id\":\"https:\/\/tourtravelandmore.com\/es\/tours\/espana-es\/pamplona-es\/excursion-privada-a-la-selva-de-irati-desde-pamplona\/#breadcrumb\"},\"inLanguage\":\"es\",\"potentialAction\":[{\"@type\":\"ReadAction\",\"target\":[\"https:\/\/tourtravelandmore.com\/es\/tours\/espana-es\/pamplona-es\/excursion-privada-a-la-selva-de-irati-desde-pamplona\/\"]}]},{\"@type\":\"ImageObject\",\"inLanguage\":\"es\",\"@id\":\"https:\/\/tourtravelandmore.com\/es\/tours\/espana-es\/pamplona-es\/excursion-privada-a-la-selva-de-irati-desde-pamplona\/#primaryimage\",\"url\":\"https:\/\/tourtravelandmore.com\/wp-content\/uploads\/2022\/03\/image2-5.jpg\",\"contentUrl\":\"https:\/\/tourtravelandmore.com\/wp-content\/uploads\/2022\/03\/image2-5.jpg\",\"width\":900,\"height\":680},{\"@type\":\"BreadcrumbList\",\"@id\":\"https:\/\/tourtravelandmore.com\/es\/tours\/espana-es\/pamplona-es\/excursion-privada-a-la-selva-de-irati-desde-pamplona\/#breadcrumb\",\"itemListElement\":[{\"@type\":\"ListItem\",\"position\":1,\"name\":\"Home\",\"item\":\"https:\/\/tourtravelandmore.com\/es\/\"},{\"@type\":\"ListItem\",\"position\":2,\"name\":\"Tours\",\"item\":\"https:\/\/tourtravelandmore.com\/es\/tours\/\"},{\"@type\":\"ListItem\",\"position\":3,\"name\":\"Excursi\u00f3n privada a la Selva de Irati desde Pamplona\"}]},{\"@type\":\"WebSite\",\"@id\":\"https:\/\/tourtravelandmore.com\/es\/#website\",\"url\":\"https:\/\/tourtravelandmore.com\/es\/\",\"name\":\"Tour Travel And More\",\"description\":\"Private sightseeing tours and luxury transfers in Spain\",\"publisher\":{\"@id\":\"https:\/\/tourtravelandmore.com\/es\/#organization\"},\"potentialAction\":[{\"@type\":\"SearchAction\",\"target\":{\"@type\":\"EntryPoint\",\"urlTemplate\":\"https:\/\/tourtravelandmore.com\/es\/?s={search_term_string}\"},\"query-input\":{\"@type\":\"PropertyValueSpecification\",\"valueRequired\":true,\"valueName\":\"search_term_string\"}}],\"inLanguage\":\"es\"},{\"@type\":\"Organization\",\"@id\":\"https:\/\/tourtravelandmore.com\/es\/#organization\",\"name\":\"Tour Travel And More\",\"url\":\"https:\/\/tourtravelandmore.com\/es\/\",\"logo\":{\"@type\":\"ImageObject\",\"inLanguage\":\"es\",\"@id\":\"https:\/\/tourtravelandmore.com\/es\/#\/schema\/logo\/image\/\",\"url\":\"https:\/\/tourtravelandmore.com\/wp-content\/uploads\/2022\/12\/cropped-logo-cabecera-new.png\",\"contentUrl\":\"https:\/\/tourtravelandmore.com\/wp-content\/uploads\/2022\/12\/cropped-logo-cabecera-new.png\",\"width\":430,\"height\":61,\"caption\":\"Tour Travel And More\"},\"image\":{\"@id\":\"https:\/\/tourtravelandmore.com\/es\/#\/schema\/logo\/image\/\"},\"sameAs\":[\"https:\/\/www.facebook.com\/tourtravelandmore\/\",\"https:\/\/x.com\/TourTravel_More\"]}]}<\/script>\n<!-- \/ Yoast SEO Premium plugin. -->","yoast_head_json":{"title":"\u27a1\ufe0f Tour privado a la Selva de Irati desde Pamplona | Tour Travel & More","description":"Descubre uno de los bosques de hayas m\u00e1s hermosos de Europa, en un tour privado a la Selva de Irati desde Pamplona \u2705","robots":{"index":"index","follow":"follow","max-snippet":"max-snippet:-1","max-image-preview":"max-image-preview:large","max-video-preview":"max-video-preview:-1"},"canonical":"https:\/\/tourtravelandmore.com\/es\/tours\/espana-es\/pamplona-es\/excursion-privada-a-la-selva-de-irati-desde-pamplona\/","og_locale":"es_ES","og_type":"article","og_title":"Excursi\u00f3n privada a la Selva de Irati desde Pamplona","og_description":"Descubre uno de los bosques de hayas m\u00e1s hermosos de Europa, en un tour privado a la Selva de Irati desde Pamplona \u2705","og_url":"https:\/\/tourtravelandmore.com\/es\/tours\/espana-es\/pamplona-es\/excursion-privada-a-la-selva-de-irati-desde-pamplona\/","og_site_name":"Tour Travel And More","article_publisher":"https:\/\/www.facebook.com\/tourtravelandmore\/","article_modified_time":"2023-01-24T04:28:14+00:00","og_image":[{"width":900,"height":680,"url":"https:\/\/tourtravelandmore.com\/wp-content\/uploads\/2022\/03\/image2-5.jpg","type":"image\/jpeg"}],"twitter_card":"summary_large_image","twitter_site":"@TourTravel_More","twitter_misc":{"Tiempo de lectura":"3 minutos"},"schema":{"@context":"https:\/\/schema.org","@graph":[{"@type":"WebPage","@id":"https:\/\/tourtravelandmore.com\/es\/tours\/espana-es\/pamplona-es\/excursion-privada-a-la-selva-de-irati-desde-pamplona\/","url":"https:\/\/tourtravelandmore.com\/es\/tours\/espana-es\/pamplona-es\/excursion-privada-a-la-selva-de-irati-desde-pamplona\/","name":"\u27a1\ufe0f Tour privado a la Selva de Irati desde Pamplona | Tour Travel & More","isPartOf":{"@id":"https:\/\/tourtravelandmore.com\/es\/#website"},"primaryImageOfPage":{"@id":"https:\/\/tourtravelandmore.com\/es\/tours\/espana-es\/pamplona-es\/excursion-privada-a-la-selva-de-irati-desde-pamplona\/#primaryimage"},"image":{"@id":"https:\/\/tourtravelandmore.com\/es\/tours\/espana-es\/pamplona-es\/excursion-privada-a-la-selva-de-irati-desde-pamplona\/#primaryimage"},"thumbnailUrl":"https:\/\/tourtravelandmore.com\/wp-content\/uploads\/2022\/03\/image2-5.jpg","datePublished":"2022-03-22T16:57:02+00:00","dateModified":"2023-01-24T04:28:14+00:00","description":"Descubre uno de los bosques de hayas m\u00e1s hermosos de Europa, en un tour privado a la Selva de Irati desde Pamplona \u2705","breadcrumb":{"@id":"https:\/\/tourtravelandmore.com\/es\/tours\/espana-es\/pamplona-es\/excursion-privada-a-la-selva-de-irati-desde-pamplona\/#breadcrumb"},"inLanguage":"es","potentialAction":[{"@type":"ReadAction","target":["https:\/\/tourtravelandmore.com\/es\/tours\/espana-es\/pamplona-es\/excursion-privada-a-la-selva-de-irati-desde-pamplona\/"]}]},{"@type":"ImageObject","inLanguage":"es","@id":"https:\/\/tourtravelandmore.com\/es\/tours\/espana-es\/pamplona-es\/excursion-privada-a-la-selva-de-irati-desde-pamplona\/#primaryimage","url":"https:\/\/tourtravelandmore.com\/wp-content\/uploads\/2022\/03\/image2-5.jpg","contentUrl":"https:\/\/tourtravelandmore.com\/wp-content\/uploads\/2022\/03\/image2-5.jpg","width":900,"height":680},{"@type":"BreadcrumbList","@id":"https:\/\/tourtravelandmore.com\/es\/tours\/espana-es\/pamplona-es\/excursion-privada-a-la-selva-de-irati-desde-pamplona\/#breadcrumb","itemListElement":[{"@type":"ListItem","position":1,"name":"Home","item":"https:\/\/tourtravelandmore.com\/es\/"},{"@type":"ListItem","position":2,"name":"Tours","item":"https:\/\/tourtravelandmore.com\/es\/tours\/"},{"@type":"ListItem","position":3,"name":"Excursi\u00f3n privada a la Selva de Irati desde Pamplona"}]},{"@type":"WebSite","@id":"https:\/\/tourtravelandmore.com\/es\/#website","url":"https:\/\/tourtravelandmore.com\/es\/","name":"Tour Travel And More","description":"Private sightseeing tours and luxury transfers in Spain","publisher":{"@id":"https:\/\/tourtravelandmore.com\/es\/#organization"},"potentialAction":[{"@type":"SearchAction","target":{"@type":"EntryPoint","urlTemplate":"https:\/\/tourtravelandmore.com\/es\/?s={search_term_string}"},"query-input":{"@type":"PropertyValueSpecification","valueRequired":true,"valueName":"search_term_string"}}],"inLanguage":"es"},{"@type":"Organization","@id":"https:\/\/tourtravelandmore.com\/es\/#organization","name":"Tour Travel And More","url":"https:\/\/tourtravelandmore.com\/es\/","logo":{"@type":"ImageObject","inLanguage":"es","@id":"https:\/\/tourtravelandmore.com\/es\/#\/schema\/logo\/image\/","url":"https:\/\/tourtravelandmore.com\/wp-content\/uploads\/2022\/12\/cropped-logo-cabecera-new.png","contentUrl":"https:\/\/tourtravelandmore.com\/wp-content\/uploads\/2022\/12\/cropped-logo-cabecera-new.png","width":430,"height":61,"caption":"Tour Travel And More"},"image":{"@id":"https:\/\/tourtravelandmore.com\/es\/#\/schema\/logo\/image\/"},"sameAs":["https:\/\/www.facebook.com\/tourtravelandmore\/","https:\/\/x.com\/TourTravel_More"]}]}},"_links":{"self":[{"href":"https:\/\/tourtravelandmore.com\/es\/wp-json\/wp\/v2\/product\/121552","targetHints":{"allow":["GET"]}}],"collection":[{"href":"https:\/\/tourtravelandmore.com\/es\/wp-json\/wp\/v2\/product"}],"about":[{"href":"https:\/\/tourtravelandmore.com\/es\/wp-json\/wp\/v2\/types\/product"}],"replies":[{"embeddable":true,"href":"https:\/\/tourtravelandmore.com\/es\/wp-json\/wp\/v2\/comments?post=121552"}],"wp:featuredmedia":[{"embeddable":true,"href":"https:\/\/tourtravelandmore.com\/es\/wp-json\/wp\/v2\/media\/121572"}],"wp:attachment":[{"href":"https:\/\/tourtravelandmore.com\/es\/wp-json\/wp\/v2\/media?parent=121552"}],"wp:term":[{"taxonomy":"product_brand","embeddable":true,"href":"https:\/\/tourtravelandmore.com\/es\/wp-json\/wp\/v2\/product_brand?post=121552"},{"taxonomy":"product_cat","embeddable":true,"href":"https:\/\/tourtravelandmore.com\/es\/wp-json\/wp\/v2\/product_cat?post=121552"},{"taxonomy":"product_tag","embeddable":true,"href":"https:\/\/tourtravelandmore.com\/es\/wp-json\/wp\/v2\/product_tag?post=121552"}],"curies":[{"name":"wp","href":"https:\/\/api.w.org\/{rel}","templated":true}]}}