{"id":121035,"date":"2022-03-10T18:53:44","date_gmt":"2022-03-10T17:53:45","guid":{"rendered":"https:\/\/tourtravelandmore.com\/?post_type=product&#038;p=121035"},"modified":"2022-04-01T12:13:32","modified_gmt":"2022-04-01T10:13:32","slug":"tour-privado-a-genova-desde-milan","status":"publish","type":"product","link":"https:\/\/tourtravelandmore.com\/es\/tours\/italia-es\/milan-es\/tour-privado-a-genova-desde-milan\/","title":{"rendered":"Tour privado a G\u00e9nova desde Mil\u00e1n"},"content":{"rendered":"<h2><b>Descripci\u00f3n del Tour privado a G\u00e9nova desde Mil\u00e1n<\/b><\/h2>\n<p><span style=\"font-weight: 400;\">Nuestro <\/span><b>tour privado a G\u00e9nova desde Mil\u00e1n<\/b><span style=\"font-weight: 400;\"> es una maravillosa oportunidad para descubrir esta din\u00e1mica e hist\u00f3rica ciudad portuaria.\u00a0<\/span><\/p>\n<p><span style=\"font-weight: 400;\">Deja que el gu\u00eda oficial te lleve por el centro de la ciudad y te explique los principales lugares de inter\u00e9s, como el Palazzo Ducale, la Piazza De Ferrari y la iglesia de Santa Chiara. Tambi\u00e9n, ver\u00e1s las pintorescas calles porticadas de G\u00e9nova.\u00a0<\/span><\/p>\n<p><span style=\"font-weight: 400;\">Adem\u00e1s, tendr\u00e1s la oportunidad de tomar espl\u00e9ndidas fotograf\u00edas de la costa y de un precioso puerto hist\u00f3rico.\u00a0<\/span><\/p>\n<p><span style=\"font-weight: 400;\">El <\/span><b>paseo guiado de 10 horas<\/b><span style=\"font-weight: 400;\"> inicia cuando el chofer te busque por un punto c\u00e9ntrico de Mil\u00e1n para llevarte directo hasta G\u00e9nova. En el trayecto ver\u00e1s los m\u00e1s atractivos paisajes del norte de Italia.\u00a0<\/span><\/p>\n<p><span style=\"font-weight: 400;\">Una vez en G\u00e9nova, <\/span><b>el gu\u00eda te acompa\u00f1ar\u00e1 durante 3 horas<\/b><span style=\"font-weight: 400;\"> para que descubras todos los puntos de valor hist\u00f3rico, tur\u00edstico y cultural de la ciudad. Luego, tendr\u00e1s tiempo libre para que explores G\u00e9nova a tu gusto.\u00a0<\/span><\/p>\n<p><span style=\"font-weight: 400;\">El recorrido termina cuando te traslademos nuevamente de vuelta hasta Mil\u00e1n.\u00a0<\/span><\/p>\n<h2><span style=\"color: #d3af37;\"><b>Puntos de inter\u00e9s del <\/b><b>Tour privado a G\u00e9nova desde Mil\u00e1n<\/b><\/span><\/h2>\n<p><span style=\"font-weight: 400;\">Esta excursi\u00f3n a G\u00e9nova Italia con un gu\u00eda privado es totalmente personalizada a tu gusto para que no te pierdas todo lo que hay que hacer y ver en <\/span><b>G\u00e9nova, la cual fue declarada como un Patrimonio de la humanidad por parte de la Unesco.<\/b><\/p>\n<p><span style=\"font-weight: 400;\">El gu\u00eda privado te estar\u00e1 esperando en el centro de G\u00e9nova para acompa\u00f1arte hasta los siguientes puntos de inter\u00e9s:\u00a0<\/span><\/p>\n<h3><span style=\"color: #d3af37;\"><b>El Puerto Antiguo\u00a0<\/b><\/span><\/h3>\n<p><span style=\"font-weight: 400;\">Este es el lugar central de la ciudad y el coraz\u00f3n geogr\u00e1fico de su fundaci\u00f3n. Adem\u00e1s, es un puerto lleno de mucha historia por los fascinantes viajes que hicieron los exploradores hacia el nuevo continente.\u00a0<\/span><\/p>\n<h3><span style=\"color: #d3af37;\"><b>La bi\u00f3sfera y el acuario de G\u00e9nova\u00a0<\/b><\/span><\/h3>\n<p><span style=\"font-weight: 400;\">En nuestro tour privado podr\u00e1s admirar el acuario m\u00e1s grande de Europa y la emblem\u00e1tica escultura que est\u00e1 a su lado, mejor conocida como \u201cLa Bi\u00f3sfera\u201d, la cual alberga una curiosa colecci\u00f3n de especies animales y vegetales.\u00a0<\/span><\/p>\n<h3><span style=\"color: #d3af37;\"><b>El Duomo de G\u00e9nova<\/b><\/span><\/h3>\n<p><span style=\"font-weight: 400;\">La espectacular Cattedrale di San Lorenzo es el recinto religioso m\u00e1s importante de G\u00e9nova. Se trata de una construcci\u00f3n medieval de estilo g\u00f3tico que representa la arquitectura de la ciudad.\u00a0<\/span><\/p>\n<p><span style=\"font-weight: 400;\">Adem\u00e1s, sus p\u00f3rticos son un s\u00edmbolo de G\u00e9nova, por lo que podr\u00e1s tomar muchas fotograf\u00edas desde este incre\u00edble lugar.\u00a0<\/span><\/p>\n<h3><b><span style=\"color: #d3af37;\">La Plaza Ferrari, el centro de G\u00e9nova<\/span>\u00a0<\/b><\/h3>\n<p><span style=\"font-weight: 400;\">Hacer turismo en G\u00e9nova implica una visita obligada hasta la Plaza Ferrari. Conocer\u00e1s este punto de la ciudad con el gu\u00eda privado para ver de cerca algunos de los edificios hist\u00f3ricos que se encuentran a su alrededor, como el Palazzo Ducale, Palazzo della Nuova Borsa y el Teatro Carlo Felice.<\/span><\/p>\n<h3><span style=\"color: #d3af37;\"><b>El Palacio Ducal\u00a0<\/b><\/span><\/h3>\n<p><span style=\"font-weight: 400;\">Esta era la antigua residencia del duque de G\u00e9nova y en cuyo interior se encuentran algunos de los frescos m\u00e1s famosos elaborados por los artistas Maggior y Minor Consiglio.\u00a0<\/span><\/p>\n<p><span style=\"font-weight: 400;\">Tambi\u00e9n, en este tour a G\u00e9nova desde Mil\u00e1n vas a poder explorar:\u00a0<\/span><\/p>\n<ul>\n<li><b>El Palazzo Rosso<\/b><\/li>\n<li><b>Palazzo Bianco<\/b><\/li>\n<li><b>El Palazzo Reale<\/b><\/li>\n<li><b>La residencia donde al parecer fue el nacimiento de Crist\u00f3bal Col\u00f3n<\/b><\/li>\n<li><b>Piazza Dante y much\u00edsimos otros puntos de inter\u00e9s.\u00a0<\/b><\/li>\n<\/ul>\n<p><span style=\"font-weight: 400;\">Finalmente, el coche privado te trasladar\u00e1 de vuelta a Mil\u00e1n, luego de pasar un d\u00eda magn\u00edfico por la pintoresca ciudad de G\u00e9nova.\u00a0<\/span><\/p>\n<p><span style=\"font-weight: 400;\">Si quieres vivir otra experiencia similar de un d\u00eda completo conociendo las ciudades m\u00e1s importantes de Italia, puedes revisar nuestro <\/span><b>tour privado de Parma y Bolonia desde Mil\u00e1n<\/b><\/p>\n","protected":false},"excerpt":{"rendered":"<p><span style=\"font-weight: 400;\">Aparta un poco de tiempo en tu itinerario por Italia y disfruta de un tour privado a G\u00e9nova desde Mil\u00e1n para que explores la ciudad que ha sido el hogar de algunas de las figuras m\u00e1s influyentes de la historia, como Crist\u00f3bal Col\u00f3n y Niccol\u00f2 Paganini. El traslado ser\u00e1 en un confortable coche de lujo y contar\u00e1s con un gu\u00eda privado experto en la historia local<\/span><\/p>\n","protected":false},"featured_media":121054,"comment_status":"open","ping_status":"closed","template":"","meta":{"_acf_changed":false},"product_brand":[],"product_cat":[424,425,427,426],"product_tag":[],"class_list":{"0":"post-121035","1":"product","2":"type-product","3":"status-publish","4":"has-post-thumbnail","6":"product_cat-milan-es","7":"product_cat-milan-actividades-es","8":"product_cat-milan-rutas-turisticas-privadas-es","9":"product_cat-milan-excursiones-es","11":"first","12":"instock","13":"shipping-taxable","14":"purchasable","15":"product-type-simple"},"acf":[],"yoast_head":"<!-- This site is optimized with the Yoast SEO Premium plugin v25.3.1 (Yoast SEO v25.3.1) - https:\/\/yoast.com\/wordpress\/plugins\/seo\/ -->\n<title>Tour privado a G\u00e9nova desde Mil\u00e1n con traslado en coche privado y con un gu\u00eda oficial<\/title>\n<meta name=\"description\" content=\"Descubre la historia y las bellezas de G\u00e9nova en este tour privado desde Mil\u00e1n hasta la capital de la regi\u00f3n de Liguria. El traslado ser\u00e1 en un coche de lujo y tendr\u00e1s la compa\u00f1\u00eda de un gu\u00eda privado para recorrer la ciudad a tu propio ritmo\" \/>\n<meta name=\"robots\" content=\"index, follow, max-snippet:-1, max-image-preview:large, max-video-preview:-1\" \/>\n<link rel=\"canonical\" href=\"https:\/\/tourtravelandmore.com\/es\/tours\/italia-es\/milan-es\/tour-privado-a-genova-desde-milan\/\" \/>\n<meta property=\"og:locale\" content=\"es_ES\" \/>\n<meta property=\"og:type\" content=\"article\" \/>\n<meta property=\"og:title\" content=\"Tour privado a G\u00e9nova desde Mil\u00e1n\" \/>\n<meta property=\"og:description\" content=\"Descubre la historia y las bellezas de G\u00e9nova en este tour privado desde Mil\u00e1n hasta la capital de la regi\u00f3n de Liguria. El traslado ser\u00e1 en un coche de lujo y tendr\u00e1s la compa\u00f1\u00eda de un gu\u00eda privado para recorrer la ciudad a tu propio ritmo\" \/>\n<meta property=\"og:url\" content=\"https:\/\/tourtravelandmore.com\/es\/tours\/italia-es\/milan-es\/tour-privado-a-genova-desde-milan\/\" \/>\n<meta property=\"og:site_name\" content=\"Tour Travel And More\" \/>\n<meta property=\"article:publisher\" content=\"https:\/\/www.facebook.com\/tourtravelandmore\/\" \/>\n<meta property=\"article:modified_time\" content=\"2022-04-01T10:13:32+00:00\" \/>\n<meta property=\"og:image\" content=\"https:\/\/tourtravelandmore.com\/wp-content\/uploads\/2022\/03\/image5-1.jpg\" \/>\n\t<meta property=\"og:image:width\" content=\"900\" \/>\n\t<meta property=\"og:image:height\" content=\"680\" \/>\n\t<meta property=\"og:image:type\" content=\"image\/jpeg\" \/>\n<meta name=\"twitter:card\" content=\"summary_large_image\" \/>\n<meta name=\"twitter:site\" content=\"@TourTravel_More\" \/>\n<meta name=\"twitter:label1\" content=\"Tiempo de lectura\" \/>\n\t<meta name=\"twitter:data1\" content=\"3 minutos\" \/>\n<script type=\"application\/ld+json\" class=\"yoast-schema-graph\">{\"@context\":\"https:\/\/schema.org\",\"@graph\":[{\"@type\":\"WebPage\",\"@id\":\"https:\/\/tourtravelandmore.com\/es\/tours\/italia-es\/milan-es\/tour-privado-a-genova-desde-milan\/\",\"url\":\"https:\/\/tourtravelandmore.com\/es\/tours\/italia-es\/milan-es\/tour-privado-a-genova-desde-milan\/\",\"name\":\"Tour privado a G\u00e9nova desde Mil\u00e1n con traslado en coche privado y con un gu\u00eda oficial\",\"isPartOf\":{\"@id\":\"https:\/\/tourtravelandmore.com\/es\/#website\"},\"primaryImageOfPage\":{\"@id\":\"https:\/\/tourtravelandmore.com\/es\/tours\/italia-es\/milan-es\/tour-privado-a-genova-desde-milan\/#primaryimage\"},\"image\":{\"@id\":\"https:\/\/tourtravelandmore.com\/es\/tours\/italia-es\/milan-es\/tour-privado-a-genova-desde-milan\/#primaryimage\"},\"thumbnailUrl\":\"https:\/\/tourtravelandmore.com\/wp-content\/uploads\/2022\/03\/image5-1.jpg\",\"datePublished\":\"2022-03-10T17:53:45+00:00\",\"dateModified\":\"2022-04-01T10:13:32+00:00\",\"description\":\"Descubre la historia y las bellezas de G\u00e9nova en este tour privado desde Mil\u00e1n hasta la capital de la regi\u00f3n de Liguria. El traslado ser\u00e1 en un coche de lujo y tendr\u00e1s la compa\u00f1\u00eda de un gu\u00eda privado para recorrer la ciudad a tu propio ritmo\",\"breadcrumb\":{\"@id\":\"https:\/\/tourtravelandmore.com\/es\/tours\/italia-es\/milan-es\/tour-privado-a-genova-desde-milan\/#breadcrumb\"},\"inLanguage\":\"es\",\"potentialAction\":[{\"@type\":\"ReadAction\",\"target\":[\"https:\/\/tourtravelandmore.com\/es\/tours\/italia-es\/milan-es\/tour-privado-a-genova-desde-milan\/\"]}]},{\"@type\":\"ImageObject\",\"inLanguage\":\"es\",\"@id\":\"https:\/\/tourtravelandmore.com\/es\/tours\/italia-es\/milan-es\/tour-privado-a-genova-desde-milan\/#primaryimage\",\"url\":\"https:\/\/tourtravelandmore.com\/wp-content\/uploads\/2022\/03\/image5-1.jpg\",\"contentUrl\":\"https:\/\/tourtravelandmore.com\/wp-content\/uploads\/2022\/03\/image5-1.jpg\",\"width\":900,\"height\":680},{\"@type\":\"BreadcrumbList\",\"@id\":\"https:\/\/tourtravelandmore.com\/es\/tours\/italia-es\/milan-es\/tour-privado-a-genova-desde-milan\/#breadcrumb\",\"itemListElement\":[{\"@type\":\"ListItem\",\"position\":1,\"name\":\"Home\",\"item\":\"https:\/\/tourtravelandmore.com\/es\/\"},{\"@type\":\"ListItem\",\"position\":2,\"name\":\"Tours\",\"item\":\"https:\/\/tourtravelandmore.com\/es\/tours\/\"},{\"@type\":\"ListItem\",\"position\":3,\"name\":\"Tour privado a G\u00e9nova desde Mil\u00e1n\"}]},{\"@type\":\"WebSite\",\"@id\":\"https:\/\/tourtravelandmore.com\/es\/#website\",\"url\":\"https:\/\/tourtravelandmore.com\/es\/\",\"name\":\"Tour Travel And More\",\"description\":\"Private sightseeing tours and luxury transfers in Spain\",\"publisher\":{\"@id\":\"https:\/\/tourtravelandmore.com\/es\/#organization\"},\"potentialAction\":[{\"@type\":\"SearchAction\",\"target\":{\"@type\":\"EntryPoint\",\"urlTemplate\":\"https:\/\/tourtravelandmore.com\/es\/?s={search_term_string}\"},\"query-input\":{\"@type\":\"PropertyValueSpecification\",\"valueRequired\":true,\"valueName\":\"search_term_string\"}}],\"inLanguage\":\"es\"},{\"@type\":\"Organization\",\"@id\":\"https:\/\/tourtravelandmore.com\/es\/#organization\",\"name\":\"Tour Travel And More\",\"url\":\"https:\/\/tourtravelandmore.com\/es\/\",\"logo\":{\"@type\":\"ImageObject\",\"inLanguage\":\"es\",\"@id\":\"https:\/\/tourtravelandmore.com\/es\/#\/schema\/logo\/image\/\",\"url\":\"https:\/\/tourtravelandmore.com\/wp-content\/uploads\/2022\/12\/cropped-logo-cabecera-new.png\",\"contentUrl\":\"https:\/\/tourtravelandmore.com\/wp-content\/uploads\/2022\/12\/cropped-logo-cabecera-new.png\",\"width\":430,\"height\":61,\"caption\":\"Tour Travel And More\"},\"image\":{\"@id\":\"https:\/\/tourtravelandmore.com\/es\/#\/schema\/logo\/image\/\"},\"sameAs\":[\"https:\/\/www.facebook.com\/tourtravelandmore\/\",\"https:\/\/x.com\/TourTravel_More\"]}]}<\/script>\n<!-- \/ Yoast SEO Premium plugin. -->","yoast_head_json":{"title":"Tour privado a G\u00e9nova desde Mil\u00e1n con traslado en coche privado y con un gu\u00eda oficial","description":"Descubre la historia y las bellezas de G\u00e9nova en este tour privado desde Mil\u00e1n hasta la capital de la regi\u00f3n de Liguria. El traslado ser\u00e1 en un coche de lujo y tendr\u00e1s la compa\u00f1\u00eda de un gu\u00eda privado para recorrer la ciudad a tu propio ritmo","robots":{"index":"index","follow":"follow","max-snippet":"max-snippet:-1","max-image-preview":"max-image-preview:large","max-video-preview":"max-video-preview:-1"},"canonical":"https:\/\/tourtravelandmore.com\/es\/tours\/italia-es\/milan-es\/tour-privado-a-genova-desde-milan\/","og_locale":"es_ES","og_type":"article","og_title":"Tour privado a G\u00e9nova desde Mil\u00e1n","og_description":"Descubre la historia y las bellezas de G\u00e9nova en este tour privado desde Mil\u00e1n hasta la capital de la regi\u00f3n de Liguria. El traslado ser\u00e1 en un coche de lujo y tendr\u00e1s la compa\u00f1\u00eda de un gu\u00eda privado para recorrer la ciudad a tu propio ritmo","og_url":"https:\/\/tourtravelandmore.com\/es\/tours\/italia-es\/milan-es\/tour-privado-a-genova-desde-milan\/","og_site_name":"Tour Travel And More","article_publisher":"https:\/\/www.facebook.com\/tourtravelandmore\/","article_modified_time":"2022-04-01T10:13:32+00:00","og_image":[{"width":900,"height":680,"url":"https:\/\/tourtravelandmore.com\/wp-content\/uploads\/2022\/03\/image5-1.jpg","type":"image\/jpeg"}],"twitter_card":"summary_large_image","twitter_site":"@TourTravel_More","twitter_misc":{"Tiempo de lectura":"3 minutos"},"schema":{"@context":"https:\/\/schema.org","@graph":[{"@type":"WebPage","@id":"https:\/\/tourtravelandmore.com\/es\/tours\/italia-es\/milan-es\/tour-privado-a-genova-desde-milan\/","url":"https:\/\/tourtravelandmore.com\/es\/tours\/italia-es\/milan-es\/tour-privado-a-genova-desde-milan\/","name":"Tour privado a G\u00e9nova desde Mil\u00e1n con traslado en coche privado y con un gu\u00eda oficial","isPartOf":{"@id":"https:\/\/tourtravelandmore.com\/es\/#website"},"primaryImageOfPage":{"@id":"https:\/\/tourtravelandmore.com\/es\/tours\/italia-es\/milan-es\/tour-privado-a-genova-desde-milan\/#primaryimage"},"image":{"@id":"https:\/\/tourtravelandmore.com\/es\/tours\/italia-es\/milan-es\/tour-privado-a-genova-desde-milan\/#primaryimage"},"thumbnailUrl":"https:\/\/tourtravelandmore.com\/wp-content\/uploads\/2022\/03\/image5-1.jpg","datePublished":"2022-03-10T17:53:45+00:00","dateModified":"2022-04-01T10:13:32+00:00","description":"Descubre la historia y las bellezas de G\u00e9nova en este tour privado desde Mil\u00e1n hasta la capital de la regi\u00f3n de Liguria. El traslado ser\u00e1 en un coche de lujo y tendr\u00e1s la compa\u00f1\u00eda de un gu\u00eda privado para recorrer la ciudad a tu propio ritmo","breadcrumb":{"@id":"https:\/\/tourtravelandmore.com\/es\/tours\/italia-es\/milan-es\/tour-privado-a-genova-desde-milan\/#breadcrumb"},"inLanguage":"es","potentialAction":[{"@type":"ReadAction","target":["https:\/\/tourtravelandmore.com\/es\/tours\/italia-es\/milan-es\/tour-privado-a-genova-desde-milan\/"]}]},{"@type":"ImageObject","inLanguage":"es","@id":"https:\/\/tourtravelandmore.com\/es\/tours\/italia-es\/milan-es\/tour-privado-a-genova-desde-milan\/#primaryimage","url":"https:\/\/tourtravelandmore.com\/wp-content\/uploads\/2022\/03\/image5-1.jpg","contentUrl":"https:\/\/tourtravelandmore.com\/wp-content\/uploads\/2022\/03\/image5-1.jpg","width":900,"height":680},{"@type":"BreadcrumbList","@id":"https:\/\/tourtravelandmore.com\/es\/tours\/italia-es\/milan-es\/tour-privado-a-genova-desde-milan\/#breadcrumb","itemListElement":[{"@type":"ListItem","position":1,"name":"Home","item":"https:\/\/tourtravelandmore.com\/es\/"},{"@type":"ListItem","position":2,"name":"Tours","item":"https:\/\/tourtravelandmore.com\/es\/tours\/"},{"@type":"ListItem","position":3,"name":"Tour privado a G\u00e9nova desde Mil\u00e1n"}]},{"@type":"WebSite","@id":"https:\/\/tourtravelandmore.com\/es\/#website","url":"https:\/\/tourtravelandmore.com\/es\/","name":"Tour Travel And More","description":"Private sightseeing tours and luxury transfers in Spain","publisher":{"@id":"https:\/\/tourtravelandmore.com\/es\/#organization"},"potentialAction":[{"@type":"SearchAction","target":{"@type":"EntryPoint","urlTemplate":"https:\/\/tourtravelandmore.com\/es\/?s={search_term_string}"},"query-input":{"@type":"PropertyValueSpecification","valueRequired":true,"valueName":"search_term_string"}}],"inLanguage":"es"},{"@type":"Organization","@id":"https:\/\/tourtravelandmore.com\/es\/#organization","name":"Tour Travel And More","url":"https:\/\/tourtravelandmore.com\/es\/","logo":{"@type":"ImageObject","inLanguage":"es","@id":"https:\/\/tourtravelandmore.com\/es\/#\/schema\/logo\/image\/","url":"https:\/\/tourtravelandmore.com\/wp-content\/uploads\/2022\/12\/cropped-logo-cabecera-new.png","contentUrl":"https:\/\/tourtravelandmore.com\/wp-content\/uploads\/2022\/12\/cropped-logo-cabecera-new.png","width":430,"height":61,"caption":"Tour Travel And More"},"image":{"@id":"https:\/\/tourtravelandmore.com\/es\/#\/schema\/logo\/image\/"},"sameAs":["https:\/\/www.facebook.com\/tourtravelandmore\/","https:\/\/x.com\/TourTravel_More"]}]}},"_links":{"self":[{"href":"https:\/\/tourtravelandmore.com\/es\/wp-json\/wp\/v2\/product\/121035","targetHints":{"allow":["GET"]}}],"collection":[{"href":"https:\/\/tourtravelandmore.com\/es\/wp-json\/wp\/v2\/product"}],"about":[{"href":"https:\/\/tourtravelandmore.com\/es\/wp-json\/wp\/v2\/types\/product"}],"replies":[{"embeddable":true,"href":"https:\/\/tourtravelandmore.com\/es\/wp-json\/wp\/v2\/comments?post=121035"}],"wp:featuredmedia":[{"embeddable":true,"href":"https:\/\/tourtravelandmore.com\/es\/wp-json\/wp\/v2\/media\/121054"}],"wp:attachment":[{"href":"https:\/\/tourtravelandmore.com\/es\/wp-json\/wp\/v2\/media?parent=121035"}],"wp:term":[{"taxonomy":"product_brand","embeddable":true,"href":"https:\/\/tourtravelandmore.com\/es\/wp-json\/wp\/v2\/product_brand?post=121035"},{"taxonomy":"product_cat","embeddable":true,"href":"https:\/\/tourtravelandmore.com\/es\/wp-json\/wp\/v2\/product_cat?post=121035"},{"taxonomy":"product_tag","embeddable":true,"href":"https:\/\/tourtravelandmore.com\/es\/wp-json\/wp\/v2\/product_tag?post=121035"}],"curies":[{"name":"wp","href":"https:\/\/api.w.org\/{rel}","templated":true}]}}