{"id":120996,"date":"2022-03-10T18:39:52","date_gmt":"2022-03-10T17:39:53","guid":{"rendered":"https:\/\/tourtravelandmore.com\/?post_type=product&#038;p=120996"},"modified":"2022-04-01T12:13:25","modified_gmt":"2022-04-01T10:13:25","slug":"tour-privado-de-parma-y-bolonia-desde-milan","status":"publish","type":"product","link":"https:\/\/tourtravelandmore.com\/es\/tours\/italia-es\/milan-es\/tour-privado-de-parma-y-bolonia-desde-milan\/","title":{"rendered":"Tour privado de Parma y Bolonia desde Mil\u00e1n"},"content":{"rendered":"<h2><b>Descripci\u00f3n del Tour privado de Parma y Bolonia desde Mil\u00e1n<\/b><\/h2>\n<p><span style=\"font-weight: 400;\">Cuando viajas por Italia, hacer una excursi\u00f3n a Parma y Bolonia es algo imprescindible. Estas ciudades italianas son famosas porque producen algunos de los codiciados prosciutto y tambi\u00e9n el queso parmesano que es conocido en todo el mundo. Adem\u00e1s, cuentan con incre\u00edbles lugares hist\u00f3ricos.<\/span><\/p>\n<p><span style=\"font-weight: 400;\">Nuestro <\/span><b>tour privado de Parma y Bolonia desde Mil\u00e1n<\/b><span style=\"font-weight: 400;\"> es personalizado. Por eso, puedes acordar con el chofer privado el punto de encuentro que sea m\u00e1s c\u00f3modo para ti.<\/span><\/p>\n<p><span style=\"font-weight: 400;\">Luego, <\/span><b>te llevaremos en un coche de luj<\/b><span style=\"font-weight: 400;\">o a conocer la incre\u00edble ciudad de Parma, la cual est\u00e1 situada en la regi\u00f3n de Emilia-Roma\u00f1a. En esta ciudad te encontrar\u00e1s con un gu\u00eda privado que te llevar\u00e1 a recorrer los puntos m\u00e1s emblem\u00e1ticos, como el centro hist\u00f3rico, la Piazza Duomo, el Battistero, entre otros sitios.\u00a0<\/span><\/p>\n<p><span style=\"font-weight: 400;\">A continuaci\u00f3n, ir\u00e1s hasta Bolonia, la sede de la universidad m\u00e1s antigua del mundo y una de las principales cunas de la gastronom\u00eda italiana. Nuestro gu\u00eda privado en Bolonia estar\u00e1 atento para que conozcas todos los lugares m\u00e1s interesantes de esta ciudad.\u00a0<\/span><\/p>\n<p><span style=\"font-weight: 400;\">Cuando termine el recorrido, te llevaremos c\u00f3modamente de vuelta hasta Mil\u00e1n. Ser\u00e1 <\/span><b>un paseo exclusivo de 12 horas<\/b><span style=\"font-weight: 400;\"> en el que coleccionar\u00e1s sorprendentes recuerdos.\u00a0<\/span><\/p>\n<h2><span style=\"color: #d3af37;\"><b>Puntos de Inter\u00e9s del <\/b><b>Tour privado de Parma y Bolonia desde Mil\u00e1n<\/b><\/span><\/h2>\n<p><span style=\"font-weight: 400;\">Bolonia y Parma son dos de las ciudades m\u00e1s encantadoras de Italia, y puedes descubrirlas en nuestro tour privado desde Mil\u00e1n. Es un paseo personalizado en donde vas a conocer a tu ritmo los siguientes puntos de inter\u00e9s:\u00a0<\/span><\/p>\n<h3><span style=\"color: #d3af37;\"><b>Parma, la ciudad del queso parmesano y del prosciutto<\/b><\/span><\/h3>\n<p><span style=\"font-weight: 400;\">Parma se destaca porque posee incre\u00edbles monumentos, y es una ciudad relajada y tranquila para visitar. Adem\u00e1s, es la cuna de grandes artistas como Verdi y Toscanini.<\/span><\/p>\n<p><span style=\"font-weight: 400;\">Nuestro gu\u00eda privado te esperar\u00e1 en el centro hist\u00f3rico para que explores los edificios y monumentos m\u00e1s llamativos y que son considerados algunos de los m\u00e1s importantes de Italia.\u00a0<\/span><\/p>\n<p><span style=\"font-weight: 400;\">Podr\u00e1s conocer, entre otros lugares, los siguientes atractivos tur\u00edsticos:\u00a0<\/span><\/p>\n<ul>\n<li><b>El Palazzo della Pilotta<\/b><\/li>\n<li><b>La Catedral Santa Mar\u00eda Assunta<\/b><\/li>\n<li><b>La Piazza Duomo de Parma<\/b><\/li>\n<li><b>Palazzo della Pilotta<\/b><\/li>\n<li><b>El parque Ducal y mucho m\u00e1s.\u00a0<\/b><b><\/b><\/li>\n<\/ul>\n<h3><span style=\"color: #d3af37;\"><b>Bolonia, una aut\u00e9ntica capital gastron\u00f3mica con un centro medieval\u00a0<\/b><\/span><\/h3>\n<p><span style=\"font-weight: 400;\">Bolonia es conocida como \u201cLa ciudad Roja\u201d; adem\u00e1s, en ella se encuentra la universidad m\u00e1s antigua del mundo.\u00a0<\/span><\/p>\n<p><span style=\"font-weight: 400;\">Una vez que llegues a Bolonia, el gu\u00eda oficial privado estar\u00e1 atento para que conozcas algunos de los monumentos y edificios m\u00e1s llamativos, como, por ejemplo:\u00a0<\/span><\/p>\n<ul>\n<li><b>La fuente del Nettuno<\/b><\/li>\n<li><b>La Piazza Maggiore<\/b><\/li>\n<li><b>La Bas\u00edlica de San Petronio<\/b><\/li>\n<li><b>La Bas\u00edlica de San Petronio<\/b><\/li>\n<li><b>Las dos Torres, y muchos otros puntos de gran valor cultural y arquitect\u00f3nico.\u00a0<\/b><\/li>\n<\/ul>\n<p><span style=\"font-weight: 400;\">Igualmente, tendr\u00e1s algo de tiempo libre para que puedas pasear por las ciudades a tu gusto. Al finalizar el paseo, te llevaremos directo a Mil\u00e1n.\u00a0<\/span><\/p>\n<p><span style=\"font-weight: 400;\">No est\u00e1 de m\u00e1s que incluyas en tus planes por Italia nuestro <\/span><a href=\"https:\/\/tourtravelandmore.com\/es\/tours\/italia-es\/milan-es\/tour-privado-a-venecia-desde-milan\/\"><b>tour a Venecia desde Mil\u00e1n<\/b><\/a><span style=\"font-weight: 400;\">. De esta manera,\u00a0 completar\u00e1s tu paseo por las ciudades m\u00e1s bonitas de Italia. <\/span><\/p>\n","protected":false},"excerpt":{"rendered":"<p><span style=\"font-weight: 400;\">Conoce dos de las ciudades m\u00e1s hermosas del norte de Italia en un tour privado personalizado por Parma y Bolonia desde Mil\u00e1n. Descubre los sitios m\u00e1s interesantes de estas dos hist\u00f3ricas ciudades. Adem\u00e1s, el traslado desde Mil\u00e1n ser\u00e1 en un coche de lujo y tendr\u00e1s a un gu\u00eda privado que te hablar\u00e1 de la cultura y la historia de estas grandes urbes medievales<\/span><\/p>\n","protected":false},"featured_media":121015,"comment_status":"open","ping_status":"closed","template":"","meta":{"_acf_changed":false},"product_brand":[],"product_cat":[424,425,427,426],"product_tag":[],"class_list":{"0":"post-120996","1":"product","2":"type-product","3":"status-publish","4":"has-post-thumbnail","6":"product_cat-milan-es","7":"product_cat-milan-actividades-es","8":"product_cat-milan-rutas-turisticas-privadas-es","9":"product_cat-milan-excursiones-es","11":"first","12":"instock","13":"shipping-taxable","14":"purchasable","15":"product-type-simple"},"acf":[],"yoast_head":"<!-- This site is optimized with the Yoast SEO Premium plugin v25.3.1 (Yoast SEO v25.3.1) - https:\/\/yoast.com\/wordpress\/plugins\/seo\/ -->\n<title>Tour privado de Parma y Bolonia desde Mil\u00e1n con gu\u00eda privado y traslado en coche de lujo<\/title>\n<meta name=\"description\" content=\"En este tour privado conocer\u00e1s el gran patrimonio hist\u00f3rico y cultural de Parma y Bolonia, dos de las ciudades m\u00e1s importantes del norte italiano. Te llevaremos en un coche de lujo desde Mil\u00e1n y un gu\u00eda privado te acompa\u00f1ar\u00e1 en cada ciudad\" \/>\n<meta name=\"robots\" content=\"index, follow, max-snippet:-1, max-image-preview:large, max-video-preview:-1\" \/>\n<link rel=\"canonical\" href=\"https:\/\/tourtravelandmore.com\/es\/tours\/italia-es\/milan-es\/tour-privado-de-parma-y-bolonia-desde-milan\/\" \/>\n<meta property=\"og:locale\" content=\"es_ES\" \/>\n<meta property=\"og:type\" content=\"article\" \/>\n<meta property=\"og:title\" content=\"Tour privado de Parma y Bolonia desde Mil\u00e1n\" \/>\n<meta property=\"og:description\" content=\"En este tour privado conocer\u00e1s el gran patrimonio hist\u00f3rico y cultural de Parma y Bolonia, dos de las ciudades m\u00e1s importantes del norte italiano. Te llevaremos en un coche de lujo desde Mil\u00e1n y un gu\u00eda privado te acompa\u00f1ar\u00e1 en cada ciudad\" \/>\n<meta property=\"og:url\" content=\"https:\/\/tourtravelandmore.com\/es\/tours\/italia-es\/milan-es\/tour-privado-de-parma-y-bolonia-desde-milan\/\" \/>\n<meta property=\"og:site_name\" content=\"Tour Travel And More\" \/>\n<meta property=\"article:publisher\" content=\"https:\/\/www.facebook.com\/tourtravelandmore\/\" \/>\n<meta property=\"article:modified_time\" content=\"2022-04-01T10:13:25+00:00\" \/>\n<meta property=\"og:image\" content=\"https:\/\/tourtravelandmore.com\/wp-content\/uploads\/2022\/03\/image2-4.jpg\" \/>\n\t<meta property=\"og:image:width\" content=\"900\" \/>\n\t<meta property=\"og:image:height\" content=\"680\" \/>\n\t<meta property=\"og:image:type\" content=\"image\/jpeg\" \/>\n<meta name=\"twitter:card\" content=\"summary_large_image\" \/>\n<meta name=\"twitter:site\" content=\"@TourTravel_More\" \/>\n<meta name=\"twitter:label1\" content=\"Tiempo de lectura\" \/>\n\t<meta name=\"twitter:data1\" content=\"3 minutos\" \/>\n<script type=\"application\/ld+json\" class=\"yoast-schema-graph\">{\"@context\":\"https:\/\/schema.org\",\"@graph\":[{\"@type\":\"WebPage\",\"@id\":\"https:\/\/tourtravelandmore.com\/es\/tours\/italia-es\/milan-es\/tour-privado-de-parma-y-bolonia-desde-milan\/\",\"url\":\"https:\/\/tourtravelandmore.com\/es\/tours\/italia-es\/milan-es\/tour-privado-de-parma-y-bolonia-desde-milan\/\",\"name\":\"Tour privado de Parma y Bolonia desde Mil\u00e1n con gu\u00eda privado y traslado en coche de lujo\",\"isPartOf\":{\"@id\":\"https:\/\/tourtravelandmore.com\/es\/#website\"},\"primaryImageOfPage\":{\"@id\":\"https:\/\/tourtravelandmore.com\/es\/tours\/italia-es\/milan-es\/tour-privado-de-parma-y-bolonia-desde-milan\/#primaryimage\"},\"image\":{\"@id\":\"https:\/\/tourtravelandmore.com\/es\/tours\/italia-es\/milan-es\/tour-privado-de-parma-y-bolonia-desde-milan\/#primaryimage\"},\"thumbnailUrl\":\"https:\/\/tourtravelandmore.com\/wp-content\/uploads\/2022\/03\/image2-4.jpg\",\"datePublished\":\"2022-03-10T17:39:53+00:00\",\"dateModified\":\"2022-04-01T10:13:25+00:00\",\"description\":\"En este tour privado conocer\u00e1s el gran patrimonio hist\u00f3rico y cultural de Parma y Bolonia, dos de las ciudades m\u00e1s importantes del norte italiano. Te llevaremos en un coche de lujo desde Mil\u00e1n y un gu\u00eda privado te acompa\u00f1ar\u00e1 en cada ciudad\",\"breadcrumb\":{\"@id\":\"https:\/\/tourtravelandmore.com\/es\/tours\/italia-es\/milan-es\/tour-privado-de-parma-y-bolonia-desde-milan\/#breadcrumb\"},\"inLanguage\":\"es\",\"potentialAction\":[{\"@type\":\"ReadAction\",\"target\":[\"https:\/\/tourtravelandmore.com\/es\/tours\/italia-es\/milan-es\/tour-privado-de-parma-y-bolonia-desde-milan\/\"]}]},{\"@type\":\"ImageObject\",\"inLanguage\":\"es\",\"@id\":\"https:\/\/tourtravelandmore.com\/es\/tours\/italia-es\/milan-es\/tour-privado-de-parma-y-bolonia-desde-milan\/#primaryimage\",\"url\":\"https:\/\/tourtravelandmore.com\/wp-content\/uploads\/2022\/03\/image2-4.jpg\",\"contentUrl\":\"https:\/\/tourtravelandmore.com\/wp-content\/uploads\/2022\/03\/image2-4.jpg\",\"width\":900,\"height\":680},{\"@type\":\"BreadcrumbList\",\"@id\":\"https:\/\/tourtravelandmore.com\/es\/tours\/italia-es\/milan-es\/tour-privado-de-parma-y-bolonia-desde-milan\/#breadcrumb\",\"itemListElement\":[{\"@type\":\"ListItem\",\"position\":1,\"name\":\"Home\",\"item\":\"https:\/\/tourtravelandmore.com\/es\/\"},{\"@type\":\"ListItem\",\"position\":2,\"name\":\"Tours\",\"item\":\"https:\/\/tourtravelandmore.com\/es\/tours\/\"},{\"@type\":\"ListItem\",\"position\":3,\"name\":\"Tour privado de Parma y Bolonia desde Mil\u00e1n\"}]},{\"@type\":\"WebSite\",\"@id\":\"https:\/\/tourtravelandmore.com\/es\/#website\",\"url\":\"https:\/\/tourtravelandmore.com\/es\/\",\"name\":\"Tour Travel And More\",\"description\":\"Private sightseeing tours and luxury transfers in Spain\",\"publisher\":{\"@id\":\"https:\/\/tourtravelandmore.com\/es\/#organization\"},\"potentialAction\":[{\"@type\":\"SearchAction\",\"target\":{\"@type\":\"EntryPoint\",\"urlTemplate\":\"https:\/\/tourtravelandmore.com\/es\/?s={search_term_string}\"},\"query-input\":{\"@type\":\"PropertyValueSpecification\",\"valueRequired\":true,\"valueName\":\"search_term_string\"}}],\"inLanguage\":\"es\"},{\"@type\":\"Organization\",\"@id\":\"https:\/\/tourtravelandmore.com\/es\/#organization\",\"name\":\"Tour Travel And More\",\"url\":\"https:\/\/tourtravelandmore.com\/es\/\",\"logo\":{\"@type\":\"ImageObject\",\"inLanguage\":\"es\",\"@id\":\"https:\/\/tourtravelandmore.com\/es\/#\/schema\/logo\/image\/\",\"url\":\"https:\/\/tourtravelandmore.com\/wp-content\/uploads\/2022\/12\/cropped-logo-cabecera-new.png\",\"contentUrl\":\"https:\/\/tourtravelandmore.com\/wp-content\/uploads\/2022\/12\/cropped-logo-cabecera-new.png\",\"width\":430,\"height\":61,\"caption\":\"Tour Travel And More\"},\"image\":{\"@id\":\"https:\/\/tourtravelandmore.com\/es\/#\/schema\/logo\/image\/\"},\"sameAs\":[\"https:\/\/www.facebook.com\/tourtravelandmore\/\",\"https:\/\/x.com\/TourTravel_More\"]}]}<\/script>\n<!-- \/ Yoast SEO Premium plugin. -->","yoast_head_json":{"title":"Tour privado de Parma y Bolonia desde Mil\u00e1n con gu\u00eda privado y traslado en coche de lujo","description":"En este tour privado conocer\u00e1s el gran patrimonio hist\u00f3rico y cultural de Parma y Bolonia, dos de las ciudades m\u00e1s importantes del norte italiano. Te llevaremos en un coche de lujo desde Mil\u00e1n y un gu\u00eda privado te acompa\u00f1ar\u00e1 en cada ciudad","robots":{"index":"index","follow":"follow","max-snippet":"max-snippet:-1","max-image-preview":"max-image-preview:large","max-video-preview":"max-video-preview:-1"},"canonical":"https:\/\/tourtravelandmore.com\/es\/tours\/italia-es\/milan-es\/tour-privado-de-parma-y-bolonia-desde-milan\/","og_locale":"es_ES","og_type":"article","og_title":"Tour privado de Parma y Bolonia desde Mil\u00e1n","og_description":"En este tour privado conocer\u00e1s el gran patrimonio hist\u00f3rico y cultural de Parma y Bolonia, dos de las ciudades m\u00e1s importantes del norte italiano. Te llevaremos en un coche de lujo desde Mil\u00e1n y un gu\u00eda privado te acompa\u00f1ar\u00e1 en cada ciudad","og_url":"https:\/\/tourtravelandmore.com\/es\/tours\/italia-es\/milan-es\/tour-privado-de-parma-y-bolonia-desde-milan\/","og_site_name":"Tour Travel And More","article_publisher":"https:\/\/www.facebook.com\/tourtravelandmore\/","article_modified_time":"2022-04-01T10:13:25+00:00","og_image":[{"width":900,"height":680,"url":"https:\/\/tourtravelandmore.com\/wp-content\/uploads\/2022\/03\/image2-4.jpg","type":"image\/jpeg"}],"twitter_card":"summary_large_image","twitter_site":"@TourTravel_More","twitter_misc":{"Tiempo de lectura":"3 minutos"},"schema":{"@context":"https:\/\/schema.org","@graph":[{"@type":"WebPage","@id":"https:\/\/tourtravelandmore.com\/es\/tours\/italia-es\/milan-es\/tour-privado-de-parma-y-bolonia-desde-milan\/","url":"https:\/\/tourtravelandmore.com\/es\/tours\/italia-es\/milan-es\/tour-privado-de-parma-y-bolonia-desde-milan\/","name":"Tour privado de Parma y Bolonia desde Mil\u00e1n con gu\u00eda privado y traslado en coche de lujo","isPartOf":{"@id":"https:\/\/tourtravelandmore.com\/es\/#website"},"primaryImageOfPage":{"@id":"https:\/\/tourtravelandmore.com\/es\/tours\/italia-es\/milan-es\/tour-privado-de-parma-y-bolonia-desde-milan\/#primaryimage"},"image":{"@id":"https:\/\/tourtravelandmore.com\/es\/tours\/italia-es\/milan-es\/tour-privado-de-parma-y-bolonia-desde-milan\/#primaryimage"},"thumbnailUrl":"https:\/\/tourtravelandmore.com\/wp-content\/uploads\/2022\/03\/image2-4.jpg","datePublished":"2022-03-10T17:39:53+00:00","dateModified":"2022-04-01T10:13:25+00:00","description":"En este tour privado conocer\u00e1s el gran patrimonio hist\u00f3rico y cultural de Parma y Bolonia, dos de las ciudades m\u00e1s importantes del norte italiano. Te llevaremos en un coche de lujo desde Mil\u00e1n y un gu\u00eda privado te acompa\u00f1ar\u00e1 en cada ciudad","breadcrumb":{"@id":"https:\/\/tourtravelandmore.com\/es\/tours\/italia-es\/milan-es\/tour-privado-de-parma-y-bolonia-desde-milan\/#breadcrumb"},"inLanguage":"es","potentialAction":[{"@type":"ReadAction","target":["https:\/\/tourtravelandmore.com\/es\/tours\/italia-es\/milan-es\/tour-privado-de-parma-y-bolonia-desde-milan\/"]}]},{"@type":"ImageObject","inLanguage":"es","@id":"https:\/\/tourtravelandmore.com\/es\/tours\/italia-es\/milan-es\/tour-privado-de-parma-y-bolonia-desde-milan\/#primaryimage","url":"https:\/\/tourtravelandmore.com\/wp-content\/uploads\/2022\/03\/image2-4.jpg","contentUrl":"https:\/\/tourtravelandmore.com\/wp-content\/uploads\/2022\/03\/image2-4.jpg","width":900,"height":680},{"@type":"BreadcrumbList","@id":"https:\/\/tourtravelandmore.com\/es\/tours\/italia-es\/milan-es\/tour-privado-de-parma-y-bolonia-desde-milan\/#breadcrumb","itemListElement":[{"@type":"ListItem","position":1,"name":"Home","item":"https:\/\/tourtravelandmore.com\/es\/"},{"@type":"ListItem","position":2,"name":"Tours","item":"https:\/\/tourtravelandmore.com\/es\/tours\/"},{"@type":"ListItem","position":3,"name":"Tour privado de Parma y Bolonia desde Mil\u00e1n"}]},{"@type":"WebSite","@id":"https:\/\/tourtravelandmore.com\/es\/#website","url":"https:\/\/tourtravelandmore.com\/es\/","name":"Tour Travel And More","description":"Private sightseeing tours and luxury transfers in Spain","publisher":{"@id":"https:\/\/tourtravelandmore.com\/es\/#organization"},"potentialAction":[{"@type":"SearchAction","target":{"@type":"EntryPoint","urlTemplate":"https:\/\/tourtravelandmore.com\/es\/?s={search_term_string}"},"query-input":{"@type":"PropertyValueSpecification","valueRequired":true,"valueName":"search_term_string"}}],"inLanguage":"es"},{"@type":"Organization","@id":"https:\/\/tourtravelandmore.com\/es\/#organization","name":"Tour Travel And More","url":"https:\/\/tourtravelandmore.com\/es\/","logo":{"@type":"ImageObject","inLanguage":"es","@id":"https:\/\/tourtravelandmore.com\/es\/#\/schema\/logo\/image\/","url":"https:\/\/tourtravelandmore.com\/wp-content\/uploads\/2022\/12\/cropped-logo-cabecera-new.png","contentUrl":"https:\/\/tourtravelandmore.com\/wp-content\/uploads\/2022\/12\/cropped-logo-cabecera-new.png","width":430,"height":61,"caption":"Tour Travel And More"},"image":{"@id":"https:\/\/tourtravelandmore.com\/es\/#\/schema\/logo\/image\/"},"sameAs":["https:\/\/www.facebook.com\/tourtravelandmore\/","https:\/\/x.com\/TourTravel_More"]}]}},"_links":{"self":[{"href":"https:\/\/tourtravelandmore.com\/es\/wp-json\/wp\/v2\/product\/120996","targetHints":{"allow":["GET"]}}],"collection":[{"href":"https:\/\/tourtravelandmore.com\/es\/wp-json\/wp\/v2\/product"}],"about":[{"href":"https:\/\/tourtravelandmore.com\/es\/wp-json\/wp\/v2\/types\/product"}],"replies":[{"embeddable":true,"href":"https:\/\/tourtravelandmore.com\/es\/wp-json\/wp\/v2\/comments?post=120996"}],"wp:featuredmedia":[{"embeddable":true,"href":"https:\/\/tourtravelandmore.com\/es\/wp-json\/wp\/v2\/media\/121015"}],"wp:attachment":[{"href":"https:\/\/tourtravelandmore.com\/es\/wp-json\/wp\/v2\/media?parent=120996"}],"wp:term":[{"taxonomy":"product_brand","embeddable":true,"href":"https:\/\/tourtravelandmore.com\/es\/wp-json\/wp\/v2\/product_brand?post=120996"},{"taxonomy":"product_cat","embeddable":true,"href":"https:\/\/tourtravelandmore.com\/es\/wp-json\/wp\/v2\/product_cat?post=120996"},{"taxonomy":"product_tag","embeddable":true,"href":"https:\/\/tourtravelandmore.com\/es\/wp-json\/wp\/v2\/product_tag?post=120996"}],"curies":[{"name":"wp","href":"https:\/\/api.w.org\/{rel}","templated":true}]}}