{"id":120957,"date":"2022-03-10T18:24:10","date_gmt":"2022-03-10T17:24:10","guid":{"rendered":"https:\/\/tourtravelandmore.com\/?post_type=product&#038;p=120957"},"modified":"2022-04-01T12:13:51","modified_gmt":"2022-04-01T10:13:51","slug":"tour-privado-a-parma-desde-milan","status":"publish","type":"product","link":"https:\/\/tourtravelandmore.com\/es\/tours\/italia-es\/milan-es\/tour-privado-a-parma-desde-milan\/","title":{"rendered":"Tour privado a Parma desde Mil\u00e1n"},"content":{"rendered":"<h2><b>Descripci\u00f3n del Tour privado a Parma desde Mil\u00e1n<\/b><\/h2>\n<p><span style=\"font-weight: 400;\">Parma es famosa por su queso parmesano, su jam\u00f3n prosciutto y su vino tinto con denominaci\u00f3n de origen. Adem\u00e1s, es una ciudad con un gran legado hist\u00f3rico y cultural que atrae a miles de turistas a\u00f1o tras a\u00f1o.\u00a0<\/span><\/p>\n<p><span style=\"font-weight: 400;\">En nuestro <\/span><b>tour privado a Parma desde Mil\u00e1n<\/b><span style=\"font-weight: 400;\"> conocer\u00e1s los lugares m\u00e1s atractivos, como el famoso museo de La Parmigiana, construido en el siglo XVI, y que ahora alberga numerosas pinturas y frescos del siglo XVI de los principales artistas de Parma, incluido Correggio.\u00a0<\/span><\/p>\n<p><span style=\"font-weight: 400;\">Igualmente, ver\u00e1s la iglesia del Carmine, la cual est\u00e1 decorada en su interior por obras de Correggio. Adem\u00e1s, incluiremos una visita a la Piazza Duomo y a otros lugares hist\u00f3ricos de la ciudad.<\/span><\/p>\n<p><span style=\"font-weight: 400;\">Ser\u00e1 <\/span><b>un paseo de 8 horas<\/b><span style=\"font-weight: 400;\">, en el que te trasladaremos en un coche de lujo. Adem\u00e1s, en Parma tendr\u00e1s la compa\u00f1\u00eda durante 2 horas de un gu\u00eda privado para que no te quede nada sin conocer.\u00a0<\/span><\/p>\n<p><span style=\"font-weight: 400;\">Luego, el coche privado te llevar\u00e1 de vuelta hasta Mil\u00e1n. Toma en cuenta que se trata de una excursi\u00f3n personalizada para que descubras los sitios que m\u00e1s te llamen la atenci\u00f3n.\u00a0<\/span><\/p>\n<h2><span style=\"color: #d3af37;\"><b>Puntos de Inter\u00e9s del Tour Privado<\/b><\/span><\/h2>\n<p><b>Explora de manera personalizada la ciudad de Parma<\/b><span style=\"font-weight: 400;\">, conocida como la capital de las bellas artes de Italia y la cuna del mundialmente famoso queso parmesano.\u00a0<\/span><\/p>\n<p><span style=\"font-weight: 400;\">D\u00e9jate encantar por sus palacios renacentistas, museos, galer\u00edas de arte y sus imponentes iglesias. Nuestro tour privado desde Mil\u00e1n inicia cuando pasemos por ti por un punto c\u00e9ntrico de Mil\u00e1n para llevarte en un coche de lujo hasta Parma.\u00a0<\/span><\/p>\n<p><span style=\"font-weight: 400;\">Una vez all\u00ed, el gu\u00eda privado te llevar\u00e1 a recorrer los siguientes puntos de inter\u00e9s:\u00a0<\/span><\/p>\n<h3><span style=\"color: #d3af37;\"><b>Piazza Duomo de Parma<\/b><\/span><\/h3>\n<p><span style=\"font-weight: 400;\">Esta es una de las plazas medievales m\u00e1s conservadas de Italia. Adem\u00e1s, est\u00e1 situada en pleno centro de la ciudad y se encuentra rodeada de incre\u00edbles edificios hist\u00f3ricos, como el Baptisterio y la Catedral de Parma.\u00a0<\/span><\/p>\n<h3><span style=\"color: #d3af37;\"><b>El Palazzo della Pilotta<\/b><\/span><\/h3>\n<p><span style=\"font-weight: 400;\">Sin dudas, este es uno de los edificios m\u00e1s llamativos de Parma y se ubica muy cerca de la Piazza del Duomo.\u00a0<\/span><\/p>\n<p><span style=\"font-weight: 400;\">En su interior se encuentran actualmente la biblioteca Palatina y la Galer\u00eda Nacional. Sabemos que querr\u00e1s tomar fotograf\u00edas de este monumento, puesto que su arquitectura es impresionante.\u00a0<\/span><\/p>\n<h3><span style=\"color: #d3af37;\"><b>El Baptisterio de Parma<\/b><\/span><\/h3>\n<p><span style=\"font-weight: 400;\">Muy cerca de la Catedral de Parma encontrar\u00e1s otro de los tesoros de la ciudad: el Baptisterio de Parma.\u00a0<\/span><\/p>\n<p><span style=\"font-weight: 400;\">Este incre\u00edble monumento te encantar\u00e1 por cada uno de los detalles que tiene. Para empezar, la estructura est\u00e1 cubierta por un hermoso m\u00e1rmol rosado de Verona, que convierte a esta construcci\u00f3n en toda una obra de arte.\u00a0<\/span><\/p>\n<p><span style=\"font-weight: 400;\">Adem\u00e1s, su interior es muy elegante y alberga distintas obras art\u00edsticas de los artistas m\u00e1s famosos de Italia.\u00a0<\/span><\/p>\n<h3><span style=\"color: #d3af37;\"><b>La Catedral de Parma\u00a0<\/b><\/span><\/h3>\n<p><span style=\"font-weight: 400;\">El Duomo de Santa Mar\u00eda Assunta o la Catedral de Parma fue construida durante el siglo XI y XII.\u00a0<\/span><\/p>\n<p><span style=\"font-weight: 400;\">En esta espl\u00e9ndida edificaci\u00f3n se mezclan distintos estilos arquitect\u00f3nicos, como el g\u00f3tico y el renacentista. De hecho, se considera <\/span><b>una de las obras rom\u00e1nicas m\u00e1s hermosas de Europa<\/b><span style=\"font-weight: 400;\">, y podr\u00e1s admirar esta obra maestra con nuestra excursi\u00f3n guiada.\u00a0<\/span><\/p>\n<p><span style=\"font-weight: 400;\">Hay muchos otros sitios m\u00e1s en Parma que vas a conocer, como, por ejemplo:\u00a0<\/span><\/p>\n<ul>\n<li><b>Palazzo della Pilotta<\/b><\/li>\n<li><b>El Teatro Farnese<\/b><\/li>\n<li><b>El Teatro Regio<\/b><\/li>\n<li><b>El museo Parmigiana<\/b><\/li>\n<li><b>El Castillo de Torrechiara y mucho m\u00e1s.\u00a0<\/b><\/li>\n<\/ul>\n<p><span style=\"font-weight: 400;\">Nuestra excursi\u00f3n privada es 100% personalizada. Por eso, contar\u00e1s con el gu\u00eda oficial para ir hasta los puntos de Parma que m\u00e1s te interesen y de acuerdo a tus gustos.\u00a0<\/span><\/p>\n<p><span style=\"font-weight: 400;\">Por \u00faltimo, el coche te llevar\u00e1 en un viaje c\u00f3modo y placentero de vuelta a Mil\u00e1n.\u00a0<\/span><\/p>\n<p><span style=\"font-weight: 400;\">No est\u00e1 de m\u00e1s que dentro de tu itinerario de viaje por Italia, incluyas nuestro <\/span><b><a href=\"https:\/\/tourtravelandmore.com\/es\/tours\/italia-es\/milan-es\/tour-privado-a-genova-desde-milan\/\">tour privado a G\u00e9nova desde Mil\u00e1n<\/a> <\/b><span style=\"font-weight: 400;\">para que conozcas la capital de la regi\u00f3n de Liguria.<\/span><\/p>\n","protected":false},"excerpt":{"rendered":"<p><span style=\"font-weight: 400;\">Realiza un espl\u00e9ndido recorrido por Parma, la ciudad cuna del queso parmesano, en un tour privado saliendo desde Mil\u00e1n. Aprovecha para conocer los monumentos y edificios m\u00e1s simb\u00f3licos de esta urbe, como la Catedral de Parma, el Baptisterio, la Piazza Duomo, entre muchos otros. El recorrido ser\u00e1 en un confortable coche de lujo y con la compa\u00f1\u00eda de un gu\u00eda oficial privado<\/span><\/p>\n","protected":false},"featured_media":120982,"comment_status":"open","ping_status":"closed","template":"","meta":{"_acf_changed":false},"product_brand":[],"product_cat":[424,425,427,426],"product_tag":[],"class_list":{"0":"post-120957","1":"product","2":"type-product","3":"status-publish","4":"has-post-thumbnail","6":"product_cat-milan-es","7":"product_cat-milan-actividades-es","8":"product_cat-milan-rutas-turisticas-privadas-es","9":"product_cat-milan-excursiones-es","11":"first","12":"instock","13":"shipping-taxable","14":"purchasable","15":"product-type-simple"},"acf":[],"yoast_head":"<!-- This site is optimized with the Yoast SEO Premium plugin v25.3.1 (Yoast SEO v25.3.1) - https:\/\/yoast.com\/wordpress\/plugins\/seo\/ -->\n<title>Tour privado a Parma desde Mil\u00e1n en un coche de lujo y con un gu\u00eda privado experto en arte e historia<\/title>\n<meta name=\"description\" content=\"Descubre lo mejor de Parma en un tour privado desde Mil\u00e1n, en donde visitar\u00e1s sus monumentos m\u00e1s importantes de esta emblem\u00e1tica ciudad medieval\" \/>\n<meta name=\"robots\" content=\"index, follow, max-snippet:-1, max-image-preview:large, max-video-preview:-1\" \/>\n<link rel=\"canonical\" href=\"https:\/\/tourtravelandmore.com\/es\/tours\/italia-es\/milan-es\/tour-privado-a-parma-desde-milan\/\" \/>\n<meta property=\"og:locale\" content=\"es_ES\" \/>\n<meta property=\"og:type\" content=\"article\" \/>\n<meta property=\"og:title\" content=\"Tour privado a Parma desde Mil\u00e1n\" \/>\n<meta property=\"og:description\" content=\"Descubre lo mejor de Parma en un tour privado desde Mil\u00e1n, en donde visitar\u00e1s sus monumentos m\u00e1s importantes de esta emblem\u00e1tica ciudad medieval\" \/>\n<meta property=\"og:url\" content=\"https:\/\/tourtravelandmore.com\/es\/tours\/italia-es\/milan-es\/tour-privado-a-parma-desde-milan\/\" \/>\n<meta property=\"og:site_name\" content=\"Tour Travel And More\" \/>\n<meta property=\"article:publisher\" content=\"https:\/\/www.facebook.com\/tourtravelandmore\/\" \/>\n<meta property=\"article:modified_time\" content=\"2022-04-01T10:13:51+00:00\" \/>\n<meta property=\"og:image\" content=\"https:\/\/tourtravelandmore.com\/wp-content\/uploads\/2022\/03\/image5.jpg\" \/>\n\t<meta property=\"og:image:width\" content=\"900\" \/>\n\t<meta property=\"og:image:height\" content=\"680\" \/>\n\t<meta property=\"og:image:type\" content=\"image\/jpeg\" \/>\n<meta name=\"twitter:card\" content=\"summary_large_image\" \/>\n<meta name=\"twitter:site\" content=\"@TourTravel_More\" \/>\n<meta name=\"twitter:label1\" content=\"Tiempo de lectura\" \/>\n\t<meta name=\"twitter:data1\" content=\"3 minutos\" \/>\n<script type=\"application\/ld+json\" class=\"yoast-schema-graph\">{\"@context\":\"https:\/\/schema.org\",\"@graph\":[{\"@type\":\"WebPage\",\"@id\":\"https:\/\/tourtravelandmore.com\/es\/tours\/italia-es\/milan-es\/tour-privado-a-parma-desde-milan\/\",\"url\":\"https:\/\/tourtravelandmore.com\/es\/tours\/italia-es\/milan-es\/tour-privado-a-parma-desde-milan\/\",\"name\":\"Tour privado a Parma desde Mil\u00e1n en un coche de lujo y con un gu\u00eda privado experto en arte e historia\",\"isPartOf\":{\"@id\":\"https:\/\/tourtravelandmore.com\/es\/#website\"},\"primaryImageOfPage\":{\"@id\":\"https:\/\/tourtravelandmore.com\/es\/tours\/italia-es\/milan-es\/tour-privado-a-parma-desde-milan\/#primaryimage\"},\"image\":{\"@id\":\"https:\/\/tourtravelandmore.com\/es\/tours\/italia-es\/milan-es\/tour-privado-a-parma-desde-milan\/#primaryimage\"},\"thumbnailUrl\":\"https:\/\/tourtravelandmore.com\/wp-content\/uploads\/2022\/03\/image5.jpg\",\"datePublished\":\"2022-03-10T17:24:10+00:00\",\"dateModified\":\"2022-04-01T10:13:51+00:00\",\"description\":\"Descubre lo mejor de Parma en un tour privado desde Mil\u00e1n, en donde visitar\u00e1s sus monumentos m\u00e1s importantes de esta emblem\u00e1tica ciudad medieval\",\"breadcrumb\":{\"@id\":\"https:\/\/tourtravelandmore.com\/es\/tours\/italia-es\/milan-es\/tour-privado-a-parma-desde-milan\/#breadcrumb\"},\"inLanguage\":\"es\",\"potentialAction\":[{\"@type\":\"ReadAction\",\"target\":[\"https:\/\/tourtravelandmore.com\/es\/tours\/italia-es\/milan-es\/tour-privado-a-parma-desde-milan\/\"]}]},{\"@type\":\"ImageObject\",\"inLanguage\":\"es\",\"@id\":\"https:\/\/tourtravelandmore.com\/es\/tours\/italia-es\/milan-es\/tour-privado-a-parma-desde-milan\/#primaryimage\",\"url\":\"https:\/\/tourtravelandmore.com\/wp-content\/uploads\/2022\/03\/image5.jpg\",\"contentUrl\":\"https:\/\/tourtravelandmore.com\/wp-content\/uploads\/2022\/03\/image5.jpg\",\"width\":900,\"height\":680},{\"@type\":\"BreadcrumbList\",\"@id\":\"https:\/\/tourtravelandmore.com\/es\/tours\/italia-es\/milan-es\/tour-privado-a-parma-desde-milan\/#breadcrumb\",\"itemListElement\":[{\"@type\":\"ListItem\",\"position\":1,\"name\":\"Home\",\"item\":\"https:\/\/tourtravelandmore.com\/es\/\"},{\"@type\":\"ListItem\",\"position\":2,\"name\":\"Tours\",\"item\":\"https:\/\/tourtravelandmore.com\/es\/tours\/\"},{\"@type\":\"ListItem\",\"position\":3,\"name\":\"Tour privado a Parma desde Mil\u00e1n\"}]},{\"@type\":\"WebSite\",\"@id\":\"https:\/\/tourtravelandmore.com\/es\/#website\",\"url\":\"https:\/\/tourtravelandmore.com\/es\/\",\"name\":\"Tour Travel And More\",\"description\":\"Private sightseeing tours and luxury transfers in Spain\",\"publisher\":{\"@id\":\"https:\/\/tourtravelandmore.com\/es\/#organization\"},\"potentialAction\":[{\"@type\":\"SearchAction\",\"target\":{\"@type\":\"EntryPoint\",\"urlTemplate\":\"https:\/\/tourtravelandmore.com\/es\/?s={search_term_string}\"},\"query-input\":{\"@type\":\"PropertyValueSpecification\",\"valueRequired\":true,\"valueName\":\"search_term_string\"}}],\"inLanguage\":\"es\"},{\"@type\":\"Organization\",\"@id\":\"https:\/\/tourtravelandmore.com\/es\/#organization\",\"name\":\"Tour Travel And More\",\"url\":\"https:\/\/tourtravelandmore.com\/es\/\",\"logo\":{\"@type\":\"ImageObject\",\"inLanguage\":\"es\",\"@id\":\"https:\/\/tourtravelandmore.com\/es\/#\/schema\/logo\/image\/\",\"url\":\"https:\/\/tourtravelandmore.com\/wp-content\/uploads\/2022\/12\/cropped-logo-cabecera-new.png\",\"contentUrl\":\"https:\/\/tourtravelandmore.com\/wp-content\/uploads\/2022\/12\/cropped-logo-cabecera-new.png\",\"width\":430,\"height\":61,\"caption\":\"Tour Travel And More\"},\"image\":{\"@id\":\"https:\/\/tourtravelandmore.com\/es\/#\/schema\/logo\/image\/\"},\"sameAs\":[\"https:\/\/www.facebook.com\/tourtravelandmore\/\",\"https:\/\/x.com\/TourTravel_More\"]}]}<\/script>\n<!-- \/ Yoast SEO Premium plugin. -->","yoast_head_json":{"title":"Tour privado a Parma desde Mil\u00e1n en un coche de lujo y con un gu\u00eda privado experto en arte e historia","description":"Descubre lo mejor de Parma en un tour privado desde Mil\u00e1n, en donde visitar\u00e1s sus monumentos m\u00e1s importantes de esta emblem\u00e1tica ciudad medieval","robots":{"index":"index","follow":"follow","max-snippet":"max-snippet:-1","max-image-preview":"max-image-preview:large","max-video-preview":"max-video-preview:-1"},"canonical":"https:\/\/tourtravelandmore.com\/es\/tours\/italia-es\/milan-es\/tour-privado-a-parma-desde-milan\/","og_locale":"es_ES","og_type":"article","og_title":"Tour privado a Parma desde Mil\u00e1n","og_description":"Descubre lo mejor de Parma en un tour privado desde Mil\u00e1n, en donde visitar\u00e1s sus monumentos m\u00e1s importantes de esta emblem\u00e1tica ciudad medieval","og_url":"https:\/\/tourtravelandmore.com\/es\/tours\/italia-es\/milan-es\/tour-privado-a-parma-desde-milan\/","og_site_name":"Tour Travel And More","article_publisher":"https:\/\/www.facebook.com\/tourtravelandmore\/","article_modified_time":"2022-04-01T10:13:51+00:00","og_image":[{"width":900,"height":680,"url":"https:\/\/tourtravelandmore.com\/wp-content\/uploads\/2022\/03\/image5.jpg","type":"image\/jpeg"}],"twitter_card":"summary_large_image","twitter_site":"@TourTravel_More","twitter_misc":{"Tiempo de lectura":"3 minutos"},"schema":{"@context":"https:\/\/schema.org","@graph":[{"@type":"WebPage","@id":"https:\/\/tourtravelandmore.com\/es\/tours\/italia-es\/milan-es\/tour-privado-a-parma-desde-milan\/","url":"https:\/\/tourtravelandmore.com\/es\/tours\/italia-es\/milan-es\/tour-privado-a-parma-desde-milan\/","name":"Tour privado a Parma desde Mil\u00e1n en un coche de lujo y con un gu\u00eda privado experto en arte e historia","isPartOf":{"@id":"https:\/\/tourtravelandmore.com\/es\/#website"},"primaryImageOfPage":{"@id":"https:\/\/tourtravelandmore.com\/es\/tours\/italia-es\/milan-es\/tour-privado-a-parma-desde-milan\/#primaryimage"},"image":{"@id":"https:\/\/tourtravelandmore.com\/es\/tours\/italia-es\/milan-es\/tour-privado-a-parma-desde-milan\/#primaryimage"},"thumbnailUrl":"https:\/\/tourtravelandmore.com\/wp-content\/uploads\/2022\/03\/image5.jpg","datePublished":"2022-03-10T17:24:10+00:00","dateModified":"2022-04-01T10:13:51+00:00","description":"Descubre lo mejor de Parma en un tour privado desde Mil\u00e1n, en donde visitar\u00e1s sus monumentos m\u00e1s importantes de esta emblem\u00e1tica ciudad medieval","breadcrumb":{"@id":"https:\/\/tourtravelandmore.com\/es\/tours\/italia-es\/milan-es\/tour-privado-a-parma-desde-milan\/#breadcrumb"},"inLanguage":"es","potentialAction":[{"@type":"ReadAction","target":["https:\/\/tourtravelandmore.com\/es\/tours\/italia-es\/milan-es\/tour-privado-a-parma-desde-milan\/"]}]},{"@type":"ImageObject","inLanguage":"es","@id":"https:\/\/tourtravelandmore.com\/es\/tours\/italia-es\/milan-es\/tour-privado-a-parma-desde-milan\/#primaryimage","url":"https:\/\/tourtravelandmore.com\/wp-content\/uploads\/2022\/03\/image5.jpg","contentUrl":"https:\/\/tourtravelandmore.com\/wp-content\/uploads\/2022\/03\/image5.jpg","width":900,"height":680},{"@type":"BreadcrumbList","@id":"https:\/\/tourtravelandmore.com\/es\/tours\/italia-es\/milan-es\/tour-privado-a-parma-desde-milan\/#breadcrumb","itemListElement":[{"@type":"ListItem","position":1,"name":"Home","item":"https:\/\/tourtravelandmore.com\/es\/"},{"@type":"ListItem","position":2,"name":"Tours","item":"https:\/\/tourtravelandmore.com\/es\/tours\/"},{"@type":"ListItem","position":3,"name":"Tour privado a Parma desde Mil\u00e1n"}]},{"@type":"WebSite","@id":"https:\/\/tourtravelandmore.com\/es\/#website","url":"https:\/\/tourtravelandmore.com\/es\/","name":"Tour Travel And More","description":"Private sightseeing tours and luxury transfers in Spain","publisher":{"@id":"https:\/\/tourtravelandmore.com\/es\/#organization"},"potentialAction":[{"@type":"SearchAction","target":{"@type":"EntryPoint","urlTemplate":"https:\/\/tourtravelandmore.com\/es\/?s={search_term_string}"},"query-input":{"@type":"PropertyValueSpecification","valueRequired":true,"valueName":"search_term_string"}}],"inLanguage":"es"},{"@type":"Organization","@id":"https:\/\/tourtravelandmore.com\/es\/#organization","name":"Tour Travel And More","url":"https:\/\/tourtravelandmore.com\/es\/","logo":{"@type":"ImageObject","inLanguage":"es","@id":"https:\/\/tourtravelandmore.com\/es\/#\/schema\/logo\/image\/","url":"https:\/\/tourtravelandmore.com\/wp-content\/uploads\/2022\/12\/cropped-logo-cabecera-new.png","contentUrl":"https:\/\/tourtravelandmore.com\/wp-content\/uploads\/2022\/12\/cropped-logo-cabecera-new.png","width":430,"height":61,"caption":"Tour Travel And More"},"image":{"@id":"https:\/\/tourtravelandmore.com\/es\/#\/schema\/logo\/image\/"},"sameAs":["https:\/\/www.facebook.com\/tourtravelandmore\/","https:\/\/x.com\/TourTravel_More"]}]}},"_links":{"self":[{"href":"https:\/\/tourtravelandmore.com\/es\/wp-json\/wp\/v2\/product\/120957","targetHints":{"allow":["GET"]}}],"collection":[{"href":"https:\/\/tourtravelandmore.com\/es\/wp-json\/wp\/v2\/product"}],"about":[{"href":"https:\/\/tourtravelandmore.com\/es\/wp-json\/wp\/v2\/types\/product"}],"replies":[{"embeddable":true,"href":"https:\/\/tourtravelandmore.com\/es\/wp-json\/wp\/v2\/comments?post=120957"}],"wp:featuredmedia":[{"embeddable":true,"href":"https:\/\/tourtravelandmore.com\/es\/wp-json\/wp\/v2\/media\/120982"}],"wp:attachment":[{"href":"https:\/\/tourtravelandmore.com\/es\/wp-json\/wp\/v2\/media?parent=120957"}],"wp:term":[{"taxonomy":"product_brand","embeddable":true,"href":"https:\/\/tourtravelandmore.com\/es\/wp-json\/wp\/v2\/product_brand?post=120957"},{"taxonomy":"product_cat","embeddable":true,"href":"https:\/\/tourtravelandmore.com\/es\/wp-json\/wp\/v2\/product_cat?post=120957"},{"taxonomy":"product_tag","embeddable":true,"href":"https:\/\/tourtravelandmore.com\/es\/wp-json\/wp\/v2\/product_tag?post=120957"}],"curies":[{"name":"wp","href":"https:\/\/api.w.org\/{rel}","templated":true}]}}