{"id":120921,"date":"2022-03-10T17:55:14","date_gmt":"2022-03-10T16:55:15","guid":{"rendered":"https:\/\/tourtravelandmore.com\/?post_type=product&#038;p=120921"},"modified":"2022-04-01T12:12:58","modified_gmt":"2022-04-01T10:12:58","slug":"tour-privado-a-bergamo-desde-milan","status":"publish","type":"product","link":"https:\/\/tourtravelandmore.com\/es\/tours\/italia-es\/milan-es\/tour-privado-a-bergamo-desde-milan\/","title":{"rendered":"Tour privado a B\u00e9rgamo desde Mil\u00e1n"},"content":{"rendered":"<h2><b>Descripci\u00f3n del Tour privado a B\u00e9rgamo desde Mil\u00e1n<\/b><\/h2>\n<p><span style=\"font-weight: 400;\">A unos 60 km al noreste de Mil\u00e1n, se encuentra la atractiva B\u00e9rgamo, una ciudad que ha conservado todo su encanto medieval y renacentista a trav\u00e9s de los siglos.\u00a0<\/span><\/p>\n<p><span style=\"font-weight: 400;\">El <\/span><b>tour privado<\/b> <b>a B\u00e9rgamo desde Mil\u00e1n<\/b><span style=\"font-weight: 400;\"> inicia al buscarte en un punto c\u00e9ntrico de Mil\u00e1n para trasladarte en un c\u00f3modo coche de lujo hasta la regi\u00f3n de Lombard\u00eda en donde descubrir\u00e1s a B\u00e9rgamo, una ciudad que te enamorar\u00e1 por su imponente arquitectura medieval y bohemia.\u00a0<\/span><\/p>\n<p><span style=\"font-weight: 400;\">El gu\u00eda privado te llevar\u00e1 a conocer la Citt\u00e0 alta en el emblem\u00e1tico <\/span><b>funicular de B\u00e9rgamo<\/b><span style=\"font-weight: 400;\">. Desde esa zona tendr\u00e1s una vista incre\u00edble de la muralla de la ciudad y de la moderna Citt\u00e0 bassa o ciudad baja de B\u00e9rgamo.\u00a0<\/span><\/p>\n<p><span style=\"font-weight: 400;\">Tambi\u00e9n, vas a conocer los lugares m\u00e1s importantes de esa urbe, como la capilla Colleoni, la iglesia Santa Maria Maggiore, Palazzo della Ragione, Piazza Vecchia y muchos otros sitios de gran valor hist\u00f3rico y cultural. Vivir\u00e1s <\/span><b>una experiencia m\u00e1gica y muy entretenida<\/b><span style=\"font-weight: 400;\">.\u00a0<\/span><\/p>\n<p><span style=\"font-weight: 400;\">Ser\u00e1 <\/span><b>un paseo de 8 horas<\/b><span style=\"font-weight: 400;\"> para que recorras la ciudad de B\u00e9rgamo a tu propio ritmo. Finalmente, el coche privado te llevar\u00e1 de regreso a Mil\u00e1n para que descanses o contin\u00faes con tu paseo por Italia.\u00a0<\/span><\/p>\n<h2><span style=\"color: #d3af37;\"><b>Puntos de Inter\u00e9s del <\/b><b>Tour privado a B\u00e9rgamo desde Mil\u00e1n<\/b><\/span><\/h2>\n<p><span style=\"font-weight: 400;\">Disfruta de esta <\/span><b>excursi\u00f3n personalizada<\/b><span style=\"font-weight: 400;\"> con nuestro conductor privado y con un gu\u00eda profesional para que te relajes mientras conoce m\u00e1s sobre B\u00e9rgamo, la ciudad donde Leonardo da Vinci pas\u00f3 su infancia.<\/span><\/p>\n<p><span style=\"font-weight: 400;\">Podr\u00e1s apreciar sus \u201cdos ciudades\u201d, las cuales se unen por un singular funicular, ya que el gu\u00eda privado te mostrar\u00e1 los siguientes puntos de inter\u00e9s:\u00a0<\/span><\/p>\n<h3><span style=\"color: #d3af37;\"><b>La Piazza Vecchia<\/b><\/span><\/h3>\n<p><span style=\"font-weight: 400;\">Este es el coraz\u00f3n de la Citt\u00e0 Alta y una de las partes m\u00e1s atractivas de la ciudad. Adem\u00e1s, es una plaza medieval que tiene a su alrededor algunos de los edificios hist\u00f3ricos de la urbe, como el Palazzo Nuovo y la Torre C\u00edvica.\u00a0<\/span><\/p>\n<h3><span style=\"color: #d3af37;\"><b>Cappella Colleoni<\/b><\/span><\/h3>\n<p><span style=\"font-weight: 400;\">Otra de las paradas del tour privado a B\u00e9rgamo ser\u00e1 para admirar una de las obras maestras del renacimiento: La Capilla Colleoni.\u00a0<\/span><\/p>\n<p><span style=\"font-weight: 400;\">Este monumento se encuentra en la Plaza del Duomo y su fachada es todo un espect\u00e1culo visual, puesto que est\u00e1 construida en m\u00e1rmol de distintos colores.<\/span><\/p>\n<p><span style=\"font-weight: 400;\">Igualmente, en su interior est\u00e1n las tumbas de Bartolomeo Colleoni, quien mand\u00f3 a construir el edificio en el a\u00f1o 1472.<\/span><\/p>\n<h3><b><span style=\"color: #d3af37;\">La Catedral de B\u00e9rgamo<\/span>\u00a0<\/b><\/h3>\n<p><span style=\"font-weight: 400;\">La visita guiada te llevar\u00e1 hasta otro de los s\u00edmbolos m\u00e1s representativos de la ciudad, como lo es la Catedral de B\u00e9rgamo, tambi\u00e9n conocida como la catedral de San Alejandro.\u00a0<\/span><\/p>\n<p><span style=\"font-weight: 400;\">Se trata de un edificio hist\u00f3rico construido en el siglo V d.C. y en el que se encuentran varios tesoros del cristianismo, como la tiara del Papa italiano Juan XXIII.\u00a0<\/span><\/p>\n<p><span style=\"font-weight: 400;\">Adem\u00e1s de esos puntos de inter\u00e9s, en el tour privado a B\u00e9rgamo tambi\u00e9n puedes conocer:\u00a0<\/span><\/p>\n<ul>\n<li><b>Castello de San Virgilio<\/b><\/li>\n<li><b>Convento de San Francesco<\/b><\/li>\n<li><b>Iglesia de Santa Maria Maggiore<\/b><\/li>\n<li><b>La Via Gombito<\/b><\/li>\n<li><b>El Palacio de la Raz\u00f3n, entre otros sitios interesantes.\u00a0<\/b><\/li>\n<\/ul>\n<p><span style=\"font-weight: 400;\">Lo mejor es que <\/span><b>en el recorrido estar\u00e1s con el gu\u00eda privado<\/b><span style=\"font-weight: 400;\"> para que tengas todos los datos hist\u00f3ricos de los sitios que visites.\u00a0<\/span><\/p>\n<p><span style=\"font-weight: 400;\">Cuando termine la excursi\u00f3n, el coche de lujo te llevar\u00e1 nuevamente hasta Mil\u00e1n, y te dejar\u00e1 en el sitio que m\u00e1s te convenga y que sea c\u00f3modo para ti.\u00a0 <\/span><\/p>\n","protected":false},"excerpt":{"rendered":"<p><span style=\"font-weight: 400;\">\u00bfQuieres conocer una de las ciudades italianas m\u00e1s atractivas? Aprovecha nuestro tour privado a B\u00e9rgamo desde Mil\u00e1n para explorar los monumentos medievales y renacentistas m\u00e1s llamativos de \u201clas dos ciudades\u201d en B\u00e9rgamo. Ver\u00e1s la Catedral de San Alejandro, la Capilla de Colleoni y muchos otros sitios m\u00e1s. Adem\u00e1s, el traslado ser\u00e1 en un coche de lujo en compa\u00f1\u00eda de un gu\u00eda privado.<\/span><\/p>\n","protected":false},"featured_media":120940,"comment_status":"open","ping_status":"closed","template":"","meta":{"_acf_changed":false},"product_brand":[],"product_cat":[424,425,427],"product_tag":[],"class_list":{"0":"post-120921","1":"product","2":"type-product","3":"status-publish","4":"has-post-thumbnail","6":"product_cat-milan-es","7":"product_cat-milan-actividades-es","8":"product_cat-milan-rutas-turisticas-privadas-es","10":"first","11":"instock","12":"shipping-taxable","13":"purchasable","14":"product-type-simple"},"acf":[],"yoast_head":"<!-- This site is optimized with the Yoast SEO Premium plugin v25.3.1 (Yoast SEO v25.3.1) - https:\/\/yoast.com\/wordpress\/plugins\/seo\/ -->\n<title>Tour privado a B\u00e9rgamo desde Mil\u00e1n en un coche privado, con gu\u00eda incluido y pase al funicular de B\u00e9rgamo<\/title>\n<meta name=\"description\" content=\"Disfruta de un d\u00eda perfecto en tour privado a B\u00e9rgamo desde Mil\u00e1n para que descubras una ciudad medieval que te sorprender\u00e1.\" \/>\n<meta name=\"robots\" content=\"index, follow, max-snippet:-1, max-image-preview:large, max-video-preview:-1\" \/>\n<link rel=\"canonical\" href=\"https:\/\/tourtravelandmore.com\/es\/tours\/italia-es\/milan-es\/tour-privado-a-bergamo-desde-milan\/\" \/>\n<meta property=\"og:locale\" content=\"es_ES\" \/>\n<meta property=\"og:type\" content=\"article\" \/>\n<meta property=\"og:title\" content=\"Tour privado a B\u00e9rgamo desde Mil\u00e1n\" \/>\n<meta property=\"og:description\" content=\"Disfruta de un d\u00eda perfecto en tour privado a B\u00e9rgamo desde Mil\u00e1n para que descubras una ciudad medieval que te sorprender\u00e1.\" \/>\n<meta property=\"og:url\" content=\"https:\/\/tourtravelandmore.com\/es\/tours\/italia-es\/milan-es\/tour-privado-a-bergamo-desde-milan\/\" \/>\n<meta property=\"og:site_name\" content=\"Tour Travel And More\" \/>\n<meta property=\"article:publisher\" content=\"https:\/\/www.facebook.com\/tourtravelandmore\/\" \/>\n<meta property=\"article:modified_time\" content=\"2022-04-01T10:12:58+00:00\" \/>\n<meta property=\"og:image\" content=\"https:\/\/tourtravelandmore.com\/wp-content\/uploads\/2022\/03\/image3-4.jpg\" \/>\n\t<meta property=\"og:image:width\" content=\"900\" \/>\n\t<meta property=\"og:image:height\" content=\"680\" \/>\n\t<meta property=\"og:image:type\" content=\"image\/jpeg\" \/>\n<meta name=\"twitter:card\" content=\"summary_large_image\" \/>\n<meta name=\"twitter:site\" content=\"@TourTravel_More\" \/>\n<meta name=\"twitter:label1\" content=\"Tiempo de lectura\" \/>\n\t<meta name=\"twitter:data1\" content=\"3 minutos\" \/>\n<script type=\"application\/ld+json\" class=\"yoast-schema-graph\">{\"@context\":\"https:\/\/schema.org\",\"@graph\":[{\"@type\":\"WebPage\",\"@id\":\"https:\/\/tourtravelandmore.com\/es\/tours\/italia-es\/milan-es\/tour-privado-a-bergamo-desde-milan\/\",\"url\":\"https:\/\/tourtravelandmore.com\/es\/tours\/italia-es\/milan-es\/tour-privado-a-bergamo-desde-milan\/\",\"name\":\"Tour privado a B\u00e9rgamo desde Mil\u00e1n en un coche privado, con gu\u00eda incluido y pase al funicular de B\u00e9rgamo\",\"isPartOf\":{\"@id\":\"https:\/\/tourtravelandmore.com\/es\/#website\"},\"primaryImageOfPage\":{\"@id\":\"https:\/\/tourtravelandmore.com\/es\/tours\/italia-es\/milan-es\/tour-privado-a-bergamo-desde-milan\/#primaryimage\"},\"image\":{\"@id\":\"https:\/\/tourtravelandmore.com\/es\/tours\/italia-es\/milan-es\/tour-privado-a-bergamo-desde-milan\/#primaryimage\"},\"thumbnailUrl\":\"https:\/\/tourtravelandmore.com\/wp-content\/uploads\/2022\/03\/image3-4.jpg\",\"datePublished\":\"2022-03-10T16:55:15+00:00\",\"dateModified\":\"2022-04-01T10:12:58+00:00\",\"description\":\"Disfruta de un d\u00eda perfecto en tour privado a B\u00e9rgamo desde Mil\u00e1n para que descubras una ciudad medieval que te sorprender\u00e1.\",\"breadcrumb\":{\"@id\":\"https:\/\/tourtravelandmore.com\/es\/tours\/italia-es\/milan-es\/tour-privado-a-bergamo-desde-milan\/#breadcrumb\"},\"inLanguage\":\"es\",\"potentialAction\":[{\"@type\":\"ReadAction\",\"target\":[\"https:\/\/tourtravelandmore.com\/es\/tours\/italia-es\/milan-es\/tour-privado-a-bergamo-desde-milan\/\"]}]},{\"@type\":\"ImageObject\",\"inLanguage\":\"es\",\"@id\":\"https:\/\/tourtravelandmore.com\/es\/tours\/italia-es\/milan-es\/tour-privado-a-bergamo-desde-milan\/#primaryimage\",\"url\":\"https:\/\/tourtravelandmore.com\/wp-content\/uploads\/2022\/03\/image3-4.jpg\",\"contentUrl\":\"https:\/\/tourtravelandmore.com\/wp-content\/uploads\/2022\/03\/image3-4.jpg\",\"width\":900,\"height\":680},{\"@type\":\"BreadcrumbList\",\"@id\":\"https:\/\/tourtravelandmore.com\/es\/tours\/italia-es\/milan-es\/tour-privado-a-bergamo-desde-milan\/#breadcrumb\",\"itemListElement\":[{\"@type\":\"ListItem\",\"position\":1,\"name\":\"Home\",\"item\":\"https:\/\/tourtravelandmore.com\/es\/\"},{\"@type\":\"ListItem\",\"position\":2,\"name\":\"Tours\",\"item\":\"https:\/\/tourtravelandmore.com\/es\/tours\/\"},{\"@type\":\"ListItem\",\"position\":3,\"name\":\"Tour privado a B\u00e9rgamo desde Mil\u00e1n\"}]},{\"@type\":\"WebSite\",\"@id\":\"https:\/\/tourtravelandmore.com\/es\/#website\",\"url\":\"https:\/\/tourtravelandmore.com\/es\/\",\"name\":\"Tour Travel And More\",\"description\":\"Private sightseeing tours and luxury transfers in Spain\",\"publisher\":{\"@id\":\"https:\/\/tourtravelandmore.com\/es\/#organization\"},\"potentialAction\":[{\"@type\":\"SearchAction\",\"target\":{\"@type\":\"EntryPoint\",\"urlTemplate\":\"https:\/\/tourtravelandmore.com\/es\/?s={search_term_string}\"},\"query-input\":{\"@type\":\"PropertyValueSpecification\",\"valueRequired\":true,\"valueName\":\"search_term_string\"}}],\"inLanguage\":\"es\"},{\"@type\":\"Organization\",\"@id\":\"https:\/\/tourtravelandmore.com\/es\/#organization\",\"name\":\"Tour Travel And More\",\"url\":\"https:\/\/tourtravelandmore.com\/es\/\",\"logo\":{\"@type\":\"ImageObject\",\"inLanguage\":\"es\",\"@id\":\"https:\/\/tourtravelandmore.com\/es\/#\/schema\/logo\/image\/\",\"url\":\"https:\/\/tourtravelandmore.com\/wp-content\/uploads\/2022\/12\/cropped-logo-cabecera-new.png\",\"contentUrl\":\"https:\/\/tourtravelandmore.com\/wp-content\/uploads\/2022\/12\/cropped-logo-cabecera-new.png\",\"width\":430,\"height\":61,\"caption\":\"Tour Travel And More\"},\"image\":{\"@id\":\"https:\/\/tourtravelandmore.com\/es\/#\/schema\/logo\/image\/\"},\"sameAs\":[\"https:\/\/www.facebook.com\/tourtravelandmore\/\",\"https:\/\/x.com\/TourTravel_More\"]}]}<\/script>\n<!-- \/ Yoast SEO Premium plugin. -->","yoast_head_json":{"title":"Tour privado a B\u00e9rgamo desde Mil\u00e1n en un coche privado, con gu\u00eda incluido y pase al funicular de B\u00e9rgamo","description":"Disfruta de un d\u00eda perfecto en tour privado a B\u00e9rgamo desde Mil\u00e1n para que descubras una ciudad medieval que te sorprender\u00e1.","robots":{"index":"index","follow":"follow","max-snippet":"max-snippet:-1","max-image-preview":"max-image-preview:large","max-video-preview":"max-video-preview:-1"},"canonical":"https:\/\/tourtravelandmore.com\/es\/tours\/italia-es\/milan-es\/tour-privado-a-bergamo-desde-milan\/","og_locale":"es_ES","og_type":"article","og_title":"Tour privado a B\u00e9rgamo desde Mil\u00e1n","og_description":"Disfruta de un d\u00eda perfecto en tour privado a B\u00e9rgamo desde Mil\u00e1n para que descubras una ciudad medieval que te sorprender\u00e1.","og_url":"https:\/\/tourtravelandmore.com\/es\/tours\/italia-es\/milan-es\/tour-privado-a-bergamo-desde-milan\/","og_site_name":"Tour Travel And More","article_publisher":"https:\/\/www.facebook.com\/tourtravelandmore\/","article_modified_time":"2022-04-01T10:12:58+00:00","og_image":[{"width":900,"height":680,"url":"https:\/\/tourtravelandmore.com\/wp-content\/uploads\/2022\/03\/image3-4.jpg","type":"image\/jpeg"}],"twitter_card":"summary_large_image","twitter_site":"@TourTravel_More","twitter_misc":{"Tiempo de lectura":"3 minutos"},"schema":{"@context":"https:\/\/schema.org","@graph":[{"@type":"WebPage","@id":"https:\/\/tourtravelandmore.com\/es\/tours\/italia-es\/milan-es\/tour-privado-a-bergamo-desde-milan\/","url":"https:\/\/tourtravelandmore.com\/es\/tours\/italia-es\/milan-es\/tour-privado-a-bergamo-desde-milan\/","name":"Tour privado a B\u00e9rgamo desde Mil\u00e1n en un coche privado, con gu\u00eda incluido y pase al funicular de B\u00e9rgamo","isPartOf":{"@id":"https:\/\/tourtravelandmore.com\/es\/#website"},"primaryImageOfPage":{"@id":"https:\/\/tourtravelandmore.com\/es\/tours\/italia-es\/milan-es\/tour-privado-a-bergamo-desde-milan\/#primaryimage"},"image":{"@id":"https:\/\/tourtravelandmore.com\/es\/tours\/italia-es\/milan-es\/tour-privado-a-bergamo-desde-milan\/#primaryimage"},"thumbnailUrl":"https:\/\/tourtravelandmore.com\/wp-content\/uploads\/2022\/03\/image3-4.jpg","datePublished":"2022-03-10T16:55:15+00:00","dateModified":"2022-04-01T10:12:58+00:00","description":"Disfruta de un d\u00eda perfecto en tour privado a B\u00e9rgamo desde Mil\u00e1n para que descubras una ciudad medieval que te sorprender\u00e1.","breadcrumb":{"@id":"https:\/\/tourtravelandmore.com\/es\/tours\/italia-es\/milan-es\/tour-privado-a-bergamo-desde-milan\/#breadcrumb"},"inLanguage":"es","potentialAction":[{"@type":"ReadAction","target":["https:\/\/tourtravelandmore.com\/es\/tours\/italia-es\/milan-es\/tour-privado-a-bergamo-desde-milan\/"]}]},{"@type":"ImageObject","inLanguage":"es","@id":"https:\/\/tourtravelandmore.com\/es\/tours\/italia-es\/milan-es\/tour-privado-a-bergamo-desde-milan\/#primaryimage","url":"https:\/\/tourtravelandmore.com\/wp-content\/uploads\/2022\/03\/image3-4.jpg","contentUrl":"https:\/\/tourtravelandmore.com\/wp-content\/uploads\/2022\/03\/image3-4.jpg","width":900,"height":680},{"@type":"BreadcrumbList","@id":"https:\/\/tourtravelandmore.com\/es\/tours\/italia-es\/milan-es\/tour-privado-a-bergamo-desde-milan\/#breadcrumb","itemListElement":[{"@type":"ListItem","position":1,"name":"Home","item":"https:\/\/tourtravelandmore.com\/es\/"},{"@type":"ListItem","position":2,"name":"Tours","item":"https:\/\/tourtravelandmore.com\/es\/tours\/"},{"@type":"ListItem","position":3,"name":"Tour privado a B\u00e9rgamo desde Mil\u00e1n"}]},{"@type":"WebSite","@id":"https:\/\/tourtravelandmore.com\/es\/#website","url":"https:\/\/tourtravelandmore.com\/es\/","name":"Tour Travel And More","description":"Private sightseeing tours and luxury transfers in Spain","publisher":{"@id":"https:\/\/tourtravelandmore.com\/es\/#organization"},"potentialAction":[{"@type":"SearchAction","target":{"@type":"EntryPoint","urlTemplate":"https:\/\/tourtravelandmore.com\/es\/?s={search_term_string}"},"query-input":{"@type":"PropertyValueSpecification","valueRequired":true,"valueName":"search_term_string"}}],"inLanguage":"es"},{"@type":"Organization","@id":"https:\/\/tourtravelandmore.com\/es\/#organization","name":"Tour Travel And More","url":"https:\/\/tourtravelandmore.com\/es\/","logo":{"@type":"ImageObject","inLanguage":"es","@id":"https:\/\/tourtravelandmore.com\/es\/#\/schema\/logo\/image\/","url":"https:\/\/tourtravelandmore.com\/wp-content\/uploads\/2022\/12\/cropped-logo-cabecera-new.png","contentUrl":"https:\/\/tourtravelandmore.com\/wp-content\/uploads\/2022\/12\/cropped-logo-cabecera-new.png","width":430,"height":61,"caption":"Tour Travel And More"},"image":{"@id":"https:\/\/tourtravelandmore.com\/es\/#\/schema\/logo\/image\/"},"sameAs":["https:\/\/www.facebook.com\/tourtravelandmore\/","https:\/\/x.com\/TourTravel_More"]}]}},"_links":{"self":[{"href":"https:\/\/tourtravelandmore.com\/es\/wp-json\/wp\/v2\/product\/120921","targetHints":{"allow":["GET"]}}],"collection":[{"href":"https:\/\/tourtravelandmore.com\/es\/wp-json\/wp\/v2\/product"}],"about":[{"href":"https:\/\/tourtravelandmore.com\/es\/wp-json\/wp\/v2\/types\/product"}],"replies":[{"embeddable":true,"href":"https:\/\/tourtravelandmore.com\/es\/wp-json\/wp\/v2\/comments?post=120921"}],"wp:featuredmedia":[{"embeddable":true,"href":"https:\/\/tourtravelandmore.com\/es\/wp-json\/wp\/v2\/media\/120940"}],"wp:attachment":[{"href":"https:\/\/tourtravelandmore.com\/es\/wp-json\/wp\/v2\/media?parent=120921"}],"wp:term":[{"taxonomy":"product_brand","embeddable":true,"href":"https:\/\/tourtravelandmore.com\/es\/wp-json\/wp\/v2\/product_brand?post=120921"},{"taxonomy":"product_cat","embeddable":true,"href":"https:\/\/tourtravelandmore.com\/es\/wp-json\/wp\/v2\/product_cat?post=120921"},{"taxonomy":"product_tag","embeddable":true,"href":"https:\/\/tourtravelandmore.com\/es\/wp-json\/wp\/v2\/product_tag?post=120921"}],"curies":[{"name":"wp","href":"https:\/\/api.w.org\/{rel}","templated":true}]}}