{"id":120882,"date":"2022-03-10T17:26:55","date_gmt":"2022-03-10T16:26:56","guid":{"rendered":"https:\/\/tourtravelandmore.com\/?post_type=product&#038;p=120882"},"modified":"2022-04-01T12:13:43","modified_gmt":"2022-04-01T10:13:43","slug":"tour-privado-a-monza-desde-milan","status":"publish","type":"product","link":"https:\/\/tourtravelandmore.com\/es\/tours\/italia-es\/milan-es\/tour-privado-a-monza-desde-milan\/","title":{"rendered":"Tour Privado a Monza desde Mil\u00e1n"},"content":{"rendered":"<h2><b>Descripci\u00f3n del Tour Privado a Monza desde Mil\u00e1n<\/b><\/h2>\n<p><span style=\"font-weight: 400;\">Este <\/span><b>tour privado a Monza desde Mil\u00e1n<\/b><span style=\"font-weight: 400;\"> es la forma perfecta de ver y conocer uno de los lugares m\u00e1s cautivadores de Italia.\u00a0<\/span><\/p>\n<p><span style=\"font-weight: 400;\">En la capital de la provincia de Monza y Brianza, descubrir\u00e1s muchos lugares de gran atractivo tur\u00edstico e hist\u00f3rico.\u00a0<\/span><\/p>\n<p><span style=\"font-weight: 400;\">Adem\u00e1s, Monza es reconocida a nivel mundial por ser a\u00f1o tras a\u00f1o la sede de los premios F\u00f3rmula 1.\u00a0<\/span><\/p>\n<p><span style=\"font-weight: 400;\">La excursi\u00f3n guiada inicia cuando te encuentres en un punto c\u00e9ntrico de Mil\u00e1n con el chofer del coche privado, que te llevar\u00e1 hasta Lombard\u00eda para que conozcas una de las ciudades m\u00e1s representativas de la cultura italiana.\u00a0<\/span><\/p>\n<p><span style=\"font-weight: 400;\">Al llegar a Monza vas a explorar su centro hist\u00f3rico, en el cual se encuentra la imponente Catedral de Monza, mejor conocida como Duomo di Monza.\u00a0<\/span><\/p>\n<p><span style=\"font-weight: 400;\">Igualmente, a pocos metros del centro ver\u00e1s el incre\u00edble aut\u00f3dromo Nazionale di Monza y muchos otros lugares interesantes.\u00a0<\/span><\/p>\n<p><span style=\"font-weight: 400;\">Este <\/span><b>paseo de 4 horas es totalmente personalizado<\/b><span style=\"font-weight: 400;\"> y puedes acordar con el chofer el punto de encuentro en Mil\u00e1n. Asimismo, al finalizar la excursi\u00f3n guiada a Monza te dejamos nuevamente en Mil\u00e1n, tras haber pasado un momento distinto en una de las ciudades con m\u00e1s historia de Italia.\u00a0<\/span><\/p>\n<h2><span style=\"color: #d3af37;\"><b>Puntos de inter\u00e9s del <\/b><b>Tour Privado a Monza desde Mil\u00e1n<\/b><\/span><\/h2>\n<p><span style=\"font-weight: 400;\">A unos 18 kil\u00f3metros al norte de Mil\u00e1n se encuentra la ciudad de Monza, la cual fue fundada en el siglo III a.C. En esta atractiva urbe se mezcla la arquitectura antigua con los elementos m\u00e1s modernos, lo que la hace un lugar magn\u00edfico para explorar.<\/span><\/p>\n<p><span style=\"font-weight: 400;\">Empezaremos el recorrido en un punto c\u00e9ntrico de Mil\u00e1n o en tu hotel, cuando pasemos por ti para adentrarnos hasta la regi\u00f3n de Lombard\u00eda.\u00a0<\/span><\/p>\n<p><span style=\"font-weight: 400;\">Una vez en Monza, nuestro gu\u00eda privado te llevar\u00e1 a conocer los siguientes puntos de inter\u00e9s:\u00a0<\/span><\/p>\n<h3><span style=\"color: #d3af37;\"><b>El Duomo di Monza<\/b><\/span><\/h3>\n<p><span style=\"font-weight: 400;\">Este edificio es una incre\u00edble joya arquitect\u00f3nica que representa muy bien el estilo g\u00f3tico. Adem\u00e1s, es una de las edificaciones m\u00e1s visitadas de Italia.\u00a0<\/span><\/p>\n<p><span style=\"font-weight: 400;\">Su fachada es similar al Duomo de Florencia. Su interior est\u00e1 elegantemente decorado con distintas obras de arte y varios frescos renacentistas realizados por grandes artistas como Zavattari.\u00a0<\/span><\/p>\n<p><span style=\"font-weight: 400;\">En esta visita privada tendr\u00e1s la oportunidad de admirar esta simb\u00f3lica construcci\u00f3n que se ha convertido en el edificio religioso m\u00e1s importante de la ciudad.\u00a0<\/span><\/p>\n<h3><span style=\"color: #d3af37;\"><b>El centro hist\u00f3rico de Monza<\/b><\/span><\/h3>\n<p><span style=\"font-weight: 400;\">Entre la Via Azzone y la Via Alessandro Manzoni encontrar\u00e1s el centro hist\u00f3rico de Monza. Nuestro gu\u00eda te acompa\u00f1ar\u00e1 para que descubras los edificios y monumentos m\u00e1s importantes de Monza, como la Piazza Trento, el Museo C\u00edvico, la Piazza San Paolo o el Puente de Leoni.\u00a0<\/span><\/p>\n<p><span style=\"font-weight: 400;\">Igualmente, ver\u00e1s la Capilla Expiatoria de Monza y muchos otros lugares en donde <\/span><b>vivir\u00e1s una aut\u00e9ntica experiencia italiana.\u00a0<\/b><\/p>\n<p><span style=\"font-weight: 400;\">Esta excursi\u00f3n guiada de 4 horas es exclusiva y personalizada, por lo cual al finalizar el recorrido el chofer te dejar\u00e1 en Mil\u00e1n en el lugar m\u00e1s conveniente para ti.\u00a0<\/span><\/p>\n<p><span style=\"font-weight: 400;\">En caso de que quieras conocer algunas otras ciudades de Italia, puedes optar por nuestro <\/span><b><a href=\"https:\/\/tourtravelandmore.com\/es\/tours\/italia-es\/milan-es\/tour-privado-de-parma-y-bolonia-desde-milan\/\">tour privado de Parma y Bolonia desde Mil\u00e1n<\/a>. <\/b><\/p>\n","protected":false},"excerpt":{"rendered":"<p><span style=\"font-weight: 400;\">Disfruta de un tour privado y personalizado a Monza desde Mil\u00e1n para que explores la ciudad con el aut\u00f3dromo m\u00e1s famoso de Italia. Tambi\u00e9n, descubrir\u00e1s su centro hist\u00f3rico, el Duomo Catedral de Monza y muchas otras atracciones m\u00e1s, ya que ir\u00e1s en un coche de lujo y con un gu\u00eda privado<\/span><\/p>\n","protected":false},"featured_media":120910,"comment_status":"open","ping_status":"closed","template":"","meta":{"_acf_changed":false},"product_brand":[],"product_cat":[424,425,427],"product_tag":[],"class_list":{"0":"post-120882","1":"product","2":"type-product","3":"status-publish","4":"has-post-thumbnail","6":"product_cat-milan-es","7":"product_cat-milan-actividades-es","8":"product_cat-milan-rutas-turisticas-privadas-es","10":"first","11":"instock","12":"shipping-taxable","13":"purchasable","14":"product-type-simple"},"acf":[],"yoast_head":"<!-- This site is optimized with the Yoast SEO Premium plugin v25.3.1 (Yoast SEO v25.3.1) - https:\/\/yoast.com\/wordpress\/plugins\/seo\/ -->\n<title>Tour Privado a Monza desde Mil\u00e1n con traslado en coche de lujo y con gu\u00eda privado incluido<\/title>\n<meta name=\"description\" content=\"Aprovecha tu viaje por Mil\u00e1n y descubre una de las ciudades m\u00e1s famosas de Lombard\u00eda en un tour privado a Monza desde Mil\u00e1n con traslado exclusivo en un coche de lujo y con la compa\u00f1\u00eda de un gu\u00eda oficial privado\" \/>\n<meta name=\"robots\" content=\"index, follow, max-snippet:-1, max-image-preview:large, max-video-preview:-1\" \/>\n<link rel=\"canonical\" href=\"https:\/\/tourtravelandmore.com\/es\/tours\/italia-es\/milan-es\/tour-privado-a-monza-desde-milan\/\" \/>\n<meta property=\"og:locale\" content=\"es_ES\" \/>\n<meta property=\"og:type\" content=\"article\" \/>\n<meta property=\"og:title\" content=\"Tour Privado a Monza desde Mil\u00e1n\" \/>\n<meta property=\"og:description\" content=\"Aprovecha tu viaje por Mil\u00e1n y descubre una de las ciudades m\u00e1s famosas de Lombard\u00eda en un tour privado a Monza desde Mil\u00e1n con traslado exclusivo en un coche de lujo y con la compa\u00f1\u00eda de un gu\u00eda oficial privado\" \/>\n<meta property=\"og:url\" content=\"https:\/\/tourtravelandmore.com\/es\/tours\/italia-es\/milan-es\/tour-privado-a-monza-desde-milan\/\" \/>\n<meta property=\"og:site_name\" content=\"Tour Travel And More\" \/>\n<meta property=\"article:publisher\" content=\"https:\/\/www.facebook.com\/tourtravelandmore\/\" \/>\n<meta property=\"article:modified_time\" content=\"2022-04-01T10:13:43+00:00\" \/>\n<meta property=\"og:image\" content=\"https:\/\/tourtravelandmore.com\/wp-content\/uploads\/2022\/03\/image10.jpg\" \/>\n\t<meta property=\"og:image:width\" content=\"900\" \/>\n\t<meta property=\"og:image:height\" content=\"680\" \/>\n\t<meta property=\"og:image:type\" content=\"image\/jpeg\" \/>\n<meta name=\"twitter:card\" content=\"summary_large_image\" \/>\n<meta name=\"twitter:site\" content=\"@TourTravel_More\" \/>\n<meta name=\"twitter:label1\" content=\"Tiempo de lectura\" \/>\n\t<meta name=\"twitter:data1\" content=\"3 minutos\" \/>\n<script type=\"application\/ld+json\" class=\"yoast-schema-graph\">{\"@context\":\"https:\/\/schema.org\",\"@graph\":[{\"@type\":\"WebPage\",\"@id\":\"https:\/\/tourtravelandmore.com\/es\/tours\/italia-es\/milan-es\/tour-privado-a-monza-desde-milan\/\",\"url\":\"https:\/\/tourtravelandmore.com\/es\/tours\/italia-es\/milan-es\/tour-privado-a-monza-desde-milan\/\",\"name\":\"Tour Privado a Monza desde Mil\u00e1n con traslado en coche de lujo y con gu\u00eda privado incluido\",\"isPartOf\":{\"@id\":\"https:\/\/tourtravelandmore.com\/es\/#website\"},\"primaryImageOfPage\":{\"@id\":\"https:\/\/tourtravelandmore.com\/es\/tours\/italia-es\/milan-es\/tour-privado-a-monza-desde-milan\/#primaryimage\"},\"image\":{\"@id\":\"https:\/\/tourtravelandmore.com\/es\/tours\/italia-es\/milan-es\/tour-privado-a-monza-desde-milan\/#primaryimage\"},\"thumbnailUrl\":\"https:\/\/tourtravelandmore.com\/wp-content\/uploads\/2022\/03\/image10.jpg\",\"datePublished\":\"2022-03-10T16:26:56+00:00\",\"dateModified\":\"2022-04-01T10:13:43+00:00\",\"description\":\"Aprovecha tu viaje por Mil\u00e1n y descubre una de las ciudades m\u00e1s famosas de Lombard\u00eda en un tour privado a Monza desde Mil\u00e1n con traslado exclusivo en un coche de lujo y con la compa\u00f1\u00eda de un gu\u00eda oficial privado\",\"breadcrumb\":{\"@id\":\"https:\/\/tourtravelandmore.com\/es\/tours\/italia-es\/milan-es\/tour-privado-a-monza-desde-milan\/#breadcrumb\"},\"inLanguage\":\"es\",\"potentialAction\":[{\"@type\":\"ReadAction\",\"target\":[\"https:\/\/tourtravelandmore.com\/es\/tours\/italia-es\/milan-es\/tour-privado-a-monza-desde-milan\/\"]}]},{\"@type\":\"ImageObject\",\"inLanguage\":\"es\",\"@id\":\"https:\/\/tourtravelandmore.com\/es\/tours\/italia-es\/milan-es\/tour-privado-a-monza-desde-milan\/#primaryimage\",\"url\":\"https:\/\/tourtravelandmore.com\/wp-content\/uploads\/2022\/03\/image10.jpg\",\"contentUrl\":\"https:\/\/tourtravelandmore.com\/wp-content\/uploads\/2022\/03\/image10.jpg\",\"width\":900,\"height\":680},{\"@type\":\"BreadcrumbList\",\"@id\":\"https:\/\/tourtravelandmore.com\/es\/tours\/italia-es\/milan-es\/tour-privado-a-monza-desde-milan\/#breadcrumb\",\"itemListElement\":[{\"@type\":\"ListItem\",\"position\":1,\"name\":\"Home\",\"item\":\"https:\/\/tourtravelandmore.com\/es\/\"},{\"@type\":\"ListItem\",\"position\":2,\"name\":\"Tours\",\"item\":\"https:\/\/tourtravelandmore.com\/es\/tours\/\"},{\"@type\":\"ListItem\",\"position\":3,\"name\":\"Tour Privado a Monza desde Mil\u00e1n\"}]},{\"@type\":\"WebSite\",\"@id\":\"https:\/\/tourtravelandmore.com\/es\/#website\",\"url\":\"https:\/\/tourtravelandmore.com\/es\/\",\"name\":\"Tour Travel And More\",\"description\":\"Private sightseeing tours and luxury transfers in Spain\",\"publisher\":{\"@id\":\"https:\/\/tourtravelandmore.com\/es\/#organization\"},\"potentialAction\":[{\"@type\":\"SearchAction\",\"target\":{\"@type\":\"EntryPoint\",\"urlTemplate\":\"https:\/\/tourtravelandmore.com\/es\/?s={search_term_string}\"},\"query-input\":{\"@type\":\"PropertyValueSpecification\",\"valueRequired\":true,\"valueName\":\"search_term_string\"}}],\"inLanguage\":\"es\"},{\"@type\":\"Organization\",\"@id\":\"https:\/\/tourtravelandmore.com\/es\/#organization\",\"name\":\"Tour Travel And More\",\"url\":\"https:\/\/tourtravelandmore.com\/es\/\",\"logo\":{\"@type\":\"ImageObject\",\"inLanguage\":\"es\",\"@id\":\"https:\/\/tourtravelandmore.com\/es\/#\/schema\/logo\/image\/\",\"url\":\"https:\/\/tourtravelandmore.com\/wp-content\/uploads\/2022\/12\/cropped-logo-cabecera-new.png\",\"contentUrl\":\"https:\/\/tourtravelandmore.com\/wp-content\/uploads\/2022\/12\/cropped-logo-cabecera-new.png\",\"width\":430,\"height\":61,\"caption\":\"Tour Travel And More\"},\"image\":{\"@id\":\"https:\/\/tourtravelandmore.com\/es\/#\/schema\/logo\/image\/\"},\"sameAs\":[\"https:\/\/www.facebook.com\/tourtravelandmore\/\",\"https:\/\/x.com\/TourTravel_More\"]}]}<\/script>\n<!-- \/ Yoast SEO Premium plugin. -->","yoast_head_json":{"title":"Tour Privado a Monza desde Mil\u00e1n con traslado en coche de lujo y con gu\u00eda privado incluido","description":"Aprovecha tu viaje por Mil\u00e1n y descubre una de las ciudades m\u00e1s famosas de Lombard\u00eda en un tour privado a Monza desde Mil\u00e1n con traslado exclusivo en un coche de lujo y con la compa\u00f1\u00eda de un gu\u00eda oficial privado","robots":{"index":"index","follow":"follow","max-snippet":"max-snippet:-1","max-image-preview":"max-image-preview:large","max-video-preview":"max-video-preview:-1"},"canonical":"https:\/\/tourtravelandmore.com\/es\/tours\/italia-es\/milan-es\/tour-privado-a-monza-desde-milan\/","og_locale":"es_ES","og_type":"article","og_title":"Tour Privado a Monza desde Mil\u00e1n","og_description":"Aprovecha tu viaje por Mil\u00e1n y descubre una de las ciudades m\u00e1s famosas de Lombard\u00eda en un tour privado a Monza desde Mil\u00e1n con traslado exclusivo en un coche de lujo y con la compa\u00f1\u00eda de un gu\u00eda oficial privado","og_url":"https:\/\/tourtravelandmore.com\/es\/tours\/italia-es\/milan-es\/tour-privado-a-monza-desde-milan\/","og_site_name":"Tour Travel And More","article_publisher":"https:\/\/www.facebook.com\/tourtravelandmore\/","article_modified_time":"2022-04-01T10:13:43+00:00","og_image":[{"width":900,"height":680,"url":"https:\/\/tourtravelandmore.com\/wp-content\/uploads\/2022\/03\/image10.jpg","type":"image\/jpeg"}],"twitter_card":"summary_large_image","twitter_site":"@TourTravel_More","twitter_misc":{"Tiempo de lectura":"3 minutos"},"schema":{"@context":"https:\/\/schema.org","@graph":[{"@type":"WebPage","@id":"https:\/\/tourtravelandmore.com\/es\/tours\/italia-es\/milan-es\/tour-privado-a-monza-desde-milan\/","url":"https:\/\/tourtravelandmore.com\/es\/tours\/italia-es\/milan-es\/tour-privado-a-monza-desde-milan\/","name":"Tour Privado a Monza desde Mil\u00e1n con traslado en coche de lujo y con gu\u00eda privado incluido","isPartOf":{"@id":"https:\/\/tourtravelandmore.com\/es\/#website"},"primaryImageOfPage":{"@id":"https:\/\/tourtravelandmore.com\/es\/tours\/italia-es\/milan-es\/tour-privado-a-monza-desde-milan\/#primaryimage"},"image":{"@id":"https:\/\/tourtravelandmore.com\/es\/tours\/italia-es\/milan-es\/tour-privado-a-monza-desde-milan\/#primaryimage"},"thumbnailUrl":"https:\/\/tourtravelandmore.com\/wp-content\/uploads\/2022\/03\/image10.jpg","datePublished":"2022-03-10T16:26:56+00:00","dateModified":"2022-04-01T10:13:43+00:00","description":"Aprovecha tu viaje por Mil\u00e1n y descubre una de las ciudades m\u00e1s famosas de Lombard\u00eda en un tour privado a Monza desde Mil\u00e1n con traslado exclusivo en un coche de lujo y con la compa\u00f1\u00eda de un gu\u00eda oficial privado","breadcrumb":{"@id":"https:\/\/tourtravelandmore.com\/es\/tours\/italia-es\/milan-es\/tour-privado-a-monza-desde-milan\/#breadcrumb"},"inLanguage":"es","potentialAction":[{"@type":"ReadAction","target":["https:\/\/tourtravelandmore.com\/es\/tours\/italia-es\/milan-es\/tour-privado-a-monza-desde-milan\/"]}]},{"@type":"ImageObject","inLanguage":"es","@id":"https:\/\/tourtravelandmore.com\/es\/tours\/italia-es\/milan-es\/tour-privado-a-monza-desde-milan\/#primaryimage","url":"https:\/\/tourtravelandmore.com\/wp-content\/uploads\/2022\/03\/image10.jpg","contentUrl":"https:\/\/tourtravelandmore.com\/wp-content\/uploads\/2022\/03\/image10.jpg","width":900,"height":680},{"@type":"BreadcrumbList","@id":"https:\/\/tourtravelandmore.com\/es\/tours\/italia-es\/milan-es\/tour-privado-a-monza-desde-milan\/#breadcrumb","itemListElement":[{"@type":"ListItem","position":1,"name":"Home","item":"https:\/\/tourtravelandmore.com\/es\/"},{"@type":"ListItem","position":2,"name":"Tours","item":"https:\/\/tourtravelandmore.com\/es\/tours\/"},{"@type":"ListItem","position":3,"name":"Tour Privado a Monza desde Mil\u00e1n"}]},{"@type":"WebSite","@id":"https:\/\/tourtravelandmore.com\/es\/#website","url":"https:\/\/tourtravelandmore.com\/es\/","name":"Tour Travel And More","description":"Private sightseeing tours and luxury transfers in Spain","publisher":{"@id":"https:\/\/tourtravelandmore.com\/es\/#organization"},"potentialAction":[{"@type":"SearchAction","target":{"@type":"EntryPoint","urlTemplate":"https:\/\/tourtravelandmore.com\/es\/?s={search_term_string}"},"query-input":{"@type":"PropertyValueSpecification","valueRequired":true,"valueName":"search_term_string"}}],"inLanguage":"es"},{"@type":"Organization","@id":"https:\/\/tourtravelandmore.com\/es\/#organization","name":"Tour Travel And More","url":"https:\/\/tourtravelandmore.com\/es\/","logo":{"@type":"ImageObject","inLanguage":"es","@id":"https:\/\/tourtravelandmore.com\/es\/#\/schema\/logo\/image\/","url":"https:\/\/tourtravelandmore.com\/wp-content\/uploads\/2022\/12\/cropped-logo-cabecera-new.png","contentUrl":"https:\/\/tourtravelandmore.com\/wp-content\/uploads\/2022\/12\/cropped-logo-cabecera-new.png","width":430,"height":61,"caption":"Tour Travel And More"},"image":{"@id":"https:\/\/tourtravelandmore.com\/es\/#\/schema\/logo\/image\/"},"sameAs":["https:\/\/www.facebook.com\/tourtravelandmore\/","https:\/\/x.com\/TourTravel_More"]}]}},"_links":{"self":[{"href":"https:\/\/tourtravelandmore.com\/es\/wp-json\/wp\/v2\/product\/120882","targetHints":{"allow":["GET"]}}],"collection":[{"href":"https:\/\/tourtravelandmore.com\/es\/wp-json\/wp\/v2\/product"}],"about":[{"href":"https:\/\/tourtravelandmore.com\/es\/wp-json\/wp\/v2\/types\/product"}],"replies":[{"embeddable":true,"href":"https:\/\/tourtravelandmore.com\/es\/wp-json\/wp\/v2\/comments?post=120882"}],"wp:featuredmedia":[{"embeddable":true,"href":"https:\/\/tourtravelandmore.com\/es\/wp-json\/wp\/v2\/media\/120910"}],"wp:attachment":[{"href":"https:\/\/tourtravelandmore.com\/es\/wp-json\/wp\/v2\/media?parent=120882"}],"wp:term":[{"taxonomy":"product_brand","embeddable":true,"href":"https:\/\/tourtravelandmore.com\/es\/wp-json\/wp\/v2\/product_brand?post=120882"},{"taxonomy":"product_cat","embeddable":true,"href":"https:\/\/tourtravelandmore.com\/es\/wp-json\/wp\/v2\/product_cat?post=120882"},{"taxonomy":"product_tag","embeddable":true,"href":"https:\/\/tourtravelandmore.com\/es\/wp-json\/wp\/v2\/product_tag?post=120882"}],"curies":[{"name":"wp","href":"https:\/\/api.w.org\/{rel}","templated":true}]}}