{"id":120713,"date":"2022-03-09T17:26:32","date_gmt":"2022-03-09T16:26:32","guid":{"rendered":"https:\/\/tourtravelandmore.com\/?post_type=product&#038;p=120713"},"modified":"2022-04-01T12:16:17","modified_gmt":"2022-04-01T10:16:17","slug":"tour-privado-a-pie-de-milan-los-tesoros-ocultos","status":"publish","type":"product","link":"https:\/\/tourtravelandmore.com\/es\/tours\/italia-es\/milan-es\/tour-privado-a-pie-de-milan-los-tesoros-ocultos\/","title":{"rendered":"Tour privado a pie de Mil\u00e1n LOS TESOROS OCULTOS"},"content":{"rendered":"<h2><span style=\"font-weight: 400;\">Descripci\u00f3n del Tour privado a pie de Mil\u00e1n LOS TESOROS OCULTOS\u00a0<\/span><\/h2>\n<p><span style=\"font-weight: 400;\">Mil\u00e1n es una ciudad hist\u00f3rica que cuenta con innumerables monumentos, calles y edificios\u00a0 de gran valor arquitect\u00f3nico y cultural.\u00a0<\/span><\/p>\n<p><span style=\"font-weight: 400;\">Sabemos que el centro hist\u00f3rico de Mil\u00e1n es una de sus principales atracciones tur\u00edsticas. No obstante, <\/span><b>este tour privado a pie de Mil\u00e1n<\/b><span style=\"font-weight: 400;\"> es perfecto para <\/span><b>explorar los tesoros ocultos<\/b> <b>de la capital de Lombard\u00eda.<\/b><\/p>\n<p><span style=\"font-weight: 400;\">En primer lugar, te llevaremos hasta la Piazza Pio XI para que admires la Biblioteca Ambrosiana, la cual es una de las galer\u00edas m\u00e1s antiguas de Italia y en donde tambi\u00e9n se encuentra la Pinacoteca Ambrosiana.\u00a0<\/span><\/p>\n<p><span style=\"font-weight: 400;\">En este recinto est\u00e1n algunas de las colecciones de arte y de manuscritos m\u00e1s importantes de la historia europea, como algunos cuadros y documentos de Da Vinci, de Caravaggio y de Botticelli.\u00a0<\/span><\/p>\n<p><span style=\"font-weight: 400;\">Luego, te llevaremos hasta la Iglesia Santa Maria presso San S\u00e1tiro, el cual es uno de los edificios m\u00e1s representativos del estilo renacentista italiano y que est\u00e1 ubicado en el centro de Mil\u00e1n.\u00a0<\/span><\/p>\n<p><b>Durante todo el recorrido de 2 horas estar\u00e1s con un gu\u00eda oficial privado<\/b><span style=\"font-weight: 400;\">, quien estar\u00e1 atento para darte los datos m\u00e1s relevantes de cada punto de inter\u00e9s que visites.\u00a0<\/span><\/p>\n<p><span style=\"font-weight: 400;\">Al finalizar la excursi\u00f3n, el gu\u00eda te dejar\u00e1 en un punto c\u00e9ntrico de la ciudad para que contin\u00faes tu visita por Mil\u00e1n.\u00a0<\/span><\/p>\n<h2><span style=\"font-weight: 400;\">Puntos de inter\u00e9s del tour privado a pie<\/span><\/h2>\n<p><span style=\"font-weight: 400;\">Descubre todos los secretos de la capital del dise\u00f1o italiano, en este tour privado a pie de 2 horas por sus principales tesoros ocultos.\u00a0<\/span><\/p>\n<p><span style=\"font-weight: 400;\">El recorrido inicia cuando te encuentres con el gu\u00eda privado en un punto c\u00e9ntrico de Mil\u00e1n para ir a visitar los siguientes puntos de inter\u00e9s:\u00a0<\/span><\/p>\n<h3><strong><span style=\"color: #d3af37;\">1.The Ambrosiana gallery<\/span><\/strong><\/h3>\n<p><span style=\"font-weight: 400;\">La Biblioteca Ambrosiana fue construida en el a\u00f1o 1607 en honor a San Ambrosio, quien es el patr\u00f3n de la ciudad.\u00a0<\/span><\/p>\n<p><span style=\"font-weight: 400;\">Se trata de <\/span><b>una de las bibliotecas m\u00e1s antiguas de Europa<\/b><span style=\"font-weight: 400;\">, y en donde se encuentran algunos de los documentos m\u00e1s famosos del continente europeo, como por ejemplo, los manuscritos del monasterio benedictino de Bobbio.\u00a0\u00a0<\/span><\/p>\n<p><span style=\"font-weight: 400;\">Posteriormente, en el a\u00f1o 1618 se inaugur\u00f3 en este edificio la Pinacoteca Ambrosiana con la finalidad de que la educaci\u00f3n art\u00edstica fuera gratuita para cualquier persona que tuviera estos dones.\u00a0<\/span><\/p>\n<p><span style=\"font-weight: 400;\">En su interior est\u00e1n m\u00e1s de 1.500 obras maestras, dentro de las que destacan pinturas y cuadros de:\u00a0<\/span><\/p>\n<ul>\n<li><b>Tiziano<\/b><\/li>\n<li><b>Raffaello<\/b><\/li>\n<li><b>Caravaggio<\/b><\/li>\n<li><b>Leonardo da Vinci<\/b><\/li>\n<li><b>Federico Borromeo, entre muchos otros artistas de fama mundial.\u00a0<\/b><span style=\"font-weight: 400;\"><br \/>\n<\/span><\/li>\n<\/ul>\n<ol>\n<li style=\"font-weight: 400;\" aria-level=\"1\">\n<h3><strong><span style=\"color: #d3af37;\">Iglesia Santa Maria presso San S\u00e1tiro<\/span><\/strong><\/h3>\n<\/li>\n<\/ol>\n<p><span style=\"font-weight: 400;\">Junto a la Catedral de Mil\u00e1n, visitaremos la Iglesia Santa Maria presso San S\u00e1tiro. En esta construcci\u00f3n se mezclan distintos modelos arquitect\u00f3nicos, ya que son dos recintos que se unieron para venerar a la Virgen Mar\u00eda y a San S\u00e1tiro, quien fue el hermano de San Ambrosio.\u00a0<\/span><\/p>\n<p><span style=\"font-weight: 400;\">En sus salones <\/span><b>predomina el estilo renacentista<\/b><span style=\"font-weight: 400;\">, aunque ciertos toques g\u00f3ticos se pueden admirar en su fachada. Adem\u00e1s, en su interior se encuentra una de las obras simb\u00f3licas de Mil\u00e1n: \u201cEl falso coro\u201d, la cual fue hecha por el artista Donato Bramante.\u00a0<\/span><\/p>\n<p><span style=\"font-weight: 400;\">En todo momento, el gu\u00eda privado te dar\u00e1 la informaci\u00f3n que necesitas para que ning\u00fan dato hist\u00f3rico quede por fuera.\u00a0<\/span><\/p>\n<p><span style=\"font-weight: 400;\">Cuando finalice el recorrido, nuestro gu\u00eda te llevar\u00e1 hasta el sitio c\u00e9ntrico de Mil\u00e1n que m\u00e1s te convenga.\u00a0<\/span><\/p>\n<p><span style=\"font-weight: 400;\">Puedes completar tu viaje de turismo por la ciudad con nuestro <\/span><a href=\"https:\/\/tourtravelandmore.com\/es\/tours\/italia-es\/milan-es\/tour-privado-a-pie-de-milan-completo\/\"><b>tour a\u00a0 privado a pie de Mil\u00e1n 4 horas<\/b><\/a><span style=\"font-weight: 400;\"> para que vivas una experiencia completa por los sitios m\u00e1s atractivos de esta interesante ciudad italiana.<\/span><\/p>\n","protected":false},"excerpt":{"rendered":"<p><span style=\"font-weight: 400;\">Explora la ciudad de Mil\u00e1n desde otra perspectiva en un tour privado a pie para que descubras los tesoros ocultos que ofrece esta majestuosa ciudad italiana. Aprovecha esta excursi\u00f3n guiada para conocer la Biblioteca Ambrosiana y la Iglesia Santa Maria presso San S\u00e1tiro, dos incre\u00edbles joyas hist\u00f3ricas que te sorprender\u00e1n.<\/span><\/p>\n","protected":false},"featured_media":120744,"comment_status":"open","ping_status":"closed","template":"","meta":{"_acf_changed":false},"product_brand":[],"product_cat":[424,425,428],"product_tag":[],"class_list":{"0":"post-120713","1":"product","2":"type-product","3":"status-publish","4":"has-post-thumbnail","6":"product_cat-milan-es","7":"product_cat-milan-actividades-es","8":"product_cat-milan-tours-privados-pie-es","10":"first","11":"instock","12":"shipping-taxable","13":"purchasable","14":"product-type-simple"},"acf":[],"yoast_head":"<!-- This site is optimized with the Yoast SEO Premium plugin v25.3.1 (Yoast SEO v25.3.1) - https:\/\/yoast.com\/wordpress\/plugins\/seo\/ -->\n<title>Tour privado a pie de Mil\u00e1n por los tesoros ocultos (2 Horas) con un gu\u00eda privado<\/title>\n<meta name=\"description\" content=\"Disfruta de un paseo distinto por Mil\u00e1n en un tour a pie por los tesoros escondidos de esta imponente ciudad. Vas a admirar la Biblioteca Ambrosiana y la Iglesia Santa Maria presso San S\u00e1tiro, en compa\u00f1\u00eda de un gu\u00eda privado experto en arte e historia\" \/>\n<meta name=\"robots\" content=\"index, follow, max-snippet:-1, max-image-preview:large, max-video-preview:-1\" \/>\n<link rel=\"canonical\" href=\"https:\/\/tourtravelandmore.com\/es\/tours\/italia-es\/milan-es\/tour-privado-a-pie-de-milan-los-tesoros-ocultos\/\" \/>\n<meta property=\"og:locale\" content=\"es_ES\" \/>\n<meta property=\"og:type\" content=\"article\" \/>\n<meta property=\"og:title\" content=\"Tour privado a pie de Mil\u00e1n LOS TESOROS OCULTOS\" \/>\n<meta property=\"og:description\" content=\"Disfruta de un paseo distinto por Mil\u00e1n en un tour a pie por los tesoros escondidos de esta imponente ciudad. Vas a admirar la Biblioteca Ambrosiana y la Iglesia Santa Maria presso San S\u00e1tiro, en compa\u00f1\u00eda de un gu\u00eda privado experto en arte e historia\" \/>\n<meta property=\"og:url\" content=\"https:\/\/tourtravelandmore.com\/es\/tours\/italia-es\/milan-es\/tour-privado-a-pie-de-milan-los-tesoros-ocultos\/\" \/>\n<meta property=\"og:site_name\" content=\"Tour Travel And More\" \/>\n<meta property=\"article:publisher\" content=\"https:\/\/www.facebook.com\/tourtravelandmore\/\" \/>\n<meta property=\"article:modified_time\" content=\"2022-04-01T10:16:17+00:00\" \/>\n<meta property=\"og:image\" content=\"https:\/\/tourtravelandmore.com\/wp-content\/uploads\/2022\/03\/image11.jpg\" \/>\n\t<meta property=\"og:image:width\" content=\"900\" \/>\n\t<meta property=\"og:image:height\" content=\"675\" \/>\n\t<meta property=\"og:image:type\" content=\"image\/jpeg\" \/>\n<meta name=\"twitter:card\" content=\"summary_large_image\" \/>\n<meta name=\"twitter:site\" content=\"@TourTravel_More\" \/>\n<meta name=\"twitter:label1\" content=\"Tiempo de lectura\" \/>\n\t<meta name=\"twitter:data1\" content=\"3 minutos\" \/>\n<script type=\"application\/ld+json\" class=\"yoast-schema-graph\">{\"@context\":\"https:\/\/schema.org\",\"@graph\":[{\"@type\":\"WebPage\",\"@id\":\"https:\/\/tourtravelandmore.com\/es\/tours\/italia-es\/milan-es\/tour-privado-a-pie-de-milan-los-tesoros-ocultos\/\",\"url\":\"https:\/\/tourtravelandmore.com\/es\/tours\/italia-es\/milan-es\/tour-privado-a-pie-de-milan-los-tesoros-ocultos\/\",\"name\":\"Tour privado a pie de Mil\u00e1n por los tesoros ocultos (2 Horas) con un gu\u00eda privado\",\"isPartOf\":{\"@id\":\"https:\/\/tourtravelandmore.com\/es\/#website\"},\"primaryImageOfPage\":{\"@id\":\"https:\/\/tourtravelandmore.com\/es\/tours\/italia-es\/milan-es\/tour-privado-a-pie-de-milan-los-tesoros-ocultos\/#primaryimage\"},\"image\":{\"@id\":\"https:\/\/tourtravelandmore.com\/es\/tours\/italia-es\/milan-es\/tour-privado-a-pie-de-milan-los-tesoros-ocultos\/#primaryimage\"},\"thumbnailUrl\":\"https:\/\/tourtravelandmore.com\/wp-content\/uploads\/2022\/03\/image11.jpg\",\"datePublished\":\"2022-03-09T16:26:32+00:00\",\"dateModified\":\"2022-04-01T10:16:17+00:00\",\"description\":\"Disfruta de un paseo distinto por Mil\u00e1n en un tour a pie por los tesoros escondidos de esta imponente ciudad. Vas a admirar la Biblioteca Ambrosiana y la Iglesia Santa Maria presso San S\u00e1tiro, en compa\u00f1\u00eda de un gu\u00eda privado experto en arte e historia\",\"breadcrumb\":{\"@id\":\"https:\/\/tourtravelandmore.com\/es\/tours\/italia-es\/milan-es\/tour-privado-a-pie-de-milan-los-tesoros-ocultos\/#breadcrumb\"},\"inLanguage\":\"es\",\"potentialAction\":[{\"@type\":\"ReadAction\",\"target\":[\"https:\/\/tourtravelandmore.com\/es\/tours\/italia-es\/milan-es\/tour-privado-a-pie-de-milan-los-tesoros-ocultos\/\"]}]},{\"@type\":\"ImageObject\",\"inLanguage\":\"es\",\"@id\":\"https:\/\/tourtravelandmore.com\/es\/tours\/italia-es\/milan-es\/tour-privado-a-pie-de-milan-los-tesoros-ocultos\/#primaryimage\",\"url\":\"https:\/\/tourtravelandmore.com\/wp-content\/uploads\/2022\/03\/image11.jpg\",\"contentUrl\":\"https:\/\/tourtravelandmore.com\/wp-content\/uploads\/2022\/03\/image11.jpg\",\"width\":900,\"height\":675},{\"@type\":\"BreadcrumbList\",\"@id\":\"https:\/\/tourtravelandmore.com\/es\/tours\/italia-es\/milan-es\/tour-privado-a-pie-de-milan-los-tesoros-ocultos\/#breadcrumb\",\"itemListElement\":[{\"@type\":\"ListItem\",\"position\":1,\"name\":\"Home\",\"item\":\"https:\/\/tourtravelandmore.com\/es\/\"},{\"@type\":\"ListItem\",\"position\":2,\"name\":\"Tours\",\"item\":\"https:\/\/tourtravelandmore.com\/es\/tours\/\"},{\"@type\":\"ListItem\",\"position\":3,\"name\":\"Tour privado a pie de Mil\u00e1n LOS TESOROS OCULTOS\"}]},{\"@type\":\"WebSite\",\"@id\":\"https:\/\/tourtravelandmore.com\/es\/#website\",\"url\":\"https:\/\/tourtravelandmore.com\/es\/\",\"name\":\"Tour Travel And More\",\"description\":\"Private sightseeing tours and luxury transfers in Spain\",\"publisher\":{\"@id\":\"https:\/\/tourtravelandmore.com\/es\/#organization\"},\"potentialAction\":[{\"@type\":\"SearchAction\",\"target\":{\"@type\":\"EntryPoint\",\"urlTemplate\":\"https:\/\/tourtravelandmore.com\/es\/?s={search_term_string}\"},\"query-input\":{\"@type\":\"PropertyValueSpecification\",\"valueRequired\":true,\"valueName\":\"search_term_string\"}}],\"inLanguage\":\"es\"},{\"@type\":\"Organization\",\"@id\":\"https:\/\/tourtravelandmore.com\/es\/#organization\",\"name\":\"Tour Travel And More\",\"url\":\"https:\/\/tourtravelandmore.com\/es\/\",\"logo\":{\"@type\":\"ImageObject\",\"inLanguage\":\"es\",\"@id\":\"https:\/\/tourtravelandmore.com\/es\/#\/schema\/logo\/image\/\",\"url\":\"https:\/\/tourtravelandmore.com\/wp-content\/uploads\/2022\/12\/cropped-logo-cabecera-new.png\",\"contentUrl\":\"https:\/\/tourtravelandmore.com\/wp-content\/uploads\/2022\/12\/cropped-logo-cabecera-new.png\",\"width\":430,\"height\":61,\"caption\":\"Tour Travel And More\"},\"image\":{\"@id\":\"https:\/\/tourtravelandmore.com\/es\/#\/schema\/logo\/image\/\"},\"sameAs\":[\"https:\/\/www.facebook.com\/tourtravelandmore\/\",\"https:\/\/x.com\/TourTravel_More\"]}]}<\/script>\n<!-- \/ Yoast SEO Premium plugin. -->","yoast_head_json":{"title":"Tour privado a pie de Mil\u00e1n por los tesoros ocultos (2 Horas) con un gu\u00eda privado","description":"Disfruta de un paseo distinto por Mil\u00e1n en un tour a pie por los tesoros escondidos de esta imponente ciudad. Vas a admirar la Biblioteca Ambrosiana y la Iglesia Santa Maria presso San S\u00e1tiro, en compa\u00f1\u00eda de un gu\u00eda privado experto en arte e historia","robots":{"index":"index","follow":"follow","max-snippet":"max-snippet:-1","max-image-preview":"max-image-preview:large","max-video-preview":"max-video-preview:-1"},"canonical":"https:\/\/tourtravelandmore.com\/es\/tours\/italia-es\/milan-es\/tour-privado-a-pie-de-milan-los-tesoros-ocultos\/","og_locale":"es_ES","og_type":"article","og_title":"Tour privado a pie de Mil\u00e1n LOS TESOROS OCULTOS","og_description":"Disfruta de un paseo distinto por Mil\u00e1n en un tour a pie por los tesoros escondidos de esta imponente ciudad. Vas a admirar la Biblioteca Ambrosiana y la Iglesia Santa Maria presso San S\u00e1tiro, en compa\u00f1\u00eda de un gu\u00eda privado experto en arte e historia","og_url":"https:\/\/tourtravelandmore.com\/es\/tours\/italia-es\/milan-es\/tour-privado-a-pie-de-milan-los-tesoros-ocultos\/","og_site_name":"Tour Travel And More","article_publisher":"https:\/\/www.facebook.com\/tourtravelandmore\/","article_modified_time":"2022-04-01T10:16:17+00:00","og_image":[{"width":900,"height":675,"url":"https:\/\/tourtravelandmore.com\/wp-content\/uploads\/2022\/03\/image11.jpg","type":"image\/jpeg"}],"twitter_card":"summary_large_image","twitter_site":"@TourTravel_More","twitter_misc":{"Tiempo de lectura":"3 minutos"},"schema":{"@context":"https:\/\/schema.org","@graph":[{"@type":"WebPage","@id":"https:\/\/tourtravelandmore.com\/es\/tours\/italia-es\/milan-es\/tour-privado-a-pie-de-milan-los-tesoros-ocultos\/","url":"https:\/\/tourtravelandmore.com\/es\/tours\/italia-es\/milan-es\/tour-privado-a-pie-de-milan-los-tesoros-ocultos\/","name":"Tour privado a pie de Mil\u00e1n por los tesoros ocultos (2 Horas) con un gu\u00eda privado","isPartOf":{"@id":"https:\/\/tourtravelandmore.com\/es\/#website"},"primaryImageOfPage":{"@id":"https:\/\/tourtravelandmore.com\/es\/tours\/italia-es\/milan-es\/tour-privado-a-pie-de-milan-los-tesoros-ocultos\/#primaryimage"},"image":{"@id":"https:\/\/tourtravelandmore.com\/es\/tours\/italia-es\/milan-es\/tour-privado-a-pie-de-milan-los-tesoros-ocultos\/#primaryimage"},"thumbnailUrl":"https:\/\/tourtravelandmore.com\/wp-content\/uploads\/2022\/03\/image11.jpg","datePublished":"2022-03-09T16:26:32+00:00","dateModified":"2022-04-01T10:16:17+00:00","description":"Disfruta de un paseo distinto por Mil\u00e1n en un tour a pie por los tesoros escondidos de esta imponente ciudad. Vas a admirar la Biblioteca Ambrosiana y la Iglesia Santa Maria presso San S\u00e1tiro, en compa\u00f1\u00eda de un gu\u00eda privado experto en arte e historia","breadcrumb":{"@id":"https:\/\/tourtravelandmore.com\/es\/tours\/italia-es\/milan-es\/tour-privado-a-pie-de-milan-los-tesoros-ocultos\/#breadcrumb"},"inLanguage":"es","potentialAction":[{"@type":"ReadAction","target":["https:\/\/tourtravelandmore.com\/es\/tours\/italia-es\/milan-es\/tour-privado-a-pie-de-milan-los-tesoros-ocultos\/"]}]},{"@type":"ImageObject","inLanguage":"es","@id":"https:\/\/tourtravelandmore.com\/es\/tours\/italia-es\/milan-es\/tour-privado-a-pie-de-milan-los-tesoros-ocultos\/#primaryimage","url":"https:\/\/tourtravelandmore.com\/wp-content\/uploads\/2022\/03\/image11.jpg","contentUrl":"https:\/\/tourtravelandmore.com\/wp-content\/uploads\/2022\/03\/image11.jpg","width":900,"height":675},{"@type":"BreadcrumbList","@id":"https:\/\/tourtravelandmore.com\/es\/tours\/italia-es\/milan-es\/tour-privado-a-pie-de-milan-los-tesoros-ocultos\/#breadcrumb","itemListElement":[{"@type":"ListItem","position":1,"name":"Home","item":"https:\/\/tourtravelandmore.com\/es\/"},{"@type":"ListItem","position":2,"name":"Tours","item":"https:\/\/tourtravelandmore.com\/es\/tours\/"},{"@type":"ListItem","position":3,"name":"Tour privado a pie de Mil\u00e1n LOS TESOROS OCULTOS"}]},{"@type":"WebSite","@id":"https:\/\/tourtravelandmore.com\/es\/#website","url":"https:\/\/tourtravelandmore.com\/es\/","name":"Tour Travel And More","description":"Private sightseeing tours and luxury transfers in Spain","publisher":{"@id":"https:\/\/tourtravelandmore.com\/es\/#organization"},"potentialAction":[{"@type":"SearchAction","target":{"@type":"EntryPoint","urlTemplate":"https:\/\/tourtravelandmore.com\/es\/?s={search_term_string}"},"query-input":{"@type":"PropertyValueSpecification","valueRequired":true,"valueName":"search_term_string"}}],"inLanguage":"es"},{"@type":"Organization","@id":"https:\/\/tourtravelandmore.com\/es\/#organization","name":"Tour Travel And More","url":"https:\/\/tourtravelandmore.com\/es\/","logo":{"@type":"ImageObject","inLanguage":"es","@id":"https:\/\/tourtravelandmore.com\/es\/#\/schema\/logo\/image\/","url":"https:\/\/tourtravelandmore.com\/wp-content\/uploads\/2022\/12\/cropped-logo-cabecera-new.png","contentUrl":"https:\/\/tourtravelandmore.com\/wp-content\/uploads\/2022\/12\/cropped-logo-cabecera-new.png","width":430,"height":61,"caption":"Tour Travel And More"},"image":{"@id":"https:\/\/tourtravelandmore.com\/es\/#\/schema\/logo\/image\/"},"sameAs":["https:\/\/www.facebook.com\/tourtravelandmore\/","https:\/\/x.com\/TourTravel_More"]}]}},"_links":{"self":[{"href":"https:\/\/tourtravelandmore.com\/es\/wp-json\/wp\/v2\/product\/120713","targetHints":{"allow":["GET"]}}],"collection":[{"href":"https:\/\/tourtravelandmore.com\/es\/wp-json\/wp\/v2\/product"}],"about":[{"href":"https:\/\/tourtravelandmore.com\/es\/wp-json\/wp\/v2\/types\/product"}],"replies":[{"embeddable":true,"href":"https:\/\/tourtravelandmore.com\/es\/wp-json\/wp\/v2\/comments?post=120713"}],"wp:featuredmedia":[{"embeddable":true,"href":"https:\/\/tourtravelandmore.com\/es\/wp-json\/wp\/v2\/media\/120744"}],"wp:attachment":[{"href":"https:\/\/tourtravelandmore.com\/es\/wp-json\/wp\/v2\/media?parent=120713"}],"wp:term":[{"taxonomy":"product_brand","embeddable":true,"href":"https:\/\/tourtravelandmore.com\/es\/wp-json\/wp\/v2\/product_brand?post=120713"},{"taxonomy":"product_cat","embeddable":true,"href":"https:\/\/tourtravelandmore.com\/es\/wp-json\/wp\/v2\/product_cat?post=120713"},{"taxonomy":"product_tag","embeddable":true,"href":"https:\/\/tourtravelandmore.com\/es\/wp-json\/wp\/v2\/product_tag?post=120713"}],"curies":[{"name":"wp","href":"https:\/\/api.w.org\/{rel}","templated":true}]}}