{"id":120670,"date":"2022-03-09T16:22:12","date_gmt":"2022-03-09T15:22:16","guid":{"rendered":"https:\/\/tourtravelandmore.com\/?post_type=product&#038;p=120670"},"modified":"2022-04-01T12:16:50","modified_gmt":"2022-04-01T10:16:50","slug":"disposicion-privada-para-ir-de-compras-a-los-outlets-de-serravalle","status":"publish","type":"product","link":"https:\/\/tourtravelandmore.com\/es\/tours\/italia-es\/milan-es\/disposicion-privada-para-ir-de-compras-a-los-outlets-de-serravalle\/","title":{"rendered":"Disposici\u00f3n privada para ir de compras a los outlets de Serravalle"},"content":{"rendered":"<h2><span style=\"font-weight: 400;\">Descripci\u00f3n del Disposici\u00f3n privada para ir de compras a los outlets de Serravalle<\/span><\/h2>\n<p><span style=\"font-weight: 400;\">Italia es famosa, entre otras cosas, por ser la cuna de la alta costura a nivel mundial. Por eso, ning\u00fan paseo a este pa\u00eds estar\u00eda completo sin darte el placer de comprar algunos de las prendas\u00a0 de dise\u00f1ador con m\u00e1s renombre en el mundo.\u00a0<\/span><\/p>\n<p><span style=\"font-weight: 400;\">Nuestra <\/span><b>disposici\u00f3n privada para ir de compras a los outlets de Serravalle<\/b><span style=\"font-weight: 400;\"> te garantiza una experiencia relajada e inolvidable, puesto que <\/span><b>te trasladaremos en un coche de lujo<\/b><span style=\"font-weight: 400;\"> desde el punto que desees hasta el Serravalle Designer Outlet.\u00a0<\/span><\/p>\n<p><span style=\"font-weight: 400;\">Ser\u00e1 una <\/span><b>excursi\u00f3n de 8 horas<\/b><span style=\"font-weight: 400;\">, en la que podr\u00e1s <\/span><b>recorrer el centro comercial m\u00e1s grande de toda Europa<\/b><span style=\"font-weight: 400;\"> y el m\u00e1s visitado de Italia para explorar sus lujosos departamentos y cada una de sus galer\u00edas.\u00a0<\/span><\/p>\n<p><span style=\"font-weight: 400;\">Adem\u00e1s, puedes aprovechar los incre\u00edbles descuentos en ropa, calzado, decoraci\u00f3n y distintos objetos, los cuales son dise\u00f1ados por las marcas m\u00e1s famosas del mundo.\u00a0<\/span><\/p>\n<p><span style=\"font-weight: 400;\">El <\/span><b>chofer privado<\/b><span style=\"font-weight: 400;\"> estar\u00e1 atento para guardar tus compras en el coche si as\u00ed lo deseas. De esta manera, puedes recorrer los outlets de Serravalle m\u00e1s c\u00f3modamente.\u00a0<\/span><\/p>\n<p><span style=\"font-weight: 400;\">Cuando termines el recorrido, el coche te llevar\u00e1 de vuelta hasta Mil\u00e1n de una manera segura y sin inconvenientes para que puedas descansar y recuperar tus energ\u00edas.\u00a0<\/span><\/p>\n<h2><span style=\"font-weight: 400; color: #d3af37;\">Puntos de inter\u00e9s del tour privado<\/span><\/h2>\n<p><span style=\"font-weight: 400;\">Miles de turistas amantes de la moda y el estilo incluyen cada a\u00f1o dentro de su itinerario de viaje por Italia un paseo de compras al Serravalle Outlet.\u00a0<\/span><\/p>\n<p><span style=\"font-weight: 400;\">Esta <\/span><b>disposici\u00f3n privada<\/b><span style=\"font-weight: 400;\"> te traslada sin problemas hasta ese espl\u00e9ndido centro comercial ubicado en Via della Moda n\u00famero 1. Todo el recorrido en s\u00ed es inolvidable, puesto que desde Mil\u00e1n ser\u00e1 una hora en coche en la que podr\u00e1s admirar los Apeninos de Liguria y su magn\u00edfico paisaje natural.\u00a0<\/span><\/p>\n<p><span style=\"font-weight: 400;\">Al llegar a los outlets tendr\u00e1s tiempo libre para recorrer el centro comercial\u00a0 a tu ritmo. Son <\/span><b>m\u00e1s de 200 tiendas<\/b><span style=\"font-weight: 400;\"> de distintos dise\u00f1adores que existen en los outlets de Serravalle, dentro de las que se encuentran las siguientes marcas:\u00a0<\/span><\/p>\n<ul>\n<li><b>Versace<\/b><\/li>\n<li><b>Dolce&amp;Gabbana<\/b><\/li>\n<li><b>Bulgari<\/b><\/li>\n<li><b>Roberto Cavalli<\/b><\/li>\n<li><b>Calvin Klein\u00a0<\/b><\/li>\n<li><b>Armani<\/b><\/li>\n<li><b>Prada y muchos m\u00e1s.\u00a0<\/b><\/li>\n<\/ul>\n<p><span style=\"font-weight: 400;\">Lo m\u00e1s atractivo de este paseo es que <\/span><b>las prendas se consiguen a menos de la mitad del\u00a0 precio original<\/b><span style=\"font-weight: 400;\">, ya que durante todo el a\u00f1o existen descuentos de hasta un 70 %.\u00a0<\/span><\/p>\n<p><span style=\"font-weight: 400;\">Adem\u00e1s, dentro del complejo se encuentran distintos restaurantes, caf\u00e9s, helader\u00edas y hasta parques infantiles para que los m\u00e1s peque\u00f1os de la familia disfruten y se entretengan.\u00a0<\/span><\/p>\n<p><span style=\"font-weight: 400;\">Indudablemente, vas a vivir una aventura \u00fanica en la Toscana, escogiendo tus compras entre m\u00e1s de 300 marcas de los dise\u00f1adores con m\u00e1s fama en el mundo.\u00a0<\/span><\/p>\n<p><span style=\"font-weight: 400;\">Finalmente, el coche te llevar\u00e1 de vuelta hasta Mil\u00e1n para dejarte en el punto que le indiques.\u00a0<\/span><\/p>\n<p><span style=\"font-weight: 400;\">Te recomendamos que aproveches al m\u00e1ximo tu tiempo por Italia, e incluyas en tu itinerario de viaje nuestro tour privado a <\/span><a href=\"https:\/\/tourtravelandmore.com\/es\/tours\/italia-es\/milan-es\/tour-privado-a-bergamo-desde-milan\/\"><b>B\u00e9rgamo desde Mil\u00e1n<\/b><span style=\"font-weight: 400;\">.<\/span><\/a><\/p>\n","protected":false},"excerpt":{"rendered":"<p><span style=\"font-weight: 400;\">Si est\u00e1s en Mil\u00e1n, esc\u00e1pate de compras a los incre\u00edbles outlets de Serravalle en la Via della Moda para que descubras las mejores ofertas en las casas de los dise\u00f1adores m\u00e1s famosos del mundo, como Gucci, Prada, Dolce&amp;Gabbana, entre muchos otras casas de renombre mundial.<\/span><\/p>\n","protected":false},"featured_media":120692,"comment_status":"open","ping_status":"closed","template":"","meta":{"_acf_changed":false},"product_brand":[],"product_cat":[424,425,428],"product_tag":[],"class_list":{"0":"post-120670","1":"product","2":"type-product","3":"status-publish","4":"has-post-thumbnail","6":"product_cat-milan-es","7":"product_cat-milan-actividades-es","8":"product_cat-milan-tours-privados-pie-es","10":"first","11":"instock","12":"shipping-taxable","13":"purchasable","14":"product-type-simple"},"acf":[],"yoast_head":"<!-- This site is optimized with the Yoast SEO Premium plugin v25.3.1 (Yoast SEO v25.3.1) - https:\/\/yoast.com\/wordpress\/plugins\/seo\/ -->\n<title>Disposici\u00f3n privada para ir de compras a los outlets de Serravalle en un coche privado de lujo<\/title>\n<meta name=\"description\" content=\"Visita el centro comercial m\u00e1s grande de toda Europa en una disposici\u00f3n privada a los outlets de Serravalle para que compres todo lo que quieras de las grandes marcas italianas e internacionales y con hasta un 70 % de descuento\" \/>\n<meta name=\"robots\" content=\"index, follow, max-snippet:-1, max-image-preview:large, max-video-preview:-1\" \/>\n<link rel=\"canonical\" href=\"https:\/\/tourtravelandmore.com\/es\/tours\/italia-es\/milan-es\/disposicion-privada-para-ir-de-compras-a-los-outlets-de-serravalle\/\" \/>\n<meta property=\"og:locale\" content=\"es_ES\" \/>\n<meta property=\"og:type\" content=\"article\" \/>\n<meta property=\"og:title\" content=\"Disposici\u00f3n privada para ir de compras a los outlets de Serravalle\" \/>\n<meta property=\"og:description\" content=\"Visita el centro comercial m\u00e1s grande de toda Europa en una disposici\u00f3n privada a los outlets de Serravalle para que compres todo lo que quieras de las grandes marcas italianas e internacionales y con hasta un 70 % de descuento\" \/>\n<meta property=\"og:url\" content=\"https:\/\/tourtravelandmore.com\/es\/tours\/italia-es\/milan-es\/disposicion-privada-para-ir-de-compras-a-los-outlets-de-serravalle\/\" \/>\n<meta property=\"og:site_name\" content=\"Tour Travel And More\" \/>\n<meta property=\"article:publisher\" content=\"https:\/\/www.facebook.com\/tourtravelandmore\/\" \/>\n<meta property=\"article:modified_time\" content=\"2022-04-01T10:16:50+00:00\" \/>\n<meta property=\"og:image\" content=\"https:\/\/tourtravelandmore.com\/wp-content\/uploads\/2022\/03\/image2-1.jpg\" \/>\n\t<meta property=\"og:image:width\" content=\"784\" \/>\n\t<meta property=\"og:image:height\" content=\"981\" \/>\n\t<meta property=\"og:image:type\" content=\"image\/jpeg\" \/>\n<meta name=\"twitter:card\" content=\"summary_large_image\" \/>\n<meta name=\"twitter:site\" content=\"@TourTravel_More\" \/>\n<meta name=\"twitter:label1\" content=\"Tiempo de lectura\" \/>\n\t<meta name=\"twitter:data1\" content=\"3 minutos\" \/>\n<script type=\"application\/ld+json\" class=\"yoast-schema-graph\">{\"@context\":\"https:\/\/schema.org\",\"@graph\":[{\"@type\":\"WebPage\",\"@id\":\"https:\/\/tourtravelandmore.com\/es\/tours\/italia-es\/milan-es\/disposicion-privada-para-ir-de-compras-a-los-outlets-de-serravalle\/\",\"url\":\"https:\/\/tourtravelandmore.com\/es\/tours\/italia-es\/milan-es\/disposicion-privada-para-ir-de-compras-a-los-outlets-de-serravalle\/\",\"name\":\"Disposici\u00f3n privada para ir de compras a los outlets de Serravalle en un coche privado de lujo\",\"isPartOf\":{\"@id\":\"https:\/\/tourtravelandmore.com\/es\/#website\"},\"primaryImageOfPage\":{\"@id\":\"https:\/\/tourtravelandmore.com\/es\/tours\/italia-es\/milan-es\/disposicion-privada-para-ir-de-compras-a-los-outlets-de-serravalle\/#primaryimage\"},\"image\":{\"@id\":\"https:\/\/tourtravelandmore.com\/es\/tours\/italia-es\/milan-es\/disposicion-privada-para-ir-de-compras-a-los-outlets-de-serravalle\/#primaryimage\"},\"thumbnailUrl\":\"https:\/\/tourtravelandmore.com\/wp-content\/uploads\/2022\/03\/image2-1.jpg\",\"datePublished\":\"2022-03-09T15:22:16+00:00\",\"dateModified\":\"2022-04-01T10:16:50+00:00\",\"description\":\"Visita el centro comercial m\u00e1s grande de toda Europa en una disposici\u00f3n privada a los outlets de Serravalle para que compres todo lo que quieras de las grandes marcas italianas e internacionales y con hasta un 70 % de descuento\",\"breadcrumb\":{\"@id\":\"https:\/\/tourtravelandmore.com\/es\/tours\/italia-es\/milan-es\/disposicion-privada-para-ir-de-compras-a-los-outlets-de-serravalle\/#breadcrumb\"},\"inLanguage\":\"es\",\"potentialAction\":[{\"@type\":\"ReadAction\",\"target\":[\"https:\/\/tourtravelandmore.com\/es\/tours\/italia-es\/milan-es\/disposicion-privada-para-ir-de-compras-a-los-outlets-de-serravalle\/\"]}]},{\"@type\":\"ImageObject\",\"inLanguage\":\"es\",\"@id\":\"https:\/\/tourtravelandmore.com\/es\/tours\/italia-es\/milan-es\/disposicion-privada-para-ir-de-compras-a-los-outlets-de-serravalle\/#primaryimage\",\"url\":\"https:\/\/tourtravelandmore.com\/wp-content\/uploads\/2022\/03\/image2-1.jpg\",\"contentUrl\":\"https:\/\/tourtravelandmore.com\/wp-content\/uploads\/2022\/03\/image2-1.jpg\",\"width\":784,\"height\":981},{\"@type\":\"BreadcrumbList\",\"@id\":\"https:\/\/tourtravelandmore.com\/es\/tours\/italia-es\/milan-es\/disposicion-privada-para-ir-de-compras-a-los-outlets-de-serravalle\/#breadcrumb\",\"itemListElement\":[{\"@type\":\"ListItem\",\"position\":1,\"name\":\"Home\",\"item\":\"https:\/\/tourtravelandmore.com\/es\/\"},{\"@type\":\"ListItem\",\"position\":2,\"name\":\"Tours\",\"item\":\"https:\/\/tourtravelandmore.com\/es\/tours\/\"},{\"@type\":\"ListItem\",\"position\":3,\"name\":\"Disposici\u00f3n privada para ir de compras a los outlets de Serravalle\"}]},{\"@type\":\"WebSite\",\"@id\":\"https:\/\/tourtravelandmore.com\/es\/#website\",\"url\":\"https:\/\/tourtravelandmore.com\/es\/\",\"name\":\"Tour Travel And More\",\"description\":\"Private sightseeing tours and luxury transfers in Spain\",\"publisher\":{\"@id\":\"https:\/\/tourtravelandmore.com\/es\/#organization\"},\"potentialAction\":[{\"@type\":\"SearchAction\",\"target\":{\"@type\":\"EntryPoint\",\"urlTemplate\":\"https:\/\/tourtravelandmore.com\/es\/?s={search_term_string}\"},\"query-input\":{\"@type\":\"PropertyValueSpecification\",\"valueRequired\":true,\"valueName\":\"search_term_string\"}}],\"inLanguage\":\"es\"},{\"@type\":\"Organization\",\"@id\":\"https:\/\/tourtravelandmore.com\/es\/#organization\",\"name\":\"Tour Travel And More\",\"url\":\"https:\/\/tourtravelandmore.com\/es\/\",\"logo\":{\"@type\":\"ImageObject\",\"inLanguage\":\"es\",\"@id\":\"https:\/\/tourtravelandmore.com\/es\/#\/schema\/logo\/image\/\",\"url\":\"https:\/\/tourtravelandmore.com\/wp-content\/uploads\/2022\/12\/cropped-logo-cabecera-new.png\",\"contentUrl\":\"https:\/\/tourtravelandmore.com\/wp-content\/uploads\/2022\/12\/cropped-logo-cabecera-new.png\",\"width\":430,\"height\":61,\"caption\":\"Tour Travel And More\"},\"image\":{\"@id\":\"https:\/\/tourtravelandmore.com\/es\/#\/schema\/logo\/image\/\"},\"sameAs\":[\"https:\/\/www.facebook.com\/tourtravelandmore\/\",\"https:\/\/x.com\/TourTravel_More\"]}]}<\/script>\n<!-- \/ Yoast SEO Premium plugin. -->","yoast_head_json":{"title":"Disposici\u00f3n privada para ir de compras a los outlets de Serravalle en un coche privado de lujo","description":"Visita el centro comercial m\u00e1s grande de toda Europa en una disposici\u00f3n privada a los outlets de Serravalle para que compres todo lo que quieras de las grandes marcas italianas e internacionales y con hasta un 70 % de descuento","robots":{"index":"index","follow":"follow","max-snippet":"max-snippet:-1","max-image-preview":"max-image-preview:large","max-video-preview":"max-video-preview:-1"},"canonical":"https:\/\/tourtravelandmore.com\/es\/tours\/italia-es\/milan-es\/disposicion-privada-para-ir-de-compras-a-los-outlets-de-serravalle\/","og_locale":"es_ES","og_type":"article","og_title":"Disposici\u00f3n privada para ir de compras a los outlets de Serravalle","og_description":"Visita el centro comercial m\u00e1s grande de toda Europa en una disposici\u00f3n privada a los outlets de Serravalle para que compres todo lo que quieras de las grandes marcas italianas e internacionales y con hasta un 70 % de descuento","og_url":"https:\/\/tourtravelandmore.com\/es\/tours\/italia-es\/milan-es\/disposicion-privada-para-ir-de-compras-a-los-outlets-de-serravalle\/","og_site_name":"Tour Travel And More","article_publisher":"https:\/\/www.facebook.com\/tourtravelandmore\/","article_modified_time":"2022-04-01T10:16:50+00:00","og_image":[{"width":784,"height":981,"url":"https:\/\/tourtravelandmore.com\/wp-content\/uploads\/2022\/03\/image2-1.jpg","type":"image\/jpeg"}],"twitter_card":"summary_large_image","twitter_site":"@TourTravel_More","twitter_misc":{"Tiempo de lectura":"3 minutos"},"schema":{"@context":"https:\/\/schema.org","@graph":[{"@type":"WebPage","@id":"https:\/\/tourtravelandmore.com\/es\/tours\/italia-es\/milan-es\/disposicion-privada-para-ir-de-compras-a-los-outlets-de-serravalle\/","url":"https:\/\/tourtravelandmore.com\/es\/tours\/italia-es\/milan-es\/disposicion-privada-para-ir-de-compras-a-los-outlets-de-serravalle\/","name":"Disposici\u00f3n privada para ir de compras a los outlets de Serravalle en un coche privado de lujo","isPartOf":{"@id":"https:\/\/tourtravelandmore.com\/es\/#website"},"primaryImageOfPage":{"@id":"https:\/\/tourtravelandmore.com\/es\/tours\/italia-es\/milan-es\/disposicion-privada-para-ir-de-compras-a-los-outlets-de-serravalle\/#primaryimage"},"image":{"@id":"https:\/\/tourtravelandmore.com\/es\/tours\/italia-es\/milan-es\/disposicion-privada-para-ir-de-compras-a-los-outlets-de-serravalle\/#primaryimage"},"thumbnailUrl":"https:\/\/tourtravelandmore.com\/wp-content\/uploads\/2022\/03\/image2-1.jpg","datePublished":"2022-03-09T15:22:16+00:00","dateModified":"2022-04-01T10:16:50+00:00","description":"Visita el centro comercial m\u00e1s grande de toda Europa en una disposici\u00f3n privada a los outlets de Serravalle para que compres todo lo que quieras de las grandes marcas italianas e internacionales y con hasta un 70 % de descuento","breadcrumb":{"@id":"https:\/\/tourtravelandmore.com\/es\/tours\/italia-es\/milan-es\/disposicion-privada-para-ir-de-compras-a-los-outlets-de-serravalle\/#breadcrumb"},"inLanguage":"es","potentialAction":[{"@type":"ReadAction","target":["https:\/\/tourtravelandmore.com\/es\/tours\/italia-es\/milan-es\/disposicion-privada-para-ir-de-compras-a-los-outlets-de-serravalle\/"]}]},{"@type":"ImageObject","inLanguage":"es","@id":"https:\/\/tourtravelandmore.com\/es\/tours\/italia-es\/milan-es\/disposicion-privada-para-ir-de-compras-a-los-outlets-de-serravalle\/#primaryimage","url":"https:\/\/tourtravelandmore.com\/wp-content\/uploads\/2022\/03\/image2-1.jpg","contentUrl":"https:\/\/tourtravelandmore.com\/wp-content\/uploads\/2022\/03\/image2-1.jpg","width":784,"height":981},{"@type":"BreadcrumbList","@id":"https:\/\/tourtravelandmore.com\/es\/tours\/italia-es\/milan-es\/disposicion-privada-para-ir-de-compras-a-los-outlets-de-serravalle\/#breadcrumb","itemListElement":[{"@type":"ListItem","position":1,"name":"Home","item":"https:\/\/tourtravelandmore.com\/es\/"},{"@type":"ListItem","position":2,"name":"Tours","item":"https:\/\/tourtravelandmore.com\/es\/tours\/"},{"@type":"ListItem","position":3,"name":"Disposici\u00f3n privada para ir de compras a los outlets de Serravalle"}]},{"@type":"WebSite","@id":"https:\/\/tourtravelandmore.com\/es\/#website","url":"https:\/\/tourtravelandmore.com\/es\/","name":"Tour Travel And More","description":"Private sightseeing tours and luxury transfers in Spain","publisher":{"@id":"https:\/\/tourtravelandmore.com\/es\/#organization"},"potentialAction":[{"@type":"SearchAction","target":{"@type":"EntryPoint","urlTemplate":"https:\/\/tourtravelandmore.com\/es\/?s={search_term_string}"},"query-input":{"@type":"PropertyValueSpecification","valueRequired":true,"valueName":"search_term_string"}}],"inLanguage":"es"},{"@type":"Organization","@id":"https:\/\/tourtravelandmore.com\/es\/#organization","name":"Tour Travel And More","url":"https:\/\/tourtravelandmore.com\/es\/","logo":{"@type":"ImageObject","inLanguage":"es","@id":"https:\/\/tourtravelandmore.com\/es\/#\/schema\/logo\/image\/","url":"https:\/\/tourtravelandmore.com\/wp-content\/uploads\/2022\/12\/cropped-logo-cabecera-new.png","contentUrl":"https:\/\/tourtravelandmore.com\/wp-content\/uploads\/2022\/12\/cropped-logo-cabecera-new.png","width":430,"height":61,"caption":"Tour Travel And More"},"image":{"@id":"https:\/\/tourtravelandmore.com\/es\/#\/schema\/logo\/image\/"},"sameAs":["https:\/\/www.facebook.com\/tourtravelandmore\/","https:\/\/x.com\/TourTravel_More"]}]}},"_links":{"self":[{"href":"https:\/\/tourtravelandmore.com\/es\/wp-json\/wp\/v2\/product\/120670","targetHints":{"allow":["GET"]}}],"collection":[{"href":"https:\/\/tourtravelandmore.com\/es\/wp-json\/wp\/v2\/product"}],"about":[{"href":"https:\/\/tourtravelandmore.com\/es\/wp-json\/wp\/v2\/types\/product"}],"replies":[{"embeddable":true,"href":"https:\/\/tourtravelandmore.com\/es\/wp-json\/wp\/v2\/comments?post=120670"}],"wp:featuredmedia":[{"embeddable":true,"href":"https:\/\/tourtravelandmore.com\/es\/wp-json\/wp\/v2\/media\/120692"}],"wp:attachment":[{"href":"https:\/\/tourtravelandmore.com\/es\/wp-json\/wp\/v2\/media?parent=120670"}],"wp:term":[{"taxonomy":"product_brand","embeddable":true,"href":"https:\/\/tourtravelandmore.com\/es\/wp-json\/wp\/v2\/product_brand?post=120670"},{"taxonomy":"product_cat","embeddable":true,"href":"https:\/\/tourtravelandmore.com\/es\/wp-json\/wp\/v2\/product_cat?post=120670"},{"taxonomy":"product_tag","embeddable":true,"href":"https:\/\/tourtravelandmore.com\/es\/wp-json\/wp\/v2\/product_tag?post=120670"}],"curies":[{"name":"wp","href":"https:\/\/api.w.org\/{rel}","templated":true}]}}