{"id":120530,"date":"2022-03-07T15:49:37","date_gmt":"2022-03-07T14:49:40","guid":{"rendered":"https:\/\/tourtravelandmore.com\/?post_type=product&#038;p=120530"},"modified":"2022-04-01T12:12:34","modified_gmt":"2022-04-01T10:12:34","slug":"visita-privada-a-pie-la-ultima-cena","status":"publish","type":"product","link":"https:\/\/tourtravelandmore.com\/es\/tours\/italia-es\/milan-es\/visita-privada-a-pie-la-ultima-cena\/","title":{"rendered":"Visita Privada a pie La \u00daltima Cena"},"content":{"rendered":"<h2><b>Descripci\u00f3n de la Visita Privada a pie La \u00daltima Cena\u00a0<\/b><\/h2>\n<p><span style=\"font-weight: 400;\">La \u00daltima Cena de Leonardo da Vinci marc\u00f3 un antes y un despu\u00e9s en la vida del artista. Se trata de un mural en el cual el pintor aplic\u00f3 t\u00e9cnicas muy distintas a sus acostumbrados frescos. En ella se encarg\u00f3 de plasmar la sensaci\u00f3n de agitaci\u00f3n que ten\u00edan los disc\u00edpulos de Jes\u00fas al saber que uno de ellos los traicionar\u00eda.\u00a0<\/span><\/p>\n<p><span style=\"font-weight: 400;\">Esta <\/span><b>visita privada a \u201cLa \u00daltima Cena\u201d<\/b><span style=\"font-weight: 400;\"> es una oportunidad \u00fanica para ver de cerca esta obra tan magistral.\u00a0\u00a0<\/span><\/p>\n<p><span style=\"font-weight: 400;\">Nuestro paseo guiado de 1 hora y media es perfecto para ver de cerca una de las pinturas m\u00e1s famosas de la humanidad. Adem\u00e1s, el tour <\/span><b>incluye entradas exclusivas<\/b><span style=\"font-weight: 400;\"> para que puedas ver la obra sin tener que hacer filas en la taquilla.\u00a0<\/span><\/p>\n<p><span style=\"font-weight: 400;\">Todo <\/span><b>el recorrido se hace en compa\u00f1\u00eda de un gu\u00eda privado<\/b><span style=\"font-weight: 400;\">, el cual es experto en arte e historia. La finalidad es que descubras cada detalle de esta obra maestra y que es un tesoro art\u00edstico invaluable.\u00a0<\/span><\/p>\n<p><span style=\"font-weight: 400;\">El inicio de la excursi\u00f3n guiada ser\u00e1 en la entrada de la iglesia de Santa Mar\u00eda delle Grazie. Desde all\u00ed, ir\u00e1s en un recorrido personalizado para conocer una de las pinturas hist\u00f3ricas que transmite m\u00e1s emociones en una sola escena.\u00a0<\/span><\/p>\n<h2><span style=\"color: #d3af37;\"><b>Puntos de inter\u00e9s de la Visita<\/b><b> Privada a pie La \u00daltima Cena\u00a0<\/b><\/span><\/h2>\n<p><span style=\"font-weight: 400;\">Aprovecha tu tiempo en Mil\u00e1n para conocer una pintura tan emblem\u00e1tica e importante que ha sido declarada como Patrimonio cultural de la humanidad por Unesco.\u00a0<\/span><\/p>\n<p><span style=\"font-weight: 400;\">Esta <\/span><b>visita privada a La \u00daltima Cena<\/b><span style=\"font-weight: 400;\"> te lleva hasta el lugar exacto en el cual el gran pintor italiano Leonardo da Vinci plasm\u00f3 los rostros emocionados de los 12 disc\u00edpulos en el momento en que Jesucristo les expres\u00f3 la frase: \u201cuno de ustedes hoy me traicionar\u00e1\u201d.\u00a0<\/span><\/p>\n<p><span style=\"font-weight: 400;\">Se trata de <\/span><b>un cuadro mural pintado con yeso seco<\/b><span style=\"font-weight: 400;\"> en una pared del refectorio de la Iglesia Santa Maria delle Grazie, entre el a\u00f1o 1494 y 1498, como un encargo hecho por Ludovico el Moro.\u00a0<\/span><\/p>\n<p><span style=\"font-weight: 400;\">Nuestro paseo inicia en la Plaza en la que se encuentra la entrada de la iglesia. All\u00ed, el gu\u00eda privado te hablar\u00e1 un poco sobre la vida de Leonardo da Vinci.\u00a0<\/span><\/p>\n<p><span style=\"font-weight: 400;\">Luego, vas a recorrer parte de la iglesia para encontrar el incre\u00edble mural que mide unos 4,6 x 8,8 metros de longitud.\u00a0<\/span><\/p>\n<p><span style=\"font-weight: 400;\">Adem\u00e1s, conocer\u00e1s el Convento y otras galer\u00edas de la Iglesia Santa Maria delle Grazie.<\/span><\/p>\n<p><span style=\"font-weight: 400;\">Toma en cuenta que, para preservar el estado del mural, las visitas a la pintura son restringidas. Por eso, nuestro tour privado te ofrece el privilegio de contar con entradas exclusivas sin tener que hacer largas colas para entrar.\u00a0<\/span><\/p>\n<p><span style=\"font-weight: 400;\">Ser\u00e1 una experiencia \u00fanica en la cual <\/span><b>podr\u00e1s admirar La \u00daltima Cena en toda su gloria y esplendor<\/b><span style=\"font-weight: 400;\">.\u00a0<\/span><\/p>\n<p><span style=\"font-weight: 400;\">Al finalizar el recorrido de aproximadamente 1 hora y 30 minutos, el gu\u00eda privado te acompa\u00f1ar\u00e1 hasta el punto de inicio para que contin\u00faes con tu viaje por Mil\u00e1n.\u00a0<\/span><\/p>\n<p><span style=\"font-weight: 400;\">Ahora bien, si deseas conocer por completo la ciudad, puedes optar por nuestro <\/span><b><a href=\"https:\/\/tourtravelandmore.com\/es\/tours\/italia-es\/milan-es\/tour-privado-a-pie-de-milan-completo\/\">tour privado a pie de Mil\u00e1n 4 Horas: Experiencia completa<\/a>,<\/b> <span style=\"font-weight: 400;\">para que explores esta incre\u00edble ciudad desde otra perspectiva<\/span><\/p>\n","protected":false},"excerpt":{"rendered":"<p><span style=\"font-weight: 400;\">Aparta de tu itinerario por Mil\u00e1n unas pocas horas para conocer una de las obras de arte m\u00e1s famosa de todos los tiempos: La \u00daltima Cena. Ser\u00e1 una visita privada hasta el refectorio del convento de Santa Maria delle Grazie para ver esta emblem\u00e1tica obra de arte, en compa\u00f1\u00eda de un gu\u00eda privado experto en historia y arte.<\/span><\/p>\n","protected":false},"featured_media":120558,"comment_status":"open","ping_status":"closed","template":"","meta":{"_acf_changed":false},"product_brand":[],"product_cat":[424,425,428],"product_tag":[],"class_list":{"0":"post-120530","1":"product","2":"type-product","3":"status-publish","4":"has-post-thumbnail","6":"product_cat-milan-es","7":"product_cat-milan-actividades-es","8":"product_cat-milan-tours-privados-pie-es","10":"first","11":"instock","12":"shipping-taxable","13":"purchasable","14":"product-type-simple"},"acf":[],"yoast_head":"<!-- This site is optimized with the Yoast SEO Premium plugin v25.3.1 (Yoast SEO v25.3.1) - https:\/\/yoast.com\/wordpress\/plugins\/seo\/ -->\n<title>Visita privada a pie a La \u00faltima Cena con un gu\u00eda privado experto en arte<\/title>\n<meta name=\"description\" content=\"Conoce la simb\u00f3lica obra de arte La \u00daltima Cena de Leonardo Da Vinci en una visita privada a la iglesia de Santa Maria delle Grazie, para admirar de cerca una de las pinturas m\u00e1s c\u00e9lebres de todo el mundo y en compa\u00f1\u00eda de un gu\u00eda experto en arte.\" \/>\n<meta name=\"robots\" content=\"index, follow, max-snippet:-1, max-image-preview:large, max-video-preview:-1\" \/>\n<link rel=\"canonical\" href=\"https:\/\/tourtravelandmore.com\/es\/tours\/italia-es\/milan-es\/visita-privada-a-pie-la-ultima-cena\/\" \/>\n<meta property=\"og:locale\" content=\"es_ES\" \/>\n<meta property=\"og:type\" content=\"article\" \/>\n<meta property=\"og:title\" content=\"Visita Privada a pie La \u00daltima Cena\" \/>\n<meta property=\"og:description\" content=\"Conoce la simb\u00f3lica obra de arte La \u00daltima Cena de Leonardo Da Vinci en una visita privada a la iglesia de Santa Maria delle Grazie, para admirar de cerca una de las pinturas m\u00e1s c\u00e9lebres de todo el mundo y en compa\u00f1\u00eda de un gu\u00eda experto en arte.\" \/>\n<meta property=\"og:url\" content=\"https:\/\/tourtravelandmore.com\/es\/tours\/italia-es\/milan-es\/visita-privada-a-pie-la-ultima-cena\/\" \/>\n<meta property=\"og:site_name\" content=\"Tour Travel And More\" \/>\n<meta property=\"article:publisher\" content=\"https:\/\/www.facebook.com\/tourtravelandmore\/\" \/>\n<meta property=\"article:modified_time\" content=\"2022-04-01T10:12:34+00:00\" \/>\n<meta property=\"og:image\" content=\"https:\/\/tourtravelandmore.com\/wp-content\/uploads\/2022\/03\/image6.jpg\" \/>\n\t<meta property=\"og:image:width\" content=\"900\" \/>\n\t<meta property=\"og:image:height\" content=\"680\" \/>\n\t<meta property=\"og:image:type\" content=\"image\/jpeg\" \/>\n<meta name=\"twitter:card\" content=\"summary_large_image\" \/>\n<meta name=\"twitter:site\" content=\"@TourTravel_More\" \/>\n<meta name=\"twitter:label1\" content=\"Tiempo de lectura\" \/>\n\t<meta name=\"twitter:data1\" content=\"3 minutos\" \/>\n<script type=\"application\/ld+json\" class=\"yoast-schema-graph\">{\"@context\":\"https:\/\/schema.org\",\"@graph\":[{\"@type\":\"WebPage\",\"@id\":\"https:\/\/tourtravelandmore.com\/es\/tours\/italia-es\/milan-es\/visita-privada-a-pie-la-ultima-cena\/\",\"url\":\"https:\/\/tourtravelandmore.com\/es\/tours\/italia-es\/milan-es\/visita-privada-a-pie-la-ultima-cena\/\",\"name\":\"Visita privada a pie a La \u00faltima Cena con un gu\u00eda privado experto en arte\",\"isPartOf\":{\"@id\":\"https:\/\/tourtravelandmore.com\/es\/#website\"},\"primaryImageOfPage\":{\"@id\":\"https:\/\/tourtravelandmore.com\/es\/tours\/italia-es\/milan-es\/visita-privada-a-pie-la-ultima-cena\/#primaryimage\"},\"image\":{\"@id\":\"https:\/\/tourtravelandmore.com\/es\/tours\/italia-es\/milan-es\/visita-privada-a-pie-la-ultima-cena\/#primaryimage\"},\"thumbnailUrl\":\"https:\/\/tourtravelandmore.com\/wp-content\/uploads\/2022\/03\/image6.jpg\",\"datePublished\":\"2022-03-07T14:49:40+00:00\",\"dateModified\":\"2022-04-01T10:12:34+00:00\",\"description\":\"Conoce la simb\u00f3lica obra de arte La \u00daltima Cena de Leonardo Da Vinci en una visita privada a la iglesia de Santa Maria delle Grazie, para admirar de cerca una de las pinturas m\u00e1s c\u00e9lebres de todo el mundo y en compa\u00f1\u00eda de un gu\u00eda experto en arte.\",\"breadcrumb\":{\"@id\":\"https:\/\/tourtravelandmore.com\/es\/tours\/italia-es\/milan-es\/visita-privada-a-pie-la-ultima-cena\/#breadcrumb\"},\"inLanguage\":\"es\",\"potentialAction\":[{\"@type\":\"ReadAction\",\"target\":[\"https:\/\/tourtravelandmore.com\/es\/tours\/italia-es\/milan-es\/visita-privada-a-pie-la-ultima-cena\/\"]}]},{\"@type\":\"ImageObject\",\"inLanguage\":\"es\",\"@id\":\"https:\/\/tourtravelandmore.com\/es\/tours\/italia-es\/milan-es\/visita-privada-a-pie-la-ultima-cena\/#primaryimage\",\"url\":\"https:\/\/tourtravelandmore.com\/wp-content\/uploads\/2022\/03\/image6.jpg\",\"contentUrl\":\"https:\/\/tourtravelandmore.com\/wp-content\/uploads\/2022\/03\/image6.jpg\",\"width\":900,\"height\":680},{\"@type\":\"BreadcrumbList\",\"@id\":\"https:\/\/tourtravelandmore.com\/es\/tours\/italia-es\/milan-es\/visita-privada-a-pie-la-ultima-cena\/#breadcrumb\",\"itemListElement\":[{\"@type\":\"ListItem\",\"position\":1,\"name\":\"Home\",\"item\":\"https:\/\/tourtravelandmore.com\/es\/\"},{\"@type\":\"ListItem\",\"position\":2,\"name\":\"Tours\",\"item\":\"https:\/\/tourtravelandmore.com\/es\/tours\/\"},{\"@type\":\"ListItem\",\"position\":3,\"name\":\"Visita Privada a pie La \u00daltima Cena\"}]},{\"@type\":\"WebSite\",\"@id\":\"https:\/\/tourtravelandmore.com\/es\/#website\",\"url\":\"https:\/\/tourtravelandmore.com\/es\/\",\"name\":\"Tour Travel And More\",\"description\":\"Private sightseeing tours and luxury transfers in Spain\",\"publisher\":{\"@id\":\"https:\/\/tourtravelandmore.com\/es\/#organization\"},\"potentialAction\":[{\"@type\":\"SearchAction\",\"target\":{\"@type\":\"EntryPoint\",\"urlTemplate\":\"https:\/\/tourtravelandmore.com\/es\/?s={search_term_string}\"},\"query-input\":{\"@type\":\"PropertyValueSpecification\",\"valueRequired\":true,\"valueName\":\"search_term_string\"}}],\"inLanguage\":\"es\"},{\"@type\":\"Organization\",\"@id\":\"https:\/\/tourtravelandmore.com\/es\/#organization\",\"name\":\"Tour Travel And More\",\"url\":\"https:\/\/tourtravelandmore.com\/es\/\",\"logo\":{\"@type\":\"ImageObject\",\"inLanguage\":\"es\",\"@id\":\"https:\/\/tourtravelandmore.com\/es\/#\/schema\/logo\/image\/\",\"url\":\"https:\/\/tourtravelandmore.com\/wp-content\/uploads\/2022\/12\/cropped-logo-cabecera-new.png\",\"contentUrl\":\"https:\/\/tourtravelandmore.com\/wp-content\/uploads\/2022\/12\/cropped-logo-cabecera-new.png\",\"width\":430,\"height\":61,\"caption\":\"Tour Travel And More\"},\"image\":{\"@id\":\"https:\/\/tourtravelandmore.com\/es\/#\/schema\/logo\/image\/\"},\"sameAs\":[\"https:\/\/www.facebook.com\/tourtravelandmore\/\",\"https:\/\/x.com\/TourTravel_More\"]}]}<\/script>\n<!-- \/ Yoast SEO Premium plugin. -->","yoast_head_json":{"title":"Visita privada a pie a La \u00faltima Cena con un gu\u00eda privado experto en arte","description":"Conoce la simb\u00f3lica obra de arte La \u00daltima Cena de Leonardo Da Vinci en una visita privada a la iglesia de Santa Maria delle Grazie, para admirar de cerca una de las pinturas m\u00e1s c\u00e9lebres de todo el mundo y en compa\u00f1\u00eda de un gu\u00eda experto en arte.","robots":{"index":"index","follow":"follow","max-snippet":"max-snippet:-1","max-image-preview":"max-image-preview:large","max-video-preview":"max-video-preview:-1"},"canonical":"https:\/\/tourtravelandmore.com\/es\/tours\/italia-es\/milan-es\/visita-privada-a-pie-la-ultima-cena\/","og_locale":"es_ES","og_type":"article","og_title":"Visita Privada a pie La \u00daltima Cena","og_description":"Conoce la simb\u00f3lica obra de arte La \u00daltima Cena de Leonardo Da Vinci en una visita privada a la iglesia de Santa Maria delle Grazie, para admirar de cerca una de las pinturas m\u00e1s c\u00e9lebres de todo el mundo y en compa\u00f1\u00eda de un gu\u00eda experto en arte.","og_url":"https:\/\/tourtravelandmore.com\/es\/tours\/italia-es\/milan-es\/visita-privada-a-pie-la-ultima-cena\/","og_site_name":"Tour Travel And More","article_publisher":"https:\/\/www.facebook.com\/tourtravelandmore\/","article_modified_time":"2022-04-01T10:12:34+00:00","og_image":[{"width":900,"height":680,"url":"https:\/\/tourtravelandmore.com\/wp-content\/uploads\/2022\/03\/image6.jpg","type":"image\/jpeg"}],"twitter_card":"summary_large_image","twitter_site":"@TourTravel_More","twitter_misc":{"Tiempo de lectura":"3 minutos"},"schema":{"@context":"https:\/\/schema.org","@graph":[{"@type":"WebPage","@id":"https:\/\/tourtravelandmore.com\/es\/tours\/italia-es\/milan-es\/visita-privada-a-pie-la-ultima-cena\/","url":"https:\/\/tourtravelandmore.com\/es\/tours\/italia-es\/milan-es\/visita-privada-a-pie-la-ultima-cena\/","name":"Visita privada a pie a La \u00faltima Cena con un gu\u00eda privado experto en arte","isPartOf":{"@id":"https:\/\/tourtravelandmore.com\/es\/#website"},"primaryImageOfPage":{"@id":"https:\/\/tourtravelandmore.com\/es\/tours\/italia-es\/milan-es\/visita-privada-a-pie-la-ultima-cena\/#primaryimage"},"image":{"@id":"https:\/\/tourtravelandmore.com\/es\/tours\/italia-es\/milan-es\/visita-privada-a-pie-la-ultima-cena\/#primaryimage"},"thumbnailUrl":"https:\/\/tourtravelandmore.com\/wp-content\/uploads\/2022\/03\/image6.jpg","datePublished":"2022-03-07T14:49:40+00:00","dateModified":"2022-04-01T10:12:34+00:00","description":"Conoce la simb\u00f3lica obra de arte La \u00daltima Cena de Leonardo Da Vinci en una visita privada a la iglesia de Santa Maria delle Grazie, para admirar de cerca una de las pinturas m\u00e1s c\u00e9lebres de todo el mundo y en compa\u00f1\u00eda de un gu\u00eda experto en arte.","breadcrumb":{"@id":"https:\/\/tourtravelandmore.com\/es\/tours\/italia-es\/milan-es\/visita-privada-a-pie-la-ultima-cena\/#breadcrumb"},"inLanguage":"es","potentialAction":[{"@type":"ReadAction","target":["https:\/\/tourtravelandmore.com\/es\/tours\/italia-es\/milan-es\/visita-privada-a-pie-la-ultima-cena\/"]}]},{"@type":"ImageObject","inLanguage":"es","@id":"https:\/\/tourtravelandmore.com\/es\/tours\/italia-es\/milan-es\/visita-privada-a-pie-la-ultima-cena\/#primaryimage","url":"https:\/\/tourtravelandmore.com\/wp-content\/uploads\/2022\/03\/image6.jpg","contentUrl":"https:\/\/tourtravelandmore.com\/wp-content\/uploads\/2022\/03\/image6.jpg","width":900,"height":680},{"@type":"BreadcrumbList","@id":"https:\/\/tourtravelandmore.com\/es\/tours\/italia-es\/milan-es\/visita-privada-a-pie-la-ultima-cena\/#breadcrumb","itemListElement":[{"@type":"ListItem","position":1,"name":"Home","item":"https:\/\/tourtravelandmore.com\/es\/"},{"@type":"ListItem","position":2,"name":"Tours","item":"https:\/\/tourtravelandmore.com\/es\/tours\/"},{"@type":"ListItem","position":3,"name":"Visita Privada a pie La \u00daltima Cena"}]},{"@type":"WebSite","@id":"https:\/\/tourtravelandmore.com\/es\/#website","url":"https:\/\/tourtravelandmore.com\/es\/","name":"Tour Travel And More","description":"Private sightseeing tours and luxury transfers in Spain","publisher":{"@id":"https:\/\/tourtravelandmore.com\/es\/#organization"},"potentialAction":[{"@type":"SearchAction","target":{"@type":"EntryPoint","urlTemplate":"https:\/\/tourtravelandmore.com\/es\/?s={search_term_string}"},"query-input":{"@type":"PropertyValueSpecification","valueRequired":true,"valueName":"search_term_string"}}],"inLanguage":"es"},{"@type":"Organization","@id":"https:\/\/tourtravelandmore.com\/es\/#organization","name":"Tour Travel And More","url":"https:\/\/tourtravelandmore.com\/es\/","logo":{"@type":"ImageObject","inLanguage":"es","@id":"https:\/\/tourtravelandmore.com\/es\/#\/schema\/logo\/image\/","url":"https:\/\/tourtravelandmore.com\/wp-content\/uploads\/2022\/12\/cropped-logo-cabecera-new.png","contentUrl":"https:\/\/tourtravelandmore.com\/wp-content\/uploads\/2022\/12\/cropped-logo-cabecera-new.png","width":430,"height":61,"caption":"Tour Travel And More"},"image":{"@id":"https:\/\/tourtravelandmore.com\/es\/#\/schema\/logo\/image\/"},"sameAs":["https:\/\/www.facebook.com\/tourtravelandmore\/","https:\/\/x.com\/TourTravel_More"]}]}},"_links":{"self":[{"href":"https:\/\/tourtravelandmore.com\/es\/wp-json\/wp\/v2\/product\/120530","targetHints":{"allow":["GET"]}}],"collection":[{"href":"https:\/\/tourtravelandmore.com\/es\/wp-json\/wp\/v2\/product"}],"about":[{"href":"https:\/\/tourtravelandmore.com\/es\/wp-json\/wp\/v2\/types\/product"}],"replies":[{"embeddable":true,"href":"https:\/\/tourtravelandmore.com\/es\/wp-json\/wp\/v2\/comments?post=120530"}],"wp:featuredmedia":[{"embeddable":true,"href":"https:\/\/tourtravelandmore.com\/es\/wp-json\/wp\/v2\/media\/120558"}],"wp:attachment":[{"href":"https:\/\/tourtravelandmore.com\/es\/wp-json\/wp\/v2\/media?parent=120530"}],"wp:term":[{"taxonomy":"product_brand","embeddable":true,"href":"https:\/\/tourtravelandmore.com\/es\/wp-json\/wp\/v2\/product_brand?post=120530"},{"taxonomy":"product_cat","embeddable":true,"href":"https:\/\/tourtravelandmore.com\/es\/wp-json\/wp\/v2\/product_cat?post=120530"},{"taxonomy":"product_tag","embeddable":true,"href":"https:\/\/tourtravelandmore.com\/es\/wp-json\/wp\/v2\/product_tag?post=120530"}],"curies":[{"name":"wp","href":"https:\/\/api.w.org\/{rel}","templated":true}]}}