{"id":120081,"date":"2022-02-26T10:20:50","date_gmt":"2022-02-26T09:20:54","guid":{"rendered":"https:\/\/tourtravelandmore.com\/?post_type=product&#038;p=120081"},"modified":"2022-04-01T12:16:05","modified_gmt":"2022-04-01T10:16:05","slug":"tour-privado-a-bolonia-desde-milan","status":"publish","type":"product","link":"https:\/\/tourtravelandmore.com\/es\/tours\/italia-es\/milan-es\/tour-privado-a-bolonia-desde-milan\/","title":{"rendered":"Tour privado a Bolonia desde Mil\u00e1n"},"content":{"rendered":"<h2><span style=\"font-weight: 400;\">Descripci\u00f3n del Tour Privado a Bolonia desde Mil\u00e1n<\/span><\/h2>\n<p><span style=\"font-weight: 400;\">Bolonia es conocida, entre otras cosas, por ser la sede de la universidad m\u00e1s vieja del mundo occidental. Adem\u00e1s, es una urbe que posee una arquitectura muy destacada y que representa perfectamente el mejor estilo medieval.\u00a0<\/span><\/p>\n<p><span style=\"font-weight: 400;\">Este <\/span><b>tour privado a Bolonia desde Mil\u00e1n<\/b><span style=\"font-weight: 400;\"> es ideal para <\/span><b>explorar con calma y a tu ritmo<\/b><span style=\"font-weight: 400;\"> esta emblem\u00e1tica ciudad, la cual es considerada como la cuna de la gastronom\u00eda italiana.\u00a0<\/span><\/p>\n<p><span style=\"font-weight: 400;\">Nuestro conductor puede buscarte por el hotel o por alg\u00fan punto c\u00e9ntrico en Mil\u00e1n para llevarte hasta Bolonia en un c\u00f3modo coche de lujo.\u00a0<\/span><\/p>\n<p><span style=\"font-weight: 400;\">Al llegar all\u00ed, <\/span><b>un gu\u00eda local te acompa\u00f1ar\u00e1 por 3 horas<\/b><span style=\"font-weight: 400;\"> para caminar por los lugares m\u00e1s atractivos, como la Plaza Mayor o Piazza Grande, en cuyos alrededores est\u00e1n algunas de las edificaciones y monumentos m\u00e1s atractivos de la ciudad.\u00a0<\/span><\/p>\n<p><span style=\"font-weight: 400;\">Tambi\u00e9n, conocer\u00e1s la bas\u00edlica de San Petronio y el palacio Comunal. Igualmente, pasar\u00e1s por el Archiginnasio, el sitio en donde funciona la universidad m\u00e1s antigua de occidente y que a\u00fan est\u00e1 en funcionamiento.\u00a0<\/span><\/p>\n<p><span style=\"font-weight: 400;\">Este <\/span><b>recorrido privado de 10 horas<\/b><span style=\"font-weight: 400;\"> incluye visitas guiadas a los mejores sitios de Bolonia y tiempo libre para comprar o comer en los numerosos restaurantes locales.<\/span><\/p>\n<p><span style=\"font-weight: 400;\">Cuando finalice la excursi\u00f3n guiada, el coche te llevar\u00e1 de vuelta a Mil\u00e1n para dejarte en el lugar que nos indiques.\u00a0\u00a0<\/span><\/p>\n<h2><strong><span style=\"color: #d3af37;\">Puntos de inter\u00e9s del Tour Privado<\/span><\/strong><\/h2>\n<p><span style=\"font-weight: 400;\">Bolonia es uno de los destinos predilectos de los turistas que visitan Italia cada a\u00f1o. Sobre todo, por su excelente gastronom\u00eda y por la historia que encierra esta espl\u00e9ndida ciudad medieval.\u00a0<\/span><\/p>\n<p><span style=\"font-weight: 400;\">Este tour privado por Bolonia desde Mil\u00e1n est\u00e1 planificado a tu medida, puesto que podemos buscarte en tu hotel o en el lugar que nos indiques, siempre que est\u00e9 en un punto c\u00e9ntrico de la ciudad.\u00a0<\/span><\/p>\n<p><span style=\"font-weight: 400;\">Todo <\/span><b>el traslado desde Mil\u00e1n hasta Bolonia ser\u00e1 en un c\u00f3modo coche de lujo<\/b><span style=\"font-weight: 400;\"> para atravesar por incre\u00edbles paisajes hasta llegar a la \u201cciudad Roja\u201d. En Bolonia te espera un gu\u00eda oficial privado, quien te llevar\u00e1 a conocer los siguientes puntos de inter\u00e9s:\u00a0<\/span><\/p>\n<h3><strong><span style=\"color: #d3af37;\">La Piazza Maggiore<\/span><\/strong><\/h3>\n<p><span style=\"font-weight: 400;\">La Plaza Grande o Piazza Maggiore es el centro hist\u00f3rico y geogr\u00e1fico de Bolonia. Por eso, es uno de los primeros sitios que visitar\u00e1s al llegar a la ciudad.\u00a0<\/span><\/p>\n<p><span style=\"font-weight: 400;\">Se trata de una plaza que conserva todo su estilo medieval. Adem\u00e1s, a su alrededor cuenta con varios edificios de gran valor hist\u00f3rico, como la Bas\u00edlica de San Petronio, la fuente Neptuno, entre muchos otros.\u00a0<\/span><\/p>\n<p><span style=\"font-weight: 400;\">Sin dudas, este es un sitio espl\u00e9ndido para conectar con las costumbres italianas.\u00a0<\/span><\/p>\n<h3><strong><span style=\"color: #d3af37;\">La Bas\u00edlica de San Petronio\u00a0<\/span><\/strong><\/h3>\n<p><span style=\"font-weight: 400;\">La historia de esta bas\u00edlica es fascinante. De hecho, su construcci\u00f3n se remonta al a\u00f1o 1390 y fue el lugar en el cual se coron\u00f3 Carlos V.\u00a0<\/span><\/p>\n<p><span style=\"font-weight: 400;\">No obstante, las ampliaciones de esta construcci\u00f3n fueron paralizadas por \u00f3rdenes de las autoridades papales, puesto que estaba muy cerca de ser una bas\u00edlica tan grande como la de San Pedro en Roma.\u00a0<\/span><\/p>\n<p><span style=\"font-weight: 400;\">A pesar de este episodio hist\u00f3rico, la bas\u00edlica de San Petronio es la quinta m\u00e1s grande del mundo.\u00a0<\/span><\/p>\n<h3><strong><span style=\"color: #d3af37;\">La Fuente de Neptuno\u00a0<\/span><\/strong><\/h3>\n<p><span style=\"font-weight: 400;\">Esta es la fuente m\u00e1s famosa de la ciudad. Fue creada en el a\u00f1o 1563 y desde entonces se ha convertido en <\/span><b>un s\u00edmbolo de Bolonia<\/b><span style=\"font-weight: 400;\">.\u00a0<\/span><\/p>\n<p><span style=\"font-weight: 400;\">Esta imponente construcci\u00f3n fue hecha por Tommaso Lauretti con retoques finales por parte de un escultor conocido como Juan de Bolonia.\u00a0<\/span><\/p>\n<p><span style=\"font-weight: 400;\">Se trata de un lugar muy emblem\u00e1tico al cual los visitantes y los habitantes de la ciudad suelen asistir con frecuencia.\u00a0<\/span><\/p>\n<h3><span style=\"color: #d3af37;\"><strong>La Primera Universidad de Bolonia<\/strong><\/span><\/h3>\n<p><span style=\"font-weight: 400;\">En Bolonia se encuentra <\/span><b>la universidad que se considera la m\u00e1s antigua del mundo<\/b><span style=\"font-weight: 400;\">. Se cree que fue fundada en el a\u00f1o 1088 por Irnerio.\u00a0<\/span><\/p>\n<p><span style=\"font-weight: 400;\">Esta universidad atrae a\u00f1o tras a\u00f1o a muchos estudiantes de Italia y de todo el mundo, lo cual le da mucho dinamismo a la ciudad.\u00a0<\/span><\/p>\n<p><span style=\"font-weight: 400;\">Igualmente, tendr\u00e1s la oportunidad de conocer:\u00a0<\/span><\/p>\n<ul>\n<li><b>El Mercado medieval el Cuadril\u00e1tero.\u00a0<\/b><\/li>\n<li><b>Las Dos Torres (Asinelli y Garisenda).<\/b><\/li>\n<li><b>Palacio Archiginnasio.<\/b><\/li>\n<li><b>Bas\u00edlica di San Dom\u00e9nico y mucho m\u00e1s.\u00a0<\/b><\/li>\n<\/ul>\n<p><span style=\"font-weight: 400;\">No dejes pasar esta oportunidad para descubrir la historia de Bolonia, al mismo tiempo que disfrutar\u00e1s de una experiencia \u00edntima y personalizada junto a un gu\u00eda personal. Al finalizar la excursi\u00f3n te llevaremos de regreso a Mil\u00e1n para que llegues a la ciudad sin demoras.\u00a0<\/span><\/p>\n<p><span style=\"font-weight: 400;\">Puedes incluir en tu itinerario de viaje nuestro <\/span><a href=\"https:\/\/tourtravelandmore.com\/es\/tours\/italia-es\/milan-es\/tour-privado-a-venecia-desde-milan\/\"><b>tour privado a Venecia desde Mil\u00e1n<\/b><\/a><span style=\"font-weight: 400;\"> para que tambi\u00e9n recorras una de las ciudades m\u00e1s hermosas del mundo.<\/span><\/p>\n","protected":false},"excerpt":{"rendered":"<p><span style=\"font-weight: 400;\">Aprovecha al m\u00e1ximo tu tiempo por Italia y descubre la hist\u00f3rica ciudad de Bolonia, mejor conocida como \u201cla ciudad Roja y de la Grasa\u201d por su inigualable arquitectura y su exquisita comida. Podr\u00e1s recorrer la Piazza Maggiore, ver la bas\u00edlica de San Petronio, el palacio del Rey Enzo y muchos otros monumentos. Adem\u00e1s, el traslado ser\u00e1 en un c\u00f3modo coche de lujo y con un gu\u00eda privado experto en arte e historia.\u00a0<\/span><\/p>\n","protected":false},"featured_media":120126,"comment_status":"open","ping_status":"closed","template":"","meta":{"_acf_changed":false},"product_brand":[],"product_cat":[424,425,428],"product_tag":[],"class_list":{"0":"post-120081","1":"product","2":"type-product","3":"status-publish","4":"has-post-thumbnail","6":"product_cat-milan-es","7":"product_cat-milan-actividades-es","8":"product_cat-milan-tours-privados-pie-es","10":"first","11":"instock","12":"shipping-taxable","13":"purchasable","14":"product-type-simple"},"acf":[],"yoast_head":"<!-- This site is optimized with the Yoast SEO Premium plugin v25.3.1 (Yoast SEO v25.3.1) - https:\/\/yoast.com\/wordpress\/plugins\/seo\/ -->\n<title>Tour privado a Bolonia desde Mil\u00e1n con gu\u00eda privado y coche de lujo incluido<\/title>\n<meta name=\"description\" content=\"Explora una de las ciudades m\u00e1s importantes de Italia en un tour privado por Bolonia para conocer el importante legado arquitect\u00f3nico, cultural e hist\u00f3rico de la capital de la regi\u00f3n Emilia-Roma\u00f1a.\" \/>\n<meta name=\"robots\" content=\"index, follow, max-snippet:-1, max-image-preview:large, max-video-preview:-1\" \/>\n<link rel=\"canonical\" href=\"https:\/\/tourtravelandmore.com\/es\/tours\/italia-es\/milan-es\/tour-privado-a-bolonia-desde-milan\/\" \/>\n<meta property=\"og:locale\" content=\"es_ES\" \/>\n<meta property=\"og:type\" content=\"article\" \/>\n<meta property=\"og:title\" content=\"Tour privado a Bolonia desde Mil\u00e1n\" \/>\n<meta property=\"og:description\" content=\"Explora una de las ciudades m\u00e1s importantes de Italia en un tour privado por Bolonia para conocer el importante legado arquitect\u00f3nico, cultural e hist\u00f3rico de la capital de la regi\u00f3n Emilia-Roma\u00f1a.\" \/>\n<meta property=\"og:url\" content=\"https:\/\/tourtravelandmore.com\/es\/tours\/italia-es\/milan-es\/tour-privado-a-bolonia-desde-milan\/\" \/>\n<meta property=\"og:site_name\" content=\"Tour Travel And More\" \/>\n<meta property=\"article:publisher\" content=\"https:\/\/www.facebook.com\/tourtravelandmore\/\" \/>\n<meta property=\"article:modified_time\" content=\"2022-04-01T10:16:05+00:00\" \/>\n<meta property=\"og:image\" content=\"https:\/\/tourtravelandmore.com\/wp-content\/uploads\/2022\/02\/image2-9.jpg\" \/>\n\t<meta property=\"og:image:width\" content=\"900\" \/>\n\t<meta property=\"og:image:height\" content=\"654\" \/>\n\t<meta property=\"og:image:type\" content=\"image\/jpeg\" \/>\n<meta name=\"twitter:card\" content=\"summary_large_image\" \/>\n<meta name=\"twitter:site\" content=\"@TourTravel_More\" \/>\n<meta name=\"twitter:label1\" content=\"Tiempo de lectura\" \/>\n\t<meta name=\"twitter:data1\" content=\"4 minutos\" \/>\n<script type=\"application\/ld+json\" class=\"yoast-schema-graph\">{\"@context\":\"https:\/\/schema.org\",\"@graph\":[{\"@type\":\"WebPage\",\"@id\":\"https:\/\/tourtravelandmore.com\/es\/tours\/italia-es\/milan-es\/tour-privado-a-bolonia-desde-milan\/\",\"url\":\"https:\/\/tourtravelandmore.com\/es\/tours\/italia-es\/milan-es\/tour-privado-a-bolonia-desde-milan\/\",\"name\":\"Tour privado a Bolonia desde Mil\u00e1n con gu\u00eda privado y coche de lujo incluido\",\"isPartOf\":{\"@id\":\"https:\/\/tourtravelandmore.com\/es\/#website\"},\"primaryImageOfPage\":{\"@id\":\"https:\/\/tourtravelandmore.com\/es\/tours\/italia-es\/milan-es\/tour-privado-a-bolonia-desde-milan\/#primaryimage\"},\"image\":{\"@id\":\"https:\/\/tourtravelandmore.com\/es\/tours\/italia-es\/milan-es\/tour-privado-a-bolonia-desde-milan\/#primaryimage\"},\"thumbnailUrl\":\"https:\/\/tourtravelandmore.com\/wp-content\/uploads\/2022\/02\/image2-9.jpg\",\"datePublished\":\"2022-02-26T09:20:54+00:00\",\"dateModified\":\"2022-04-01T10:16:05+00:00\",\"description\":\"Explora una de las ciudades m\u00e1s importantes de Italia en un tour privado por Bolonia para conocer el importante legado arquitect\u00f3nico, cultural e hist\u00f3rico de la capital de la regi\u00f3n Emilia-Roma\u00f1a.\",\"breadcrumb\":{\"@id\":\"https:\/\/tourtravelandmore.com\/es\/tours\/italia-es\/milan-es\/tour-privado-a-bolonia-desde-milan\/#breadcrumb\"},\"inLanguage\":\"es\",\"potentialAction\":[{\"@type\":\"ReadAction\",\"target\":[\"https:\/\/tourtravelandmore.com\/es\/tours\/italia-es\/milan-es\/tour-privado-a-bolonia-desde-milan\/\"]}]},{\"@type\":\"ImageObject\",\"inLanguage\":\"es\",\"@id\":\"https:\/\/tourtravelandmore.com\/es\/tours\/italia-es\/milan-es\/tour-privado-a-bolonia-desde-milan\/#primaryimage\",\"url\":\"https:\/\/tourtravelandmore.com\/wp-content\/uploads\/2022\/02\/image2-9.jpg\",\"contentUrl\":\"https:\/\/tourtravelandmore.com\/wp-content\/uploads\/2022\/02\/image2-9.jpg\",\"width\":900,\"height\":654},{\"@type\":\"BreadcrumbList\",\"@id\":\"https:\/\/tourtravelandmore.com\/es\/tours\/italia-es\/milan-es\/tour-privado-a-bolonia-desde-milan\/#breadcrumb\",\"itemListElement\":[{\"@type\":\"ListItem\",\"position\":1,\"name\":\"Home\",\"item\":\"https:\/\/tourtravelandmore.com\/es\/\"},{\"@type\":\"ListItem\",\"position\":2,\"name\":\"Tours\",\"item\":\"https:\/\/tourtravelandmore.com\/es\/tours\/\"},{\"@type\":\"ListItem\",\"position\":3,\"name\":\"Tour privado a Bolonia desde Mil\u00e1n\"}]},{\"@type\":\"WebSite\",\"@id\":\"https:\/\/tourtravelandmore.com\/es\/#website\",\"url\":\"https:\/\/tourtravelandmore.com\/es\/\",\"name\":\"Tour Travel And More\",\"description\":\"Private sightseeing tours and luxury transfers in Spain\",\"publisher\":{\"@id\":\"https:\/\/tourtravelandmore.com\/es\/#organization\"},\"potentialAction\":[{\"@type\":\"SearchAction\",\"target\":{\"@type\":\"EntryPoint\",\"urlTemplate\":\"https:\/\/tourtravelandmore.com\/es\/?s={search_term_string}\"},\"query-input\":{\"@type\":\"PropertyValueSpecification\",\"valueRequired\":true,\"valueName\":\"search_term_string\"}}],\"inLanguage\":\"es\"},{\"@type\":\"Organization\",\"@id\":\"https:\/\/tourtravelandmore.com\/es\/#organization\",\"name\":\"Tour Travel And More\",\"url\":\"https:\/\/tourtravelandmore.com\/es\/\",\"logo\":{\"@type\":\"ImageObject\",\"inLanguage\":\"es\",\"@id\":\"https:\/\/tourtravelandmore.com\/es\/#\/schema\/logo\/image\/\",\"url\":\"https:\/\/tourtravelandmore.com\/wp-content\/uploads\/2022\/12\/cropped-logo-cabecera-new.png\",\"contentUrl\":\"https:\/\/tourtravelandmore.com\/wp-content\/uploads\/2022\/12\/cropped-logo-cabecera-new.png\",\"width\":430,\"height\":61,\"caption\":\"Tour Travel And More\"},\"image\":{\"@id\":\"https:\/\/tourtravelandmore.com\/es\/#\/schema\/logo\/image\/\"},\"sameAs\":[\"https:\/\/www.facebook.com\/tourtravelandmore\/\",\"https:\/\/x.com\/TourTravel_More\"]}]}<\/script>\n<!-- \/ Yoast SEO Premium plugin. -->","yoast_head_json":{"title":"Tour privado a Bolonia desde Mil\u00e1n con gu\u00eda privado y coche de lujo incluido","description":"Explora una de las ciudades m\u00e1s importantes de Italia en un tour privado por Bolonia para conocer el importante legado arquitect\u00f3nico, cultural e hist\u00f3rico de la capital de la regi\u00f3n Emilia-Roma\u00f1a.","robots":{"index":"index","follow":"follow","max-snippet":"max-snippet:-1","max-image-preview":"max-image-preview:large","max-video-preview":"max-video-preview:-1"},"canonical":"https:\/\/tourtravelandmore.com\/es\/tours\/italia-es\/milan-es\/tour-privado-a-bolonia-desde-milan\/","og_locale":"es_ES","og_type":"article","og_title":"Tour privado a Bolonia desde Mil\u00e1n","og_description":"Explora una de las ciudades m\u00e1s importantes de Italia en un tour privado por Bolonia para conocer el importante legado arquitect\u00f3nico, cultural e hist\u00f3rico de la capital de la regi\u00f3n Emilia-Roma\u00f1a.","og_url":"https:\/\/tourtravelandmore.com\/es\/tours\/italia-es\/milan-es\/tour-privado-a-bolonia-desde-milan\/","og_site_name":"Tour Travel And More","article_publisher":"https:\/\/www.facebook.com\/tourtravelandmore\/","article_modified_time":"2022-04-01T10:16:05+00:00","og_image":[{"width":900,"height":654,"url":"https:\/\/tourtravelandmore.com\/wp-content\/uploads\/2022\/02\/image2-9.jpg","type":"image\/jpeg"}],"twitter_card":"summary_large_image","twitter_site":"@TourTravel_More","twitter_misc":{"Tiempo de lectura":"4 minutos"},"schema":{"@context":"https:\/\/schema.org","@graph":[{"@type":"WebPage","@id":"https:\/\/tourtravelandmore.com\/es\/tours\/italia-es\/milan-es\/tour-privado-a-bolonia-desde-milan\/","url":"https:\/\/tourtravelandmore.com\/es\/tours\/italia-es\/milan-es\/tour-privado-a-bolonia-desde-milan\/","name":"Tour privado a Bolonia desde Mil\u00e1n con gu\u00eda privado y coche de lujo incluido","isPartOf":{"@id":"https:\/\/tourtravelandmore.com\/es\/#website"},"primaryImageOfPage":{"@id":"https:\/\/tourtravelandmore.com\/es\/tours\/italia-es\/milan-es\/tour-privado-a-bolonia-desde-milan\/#primaryimage"},"image":{"@id":"https:\/\/tourtravelandmore.com\/es\/tours\/italia-es\/milan-es\/tour-privado-a-bolonia-desde-milan\/#primaryimage"},"thumbnailUrl":"https:\/\/tourtravelandmore.com\/wp-content\/uploads\/2022\/02\/image2-9.jpg","datePublished":"2022-02-26T09:20:54+00:00","dateModified":"2022-04-01T10:16:05+00:00","description":"Explora una de las ciudades m\u00e1s importantes de Italia en un tour privado por Bolonia para conocer el importante legado arquitect\u00f3nico, cultural e hist\u00f3rico de la capital de la regi\u00f3n Emilia-Roma\u00f1a.","breadcrumb":{"@id":"https:\/\/tourtravelandmore.com\/es\/tours\/italia-es\/milan-es\/tour-privado-a-bolonia-desde-milan\/#breadcrumb"},"inLanguage":"es","potentialAction":[{"@type":"ReadAction","target":["https:\/\/tourtravelandmore.com\/es\/tours\/italia-es\/milan-es\/tour-privado-a-bolonia-desde-milan\/"]}]},{"@type":"ImageObject","inLanguage":"es","@id":"https:\/\/tourtravelandmore.com\/es\/tours\/italia-es\/milan-es\/tour-privado-a-bolonia-desde-milan\/#primaryimage","url":"https:\/\/tourtravelandmore.com\/wp-content\/uploads\/2022\/02\/image2-9.jpg","contentUrl":"https:\/\/tourtravelandmore.com\/wp-content\/uploads\/2022\/02\/image2-9.jpg","width":900,"height":654},{"@type":"BreadcrumbList","@id":"https:\/\/tourtravelandmore.com\/es\/tours\/italia-es\/milan-es\/tour-privado-a-bolonia-desde-milan\/#breadcrumb","itemListElement":[{"@type":"ListItem","position":1,"name":"Home","item":"https:\/\/tourtravelandmore.com\/es\/"},{"@type":"ListItem","position":2,"name":"Tours","item":"https:\/\/tourtravelandmore.com\/es\/tours\/"},{"@type":"ListItem","position":3,"name":"Tour privado a Bolonia desde Mil\u00e1n"}]},{"@type":"WebSite","@id":"https:\/\/tourtravelandmore.com\/es\/#website","url":"https:\/\/tourtravelandmore.com\/es\/","name":"Tour Travel And More","description":"Private sightseeing tours and luxury transfers in Spain","publisher":{"@id":"https:\/\/tourtravelandmore.com\/es\/#organization"},"potentialAction":[{"@type":"SearchAction","target":{"@type":"EntryPoint","urlTemplate":"https:\/\/tourtravelandmore.com\/es\/?s={search_term_string}"},"query-input":{"@type":"PropertyValueSpecification","valueRequired":true,"valueName":"search_term_string"}}],"inLanguage":"es"},{"@type":"Organization","@id":"https:\/\/tourtravelandmore.com\/es\/#organization","name":"Tour Travel And More","url":"https:\/\/tourtravelandmore.com\/es\/","logo":{"@type":"ImageObject","inLanguage":"es","@id":"https:\/\/tourtravelandmore.com\/es\/#\/schema\/logo\/image\/","url":"https:\/\/tourtravelandmore.com\/wp-content\/uploads\/2022\/12\/cropped-logo-cabecera-new.png","contentUrl":"https:\/\/tourtravelandmore.com\/wp-content\/uploads\/2022\/12\/cropped-logo-cabecera-new.png","width":430,"height":61,"caption":"Tour Travel And More"},"image":{"@id":"https:\/\/tourtravelandmore.com\/es\/#\/schema\/logo\/image\/"},"sameAs":["https:\/\/www.facebook.com\/tourtravelandmore\/","https:\/\/x.com\/TourTravel_More"]}]}},"_links":{"self":[{"href":"https:\/\/tourtravelandmore.com\/es\/wp-json\/wp\/v2\/product\/120081","targetHints":{"allow":["GET"]}}],"collection":[{"href":"https:\/\/tourtravelandmore.com\/es\/wp-json\/wp\/v2\/product"}],"about":[{"href":"https:\/\/tourtravelandmore.com\/es\/wp-json\/wp\/v2\/types\/product"}],"replies":[{"embeddable":true,"href":"https:\/\/tourtravelandmore.com\/es\/wp-json\/wp\/v2\/comments?post=120081"}],"wp:featuredmedia":[{"embeddable":true,"href":"https:\/\/tourtravelandmore.com\/es\/wp-json\/wp\/v2\/media\/120126"}],"wp:attachment":[{"href":"https:\/\/tourtravelandmore.com\/es\/wp-json\/wp\/v2\/media?parent=120081"}],"wp:term":[{"taxonomy":"product_brand","embeddable":true,"href":"https:\/\/tourtravelandmore.com\/es\/wp-json\/wp\/v2\/product_brand?post=120081"},{"taxonomy":"product_cat","embeddable":true,"href":"https:\/\/tourtravelandmore.com\/es\/wp-json\/wp\/v2\/product_cat?post=120081"},{"taxonomy":"product_tag","embeddable":true,"href":"https:\/\/tourtravelandmore.com\/es\/wp-json\/wp\/v2\/product_tag?post=120081"}],"curies":[{"name":"wp","href":"https:\/\/api.w.org\/{rel}","templated":true}]}}