{"id":11934,"date":"2017-04-10T17:12:16","date_gmt":"2017-04-10T15:43:14","guid":{"rendered":"http:\/\/tourtravelandmore.com\/es\/?post_type=product&#038;p=11934"},"modified":"2024-08-21T17:24:18","modified_gmt":"2024-08-21T15:24:18","slug":"tour-privado-por-napoles","status":"publish","type":"product","link":"https:\/\/tourtravelandmore.com\/es\/tours\/italia-es\/napoles-pompeya-es\/tour-privado-por-napoles\/","title":{"rendered":"Tour Privado por N\u00e1poles"},"content":{"rendered":"<h2><b>Tour de N\u00e1poles &#8211; Visita privada de 4 horas Descripci\u00f3n:<\/b><\/h2>\n<p><span style=\"font-weight: 400;\">Emb\u00e1rquese en un cautivador viaje por N\u00e1poles, una ciudad donde la historia resuena a trav\u00e9s de sus antiguas calles y su moderna vitalidad. Este exclusivo recorrido privado de cuatro horas le ofrece el lujo de explorar N\u00e1poles con su gu\u00eda oficial personal y la comodidad de un veh\u00edculo privado de lujo con ch\u00f3fer.<\/span><\/p>\n<p><span style=\"font-weight: 400;\">N\u00e1poles, situada en el sur de Italia, es una de las ciudades m\u00e1s hist\u00f3ricas del pa\u00eds y la tercera en poblaci\u00f3n. La ciudad se extiende a lo largo de la pintoresca bah\u00eda de N\u00e1poles, a la sombra del Monte Vesubio, a\u00fan activo y tristemente c\u00e9lebre por la destrucci\u00f3n de Pompeya.<\/span><\/p>\n<p><span style=\"font-weight: 400;\">Este recorrido est\u00e1 dise\u00f1ado para mostrar la singularidad de N\u00e1poles, desde su rico tapiz hist\u00f3rico hasta las fascinantes vistas de la costa y su deliciosa gastronom\u00eda. Nuestra misi\u00f3n en Tour Travel and More es convertir su visita en una historia de amor con N\u00e1poles.<\/span><\/p>\n<p><span style=\"font-weight: 400;\">El recorrido es flexible y puede adaptarse a sus preferencias. Para quienes prefieran profundizar en la esencia de la ciudad, tambi\u00e9n ofrecemos la opci\u00f3n de un recorrido a pie, que le sumergir\u00e1 de lleno en las vibrantes calles de N\u00e1poles.<\/span><\/p>\n<p><span style=\"font-weight: 400;\">Mientras recorre las bulliciosas calles y las serenas plazas de N\u00e1poles, quedar\u00e1 cautivado por la armoniosa mezcla de vida antigua y contempor\u00e1nea. El rico patrimonio cultural de la ciudad queda patente en cada rinc\u00f3n, desde las iglesias barrocas hasta las obras de arte renacentistas que albergan sus numerosos museos. Su gu\u00eda experto le har\u00e1 revivir las historias y leyendas de N\u00e1poles, ofreci\u00e9ndole una visi\u00f3n de su glorioso pasado y su vibrante presente. Experimente la famosa hospitalidad y calidez napolitanas mientras interact\u00faa con los lugare\u00f1os, a\u00f1adiendo un toque aut\u00e9ntico a su viaje. Este tour no es s\u00f3lo una visita tur\u00edstica; es una invitaci\u00f3n a experimentar el alma de N\u00e1poles, que le dejar\u00e1 recuerdos para toda la vida.<\/span><\/p>\n<h2><b>Tour de N\u00e1poles &#8211; Visita privada de 4 horas por la ciudad | Puntos de inter\u00e9s y lugares emblem\u00e1ticos:<\/b><\/h2>\n<p><span style=\"font-weight: 400;\">Su viaje por N\u00e1poles comienza en el lugar que usted elija, ya sea su hotel, el puerto de cruceros o el aeropuerto. Una vez reunido con su experto gu\u00eda y conductor privado, comienza la exploraci\u00f3n de N\u00e1poles.<\/span><\/p>\n<ul>\n<li style=\"font-weight: 400;\" aria-level=\"1\"><b>Castel dell&#8217;Ovo: <\/b><span style=\"font-weight: 400;\">Comience en este emblem\u00e1tico castillo, famoso por sus impresionantes vistas del Golfo de N\u00e1poles, que ofrece una introducci\u00f3n perfecta al encanto de la ciudad.<\/span><\/li>\n<li style=\"font-weight: 400;\" aria-level=\"1\"><b>Castel Nuovo:<\/b><span style=\"font-weight: 400;\"> Descubra esta fortaleza hist\u00f3rica, anta\u00f1o centro de actividad cultural y hoy s\u00edmbolo emblem\u00e1tico de N\u00e1poles.<\/span><\/li>\n<li style=\"font-weight: 400;\" aria-level=\"1\"><b>Calle Spaccanapoli:<\/b><span style=\"font-weight: 400;\"> Pasee por esta vibrante calle, un microcosmos de la vida napolitana. Aqu\u00ed podr\u00e1 explorar el majestuoso Duomo, la Bas\u00edlica de San Domenico Maggiore y la Piazza del Ges\u00fa, cada una con su propia historia del pasado de N\u00e1poles.<\/span><\/li>\n<li style=\"font-weight: 400;\" aria-level=\"1\"><b>Catedral de N\u00e1poles y Capilla de San Severo:<\/b><span style=\"font-weight: 400;\"> Visite estos extraordinarios lugares religiosos, ricos en historia y arte. La catedral, anta\u00f1o dedicada a Apolo, es hoy testimonio del patrimonio religioso de N\u00e1poles, mientras que la Capilla de San Severo alberga algunas de las obras de arte m\u00e1s significativas de la ciudad.<\/span><\/li>\n<li style=\"font-weight: 400;\" aria-level=\"1\"><b>Plaza del Plebiscito y Palacio Real de N\u00e1poles<\/b><span style=\"font-weight: 400;\">: Concluya su visita en la plaza principal de la ciudad, frente al magn\u00edfico Palacio Real. Anta\u00f1o residencia de los reyes de Espa\u00f1a, hoy alberga el Museo del Palacio Real y la Capilla Palatina dedicada a la Asunci\u00f3n.<\/span><\/li>\n<li style=\"font-weight: 400;\" aria-level=\"1\"><b>Galer\u00eda Umberto I: <\/b><span style=\"font-weight: 400;\">Entre en esta hist\u00f3rica galer\u00eda comercial, obra maestra de la arquitectura de hierro y cristal. La Galer\u00eda Umberto I no s\u00f3lo ofrece una experiencia de compras, sino que tambi\u00e9n es un impresionante ejemplo de la elegancia italiana del siglo XIX. Sus intrincados dise\u00f1os de suelos y techos abovedados de cristal proporcionan un espectacular tel\u00f3n de fondo para su exploraci\u00f3n.<\/span><\/li>\n<li style=\"font-weight: 400;\" aria-level=\"1\"><b>Teatro di San Carlo:<\/b><span style=\"font-weight: 400;\"> Visite uno de los teatros de \u00f3pera en activo m\u00e1s antiguos del mundo. El Teatro di San Carlo, con su suntuoso interior y su extraordinaria ac\u00fastica, es un s\u00edmbolo del rico patrimonio musical de N\u00e1poles. Aunque no haya ninguna representaci\u00f3n programada durante su visita, la opulencia de sus interiores es un espect\u00e1culo digno de contemplar.<\/span><\/li>\n<li style=\"font-weight: 400;\" aria-level=\"1\"><b>Villa Comunale: <\/b><span style=\"font-weight: 400;\">Para un momento de tranquilidad, pasee por los frondosos senderos de Villa Comunale, el famoso parque p\u00fablico situado a lo largo del paseo mar\u00edtimo de N\u00e1poles. Este oasis verde en la ciudad no s\u00f3lo ofrece una escapada tranquila, sino tambi\u00e9n hermosas vistas del mar Tirreno, adornadas con esculturas y fuentes que narran historias del pasado de la ciudad.<\/span><\/li>\n<\/ul>\n<p><span style=\"font-weight: 400;\">Este completo recorrido no s\u00f3lo destaca los lugares emblem\u00e1ticos y la arquitectura de N\u00e1poles, sino que tambi\u00e9n ofrece una visi\u00f3n \u00edntima de sus famosos monumentos.<\/span><a href=\"https:\/\/tourtravelandmore.com\/es\/ciudad\/italia-es\/napoles-pompeya-es\/\"><span style=\"font-weight: 400;\"> \u00bfLe interesa profundizar m\u00e1s? <\/span><\/a><span style=\"font-weight: 400;\">Podemos organizar entradas a cualquier monumento o museo para mejorar su experiencia.<\/span><\/p>\n","protected":false},"excerpt":{"rendered":"<p><span style=\"font-weight: 400;\">Experimente lo mejor de N\u00e1poles en un recorrido privado de 4 horas por la ciudad. Explore castillos hist\u00f3ricos, calles vibrantes e impresionantes plazas con un gu\u00eda experto y transporte de lujo, adentr\u00e1ndose en el coraz\u00f3n de la cultura y la historia de N\u00e1poles.<\/span><\/p>\n","protected":false},"featured_media":11887,"comment_status":"open","ping_status":"closed","template":"","meta":{"_acf_changed":false},"product_brand":[],"product_cat":[463,467,468],"product_tag":[],"class_list":{"0":"post-11934","1":"product","2":"type-product","3":"status-publish","4":"has-post-thumbnail","6":"product_cat-napoles-pompeya-es","7":"product_cat-napoles-pompeya-actividades-es","8":"product_cat-napoles-pompeya-rutas-turisticas-privadas-es","10":"first","11":"instock","12":"shipping-taxable","13":"purchasable","14":"product-type-simple"},"acf":[],"yoast_head":"<!-- This site is optimized with the Yoast SEO Premium plugin v25.3.1 (Yoast SEO v25.3.1) - https:\/\/yoast.com\/wordpress\/plugins\/seo\/ -->\n<title>Tour privado de 4 horas por la ciudad de N\u00e1poles - Explore con un gu\u00eda experto<\/title>\n<meta name=\"description\" content=\"Descubre la belleza de N\u00e1poles en un tour privado de 4 horas por la ciudad. Visita el Castel dell&#039;Ovo, la calle Spaccanapoli y mucho m\u00e1s con un gu\u00eda personal y transporte de lujo.\" \/>\n<meta name=\"robots\" content=\"index, follow, max-snippet:-1, max-image-preview:large, max-video-preview:-1\" \/>\n<link rel=\"canonical\" href=\"https:\/\/tourtravelandmore.com\/es\/tours\/italia-es\/napoles-pompeya-es\/tour-privado-por-napoles\/\" \/>\n<meta property=\"og:locale\" content=\"es_ES\" \/>\n<meta property=\"og:type\" content=\"article\" \/>\n<meta property=\"og:title\" content=\"Tour Privado por N\u00e1poles\" \/>\n<meta property=\"og:description\" content=\"Descubre la belleza de N\u00e1poles en un tour privado de 4 horas por la ciudad. Visita el Castel dell&#039;Ovo, la calle Spaccanapoli y mucho m\u00e1s con un gu\u00eda personal y transporte de lujo.\" \/>\n<meta property=\"og:url\" content=\"https:\/\/tourtravelandmore.com\/es\/tours\/italia-es\/napoles-pompeya-es\/tour-privado-por-napoles\/\" \/>\n<meta property=\"og:site_name\" content=\"Tour Travel And More\" \/>\n<meta property=\"article:publisher\" content=\"https:\/\/www.facebook.com\/tourtravelandmore\/\" \/>\n<meta property=\"article:modified_time\" content=\"2024-08-21T15:24:18+00:00\" \/>\n<meta property=\"og:image\" content=\"https:\/\/tourtravelandmore.com\/wp-content\/uploads\/2017\/04\/Napoli-8.jpg\" \/>\n\t<meta property=\"og:image:width\" content=\"960\" \/>\n\t<meta property=\"og:image:height\" content=\"720\" \/>\n\t<meta property=\"og:image:type\" content=\"image\/jpeg\" \/>\n<meta name=\"twitter:card\" content=\"summary_large_image\" \/>\n<meta name=\"twitter:site\" content=\"@TourTravel_More\" \/>\n<meta name=\"twitter:label1\" content=\"Tiempo de lectura\" \/>\n\t<meta name=\"twitter:data1\" content=\"4 minutos\" \/>\n<script type=\"application\/ld+json\" class=\"yoast-schema-graph\">{\"@context\":\"https:\/\/schema.org\",\"@graph\":[{\"@type\":\"WebPage\",\"@id\":\"https:\/\/tourtravelandmore.com\/es\/tours\/italia-es\/napoles-pompeya-es\/tour-privado-por-napoles\/\",\"url\":\"https:\/\/tourtravelandmore.com\/es\/tours\/italia-es\/napoles-pompeya-es\/tour-privado-por-napoles\/\",\"name\":\"Tour privado de 4 horas por la ciudad de N\u00e1poles - Explore con un gu\u00eda experto\",\"isPartOf\":{\"@id\":\"https:\/\/tourtravelandmore.com\/es\/#website\"},\"primaryImageOfPage\":{\"@id\":\"https:\/\/tourtravelandmore.com\/es\/tours\/italia-es\/napoles-pompeya-es\/tour-privado-por-napoles\/#primaryimage\"},\"image\":{\"@id\":\"https:\/\/tourtravelandmore.com\/es\/tours\/italia-es\/napoles-pompeya-es\/tour-privado-por-napoles\/#primaryimage\"},\"thumbnailUrl\":\"https:\/\/tourtravelandmore.com\/wp-content\/uploads\/2017\/04\/Napoli-8.jpg\",\"datePublished\":\"2017-04-10T15:43:14+00:00\",\"dateModified\":\"2024-08-21T15:24:18+00:00\",\"description\":\"Descubre la belleza de N\u00e1poles en un tour privado de 4 horas por la ciudad. Visita el Castel dell'Ovo, la calle Spaccanapoli y mucho m\u00e1s con un gu\u00eda personal y transporte de lujo.\",\"breadcrumb\":{\"@id\":\"https:\/\/tourtravelandmore.com\/es\/tours\/italia-es\/napoles-pompeya-es\/tour-privado-por-napoles\/#breadcrumb\"},\"inLanguage\":\"es\",\"potentialAction\":[{\"@type\":\"ReadAction\",\"target\":[\"https:\/\/tourtravelandmore.com\/es\/tours\/italia-es\/napoles-pompeya-es\/tour-privado-por-napoles\/\"]}]},{\"@type\":\"ImageObject\",\"inLanguage\":\"es\",\"@id\":\"https:\/\/tourtravelandmore.com\/es\/tours\/italia-es\/napoles-pompeya-es\/tour-privado-por-napoles\/#primaryimage\",\"url\":\"https:\/\/tourtravelandmore.com\/wp-content\/uploads\/2017\/04\/Napoli-8.jpg\",\"contentUrl\":\"https:\/\/tourtravelandmore.com\/wp-content\/uploads\/2017\/04\/Napoli-8.jpg\",\"width\":960,\"height\":720},{\"@type\":\"BreadcrumbList\",\"@id\":\"https:\/\/tourtravelandmore.com\/es\/tours\/italia-es\/napoles-pompeya-es\/tour-privado-por-napoles\/#breadcrumb\",\"itemListElement\":[{\"@type\":\"ListItem\",\"position\":1,\"name\":\"Home\",\"item\":\"https:\/\/tourtravelandmore.com\/es\/\"},{\"@type\":\"ListItem\",\"position\":2,\"name\":\"Tours\",\"item\":\"https:\/\/tourtravelandmore.com\/es\/tours\/\"},{\"@type\":\"ListItem\",\"position\":3,\"name\":\"Tour Privado por N\u00e1poles\"}]},{\"@type\":\"WebSite\",\"@id\":\"https:\/\/tourtravelandmore.com\/es\/#website\",\"url\":\"https:\/\/tourtravelandmore.com\/es\/\",\"name\":\"Tour Travel And More\",\"description\":\"Private sightseeing tours and luxury transfers in Spain\",\"publisher\":{\"@id\":\"https:\/\/tourtravelandmore.com\/es\/#organization\"},\"potentialAction\":[{\"@type\":\"SearchAction\",\"target\":{\"@type\":\"EntryPoint\",\"urlTemplate\":\"https:\/\/tourtravelandmore.com\/es\/?s={search_term_string}\"},\"query-input\":{\"@type\":\"PropertyValueSpecification\",\"valueRequired\":true,\"valueName\":\"search_term_string\"}}],\"inLanguage\":\"es\"},{\"@type\":\"Organization\",\"@id\":\"https:\/\/tourtravelandmore.com\/es\/#organization\",\"name\":\"Tour Travel And More\",\"url\":\"https:\/\/tourtravelandmore.com\/es\/\",\"logo\":{\"@type\":\"ImageObject\",\"inLanguage\":\"es\",\"@id\":\"https:\/\/tourtravelandmore.com\/es\/#\/schema\/logo\/image\/\",\"url\":\"https:\/\/tourtravelandmore.com\/wp-content\/uploads\/2022\/12\/cropped-logo-cabecera-new.png\",\"contentUrl\":\"https:\/\/tourtravelandmore.com\/wp-content\/uploads\/2022\/12\/cropped-logo-cabecera-new.png\",\"width\":430,\"height\":61,\"caption\":\"Tour Travel And More\"},\"image\":{\"@id\":\"https:\/\/tourtravelandmore.com\/es\/#\/schema\/logo\/image\/\"},\"sameAs\":[\"https:\/\/www.facebook.com\/tourtravelandmore\/\",\"https:\/\/x.com\/TourTravel_More\"]}]}<\/script>\n<!-- \/ Yoast SEO Premium plugin. -->","yoast_head_json":{"title":"Tour privado de 4 horas por la ciudad de N\u00e1poles - Explore con un gu\u00eda experto","description":"Descubre la belleza de N\u00e1poles en un tour privado de 4 horas por la ciudad. Visita el Castel dell'Ovo, la calle Spaccanapoli y mucho m\u00e1s con un gu\u00eda personal y transporte de lujo.","robots":{"index":"index","follow":"follow","max-snippet":"max-snippet:-1","max-image-preview":"max-image-preview:large","max-video-preview":"max-video-preview:-1"},"canonical":"https:\/\/tourtravelandmore.com\/es\/tours\/italia-es\/napoles-pompeya-es\/tour-privado-por-napoles\/","og_locale":"es_ES","og_type":"article","og_title":"Tour Privado por N\u00e1poles","og_description":"Descubre la belleza de N\u00e1poles en un tour privado de 4 horas por la ciudad. Visita el Castel dell'Ovo, la calle Spaccanapoli y mucho m\u00e1s con un gu\u00eda personal y transporte de lujo.","og_url":"https:\/\/tourtravelandmore.com\/es\/tours\/italia-es\/napoles-pompeya-es\/tour-privado-por-napoles\/","og_site_name":"Tour Travel And More","article_publisher":"https:\/\/www.facebook.com\/tourtravelandmore\/","article_modified_time":"2024-08-21T15:24:18+00:00","og_image":[{"width":960,"height":720,"url":"https:\/\/tourtravelandmore.com\/wp-content\/uploads\/2017\/04\/Napoli-8.jpg","type":"image\/jpeg"}],"twitter_card":"summary_large_image","twitter_site":"@TourTravel_More","twitter_misc":{"Tiempo de lectura":"4 minutos"},"schema":{"@context":"https:\/\/schema.org","@graph":[{"@type":"WebPage","@id":"https:\/\/tourtravelandmore.com\/es\/tours\/italia-es\/napoles-pompeya-es\/tour-privado-por-napoles\/","url":"https:\/\/tourtravelandmore.com\/es\/tours\/italia-es\/napoles-pompeya-es\/tour-privado-por-napoles\/","name":"Tour privado de 4 horas por la ciudad de N\u00e1poles - Explore con un gu\u00eda experto","isPartOf":{"@id":"https:\/\/tourtravelandmore.com\/es\/#website"},"primaryImageOfPage":{"@id":"https:\/\/tourtravelandmore.com\/es\/tours\/italia-es\/napoles-pompeya-es\/tour-privado-por-napoles\/#primaryimage"},"image":{"@id":"https:\/\/tourtravelandmore.com\/es\/tours\/italia-es\/napoles-pompeya-es\/tour-privado-por-napoles\/#primaryimage"},"thumbnailUrl":"https:\/\/tourtravelandmore.com\/wp-content\/uploads\/2017\/04\/Napoli-8.jpg","datePublished":"2017-04-10T15:43:14+00:00","dateModified":"2024-08-21T15:24:18+00:00","description":"Descubre la belleza de N\u00e1poles en un tour privado de 4 horas por la ciudad. Visita el Castel dell'Ovo, la calle Spaccanapoli y mucho m\u00e1s con un gu\u00eda personal y transporte de lujo.","breadcrumb":{"@id":"https:\/\/tourtravelandmore.com\/es\/tours\/italia-es\/napoles-pompeya-es\/tour-privado-por-napoles\/#breadcrumb"},"inLanguage":"es","potentialAction":[{"@type":"ReadAction","target":["https:\/\/tourtravelandmore.com\/es\/tours\/italia-es\/napoles-pompeya-es\/tour-privado-por-napoles\/"]}]},{"@type":"ImageObject","inLanguage":"es","@id":"https:\/\/tourtravelandmore.com\/es\/tours\/italia-es\/napoles-pompeya-es\/tour-privado-por-napoles\/#primaryimage","url":"https:\/\/tourtravelandmore.com\/wp-content\/uploads\/2017\/04\/Napoli-8.jpg","contentUrl":"https:\/\/tourtravelandmore.com\/wp-content\/uploads\/2017\/04\/Napoli-8.jpg","width":960,"height":720},{"@type":"BreadcrumbList","@id":"https:\/\/tourtravelandmore.com\/es\/tours\/italia-es\/napoles-pompeya-es\/tour-privado-por-napoles\/#breadcrumb","itemListElement":[{"@type":"ListItem","position":1,"name":"Home","item":"https:\/\/tourtravelandmore.com\/es\/"},{"@type":"ListItem","position":2,"name":"Tours","item":"https:\/\/tourtravelandmore.com\/es\/tours\/"},{"@type":"ListItem","position":3,"name":"Tour Privado por N\u00e1poles"}]},{"@type":"WebSite","@id":"https:\/\/tourtravelandmore.com\/es\/#website","url":"https:\/\/tourtravelandmore.com\/es\/","name":"Tour Travel And More","description":"Private sightseeing tours and luxury transfers in Spain","publisher":{"@id":"https:\/\/tourtravelandmore.com\/es\/#organization"},"potentialAction":[{"@type":"SearchAction","target":{"@type":"EntryPoint","urlTemplate":"https:\/\/tourtravelandmore.com\/es\/?s={search_term_string}"},"query-input":{"@type":"PropertyValueSpecification","valueRequired":true,"valueName":"search_term_string"}}],"inLanguage":"es"},{"@type":"Organization","@id":"https:\/\/tourtravelandmore.com\/es\/#organization","name":"Tour Travel And More","url":"https:\/\/tourtravelandmore.com\/es\/","logo":{"@type":"ImageObject","inLanguage":"es","@id":"https:\/\/tourtravelandmore.com\/es\/#\/schema\/logo\/image\/","url":"https:\/\/tourtravelandmore.com\/wp-content\/uploads\/2022\/12\/cropped-logo-cabecera-new.png","contentUrl":"https:\/\/tourtravelandmore.com\/wp-content\/uploads\/2022\/12\/cropped-logo-cabecera-new.png","width":430,"height":61,"caption":"Tour Travel And More"},"image":{"@id":"https:\/\/tourtravelandmore.com\/es\/#\/schema\/logo\/image\/"},"sameAs":["https:\/\/www.facebook.com\/tourtravelandmore\/","https:\/\/x.com\/TourTravel_More"]}]}},"_links":{"self":[{"href":"https:\/\/tourtravelandmore.com\/es\/wp-json\/wp\/v2\/product\/11934","targetHints":{"allow":["GET"]}}],"collection":[{"href":"https:\/\/tourtravelandmore.com\/es\/wp-json\/wp\/v2\/product"}],"about":[{"href":"https:\/\/tourtravelandmore.com\/es\/wp-json\/wp\/v2\/types\/product"}],"replies":[{"embeddable":true,"href":"https:\/\/tourtravelandmore.com\/es\/wp-json\/wp\/v2\/comments?post=11934"}],"wp:featuredmedia":[{"embeddable":true,"href":"https:\/\/tourtravelandmore.com\/es\/wp-json\/wp\/v2\/media\/11887"}],"wp:attachment":[{"href":"https:\/\/tourtravelandmore.com\/es\/wp-json\/wp\/v2\/media?parent=11934"}],"wp:term":[{"taxonomy":"product_brand","embeddable":true,"href":"https:\/\/tourtravelandmore.com\/es\/wp-json\/wp\/v2\/product_brand?post=11934"},{"taxonomy":"product_cat","embeddable":true,"href":"https:\/\/tourtravelandmore.com\/es\/wp-json\/wp\/v2\/product_cat?post=11934"},{"taxonomy":"product_tag","embeddable":true,"href":"https:\/\/tourtravelandmore.com\/es\/wp-json\/wp\/v2\/product_tag?post=11934"}],"curies":[{"name":"wp","href":"https:\/\/api.w.org\/{rel}","templated":true}]}}