{"id":11919,"date":"2017-04-10T16:46:51","date_gmt":"2017-04-10T15:24:55","guid":{"rendered":"http:\/\/tourtravelandmore.com\/es\/?post_type=product&#038;p=11919"},"modified":"2024-08-21T17:25:03","modified_gmt":"2024-08-21T15:25:03","slug":"transfer-privado-aeropuerto-crucero-hotel-napoles","status":"publish","type":"product","link":"https:\/\/tourtravelandmore.com\/es\/tours\/italia-es\/napoles-pompeya-es\/transfer-privado-aeropuerto-crucero-hotel-napoles\/","title":{"rendered":"Traslados Privados en N\u00e1poles &#8211; hacia\/desde cualquier sitio"},"content":{"rendered":"<h2><b>Traslado Privado N\u00e1poles &#8211; hacia\/desde cualquier lugar Descripci\u00f3n<\/b><\/h2>\n<p><span style=\"font-weight: 400;\">Emb\u00e1rquese en un viaje de comodidad y conveniencia sin igual con nuestro servicio de Traslado Privado de N\u00e1poles. Nos especializamos en ofrecerle una experiencia de transporte sin problemas y sin estr\u00e9s, ya sea que est\u00e9 llegando al aeropuerto, desembarcando en el puerto o necesite viajar a cualquier destino dentro o alrededor de N\u00e1poles. Nuestros lujosos veh\u00edculos privados est\u00e1n a su servicio, asegurando que su transici\u00f3n de un lugar a otro sea extraordinaria.<\/span><\/p>\n<p><span style=\"font-weight: 400;\">Nuestro servicio de Traslados Privados en N\u00e1poles es su llave para desbloquear la facilidad y la elegancia de viajar. Nos enorgullecemos de ofrecer los medios m\u00e1s r\u00e1pidos y eficientes para llegar a su destino final. Tanto si vuela a N\u00e1poles, como si llega al puerto o desembarca en la estaci\u00f3n de tren, nuestro personal especializado estar\u00e1 all\u00ed para darle la bienvenida con un cartel personalizado, asegur\u00e1ndole una c\u00e1lida recepci\u00f3n y un comienzo de viaje sin complicaciones.<\/span><\/p>\n<p><span style=\"font-weight: 400;\">Nuestra gama de opciones de traslado no conoce l\u00edmites. Desde traslados al aeropuerto y al puerto hasta conexiones con la estaci\u00f3n de tren y transporte a ciudades vecinas como Positano y Sorrento, tenemos todas las etapas de su viaje cubiertas. Incluso ofrecemos traslados privados desde su hotel o apartamento a destinos emblem\u00e1ticos como Pompeya o la estaci\u00f3n de tren de N\u00e1poles, haciendo de todo su viaje una experiencia perfecta.<\/span><\/p>\n<p><span style=\"font-weight: 400;\">Mientras se dirige a su destino final, d\u00e9jese cautivar por la belleza panor\u00e1mica de N\u00e1poles. Los impresionantes paisajes de la ciudad, con el azul del Mediterr\u00e1neo como tel\u00f3n de fondo, le dejar\u00e1n sin aliento. Marav\u00edllese ante los monumentos hist\u00f3ricos, los coloridos edificios y las encantadoras calles que han dado fama a N\u00e1poles, todo ello desde la comodidad de nuestros lujosos veh\u00edculos.<\/span><\/p>\n<p><span style=\"font-weight: 400;\">Para los viajeros que llegan al Puerto de Cruceros de N\u00e1poles, les damos una c\u00e1lida bienvenida con nuestros servicios de traslado privado. Elija entre un traslado directo a N\u00e1poles o disfrute de una visita privada de N\u00e1poles directamente desde el Puerto de Cruceros. Ofrecemos flexibilidad y experiencias a medida para satisfacer sus preferencias.<\/span><\/p>\n<h2><b>Traslado Privado N\u00e1poles &#8211; desde\/hacia cualquier lugar | Destacados<\/b><\/h2>\n<ul>\n<li style=\"font-weight: 400;\" aria-level=\"1\"><b>Adaptado a sus necesidades<\/b><span style=\"font-weight: 400;\">: Nuestros servicios de traslado privado son adecuados para viajeros en solitario, parejas, familias, grupos privados e incluso grandes grupos de incentivos. Personalizamos cada aspecto de su viaje para asegurar que se alinea perfectamente con su horario y preferencias.<\/span><\/li>\n<li style=\"font-weight: 400;\" aria-level=\"1\"><b>Reservas sin esfuerzo:<\/b><span style=\"font-weight: 400;\"> P\u00f3ngase en contacto con nosotros y nos ocuparemos del resto. Una vez confirmada su reserva, recibir\u00e1 un detallado correo electr\u00f3nico de confirmaci\u00f3n. Solicitamos informaci\u00f3n esencial, como los datos de su vuelo, hora de llegada, compa\u00f1\u00eda a\u00e9rea o informaci\u00f3n sobre el crucero, entre 48 y 24 horas antes de su llegada. Esta meticulosa planificaci\u00f3n garantiza una experiencia de traslado impecable.<\/span><\/li>\n<li style=\"font-weight: 400;\" aria-level=\"1\"><b>Comodidad con el equipaje: <\/b><span style=\"font-weight: 400;\">No imponemos l\u00edmites estrictos de equipaje, pero por motivos log\u00edsticos, agradecemos saber el n\u00famero de maletas con las que viajar\u00e1. Ocasionalmente, podemos recomendar un veh\u00edculo m\u00e1s grande, con cualquier cargo adicional claramente comunicado.<\/span><\/li>\n<li style=\"font-weight: 400;\" aria-level=\"1\"><b>Viajar con ni\u00f1os: <\/b><span style=\"font-weight: 400;\">Si necesita un asiento para beb\u00e9s o ni\u00f1os, p\u00f3ngase en contacto con nosotros antes de su vuelo o crucero, y nos aseguraremos de que est\u00e9 preparado e instalado correctamente.<\/span><\/li>\n<li style=\"font-weight: 400;\" aria-level=\"1\"><b>Experiencia local:<\/b><span style=\"font-weight: 400;\"> Nuestros conductores, amables y bien informados, no s\u00f3lo son expertos en el transporte, sino que tambi\u00e9n act\u00faan como gu\u00edas locales. Ellos pueden ofrecer informaci\u00f3n sobre la rica historia de N\u00e1poles, la cultura y las joyas ocultas en el camino, enriqueciendo su experiencia de viaje.<\/span><\/li>\n<li style=\"font-weight: 400;\" aria-level=\"1\"><b>Disponibilidad 24\/7:<\/b><span style=\"font-weight: 400;\"> No importa cuando llegue su vuelo o crucero, nuestro servicio de Traslado Privado de N\u00e1poles est\u00e1 disponible 24\/7. Tenga la seguridad de que estaremos all\u00ed para darle la bienvenida, asegur\u00e1ndonos de que llegue a su destino r\u00e1pida y c\u00f3modamente, incluso durante las llegadas tarde por la noche o temprano por la ma\u00f1ana.<\/span><\/li>\n<li style=\"font-weight: 400;\" aria-level=\"1\"><b>Veh\u00edculos limpios y desinfectados:<\/b><span style=\"font-weight: 400;\"> Su seguridad y bienestar son nuestras principales prioridades. Limpiamos y desinfectamos meticulosamente nuestros veh\u00edculos despu\u00e9s de cada uso, proporcion\u00e1ndole un entorno limpio e higi\u00e9nico para su viaje.<\/span><\/li>\n<li style=\"font-weight: 400;\" aria-level=\"1\"><b>Asistencia multiling\u00fce<\/b><span style=\"font-weight: 400;\">: Las barreras ling\u00fc\u00edsticas nunca son una preocupaci\u00f3n con nosotros. Nuestros conductores dominan varios idiomas, haciendo que la comunicaci\u00f3n sea fluida y agradable para los viajeros de todo el mundo.<\/span><\/li>\n<\/ul>\n<p><a href=\"https:\/\/tourtravelandmore.com\/es\/ciudad\/italia-es\/napoles-pompeya-es\/\"><span style=\"font-weight: 400;\">Descubra N\u00e1poles <\/span><\/a><span style=\"font-weight: 400;\">y sus alrededores con Traslados Privados N\u00e1poles. Tanto si llega como si sale de N\u00e1poles, le garantizamos una experiencia de primera clase desde el momento en que baje del avi\u00f3n, crucero o tren. Nuestro compromiso con la excelencia, la inquebrantable atenci\u00f3n al detalle y la dedicaci\u00f3n a la satisfacci\u00f3n del cliente son las piedras angulares de nuestro servicio.<\/span><\/p>\n<p><span style=\"font-weight: 400;\">Lib\u00e9rese del estr\u00e9s de la log\u00edstica del transporte y sum\u00e9rjase en la belleza de N\u00e1poles. Reserve ahora su traslado privado a N\u00e1poles y perm\u00edtanos ser su socio de confianza para que su viaje sea extraordinario.<\/span><\/p>\n","protected":false},"excerpt":{"rendered":"<p><span style=\"font-weight: 400;\">Descubra el encanto de N\u00e1poles con nuestro servicio de Traslado Privado de N\u00e1poles. Llegue con estilo y comodidad a su destino, ya sea el aeropuerto, el puerto o una ciudad vecina. Sum\u00e9rjase en las vistas panor\u00e1micas de N\u00e1poles y dej\u00e9 que nosotros nos encarguemos de los detalles de su viaje para vivir una experiencia inolvidable.<\/span><\/p>\n","protected":false},"featured_media":8880,"comment_status":"open","ping_status":"closed","template":"","meta":{"_acf_changed":false},"product_brand":[],"product_cat":[463,469],"product_tag":[],"class_list":{"0":"post-11919","1":"product","2":"type-product","3":"status-publish","4":"has-post-thumbnail","6":"product_cat-napoles-pompeya-es","7":"product_cat-napoles-pompeya-traslados-es","9":"first","10":"instock","11":"shipping-taxable","12":"purchasable","13":"product-type-simple"},"acf":[],"yoast_head":"<!-- This site is optimized with the Yoast SEO Premium plugin v25.3.1 (Yoast SEO v25.3.1) - https:\/\/yoast.com\/wordpress\/plugins\/seo\/ -->\n<title>\u27a1\ufe0f Traslados Privados N\u00e1poles - Viajes de lujo desde\/hacia cualquier destino<\/title>\n<meta name=\"description\" content=\"Experimente el ep\u00edtome de la comodidad y el confort con nuestro servicio de traslados privados en N\u00e1poles. Desde el aeropuerto hasta el puerto y m\u00e1s all\u00e1 \u2705\" \/>\n<meta name=\"robots\" content=\"index, follow, max-snippet:-1, max-image-preview:large, max-video-preview:-1\" \/>\n<link rel=\"canonical\" href=\"https:\/\/tourtravelandmore.com\/es\/tours\/italia-es\/napoles-pompeya-es\/transfer-privado-aeropuerto-crucero-hotel-napoles\/\" \/>\n<meta property=\"og:locale\" content=\"es_ES\" \/>\n<meta property=\"og:type\" content=\"article\" \/>\n<meta property=\"og:title\" content=\"Traslados Privados en N\u00e1poles - hacia\/desde cualquier sitio\" \/>\n<meta property=\"og:description\" content=\"Experimente el ep\u00edtome de la comodidad y el confort con nuestro servicio de traslados privados en N\u00e1poles. Desde el aeropuerto hasta el puerto y m\u00e1s all\u00e1 \u2705\" \/>\n<meta property=\"og:url\" content=\"https:\/\/tourtravelandmore.com\/es\/tours\/italia-es\/napoles-pompeya-es\/transfer-privado-aeropuerto-crucero-hotel-napoles\/\" \/>\n<meta property=\"og:site_name\" content=\"Tour Travel And More\" \/>\n<meta property=\"article:publisher\" content=\"https:\/\/www.facebook.com\/tourtravelandmore\/\" \/>\n<meta property=\"article:modified_time\" content=\"2024-08-21T15:25:03+00:00\" \/>\n<meta property=\"og:image\" content=\"https:\/\/tourtravelandmore.com\/wp-content\/uploads\/2016\/11\/CLASE-S-1-copia.png\" \/>\n\t<meta property=\"og:image:width\" content=\"640\" \/>\n\t<meta property=\"og:image:height\" content=\"425\" \/>\n\t<meta property=\"og:image:type\" content=\"image\/png\" \/>\n<meta name=\"twitter:card\" content=\"summary_large_image\" \/>\n<meta name=\"twitter:site\" content=\"@TourTravel_More\" \/>\n<meta name=\"twitter:label1\" content=\"Tiempo de lectura\" \/>\n\t<meta name=\"twitter:data1\" content=\"4 minutos\" \/>\n<script type=\"application\/ld+json\" class=\"yoast-schema-graph\">{\"@context\":\"https:\/\/schema.org\",\"@graph\":[{\"@type\":\"WebPage\",\"@id\":\"https:\/\/tourtravelandmore.com\/es\/tours\/italia-es\/napoles-pompeya-es\/transfer-privado-aeropuerto-crucero-hotel-napoles\/\",\"url\":\"https:\/\/tourtravelandmore.com\/es\/tours\/italia-es\/napoles-pompeya-es\/transfer-privado-aeropuerto-crucero-hotel-napoles\/\",\"name\":\"\u27a1\ufe0f Traslados Privados N\u00e1poles - Viajes de lujo desde\/hacia cualquier destino\",\"isPartOf\":{\"@id\":\"https:\/\/tourtravelandmore.com\/es\/#website\"},\"primaryImageOfPage\":{\"@id\":\"https:\/\/tourtravelandmore.com\/es\/tours\/italia-es\/napoles-pompeya-es\/transfer-privado-aeropuerto-crucero-hotel-napoles\/#primaryimage\"},\"image\":{\"@id\":\"https:\/\/tourtravelandmore.com\/es\/tours\/italia-es\/napoles-pompeya-es\/transfer-privado-aeropuerto-crucero-hotel-napoles\/#primaryimage\"},\"thumbnailUrl\":\"https:\/\/tourtravelandmore.com\/wp-content\/uploads\/2016\/11\/CLASE-S-1-copia.png\",\"datePublished\":\"2017-04-10T15:24:55+00:00\",\"dateModified\":\"2024-08-21T15:25:03+00:00\",\"description\":\"Experimente el ep\u00edtome de la comodidad y el confort con nuestro servicio de traslados privados en N\u00e1poles. Desde el aeropuerto hasta el puerto y m\u00e1s all\u00e1 \u2705\",\"breadcrumb\":{\"@id\":\"https:\/\/tourtravelandmore.com\/es\/tours\/italia-es\/napoles-pompeya-es\/transfer-privado-aeropuerto-crucero-hotel-napoles\/#breadcrumb\"},\"inLanguage\":\"es\",\"potentialAction\":[{\"@type\":\"ReadAction\",\"target\":[\"https:\/\/tourtravelandmore.com\/es\/tours\/italia-es\/napoles-pompeya-es\/transfer-privado-aeropuerto-crucero-hotel-napoles\/\"]}]},{\"@type\":\"ImageObject\",\"inLanguage\":\"es\",\"@id\":\"https:\/\/tourtravelandmore.com\/es\/tours\/italia-es\/napoles-pompeya-es\/transfer-privado-aeropuerto-crucero-hotel-napoles\/#primaryimage\",\"url\":\"https:\/\/tourtravelandmore.com\/wp-content\/uploads\/2016\/11\/CLASE-S-1-copia.png\",\"contentUrl\":\"https:\/\/tourtravelandmore.com\/wp-content\/uploads\/2016\/11\/CLASE-S-1-copia.png\",\"width\":640,\"height\":425},{\"@type\":\"BreadcrumbList\",\"@id\":\"https:\/\/tourtravelandmore.com\/es\/tours\/italia-es\/napoles-pompeya-es\/transfer-privado-aeropuerto-crucero-hotel-napoles\/#breadcrumb\",\"itemListElement\":[{\"@type\":\"ListItem\",\"position\":1,\"name\":\"Home\",\"item\":\"https:\/\/tourtravelandmore.com\/es\/\"},{\"@type\":\"ListItem\",\"position\":2,\"name\":\"Tours\",\"item\":\"https:\/\/tourtravelandmore.com\/es\/tours\/\"},{\"@type\":\"ListItem\",\"position\":3,\"name\":\"Traslados Privados en N\u00e1poles &#8211; hacia\/desde cualquier sitio\"}]},{\"@type\":\"WebSite\",\"@id\":\"https:\/\/tourtravelandmore.com\/es\/#website\",\"url\":\"https:\/\/tourtravelandmore.com\/es\/\",\"name\":\"Tour Travel And More\",\"description\":\"Private sightseeing tours and luxury transfers in Spain\",\"publisher\":{\"@id\":\"https:\/\/tourtravelandmore.com\/es\/#organization\"},\"potentialAction\":[{\"@type\":\"SearchAction\",\"target\":{\"@type\":\"EntryPoint\",\"urlTemplate\":\"https:\/\/tourtravelandmore.com\/es\/?s={search_term_string}\"},\"query-input\":{\"@type\":\"PropertyValueSpecification\",\"valueRequired\":true,\"valueName\":\"search_term_string\"}}],\"inLanguage\":\"es\"},{\"@type\":\"Organization\",\"@id\":\"https:\/\/tourtravelandmore.com\/es\/#organization\",\"name\":\"Tour Travel And More\",\"url\":\"https:\/\/tourtravelandmore.com\/es\/\",\"logo\":{\"@type\":\"ImageObject\",\"inLanguage\":\"es\",\"@id\":\"https:\/\/tourtravelandmore.com\/es\/#\/schema\/logo\/image\/\",\"url\":\"https:\/\/tourtravelandmore.com\/wp-content\/uploads\/2022\/12\/cropped-logo-cabecera-new.png\",\"contentUrl\":\"https:\/\/tourtravelandmore.com\/wp-content\/uploads\/2022\/12\/cropped-logo-cabecera-new.png\",\"width\":430,\"height\":61,\"caption\":\"Tour Travel And More\"},\"image\":{\"@id\":\"https:\/\/tourtravelandmore.com\/es\/#\/schema\/logo\/image\/\"},\"sameAs\":[\"https:\/\/www.facebook.com\/tourtravelandmore\/\",\"https:\/\/x.com\/TourTravel_More\"]}]}<\/script>\n<!-- \/ Yoast SEO Premium plugin. -->","yoast_head_json":{"title":"\u27a1\ufe0f Traslados Privados N\u00e1poles - Viajes de lujo desde\/hacia cualquier destino","description":"Experimente el ep\u00edtome de la comodidad y el confort con nuestro servicio de traslados privados en N\u00e1poles. Desde el aeropuerto hasta el puerto y m\u00e1s all\u00e1 \u2705","robots":{"index":"index","follow":"follow","max-snippet":"max-snippet:-1","max-image-preview":"max-image-preview:large","max-video-preview":"max-video-preview:-1"},"canonical":"https:\/\/tourtravelandmore.com\/es\/tours\/italia-es\/napoles-pompeya-es\/transfer-privado-aeropuerto-crucero-hotel-napoles\/","og_locale":"es_ES","og_type":"article","og_title":"Traslados Privados en N\u00e1poles - hacia\/desde cualquier sitio","og_description":"Experimente el ep\u00edtome de la comodidad y el confort con nuestro servicio de traslados privados en N\u00e1poles. Desde el aeropuerto hasta el puerto y m\u00e1s all\u00e1 \u2705","og_url":"https:\/\/tourtravelandmore.com\/es\/tours\/italia-es\/napoles-pompeya-es\/transfer-privado-aeropuerto-crucero-hotel-napoles\/","og_site_name":"Tour Travel And More","article_publisher":"https:\/\/www.facebook.com\/tourtravelandmore\/","article_modified_time":"2024-08-21T15:25:03+00:00","og_image":[{"width":640,"height":425,"url":"https:\/\/tourtravelandmore.com\/wp-content\/uploads\/2016\/11\/CLASE-S-1-copia.png","type":"image\/png"}],"twitter_card":"summary_large_image","twitter_site":"@TourTravel_More","twitter_misc":{"Tiempo de lectura":"4 minutos"},"schema":{"@context":"https:\/\/schema.org","@graph":[{"@type":"WebPage","@id":"https:\/\/tourtravelandmore.com\/es\/tours\/italia-es\/napoles-pompeya-es\/transfer-privado-aeropuerto-crucero-hotel-napoles\/","url":"https:\/\/tourtravelandmore.com\/es\/tours\/italia-es\/napoles-pompeya-es\/transfer-privado-aeropuerto-crucero-hotel-napoles\/","name":"\u27a1\ufe0f Traslados Privados N\u00e1poles - Viajes de lujo desde\/hacia cualquier destino","isPartOf":{"@id":"https:\/\/tourtravelandmore.com\/es\/#website"},"primaryImageOfPage":{"@id":"https:\/\/tourtravelandmore.com\/es\/tours\/italia-es\/napoles-pompeya-es\/transfer-privado-aeropuerto-crucero-hotel-napoles\/#primaryimage"},"image":{"@id":"https:\/\/tourtravelandmore.com\/es\/tours\/italia-es\/napoles-pompeya-es\/transfer-privado-aeropuerto-crucero-hotel-napoles\/#primaryimage"},"thumbnailUrl":"https:\/\/tourtravelandmore.com\/wp-content\/uploads\/2016\/11\/CLASE-S-1-copia.png","datePublished":"2017-04-10T15:24:55+00:00","dateModified":"2024-08-21T15:25:03+00:00","description":"Experimente el ep\u00edtome de la comodidad y el confort con nuestro servicio de traslados privados en N\u00e1poles. Desde el aeropuerto hasta el puerto y m\u00e1s all\u00e1 \u2705","breadcrumb":{"@id":"https:\/\/tourtravelandmore.com\/es\/tours\/italia-es\/napoles-pompeya-es\/transfer-privado-aeropuerto-crucero-hotel-napoles\/#breadcrumb"},"inLanguage":"es","potentialAction":[{"@type":"ReadAction","target":["https:\/\/tourtravelandmore.com\/es\/tours\/italia-es\/napoles-pompeya-es\/transfer-privado-aeropuerto-crucero-hotel-napoles\/"]}]},{"@type":"ImageObject","inLanguage":"es","@id":"https:\/\/tourtravelandmore.com\/es\/tours\/italia-es\/napoles-pompeya-es\/transfer-privado-aeropuerto-crucero-hotel-napoles\/#primaryimage","url":"https:\/\/tourtravelandmore.com\/wp-content\/uploads\/2016\/11\/CLASE-S-1-copia.png","contentUrl":"https:\/\/tourtravelandmore.com\/wp-content\/uploads\/2016\/11\/CLASE-S-1-copia.png","width":640,"height":425},{"@type":"BreadcrumbList","@id":"https:\/\/tourtravelandmore.com\/es\/tours\/italia-es\/napoles-pompeya-es\/transfer-privado-aeropuerto-crucero-hotel-napoles\/#breadcrumb","itemListElement":[{"@type":"ListItem","position":1,"name":"Home","item":"https:\/\/tourtravelandmore.com\/es\/"},{"@type":"ListItem","position":2,"name":"Tours","item":"https:\/\/tourtravelandmore.com\/es\/tours\/"},{"@type":"ListItem","position":3,"name":"Traslados Privados en N\u00e1poles &#8211; hacia\/desde cualquier sitio"}]},{"@type":"WebSite","@id":"https:\/\/tourtravelandmore.com\/es\/#website","url":"https:\/\/tourtravelandmore.com\/es\/","name":"Tour Travel And More","description":"Private sightseeing tours and luxury transfers in Spain","publisher":{"@id":"https:\/\/tourtravelandmore.com\/es\/#organization"},"potentialAction":[{"@type":"SearchAction","target":{"@type":"EntryPoint","urlTemplate":"https:\/\/tourtravelandmore.com\/es\/?s={search_term_string}"},"query-input":{"@type":"PropertyValueSpecification","valueRequired":true,"valueName":"search_term_string"}}],"inLanguage":"es"},{"@type":"Organization","@id":"https:\/\/tourtravelandmore.com\/es\/#organization","name":"Tour Travel And More","url":"https:\/\/tourtravelandmore.com\/es\/","logo":{"@type":"ImageObject","inLanguage":"es","@id":"https:\/\/tourtravelandmore.com\/es\/#\/schema\/logo\/image\/","url":"https:\/\/tourtravelandmore.com\/wp-content\/uploads\/2022\/12\/cropped-logo-cabecera-new.png","contentUrl":"https:\/\/tourtravelandmore.com\/wp-content\/uploads\/2022\/12\/cropped-logo-cabecera-new.png","width":430,"height":61,"caption":"Tour Travel And More"},"image":{"@id":"https:\/\/tourtravelandmore.com\/es\/#\/schema\/logo\/image\/"},"sameAs":["https:\/\/www.facebook.com\/tourtravelandmore\/","https:\/\/x.com\/TourTravel_More"]}]}},"_links":{"self":[{"href":"https:\/\/tourtravelandmore.com\/es\/wp-json\/wp\/v2\/product\/11919","targetHints":{"allow":["GET"]}}],"collection":[{"href":"https:\/\/tourtravelandmore.com\/es\/wp-json\/wp\/v2\/product"}],"about":[{"href":"https:\/\/tourtravelandmore.com\/es\/wp-json\/wp\/v2\/types\/product"}],"replies":[{"embeddable":true,"href":"https:\/\/tourtravelandmore.com\/es\/wp-json\/wp\/v2\/comments?post=11919"}],"wp:featuredmedia":[{"embeddable":true,"href":"https:\/\/tourtravelandmore.com\/es\/wp-json\/wp\/v2\/media\/8880"}],"wp:attachment":[{"href":"https:\/\/tourtravelandmore.com\/es\/wp-json\/wp\/v2\/media?parent=11919"}],"wp:term":[{"taxonomy":"product_brand","embeddable":true,"href":"https:\/\/tourtravelandmore.com\/es\/wp-json\/wp\/v2\/product_brand?post=11919"},{"taxonomy":"product_cat","embeddable":true,"href":"https:\/\/tourtravelandmore.com\/es\/wp-json\/wp\/v2\/product_cat?post=11919"},{"taxonomy":"product_tag","embeddable":true,"href":"https:\/\/tourtravelandmore.com\/es\/wp-json\/wp\/v2\/product_tag?post=11919"}],"curies":[{"name":"wp","href":"https:\/\/api.w.org\/{rel}","templated":true}]}}