{"id":119153,"date":"2022-02-11T17:56:27","date_gmt":"2022-02-11T16:56:28","guid":{"rendered":"https:\/\/tourtravelandmore.com\/?post_type=product&#038;p=119153"},"modified":"2023-02-28T07:23:22","modified_gmt":"2023-02-28T06:23:22","slug":"tour-privado-de-vinedos-desde-valencia-y-cata-de-vinos","status":"publish","type":"product","link":"https:\/\/tourtravelandmore.com\/es\/tours\/espana-es\/valencia-es\/tour-privado-de-vinedos-desde-valencia-y-cata-de-vinos\/","title":{"rendered":"Tour privado de Vi\u00f1edos desde Valencia y Cata de Vinos"},"content":{"rendered":"<h2><b>Descripci\u00f3n del Tour privado de Vi\u00f1edos desde Valencia y Cata de Vinos<\/b><\/h2>\n<p><span style=\"font-weight: 400;\">La Toscana valenciana es una de las regiones m\u00e1s atractivas de Espa\u00f1a. Es una de las zonas rurales m\u00e1s llamativas y tur\u00edsticas de la comunidad, la cual est\u00e1 situada a solo una hora de Valencia.<\/span><\/p>\n<p><span style=\"font-weight: 400;\">En este <\/span><b>tour privado de Vi\u00f1edos desde Valencia y cata de Vinos<\/b><span style=\"font-weight: 400;\">, tendr\u00e1s <\/span><b>una maravillosa experiencia de enoturismo<\/b><span style=\"font-weight: 400;\"> en la que descubrir\u00e1s hermosos paisajes, como el de la Fontanars dels Alforins, La font de la Figuera, Bocairent, Moixent, entre muchos otros.\u00a0<\/span><\/p>\n<p><span style=\"font-weight: 400;\">En estos fontanares se encuentran los viticultores m\u00e1s destacados de la regi\u00f3n y los cuales han mantenido esta tradici\u00f3n ancestral intacta durante siglos.\u00a0<\/span><\/p>\n<p><span style=\"font-weight: 400;\">Es un <\/span><b>paseo guiado de 8 horas <\/b><span style=\"font-weight: 400;\">para visitar dos vi\u00f1edos y bodegas; a la vez que tienes la oportunidad de apreciar por completo un hermoso paisaje rural.\u00a0<\/span><\/p>\n<p><span style=\"font-weight: 400;\">Saldr\u00e1s desde Valencia con total comodidad, puesto que te buscaremos en el sitio que nos indiques. Desde all\u00ed, <\/span><b>te trasladaremos en un coche de lujo<\/b><span style=\"font-weight: 400;\"> hasta dos de los mejores vi\u00f1edos de la regi\u00f3n y que tienen denominaci\u00f3n de origen (DO).\u00a0<\/span><\/p>\n<p><span style=\"font-weight: 400;\">Vas a conocer sus bodegas, el proceso de siembra y recolecci\u00f3n de uvas, as\u00ed como todo lo relacionado con la producci\u00f3n de sus prestigiosos vinos. Toda esta informaci\u00f3n te la dar\u00e1 el gu\u00eda oficial que te va a acompa\u00f1ar durante todo el recorrido. Tambi\u00e9n, vas a obtener datos interesantes de los propios productores.\u00a0\u00a0<\/span><\/p>\n<p><span style=\"font-weight: 400;\">En cada una de las bodegas que conozcas vas a disfrutar de una cata de vino con denominaci\u00f3n de origen (DO), hechas con las uvas m\u00e1s finas de la regi\u00f3n.\u00a0<\/span><\/p>\n<p><span style=\"font-weight: 400;\">Al terminar la excursi\u00f3n, te llevaremos de vuelta hasta Valencia para dejarte en el lugar que nos indiques.\u00a0<\/span><\/p>\n<h2><span style=\"color: #d3af37;\"><b>Puntos de inter\u00e9s del Tour Privado<\/b><\/span><\/h2>\n<p><span style=\"font-weight: 400;\">Vive el placer de conocer los mejores vi\u00f1edos de la Toscana valenciana en este tour privado de Vi\u00f1edos desde Valencia, en donde tambi\u00e9n disfrutar\u00e1s de una cata de vinos personalizada y exclusiva.\u00a0<\/span><\/p>\n<p><span style=\"font-weight: 400;\">Al\u00e9jate un poco del estr\u00e9s de la ciudad para pasar un d\u00eda distinto y relajante, en el que vas a conocer los siguientes puntos de inter\u00e9s:\u00a0<\/span><\/p>\n<h3><span style=\"color: #d3af37;\"><b>La ruta del vino Utiel-Requena<\/b><\/span><\/h3>\n<p><span style=\"font-weight: 400;\">Conoce un patrimonio cultural que tiene m\u00e1s de 2.700 a\u00f1os. En la comarca Utiel-Requena existen datos arqueol\u00f3gicos de que ya en el siglo V y IV a. C. se procesaba la uva para hacer vino.\u00a0<\/span><\/p>\n<p><span style=\"font-weight: 400;\">Es un paseo sin prisas y lleno de exquisitos sabores e inolvidables colores y aromas naturales.\u00a0<\/span><\/p>\n<p><span style=\"font-weight: 400;\">Ver\u00e1s dos vi\u00f1edos con Denominaci\u00f3n de Origen y sus exclusivas bodegas. Asimismo, tendr\u00e1s una explicaci\u00f3n magistral de la historia de estas bodegas y todo el proceso vin\u00edcola, como su siembra, el elaborado y los m\u00e9todos de fermentaci\u00f3n del vino.\u00a0<\/span><\/p>\n<p><span style=\"font-weight: 400;\">A continuaci\u00f3n, tendr\u00e1s un proceso de degustaci\u00f3n de los mejores vinos. Se trata de una experiencia \u00fanica para conocer una de las tradiciones m\u00e1s antiguas de Europa.\u00a0<\/span><\/p>\n<p><span style=\"font-weight: 400;\">No pierdas la oportunidad de vivir un d\u00eda de enoturismo sin prisa y sin ning\u00fan tipo de preocupaciones.\u00a0<\/span><\/p>\n<p><span style=\"font-weight: 400;\">Puedes apartar tiempo de tu itinerario por Valencia para disfrutar de un <\/span><b>tour privado de Morella y Pe\u00f1\u00edscola desde Valencia<\/b><span style=\"font-weight: 400;\">. De esta manera, recorrer\u00e1s dos de los pueblos m\u00e1s hermosos de toda Espa\u00f1a.<\/span><\/p>\n","protected":false},"excerpt":{"rendered":"<p><span style=\"font-weight: 400;\">Disfruta tu tiempo en Valencia de una manera \u00fanica y especial con este tour privado de Vi\u00f1edos desde Valencia y cata de Vinos. En nuestro paseo guiado vas a conocer 2 de los vi\u00f1edos m\u00e1s emblem\u00e1ticos de la Toscana valenciana, sus bodegas y tambi\u00e9n su exquisito vino. El traslado se realizar\u00e1 en un c\u00f3modo coche privado con la compa\u00f1\u00eda de un gu\u00eda oficial experto en el tema.<\/span><\/p>\n","protected":false},"featured_media":119828,"comment_status":"open","ping_status":"closed","template":"","meta":{"_acf_changed":false},"product_brand":[],"product_cat":[321,322,324,323],"product_tag":[],"class_list":{"0":"post-119153","1":"product","2":"type-product","3":"status-publish","4":"has-post-thumbnail","6":"product_cat-valencia-es","7":"product_cat-valencia-actividades-es","8":"product_cat-valencia-rutas-turisticas-privadas-es","9":"product_cat-valencia-excursiones-es","11":"first","12":"instock","13":"shipping-taxable","14":"purchasable","15":"product-type-simple"},"acf":[],"yoast_head":"<!-- This site is optimized with the Yoast SEO Premium plugin v25.3.1 (Yoast SEO v25.3.1) - https:\/\/yoast.com\/wordpress\/plugins\/seo\/ -->\n<title>\u27a1\ufe0f Tour privado de Vi\u00f1edos desde Valencia y Cata de Vinos con traslado en coche de lujo y gu\u00eda privado incluido.<\/title>\n<meta name=\"description\" content=\"Explora la regi\u00f3n vin\u00edcola m\u00e1s importante de Espa\u00f1a en este tour privado a Vi\u00f1edos desde Valencia con cata de vinos incluida \u2705\" \/>\n<meta name=\"robots\" content=\"index, follow, max-snippet:-1, max-image-preview:large, max-video-preview:-1\" \/>\n<link rel=\"canonical\" href=\"https:\/\/tourtravelandmore.com\/es\/tours\/espana-es\/valencia-es\/tour-privado-de-vinedos-desde-valencia-y-cata-de-vinos\/\" \/>\n<meta property=\"og:locale\" content=\"es_ES\" \/>\n<meta property=\"og:type\" content=\"article\" \/>\n<meta property=\"og:title\" content=\"Tour privado de Vi\u00f1edos desde Valencia y Cata de Vinos\" \/>\n<meta property=\"og:description\" content=\"Explora la regi\u00f3n vin\u00edcola m\u00e1s importante de Espa\u00f1a en este tour privado a Vi\u00f1edos desde Valencia con cata de vinos incluida \u2705\" \/>\n<meta property=\"og:url\" content=\"https:\/\/tourtravelandmore.com\/es\/tours\/espana-es\/valencia-es\/tour-privado-de-vinedos-desde-valencia-y-cata-de-vinos\/\" \/>\n<meta property=\"og:site_name\" content=\"Tour Travel And More\" \/>\n<meta property=\"article:publisher\" content=\"https:\/\/www.facebook.com\/tourtravelandmore\/\" \/>\n<meta property=\"article:modified_time\" content=\"2023-02-28T06:23:22+00:00\" \/>\n<meta property=\"og:image\" content=\"https:\/\/tourtravelandmore.com\/wp-content\/uploads\/2022\/02\/copa1.jpg\" \/>\n\t<meta property=\"og:image:width\" content=\"673\" \/>\n\t<meta property=\"og:image:height\" content=\"673\" \/>\n\t<meta property=\"og:image:type\" content=\"image\/jpeg\" \/>\n<meta name=\"twitter:card\" content=\"summary_large_image\" \/>\n<meta name=\"twitter:site\" content=\"@TourTravel_More\" \/>\n<meta name=\"twitter:label1\" content=\"Tiempo de lectura\" \/>\n\t<meta name=\"twitter:data1\" content=\"3 minutos\" \/>\n<script type=\"application\/ld+json\" class=\"yoast-schema-graph\">{\"@context\":\"https:\/\/schema.org\",\"@graph\":[{\"@type\":\"WebPage\",\"@id\":\"https:\/\/tourtravelandmore.com\/es\/tours\/espana-es\/valencia-es\/tour-privado-de-vinedos-desde-valencia-y-cata-de-vinos\/\",\"url\":\"https:\/\/tourtravelandmore.com\/es\/tours\/espana-es\/valencia-es\/tour-privado-de-vinedos-desde-valencia-y-cata-de-vinos\/\",\"name\":\"\u27a1\ufe0f Tour privado de Vi\u00f1edos desde Valencia y Cata de Vinos con traslado en coche de lujo y gu\u00eda privado incluido.\",\"isPartOf\":{\"@id\":\"https:\/\/tourtravelandmore.com\/es\/#website\"},\"primaryImageOfPage\":{\"@id\":\"https:\/\/tourtravelandmore.com\/es\/tours\/espana-es\/valencia-es\/tour-privado-de-vinedos-desde-valencia-y-cata-de-vinos\/#primaryimage\"},\"image\":{\"@id\":\"https:\/\/tourtravelandmore.com\/es\/tours\/espana-es\/valencia-es\/tour-privado-de-vinedos-desde-valencia-y-cata-de-vinos\/#primaryimage\"},\"thumbnailUrl\":\"https:\/\/tourtravelandmore.com\/wp-content\/uploads\/2022\/02\/copa1.jpg\",\"datePublished\":\"2022-02-11T16:56:28+00:00\",\"dateModified\":\"2023-02-28T06:23:22+00:00\",\"description\":\"Explora la regi\u00f3n vin\u00edcola m\u00e1s importante de Espa\u00f1a en este tour privado a Vi\u00f1edos desde Valencia con cata de vinos incluida \u2705\",\"breadcrumb\":{\"@id\":\"https:\/\/tourtravelandmore.com\/es\/tours\/espana-es\/valencia-es\/tour-privado-de-vinedos-desde-valencia-y-cata-de-vinos\/#breadcrumb\"},\"inLanguage\":\"es\",\"potentialAction\":[{\"@type\":\"ReadAction\",\"target\":[\"https:\/\/tourtravelandmore.com\/es\/tours\/espana-es\/valencia-es\/tour-privado-de-vinedos-desde-valencia-y-cata-de-vinos\/\"]}]},{\"@type\":\"ImageObject\",\"inLanguage\":\"es\",\"@id\":\"https:\/\/tourtravelandmore.com\/es\/tours\/espana-es\/valencia-es\/tour-privado-de-vinedos-desde-valencia-y-cata-de-vinos\/#primaryimage\",\"url\":\"https:\/\/tourtravelandmore.com\/wp-content\/uploads\/2022\/02\/copa1.jpg\",\"contentUrl\":\"https:\/\/tourtravelandmore.com\/wp-content\/uploads\/2022\/02\/copa1.jpg\",\"width\":673,\"height\":673},{\"@type\":\"BreadcrumbList\",\"@id\":\"https:\/\/tourtravelandmore.com\/es\/tours\/espana-es\/valencia-es\/tour-privado-de-vinedos-desde-valencia-y-cata-de-vinos\/#breadcrumb\",\"itemListElement\":[{\"@type\":\"ListItem\",\"position\":1,\"name\":\"Home\",\"item\":\"https:\/\/tourtravelandmore.com\/es\/\"},{\"@type\":\"ListItem\",\"position\":2,\"name\":\"Tours\",\"item\":\"https:\/\/tourtravelandmore.com\/es\/tours\/\"},{\"@type\":\"ListItem\",\"position\":3,\"name\":\"Tour privado de Vi\u00f1edos desde Valencia y Cata de Vinos\"}]},{\"@type\":\"WebSite\",\"@id\":\"https:\/\/tourtravelandmore.com\/es\/#website\",\"url\":\"https:\/\/tourtravelandmore.com\/es\/\",\"name\":\"Tour Travel And More\",\"description\":\"Private sightseeing tours and luxury transfers in Spain\",\"publisher\":{\"@id\":\"https:\/\/tourtravelandmore.com\/es\/#organization\"},\"potentialAction\":[{\"@type\":\"SearchAction\",\"target\":{\"@type\":\"EntryPoint\",\"urlTemplate\":\"https:\/\/tourtravelandmore.com\/es\/?s={search_term_string}\"},\"query-input\":{\"@type\":\"PropertyValueSpecification\",\"valueRequired\":true,\"valueName\":\"search_term_string\"}}],\"inLanguage\":\"es\"},{\"@type\":\"Organization\",\"@id\":\"https:\/\/tourtravelandmore.com\/es\/#organization\",\"name\":\"Tour Travel And More\",\"url\":\"https:\/\/tourtravelandmore.com\/es\/\",\"logo\":{\"@type\":\"ImageObject\",\"inLanguage\":\"es\",\"@id\":\"https:\/\/tourtravelandmore.com\/es\/#\/schema\/logo\/image\/\",\"url\":\"https:\/\/tourtravelandmore.com\/wp-content\/uploads\/2022\/12\/cropped-logo-cabecera-new.png\",\"contentUrl\":\"https:\/\/tourtravelandmore.com\/wp-content\/uploads\/2022\/12\/cropped-logo-cabecera-new.png\",\"width\":430,\"height\":61,\"caption\":\"Tour Travel And More\"},\"image\":{\"@id\":\"https:\/\/tourtravelandmore.com\/es\/#\/schema\/logo\/image\/\"},\"sameAs\":[\"https:\/\/www.facebook.com\/tourtravelandmore\/\",\"https:\/\/x.com\/TourTravel_More\"]}]}<\/script>\n<!-- \/ Yoast SEO Premium plugin. -->","yoast_head_json":{"title":"\u27a1\ufe0f Tour privado de Vi\u00f1edos desde Valencia y Cata de Vinos con traslado en coche de lujo y gu\u00eda privado incluido.","description":"Explora la regi\u00f3n vin\u00edcola m\u00e1s importante de Espa\u00f1a en este tour privado a Vi\u00f1edos desde Valencia con cata de vinos incluida \u2705","robots":{"index":"index","follow":"follow","max-snippet":"max-snippet:-1","max-image-preview":"max-image-preview:large","max-video-preview":"max-video-preview:-1"},"canonical":"https:\/\/tourtravelandmore.com\/es\/tours\/espana-es\/valencia-es\/tour-privado-de-vinedos-desde-valencia-y-cata-de-vinos\/","og_locale":"es_ES","og_type":"article","og_title":"Tour privado de Vi\u00f1edos desde Valencia y Cata de Vinos","og_description":"Explora la regi\u00f3n vin\u00edcola m\u00e1s importante de Espa\u00f1a en este tour privado a Vi\u00f1edos desde Valencia con cata de vinos incluida \u2705","og_url":"https:\/\/tourtravelandmore.com\/es\/tours\/espana-es\/valencia-es\/tour-privado-de-vinedos-desde-valencia-y-cata-de-vinos\/","og_site_name":"Tour Travel And More","article_publisher":"https:\/\/www.facebook.com\/tourtravelandmore\/","article_modified_time":"2023-02-28T06:23:22+00:00","og_image":[{"width":673,"height":673,"url":"https:\/\/tourtravelandmore.com\/wp-content\/uploads\/2022\/02\/copa1.jpg","type":"image\/jpeg"}],"twitter_card":"summary_large_image","twitter_site":"@TourTravel_More","twitter_misc":{"Tiempo de lectura":"3 minutos"},"schema":{"@context":"https:\/\/schema.org","@graph":[{"@type":"WebPage","@id":"https:\/\/tourtravelandmore.com\/es\/tours\/espana-es\/valencia-es\/tour-privado-de-vinedos-desde-valencia-y-cata-de-vinos\/","url":"https:\/\/tourtravelandmore.com\/es\/tours\/espana-es\/valencia-es\/tour-privado-de-vinedos-desde-valencia-y-cata-de-vinos\/","name":"\u27a1\ufe0f Tour privado de Vi\u00f1edos desde Valencia y Cata de Vinos con traslado en coche de lujo y gu\u00eda privado incluido.","isPartOf":{"@id":"https:\/\/tourtravelandmore.com\/es\/#website"},"primaryImageOfPage":{"@id":"https:\/\/tourtravelandmore.com\/es\/tours\/espana-es\/valencia-es\/tour-privado-de-vinedos-desde-valencia-y-cata-de-vinos\/#primaryimage"},"image":{"@id":"https:\/\/tourtravelandmore.com\/es\/tours\/espana-es\/valencia-es\/tour-privado-de-vinedos-desde-valencia-y-cata-de-vinos\/#primaryimage"},"thumbnailUrl":"https:\/\/tourtravelandmore.com\/wp-content\/uploads\/2022\/02\/copa1.jpg","datePublished":"2022-02-11T16:56:28+00:00","dateModified":"2023-02-28T06:23:22+00:00","description":"Explora la regi\u00f3n vin\u00edcola m\u00e1s importante de Espa\u00f1a en este tour privado a Vi\u00f1edos desde Valencia con cata de vinos incluida \u2705","breadcrumb":{"@id":"https:\/\/tourtravelandmore.com\/es\/tours\/espana-es\/valencia-es\/tour-privado-de-vinedos-desde-valencia-y-cata-de-vinos\/#breadcrumb"},"inLanguage":"es","potentialAction":[{"@type":"ReadAction","target":["https:\/\/tourtravelandmore.com\/es\/tours\/espana-es\/valencia-es\/tour-privado-de-vinedos-desde-valencia-y-cata-de-vinos\/"]}]},{"@type":"ImageObject","inLanguage":"es","@id":"https:\/\/tourtravelandmore.com\/es\/tours\/espana-es\/valencia-es\/tour-privado-de-vinedos-desde-valencia-y-cata-de-vinos\/#primaryimage","url":"https:\/\/tourtravelandmore.com\/wp-content\/uploads\/2022\/02\/copa1.jpg","contentUrl":"https:\/\/tourtravelandmore.com\/wp-content\/uploads\/2022\/02\/copa1.jpg","width":673,"height":673},{"@type":"BreadcrumbList","@id":"https:\/\/tourtravelandmore.com\/es\/tours\/espana-es\/valencia-es\/tour-privado-de-vinedos-desde-valencia-y-cata-de-vinos\/#breadcrumb","itemListElement":[{"@type":"ListItem","position":1,"name":"Home","item":"https:\/\/tourtravelandmore.com\/es\/"},{"@type":"ListItem","position":2,"name":"Tours","item":"https:\/\/tourtravelandmore.com\/es\/tours\/"},{"@type":"ListItem","position":3,"name":"Tour privado de Vi\u00f1edos desde Valencia y Cata de Vinos"}]},{"@type":"WebSite","@id":"https:\/\/tourtravelandmore.com\/es\/#website","url":"https:\/\/tourtravelandmore.com\/es\/","name":"Tour Travel And More","description":"Private sightseeing tours and luxury transfers in Spain","publisher":{"@id":"https:\/\/tourtravelandmore.com\/es\/#organization"},"potentialAction":[{"@type":"SearchAction","target":{"@type":"EntryPoint","urlTemplate":"https:\/\/tourtravelandmore.com\/es\/?s={search_term_string}"},"query-input":{"@type":"PropertyValueSpecification","valueRequired":true,"valueName":"search_term_string"}}],"inLanguage":"es"},{"@type":"Organization","@id":"https:\/\/tourtravelandmore.com\/es\/#organization","name":"Tour Travel And More","url":"https:\/\/tourtravelandmore.com\/es\/","logo":{"@type":"ImageObject","inLanguage":"es","@id":"https:\/\/tourtravelandmore.com\/es\/#\/schema\/logo\/image\/","url":"https:\/\/tourtravelandmore.com\/wp-content\/uploads\/2022\/12\/cropped-logo-cabecera-new.png","contentUrl":"https:\/\/tourtravelandmore.com\/wp-content\/uploads\/2022\/12\/cropped-logo-cabecera-new.png","width":430,"height":61,"caption":"Tour Travel And More"},"image":{"@id":"https:\/\/tourtravelandmore.com\/es\/#\/schema\/logo\/image\/"},"sameAs":["https:\/\/www.facebook.com\/tourtravelandmore\/","https:\/\/x.com\/TourTravel_More"]}]}},"_links":{"self":[{"href":"https:\/\/tourtravelandmore.com\/es\/wp-json\/wp\/v2\/product\/119153","targetHints":{"allow":["GET"]}}],"collection":[{"href":"https:\/\/tourtravelandmore.com\/es\/wp-json\/wp\/v2\/product"}],"about":[{"href":"https:\/\/tourtravelandmore.com\/es\/wp-json\/wp\/v2\/types\/product"}],"replies":[{"embeddable":true,"href":"https:\/\/tourtravelandmore.com\/es\/wp-json\/wp\/v2\/comments?post=119153"}],"wp:featuredmedia":[{"embeddable":true,"href":"https:\/\/tourtravelandmore.com\/es\/wp-json\/wp\/v2\/media\/119828"}],"wp:attachment":[{"href":"https:\/\/tourtravelandmore.com\/es\/wp-json\/wp\/v2\/media?parent=119153"}],"wp:term":[{"taxonomy":"product_brand","embeddable":true,"href":"https:\/\/tourtravelandmore.com\/es\/wp-json\/wp\/v2\/product_brand?post=119153"},{"taxonomy":"product_cat","embeddable":true,"href":"https:\/\/tourtravelandmore.com\/es\/wp-json\/wp\/v2\/product_cat?post=119153"},{"taxonomy":"product_tag","embeddable":true,"href":"https:\/\/tourtravelandmore.com\/es\/wp-json\/wp\/v2\/product_tag?post=119153"}],"curies":[{"name":"wp","href":"https:\/\/api.w.org\/{rel}","templated":true}]}}