{"id":119090,"date":"2022-02-11T16:52:15","date_gmt":"2022-02-11T15:52:16","guid":{"rendered":"https:\/\/tourtravelandmore.com\/?post_type=product&#038;p=119090"},"modified":"2023-02-28T07:22:38","modified_gmt":"2023-02-28T06:22:38","slug":"tour-privado-a-xativa-desde-valencia","status":"publish","type":"product","link":"https:\/\/tourtravelandmore.com\/es\/tours\/espana-es\/valencia-es\/tour-privado-a-xativa-desde-valencia\/","title":{"rendered":"Tour privado a X\u00e0tiva desde Valencia"},"content":{"rendered":"<h2><b>Descripci\u00f3n del Tour privado a X\u00e0tiva desde Valencia<\/b><\/h2>\n<p><span style=\"font-weight: 400;\">A solo una hora al sur de Valencia, se ubica la majestuosa ciudad de X\u00e0tiva. Se trata de una de las ciudades con m\u00e1s renombre en Valencia durante el medioevo, porque fue la cuna de algunos de los Papas de la dinast\u00eda Borgia.\u00a0<\/span><\/p>\n<p><span style=\"font-weight: 400;\">Esta incre\u00edble localidad fortificada fue protagonista de las guerras m\u00e1s emblem\u00e1ticas de la Pen\u00ednsula Ib\u00e9rica.\u00a0<\/span><\/p>\n<p><span style=\"font-weight: 400;\">En nuestro <\/span><b>tour privado a X\u00e0tiva desde Valencia<\/b><span style=\"font-weight: 400;\"> conocer\u00e1s una de las localidades que tuvo m\u00e1s poder durante el Imperio Romano, puesto que se encontraba justo en la v\u00eda de Augusta.\u00a0<\/span><\/p>\n<p><span style=\"font-weight: 400;\">Ser\u00e1 un paseo magn\u00edfico, en el cual <\/span><b>vas a salir desde Valencia en un coche privado de lujo<\/b><span style=\"font-weight: 400;\">, el cual te puede buscar en un punto c\u00e9ntrico de la ciudad y que sea m\u00e1s c\u00f3modo para ti.\u00a0<\/span><\/p>\n<p><span style=\"font-weight: 400;\">Esta <\/span><b>excursi\u00f3n de 5 horas<\/b><span style=\"font-weight: 400;\"> ser\u00e1 en compa\u00f1\u00eda de un gu\u00eda oficial experto en arte, historia y cultura; lo cual es perfecto para que no pierdas detalles de cada uno de los puntos de inter\u00e9s que visites.\u00a0\u00a0<\/span><\/p>\n<p><span style=\"font-weight: 400;\">Explora por completo los lugares m\u00e1s emblem\u00e1ticos y las joyas ocultas de la ciudad que fue la segunda m\u00e1s importante del Reino de Valencia despu\u00e9s de la conquista cristiana.\u00a0<\/span><\/p>\n<p><span style=\"font-weight: 400;\">Conocer\u00e1s distintos puntos de inter\u00e9s como el casco hist\u00f3rico, el Hospital Real, Colegiata Santa Mar\u00eda, Castillo de X\u00e0tiva, entre muchos otros edificios y monumentos de gran valor hist\u00f3rico y cultural.\u00a0<\/span><\/p>\n<p><span style=\"font-weight: 400;\">Al finalizar la excursi\u00f3n guiada, te llevamos de vuelta hasta Valencia para que descanses y recuperes tu energ\u00eda.\u00a0<\/span><\/p>\n<h2><span style=\"color: #d3af37;\"><b>Puntos de inter\u00e9s del tour privado<\/b><\/span><\/h2>\n<p><span style=\"font-weight: 400;\">Si existe una ciudad que tiene un lugar privilegiado e importante en la historia espa\u00f1ola es X\u00e0tiva.\u00a0<\/span><\/p>\n<p><span style=\"font-weight: 400;\">Para empezar, fue un sitio de gran importancia econ\u00f3mica para el Imperio Romano. Tambi\u00e9n, fue la fortaleza que sirvi\u00f3 de residencia a los Papas Borgia y uno de los escenarios m\u00e1s emblem\u00e1ticos de la guerra de Sucesi\u00f3n.\u00a0<\/span><\/p>\n<p><span style=\"font-weight: 400;\">En este magn\u00edfico tour privado a X\u00e0tiva desde Valencia vas a conocer y explorar los siguientes puntos de inter\u00e9s:\u00a0<\/span><\/p>\n<h3><span style=\"color: #d3af37;\"><b>El casco hist\u00f3rico de X\u00e0tiva<\/b><\/span><\/h3>\n<p><span style=\"font-weight: 400;\">Este espl\u00e9ndido lugar es un punto principal en donde te vas a sentir como en un viaje al pasado. Sus calles est\u00e1n llenas de edificios religiosos, civiles y locales que son unas verdaderas joyas arquitect\u00f3nicas medievales.\u00a0<\/span><\/p>\n<p><span style=\"font-weight: 400;\">Adem\u00e1s, vas a conocer la forma en la que se desenvuelve la vida diaria en esa emblem\u00e1tica ciudad mediterr\u00e1nea.\u00a0<\/span><\/p>\n<h3><span style=\"color: #d3af37;\"><b>La Pla\u00e7a de la Trinitat<\/b><\/span><\/h3>\n<p><span style=\"font-weight: 400;\">Te llevaremos hasta la Plaza de la Trinidad, en la cual predominan las construcciones y monumentos medievales, como los palacios y conventos.\u00a0<\/span><\/p>\n<p><span style=\"font-weight: 400;\">En su centro vas a ver la hermosa fuente real de la Trinidad. Se trata de una estructura de estilo g\u00f3tico valenciano y una de las pocas fuentes p\u00fablicas que a\u00fan se conservan intactas en Espa\u00f1a.\u00a0\u00a0<\/span><\/p>\n<h3><span style=\"color: #d3af37;\"><b>La Colegiata Santa Mar\u00eda<\/b><\/span><\/h3>\n<p><span style=\"font-weight: 400;\">Lo m\u00e1s llamativo de esta construcci\u00f3n es que fue levantada sobre una antigua mezquita como s\u00edmbolo del triunfo del cristianismo.\u00a0<\/span><\/p>\n<p><span style=\"font-weight: 400;\">Es un edificio lleno de impresionantes detalles arquitect\u00f3nicos, entre los que predominan el barroco y el g\u00f3tico.\u00a0<\/span><\/p>\n<p><span style=\"font-weight: 400;\">Indudablemente, este es uno de los mejores puntos de inter\u00e9s que vas a conocer en este tour privado a X\u00e1tiva.\u00a0<\/span><\/p>\n<h3><span style=\"color: #d3af37;\"><b>El Castillo de X\u00e0tiva<\/b><\/span><\/h3>\n<p><span style=\"font-weight: 400;\">Este atractivo lugar hist\u00f3rico fue una de las fortalezas m\u00e1s importantes de la Corona de Arag\u00f3n. Su exterior es simplemente impresionante. En el cual se observan las torres y las murallas que conforman el complejo de castillos.\u00a0<\/span><\/p>\n<p><span style=\"font-weight: 400;\">Luego de la conquista de Jaime I, el castillo se convirti\u00f3 en una de las fortalezas m\u00e1s importantes para la protecci\u00f3n de la ciudad. Tambi\u00e9n fue una prisi\u00f3n en esa \u00e9poca y el escenario de las contiendas m\u00e1s c\u00e9lebres de Espa\u00f1a.\u00a0<\/span><\/p>\n<p><span style=\"font-weight: 400;\">Adem\u00e1s de esos puntos de inter\u00e9s, en nuestro tour privado tambi\u00e9n vas a conocer:\u00a0<\/span><\/p>\n<ul>\n<li><b>La Iglesia Colegial Bas\u00edlica de Santa Mar\u00eda\u00a0<\/b><\/li>\n<li><b>Plazuela de Alejandro VI<\/b><\/li>\n<li><b>Iglesia de San Pedro<\/b><\/li>\n<li><b>La Plaza del mercado<\/b><\/li>\n<li><b>Entre muchos otros lugares de inigualable belleza\u00a0<\/b><\/li>\n<\/ul>\n<p><span style=\"font-weight: 400;\">Mientras est\u00e9s de turismo por Valencia, te recomendamos que aproveches tu tiempo para conocer otros atractivos pueblos medievales, con nuestro <\/span><a href=\"https:\/\/tourtravelandmore.com\/es\/tours\/espana-es\/valencia-es\/tour-privado-de-morella-y-peniscola-desde-valencia\/\"><b>tour privado de Morella y Pe\u00f1\u00edscola desde Valencia.<\/b><\/a><\/p>\n","protected":false},"excerpt":{"rendered":"<p><span style=\"font-weight: 400;\">Conoce de una manera \u00fanica y personalizada a la ciudad de X\u00e0tiva, la cual es famosa por ser la cuna de los Papas Borgia y porque cuenta con un valioso patrimonio art\u00edstico y cultural. Explora el centro de la ciudad, la Plaza de la Trinidad, la Colegiata, su simb\u00f3lico Castillo y muchas cosas m\u00e1s en este tour privado con traslado desde Valencia en un c\u00f3modo coche y en compa\u00f1\u00eda de un gu\u00eda oficial.<\/span><\/p>\n","protected":false},"featured_media":119819,"comment_status":"open","ping_status":"closed","template":"","meta":{"_acf_changed":false},"product_brand":[],"product_cat":[321,322,324,323],"product_tag":[],"class_list":{"0":"post-119090","1":"product","2":"type-product","3":"status-publish","4":"has-post-thumbnail","6":"product_cat-valencia-es","7":"product_cat-valencia-actividades-es","8":"product_cat-valencia-rutas-turisticas-privadas-es","9":"product_cat-valencia-excursiones-es","11":"first","12":"instock","13":"shipping-taxable","14":"purchasable","15":"product-type-simple"},"acf":[],"yoast_head":"<!-- This site is optimized with the Yoast SEO Premium plugin v25.3.1 (Yoast SEO v25.3.1) - https:\/\/yoast.com\/wordpress\/plugins\/seo\/ -->\n<title>\u27a1\ufe0f Tour privado a X\u00e0tiva desde Valencia con gu\u00eda y coche privado incluido | Tour Travel &amp; More<\/title>\n<meta name=\"description\" content=\"\u00bfQuieres conocer una ciudad medieval llena de historia y encanto? Disfruta de una excursi\u00f3n privada por X\u00e0tiva para conocer la ciudad de los Borgia y una de las fortalezas m\u00e1s importantes de la Corona de Arag\u00f3n \u2705\" \/>\n<meta name=\"robots\" content=\"index, follow, max-snippet:-1, max-image-preview:large, max-video-preview:-1\" \/>\n<link rel=\"canonical\" href=\"https:\/\/tourtravelandmore.com\/es\/tours\/espana-es\/valencia-es\/tour-privado-a-xativa-desde-valencia\/\" \/>\n<meta property=\"og:locale\" content=\"es_ES\" \/>\n<meta property=\"og:type\" content=\"article\" \/>\n<meta property=\"og:title\" content=\"Tour privado a X\u00e0tiva desde Valencia\" \/>\n<meta property=\"og:description\" content=\"\u00bfQuieres conocer una ciudad medieval llena de historia y encanto? Disfruta de una excursi\u00f3n privada por X\u00e0tiva para conocer la ciudad de los Borgia y una de las fortalezas m\u00e1s importantes de la Corona de Arag\u00f3n \u2705\" \/>\n<meta property=\"og:url\" content=\"https:\/\/tourtravelandmore.com\/es\/tours\/espana-es\/valencia-es\/tour-privado-a-xativa-desde-valencia\/\" \/>\n<meta property=\"og:site_name\" content=\"Tour Travel And More\" \/>\n<meta property=\"article:publisher\" content=\"https:\/\/www.facebook.com\/tourtravelandmore\/\" \/>\n<meta property=\"article:modified_time\" content=\"2023-02-28T06:22:38+00:00\" \/>\n<meta property=\"og:image\" content=\"https:\/\/tourtravelandmore.com\/wp-content\/uploads\/2022\/02\/6.jpg\" \/>\n\t<meta property=\"og:image:width\" content=\"2400\" \/>\n\t<meta property=\"og:image:height\" content=\"1600\" \/>\n\t<meta property=\"og:image:type\" content=\"image\/jpeg\" \/>\n<meta name=\"twitter:card\" content=\"summary_large_image\" \/>\n<meta name=\"twitter:site\" content=\"@TourTravel_More\" \/>\n<meta name=\"twitter:label1\" content=\"Tiempo de lectura\" \/>\n\t<meta name=\"twitter:data1\" content=\"4 minutos\" \/>\n<script type=\"application\/ld+json\" class=\"yoast-schema-graph\">{\"@context\":\"https:\/\/schema.org\",\"@graph\":[{\"@type\":\"WebPage\",\"@id\":\"https:\/\/tourtravelandmore.com\/es\/tours\/espana-es\/valencia-es\/tour-privado-a-xativa-desde-valencia\/\",\"url\":\"https:\/\/tourtravelandmore.com\/es\/tours\/espana-es\/valencia-es\/tour-privado-a-xativa-desde-valencia\/\",\"name\":\"\u27a1\ufe0f Tour privado a X\u00e0tiva desde Valencia con gu\u00eda y coche privado incluido | Tour Travel & More\",\"isPartOf\":{\"@id\":\"https:\/\/tourtravelandmore.com\/es\/#website\"},\"primaryImageOfPage\":{\"@id\":\"https:\/\/tourtravelandmore.com\/es\/tours\/espana-es\/valencia-es\/tour-privado-a-xativa-desde-valencia\/#primaryimage\"},\"image\":{\"@id\":\"https:\/\/tourtravelandmore.com\/es\/tours\/espana-es\/valencia-es\/tour-privado-a-xativa-desde-valencia\/#primaryimage\"},\"thumbnailUrl\":\"https:\/\/tourtravelandmore.com\/wp-content\/uploads\/2022\/02\/6.jpg\",\"datePublished\":\"2022-02-11T15:52:16+00:00\",\"dateModified\":\"2023-02-28T06:22:38+00:00\",\"description\":\"\u00bfQuieres conocer una ciudad medieval llena de historia y encanto? Disfruta de una excursi\u00f3n privada por X\u00e0tiva para conocer la ciudad de los Borgia y una de las fortalezas m\u00e1s importantes de la Corona de Arag\u00f3n \u2705\",\"breadcrumb\":{\"@id\":\"https:\/\/tourtravelandmore.com\/es\/tours\/espana-es\/valencia-es\/tour-privado-a-xativa-desde-valencia\/#breadcrumb\"},\"inLanguage\":\"es\",\"potentialAction\":[{\"@type\":\"ReadAction\",\"target\":[\"https:\/\/tourtravelandmore.com\/es\/tours\/espana-es\/valencia-es\/tour-privado-a-xativa-desde-valencia\/\"]}]},{\"@type\":\"ImageObject\",\"inLanguage\":\"es\",\"@id\":\"https:\/\/tourtravelandmore.com\/es\/tours\/espana-es\/valencia-es\/tour-privado-a-xativa-desde-valencia\/#primaryimage\",\"url\":\"https:\/\/tourtravelandmore.com\/wp-content\/uploads\/2022\/02\/6.jpg\",\"contentUrl\":\"https:\/\/tourtravelandmore.com\/wp-content\/uploads\/2022\/02\/6.jpg\",\"width\":2400,\"height\":1600},{\"@type\":\"BreadcrumbList\",\"@id\":\"https:\/\/tourtravelandmore.com\/es\/tours\/espana-es\/valencia-es\/tour-privado-a-xativa-desde-valencia\/#breadcrumb\",\"itemListElement\":[{\"@type\":\"ListItem\",\"position\":1,\"name\":\"Home\",\"item\":\"https:\/\/tourtravelandmore.com\/es\/\"},{\"@type\":\"ListItem\",\"position\":2,\"name\":\"Tours\",\"item\":\"https:\/\/tourtravelandmore.com\/es\/tours\/\"},{\"@type\":\"ListItem\",\"position\":3,\"name\":\"Tour privado a X\u00e0tiva desde Valencia\"}]},{\"@type\":\"WebSite\",\"@id\":\"https:\/\/tourtravelandmore.com\/es\/#website\",\"url\":\"https:\/\/tourtravelandmore.com\/es\/\",\"name\":\"Tour Travel And More\",\"description\":\"Private sightseeing tours and luxury transfers in Spain\",\"publisher\":{\"@id\":\"https:\/\/tourtravelandmore.com\/es\/#organization\"},\"potentialAction\":[{\"@type\":\"SearchAction\",\"target\":{\"@type\":\"EntryPoint\",\"urlTemplate\":\"https:\/\/tourtravelandmore.com\/es\/?s={search_term_string}\"},\"query-input\":{\"@type\":\"PropertyValueSpecification\",\"valueRequired\":true,\"valueName\":\"search_term_string\"}}],\"inLanguage\":\"es\"},{\"@type\":\"Organization\",\"@id\":\"https:\/\/tourtravelandmore.com\/es\/#organization\",\"name\":\"Tour Travel And More\",\"url\":\"https:\/\/tourtravelandmore.com\/es\/\",\"logo\":{\"@type\":\"ImageObject\",\"inLanguage\":\"es\",\"@id\":\"https:\/\/tourtravelandmore.com\/es\/#\/schema\/logo\/image\/\",\"url\":\"https:\/\/tourtravelandmore.com\/wp-content\/uploads\/2022\/12\/cropped-logo-cabecera-new.png\",\"contentUrl\":\"https:\/\/tourtravelandmore.com\/wp-content\/uploads\/2022\/12\/cropped-logo-cabecera-new.png\",\"width\":430,\"height\":61,\"caption\":\"Tour Travel And More\"},\"image\":{\"@id\":\"https:\/\/tourtravelandmore.com\/es\/#\/schema\/logo\/image\/\"},\"sameAs\":[\"https:\/\/www.facebook.com\/tourtravelandmore\/\",\"https:\/\/x.com\/TourTravel_More\"]}]}<\/script>\n<!-- \/ Yoast SEO Premium plugin. -->","yoast_head_json":{"title":"\u27a1\ufe0f Tour privado a X\u00e0tiva desde Valencia con gu\u00eda y coche privado incluido | Tour Travel & More","description":"\u00bfQuieres conocer una ciudad medieval llena de historia y encanto? Disfruta de una excursi\u00f3n privada por X\u00e0tiva para conocer la ciudad de los Borgia y una de las fortalezas m\u00e1s importantes de la Corona de Arag\u00f3n \u2705","robots":{"index":"index","follow":"follow","max-snippet":"max-snippet:-1","max-image-preview":"max-image-preview:large","max-video-preview":"max-video-preview:-1"},"canonical":"https:\/\/tourtravelandmore.com\/es\/tours\/espana-es\/valencia-es\/tour-privado-a-xativa-desde-valencia\/","og_locale":"es_ES","og_type":"article","og_title":"Tour privado a X\u00e0tiva desde Valencia","og_description":"\u00bfQuieres conocer una ciudad medieval llena de historia y encanto? Disfruta de una excursi\u00f3n privada por X\u00e0tiva para conocer la ciudad de los Borgia y una de las fortalezas m\u00e1s importantes de la Corona de Arag\u00f3n \u2705","og_url":"https:\/\/tourtravelandmore.com\/es\/tours\/espana-es\/valencia-es\/tour-privado-a-xativa-desde-valencia\/","og_site_name":"Tour Travel And More","article_publisher":"https:\/\/www.facebook.com\/tourtravelandmore\/","article_modified_time":"2023-02-28T06:22:38+00:00","og_image":[{"width":2400,"height":1600,"url":"https:\/\/tourtravelandmore.com\/wp-content\/uploads\/2022\/02\/6.jpg","type":"image\/jpeg"}],"twitter_card":"summary_large_image","twitter_site":"@TourTravel_More","twitter_misc":{"Tiempo de lectura":"4 minutos"},"schema":{"@context":"https:\/\/schema.org","@graph":[{"@type":"WebPage","@id":"https:\/\/tourtravelandmore.com\/es\/tours\/espana-es\/valencia-es\/tour-privado-a-xativa-desde-valencia\/","url":"https:\/\/tourtravelandmore.com\/es\/tours\/espana-es\/valencia-es\/tour-privado-a-xativa-desde-valencia\/","name":"\u27a1\ufe0f Tour privado a X\u00e0tiva desde Valencia con gu\u00eda y coche privado incluido | Tour Travel & More","isPartOf":{"@id":"https:\/\/tourtravelandmore.com\/es\/#website"},"primaryImageOfPage":{"@id":"https:\/\/tourtravelandmore.com\/es\/tours\/espana-es\/valencia-es\/tour-privado-a-xativa-desde-valencia\/#primaryimage"},"image":{"@id":"https:\/\/tourtravelandmore.com\/es\/tours\/espana-es\/valencia-es\/tour-privado-a-xativa-desde-valencia\/#primaryimage"},"thumbnailUrl":"https:\/\/tourtravelandmore.com\/wp-content\/uploads\/2022\/02\/6.jpg","datePublished":"2022-02-11T15:52:16+00:00","dateModified":"2023-02-28T06:22:38+00:00","description":"\u00bfQuieres conocer una ciudad medieval llena de historia y encanto? Disfruta de una excursi\u00f3n privada por X\u00e0tiva para conocer la ciudad de los Borgia y una de las fortalezas m\u00e1s importantes de la Corona de Arag\u00f3n \u2705","breadcrumb":{"@id":"https:\/\/tourtravelandmore.com\/es\/tours\/espana-es\/valencia-es\/tour-privado-a-xativa-desde-valencia\/#breadcrumb"},"inLanguage":"es","potentialAction":[{"@type":"ReadAction","target":["https:\/\/tourtravelandmore.com\/es\/tours\/espana-es\/valencia-es\/tour-privado-a-xativa-desde-valencia\/"]}]},{"@type":"ImageObject","inLanguage":"es","@id":"https:\/\/tourtravelandmore.com\/es\/tours\/espana-es\/valencia-es\/tour-privado-a-xativa-desde-valencia\/#primaryimage","url":"https:\/\/tourtravelandmore.com\/wp-content\/uploads\/2022\/02\/6.jpg","contentUrl":"https:\/\/tourtravelandmore.com\/wp-content\/uploads\/2022\/02\/6.jpg","width":2400,"height":1600},{"@type":"BreadcrumbList","@id":"https:\/\/tourtravelandmore.com\/es\/tours\/espana-es\/valencia-es\/tour-privado-a-xativa-desde-valencia\/#breadcrumb","itemListElement":[{"@type":"ListItem","position":1,"name":"Home","item":"https:\/\/tourtravelandmore.com\/es\/"},{"@type":"ListItem","position":2,"name":"Tours","item":"https:\/\/tourtravelandmore.com\/es\/tours\/"},{"@type":"ListItem","position":3,"name":"Tour privado a X\u00e0tiva desde Valencia"}]},{"@type":"WebSite","@id":"https:\/\/tourtravelandmore.com\/es\/#website","url":"https:\/\/tourtravelandmore.com\/es\/","name":"Tour Travel And More","description":"Private sightseeing tours and luxury transfers in Spain","publisher":{"@id":"https:\/\/tourtravelandmore.com\/es\/#organization"},"potentialAction":[{"@type":"SearchAction","target":{"@type":"EntryPoint","urlTemplate":"https:\/\/tourtravelandmore.com\/es\/?s={search_term_string}"},"query-input":{"@type":"PropertyValueSpecification","valueRequired":true,"valueName":"search_term_string"}}],"inLanguage":"es"},{"@type":"Organization","@id":"https:\/\/tourtravelandmore.com\/es\/#organization","name":"Tour Travel And More","url":"https:\/\/tourtravelandmore.com\/es\/","logo":{"@type":"ImageObject","inLanguage":"es","@id":"https:\/\/tourtravelandmore.com\/es\/#\/schema\/logo\/image\/","url":"https:\/\/tourtravelandmore.com\/wp-content\/uploads\/2022\/12\/cropped-logo-cabecera-new.png","contentUrl":"https:\/\/tourtravelandmore.com\/wp-content\/uploads\/2022\/12\/cropped-logo-cabecera-new.png","width":430,"height":61,"caption":"Tour Travel And More"},"image":{"@id":"https:\/\/tourtravelandmore.com\/es\/#\/schema\/logo\/image\/"},"sameAs":["https:\/\/www.facebook.com\/tourtravelandmore\/","https:\/\/x.com\/TourTravel_More"]}]}},"_links":{"self":[{"href":"https:\/\/tourtravelandmore.com\/es\/wp-json\/wp\/v2\/product\/119090","targetHints":{"allow":["GET"]}}],"collection":[{"href":"https:\/\/tourtravelandmore.com\/es\/wp-json\/wp\/v2\/product"}],"about":[{"href":"https:\/\/tourtravelandmore.com\/es\/wp-json\/wp\/v2\/types\/product"}],"replies":[{"embeddable":true,"href":"https:\/\/tourtravelandmore.com\/es\/wp-json\/wp\/v2\/comments?post=119090"}],"wp:featuredmedia":[{"embeddable":true,"href":"https:\/\/tourtravelandmore.com\/es\/wp-json\/wp\/v2\/media\/119819"}],"wp:attachment":[{"href":"https:\/\/tourtravelandmore.com\/es\/wp-json\/wp\/v2\/media?parent=119090"}],"wp:term":[{"taxonomy":"product_brand","embeddable":true,"href":"https:\/\/tourtravelandmore.com\/es\/wp-json\/wp\/v2\/product_brand?post=119090"},{"taxonomy":"product_cat","embeddable":true,"href":"https:\/\/tourtravelandmore.com\/es\/wp-json\/wp\/v2\/product_cat?post=119090"},{"taxonomy":"product_tag","embeddable":true,"href":"https:\/\/tourtravelandmore.com\/es\/wp-json\/wp\/v2\/product_tag?post=119090"}],"curies":[{"name":"wp","href":"https:\/\/api.w.org\/{rel}","templated":true}]}}