{"id":119053,"date":"2022-02-11T12:23:34","date_gmt":"2022-02-11T11:23:36","guid":{"rendered":"https:\/\/tourtravelandmore.com\/?post_type=product&#038;p=119053"},"modified":"2023-02-28T07:21:28","modified_gmt":"2023-02-28T06:21:28","slug":"tour-privado-de-morella-y-peniscola-desde-valencia","status":"publish","type":"product","link":"https:\/\/tourtravelandmore.com\/es\/tours\/espana-es\/valencia-es\/tour-privado-de-morella-y-peniscola-desde-valencia\/","title":{"rendered":"Tour Privado de Morella y Pe\u00f1\u00edscola desde Valencia"},"content":{"rendered":"<h2><b>Descripci\u00f3n del Tour Privado de Morella y Pe\u00f1\u00edscola desde Valencia<\/b><\/h2>\n<p><span style=\"font-weight: 400;\">Aprovecha tu tiempo por la comunidad valenciana y explora dos pueblos que son considerados a nivel mundial como unos de los m\u00e1s bonitos que se encuentran en toda Espa\u00f1a.\u00a0<\/span><\/p>\n<p><span style=\"font-weight: 400;\">Nuestro <\/span><b>tour privado de Morella y Pe\u00f1\u00edscola desde Valencia<\/b><span style=\"font-weight: 400;\"> te ofrece la oportunidad de recorrer cada rinc\u00f3n de estas localidades de una manera exclusiva, c\u00f3moda y personalizada.\u00a0<\/span><\/p>\n<p><span style=\"font-weight: 400;\">Todo el paseo se realizar\u00e1 en un coche de lujo y en compa\u00f1\u00eda de un gu\u00eda oficial privado, con la finalidad de que aproveches cada minuto de esta excursi\u00f3n guiada.\u00a0<\/span><\/p>\n<p><span style=\"font-weight: 400;\">Disfruta de una incre\u00edble vista de <\/span><b>los pueblos medievales m\u00e1s emblem\u00e1ticos de Castell\u00f3n<\/b><span style=\"font-weight: 400;\"> y sin necesidad de preocuparte por nada que no sea apreciar el paisaje.\u00a0<\/span><\/p>\n<p><span style=\"font-weight: 400;\">En esta excursi\u00f3n podemos buscarte en el lugar que nos indiques en Valencia. Y desde ese punto partiremos en un coche privado hasta Castell\u00f3n para llegar a Morella.\u00a0<\/span><\/p>\n<p><span style=\"font-weight: 400;\">Esta ciudad es considerada como una de las joyas ocultas de Espa\u00f1a, puesto que sus calles adoquinadas y su simb\u00f3lico castillo ubicado en la cima del pueblo la convierten en un sitio imperdible para conocer en la comunidad valenciana.\u00a0<\/span><\/p>\n<p><span style=\"font-weight: 400;\">Seguiremos hasta Pe\u00f1\u00edscola. All\u00ed te sorprender\u00e1s con su arquitectura medieval, que parece como sacada de un cuento. Por esa raz\u00f3n, no fue casualidad que Pe\u00f1\u00edscola fuera escenario de la conocida serie \u201cJuego de Tronos\u201d.<\/span><\/p>\n<p><span style=\"font-weight: 400;\">Ver\u00e1s el Castillo que sirvi\u00f3 de residencia para el Papa Luna y sus hermosas costas rodeadas de arena fina y aguas cristalinas.\u00a0<\/span><\/p>\n<p><span style=\"font-weight: 400;\">Adem\u00e1s, en Morella y Pe\u00f1\u00edscola encontrar\u00e1s muchos monumentos y edificios que representan la gran influencia dejada por los musulmanes, romanos, templarios y cat\u00f3licos en la regi\u00f3n.\u00a0\u00a0<\/span><\/p>\n<p><span style=\"font-weight: 400;\">Al finalizar la <\/span><b>excursi\u00f3n guiada de 9 horas, <\/b><span style=\"font-weight: 400;\">te regresaremos sin inconvenientes a Valencia.\u00a0<\/span><\/p>\n<p><span style=\"font-weight: 400;\">Sabemos de antemano que este va a ser un viaje inolvidable e ideal para coleccionar gratos recuerdos.\u00a0<\/span><\/p>\n<h2><span style=\"color: #d3af37;\"><b>Puntos de inter\u00e9s del tour privado<\/b><\/span><\/h2>\n<p><span style=\"font-weight: 400;\">No lo pienses m\u00e1s y reg\u00e1late una escapada a Morella y Pe\u00f1\u00edscola para conocer los pueblos m\u00e1s pintorescos y representativos de la edad medieval.\u00a0<\/span><\/p>\n<p><span style=\"font-weight: 400;\">Iniciaremos el paseo busc\u00e1ndote en Valencia por el punto que sea m\u00e1s conveniente para ti. Desde ese lugar que prefieras, empezaremos un incre\u00edble recorrido por los siguientes sitios:\u00a0<\/span><\/p>\n<h3><span style=\"color: #d3af37;\"><b>Morella, la joya escondida de Espa\u00f1a\u00a0<\/b><\/span><\/h3>\n<p><span style=\"font-weight: 400;\">De entrada, te contamos que Morella tiene una distinci\u00f3n como <\/span><b>uno de los pueblos m\u00e1s pintorescos y bonitos de Espa\u00f1a.\u00a0<\/b><\/p>\n<p><span style=\"font-weight: 400;\">Es una ciudad que fue fundada sobre un pe\u00f1\u00f3n en forma de cono, lo que le da una forma vertical muy llamativa.\u00a0<\/span><\/p>\n<p><span style=\"font-weight: 400;\">Adem\u00e1s, la ciudad cuenta con una gran muralla que la rodea por completo y que tiene m\u00e1s de 2 kil\u00f3metros de longitud.\u00a0<\/span><\/p>\n<p><span style=\"font-weight: 400;\">Uno de los lugares m\u00e1s importantes que visitar en Morella es su inmenso castillo, el cual est\u00e1 en la cima del propio pueblo. De hecho, su forma se asemeja a una corona.\u00a0<\/span><\/p>\n<p><span style=\"font-weight: 400;\">Esta imponente fortaleza fue la construcci\u00f3n m\u00e1s codiciada en la edad media por la realeza, puesto que su ubicaci\u00f3n era ideal para la defensa de la corona.\u00a0<\/span><\/p>\n<p><span style=\"font-weight: 400;\">Tambi\u00e9n, podr\u00e1s caminar por el centro hist\u00f3rico de Morella y conocer la Bas\u00edlica de Santa Mar\u00eda la Mayor de Morella y otros lugares m\u00e1s, como, por ejemplo:\u00a0<\/span><\/p>\n<ul>\n<li><b>Las murallas.<\/b><\/li>\n<li><b>Las antiguas puertas.<\/b><\/li>\n<li><b>El acueducto de Santa Luc\u00eda.<\/b><\/li>\n<li><b>Convento de San Francisco.<\/b><\/li>\n<li><b>La F\u00e0brica Giner.<\/b><\/li>\n<li><b>Portal de la Nevera.<\/b><\/li>\n<li><b>La calle Blasco de Alag\u00f3n.<\/b><\/li>\n<li><b>Torre del Consell.<\/b><\/li>\n<li><b>Y otros lugares m\u00e1s.<\/b><b><\/b><\/li>\n<\/ul>\n<h3><span style=\"color: #d3af37;\"><b>Conocer a Pe\u00f1\u00edscola, el hogar del Papa Luna<\/b><\/span><\/h3>\n<p><span style=\"font-weight: 400;\">Majestuosas playas de agua azul turquesa rodean el espl\u00e9ndido pueblo de Pe\u00f1\u00edscola.\u00a0<\/span><\/p>\n<p><span style=\"font-weight: 400;\">Llegaremos a esta localidad traslad\u00e1ndonos en un coche privado para llegar a su puerto pesquero; el cual ha estado operativo durante milenios.\u00a0<\/span><\/p>\n<p><span style=\"font-weight: 400;\">Tambi\u00e9n conocer\u00e1s el Castillo de Pe\u00f1\u00edscola, el sitio en donde se confin\u00f3 Benedicto XIII, mejor conocido como el Papa Luna o el antipapa.\u00a0<\/span><\/p>\n<p><span style=\"font-weight: 400;\">Asimismo, podr\u00e1s explorar \u201cel bufador\u201d, el cual es un hoyo profundo situado en el centro de la ciudad y por donde penetra el agua del mar cuando el oleaje est\u00e1 muy fuerte.\u00a0<\/span><\/p>\n<p><span style=\"font-weight: 400;\">Lo mejor del recorrido es que <\/span><b>ir\u00e1s en compa\u00f1\u00eda de un gu\u00eda privado<\/b><span style=\"font-weight: 400;\"> quien te dar\u00e1 todos los detalles hist\u00f3ricos de los puntos de inter\u00e9s que visites.\u00a0<\/span><\/p>\n<p><span style=\"font-weight: 400;\">Igualmente descubrir\u00e1s:\u00a0<\/span><\/p>\n<ul>\n<li><b>Casa de las Conchas<\/b><\/li>\n<li><b>Playas de Pe\u00f1\u00edscola<\/b><\/li>\n<li><b>La Ermita de la Virgen<\/b><\/li>\n<li><b>El faro\u00a0<\/b><\/li>\n<li><b>Entre muchos otros lugares m\u00e1s.\u00a0<\/b><b><\/b><\/li>\n<\/ul>\n<p><span style=\"font-weight: 400;\">Cuando terminemos, te trasladaremos de regreso a Valencia para dejarte en donde lo solicites.\u00a0<\/span><\/p>\n<p><span style=\"font-weight: 400;\">Si quieres tener una experiencia distinta, puedes tomar nuestro <\/span><b>tour privado de Vi\u00f1edos desde Valencia y Cata de Vinos<\/b><span style=\"font-weight: 400;\">.<\/span><\/p>\n","protected":false},"excerpt":{"rendered":"<p><span style=\"font-weight: 400;\">\u00bfQuieres conocer dos inolvidables pueblos medievales? Este tour privado de Morella y Pe\u00f1\u00edscola te llevar\u00e1 por algunas de las localidades m\u00e1s hermosas de toda Espa\u00f1a. Ver\u00e1s la residencia del Papa Luna, algunos escenarios de la serie Juego de Tronos y unas murallas antiguas de m\u00e1s de 2 kil\u00f3metros de longitud. Adem\u00e1s, te trasladamos desde Valencia en un coche privado de lujo y en compa\u00f1\u00eda de un gu\u00eda privado experto en historia.<\/span><\/p>\n","protected":false},"featured_media":119212,"comment_status":"open","ping_status":"closed","template":"","meta":{"_acf_changed":false},"product_brand":[],"product_cat":[321,322,324,323],"product_tag":[],"class_list":{"0":"post-119053","1":"product","2":"type-product","3":"status-publish","4":"has-post-thumbnail","6":"product_cat-valencia-es","7":"product_cat-valencia-actividades-es","8":"product_cat-valencia-rutas-turisticas-privadas-es","9":"product_cat-valencia-excursiones-es","11":"first","12":"instock","13":"shipping-taxable","14":"purchasable","15":"product-type-simple"},"acf":[],"yoast_head":"<!-- This site is optimized with the Yoast SEO Premium plugin v25.3.1 (Yoast SEO v25.3.1) - https:\/\/yoast.com\/wordpress\/plugins\/seo\/ -->\n<title>\u27a1\ufe0f Tour privado de Morella y Pe\u00f1\u00edscola desde Valencia con gu\u00eda privado y traslado en coche de lujo<\/title>\n<meta name=\"description\" content=\"Conoce a Morella, un antiguo pueblo construido en forma vertical, y a Pe\u00f1\u00edscola, la ciudad que alberg\u00f3 al Papa Luna, en este tour privado de 9 horas con gu\u00eda y coche privado incluidos \u2705\" \/>\n<meta name=\"robots\" content=\"index, follow, max-snippet:-1, max-image-preview:large, max-video-preview:-1\" \/>\n<link rel=\"canonical\" href=\"https:\/\/tourtravelandmore.com\/es\/tours\/espana-es\/valencia-es\/tour-privado-de-morella-y-peniscola-desde-valencia\/\" \/>\n<meta property=\"og:locale\" content=\"es_ES\" \/>\n<meta property=\"og:type\" content=\"article\" \/>\n<meta property=\"og:title\" content=\"Tour Privado de Morella y Pe\u00f1\u00edscola desde Valencia\" \/>\n<meta property=\"og:description\" content=\"Conoce a Morella, un antiguo pueblo construido en forma vertical, y a Pe\u00f1\u00edscola, la ciudad que alberg\u00f3 al Papa Luna, en este tour privado de 9 horas con gu\u00eda y coche privado incluidos \u2705\" \/>\n<meta property=\"og:url\" content=\"https:\/\/tourtravelandmore.com\/es\/tours\/espana-es\/valencia-es\/tour-privado-de-morella-y-peniscola-desde-valencia\/\" \/>\n<meta property=\"og:site_name\" content=\"Tour Travel And More\" \/>\n<meta property=\"article:publisher\" content=\"https:\/\/www.facebook.com\/tourtravelandmore\/\" \/>\n<meta property=\"article:modified_time\" content=\"2023-02-28T06:21:28+00:00\" \/>\n<meta property=\"og:image\" content=\"https:\/\/tourtravelandmore.com\/wp-content\/uploads\/2022\/02\/Untitled-design-2.jpg\" \/>\n\t<meta property=\"og:image:width\" content=\"900\" \/>\n\t<meta property=\"og:image:height\" content=\"600\" \/>\n\t<meta property=\"og:image:type\" content=\"image\/jpeg\" \/>\n<meta name=\"twitter:card\" content=\"summary_large_image\" \/>\n<meta name=\"twitter:site\" content=\"@TourTravel_More\" \/>\n<meta name=\"twitter:label1\" content=\"Tiempo de lectura\" \/>\n\t<meta name=\"twitter:data1\" content=\"4 minutos\" \/>\n<script type=\"application\/ld+json\" class=\"yoast-schema-graph\">{\"@context\":\"https:\/\/schema.org\",\"@graph\":[{\"@type\":\"WebPage\",\"@id\":\"https:\/\/tourtravelandmore.com\/es\/tours\/espana-es\/valencia-es\/tour-privado-de-morella-y-peniscola-desde-valencia\/\",\"url\":\"https:\/\/tourtravelandmore.com\/es\/tours\/espana-es\/valencia-es\/tour-privado-de-morella-y-peniscola-desde-valencia\/\",\"name\":\"\u27a1\ufe0f Tour privado de Morella y Pe\u00f1\u00edscola desde Valencia con gu\u00eda privado y traslado en coche de lujo\",\"isPartOf\":{\"@id\":\"https:\/\/tourtravelandmore.com\/es\/#website\"},\"primaryImageOfPage\":{\"@id\":\"https:\/\/tourtravelandmore.com\/es\/tours\/espana-es\/valencia-es\/tour-privado-de-morella-y-peniscola-desde-valencia\/#primaryimage\"},\"image\":{\"@id\":\"https:\/\/tourtravelandmore.com\/es\/tours\/espana-es\/valencia-es\/tour-privado-de-morella-y-peniscola-desde-valencia\/#primaryimage\"},\"thumbnailUrl\":\"https:\/\/tourtravelandmore.com\/wp-content\/uploads\/2022\/02\/Untitled-design-2.jpg\",\"datePublished\":\"2022-02-11T11:23:36+00:00\",\"dateModified\":\"2023-02-28T06:21:28+00:00\",\"description\":\"Conoce a Morella, un antiguo pueblo construido en forma vertical, y a Pe\u00f1\u00edscola, la ciudad que alberg\u00f3 al Papa Luna, en este tour privado de 9 horas con gu\u00eda y coche privado incluidos \u2705\",\"breadcrumb\":{\"@id\":\"https:\/\/tourtravelandmore.com\/es\/tours\/espana-es\/valencia-es\/tour-privado-de-morella-y-peniscola-desde-valencia\/#breadcrumb\"},\"inLanguage\":\"es\",\"potentialAction\":[{\"@type\":\"ReadAction\",\"target\":[\"https:\/\/tourtravelandmore.com\/es\/tours\/espana-es\/valencia-es\/tour-privado-de-morella-y-peniscola-desde-valencia\/\"]}]},{\"@type\":\"ImageObject\",\"inLanguage\":\"es\",\"@id\":\"https:\/\/tourtravelandmore.com\/es\/tours\/espana-es\/valencia-es\/tour-privado-de-morella-y-peniscola-desde-valencia\/#primaryimage\",\"url\":\"https:\/\/tourtravelandmore.com\/wp-content\/uploads\/2022\/02\/Untitled-design-2.jpg\",\"contentUrl\":\"https:\/\/tourtravelandmore.com\/wp-content\/uploads\/2022\/02\/Untitled-design-2.jpg\",\"width\":900,\"height\":600},{\"@type\":\"BreadcrumbList\",\"@id\":\"https:\/\/tourtravelandmore.com\/es\/tours\/espana-es\/valencia-es\/tour-privado-de-morella-y-peniscola-desde-valencia\/#breadcrumb\",\"itemListElement\":[{\"@type\":\"ListItem\",\"position\":1,\"name\":\"Home\",\"item\":\"https:\/\/tourtravelandmore.com\/es\/\"},{\"@type\":\"ListItem\",\"position\":2,\"name\":\"Tours\",\"item\":\"https:\/\/tourtravelandmore.com\/es\/tours\/\"},{\"@type\":\"ListItem\",\"position\":3,\"name\":\"Tour Privado de Morella y Pe\u00f1\u00edscola desde Valencia\"}]},{\"@type\":\"WebSite\",\"@id\":\"https:\/\/tourtravelandmore.com\/es\/#website\",\"url\":\"https:\/\/tourtravelandmore.com\/es\/\",\"name\":\"Tour Travel And More\",\"description\":\"Private sightseeing tours and luxury transfers in Spain\",\"publisher\":{\"@id\":\"https:\/\/tourtravelandmore.com\/es\/#organization\"},\"potentialAction\":[{\"@type\":\"SearchAction\",\"target\":{\"@type\":\"EntryPoint\",\"urlTemplate\":\"https:\/\/tourtravelandmore.com\/es\/?s={search_term_string}\"},\"query-input\":{\"@type\":\"PropertyValueSpecification\",\"valueRequired\":true,\"valueName\":\"search_term_string\"}}],\"inLanguage\":\"es\"},{\"@type\":\"Organization\",\"@id\":\"https:\/\/tourtravelandmore.com\/es\/#organization\",\"name\":\"Tour Travel And More\",\"url\":\"https:\/\/tourtravelandmore.com\/es\/\",\"logo\":{\"@type\":\"ImageObject\",\"inLanguage\":\"es\",\"@id\":\"https:\/\/tourtravelandmore.com\/es\/#\/schema\/logo\/image\/\",\"url\":\"https:\/\/tourtravelandmore.com\/wp-content\/uploads\/2022\/12\/cropped-logo-cabecera-new.png\",\"contentUrl\":\"https:\/\/tourtravelandmore.com\/wp-content\/uploads\/2022\/12\/cropped-logo-cabecera-new.png\",\"width\":430,\"height\":61,\"caption\":\"Tour Travel And More\"},\"image\":{\"@id\":\"https:\/\/tourtravelandmore.com\/es\/#\/schema\/logo\/image\/\"},\"sameAs\":[\"https:\/\/www.facebook.com\/tourtravelandmore\/\",\"https:\/\/x.com\/TourTravel_More\"]}]}<\/script>\n<!-- \/ Yoast SEO Premium plugin. -->","yoast_head_json":{"title":"\u27a1\ufe0f Tour privado de Morella y Pe\u00f1\u00edscola desde Valencia con gu\u00eda privado y traslado en coche de lujo","description":"Conoce a Morella, un antiguo pueblo construido en forma vertical, y a Pe\u00f1\u00edscola, la ciudad que alberg\u00f3 al Papa Luna, en este tour privado de 9 horas con gu\u00eda y coche privado incluidos \u2705","robots":{"index":"index","follow":"follow","max-snippet":"max-snippet:-1","max-image-preview":"max-image-preview:large","max-video-preview":"max-video-preview:-1"},"canonical":"https:\/\/tourtravelandmore.com\/es\/tours\/espana-es\/valencia-es\/tour-privado-de-morella-y-peniscola-desde-valencia\/","og_locale":"es_ES","og_type":"article","og_title":"Tour Privado de Morella y Pe\u00f1\u00edscola desde Valencia","og_description":"Conoce a Morella, un antiguo pueblo construido en forma vertical, y a Pe\u00f1\u00edscola, la ciudad que alberg\u00f3 al Papa Luna, en este tour privado de 9 horas con gu\u00eda y coche privado incluidos \u2705","og_url":"https:\/\/tourtravelandmore.com\/es\/tours\/espana-es\/valencia-es\/tour-privado-de-morella-y-peniscola-desde-valencia\/","og_site_name":"Tour Travel And More","article_publisher":"https:\/\/www.facebook.com\/tourtravelandmore\/","article_modified_time":"2023-02-28T06:21:28+00:00","og_image":[{"width":900,"height":600,"url":"https:\/\/tourtravelandmore.com\/wp-content\/uploads\/2022\/02\/Untitled-design-2.jpg","type":"image\/jpeg"}],"twitter_card":"summary_large_image","twitter_site":"@TourTravel_More","twitter_misc":{"Tiempo de lectura":"4 minutos"},"schema":{"@context":"https:\/\/schema.org","@graph":[{"@type":"WebPage","@id":"https:\/\/tourtravelandmore.com\/es\/tours\/espana-es\/valencia-es\/tour-privado-de-morella-y-peniscola-desde-valencia\/","url":"https:\/\/tourtravelandmore.com\/es\/tours\/espana-es\/valencia-es\/tour-privado-de-morella-y-peniscola-desde-valencia\/","name":"\u27a1\ufe0f Tour privado de Morella y Pe\u00f1\u00edscola desde Valencia con gu\u00eda privado y traslado en coche de lujo","isPartOf":{"@id":"https:\/\/tourtravelandmore.com\/es\/#website"},"primaryImageOfPage":{"@id":"https:\/\/tourtravelandmore.com\/es\/tours\/espana-es\/valencia-es\/tour-privado-de-morella-y-peniscola-desde-valencia\/#primaryimage"},"image":{"@id":"https:\/\/tourtravelandmore.com\/es\/tours\/espana-es\/valencia-es\/tour-privado-de-morella-y-peniscola-desde-valencia\/#primaryimage"},"thumbnailUrl":"https:\/\/tourtravelandmore.com\/wp-content\/uploads\/2022\/02\/Untitled-design-2.jpg","datePublished":"2022-02-11T11:23:36+00:00","dateModified":"2023-02-28T06:21:28+00:00","description":"Conoce a Morella, un antiguo pueblo construido en forma vertical, y a Pe\u00f1\u00edscola, la ciudad que alberg\u00f3 al Papa Luna, en este tour privado de 9 horas con gu\u00eda y coche privado incluidos \u2705","breadcrumb":{"@id":"https:\/\/tourtravelandmore.com\/es\/tours\/espana-es\/valencia-es\/tour-privado-de-morella-y-peniscola-desde-valencia\/#breadcrumb"},"inLanguage":"es","potentialAction":[{"@type":"ReadAction","target":["https:\/\/tourtravelandmore.com\/es\/tours\/espana-es\/valencia-es\/tour-privado-de-morella-y-peniscola-desde-valencia\/"]}]},{"@type":"ImageObject","inLanguage":"es","@id":"https:\/\/tourtravelandmore.com\/es\/tours\/espana-es\/valencia-es\/tour-privado-de-morella-y-peniscola-desde-valencia\/#primaryimage","url":"https:\/\/tourtravelandmore.com\/wp-content\/uploads\/2022\/02\/Untitled-design-2.jpg","contentUrl":"https:\/\/tourtravelandmore.com\/wp-content\/uploads\/2022\/02\/Untitled-design-2.jpg","width":900,"height":600},{"@type":"BreadcrumbList","@id":"https:\/\/tourtravelandmore.com\/es\/tours\/espana-es\/valencia-es\/tour-privado-de-morella-y-peniscola-desde-valencia\/#breadcrumb","itemListElement":[{"@type":"ListItem","position":1,"name":"Home","item":"https:\/\/tourtravelandmore.com\/es\/"},{"@type":"ListItem","position":2,"name":"Tours","item":"https:\/\/tourtravelandmore.com\/es\/tours\/"},{"@type":"ListItem","position":3,"name":"Tour Privado de Morella y Pe\u00f1\u00edscola desde Valencia"}]},{"@type":"WebSite","@id":"https:\/\/tourtravelandmore.com\/es\/#website","url":"https:\/\/tourtravelandmore.com\/es\/","name":"Tour Travel And More","description":"Private sightseeing tours and luxury transfers in Spain","publisher":{"@id":"https:\/\/tourtravelandmore.com\/es\/#organization"},"potentialAction":[{"@type":"SearchAction","target":{"@type":"EntryPoint","urlTemplate":"https:\/\/tourtravelandmore.com\/es\/?s={search_term_string}"},"query-input":{"@type":"PropertyValueSpecification","valueRequired":true,"valueName":"search_term_string"}}],"inLanguage":"es"},{"@type":"Organization","@id":"https:\/\/tourtravelandmore.com\/es\/#organization","name":"Tour Travel And More","url":"https:\/\/tourtravelandmore.com\/es\/","logo":{"@type":"ImageObject","inLanguage":"es","@id":"https:\/\/tourtravelandmore.com\/es\/#\/schema\/logo\/image\/","url":"https:\/\/tourtravelandmore.com\/wp-content\/uploads\/2022\/12\/cropped-logo-cabecera-new.png","contentUrl":"https:\/\/tourtravelandmore.com\/wp-content\/uploads\/2022\/12\/cropped-logo-cabecera-new.png","width":430,"height":61,"caption":"Tour Travel And More"},"image":{"@id":"https:\/\/tourtravelandmore.com\/es\/#\/schema\/logo\/image\/"},"sameAs":["https:\/\/www.facebook.com\/tourtravelandmore\/","https:\/\/x.com\/TourTravel_More"]}]}},"_links":{"self":[{"href":"https:\/\/tourtravelandmore.com\/es\/wp-json\/wp\/v2\/product\/119053","targetHints":{"allow":["GET"]}}],"collection":[{"href":"https:\/\/tourtravelandmore.com\/es\/wp-json\/wp\/v2\/product"}],"about":[{"href":"https:\/\/tourtravelandmore.com\/es\/wp-json\/wp\/v2\/types\/product"}],"replies":[{"embeddable":true,"href":"https:\/\/tourtravelandmore.com\/es\/wp-json\/wp\/v2\/comments?post=119053"}],"wp:featuredmedia":[{"embeddable":true,"href":"https:\/\/tourtravelandmore.com\/es\/wp-json\/wp\/v2\/media\/119212"}],"wp:attachment":[{"href":"https:\/\/tourtravelandmore.com\/es\/wp-json\/wp\/v2\/media?parent=119053"}],"wp:term":[{"taxonomy":"product_brand","embeddable":true,"href":"https:\/\/tourtravelandmore.com\/es\/wp-json\/wp\/v2\/product_brand?post=119053"},{"taxonomy":"product_cat","embeddable":true,"href":"https:\/\/tourtravelandmore.com\/es\/wp-json\/wp\/v2\/product_cat?post=119053"},{"taxonomy":"product_tag","embeddable":true,"href":"https:\/\/tourtravelandmore.com\/es\/wp-json\/wp\/v2\/product_tag?post=119053"}],"curies":[{"name":"wp","href":"https:\/\/api.w.org\/{rel}","templated":true}]}}