{"id":119029,"date":"2022-02-11T10:37:59","date_gmt":"2022-02-11T09:38:04","guid":{"rendered":"https:\/\/tourtravelandmore.com\/?post_type=product&#038;p=119029"},"modified":"2023-02-28T07:23:00","modified_gmt":"2023-02-28T06:23:00","slug":"tour-privado-a-las-cuevas-de-san-jose-desde-valencia","status":"publish","type":"product","link":"https:\/\/tourtravelandmore.com\/es\/tours\/espana-es\/valencia-es\/tour-privado-a-las-cuevas-de-san-jose-desde-valencia\/","title":{"rendered":"Tour privado a Las Cuevas de San Jos\u00e9 desde Valencia"},"content":{"rendered":"<h2><b>Descripci\u00f3n del Tour privado a Las Cuevas de San Jos\u00e9 desde Valencia<\/b><\/h2>\n<p><span style=\"font-weight: 400;\">A pocos minutos de Valencia se encuentra el pueblo de Vall d&#8217;Uix\u00f3, el cual alberga a una de las maravillas naturales m\u00e1s grandes de Espa\u00f1a: Las Cuevas de San Jos\u00e9.\u00a0<\/span><\/p>\n<p><span style=\"font-weight: 400;\">Se trata de un incre\u00edble complejo de grutas que se form\u00f3 hace aproximadamente unos 250 millones de a\u00f1os y que a\u00f1o tras a\u00f1o atrae a miles de turistas a nivel mundial.\u00a0<\/span><\/p>\n<p><span style=\"font-weight: 400;\">Este <\/span><b>tour privado a Las Cuevas de San Jos\u00e9 desde Valencia<\/b><span style=\"font-weight: 400;\"> es la oportunidad perfecta para conocer el r\u00edo subterr\u00e1neo m\u00e1s largo de toda Europa, el cual tiene aproximadamente unos 2.500 metros de longitud.\u00a0<\/span><\/p>\n<p><span style=\"font-weight: 400;\">Adem\u00e1s, este paisaje natural cuenta con <\/span><b>distintos tramos de cuevas y corredores que se pueden explorar a pie o en barca.<\/b><span style=\"font-weight: 400;\">\u00a0<\/span><\/p>\n<p><span style=\"font-weight: 400;\">Podemos buscarte en el lugar m\u00e1s conveniente para ti en la ciudad de Valencia, para despu\u00e9s trasladarnos hasta Vall d&#8217;Uix\u00f3, ubicado en la Sierra de Espad\u00e1s, Castell\u00f3n.<\/span><\/p>\n<p><span style=\"font-weight: 400;\">Ser\u00e1 <\/span><b>un paseo m\u00e1gico de 4 horas<\/b><span style=\"font-weight: 400;\"> para que te conectes con una incre\u00edble gruta natural, la cual ha sido declarada Patrimonio de la Humanidad por la Unesco.\u00a0<\/span><\/p>\n<p><span style=\"font-weight: 400;\">Todo el recorrido ser\u00e1 con la compa\u00f1\u00eda de un gu\u00eda oficial privado, quien se encargar\u00e1 de detallarte toda la informaci\u00f3n relevante respecto a esta gruta tan llamativa y reconocida a nivel mundial.\u00a0<\/span><\/p>\n<p><span style=\"font-weight: 400;\">Una vez que finalice la excursi\u00f3n, regresaremos a Valencia para dejarte en el lugar que sea m\u00e1s c\u00f3modo y conveniente para ti.\u00a0<\/span><\/p>\n<p><span style=\"font-weight: 400;\">Sabemos que en esta aventura te sentir\u00e1s como el famoso Julio Verne: \u201ccomo en un viaje directo al centro de la Tierra\u201d.\u00a0<\/span><\/p>\n<p>&nbsp;<\/p>\n<h2><b>Puntos de inter\u00e9s del tour privado<\/b><\/h2>\n<p><span style=\"font-weight: 400;\">Al menos unas 200.000 personas al a\u00f1o visitan las Cuevas de San Jos\u00e9. Si quieres formar parte de esta gran aventura, este tour es ideal para que explores esta cadena de grutas que se ha declarado como una gran joya mundial.\u00a0<\/span><\/p>\n<p><span style=\"font-weight: 400;\">Saldremos a la hora acordada para llegar directo a Castell\u00f3n.\u00a0<\/span><\/p>\n<p><span style=\"font-weight: 400;\">Una vez all\u00ed, conocer\u00e1s <\/span><b>la entrada de la gruta de San Jos\u00e9<\/b><span style=\"font-weight: 400;\">, en la cual a\u00fan se conservan algunas manifestaciones de pintura rupestre, las cuales, seg\u00fan los historiadores, tienen m\u00e1s de 15.000 a\u00f1os de antig\u00fcedad.\u00a0<\/span><\/p>\n<p><span style=\"font-weight: 400;\">Luego, iniciamos el paseo en la cueva, puesto que <\/span><b>nuestro tour incluye entradas exclusivas a la gruta<\/b><span style=\"font-weight: 400;\">. Una vez adentro, podr\u00e1s recorrer una galer\u00eda de t\u00faneles naturales de al menos unos 2 kil\u00f3metros de longitud.\u00a0<\/span><\/p>\n<p><span style=\"font-weight: 400;\">Otro de los puntos llamativos del recorrido es el paseo por las galer\u00edas a pie, ya que existe un corredor seco que se puede caminar para ver m\u00e1s de cerca toda la estructura de la cueva.\u00a0<\/span><\/p>\n<p><span style=\"font-weight: 400;\">Dentro de las grutas que recorrer\u00e1n en la excursi\u00f3n guiada se encuentran las siguientes:\u00a0<\/span><\/p>\n<ul>\n<li aria-level=\"1\"><b>El Lago de la Diana.<\/b><\/li>\n<\/ul>\n<ul>\n<li aria-level=\"1\"><b>La Catedral.\u00a0<\/b><\/li>\n<\/ul>\n<ul>\n<li aria-level=\"1\"><b>La Sala de los Murci\u00e9lagos.<\/b><\/li>\n<\/ul>\n<ul>\n<li aria-level=\"1\"><b>La Galer\u00eda de los Sifones.<\/b><\/li>\n<\/ul>\n<ul>\n<li aria-level=\"1\"><b>Boca del Forn, entre otras.\u00a0<\/b><\/li>\n<\/ul>\n<p><span style=\"font-weight: 400;\">Tambi\u00e9n, tendr\u00e1s la oportunidad de ver las distintas formaciones rocosas de la cueva, dentro de las que destacan el Portal de Bel\u00e9n, la Medusa y la Cascada de la Flor.\u00a0<\/span><\/p>\n<p><span style=\"font-weight: 400;\">Conocer\u00e1s todas las caracter\u00edsticas de las Cuevas de San Jos\u00e9, ya que el gu\u00eda privado te contar\u00e1 sobre los or\u00edgenes y la evoluci\u00f3n de esta gruta a lo largo de los a\u00f1os.\u00a0\u00a0<\/span><\/p>\n<p><span style=\"font-weight: 400;\">Es seguro que te vas a impresionar con la belleza natural de esta formaci\u00f3n rocosa, cuya temperatura durante todo el a\u00f1o es de unos 20 \u00b0 C.\u00a0<\/span><\/p>\n<p><span style=\"font-weight: 400;\">Adem\u00e1s, en las afueras de la gruta de San Jos\u00e9 est\u00e1 un hermoso parque infantil, el cual es perfecto para disfrutar con la familia.\u00a0<\/span><\/p>\n<p><span style=\"font-weight: 400;\">Este tour guiado de 4 horas incluye el traslado de regreso hasta Valencia para dejarte en el punto de encuentro m\u00e1s c\u00f3modo.\u00a0<\/span><\/p>\n<p><span style=\"font-weight: 400;\">Si quieres que tu experiencia por la comunidad valenciana sea a\u00fan m\u00e1s placentera, te sugerimos que tomes nuestro <\/span><b>tour privado de Morella y Pe\u00f1\u00edscola desde Valencia<\/b> <span style=\"font-weight: 400;\">para que conozcas dos de los pueblos m\u00e1s bonitos de Espa\u00f1a.\u00a0<\/span><\/p>\n","protected":false},"excerpt":{"rendered":"<table>\n<tbody>\n<tr>\n<td><span style=\"font-weight: 400;\">An\u00edmate a un viaje por las magn\u00edficas Cuevas de San Jos\u00e9 en un tour privado y personalizado con traslado desde Valencia. En esta excursi\u00f3n nos trasladaremos en un c\u00f3modo coche de lujo junto con la compa\u00f1\u00eda de un gu\u00eda privado, quien te dar\u00e1 todos los detalles que necesites para aprovechar al m\u00e1ximo tu paseo. Y, por si fuera poco, tambi\u00e9n ganar\u00e1s entradas exclusivas para las cuevas desde nuestro tour.\u00a0<\/span><\/td>\n<\/tr>\n<\/tbody>\n<\/table>\n","protected":false},"featured_media":119600,"comment_status":"open","ping_status":"closed","template":"","meta":{"_acf_changed":false},"product_brand":[],"product_cat":[321,322,324],"product_tag":[],"class_list":{"0":"post-119029","1":"product","2":"type-product","3":"status-publish","4":"has-post-thumbnail","6":"product_cat-valencia-es","7":"product_cat-valencia-actividades-es","8":"product_cat-valencia-rutas-turisticas-privadas-es","10":"first","11":"instock","12":"shipping-taxable","13":"purchasable","14":"product-type-simple"},"acf":[],"yoast_head":"<!-- This site is optimized with the Yoast SEO Premium plugin v25.3.1 (Yoast SEO v25.3.1) - https:\/\/yoast.com\/wordpress\/plugins\/seo\/ -->\n<title>\u27a1\ufe0f Tour privado a las Cuevas de San Jos\u00e9 desde Valencia con gu\u00eda y coche privado incluido<\/title>\n<meta name=\"description\" content=\"Conoce las emblem\u00e1ticas Cuevas de San Jos\u00e9 y el r\u00edo subterr\u00e1neo navegable m\u00e1s largo de Europa en un tour privado a las Cuevas de San Jos\u00e9 desde Valencia, con traslado en coche de lujo y en compa\u00f1\u00eda de un gu\u00eda privado \u2705\" \/>\n<meta name=\"robots\" content=\"index, follow, max-snippet:-1, max-image-preview:large, max-video-preview:-1\" \/>\n<link rel=\"canonical\" href=\"https:\/\/tourtravelandmore.com\/es\/tours\/espana-es\/valencia-es\/tour-privado-a-las-cuevas-de-san-jose-desde-valencia\/\" \/>\n<meta property=\"og:locale\" content=\"es_ES\" \/>\n<meta property=\"og:type\" content=\"article\" \/>\n<meta property=\"og:title\" content=\"Tour privado a Las Cuevas de San Jos\u00e9 desde Valencia\" \/>\n<meta property=\"og:description\" content=\"Conoce las emblem\u00e1ticas Cuevas de San Jos\u00e9 y el r\u00edo subterr\u00e1neo navegable m\u00e1s largo de Europa en un tour privado a las Cuevas de San Jos\u00e9 desde Valencia, con traslado en coche de lujo y en compa\u00f1\u00eda de un gu\u00eda privado \u2705\" \/>\n<meta property=\"og:url\" content=\"https:\/\/tourtravelandmore.com\/es\/tours\/espana-es\/valencia-es\/tour-privado-a-las-cuevas-de-san-jose-desde-valencia\/\" \/>\n<meta property=\"og:site_name\" content=\"Tour Travel And More\" \/>\n<meta property=\"article:publisher\" content=\"https:\/\/www.facebook.com\/tourtravelandmore\/\" \/>\n<meta property=\"article:modified_time\" content=\"2023-02-28T06:23:00+00:00\" \/>\n<meta property=\"og:image\" content=\"https:\/\/tourtravelandmore.com\/wp-content\/uploads\/2022\/02\/16130555958122.webp\" \/>\n\t<meta property=\"og:image:width\" content=\"700\" \/>\n\t<meta property=\"og:image:height\" content=\"467\" \/>\n\t<meta property=\"og:image:type\" content=\"image\/webp\" \/>\n<meta name=\"twitter:card\" content=\"summary_large_image\" \/>\n<meta name=\"twitter:site\" content=\"@TourTravel_More\" \/>\n<meta name=\"twitter:label1\" content=\"Tiempo de lectura\" \/>\n\t<meta name=\"twitter:data1\" content=\"3 minutos\" \/>\n<script type=\"application\/ld+json\" class=\"yoast-schema-graph\">{\"@context\":\"https:\/\/schema.org\",\"@graph\":[{\"@type\":\"WebPage\",\"@id\":\"https:\/\/tourtravelandmore.com\/es\/tours\/espana-es\/valencia-es\/tour-privado-a-las-cuevas-de-san-jose-desde-valencia\/\",\"url\":\"https:\/\/tourtravelandmore.com\/es\/tours\/espana-es\/valencia-es\/tour-privado-a-las-cuevas-de-san-jose-desde-valencia\/\",\"name\":\"\u27a1\ufe0f Tour privado a las Cuevas de San Jos\u00e9 desde Valencia con gu\u00eda y coche privado incluido\",\"isPartOf\":{\"@id\":\"https:\/\/tourtravelandmore.com\/es\/#website\"},\"primaryImageOfPage\":{\"@id\":\"https:\/\/tourtravelandmore.com\/es\/tours\/espana-es\/valencia-es\/tour-privado-a-las-cuevas-de-san-jose-desde-valencia\/#primaryimage\"},\"image\":{\"@id\":\"https:\/\/tourtravelandmore.com\/es\/tours\/espana-es\/valencia-es\/tour-privado-a-las-cuevas-de-san-jose-desde-valencia\/#primaryimage\"},\"thumbnailUrl\":\"https:\/\/tourtravelandmore.com\/wp-content\/uploads\/2022\/02\/16130555958122.webp\",\"datePublished\":\"2022-02-11T09:38:04+00:00\",\"dateModified\":\"2023-02-28T06:23:00+00:00\",\"description\":\"Conoce las emblem\u00e1ticas Cuevas de San Jos\u00e9 y el r\u00edo subterr\u00e1neo navegable m\u00e1s largo de Europa en un tour privado a las Cuevas de San Jos\u00e9 desde Valencia, con traslado en coche de lujo y en compa\u00f1\u00eda de un gu\u00eda privado \u2705\",\"breadcrumb\":{\"@id\":\"https:\/\/tourtravelandmore.com\/es\/tours\/espana-es\/valencia-es\/tour-privado-a-las-cuevas-de-san-jose-desde-valencia\/#breadcrumb\"},\"inLanguage\":\"es\",\"potentialAction\":[{\"@type\":\"ReadAction\",\"target\":[\"https:\/\/tourtravelandmore.com\/es\/tours\/espana-es\/valencia-es\/tour-privado-a-las-cuevas-de-san-jose-desde-valencia\/\"]}]},{\"@type\":\"ImageObject\",\"inLanguage\":\"es\",\"@id\":\"https:\/\/tourtravelandmore.com\/es\/tours\/espana-es\/valencia-es\/tour-privado-a-las-cuevas-de-san-jose-desde-valencia\/#primaryimage\",\"url\":\"https:\/\/tourtravelandmore.com\/wp-content\/uploads\/2022\/02\/16130555958122.webp\",\"contentUrl\":\"https:\/\/tourtravelandmore.com\/wp-content\/uploads\/2022\/02\/16130555958122.webp\",\"width\":700,\"height\":467},{\"@type\":\"BreadcrumbList\",\"@id\":\"https:\/\/tourtravelandmore.com\/es\/tours\/espana-es\/valencia-es\/tour-privado-a-las-cuevas-de-san-jose-desde-valencia\/#breadcrumb\",\"itemListElement\":[{\"@type\":\"ListItem\",\"position\":1,\"name\":\"Home\",\"item\":\"https:\/\/tourtravelandmore.com\/es\/\"},{\"@type\":\"ListItem\",\"position\":2,\"name\":\"Tours\",\"item\":\"https:\/\/tourtravelandmore.com\/es\/tours\/\"},{\"@type\":\"ListItem\",\"position\":3,\"name\":\"Tour privado a Las Cuevas de San Jos\u00e9 desde Valencia\"}]},{\"@type\":\"WebSite\",\"@id\":\"https:\/\/tourtravelandmore.com\/es\/#website\",\"url\":\"https:\/\/tourtravelandmore.com\/es\/\",\"name\":\"Tour Travel And More\",\"description\":\"Private sightseeing tours and luxury transfers in Spain\",\"publisher\":{\"@id\":\"https:\/\/tourtravelandmore.com\/es\/#organization\"},\"potentialAction\":[{\"@type\":\"SearchAction\",\"target\":{\"@type\":\"EntryPoint\",\"urlTemplate\":\"https:\/\/tourtravelandmore.com\/es\/?s={search_term_string}\"},\"query-input\":{\"@type\":\"PropertyValueSpecification\",\"valueRequired\":true,\"valueName\":\"search_term_string\"}}],\"inLanguage\":\"es\"},{\"@type\":\"Organization\",\"@id\":\"https:\/\/tourtravelandmore.com\/es\/#organization\",\"name\":\"Tour Travel And More\",\"url\":\"https:\/\/tourtravelandmore.com\/es\/\",\"logo\":{\"@type\":\"ImageObject\",\"inLanguage\":\"es\",\"@id\":\"https:\/\/tourtravelandmore.com\/es\/#\/schema\/logo\/image\/\",\"url\":\"https:\/\/tourtravelandmore.com\/wp-content\/uploads\/2022\/12\/cropped-logo-cabecera-new.png\",\"contentUrl\":\"https:\/\/tourtravelandmore.com\/wp-content\/uploads\/2022\/12\/cropped-logo-cabecera-new.png\",\"width\":430,\"height\":61,\"caption\":\"Tour Travel And More\"},\"image\":{\"@id\":\"https:\/\/tourtravelandmore.com\/es\/#\/schema\/logo\/image\/\"},\"sameAs\":[\"https:\/\/www.facebook.com\/tourtravelandmore\/\",\"https:\/\/x.com\/TourTravel_More\"]}]}<\/script>\n<!-- \/ Yoast SEO Premium plugin. -->","yoast_head_json":{"title":"\u27a1\ufe0f Tour privado a las Cuevas de San Jos\u00e9 desde Valencia con gu\u00eda y coche privado incluido","description":"Conoce las emblem\u00e1ticas Cuevas de San Jos\u00e9 y el r\u00edo subterr\u00e1neo navegable m\u00e1s largo de Europa en un tour privado a las Cuevas de San Jos\u00e9 desde Valencia, con traslado en coche de lujo y en compa\u00f1\u00eda de un gu\u00eda privado \u2705","robots":{"index":"index","follow":"follow","max-snippet":"max-snippet:-1","max-image-preview":"max-image-preview:large","max-video-preview":"max-video-preview:-1"},"canonical":"https:\/\/tourtravelandmore.com\/es\/tours\/espana-es\/valencia-es\/tour-privado-a-las-cuevas-de-san-jose-desde-valencia\/","og_locale":"es_ES","og_type":"article","og_title":"Tour privado a Las Cuevas de San Jos\u00e9 desde Valencia","og_description":"Conoce las emblem\u00e1ticas Cuevas de San Jos\u00e9 y el r\u00edo subterr\u00e1neo navegable m\u00e1s largo de Europa en un tour privado a las Cuevas de San Jos\u00e9 desde Valencia, con traslado en coche de lujo y en compa\u00f1\u00eda de un gu\u00eda privado \u2705","og_url":"https:\/\/tourtravelandmore.com\/es\/tours\/espana-es\/valencia-es\/tour-privado-a-las-cuevas-de-san-jose-desde-valencia\/","og_site_name":"Tour Travel And More","article_publisher":"https:\/\/www.facebook.com\/tourtravelandmore\/","article_modified_time":"2023-02-28T06:23:00+00:00","og_image":[{"width":700,"height":467,"url":"https:\/\/tourtravelandmore.com\/wp-content\/uploads\/2022\/02\/16130555958122.webp","type":"image\/webp"}],"twitter_card":"summary_large_image","twitter_site":"@TourTravel_More","twitter_misc":{"Tiempo de lectura":"3 minutos"},"schema":{"@context":"https:\/\/schema.org","@graph":[{"@type":"WebPage","@id":"https:\/\/tourtravelandmore.com\/es\/tours\/espana-es\/valencia-es\/tour-privado-a-las-cuevas-de-san-jose-desde-valencia\/","url":"https:\/\/tourtravelandmore.com\/es\/tours\/espana-es\/valencia-es\/tour-privado-a-las-cuevas-de-san-jose-desde-valencia\/","name":"\u27a1\ufe0f Tour privado a las Cuevas de San Jos\u00e9 desde Valencia con gu\u00eda y coche privado incluido","isPartOf":{"@id":"https:\/\/tourtravelandmore.com\/es\/#website"},"primaryImageOfPage":{"@id":"https:\/\/tourtravelandmore.com\/es\/tours\/espana-es\/valencia-es\/tour-privado-a-las-cuevas-de-san-jose-desde-valencia\/#primaryimage"},"image":{"@id":"https:\/\/tourtravelandmore.com\/es\/tours\/espana-es\/valencia-es\/tour-privado-a-las-cuevas-de-san-jose-desde-valencia\/#primaryimage"},"thumbnailUrl":"https:\/\/tourtravelandmore.com\/wp-content\/uploads\/2022\/02\/16130555958122.webp","datePublished":"2022-02-11T09:38:04+00:00","dateModified":"2023-02-28T06:23:00+00:00","description":"Conoce las emblem\u00e1ticas Cuevas de San Jos\u00e9 y el r\u00edo subterr\u00e1neo navegable m\u00e1s largo de Europa en un tour privado a las Cuevas de San Jos\u00e9 desde Valencia, con traslado en coche de lujo y en compa\u00f1\u00eda de un gu\u00eda privado \u2705","breadcrumb":{"@id":"https:\/\/tourtravelandmore.com\/es\/tours\/espana-es\/valencia-es\/tour-privado-a-las-cuevas-de-san-jose-desde-valencia\/#breadcrumb"},"inLanguage":"es","potentialAction":[{"@type":"ReadAction","target":["https:\/\/tourtravelandmore.com\/es\/tours\/espana-es\/valencia-es\/tour-privado-a-las-cuevas-de-san-jose-desde-valencia\/"]}]},{"@type":"ImageObject","inLanguage":"es","@id":"https:\/\/tourtravelandmore.com\/es\/tours\/espana-es\/valencia-es\/tour-privado-a-las-cuevas-de-san-jose-desde-valencia\/#primaryimage","url":"https:\/\/tourtravelandmore.com\/wp-content\/uploads\/2022\/02\/16130555958122.webp","contentUrl":"https:\/\/tourtravelandmore.com\/wp-content\/uploads\/2022\/02\/16130555958122.webp","width":700,"height":467},{"@type":"BreadcrumbList","@id":"https:\/\/tourtravelandmore.com\/es\/tours\/espana-es\/valencia-es\/tour-privado-a-las-cuevas-de-san-jose-desde-valencia\/#breadcrumb","itemListElement":[{"@type":"ListItem","position":1,"name":"Home","item":"https:\/\/tourtravelandmore.com\/es\/"},{"@type":"ListItem","position":2,"name":"Tours","item":"https:\/\/tourtravelandmore.com\/es\/tours\/"},{"@type":"ListItem","position":3,"name":"Tour privado a Las Cuevas de San Jos\u00e9 desde Valencia"}]},{"@type":"WebSite","@id":"https:\/\/tourtravelandmore.com\/es\/#website","url":"https:\/\/tourtravelandmore.com\/es\/","name":"Tour Travel And More","description":"Private sightseeing tours and luxury transfers in Spain","publisher":{"@id":"https:\/\/tourtravelandmore.com\/es\/#organization"},"potentialAction":[{"@type":"SearchAction","target":{"@type":"EntryPoint","urlTemplate":"https:\/\/tourtravelandmore.com\/es\/?s={search_term_string}"},"query-input":{"@type":"PropertyValueSpecification","valueRequired":true,"valueName":"search_term_string"}}],"inLanguage":"es"},{"@type":"Organization","@id":"https:\/\/tourtravelandmore.com\/es\/#organization","name":"Tour Travel And More","url":"https:\/\/tourtravelandmore.com\/es\/","logo":{"@type":"ImageObject","inLanguage":"es","@id":"https:\/\/tourtravelandmore.com\/es\/#\/schema\/logo\/image\/","url":"https:\/\/tourtravelandmore.com\/wp-content\/uploads\/2022\/12\/cropped-logo-cabecera-new.png","contentUrl":"https:\/\/tourtravelandmore.com\/wp-content\/uploads\/2022\/12\/cropped-logo-cabecera-new.png","width":430,"height":61,"caption":"Tour Travel And More"},"image":{"@id":"https:\/\/tourtravelandmore.com\/es\/#\/schema\/logo\/image\/"},"sameAs":["https:\/\/www.facebook.com\/tourtravelandmore\/","https:\/\/x.com\/TourTravel_More"]}]}},"_links":{"self":[{"href":"https:\/\/tourtravelandmore.com\/es\/wp-json\/wp\/v2\/product\/119029","targetHints":{"allow":["GET"]}}],"collection":[{"href":"https:\/\/tourtravelandmore.com\/es\/wp-json\/wp\/v2\/product"}],"about":[{"href":"https:\/\/tourtravelandmore.com\/es\/wp-json\/wp\/v2\/types\/product"}],"replies":[{"embeddable":true,"href":"https:\/\/tourtravelandmore.com\/es\/wp-json\/wp\/v2\/comments?post=119029"}],"wp:featuredmedia":[{"embeddable":true,"href":"https:\/\/tourtravelandmore.com\/es\/wp-json\/wp\/v2\/media\/119600"}],"wp:attachment":[{"href":"https:\/\/tourtravelandmore.com\/es\/wp-json\/wp\/v2\/media?parent=119029"}],"wp:term":[{"taxonomy":"product_brand","embeddable":true,"href":"https:\/\/tourtravelandmore.com\/es\/wp-json\/wp\/v2\/product_brand?post=119029"},{"taxonomy":"product_cat","embeddable":true,"href":"https:\/\/tourtravelandmore.com\/es\/wp-json\/wp\/v2\/product_cat?post=119029"},{"taxonomy":"product_tag","embeddable":true,"href":"https:\/\/tourtravelandmore.com\/es\/wp-json\/wp\/v2\/product_tag?post=119029"}],"curies":[{"name":"wp","href":"https:\/\/api.w.org\/{rel}","templated":true}]}}