{"id":118936,"date":"2022-02-10T17:52:11","date_gmt":"2022-02-10T16:52:12","guid":{"rendered":"https:\/\/tourtravelandmore.com\/?post_type=product&#038;p=118936"},"modified":"2023-02-28T07:21:47","modified_gmt":"2023-02-28T06:21:47","slug":"tour-privado-a-morella-desde-valencia","status":"publish","type":"product","link":"https:\/\/tourtravelandmore.com\/es\/tours\/espana-es\/valencia-es\/tour-privado-a-morella-desde-valencia\/","title":{"rendered":"Tour privado a Morella desde Valencia"},"content":{"rendered":"<h2><b>Descripci\u00f3n del Tour privado a Morella desde Valencia<\/b><\/h2>\n<p><span style=\"font-weight: 400;\">En la provincia de Castell\u00f3n se encuentra situado el maravilloso pueblo de Morella. Con nuestro <\/span><b>tour privado por Morella desde Valencia<\/b><span style=\"font-weight: 400;\"> vas a descubrir su famoso castillo, sus calles estrechas y sus emblem\u00e1ticas murallas.\u00a0<\/span><\/p>\n<p><span style=\"font-weight: 400;\">Esta encantadora poblaci\u00f3n medieval se encuentra en una posici\u00f3n estrat\u00e9gica, ya que est\u00e1 construida de forma vertical, lo que le otorga un encanto \u00fanico y especial.\u00a0<\/span><\/p>\n<p><span style=\"font-weight: 400;\">Te ofrecemos una <\/span><b>excursi\u00f3n guiada de 8 horas<\/b><span style=\"font-weight: 400;\"> saliendo desde Valencia. Solamente debes contarnos por cu\u00e1l lugar quieres que pasemos por ti, para iniciar el trayecto hasta la provincia de Castell\u00f3n.\u00a0<\/span><\/p>\n<p><b>El traslado lo haremos en un c\u00f3modo coche de lujo junto a un chofer privado<\/b><span style=\"font-weight: 400;\">.\u00a0<\/span><\/p>\n<p><span style=\"font-weight: 400;\">Al llegar a Morella, seguro te vas a llegar una grata sorpresa con la <\/span><b>espectacular arquitectura medieval<\/b><span style=\"font-weight: 400;\"> que envuelve cada rinc\u00f3n de la localidad.\u00a0<\/span><\/p>\n<p><span style=\"font-weight: 400;\">Esta ciudad fue la predilecta de los reyes de Arag\u00f3n. Por eso, te vas a impresionar con los tejados de color terracota, las encaladas y todas las antiguas casas de piedra que conforman la ciudad.\u00a0<\/span><\/p>\n<p><span style=\"font-weight: 400;\">A medida que transcurra el recorrido, <\/span><b>el gu\u00eda privado te dar\u00e1 toda la informaci\u00f3n hist\u00f3rica y cultural<\/b><span style=\"font-weight: 400;\"> de los distintos edificios, sitios y monumentos m\u00e1s importantes que visites.\u00a0<\/span><\/p>\n<p><span style=\"font-weight: 400;\">Vas a conocer la incre\u00edble muralla de m\u00e1s de 2.500 metros de longitud, el Castillo de Morella, la Bas\u00edlica de Santa Mar\u00eda la Mayor, el casco hist\u00f3rico, las torres de Morella, el acueducto, entre muchos otros lugares de impactante belleza.\u00a0<\/span><\/p>\n<p><span style=\"font-weight: 400;\">Al terminar el recorrido, te llevaremos de vuelta a Valencia para dejarte en el punto c\u00e9ntrico de la ciudad que sea m\u00e1s c\u00f3modo para ti.\u00a0<\/span><\/p>\n<h2><span style=\"color: #d3af37;\"><b>Puntos de inter\u00e9s del tour privado<\/b><\/span><\/h2>\n<p><span style=\"font-weight: 400;\">Majestuosa y magn\u00edfica ser\u00edan dos palabras que describen perfectamente a la ciudad de Morella. En este tour privado por Morella desde Valencia vas a explorar cada rinc\u00f3n de <\/span><b>uno de los pueblos m\u00e1s bonitos de toda Espa\u00f1a.\u00a0<\/b><\/p>\n<p><span style=\"font-weight: 400;\">Saldremos desde el punto de encuentro para descubrir los siguientes puntos de inter\u00e9s:\u00a0<\/span><\/p>\n<h3><span style=\"color: #d3af37;\"><b>El Castillo de Morella\u00a0<\/b><\/span><\/h3>\n<p><span style=\"font-weight: 400;\">Situado en la cima de la ciudad, el Castillo de Morella es una joya imprescindible que debes conocer.\u00a0<\/span><\/p>\n<p><span style=\"font-weight: 400;\">Fue una de las construcciones m\u00e1s importantes para la corona de Arag\u00f3n. Aunque tambi\u00e9n se han encontrado en el lugar restos arqueol\u00f3gicos del neol\u00edtico, as\u00ed como distintas influencias arqueol\u00f3gicas dejadas por los \u00e1rabes y los cristianos.\u00a0<\/span><\/p>\n<p><span style=\"font-weight: 400;\">La puerta principal de esta imponente construcci\u00f3n se encuentra en el Convento de San Francisco, el cual fue la sede del famoso Cisma de 1414.<\/span><\/p>\n<p><span style=\"font-weight: 400;\">Indudablemente, visitar el Castillo de Morella es una de las principales atracciones en esta excursi\u00f3n guiada.\u00a0<\/span><\/p>\n<h3><span style=\"color: #d3af37;\"><b>La Bas\u00edlica de Santa Mar\u00eda la Mayor de Morella\u00a0<\/b><\/span><\/h3>\n<p><span style=\"font-weight: 400;\">Otro de los edificios que debes visitar en Morella es la Bas\u00edlica de Santa Mar\u00eda la Mayor. Se trata de una construcci\u00f3n g\u00f3tica con toques renacentistas. Lo que le da una imagen sorprendente a cada rinc\u00f3n de la edificaci\u00f3n.\u00a0<\/span><\/p>\n<p><span style=\"font-weight: 400;\">El interior de la Bas\u00edlica est\u00e1 compuesto por tres naves centrales y una imponente escalera que lleva hasta el coro y hasta el altar mayor.\u00a0<\/span><\/p>\n<h3><span style=\"color: #d3af37;\"><b>El casco hist\u00f3rico de la ciudad de Morella\u00a0<\/b><\/span><\/h3>\n<p><span style=\"font-weight: 400;\">Este tour est\u00e1 planificado para que recorras de una manera personalizada todos los puntos simb\u00f3licos de la ciudad. Por eso, te llevaremos hasta el centro de Morella, un lugar lleno de historia y tradici\u00f3n.<\/span><\/p>\n<p><span style=\"font-weight: 400;\">En este sitio se ubican distintos edificios de gran valor hist\u00f3rico y cultural como el Ayuntamiento, la antigua prisi\u00f3n, el jard\u00edn de los poetas y muchos m\u00e1s.\u00a0<\/span><\/p>\n<p><b>Unos imprescindibles que conocer en Morella, las murallas y las antiguas puertas\u00a0<\/b><\/p>\n<p><span style=\"font-weight: 400;\">Algo que destaca a Morella es que se encuentra rodeada por una extensa muralla medieval que serv\u00eda como protecci\u00f3n y resguardo para la ciudad.\u00a0<\/span><\/p>\n<p><span style=\"font-weight: 400;\">En estas murallas de m\u00e1s de 2 kil\u00f3metros de largo se encuentran las antiguas puertas de acceso a Morella, en donde la m\u00e1s popular es la Puerta de San Miguel.\u00a0<\/span><\/p>\n<p><span style=\"font-weight: 400;\">Adem\u00e1s de todos estos magn\u00edficos lugares que te mencionamos, en nuestro tour privado a Morella desde Valencia tambi\u00e9n conocer\u00e1s:\u00a0<\/span><\/p>\n<ul>\n<li><b>El acueducto de Santa Luc\u00eda<\/b><\/li>\n<li><b>Portal de la Nevera<\/b><\/li>\n<li><b>La calle Blasco de Alag\u00f3n<\/b><\/li>\n<li><b>Torre del Consell<\/b><\/li>\n<li><b>Y otros puntos de inter\u00e9s.<\/b><\/li>\n<\/ul>\n<p><span style=\"font-weight: 400;\">Al concluir el paseo, regresaremos hasta Valencia para dejarte en el punto acordado para que descanses y sigas con tu paseo por la provincia valenciana.\u00a0<\/span><\/p>\n<p><span style=\"font-weight: 400;\">Es bueno que apartes unas horas de tu itinerario de viaje para que disfrutes de un <\/span><b>tour privado de Vi\u00f1edos desde Valencia y Cata de Vinos<\/b><span style=\"font-weight: 400;\">.<\/span><\/p>\n","protected":false},"excerpt":{"rendered":"<p><span style=\"font-weight: 400;\">Uno de los pueblos m\u00e1s bonitos de Espa\u00f1a, Morella, te espera para que lo explores en este tour privado desde Valencia. Es un paseo ideal para escapar del estr\u00e9s de la ciudad y para conectar con un hermoso pueblo medieval lleno de historia, cultura y tradici\u00f3n. El viaje lo har\u00e1s en un c\u00f3modo coche privado y con un gu\u00eda oficial para que no pierdas detalles de la excursi\u00f3n. <\/span><\/p>\n","protected":false},"featured_media":119615,"comment_status":"open","ping_status":"closed","template":"","meta":{"_acf_changed":false},"product_brand":[],"product_cat":[321,322,324],"product_tag":[],"class_list":{"0":"post-118936","1":"product","2":"type-product","3":"status-publish","4":"has-post-thumbnail","6":"product_cat-valencia-es","7":"product_cat-valencia-actividades-es","8":"product_cat-valencia-rutas-turisticas-privadas-es","10":"first","11":"instock","12":"shipping-taxable","13":"purchasable","14":"product-type-simple"},"acf":[],"yoast_head":"<!-- This site is optimized with the Yoast SEO Premium plugin v25.3.1 (Yoast SEO v25.3.1) - https:\/\/yoast.com\/wordpress\/plugins\/seo\/ -->\n<title>\u27a1\ufe0f Tour privado a Morella desde Valencia con gu\u00eda y coche privado incluido | Tour Travel &amp; More<\/title>\n<meta name=\"description\" content=\"Conoce a Morella, uno de los pueblos m\u00e1s bonitos de Castell\u00f3n para que explores su incre\u00edble arquitectura medieval y descubras toda la influencia que dejaron en sus calles los templarios, los musulmanes y los cristianos \u2705\" \/>\n<meta name=\"robots\" content=\"index, follow, max-snippet:-1, max-image-preview:large, max-video-preview:-1\" \/>\n<link rel=\"canonical\" href=\"https:\/\/tourtravelandmore.com\/es\/tours\/espana-es\/valencia-es\/tour-privado-a-morella-desde-valencia\/\" \/>\n<meta property=\"og:locale\" content=\"es_ES\" \/>\n<meta property=\"og:type\" content=\"article\" \/>\n<meta property=\"og:title\" content=\"Tour privado a Morella desde Valencia\" \/>\n<meta property=\"og:description\" content=\"Conoce a Morella, uno de los pueblos m\u00e1s bonitos de Castell\u00f3n para que explores su incre\u00edble arquitectura medieval y descubras toda la influencia que dejaron en sus calles los templarios, los musulmanes y los cristianos \u2705\" \/>\n<meta property=\"og:url\" content=\"https:\/\/tourtravelandmore.com\/es\/tours\/espana-es\/valencia-es\/tour-privado-a-morella-desde-valencia\/\" \/>\n<meta property=\"og:site_name\" content=\"Tour Travel And More\" \/>\n<meta property=\"article:publisher\" content=\"https:\/\/www.facebook.com\/tourtravelandmore\/\" \/>\n<meta property=\"article:modified_time\" content=\"2023-02-28T06:21:47+00:00\" \/>\n<meta property=\"og:image\" content=\"https:\/\/tourtravelandmore.com\/wp-content\/uploads\/2022\/02\/FKLAmC7X0AUZSy1-1.jpg\" \/>\n\t<meta property=\"og:image:width\" content=\"1240\" \/>\n\t<meta property=\"og:image:height\" content=\"744\" \/>\n\t<meta property=\"og:image:type\" content=\"image\/jpeg\" \/>\n<meta name=\"twitter:card\" content=\"summary_large_image\" \/>\n<meta name=\"twitter:site\" content=\"@TourTravel_More\" \/>\n<meta name=\"twitter:label1\" content=\"Tiempo de lectura\" \/>\n\t<meta name=\"twitter:data1\" content=\"4 minutos\" \/>\n<script type=\"application\/ld+json\" class=\"yoast-schema-graph\">{\"@context\":\"https:\/\/schema.org\",\"@graph\":[{\"@type\":\"WebPage\",\"@id\":\"https:\/\/tourtravelandmore.com\/es\/tours\/espana-es\/valencia-es\/tour-privado-a-morella-desde-valencia\/\",\"url\":\"https:\/\/tourtravelandmore.com\/es\/tours\/espana-es\/valencia-es\/tour-privado-a-morella-desde-valencia\/\",\"name\":\"\u27a1\ufe0f Tour privado a Morella desde Valencia con gu\u00eda y coche privado incluido | Tour Travel & More\",\"isPartOf\":{\"@id\":\"https:\/\/tourtravelandmore.com\/es\/#website\"},\"primaryImageOfPage\":{\"@id\":\"https:\/\/tourtravelandmore.com\/es\/tours\/espana-es\/valencia-es\/tour-privado-a-morella-desde-valencia\/#primaryimage\"},\"image\":{\"@id\":\"https:\/\/tourtravelandmore.com\/es\/tours\/espana-es\/valencia-es\/tour-privado-a-morella-desde-valencia\/#primaryimage\"},\"thumbnailUrl\":\"https:\/\/tourtravelandmore.com\/wp-content\/uploads\/2022\/02\/FKLAmC7X0AUZSy1-1.jpg\",\"datePublished\":\"2022-02-10T16:52:12+00:00\",\"dateModified\":\"2023-02-28T06:21:47+00:00\",\"description\":\"Conoce a Morella, uno de los pueblos m\u00e1s bonitos de Castell\u00f3n para que explores su incre\u00edble arquitectura medieval y descubras toda la influencia que dejaron en sus calles los templarios, los musulmanes y los cristianos \u2705\",\"breadcrumb\":{\"@id\":\"https:\/\/tourtravelandmore.com\/es\/tours\/espana-es\/valencia-es\/tour-privado-a-morella-desde-valencia\/#breadcrumb\"},\"inLanguage\":\"es\",\"potentialAction\":[{\"@type\":\"ReadAction\",\"target\":[\"https:\/\/tourtravelandmore.com\/es\/tours\/espana-es\/valencia-es\/tour-privado-a-morella-desde-valencia\/\"]}]},{\"@type\":\"ImageObject\",\"inLanguage\":\"es\",\"@id\":\"https:\/\/tourtravelandmore.com\/es\/tours\/espana-es\/valencia-es\/tour-privado-a-morella-desde-valencia\/#primaryimage\",\"url\":\"https:\/\/tourtravelandmore.com\/wp-content\/uploads\/2022\/02\/FKLAmC7X0AUZSy1-1.jpg\",\"contentUrl\":\"https:\/\/tourtravelandmore.com\/wp-content\/uploads\/2022\/02\/FKLAmC7X0AUZSy1-1.jpg\",\"width\":1240,\"height\":744},{\"@type\":\"BreadcrumbList\",\"@id\":\"https:\/\/tourtravelandmore.com\/es\/tours\/espana-es\/valencia-es\/tour-privado-a-morella-desde-valencia\/#breadcrumb\",\"itemListElement\":[{\"@type\":\"ListItem\",\"position\":1,\"name\":\"Home\",\"item\":\"https:\/\/tourtravelandmore.com\/es\/\"},{\"@type\":\"ListItem\",\"position\":2,\"name\":\"Tours\",\"item\":\"https:\/\/tourtravelandmore.com\/es\/tours\/\"},{\"@type\":\"ListItem\",\"position\":3,\"name\":\"Tour privado a Morella desde Valencia\"}]},{\"@type\":\"WebSite\",\"@id\":\"https:\/\/tourtravelandmore.com\/es\/#website\",\"url\":\"https:\/\/tourtravelandmore.com\/es\/\",\"name\":\"Tour Travel And More\",\"description\":\"Private sightseeing tours and luxury transfers in Spain\",\"publisher\":{\"@id\":\"https:\/\/tourtravelandmore.com\/es\/#organization\"},\"potentialAction\":[{\"@type\":\"SearchAction\",\"target\":{\"@type\":\"EntryPoint\",\"urlTemplate\":\"https:\/\/tourtravelandmore.com\/es\/?s={search_term_string}\"},\"query-input\":{\"@type\":\"PropertyValueSpecification\",\"valueRequired\":true,\"valueName\":\"search_term_string\"}}],\"inLanguage\":\"es\"},{\"@type\":\"Organization\",\"@id\":\"https:\/\/tourtravelandmore.com\/es\/#organization\",\"name\":\"Tour Travel And More\",\"url\":\"https:\/\/tourtravelandmore.com\/es\/\",\"logo\":{\"@type\":\"ImageObject\",\"inLanguage\":\"es\",\"@id\":\"https:\/\/tourtravelandmore.com\/es\/#\/schema\/logo\/image\/\",\"url\":\"https:\/\/tourtravelandmore.com\/wp-content\/uploads\/2022\/12\/cropped-logo-cabecera-new.png\",\"contentUrl\":\"https:\/\/tourtravelandmore.com\/wp-content\/uploads\/2022\/12\/cropped-logo-cabecera-new.png\",\"width\":430,\"height\":61,\"caption\":\"Tour Travel And More\"},\"image\":{\"@id\":\"https:\/\/tourtravelandmore.com\/es\/#\/schema\/logo\/image\/\"},\"sameAs\":[\"https:\/\/www.facebook.com\/tourtravelandmore\/\",\"https:\/\/x.com\/TourTravel_More\"]}]}<\/script>\n<!-- \/ Yoast SEO Premium plugin. -->","yoast_head_json":{"title":"\u27a1\ufe0f Tour privado a Morella desde Valencia con gu\u00eda y coche privado incluido | Tour Travel & More","description":"Conoce a Morella, uno de los pueblos m\u00e1s bonitos de Castell\u00f3n para que explores su incre\u00edble arquitectura medieval y descubras toda la influencia que dejaron en sus calles los templarios, los musulmanes y los cristianos \u2705","robots":{"index":"index","follow":"follow","max-snippet":"max-snippet:-1","max-image-preview":"max-image-preview:large","max-video-preview":"max-video-preview:-1"},"canonical":"https:\/\/tourtravelandmore.com\/es\/tours\/espana-es\/valencia-es\/tour-privado-a-morella-desde-valencia\/","og_locale":"es_ES","og_type":"article","og_title":"Tour privado a Morella desde Valencia","og_description":"Conoce a Morella, uno de los pueblos m\u00e1s bonitos de Castell\u00f3n para que explores su incre\u00edble arquitectura medieval y descubras toda la influencia que dejaron en sus calles los templarios, los musulmanes y los cristianos \u2705","og_url":"https:\/\/tourtravelandmore.com\/es\/tours\/espana-es\/valencia-es\/tour-privado-a-morella-desde-valencia\/","og_site_name":"Tour Travel And More","article_publisher":"https:\/\/www.facebook.com\/tourtravelandmore\/","article_modified_time":"2023-02-28T06:21:47+00:00","og_image":[{"width":1240,"height":744,"url":"https:\/\/tourtravelandmore.com\/wp-content\/uploads\/2022\/02\/FKLAmC7X0AUZSy1-1.jpg","type":"image\/jpeg"}],"twitter_card":"summary_large_image","twitter_site":"@TourTravel_More","twitter_misc":{"Tiempo de lectura":"4 minutos"},"schema":{"@context":"https:\/\/schema.org","@graph":[{"@type":"WebPage","@id":"https:\/\/tourtravelandmore.com\/es\/tours\/espana-es\/valencia-es\/tour-privado-a-morella-desde-valencia\/","url":"https:\/\/tourtravelandmore.com\/es\/tours\/espana-es\/valencia-es\/tour-privado-a-morella-desde-valencia\/","name":"\u27a1\ufe0f Tour privado a Morella desde Valencia con gu\u00eda y coche privado incluido | Tour Travel & More","isPartOf":{"@id":"https:\/\/tourtravelandmore.com\/es\/#website"},"primaryImageOfPage":{"@id":"https:\/\/tourtravelandmore.com\/es\/tours\/espana-es\/valencia-es\/tour-privado-a-morella-desde-valencia\/#primaryimage"},"image":{"@id":"https:\/\/tourtravelandmore.com\/es\/tours\/espana-es\/valencia-es\/tour-privado-a-morella-desde-valencia\/#primaryimage"},"thumbnailUrl":"https:\/\/tourtravelandmore.com\/wp-content\/uploads\/2022\/02\/FKLAmC7X0AUZSy1-1.jpg","datePublished":"2022-02-10T16:52:12+00:00","dateModified":"2023-02-28T06:21:47+00:00","description":"Conoce a Morella, uno de los pueblos m\u00e1s bonitos de Castell\u00f3n para que explores su incre\u00edble arquitectura medieval y descubras toda la influencia que dejaron en sus calles los templarios, los musulmanes y los cristianos \u2705","breadcrumb":{"@id":"https:\/\/tourtravelandmore.com\/es\/tours\/espana-es\/valencia-es\/tour-privado-a-morella-desde-valencia\/#breadcrumb"},"inLanguage":"es","potentialAction":[{"@type":"ReadAction","target":["https:\/\/tourtravelandmore.com\/es\/tours\/espana-es\/valencia-es\/tour-privado-a-morella-desde-valencia\/"]}]},{"@type":"ImageObject","inLanguage":"es","@id":"https:\/\/tourtravelandmore.com\/es\/tours\/espana-es\/valencia-es\/tour-privado-a-morella-desde-valencia\/#primaryimage","url":"https:\/\/tourtravelandmore.com\/wp-content\/uploads\/2022\/02\/FKLAmC7X0AUZSy1-1.jpg","contentUrl":"https:\/\/tourtravelandmore.com\/wp-content\/uploads\/2022\/02\/FKLAmC7X0AUZSy1-1.jpg","width":1240,"height":744},{"@type":"BreadcrumbList","@id":"https:\/\/tourtravelandmore.com\/es\/tours\/espana-es\/valencia-es\/tour-privado-a-morella-desde-valencia\/#breadcrumb","itemListElement":[{"@type":"ListItem","position":1,"name":"Home","item":"https:\/\/tourtravelandmore.com\/es\/"},{"@type":"ListItem","position":2,"name":"Tours","item":"https:\/\/tourtravelandmore.com\/es\/tours\/"},{"@type":"ListItem","position":3,"name":"Tour privado a Morella desde Valencia"}]},{"@type":"WebSite","@id":"https:\/\/tourtravelandmore.com\/es\/#website","url":"https:\/\/tourtravelandmore.com\/es\/","name":"Tour Travel And More","description":"Private sightseeing tours and luxury transfers in Spain","publisher":{"@id":"https:\/\/tourtravelandmore.com\/es\/#organization"},"potentialAction":[{"@type":"SearchAction","target":{"@type":"EntryPoint","urlTemplate":"https:\/\/tourtravelandmore.com\/es\/?s={search_term_string}"},"query-input":{"@type":"PropertyValueSpecification","valueRequired":true,"valueName":"search_term_string"}}],"inLanguage":"es"},{"@type":"Organization","@id":"https:\/\/tourtravelandmore.com\/es\/#organization","name":"Tour Travel And More","url":"https:\/\/tourtravelandmore.com\/es\/","logo":{"@type":"ImageObject","inLanguage":"es","@id":"https:\/\/tourtravelandmore.com\/es\/#\/schema\/logo\/image\/","url":"https:\/\/tourtravelandmore.com\/wp-content\/uploads\/2022\/12\/cropped-logo-cabecera-new.png","contentUrl":"https:\/\/tourtravelandmore.com\/wp-content\/uploads\/2022\/12\/cropped-logo-cabecera-new.png","width":430,"height":61,"caption":"Tour Travel And More"},"image":{"@id":"https:\/\/tourtravelandmore.com\/es\/#\/schema\/logo\/image\/"},"sameAs":["https:\/\/www.facebook.com\/tourtravelandmore\/","https:\/\/x.com\/TourTravel_More"]}]}},"_links":{"self":[{"href":"https:\/\/tourtravelandmore.com\/es\/wp-json\/wp\/v2\/product\/118936","targetHints":{"allow":["GET"]}}],"collection":[{"href":"https:\/\/tourtravelandmore.com\/es\/wp-json\/wp\/v2\/product"}],"about":[{"href":"https:\/\/tourtravelandmore.com\/es\/wp-json\/wp\/v2\/types\/product"}],"replies":[{"embeddable":true,"href":"https:\/\/tourtravelandmore.com\/es\/wp-json\/wp\/v2\/comments?post=118936"}],"wp:featuredmedia":[{"embeddable":true,"href":"https:\/\/tourtravelandmore.com\/es\/wp-json\/wp\/v2\/media\/119615"}],"wp:attachment":[{"href":"https:\/\/tourtravelandmore.com\/es\/wp-json\/wp\/v2\/media?parent=118936"}],"wp:term":[{"taxonomy":"product_brand","embeddable":true,"href":"https:\/\/tourtravelandmore.com\/es\/wp-json\/wp\/v2\/product_brand?post=118936"},{"taxonomy":"product_cat","embeddable":true,"href":"https:\/\/tourtravelandmore.com\/es\/wp-json\/wp\/v2\/product_cat?post=118936"},{"taxonomy":"product_tag","embeddable":true,"href":"https:\/\/tourtravelandmore.com\/es\/wp-json\/wp\/v2\/product_tag?post=118936"}],"curies":[{"name":"wp","href":"https:\/\/api.w.org\/{rel}","templated":true}]}}