{"id":118893,"date":"2022-02-10T17:23:13","date_gmt":"2022-02-10T16:23:14","guid":{"rendered":"https:\/\/tourtravelandmore.com\/?post_type=product&#038;p=118893"},"modified":"2023-02-28T07:20:59","modified_gmt":"2023-02-28T06:20:59","slug":"tour-privado-a-pie-oceanografico-y-hemisferio-por-4-horas","status":"publish","type":"product","link":"https:\/\/tourtravelandmore.com\/es\/tours\/espana-es\/valencia-es\/tour-privado-a-pie-oceanografico-y-hemisferio-por-4-horas\/","title":{"rendered":"Tour Privado a Pie Oceanogr\u00e1fico y Hemisferio por 4 horas"},"content":{"rendered":"<h2><b>Descripci\u00f3n del Tour privado a pie Oceanogr\u00e1fico y Hemisferio por 4 horas<\/b><\/h2>\n<p><span style=\"font-weight: 400;\">Valencia es una perfecta ciudad para recorrer e ir de paseo; bien sea solo, con amigos o familiares. Una de las paradas recomendadas en la capital valenciana, sin duda, es visitar la Ciudad de las Artes y las Ciencias.\u00a0<\/span><\/p>\n<p><span style=\"font-weight: 400;\">Aprovecha <\/span><b>nuestro tour privado a pie por Oceanogr\u00e1fico y Hemisferio (4 Horas)<\/b><span style=\"font-weight: 400;\"> para explorar algunas de las construcciones m\u00e1s futuristas de toda Europa.\u00a0<\/span><\/p>\n<p><i><span style=\"font-weight: 400;\">Ciutat de les Arts i les Ci\u00e8ncies<\/span><\/i><span style=\"font-weight: 400;\"> es referencia mundial por su gran riqueza arquitect\u00f3nica. Cuenta con uno de los acuarios m\u00e1s grandes del continente y con el cine futurista m\u00e1s impresionante de Europa.\u00a0<\/span><\/p>\n<p><span style=\"font-weight: 400;\">Si quieres recorrer con calma este emblem\u00e1tico complejo, nuestro tour privado con gu\u00eda incluido es una excelente oportunidad para que explores por completo este simb\u00f3lico lugar de Valencia.\u00a0<\/span><\/p>\n<p><span style=\"font-weight: 400;\">Te daremos las <\/span><b>entradas exclusivas al Oceanogr\u00e1fico y al Hemisferio<\/b><span style=\"font-weight: 400;\">, por lo que no tendr\u00e1s que esperar o hacer filas para ingresar a los edificios.\u00a0<\/span><\/p>\n<p><span style=\"font-weight: 400;\">Vas a explorar el cine m\u00e1s moderno de Europa y disfrutar\u00e1s de proyecciones en 3D y del maravilloso planetario.\u00a0<\/span><\/p>\n<p><span style=\"font-weight: 400;\">Luego, podr\u00e1s recorrer <\/span><b>el acuario m\u00e1s grande de Europa<\/b><span style=\"font-weight: 400;\">: el Oceanogr\u00e1fico. En esta edificaci\u00f3n se encuentran m\u00e1s de 25.000 especies acu\u00e1ticas, como ping\u00fcinos, morsas, belugas, entre muchas otras.\u00a0<\/span><\/p>\n<p><span style=\"font-weight: 400;\">En la excursi\u00f3n de 4 horas vas a contar con un gu\u00eda privado para que aproveches cada minuto de este incre\u00edble paseo.\u00a0<\/span><\/p>\n<h2><span style=\"color: #d3af37;\"><b>Puntos de inter\u00e9s del tour privado<\/b><\/span><\/h2>\n<p><span style=\"font-weight: 400;\">El tour privado a pie por Oceanogr\u00e1fico y Hemisferio te dar\u00e1 dos experiencias en una, ya que, en primer lugar, te deleitar\u00e1s con la incre\u00edble arquitectura futurista de cada uno de los edificios.\u00a0<\/span><\/p>\n<p><span style=\"font-weight: 400;\">Unido a eso, puedes disfrutar de todos los atractivos que tienen estas maravillas modernas para ofrecer.<\/span><\/p>\n<h3><span style=\"color: #d3af37;\"><b>El acuario Oceanogr\u00e0fic<\/b><\/span><\/h3>\n<p><span style=\"font-weight: 400;\">Empezaremos el paseo por el Oceanogr\u00e1fico, el cual es considerado como el acuario m\u00e1s grande de todo el continente europeo.\u00a0<\/span><\/p>\n<p><span style=\"font-weight: 400;\">En el interior de la construcci\u00f3n se encuentra una incre\u00edble colecci\u00f3n de fauna acu\u00e1tica que corresponde a distintas variedades de h\u00e1bitat, como del Mediterr\u00e1neo, los oc\u00e9anos, humedales, bosques, entre muchos otros ecosistemas del mundo.\u00a0<\/span><\/p>\n<p><span style=\"font-weight: 400;\">Unas de las especies protagonistas son las ballenas belugas, ya que son las \u00fanicas en su especie que se encuentran en exhibici\u00f3n al p\u00fablico.\u00a0<\/span><\/p>\n<p><span style=\"font-weight: 400;\">Tambi\u00e9n, ver\u00e1s espect\u00e1culos con delfines, la zona de las medusas y un sinf\u00edn de peces que te maravillar\u00e1n por completo.\u00a0\u00a0<\/span><\/p>\n<p><span style=\"font-weight: 400;\">Por si fuera poco, en el Oceanogr\u00e1fico existe un restaurante submarino que sabemos te va a impresionar por su forma tan llamativa y singular.\u00a0<\/span><\/p>\n<h3><span style=\"color: #d3af37;\"><b>El Hemisf\u00e8ric<\/b><\/span><\/h3>\n<p><span style=\"font-weight: 400;\">Se trata de un espacio que abri\u00f3 sus puertas en el a\u00f1o 1998, y cuyo dise\u00f1o, con forma de ojo humano, estuvo a cargo de <\/span><b>Santiago Calatrava<\/b><span style=\"font-weight: 400;\">.\u00a0\u00a0<\/span><\/p>\n<p><span style=\"font-weight: 400;\">Esta sala de proyecci\u00f3n se considera la m\u00e1s grande de toda Europa y est\u00e1 equipada con la tecnolog\u00eda de formato Imax Dome.\u00a0<\/span><\/p>\n<p><span style=\"font-weight: 400;\">Igualmente, el Hemisf\u00e8ric tiene una pantalla c\u00f3ncava de unos 900 metros cuadrados \u00fanica en su forma y estilo.\u00a0<\/span><\/p>\n<p><span style=\"font-weight: 400;\">Indudablemente, ver cualquier tipo de proyecci\u00f3n audiovisual digital en el Hemisferio ser\u00e1 una experiencia totalmente futurista y fuera de lo com\u00fan.\u00a0<\/span><\/p>\n<p><span style=\"font-weight: 400;\">Al finalizar la excursi\u00f3n guiada, podr\u00e1s seguir con tu recorrido por Valencia, por lo cual te recomendamos que optes por nuestro <\/span><a href=\"https:\/\/tourtravelandmore.com\/es\/tours\/espana-es\/valencia-es\/tour-privado-a-pie-por-valencia\/\"><b>tour privado a pie por Valencia<\/b><\/a><span style=\"font-weight: 400;\">. De esta manera, conocer\u00e1s por completo los puntos m\u00e1s importantes de la capital valenciana.\u00a0<\/span><\/p>\n","protected":false},"excerpt":{"rendered":"<p><span style=\"font-weight: 400;\">\u00bfQuieres explorar en profundidad la Ciudad de las Artes y las Ciencias? Descubre los incre\u00edbles edificios: Oceanogr\u00e1fico y Hemisferio para admirar toda su arquitectura y singularidad en este tour privado a pie de 4 horas en compa\u00f1\u00eda de un gu\u00eda experto en arte y ciencias<\/span><\/p>\n","protected":false},"featured_media":119784,"comment_status":"open","ping_status":"closed","template":"","meta":{"_acf_changed":false},"product_brand":[],"product_cat":[321,322,324,323,325],"product_tag":[],"class_list":{"0":"post-118893","1":"product","2":"type-product","3":"status-publish","4":"has-post-thumbnail","6":"product_cat-valencia-es","7":"product_cat-valencia-actividades-es","8":"product_cat-valencia-rutas-turisticas-privadas-es","9":"product_cat-valencia-excursiones-es","10":"product_cat-valencia-tours-privados-pie-es","12":"first","13":"instock","14":"shipping-taxable","15":"purchasable","16":"product-type-simple"},"acf":[],"yoast_head":"<!-- This site is optimized with the Yoast SEO Premium plugin v25.3.1 (Yoast SEO v25.3.1) - https:\/\/yoast.com\/wordpress\/plugins\/seo\/ -->\n<title>\u27a1\ufe0f Tour privado a pie Oceanogr\u00e1fico y Hemisferio con gu\u00eda privado incluido | Tour Travel &amp; More<\/title>\n<meta name=\"description\" content=\"Conoce el Oceanogr\u00e0fic y el Hemisf\u00e8ric en una excursi\u00f3n privada a pie por la Ciudad de las Artes y las Ciencias en compa\u00f1\u00eda de un gu\u00eda oficial privado \u2705\" \/>\n<meta name=\"robots\" content=\"index, follow, max-snippet:-1, max-image-preview:large, max-video-preview:-1\" \/>\n<link rel=\"canonical\" href=\"https:\/\/tourtravelandmore.com\/es\/tours\/espana-es\/valencia-es\/tour-privado-a-pie-oceanografico-y-hemisferio-por-4-horas\/\" \/>\n<meta property=\"og:locale\" content=\"es_ES\" \/>\n<meta property=\"og:type\" content=\"article\" \/>\n<meta property=\"og:title\" content=\"Tour Privado a Pie Oceanogr\u00e1fico y Hemisferio por 4 horas\" \/>\n<meta property=\"og:description\" content=\"Conoce el Oceanogr\u00e0fic y el Hemisf\u00e8ric en una excursi\u00f3n privada a pie por la Ciudad de las Artes y las Ciencias en compa\u00f1\u00eda de un gu\u00eda oficial privado \u2705\" \/>\n<meta property=\"og:url\" content=\"https:\/\/tourtravelandmore.com\/es\/tours\/espana-es\/valencia-es\/tour-privado-a-pie-oceanografico-y-hemisferio-por-4-horas\/\" \/>\n<meta property=\"og:site_name\" content=\"Tour Travel And More\" \/>\n<meta property=\"article:publisher\" content=\"https:\/\/www.facebook.com\/tourtravelandmore\/\" \/>\n<meta property=\"article:modified_time\" content=\"2023-02-28T06:20:59+00:00\" \/>\n<meta property=\"og:image\" content=\"https:\/\/tourtravelandmore.com\/wp-content\/uploads\/2022\/02\/31604090441_fbe1ca0d62_o-1.jpg\" \/>\n\t<meta property=\"og:image:width\" content=\"1062\" \/>\n\t<meta property=\"og:image:height\" content=\"709\" \/>\n\t<meta property=\"og:image:type\" content=\"image\/jpeg\" \/>\n<meta name=\"twitter:card\" content=\"summary_large_image\" \/>\n<meta name=\"twitter:site\" content=\"@TourTravel_More\" \/>\n<meta name=\"twitter:label1\" content=\"Tiempo de lectura\" \/>\n\t<meta name=\"twitter:data1\" content=\"3 minutos\" \/>\n<script type=\"application\/ld+json\" class=\"yoast-schema-graph\">{\"@context\":\"https:\/\/schema.org\",\"@graph\":[{\"@type\":\"WebPage\",\"@id\":\"https:\/\/tourtravelandmore.com\/es\/tours\/espana-es\/valencia-es\/tour-privado-a-pie-oceanografico-y-hemisferio-por-4-horas\/\",\"url\":\"https:\/\/tourtravelandmore.com\/es\/tours\/espana-es\/valencia-es\/tour-privado-a-pie-oceanografico-y-hemisferio-por-4-horas\/\",\"name\":\"\u27a1\ufe0f Tour privado a pie Oceanogr\u00e1fico y Hemisferio con gu\u00eda privado incluido | Tour Travel & More\",\"isPartOf\":{\"@id\":\"https:\/\/tourtravelandmore.com\/es\/#website\"},\"primaryImageOfPage\":{\"@id\":\"https:\/\/tourtravelandmore.com\/es\/tours\/espana-es\/valencia-es\/tour-privado-a-pie-oceanografico-y-hemisferio-por-4-horas\/#primaryimage\"},\"image\":{\"@id\":\"https:\/\/tourtravelandmore.com\/es\/tours\/espana-es\/valencia-es\/tour-privado-a-pie-oceanografico-y-hemisferio-por-4-horas\/#primaryimage\"},\"thumbnailUrl\":\"https:\/\/tourtravelandmore.com\/wp-content\/uploads\/2022\/02\/31604090441_fbe1ca0d62_o-1.jpg\",\"datePublished\":\"2022-02-10T16:23:14+00:00\",\"dateModified\":\"2023-02-28T06:20:59+00:00\",\"description\":\"Conoce el Oceanogr\u00e0fic y el Hemisf\u00e8ric en una excursi\u00f3n privada a pie por la Ciudad de las Artes y las Ciencias en compa\u00f1\u00eda de un gu\u00eda oficial privado \u2705\",\"breadcrumb\":{\"@id\":\"https:\/\/tourtravelandmore.com\/es\/tours\/espana-es\/valencia-es\/tour-privado-a-pie-oceanografico-y-hemisferio-por-4-horas\/#breadcrumb\"},\"inLanguage\":\"es\",\"potentialAction\":[{\"@type\":\"ReadAction\",\"target\":[\"https:\/\/tourtravelandmore.com\/es\/tours\/espana-es\/valencia-es\/tour-privado-a-pie-oceanografico-y-hemisferio-por-4-horas\/\"]}]},{\"@type\":\"ImageObject\",\"inLanguage\":\"es\",\"@id\":\"https:\/\/tourtravelandmore.com\/es\/tours\/espana-es\/valencia-es\/tour-privado-a-pie-oceanografico-y-hemisferio-por-4-horas\/#primaryimage\",\"url\":\"https:\/\/tourtravelandmore.com\/wp-content\/uploads\/2022\/02\/31604090441_fbe1ca0d62_o-1.jpg\",\"contentUrl\":\"https:\/\/tourtravelandmore.com\/wp-content\/uploads\/2022\/02\/31604090441_fbe1ca0d62_o-1.jpg\",\"width\":1062,\"height\":709},{\"@type\":\"BreadcrumbList\",\"@id\":\"https:\/\/tourtravelandmore.com\/es\/tours\/espana-es\/valencia-es\/tour-privado-a-pie-oceanografico-y-hemisferio-por-4-horas\/#breadcrumb\",\"itemListElement\":[{\"@type\":\"ListItem\",\"position\":1,\"name\":\"Home\",\"item\":\"https:\/\/tourtravelandmore.com\/es\/\"},{\"@type\":\"ListItem\",\"position\":2,\"name\":\"Tours\",\"item\":\"https:\/\/tourtravelandmore.com\/es\/tours\/\"},{\"@type\":\"ListItem\",\"position\":3,\"name\":\"Tour Privado a Pie Oceanogr\u00e1fico y Hemisferio por 4 horas\"}]},{\"@type\":\"WebSite\",\"@id\":\"https:\/\/tourtravelandmore.com\/es\/#website\",\"url\":\"https:\/\/tourtravelandmore.com\/es\/\",\"name\":\"Tour Travel And More\",\"description\":\"Private sightseeing tours and luxury transfers in Spain\",\"publisher\":{\"@id\":\"https:\/\/tourtravelandmore.com\/es\/#organization\"},\"potentialAction\":[{\"@type\":\"SearchAction\",\"target\":{\"@type\":\"EntryPoint\",\"urlTemplate\":\"https:\/\/tourtravelandmore.com\/es\/?s={search_term_string}\"},\"query-input\":{\"@type\":\"PropertyValueSpecification\",\"valueRequired\":true,\"valueName\":\"search_term_string\"}}],\"inLanguage\":\"es\"},{\"@type\":\"Organization\",\"@id\":\"https:\/\/tourtravelandmore.com\/es\/#organization\",\"name\":\"Tour Travel And More\",\"url\":\"https:\/\/tourtravelandmore.com\/es\/\",\"logo\":{\"@type\":\"ImageObject\",\"inLanguage\":\"es\",\"@id\":\"https:\/\/tourtravelandmore.com\/es\/#\/schema\/logo\/image\/\",\"url\":\"https:\/\/tourtravelandmore.com\/wp-content\/uploads\/2022\/12\/cropped-logo-cabecera-new.png\",\"contentUrl\":\"https:\/\/tourtravelandmore.com\/wp-content\/uploads\/2022\/12\/cropped-logo-cabecera-new.png\",\"width\":430,\"height\":61,\"caption\":\"Tour Travel And More\"},\"image\":{\"@id\":\"https:\/\/tourtravelandmore.com\/es\/#\/schema\/logo\/image\/\"},\"sameAs\":[\"https:\/\/www.facebook.com\/tourtravelandmore\/\",\"https:\/\/x.com\/TourTravel_More\"]}]}<\/script>\n<!-- \/ Yoast SEO Premium plugin. -->","yoast_head_json":{"title":"\u27a1\ufe0f Tour privado a pie Oceanogr\u00e1fico y Hemisferio con gu\u00eda privado incluido | Tour Travel & More","description":"Conoce el Oceanogr\u00e0fic y el Hemisf\u00e8ric en una excursi\u00f3n privada a pie por la Ciudad de las Artes y las Ciencias en compa\u00f1\u00eda de un gu\u00eda oficial privado \u2705","robots":{"index":"index","follow":"follow","max-snippet":"max-snippet:-1","max-image-preview":"max-image-preview:large","max-video-preview":"max-video-preview:-1"},"canonical":"https:\/\/tourtravelandmore.com\/es\/tours\/espana-es\/valencia-es\/tour-privado-a-pie-oceanografico-y-hemisferio-por-4-horas\/","og_locale":"es_ES","og_type":"article","og_title":"Tour Privado a Pie Oceanogr\u00e1fico y Hemisferio por 4 horas","og_description":"Conoce el Oceanogr\u00e0fic y el Hemisf\u00e8ric en una excursi\u00f3n privada a pie por la Ciudad de las Artes y las Ciencias en compa\u00f1\u00eda de un gu\u00eda oficial privado \u2705","og_url":"https:\/\/tourtravelandmore.com\/es\/tours\/espana-es\/valencia-es\/tour-privado-a-pie-oceanografico-y-hemisferio-por-4-horas\/","og_site_name":"Tour Travel And More","article_publisher":"https:\/\/www.facebook.com\/tourtravelandmore\/","article_modified_time":"2023-02-28T06:20:59+00:00","og_image":[{"width":1062,"height":709,"url":"https:\/\/tourtravelandmore.com\/wp-content\/uploads\/2022\/02\/31604090441_fbe1ca0d62_o-1.jpg","type":"image\/jpeg"}],"twitter_card":"summary_large_image","twitter_site":"@TourTravel_More","twitter_misc":{"Tiempo de lectura":"3 minutos"},"schema":{"@context":"https:\/\/schema.org","@graph":[{"@type":"WebPage","@id":"https:\/\/tourtravelandmore.com\/es\/tours\/espana-es\/valencia-es\/tour-privado-a-pie-oceanografico-y-hemisferio-por-4-horas\/","url":"https:\/\/tourtravelandmore.com\/es\/tours\/espana-es\/valencia-es\/tour-privado-a-pie-oceanografico-y-hemisferio-por-4-horas\/","name":"\u27a1\ufe0f Tour privado a pie Oceanogr\u00e1fico y Hemisferio con gu\u00eda privado incluido | Tour Travel & More","isPartOf":{"@id":"https:\/\/tourtravelandmore.com\/es\/#website"},"primaryImageOfPage":{"@id":"https:\/\/tourtravelandmore.com\/es\/tours\/espana-es\/valencia-es\/tour-privado-a-pie-oceanografico-y-hemisferio-por-4-horas\/#primaryimage"},"image":{"@id":"https:\/\/tourtravelandmore.com\/es\/tours\/espana-es\/valencia-es\/tour-privado-a-pie-oceanografico-y-hemisferio-por-4-horas\/#primaryimage"},"thumbnailUrl":"https:\/\/tourtravelandmore.com\/wp-content\/uploads\/2022\/02\/31604090441_fbe1ca0d62_o-1.jpg","datePublished":"2022-02-10T16:23:14+00:00","dateModified":"2023-02-28T06:20:59+00:00","description":"Conoce el Oceanogr\u00e0fic y el Hemisf\u00e8ric en una excursi\u00f3n privada a pie por la Ciudad de las Artes y las Ciencias en compa\u00f1\u00eda de un gu\u00eda oficial privado \u2705","breadcrumb":{"@id":"https:\/\/tourtravelandmore.com\/es\/tours\/espana-es\/valencia-es\/tour-privado-a-pie-oceanografico-y-hemisferio-por-4-horas\/#breadcrumb"},"inLanguage":"es","potentialAction":[{"@type":"ReadAction","target":["https:\/\/tourtravelandmore.com\/es\/tours\/espana-es\/valencia-es\/tour-privado-a-pie-oceanografico-y-hemisferio-por-4-horas\/"]}]},{"@type":"ImageObject","inLanguage":"es","@id":"https:\/\/tourtravelandmore.com\/es\/tours\/espana-es\/valencia-es\/tour-privado-a-pie-oceanografico-y-hemisferio-por-4-horas\/#primaryimage","url":"https:\/\/tourtravelandmore.com\/wp-content\/uploads\/2022\/02\/31604090441_fbe1ca0d62_o-1.jpg","contentUrl":"https:\/\/tourtravelandmore.com\/wp-content\/uploads\/2022\/02\/31604090441_fbe1ca0d62_o-1.jpg","width":1062,"height":709},{"@type":"BreadcrumbList","@id":"https:\/\/tourtravelandmore.com\/es\/tours\/espana-es\/valencia-es\/tour-privado-a-pie-oceanografico-y-hemisferio-por-4-horas\/#breadcrumb","itemListElement":[{"@type":"ListItem","position":1,"name":"Home","item":"https:\/\/tourtravelandmore.com\/es\/"},{"@type":"ListItem","position":2,"name":"Tours","item":"https:\/\/tourtravelandmore.com\/es\/tours\/"},{"@type":"ListItem","position":3,"name":"Tour Privado a Pie Oceanogr\u00e1fico y Hemisferio por 4 horas"}]},{"@type":"WebSite","@id":"https:\/\/tourtravelandmore.com\/es\/#website","url":"https:\/\/tourtravelandmore.com\/es\/","name":"Tour Travel And More","description":"Private sightseeing tours and luxury transfers in Spain","publisher":{"@id":"https:\/\/tourtravelandmore.com\/es\/#organization"},"potentialAction":[{"@type":"SearchAction","target":{"@type":"EntryPoint","urlTemplate":"https:\/\/tourtravelandmore.com\/es\/?s={search_term_string}"},"query-input":{"@type":"PropertyValueSpecification","valueRequired":true,"valueName":"search_term_string"}}],"inLanguage":"es"},{"@type":"Organization","@id":"https:\/\/tourtravelandmore.com\/es\/#organization","name":"Tour Travel And More","url":"https:\/\/tourtravelandmore.com\/es\/","logo":{"@type":"ImageObject","inLanguage":"es","@id":"https:\/\/tourtravelandmore.com\/es\/#\/schema\/logo\/image\/","url":"https:\/\/tourtravelandmore.com\/wp-content\/uploads\/2022\/12\/cropped-logo-cabecera-new.png","contentUrl":"https:\/\/tourtravelandmore.com\/wp-content\/uploads\/2022\/12\/cropped-logo-cabecera-new.png","width":430,"height":61,"caption":"Tour Travel And More"},"image":{"@id":"https:\/\/tourtravelandmore.com\/es\/#\/schema\/logo\/image\/"},"sameAs":["https:\/\/www.facebook.com\/tourtravelandmore\/","https:\/\/x.com\/TourTravel_More"]}]}},"_links":{"self":[{"href":"https:\/\/tourtravelandmore.com\/es\/wp-json\/wp\/v2\/product\/118893","targetHints":{"allow":["GET"]}}],"collection":[{"href":"https:\/\/tourtravelandmore.com\/es\/wp-json\/wp\/v2\/product"}],"about":[{"href":"https:\/\/tourtravelandmore.com\/es\/wp-json\/wp\/v2\/types\/product"}],"replies":[{"embeddable":true,"href":"https:\/\/tourtravelandmore.com\/es\/wp-json\/wp\/v2\/comments?post=118893"}],"wp:featuredmedia":[{"embeddable":true,"href":"https:\/\/tourtravelandmore.com\/es\/wp-json\/wp\/v2\/media\/119784"}],"wp:attachment":[{"href":"https:\/\/tourtravelandmore.com\/es\/wp-json\/wp\/v2\/media?parent=118893"}],"wp:term":[{"taxonomy":"product_brand","embeddable":true,"href":"https:\/\/tourtravelandmore.com\/es\/wp-json\/wp\/v2\/product_brand?post=118893"},{"taxonomy":"product_cat","embeddable":true,"href":"https:\/\/tourtravelandmore.com\/es\/wp-json\/wp\/v2\/product_cat?post=118893"},{"taxonomy":"product_tag","embeddable":true,"href":"https:\/\/tourtravelandmore.com\/es\/wp-json\/wp\/v2\/product_tag?post=118893"}],"curies":[{"name":"wp","href":"https:\/\/api.w.org\/{rel}","templated":true}]}}