{"id":118850,"date":"2022-02-10T16:26:59","date_gmt":"2022-02-10T15:26:59","guid":{"rendered":"https:\/\/tourtravelandmore.com\/?post_type=product&#038;p=118850"},"modified":"2023-02-28T07:22:23","modified_gmt":"2023-02-28T06:22:23","slug":"tour-privado-a-la-albufera-desde-valencia","status":"publish","type":"product","link":"https:\/\/tourtravelandmore.com\/es\/tours\/espana-es\/valencia-es\/tour-privado-a-la-albufera-desde-valencia\/","title":{"rendered":"Tour privado a la Albufera desde Valencia"},"content":{"rendered":"<h2><b>Tour Privado a la Albufera desde Valencia<\/b><\/h2>\n<p><span style=\"font-weight: 400;\">El Parque Natural de la Albufera de Valencia se encuentra a s\u00f3lo 10 km de la ciudad. El lago m\u00e1s grande de Espa\u00f1a es naturaleza en estado puro, atardeceres de ensue\u00f1o, paseos en barca y desconexi\u00f3n en may\u00fasculas. Como un oasis urbano rodeado de arrozales y bosque, y nada menos que el lugar donde se invent\u00f3 la paella.<\/span><\/p>\n<p><span style=\"font-weight: 400;\">Le trasladaremos a la Albufera desde Valencia en un veh\u00edculo de lujo, y estar\u00e1 en compa\u00f1\u00eda de un gu\u00eda privado con experto conocimiento del entorno.<\/span><\/p>\n<p><span style=\"font-weight: 400;\">Un paseo en barca es la mejor forma de acercarse a la avifauna, y tambi\u00e9n de relajarse en este maravilloso entorno natural. El paseo se hace en embarcaciones artesanales llamadas albuferencs.<\/span><\/p>\n<p><span style=\"font-weight: 400;\">El principal atractivo es el gran lago de agua dulce de m\u00e1s de 2.800 hect\u00e1reas, donde se refugian aves de hasta 300 especies diferentes a lo largo de todo el a\u00f1o, sobre todo aves acu\u00e1ticas que pasan aqu\u00ed el invierno, como los flamencos. La Albufera est\u00e1 reconocida como una de las zonas h\u00famedas de importancia internacional Ramsar y como Zona de Especial Protecci\u00f3n para las Aves.<\/span><\/p>\n<p><span style=\"font-weight: 400;\">En el Centro de Interpretaci\u00f3n Rac\u00f3 de l\u2019Olla podr\u00e1s aprender m\u00e1s de la avifauna del parque, y disfrutar de ella desde sus observatorios y su torre mirador con vistas panor\u00e1micas.<\/span><\/p>\n<p><span style=\"font-weight: 400;\">En torno al lago se extiende un paisaje de marjales y arrozales, que se transforma completamente seg\u00fan el ciclo del cultivo: verde en verano, azul en invierno cuando el agua inunda los campos, y marr\u00f3n cuando la tierra queda al descubierto. Y, en la franja que lo separa del mar, un singular ecosistema de dunas naturales y bosques de pinos.\u00a0<\/span><\/p>\n<p><span style=\"font-weight: 400;\">En temporada de pesca, de octubre a abril, la lonja de pescado re\u00fane ejemplares de anguila maresa salvaje de la zona, pero tambi\u00e9n lubina, llisa y carpa.<\/span><\/p>\n<h2><span style=\"color: #d3af37;\"><b>Puntos de inter\u00e9s del Tour Privado<\/b><\/span><\/h2>\n<p><span style=\"font-weight: 400;\">El parque la Albufera o \u201cel espejo del Sol\u201d est\u00e1 muy cerca de Valencia. Por eso, en este tour privado conocer\u00e1s el coraz\u00f3n de esta reserva natural ubicada a tan solo unos 20 minutos de Valencia.\u00a0<\/span><\/p>\n<p><b>Nos encontraremos en un punto c\u00e9ntrico dentro de Valencia<\/b><span style=\"font-weight: 400;\"> para iniciar el viaje hasta la Albufera.\u00a0<\/span><\/p>\n<p><span style=\"font-weight: 400;\">Podr\u00e1s pasear por la zona protegida para las aves y en donde habitan distintas especies mediterr\u00e1neas como los hermosos flamencos.\u00a0<\/span><\/p>\n<p><span style=\"font-weight: 400;\">El gu\u00eda privado estar\u00e1 atento para ofrecerte toda la informaci\u00f3n sobre la fauna y la flora del parque y tambi\u00e9n para revelar la importancia de la Albufera como centro natural que promueve el equilibrio ecol\u00f3gico.\u00a0<\/span><\/p>\n<p><span style=\"font-weight: 400;\">Tambi\u00e9n, tendr\u00e1s la oportunidad de conocer los siguientes puntos de inter\u00e9s:\u00a0<\/span><\/p>\n<h3><span style=\"color: #d3af37;\"><b>El centro de Interpretaci\u00f3n y de atenci\u00f3n al visitante Rac\u00f3 de L\u2019Olla<\/b><\/span><\/h3>\n<p><span style=\"font-weight: 400;\">Este lugar de inicio es perfecto para que conozcas la importancia hist\u00f3rica y cultural de la Albufera.\u00a0<\/span><\/p>\n<p><span style=\"font-weight: 400;\">El centro cuenta con un espacio dedicado a la recuperaci\u00f3n de la fauna, adem\u00e1s de \u00e1reas recreativas y miradores.\u00a0<\/span><\/p>\n<h3><span style=\"color: #d3af37;\"><b>El Palmar de Albufera\u00a0<\/b><\/span><\/h3>\n<p><span style=\"font-weight: 400;\">Se trata de un pintoresco pueblo lleno de muchas tiendas, restaurantes y puestos para comprar distintos recuerdos de tu paseo por la Albufera.\u00a0<\/span><\/p>\n<p><span style=\"font-weight: 400;\">Asimismo, en el Palmar se encuentra la hermosa Iglesia del Ni\u00f1o Jes\u00fas del Huerto.\u00a0<\/span><\/p>\n<p><span style=\"font-weight: 400;\">Algunas de las cosas que hacen m\u00e1s atractiva a esta localidad, son sus plantaciones de arroz y los restaurantes especializados en paella valenciana. Por eso, este es <\/span><b>uno de los mejores sitios para ver en la Albufera valenciana.\u00a0<\/b><\/p>\n<h3><b><span style=\"color: #d3af37;\">La trilladora del Tocaio<\/span>\u00a0<\/b><\/h3>\n<p><span style=\"font-weight: 400;\">Un conjunto de edificios muy llamativo es la Trilladora del Tocaio. En este sitio se procesaba y se mol\u00eda el arroz.\u00a0<\/span><\/p>\n<p><span style=\"font-weight: 400;\">Aunque en la actualidad est\u00e1 en desuso, el Ayuntamiento hace muchos esfuerzos para recuperar esta construcci\u00f3n de gran valor hist\u00f3rico en la regi\u00f3n.\u00a0<\/span><\/p>\n<p><span style=\"font-weight: 400;\">En esa zona se encuentra un embarcadero en el que se pueden tomar las barcas para pasear por la laguna de la Albufera.\u00a0<\/span><\/p>\n<h3><span style=\"color: #d3af37;\"><b>Barraca dels Arandes<\/b><\/span><\/h3>\n<p><span style=\"font-weight: 400;\">Nuestro tour privado te va a llevar hasta la barraca m\u00e1s antigua que se encuentra en el Palmar. Esta casa hecha con ca\u00f1as de barro evoca la historia de los antiguos pobladores.\u00a0<\/span><\/p>\n<p><span style=\"font-weight: 400;\">La barraca data del siglo XIX, y es una de las pocas que quedan en pie, ya que las dem\u00e1s fueron sustituidas en el siglo XX.\u00a0<\/span><\/p>\n<h3><span style=\"color: #d3af37;\"><b>Los campos de arroz\u00a0<\/b><\/span><\/h3>\n<p><span style=\"font-weight: 400;\">La plantaci\u00f3n y comercializaci\u00f3n del arroz es uno de los pilares fundamentales de la econom\u00eda valenciana.<\/span><\/p>\n<p><span style=\"font-weight: 400;\">Durante la visita ver\u00e1s extensos campos de arroz que te llamar\u00e1n la atenci\u00f3n por lo incre\u00edble de su extensi\u00f3n. Hasta es posible que encuentres a los pobladores locales en plena jornada de siembra y recolecci\u00f3n.\u00a0<\/span><\/p>\n<h3><span style=\"color: #d3af37;\"><b>Paseo en barca por la Albufera\u00a0<\/b><\/span><\/h3>\n<p><span style=\"font-weight: 400;\">Sin dudas, este es uno de los mejores momentos que vas a vivir en nuestro tour privado a la Albufera desde Valencia.\u00a0<\/span><\/p>\n<p><b>Podr\u00e1s embarcar en una t\u00edpica \u201c<\/b><b><i>albuferenc<\/i><\/b><b>s<\/b><span style=\"font-weight: 400;\">\u201d, para dar un extenso recorrido por los canales y por el lago de la Albufera. En el paseo <\/span><b>ver\u00e1s muchas piscifactor\u00edas<\/b><span style=\"font-weight: 400;\">, de las cuales la mayor\u00eda se dedican a la cr\u00eda de anguilas.\u00a0<\/span><\/p>\n<p><span style=\"font-weight: 400;\">Tambi\u00e9n conocer\u00e1s Tancat de la Pipa, el Puerto de Catarroja, entre otros lugares m\u00e1s.<\/span><\/p>\n<p><span style=\"font-weight: 400;\">Al finalizar la excursi\u00f3n guiada, regresaremos a Valencia para dejarte en el punto que m\u00e1s te convenga.\u00a0<\/span><\/p>\n<p><span style=\"font-weight: 400;\">Otra de las excursiones que te recomendamos tomar durante tu paseo por Valencia es el <\/span><b>tour privado a Las Cuevas de San Jos\u00e9 desde Valencia. <\/b><\/p>\n","protected":false},"excerpt":{"rendered":"<p><span style=\"font-weight: 400;\">Esc\u00e1pese de Valencia a la belleza natural y la tranquilidad de la laguna y Parque Natural de la Albufera. Cuente con la comodidad de un veh\u00edculo privado de lujo y el asesoramiento de un gu\u00eda privado durante todo el recorrido, y disfrute de un agradable paseo en barco.<\/span><\/p>\n","protected":false},"featured_media":119625,"comment_status":"open","ping_status":"closed","template":"","meta":{"_acf_changed":false},"product_brand":[],"product_cat":[321,322,324],"product_tag":[],"class_list":{"0":"post-118850","1":"product","2":"type-product","3":"status-publish","4":"has-post-thumbnail","6":"product_cat-valencia-es","7":"product_cat-valencia-actividades-es","8":"product_cat-valencia-rutas-turisticas-privadas-es","10":"first","11":"instock","12":"shipping-taxable","13":"purchasable","14":"product-type-simple"},"acf":[],"yoast_head":"<!-- This site is optimized with the Yoast SEO Premium plugin v25.3.1 (Yoast SEO v25.3.1) - https:\/\/yoast.com\/wordpress\/plugins\/seo\/ -->\n<title>\u27a1\ufe0f Tour privado a la Albufera desde Valencia con gu\u00eda y coche privado incluido | Tour Travel &amp; More<\/title>\n<meta name=\"description\" content=\"Excursi\u00f3n privada a la Albufera desde Valencia para que explores esta maravilla ecol\u00f3gica ubicada a solo unos 10 km de la capital valenciana \u2705\" \/>\n<meta name=\"robots\" content=\"index, follow, max-snippet:-1, max-image-preview:large, max-video-preview:-1\" \/>\n<link rel=\"canonical\" href=\"https:\/\/tourtravelandmore.com\/es\/tours\/espana-es\/valencia-es\/tour-privado-a-la-albufera-desde-valencia\/\" \/>\n<meta property=\"og:locale\" content=\"es_ES\" \/>\n<meta property=\"og:type\" content=\"article\" \/>\n<meta property=\"og:title\" content=\"Tour privado a la Albufera desde Valencia\" \/>\n<meta property=\"og:description\" content=\"Excursi\u00f3n privada a la Albufera desde Valencia para que explores esta maravilla ecol\u00f3gica ubicada a solo unos 10 km de la capital valenciana \u2705\" \/>\n<meta property=\"og:url\" content=\"https:\/\/tourtravelandmore.com\/es\/tours\/espana-es\/valencia-es\/tour-privado-a-la-albufera-desde-valencia\/\" \/>\n<meta property=\"og:site_name\" content=\"Tour Travel And More\" \/>\n<meta property=\"article:publisher\" content=\"https:\/\/www.facebook.com\/tourtravelandmore\/\" \/>\n<meta property=\"article:modified_time\" content=\"2023-02-28T06:22:23+00:00\" \/>\n<meta property=\"og:image\" content=\"https:\/\/tourtravelandmore.com\/wp-content\/uploads\/2022\/02\/pexels-manuel-torres-garcia-6320539.jpg\" \/>\n\t<meta property=\"og:image:width\" content=\"1920\" \/>\n\t<meta property=\"og:image:height\" content=\"1260\" \/>\n\t<meta property=\"og:image:type\" content=\"image\/jpeg\" \/>\n<meta name=\"twitter:card\" content=\"summary_large_image\" \/>\n<meta name=\"twitter:site\" content=\"@TourTravel_More\" \/>\n<meta name=\"twitter:label1\" content=\"Tiempo de lectura\" \/>\n\t<meta name=\"twitter:data1\" content=\"5 minutos\" \/>\n<script type=\"application\/ld+json\" class=\"yoast-schema-graph\">{\"@context\":\"https:\/\/schema.org\",\"@graph\":[{\"@type\":\"WebPage\",\"@id\":\"https:\/\/tourtravelandmore.com\/es\/tours\/espana-es\/valencia-es\/tour-privado-a-la-albufera-desde-valencia\/\",\"url\":\"https:\/\/tourtravelandmore.com\/es\/tours\/espana-es\/valencia-es\/tour-privado-a-la-albufera-desde-valencia\/\",\"name\":\"\u27a1\ufe0f Tour privado a la Albufera desde Valencia con gu\u00eda y coche privado incluido | Tour Travel & More\",\"isPartOf\":{\"@id\":\"https:\/\/tourtravelandmore.com\/es\/#website\"},\"primaryImageOfPage\":{\"@id\":\"https:\/\/tourtravelandmore.com\/es\/tours\/espana-es\/valencia-es\/tour-privado-a-la-albufera-desde-valencia\/#primaryimage\"},\"image\":{\"@id\":\"https:\/\/tourtravelandmore.com\/es\/tours\/espana-es\/valencia-es\/tour-privado-a-la-albufera-desde-valencia\/#primaryimage\"},\"thumbnailUrl\":\"https:\/\/tourtravelandmore.com\/wp-content\/uploads\/2022\/02\/pexels-manuel-torres-garcia-6320539.jpg\",\"datePublished\":\"2022-02-10T15:26:59+00:00\",\"dateModified\":\"2023-02-28T06:22:23+00:00\",\"description\":\"Excursi\u00f3n privada a la Albufera desde Valencia para que explores esta maravilla ecol\u00f3gica ubicada a solo unos 10 km de la capital valenciana \u2705\",\"breadcrumb\":{\"@id\":\"https:\/\/tourtravelandmore.com\/es\/tours\/espana-es\/valencia-es\/tour-privado-a-la-albufera-desde-valencia\/#breadcrumb\"},\"inLanguage\":\"es\",\"potentialAction\":[{\"@type\":\"ReadAction\",\"target\":[\"https:\/\/tourtravelandmore.com\/es\/tours\/espana-es\/valencia-es\/tour-privado-a-la-albufera-desde-valencia\/\"]}]},{\"@type\":\"ImageObject\",\"inLanguage\":\"es\",\"@id\":\"https:\/\/tourtravelandmore.com\/es\/tours\/espana-es\/valencia-es\/tour-privado-a-la-albufera-desde-valencia\/#primaryimage\",\"url\":\"https:\/\/tourtravelandmore.com\/wp-content\/uploads\/2022\/02\/pexels-manuel-torres-garcia-6320539.jpg\",\"contentUrl\":\"https:\/\/tourtravelandmore.com\/wp-content\/uploads\/2022\/02\/pexels-manuel-torres-garcia-6320539.jpg\",\"width\":1920,\"height\":1260},{\"@type\":\"BreadcrumbList\",\"@id\":\"https:\/\/tourtravelandmore.com\/es\/tours\/espana-es\/valencia-es\/tour-privado-a-la-albufera-desde-valencia\/#breadcrumb\",\"itemListElement\":[{\"@type\":\"ListItem\",\"position\":1,\"name\":\"Home\",\"item\":\"https:\/\/tourtravelandmore.com\/es\/\"},{\"@type\":\"ListItem\",\"position\":2,\"name\":\"Tours\",\"item\":\"https:\/\/tourtravelandmore.com\/es\/tours\/\"},{\"@type\":\"ListItem\",\"position\":3,\"name\":\"Tour privado a la Albufera desde Valencia\"}]},{\"@type\":\"WebSite\",\"@id\":\"https:\/\/tourtravelandmore.com\/es\/#website\",\"url\":\"https:\/\/tourtravelandmore.com\/es\/\",\"name\":\"Tour Travel And More\",\"description\":\"Private sightseeing tours and luxury transfers in Spain\",\"publisher\":{\"@id\":\"https:\/\/tourtravelandmore.com\/es\/#organization\"},\"potentialAction\":[{\"@type\":\"SearchAction\",\"target\":{\"@type\":\"EntryPoint\",\"urlTemplate\":\"https:\/\/tourtravelandmore.com\/es\/?s={search_term_string}\"},\"query-input\":{\"@type\":\"PropertyValueSpecification\",\"valueRequired\":true,\"valueName\":\"search_term_string\"}}],\"inLanguage\":\"es\"},{\"@type\":\"Organization\",\"@id\":\"https:\/\/tourtravelandmore.com\/es\/#organization\",\"name\":\"Tour Travel And More\",\"url\":\"https:\/\/tourtravelandmore.com\/es\/\",\"logo\":{\"@type\":\"ImageObject\",\"inLanguage\":\"es\",\"@id\":\"https:\/\/tourtravelandmore.com\/es\/#\/schema\/logo\/image\/\",\"url\":\"https:\/\/tourtravelandmore.com\/wp-content\/uploads\/2022\/12\/cropped-logo-cabecera-new.png\",\"contentUrl\":\"https:\/\/tourtravelandmore.com\/wp-content\/uploads\/2022\/12\/cropped-logo-cabecera-new.png\",\"width\":430,\"height\":61,\"caption\":\"Tour Travel And More\"},\"image\":{\"@id\":\"https:\/\/tourtravelandmore.com\/es\/#\/schema\/logo\/image\/\"},\"sameAs\":[\"https:\/\/www.facebook.com\/tourtravelandmore\/\",\"https:\/\/x.com\/TourTravel_More\"]}]}<\/script>\n<!-- \/ Yoast SEO Premium plugin. -->","yoast_head_json":{"title":"\u27a1\ufe0f Tour privado a la Albufera desde Valencia con gu\u00eda y coche privado incluido | Tour Travel & More","description":"Excursi\u00f3n privada a la Albufera desde Valencia para que explores esta maravilla ecol\u00f3gica ubicada a solo unos 10 km de la capital valenciana \u2705","robots":{"index":"index","follow":"follow","max-snippet":"max-snippet:-1","max-image-preview":"max-image-preview:large","max-video-preview":"max-video-preview:-1"},"canonical":"https:\/\/tourtravelandmore.com\/es\/tours\/espana-es\/valencia-es\/tour-privado-a-la-albufera-desde-valencia\/","og_locale":"es_ES","og_type":"article","og_title":"Tour privado a la Albufera desde Valencia","og_description":"Excursi\u00f3n privada a la Albufera desde Valencia para que explores esta maravilla ecol\u00f3gica ubicada a solo unos 10 km de la capital valenciana \u2705","og_url":"https:\/\/tourtravelandmore.com\/es\/tours\/espana-es\/valencia-es\/tour-privado-a-la-albufera-desde-valencia\/","og_site_name":"Tour Travel And More","article_publisher":"https:\/\/www.facebook.com\/tourtravelandmore\/","article_modified_time":"2023-02-28T06:22:23+00:00","og_image":[{"width":1920,"height":1260,"url":"https:\/\/tourtravelandmore.com\/wp-content\/uploads\/2022\/02\/pexels-manuel-torres-garcia-6320539.jpg","type":"image\/jpeg"}],"twitter_card":"summary_large_image","twitter_site":"@TourTravel_More","twitter_misc":{"Tiempo de lectura":"5 minutos"},"schema":{"@context":"https:\/\/schema.org","@graph":[{"@type":"WebPage","@id":"https:\/\/tourtravelandmore.com\/es\/tours\/espana-es\/valencia-es\/tour-privado-a-la-albufera-desde-valencia\/","url":"https:\/\/tourtravelandmore.com\/es\/tours\/espana-es\/valencia-es\/tour-privado-a-la-albufera-desde-valencia\/","name":"\u27a1\ufe0f Tour privado a la Albufera desde Valencia con gu\u00eda y coche privado incluido | Tour Travel & More","isPartOf":{"@id":"https:\/\/tourtravelandmore.com\/es\/#website"},"primaryImageOfPage":{"@id":"https:\/\/tourtravelandmore.com\/es\/tours\/espana-es\/valencia-es\/tour-privado-a-la-albufera-desde-valencia\/#primaryimage"},"image":{"@id":"https:\/\/tourtravelandmore.com\/es\/tours\/espana-es\/valencia-es\/tour-privado-a-la-albufera-desde-valencia\/#primaryimage"},"thumbnailUrl":"https:\/\/tourtravelandmore.com\/wp-content\/uploads\/2022\/02\/pexels-manuel-torres-garcia-6320539.jpg","datePublished":"2022-02-10T15:26:59+00:00","dateModified":"2023-02-28T06:22:23+00:00","description":"Excursi\u00f3n privada a la Albufera desde Valencia para que explores esta maravilla ecol\u00f3gica ubicada a solo unos 10 km de la capital valenciana \u2705","breadcrumb":{"@id":"https:\/\/tourtravelandmore.com\/es\/tours\/espana-es\/valencia-es\/tour-privado-a-la-albufera-desde-valencia\/#breadcrumb"},"inLanguage":"es","potentialAction":[{"@type":"ReadAction","target":["https:\/\/tourtravelandmore.com\/es\/tours\/espana-es\/valencia-es\/tour-privado-a-la-albufera-desde-valencia\/"]}]},{"@type":"ImageObject","inLanguage":"es","@id":"https:\/\/tourtravelandmore.com\/es\/tours\/espana-es\/valencia-es\/tour-privado-a-la-albufera-desde-valencia\/#primaryimage","url":"https:\/\/tourtravelandmore.com\/wp-content\/uploads\/2022\/02\/pexels-manuel-torres-garcia-6320539.jpg","contentUrl":"https:\/\/tourtravelandmore.com\/wp-content\/uploads\/2022\/02\/pexels-manuel-torres-garcia-6320539.jpg","width":1920,"height":1260},{"@type":"BreadcrumbList","@id":"https:\/\/tourtravelandmore.com\/es\/tours\/espana-es\/valencia-es\/tour-privado-a-la-albufera-desde-valencia\/#breadcrumb","itemListElement":[{"@type":"ListItem","position":1,"name":"Home","item":"https:\/\/tourtravelandmore.com\/es\/"},{"@type":"ListItem","position":2,"name":"Tours","item":"https:\/\/tourtravelandmore.com\/es\/tours\/"},{"@type":"ListItem","position":3,"name":"Tour privado a la Albufera desde Valencia"}]},{"@type":"WebSite","@id":"https:\/\/tourtravelandmore.com\/es\/#website","url":"https:\/\/tourtravelandmore.com\/es\/","name":"Tour Travel And More","description":"Private sightseeing tours and luxury transfers in Spain","publisher":{"@id":"https:\/\/tourtravelandmore.com\/es\/#organization"},"potentialAction":[{"@type":"SearchAction","target":{"@type":"EntryPoint","urlTemplate":"https:\/\/tourtravelandmore.com\/es\/?s={search_term_string}"},"query-input":{"@type":"PropertyValueSpecification","valueRequired":true,"valueName":"search_term_string"}}],"inLanguage":"es"},{"@type":"Organization","@id":"https:\/\/tourtravelandmore.com\/es\/#organization","name":"Tour Travel And More","url":"https:\/\/tourtravelandmore.com\/es\/","logo":{"@type":"ImageObject","inLanguage":"es","@id":"https:\/\/tourtravelandmore.com\/es\/#\/schema\/logo\/image\/","url":"https:\/\/tourtravelandmore.com\/wp-content\/uploads\/2022\/12\/cropped-logo-cabecera-new.png","contentUrl":"https:\/\/tourtravelandmore.com\/wp-content\/uploads\/2022\/12\/cropped-logo-cabecera-new.png","width":430,"height":61,"caption":"Tour Travel And More"},"image":{"@id":"https:\/\/tourtravelandmore.com\/es\/#\/schema\/logo\/image\/"},"sameAs":["https:\/\/www.facebook.com\/tourtravelandmore\/","https:\/\/x.com\/TourTravel_More"]}]}},"_links":{"self":[{"href":"https:\/\/tourtravelandmore.com\/es\/wp-json\/wp\/v2\/product\/118850","targetHints":{"allow":["GET"]}}],"collection":[{"href":"https:\/\/tourtravelandmore.com\/es\/wp-json\/wp\/v2\/product"}],"about":[{"href":"https:\/\/tourtravelandmore.com\/es\/wp-json\/wp\/v2\/types\/product"}],"replies":[{"embeddable":true,"href":"https:\/\/tourtravelandmore.com\/es\/wp-json\/wp\/v2\/comments?post=118850"}],"wp:featuredmedia":[{"embeddable":true,"href":"https:\/\/tourtravelandmore.com\/es\/wp-json\/wp\/v2\/media\/119625"}],"wp:attachment":[{"href":"https:\/\/tourtravelandmore.com\/es\/wp-json\/wp\/v2\/media?parent=118850"}],"wp:term":[{"taxonomy":"product_brand","embeddable":true,"href":"https:\/\/tourtravelandmore.com\/es\/wp-json\/wp\/v2\/product_brand?post=118850"},{"taxonomy":"product_cat","embeddable":true,"href":"https:\/\/tourtravelandmore.com\/es\/wp-json\/wp\/v2\/product_cat?post=118850"},{"taxonomy":"product_tag","embeddable":true,"href":"https:\/\/tourtravelandmore.com\/es\/wp-json\/wp\/v2\/product_tag?post=118850"}],"curies":[{"name":"wp","href":"https:\/\/api.w.org\/{rel}","templated":true}]}}