{"id":118804,"date":"2022-02-10T15:08:21","date_gmt":"2022-02-10T14:08:23","guid":{"rendered":"https:\/\/tourtravelandmore.com\/?post_type=product&#038;p=118804"},"modified":"2023-02-28T07:22:08","modified_gmt":"2023-02-28T06:22:08","slug":"tour-privado-a-peniscola-desde-valencia","status":"publish","type":"product","link":"https:\/\/tourtravelandmore.com\/es\/tours\/espana-es\/valencia-es\/tour-privado-a-peniscola-desde-valencia\/","title":{"rendered":"Tour Privado a Pe\u00f1\u00edscola desde Valencia"},"content":{"rendered":"<h2><b>Descripci\u00f3n del Tour privado a Pe\u00f1\u00edscola desde Valencia<\/b><\/h2>\n<p><span style=\"font-weight: 400;\">En la provincia de Castell\u00f3n, espec\u00edficamente en la costa de Azahar, se encuentra la maravillosa ciudad de Pe\u00f1\u00edscola. La cual es muy encantadora y posee muchos rincones atractivos y de gran belleza.\u00a0<\/span><\/p>\n<p><span style=\"font-weight: 400;\">Este <\/span><b>tour privado a Pe\u00f1\u00edscola desde Valencia <\/b><span style=\"font-weight: 400;\">te da la oportunidad de explorar las majestuosas playas de arena fina de la zona, las cuales parecen como sacadas de una postal.<\/span><\/p>\n<p><span style=\"font-weight: 400;\">Es un <\/span><b>paseo guiado de 8 horas<\/b><span style=\"font-weight: 400;\"> totalmente planificado para que consigas la m\u00e1xima comodidad.\u00a0<\/span><\/p>\n<p><span style=\"font-weight: 400;\">Para empezar con la excursi\u00f3n, puedes acordar el punto de encuentro m\u00e1s accesible para ti, por el cual pasar\u00e1 un coche con chofer privado a buscarte.\u00a0<\/span><\/p>\n<p><span style=\"font-weight: 400;\">Desde all\u00ed, partiremos por la costa valenciana hasta Pe\u00f1\u00edscola. La cual est\u00e1 situada a 2 horas de la capital.<\/span><\/p>\n<p><span style=\"font-weight: 400;\">Al llegar a Pe\u00f1\u00edscola, <\/span><b>el gu\u00eda privado te va a llevar por los lugares m\u00e1s impresionantes y entretenidos<\/b><span style=\"font-weight: 400;\"> de la zona.\u00a0\u00a0<\/span><\/p>\n<p><span style=\"font-weight: 400;\">El paseo se convertir\u00e1 en una oportunidad invaluable para experimentar las costumbres locales y admirar de cerca todo el legado cultural, hist\u00f3rico y arquitect\u00f3nico que dejaron en la ciudad los cartagineses, los griegos, los romanos, los fenicios, los bizantinos y los musulmanes.\u00a0<\/span><\/p>\n<p><span style=\"font-weight: 400;\">Conocer\u00e1s el casco antiguo, la Plaza de Armas, el Castillo del Papa Luna, el Museo del mar, el faro de Pe\u00f1\u00edscola, entre muchos otros puntos que te maravillar\u00e1n por completo.\u00a0<\/span><\/p>\n<p><span style=\"font-weight: 400;\">Asimismo, tendr\u00e1s <\/span><b>una incre\u00edble vista hacia el Mediterr\u00e1neo<\/b><span style=\"font-weight: 400;\">, puesto que la ciudad se ubica sobre unos enormes acantilados con varias salientes hacia el mar.\u00a0\u00a0<\/span><\/p>\n<p><span style=\"font-weight: 400;\">De hecho, debido a la belleza de sus paisajes, Pe\u00f1\u00edscola sirvi\u00f3 como escenario para la sexta temporada de Juego de Tronos. As\u00ed que, si eres fan de la serie, este tour privado es la oportunidad ideal para tomar las fotograf\u00edas m\u00e1s espectaculares de tu viaje.\u00a0<\/span><\/p>\n<h2><span style=\"color: #d3af37;\"><b>Puntos de Inter\u00e9s del Tour Privado<\/b><\/span><\/h2>\n<p><span style=\"font-weight: 400;\">El tour privado a Pe\u00f1\u00edscola desde Valencia inicia a la hora que nos indiques en un punto c\u00e9ntrico de Valencia y que sea m\u00e1s c\u00f3modo para ti.\u00a0<\/span><\/p>\n<p><b>Te trasladar\u00e1s en un coche de lujo<\/b><span style=\"font-weight: 400;\"> por los hermosos campos de naranjos y por la costa valenciana para llegar a la provincia de Castell\u00f3n.\u00a0<\/span><\/p>\n<p><span style=\"font-weight: 400;\">En Pe\u00f1\u00edscola descubrir\u00e1s los edificios, paisajes y monumentos m\u00e1s atractivos, junto a toda la historia que encierran todos esos lugares. <\/span><span style=\"font-weight: 400;\"><br \/>\n<\/span><span style=\"font-weight: 400;\"><br \/>\n<\/span><b>El recorrido ser\u00e1 por completo personalizado y en compa\u00f1\u00eda de un gu\u00eda privado<\/b><span style=\"font-weight: 400;\">, el cual te llevar\u00e1 a conocer:\u00a0<\/span><\/p>\n<h3><span style=\"color: #d3af37;\"><b>El centro hist\u00f3rico de Pe\u00f1\u00edscola\u00a0<\/b><\/span><\/h3>\n<p><span style=\"font-weight: 400;\">Lo primero que vas a conocer es el emblem\u00e1tico centro hist\u00f3rico de la ciudad. El casco antiguo est\u00e1 ubicado cerca del Castillo de Pe\u00f1\u00edscola y es uno de los puntos m\u00e1s bonitos del paseo.\u00a0<\/span><\/p>\n<p><span style=\"font-weight: 400;\">Vas a tener la fortuna de recorrer muchas calles medievales adoquinadas, adornadas por hermosos jardines y casas con fachadas repletas de distintas flores. <\/span><i><span style=\"font-weight: 400;\">\u00a1Ser\u00e1 todo un espect\u00e1culo para tu vista!<\/span><\/i><\/p>\n<p><span style=\"font-weight: 400;\">En el centro hist\u00f3rico de Pe\u00f1\u00edscola tambi\u00e9n se ubican distintos monumentos, como el Portal de Sant Pere, la Iglesia de Santa Mar\u00eda y el Portal Fosc.\u00a0<\/span><\/p>\n<h3><b><span style=\"color: #d3af37;\">El puerto pesquero<\/span>\u00a0<\/b><\/h3>\n<p><span style=\"font-weight: 400;\">Si algo destaca a Pe\u00f1\u00edscola, es su emblem\u00e1tico puerto pesquero, el cual se ha mantenido operativo durante milenios.\u00a0<\/span><\/p>\n<p><span style=\"font-weight: 400;\">Es un sitio en el que ver\u00e1s mucha actividad de los pobladores locales, ya que la pesca es una parte importante de la econom\u00eda de esa ciudad.\u00a0<\/span><\/p>\n<p><span style=\"font-weight: 400;\">Este ser\u00e1 un punto maravilloso para admirar la arena fina de la costa y el oleaje relajante del Mediterr\u00e1neo.\u00a0<\/span><\/p>\n<h3><span style=\"color: #d3af37;\"><b>El Castillo de Pe\u00f1\u00edscola<\/b><\/span><\/h3>\n<p><span style=\"font-weight: 400;\">Este es uno de los lugares m\u00e1s destacados e ic\u00f3nicos de la ciudad. Fue construido entre los a\u00f1os 1294 y 1307 por los caballeros templarios, pero luego fue modificado para ser la residencia oficial del Papa Benedicto XIII, mejor conocido como el Papa Luna.\u00a0<\/span><\/p>\n<p><span style=\"font-weight: 400;\">Esta imponente construcci\u00f3n se ha utilizado para grabar distintas pel\u00edculas como el Cid. Tambi\u00e9n, fue escenario de Juego de Tronos para recrear la ciudad de Meren.\u00a0<\/span><\/p>\n<h3><span style=\"color: #d3af37;\"><b>El Bufador\u00a0<\/b><\/span><\/h3>\n<p><span style=\"font-weight: 400;\">Otro de los sitios imperdibles en Pe\u00f1\u00edscola es el Bufador. Se trata de un enorme hoyo ubicado en el centro hist\u00f3rico de la ciudad y muy cerca del Museo del Mar, por el cual se desplaza el oleaje marino cuando tiene m\u00e1s fuerza.\u00a0<\/span><\/p>\n<p><span style=\"font-weight: 400;\">Es un punto muy emblem\u00e1tico que se puede mirar desde abajo o desde la parte superior, puesto que a su alrededor hay un hermoso mirador, el cual siempre est\u00e1 lleno de turistas.\u00a0<\/span><\/p>\n<h3><span style=\"color: #d3af37;\"><b>La casa de las conchas<\/b><\/span><\/h3>\n<p><span style=\"font-weight: 400;\">Indudablemente, conocer la casa de las conchas est\u00e1 dentro de cualquier itinerario a Pe\u00f1\u00edscola.\u00a0<\/span><\/p>\n<p><span style=\"font-weight: 400;\">Esta casa est\u00e1 en el centro antiguo de la ciudad. Se destaca porque su fachada est\u00e1 completamente cubierta por conchas marinas, las cuales una familia fue coleccionando por m\u00e1s de 50 a\u00f1os como s\u00edmbolo de su amor por el mar.\u00a0<\/span><\/p>\n<p><span style=\"font-weight: 400;\">Adem\u00e1s de todos los sitios que ya te mencionamos, en este tour privado por Pe\u00f1\u00edscola podr\u00e1s explorar:\u00a0<\/span><\/p>\n<ul>\n<li><b>Las incre\u00edbles playas de Pe\u00f1\u00edscola<\/b><\/li>\n<li><b>La Ermita de la Virgen<\/b><\/li>\n<li><b>Sierra de Irta<\/b><\/li>\n<li><b>El Faro<\/b><\/li>\n<li><b>El Museo del Mar.<\/b><\/li>\n<li><b>Entre muchos otros puntos de inter\u00e9s.\u00a0<\/b><\/li>\n<\/ul>\n<p><span style=\"font-weight: 400;\">Si te animas a conocer m\u00e1s de la regi\u00f3n, te recomendamos que incluyas en tu itinerario de viaje un <\/span><b>tour privado de Vi\u00f1edos desde Valencia y Cata de Vinos <\/b><span style=\"font-weight: 400;\">para que vivas una experiencia \u00fanica y agradable.<\/span><\/p>\n","protected":false},"excerpt":{"rendered":"<p><span style=\"font-weight: 400;\">Explora por completo la hermosa costa de Pe\u00f1\u00edscola en un tour privado de 8 horas, en el cual ir\u00e1s desde Valencia en un c\u00f3modo coche de lujo y en compa\u00f1\u00eda de un gu\u00eda privado. D\u00e9jate envolver por el encanto de esta ciudad paradis\u00edaca, la cual ha sido la cuna de los Papas espa\u00f1oles m\u00e1s simb\u00f3licos y tambi\u00e9n fue set de grabaci\u00f3n para la serie Juego de Tronos<\/span><\/p>\n","protected":false},"featured_media":119236,"comment_status":"open","ping_status":"closed","template":"","meta":{"_acf_changed":false},"product_brand":[],"product_cat":[321,322,324],"product_tag":[],"class_list":{"0":"post-118804","1":"product","2":"type-product","3":"status-publish","4":"has-post-thumbnail","6":"product_cat-valencia-es","7":"product_cat-valencia-actividades-es","8":"product_cat-valencia-rutas-turisticas-privadas-es","10":"first","11":"instock","12":"shipping-taxable","13":"purchasable","14":"product-type-simple"},"acf":[],"yoast_head":"<!-- This site is optimized with the Yoast SEO Premium plugin v25.3.1 (Yoast SEO v25.3.1) - https:\/\/yoast.com\/wordpress\/plugins\/seo\/ -->\n<title>\u27a1\ufe0f Tour privado a Pe\u00f1\u00edscola saliendo desde Valencia en un coche privado y con un gu\u00eda oficial<\/title>\n<meta name=\"description\" content=\"\u00bfQuieres conocer una de las ciudades m\u00e1s bonitas de Castell\u00f3n? En este tour privado a Pe\u00f1\u00edscola desde Valencia conocer\u00e1s cada rinc\u00f3n de esta incre\u00edble ciudad costera \u2705\" \/>\n<meta name=\"robots\" content=\"index, follow, max-snippet:-1, max-image-preview:large, max-video-preview:-1\" \/>\n<link rel=\"canonical\" href=\"https:\/\/tourtravelandmore.com\/es\/tours\/espana-es\/valencia-es\/tour-privado-a-peniscola-desde-valencia\/\" \/>\n<meta property=\"og:locale\" content=\"es_ES\" \/>\n<meta property=\"og:type\" content=\"article\" \/>\n<meta property=\"og:title\" content=\"Tour Privado a Pe\u00f1\u00edscola desde Valencia\" \/>\n<meta property=\"og:description\" content=\"\u00bfQuieres conocer una de las ciudades m\u00e1s bonitas de Castell\u00f3n? En este tour privado a Pe\u00f1\u00edscola desde Valencia conocer\u00e1s cada rinc\u00f3n de esta incre\u00edble ciudad costera \u2705\" \/>\n<meta property=\"og:url\" content=\"https:\/\/tourtravelandmore.com\/es\/tours\/espana-es\/valencia-es\/tour-privado-a-peniscola-desde-valencia\/\" \/>\n<meta property=\"og:site_name\" content=\"Tour Travel And More\" \/>\n<meta property=\"article:publisher\" content=\"https:\/\/www.facebook.com\/tourtravelandmore\/\" \/>\n<meta property=\"article:modified_time\" content=\"2023-02-28T06:22:08+00:00\" \/>\n<meta property=\"og:image\" content=\"https:\/\/tourtravelandmore.com\/wp-content\/uploads\/2022\/02\/Untitled-design-1-2.jpg\" \/>\n\t<meta property=\"og:image:width\" content=\"900\" \/>\n\t<meta property=\"og:image:height\" content=\"600\" \/>\n\t<meta property=\"og:image:type\" content=\"image\/jpeg\" \/>\n<meta name=\"twitter:card\" content=\"summary_large_image\" \/>\n<meta name=\"twitter:site\" content=\"@TourTravel_More\" \/>\n<meta name=\"twitter:label1\" content=\"Tiempo de lectura\" \/>\n\t<meta name=\"twitter:data1\" content=\"5 minutos\" \/>\n<script type=\"application\/ld+json\" class=\"yoast-schema-graph\">{\"@context\":\"https:\/\/schema.org\",\"@graph\":[{\"@type\":\"WebPage\",\"@id\":\"https:\/\/tourtravelandmore.com\/es\/tours\/espana-es\/valencia-es\/tour-privado-a-peniscola-desde-valencia\/\",\"url\":\"https:\/\/tourtravelandmore.com\/es\/tours\/espana-es\/valencia-es\/tour-privado-a-peniscola-desde-valencia\/\",\"name\":\"\u27a1\ufe0f Tour privado a Pe\u00f1\u00edscola saliendo desde Valencia en un coche privado y con un gu\u00eda oficial\",\"isPartOf\":{\"@id\":\"https:\/\/tourtravelandmore.com\/es\/#website\"},\"primaryImageOfPage\":{\"@id\":\"https:\/\/tourtravelandmore.com\/es\/tours\/espana-es\/valencia-es\/tour-privado-a-peniscola-desde-valencia\/#primaryimage\"},\"image\":{\"@id\":\"https:\/\/tourtravelandmore.com\/es\/tours\/espana-es\/valencia-es\/tour-privado-a-peniscola-desde-valencia\/#primaryimage\"},\"thumbnailUrl\":\"https:\/\/tourtravelandmore.com\/wp-content\/uploads\/2022\/02\/Untitled-design-1-2.jpg\",\"datePublished\":\"2022-02-10T14:08:23+00:00\",\"dateModified\":\"2023-02-28T06:22:08+00:00\",\"description\":\"\u00bfQuieres conocer una de las ciudades m\u00e1s bonitas de Castell\u00f3n? En este tour privado a Pe\u00f1\u00edscola desde Valencia conocer\u00e1s cada rinc\u00f3n de esta incre\u00edble ciudad costera \u2705\",\"breadcrumb\":{\"@id\":\"https:\/\/tourtravelandmore.com\/es\/tours\/espana-es\/valencia-es\/tour-privado-a-peniscola-desde-valencia\/#breadcrumb\"},\"inLanguage\":\"es\",\"potentialAction\":[{\"@type\":\"ReadAction\",\"target\":[\"https:\/\/tourtravelandmore.com\/es\/tours\/espana-es\/valencia-es\/tour-privado-a-peniscola-desde-valencia\/\"]}]},{\"@type\":\"ImageObject\",\"inLanguage\":\"es\",\"@id\":\"https:\/\/tourtravelandmore.com\/es\/tours\/espana-es\/valencia-es\/tour-privado-a-peniscola-desde-valencia\/#primaryimage\",\"url\":\"https:\/\/tourtravelandmore.com\/wp-content\/uploads\/2022\/02\/Untitled-design-1-2.jpg\",\"contentUrl\":\"https:\/\/tourtravelandmore.com\/wp-content\/uploads\/2022\/02\/Untitled-design-1-2.jpg\",\"width\":900,\"height\":600},{\"@type\":\"BreadcrumbList\",\"@id\":\"https:\/\/tourtravelandmore.com\/es\/tours\/espana-es\/valencia-es\/tour-privado-a-peniscola-desde-valencia\/#breadcrumb\",\"itemListElement\":[{\"@type\":\"ListItem\",\"position\":1,\"name\":\"Home\",\"item\":\"https:\/\/tourtravelandmore.com\/es\/\"},{\"@type\":\"ListItem\",\"position\":2,\"name\":\"Tours\",\"item\":\"https:\/\/tourtravelandmore.com\/es\/tours\/\"},{\"@type\":\"ListItem\",\"position\":3,\"name\":\"Tour Privado a Pe\u00f1\u00edscola desde Valencia\"}]},{\"@type\":\"WebSite\",\"@id\":\"https:\/\/tourtravelandmore.com\/es\/#website\",\"url\":\"https:\/\/tourtravelandmore.com\/es\/\",\"name\":\"Tour Travel And More\",\"description\":\"Private sightseeing tours and luxury transfers in Spain\",\"publisher\":{\"@id\":\"https:\/\/tourtravelandmore.com\/es\/#organization\"},\"potentialAction\":[{\"@type\":\"SearchAction\",\"target\":{\"@type\":\"EntryPoint\",\"urlTemplate\":\"https:\/\/tourtravelandmore.com\/es\/?s={search_term_string}\"},\"query-input\":{\"@type\":\"PropertyValueSpecification\",\"valueRequired\":true,\"valueName\":\"search_term_string\"}}],\"inLanguage\":\"es\"},{\"@type\":\"Organization\",\"@id\":\"https:\/\/tourtravelandmore.com\/es\/#organization\",\"name\":\"Tour Travel And More\",\"url\":\"https:\/\/tourtravelandmore.com\/es\/\",\"logo\":{\"@type\":\"ImageObject\",\"inLanguage\":\"es\",\"@id\":\"https:\/\/tourtravelandmore.com\/es\/#\/schema\/logo\/image\/\",\"url\":\"https:\/\/tourtravelandmore.com\/wp-content\/uploads\/2022\/12\/cropped-logo-cabecera-new.png\",\"contentUrl\":\"https:\/\/tourtravelandmore.com\/wp-content\/uploads\/2022\/12\/cropped-logo-cabecera-new.png\",\"width\":430,\"height\":61,\"caption\":\"Tour Travel And More\"},\"image\":{\"@id\":\"https:\/\/tourtravelandmore.com\/es\/#\/schema\/logo\/image\/\"},\"sameAs\":[\"https:\/\/www.facebook.com\/tourtravelandmore\/\",\"https:\/\/x.com\/TourTravel_More\"]}]}<\/script>\n<!-- \/ Yoast SEO Premium plugin. -->","yoast_head_json":{"title":"\u27a1\ufe0f Tour privado a Pe\u00f1\u00edscola saliendo desde Valencia en un coche privado y con un gu\u00eda oficial","description":"\u00bfQuieres conocer una de las ciudades m\u00e1s bonitas de Castell\u00f3n? En este tour privado a Pe\u00f1\u00edscola desde Valencia conocer\u00e1s cada rinc\u00f3n de esta incre\u00edble ciudad costera \u2705","robots":{"index":"index","follow":"follow","max-snippet":"max-snippet:-1","max-image-preview":"max-image-preview:large","max-video-preview":"max-video-preview:-1"},"canonical":"https:\/\/tourtravelandmore.com\/es\/tours\/espana-es\/valencia-es\/tour-privado-a-peniscola-desde-valencia\/","og_locale":"es_ES","og_type":"article","og_title":"Tour Privado a Pe\u00f1\u00edscola desde Valencia","og_description":"\u00bfQuieres conocer una de las ciudades m\u00e1s bonitas de Castell\u00f3n? En este tour privado a Pe\u00f1\u00edscola desde Valencia conocer\u00e1s cada rinc\u00f3n de esta incre\u00edble ciudad costera \u2705","og_url":"https:\/\/tourtravelandmore.com\/es\/tours\/espana-es\/valencia-es\/tour-privado-a-peniscola-desde-valencia\/","og_site_name":"Tour Travel And More","article_publisher":"https:\/\/www.facebook.com\/tourtravelandmore\/","article_modified_time":"2023-02-28T06:22:08+00:00","og_image":[{"width":900,"height":600,"url":"https:\/\/tourtravelandmore.com\/wp-content\/uploads\/2022\/02\/Untitled-design-1-2.jpg","type":"image\/jpeg"}],"twitter_card":"summary_large_image","twitter_site":"@TourTravel_More","twitter_misc":{"Tiempo de lectura":"5 minutos"},"schema":{"@context":"https:\/\/schema.org","@graph":[{"@type":"WebPage","@id":"https:\/\/tourtravelandmore.com\/es\/tours\/espana-es\/valencia-es\/tour-privado-a-peniscola-desde-valencia\/","url":"https:\/\/tourtravelandmore.com\/es\/tours\/espana-es\/valencia-es\/tour-privado-a-peniscola-desde-valencia\/","name":"\u27a1\ufe0f Tour privado a Pe\u00f1\u00edscola saliendo desde Valencia en un coche privado y con un gu\u00eda oficial","isPartOf":{"@id":"https:\/\/tourtravelandmore.com\/es\/#website"},"primaryImageOfPage":{"@id":"https:\/\/tourtravelandmore.com\/es\/tours\/espana-es\/valencia-es\/tour-privado-a-peniscola-desde-valencia\/#primaryimage"},"image":{"@id":"https:\/\/tourtravelandmore.com\/es\/tours\/espana-es\/valencia-es\/tour-privado-a-peniscola-desde-valencia\/#primaryimage"},"thumbnailUrl":"https:\/\/tourtravelandmore.com\/wp-content\/uploads\/2022\/02\/Untitled-design-1-2.jpg","datePublished":"2022-02-10T14:08:23+00:00","dateModified":"2023-02-28T06:22:08+00:00","description":"\u00bfQuieres conocer una de las ciudades m\u00e1s bonitas de Castell\u00f3n? En este tour privado a Pe\u00f1\u00edscola desde Valencia conocer\u00e1s cada rinc\u00f3n de esta incre\u00edble ciudad costera \u2705","breadcrumb":{"@id":"https:\/\/tourtravelandmore.com\/es\/tours\/espana-es\/valencia-es\/tour-privado-a-peniscola-desde-valencia\/#breadcrumb"},"inLanguage":"es","potentialAction":[{"@type":"ReadAction","target":["https:\/\/tourtravelandmore.com\/es\/tours\/espana-es\/valencia-es\/tour-privado-a-peniscola-desde-valencia\/"]}]},{"@type":"ImageObject","inLanguage":"es","@id":"https:\/\/tourtravelandmore.com\/es\/tours\/espana-es\/valencia-es\/tour-privado-a-peniscola-desde-valencia\/#primaryimage","url":"https:\/\/tourtravelandmore.com\/wp-content\/uploads\/2022\/02\/Untitled-design-1-2.jpg","contentUrl":"https:\/\/tourtravelandmore.com\/wp-content\/uploads\/2022\/02\/Untitled-design-1-2.jpg","width":900,"height":600},{"@type":"BreadcrumbList","@id":"https:\/\/tourtravelandmore.com\/es\/tours\/espana-es\/valencia-es\/tour-privado-a-peniscola-desde-valencia\/#breadcrumb","itemListElement":[{"@type":"ListItem","position":1,"name":"Home","item":"https:\/\/tourtravelandmore.com\/es\/"},{"@type":"ListItem","position":2,"name":"Tours","item":"https:\/\/tourtravelandmore.com\/es\/tours\/"},{"@type":"ListItem","position":3,"name":"Tour Privado a Pe\u00f1\u00edscola desde Valencia"}]},{"@type":"WebSite","@id":"https:\/\/tourtravelandmore.com\/es\/#website","url":"https:\/\/tourtravelandmore.com\/es\/","name":"Tour Travel And More","description":"Private sightseeing tours and luxury transfers in Spain","publisher":{"@id":"https:\/\/tourtravelandmore.com\/es\/#organization"},"potentialAction":[{"@type":"SearchAction","target":{"@type":"EntryPoint","urlTemplate":"https:\/\/tourtravelandmore.com\/es\/?s={search_term_string}"},"query-input":{"@type":"PropertyValueSpecification","valueRequired":true,"valueName":"search_term_string"}}],"inLanguage":"es"},{"@type":"Organization","@id":"https:\/\/tourtravelandmore.com\/es\/#organization","name":"Tour Travel And More","url":"https:\/\/tourtravelandmore.com\/es\/","logo":{"@type":"ImageObject","inLanguage":"es","@id":"https:\/\/tourtravelandmore.com\/es\/#\/schema\/logo\/image\/","url":"https:\/\/tourtravelandmore.com\/wp-content\/uploads\/2022\/12\/cropped-logo-cabecera-new.png","contentUrl":"https:\/\/tourtravelandmore.com\/wp-content\/uploads\/2022\/12\/cropped-logo-cabecera-new.png","width":430,"height":61,"caption":"Tour Travel And More"},"image":{"@id":"https:\/\/tourtravelandmore.com\/es\/#\/schema\/logo\/image\/"},"sameAs":["https:\/\/www.facebook.com\/tourtravelandmore\/","https:\/\/x.com\/TourTravel_More"]}]}},"_links":{"self":[{"href":"https:\/\/tourtravelandmore.com\/es\/wp-json\/wp\/v2\/product\/118804","targetHints":{"allow":["GET"]}}],"collection":[{"href":"https:\/\/tourtravelandmore.com\/es\/wp-json\/wp\/v2\/product"}],"about":[{"href":"https:\/\/tourtravelandmore.com\/es\/wp-json\/wp\/v2\/types\/product"}],"replies":[{"embeddable":true,"href":"https:\/\/tourtravelandmore.com\/es\/wp-json\/wp\/v2\/comments?post=118804"}],"wp:featuredmedia":[{"embeddable":true,"href":"https:\/\/tourtravelandmore.com\/es\/wp-json\/wp\/v2\/media\/119236"}],"wp:attachment":[{"href":"https:\/\/tourtravelandmore.com\/es\/wp-json\/wp\/v2\/media?parent=118804"}],"wp:term":[{"taxonomy":"product_brand","embeddable":true,"href":"https:\/\/tourtravelandmore.com\/es\/wp-json\/wp\/v2\/product_brand?post=118804"},{"taxonomy":"product_cat","embeddable":true,"href":"https:\/\/tourtravelandmore.com\/es\/wp-json\/wp\/v2\/product_cat?post=118804"},{"taxonomy":"product_tag","embeddable":true,"href":"https:\/\/tourtravelandmore.com\/es\/wp-json\/wp\/v2\/product_tag?post=118804"}],"curies":[{"name":"wp","href":"https:\/\/api.w.org\/{rel}","templated":true}]}}