{"id":118735,"date":"2022-02-09T17:14:16","date_gmt":"2022-02-09T16:14:19","guid":{"rendered":"https:\/\/tourtravelandmore.com\/?post_type=product&#038;p=118735"},"modified":"2024-01-29T10:28:56","modified_gmt":"2024-01-29T09:28:56","slug":"tour-privado-a-pie-por-valencia-copy","status":"publish","type":"product","link":"https:\/\/tourtravelandmore.com\/es\/tours\/espana-es\/valencia-es\/tour-privado-a-pie-por-valencia-copy\/","title":{"rendered":"Tour Privado a Pie por Valencia y la Ciudad de las Ciencias"},"content":{"rendered":"<h2>Descripci\u00f3n Tour privado a pie por Valencia (4 horas)<\/h2>\n<p>Valencia siempre ha sido una ciudad imponente. Fue capital de Espa\u00f1a durante la II Rep\u00fablica y ha sido escenario de numerosas batallas, incluso desde la \u00e9poca del Imperio Romano.<\/p>\n<p>Por ello, es una ciudad repleta de lugares de gran riqueza arquitect\u00f3nica y cultural.<\/p>\n<p>Si quiere conocer en detalle el centro hist\u00f3rico de Valencia, as\u00ed como sus edificios y monumentos m\u00e1s valiosos, esta visita guiada es la oportunidad perfecta para que aproveche al m\u00e1ximo su tiempo paseando por la ciudad.<\/p>\n<p>Durante el recorrido le acompa\u00f1ar\u00e1 un gu\u00eda oficial experto en historia. El objetivo es que descubra todos los detalles que se esconden detr\u00e1s de cada joya de la ciudad.<\/p>\n<p>Para ello, el gu\u00eda le llevar\u00e1 a los lugares menos conocidos pero de gran valor hist\u00f3rico.<\/p>\n<p>Adem\u00e1s, descubrir\u00e1 la maravillosa Ciudad de las Artes y las Ciencias. Que es un lugar de referencia mundial de la capital valenciana.<\/p>\n<p>Pod\u00e9is acordar un lugar concreto para el encuentro, es decir, el que os resulte m\u00e1s c\u00f3modo. De esta forma, todo ser\u00e1 lo m\u00e1s personalizado posible.<\/p>\n<p>Tanto si acabas de llegar a Valencia como si ya has estado en la ciudad, con nuestro tour privado visitar\u00e1s la Iglesia de San Nicol\u00e1s, la Plaza de la Virgen, el Miguelete, el Mercado Central y diferentes puntos emblem\u00e1ticos que sabemos que te encantar\u00e1n.<\/p>\n<p>La duraci\u00f3n de la visita guiada es de 4 horas. Y durante el recorrido, el gu\u00eda privado estar\u00e1 muy atento a tus peticiones para llevarte a los lugares que m\u00e1s te llamen la atenci\u00f3n.<\/p>\n<h2>Puntos de inter\u00e9s de la visita privada<\/h2>\n<p>Pasear por Valencia siempre es emocionante. En este tour conocer\u00e1 el centro hist\u00f3rico de la capital valenciana, con toda su riqueza arquitect\u00f3nica y sus diferentes culturas.<\/p>\n<p>Adem\u00e1s, acompa\u00f1ado de un gu\u00eda oficial privado, te llevaremos a los diferentes puntos de inter\u00e9s:<\/p>\n<h3>Iglesia de San Nicol\u00e1s<\/h3>\n<p>Esta iglesia -y tambi\u00e9n museo- se encuentra en la calle los Caballeros y encierra mucha historia en su estructura.<\/p>\n<p>Se trata de un edificio en el que conviven en perfecta armon\u00eda los estilos barroco y g\u00f3tico. Adem\u00e1s, en su interior se conservan unos impresionantes frescos, por lo que este santuario es conocido como la &#8220;Capilla Sixtina valenciana&#8221;.<\/p>\n<h3>La Ciudad de las Artes y las Ciencias<\/h3>\n<p>Es imposible hablar de Valencia sin referirse a la Ciudad de las Artes y las Ciencias.<\/p>\n<p>Este moderno complejo de edificios -dise\u00f1ado por Santiago Calatrava- cuenta con varios edificios que conforman una maravilla arquitect\u00f3nica moderna y futurista.<\/p>\n<p>Llegaremos al complejo en transporte local para que pueda explorar a su aire cada uno de sus rincones.<\/p>\n<h3>Plaza de la Virgen<\/h3>\n<p>Otro de los lugares m\u00e1s representativos de Valencia es la Plaza de la Virgen. Se trata del centro hist\u00f3rico de la ciudad y donde se encuentran algunos de los monumentos m\u00e1s atractivos de Valencia.<\/p>\n<p>En esta plaza se celebran dos tradiciones consideradas patrimonio cultural de la humanidad, como son el Tribunal de las Aguas y la fiesta de las Fallas.<\/p>\n<h3>El Mercado Central de Valencia<\/h3>\n<p>Este llamativo mercado fue inaugurado por Alfonso XIII en 1928. Es una construcci\u00f3n que cuenta con m\u00e1s de 8.000 metros cuadrados. Su espacio irradia mucho aroma, color y sabor.<\/p>\n<p>Asimismo, la arquitectura del propio edificio es una obra de arte.<\/p>\n<p>Pero eso no es todo lo que ver\u00e1, ya que este tour privado a pie por Valencia tambi\u00e9n le llevar\u00e1 a recorrer la ciudad:<\/p>\n<p><strong>La Catedral de Valencia, El Miguelete y el Santo C\u00e1liz<\/strong><br \/>\n<strong>La Lonja de la Seda Valenciana<\/strong><br \/>\n<strong>Torres de Serranos<\/strong><br \/>\n<strong>Santa Catalina<\/strong><br \/>\n<strong>Calle Caballeros<\/strong><br \/>\n<strong>Plaza del Ayuntamiento<\/strong><br \/>\n<strong>La Plaza Redonda y muchos puntos m\u00e1s.<\/strong><\/p>\n<p>Ser\u00e1n 4 horas personalizadas dise\u00f1adas para aprovechar al m\u00e1ximo cada minuto de su paseo por la capital valenciana.<\/p>\n<p>Le recomendamos que incluya en su itinerario una <a href=\"https:\/\/tourtravelandmore.com\/es\/tours\/espana-es\/valencia-es\/tour-privado-a-peniscola-desde-valencia\/\">excursi\u00f3n privada a Pe\u00f1\u00edscola desde Valencia<\/a> para admirar los paisajes mediterr\u00e1neos m\u00e1s impresionantes y bellos de la Pen\u00ednsula Ib\u00e9rica.<\/p>\n","protected":false},"excerpt":{"rendered":"<p><span style=\"font-weight: 400;\">\u00bfQuieres conocer la ciudad de Valencia de una manera \u00fanica y exclusiva? Este tour privado a pie por Valencia es una oportunidad imperdible para explorar de cerca los lugares m\u00e1s llamativos de esta ciudad. En esta excursi\u00f3n ir\u00e1s en compa\u00f1\u00eda de un gu\u00eda oficial para que descubras todos los datos hist\u00f3ricos y culturales que han convertido a esta imponente ciudad en una de las m\u00e1s visitadas de toda Europa.<\/span><\/p>\n","protected":false},"featured_media":119778,"comment_status":"open","ping_status":"closed","template":"","meta":{"_acf_changed":false},"product_brand":[],"product_cat":[321,322,325],"product_tag":[],"class_list":{"0":"post-118735","1":"product","2":"type-product","3":"status-publish","4":"has-post-thumbnail","6":"product_cat-valencia-es","7":"product_cat-valencia-actividades-es","8":"product_cat-valencia-tours-privados-pie-es","10":"first","11":"instock","12":"shipping-taxable","13":"purchasable","14":"product-type-simple"},"acf":[],"yoast_head":"<!-- This site is optimized with the Yoast SEO Premium plugin v25.3.1 (Yoast SEO v25.3.1) - https:\/\/yoast.com\/wordpress\/plugins\/seo\/ -->\n<title>\u27a1\ufe0f Tour privado a pie por Valencia con gu\u00eda privado incluido | Tour Travel &amp; More<\/title>\n<meta name=\"description\" content=\"Explora los monumentos y edificios m\u00e1s atractivos de Valencia de una forma personalizada en un tour privado a pie en compa\u00f1\u00eda de un gu\u00eda experto \u2705\" \/>\n<meta name=\"robots\" content=\"index, follow, max-snippet:-1, max-image-preview:large, max-video-preview:-1\" \/>\n<link rel=\"canonical\" href=\"https:\/\/tourtravelandmore.com\/es\/tours\/espana-es\/valencia-es\/tour-privado-a-pie-por-valencia-copy\/\" \/>\n<meta property=\"og:locale\" content=\"es_ES\" \/>\n<meta property=\"og:type\" content=\"article\" \/>\n<meta property=\"og:title\" content=\"Tour Privado a Pie por Valencia y la Ciudad de las Ciencias\" \/>\n<meta property=\"og:description\" content=\"Explora los monumentos y edificios m\u00e1s atractivos de Valencia de una forma personalizada en un tour privado a pie en compa\u00f1\u00eda de un gu\u00eda experto \u2705\" \/>\n<meta property=\"og:url\" content=\"https:\/\/tourtravelandmore.com\/es\/tours\/espana-es\/valencia-es\/tour-privado-a-pie-por-valencia-copy\/\" \/>\n<meta property=\"og:site_name\" content=\"Tour Travel And More\" \/>\n<meta property=\"article:publisher\" content=\"https:\/\/www.facebook.com\/tourtravelandmore\/\" \/>\n<meta property=\"article:modified_time\" content=\"2024-01-29T09:28:56+00:00\" \/>\n<meta property=\"og:image\" content=\"https:\/\/tourtravelandmore.com\/wp-content\/uploads\/2022\/02\/markus-winkler-R9xBBnID3vg-unsplash.jpg\" \/>\n\t<meta property=\"og:image:width\" content=\"1920\" \/>\n\t<meta property=\"og:image:height\" content=\"1440\" \/>\n\t<meta property=\"og:image:type\" content=\"image\/jpeg\" \/>\n<meta name=\"twitter:card\" content=\"summary_large_image\" \/>\n<meta name=\"twitter:site\" content=\"@TourTravel_More\" \/>\n<meta name=\"twitter:label1\" content=\"Tiempo de lectura\" \/>\n\t<meta name=\"twitter:data1\" content=\"4 minutos\" \/>\n<script type=\"application\/ld+json\" class=\"yoast-schema-graph\">{\"@context\":\"https:\/\/schema.org\",\"@graph\":[{\"@type\":\"WebPage\",\"@id\":\"https:\/\/tourtravelandmore.com\/es\/tours\/espana-es\/valencia-es\/tour-privado-a-pie-por-valencia-copy\/\",\"url\":\"https:\/\/tourtravelandmore.com\/es\/tours\/espana-es\/valencia-es\/tour-privado-a-pie-por-valencia-copy\/\",\"name\":\"\u27a1\ufe0f Tour privado a pie por Valencia con gu\u00eda privado incluido | Tour Travel & More\",\"isPartOf\":{\"@id\":\"https:\/\/tourtravelandmore.com\/es\/#website\"},\"primaryImageOfPage\":{\"@id\":\"https:\/\/tourtravelandmore.com\/es\/tours\/espana-es\/valencia-es\/tour-privado-a-pie-por-valencia-copy\/#primaryimage\"},\"image\":{\"@id\":\"https:\/\/tourtravelandmore.com\/es\/tours\/espana-es\/valencia-es\/tour-privado-a-pie-por-valencia-copy\/#primaryimage\"},\"thumbnailUrl\":\"https:\/\/tourtravelandmore.com\/wp-content\/uploads\/2022\/02\/markus-winkler-R9xBBnID3vg-unsplash.jpg\",\"datePublished\":\"2022-02-09T16:14:19+00:00\",\"dateModified\":\"2024-01-29T09:28:56+00:00\",\"description\":\"Explora los monumentos y edificios m\u00e1s atractivos de Valencia de una forma personalizada en un tour privado a pie en compa\u00f1\u00eda de un gu\u00eda experto \u2705\",\"breadcrumb\":{\"@id\":\"https:\/\/tourtravelandmore.com\/es\/tours\/espana-es\/valencia-es\/tour-privado-a-pie-por-valencia-copy\/#breadcrumb\"},\"inLanguage\":\"es\",\"potentialAction\":[{\"@type\":\"ReadAction\",\"target\":[\"https:\/\/tourtravelandmore.com\/es\/tours\/espana-es\/valencia-es\/tour-privado-a-pie-por-valencia-copy\/\"]}]},{\"@type\":\"ImageObject\",\"inLanguage\":\"es\",\"@id\":\"https:\/\/tourtravelandmore.com\/es\/tours\/espana-es\/valencia-es\/tour-privado-a-pie-por-valencia-copy\/#primaryimage\",\"url\":\"https:\/\/tourtravelandmore.com\/wp-content\/uploads\/2022\/02\/markus-winkler-R9xBBnID3vg-unsplash.jpg\",\"contentUrl\":\"https:\/\/tourtravelandmore.com\/wp-content\/uploads\/2022\/02\/markus-winkler-R9xBBnID3vg-unsplash.jpg\",\"width\":1920,\"height\":1440},{\"@type\":\"BreadcrumbList\",\"@id\":\"https:\/\/tourtravelandmore.com\/es\/tours\/espana-es\/valencia-es\/tour-privado-a-pie-por-valencia-copy\/#breadcrumb\",\"itemListElement\":[{\"@type\":\"ListItem\",\"position\":1,\"name\":\"Home\",\"item\":\"https:\/\/tourtravelandmore.com\/es\/\"},{\"@type\":\"ListItem\",\"position\":2,\"name\":\"Tours\",\"item\":\"https:\/\/tourtravelandmore.com\/es\/tours\/\"},{\"@type\":\"ListItem\",\"position\":3,\"name\":\"Tour Privado a Pie por Valencia y la Ciudad de las Ciencias\"}]},{\"@type\":\"WebSite\",\"@id\":\"https:\/\/tourtravelandmore.com\/es\/#website\",\"url\":\"https:\/\/tourtravelandmore.com\/es\/\",\"name\":\"Tour Travel And More\",\"description\":\"Private sightseeing tours and luxury transfers in Spain\",\"publisher\":{\"@id\":\"https:\/\/tourtravelandmore.com\/es\/#organization\"},\"potentialAction\":[{\"@type\":\"SearchAction\",\"target\":{\"@type\":\"EntryPoint\",\"urlTemplate\":\"https:\/\/tourtravelandmore.com\/es\/?s={search_term_string}\"},\"query-input\":{\"@type\":\"PropertyValueSpecification\",\"valueRequired\":true,\"valueName\":\"search_term_string\"}}],\"inLanguage\":\"es\"},{\"@type\":\"Organization\",\"@id\":\"https:\/\/tourtravelandmore.com\/es\/#organization\",\"name\":\"Tour Travel And More\",\"url\":\"https:\/\/tourtravelandmore.com\/es\/\",\"logo\":{\"@type\":\"ImageObject\",\"inLanguage\":\"es\",\"@id\":\"https:\/\/tourtravelandmore.com\/es\/#\/schema\/logo\/image\/\",\"url\":\"https:\/\/tourtravelandmore.com\/wp-content\/uploads\/2022\/12\/cropped-logo-cabecera-new.png\",\"contentUrl\":\"https:\/\/tourtravelandmore.com\/wp-content\/uploads\/2022\/12\/cropped-logo-cabecera-new.png\",\"width\":430,\"height\":61,\"caption\":\"Tour Travel And More\"},\"image\":{\"@id\":\"https:\/\/tourtravelandmore.com\/es\/#\/schema\/logo\/image\/\"},\"sameAs\":[\"https:\/\/www.facebook.com\/tourtravelandmore\/\",\"https:\/\/x.com\/TourTravel_More\"]}]}<\/script>\n<!-- \/ Yoast SEO Premium plugin. -->","yoast_head_json":{"title":"\u27a1\ufe0f Tour privado a pie por Valencia con gu\u00eda privado incluido | Tour Travel & More","description":"Explora los monumentos y edificios m\u00e1s atractivos de Valencia de una forma personalizada en un tour privado a pie en compa\u00f1\u00eda de un gu\u00eda experto \u2705","robots":{"index":"index","follow":"follow","max-snippet":"max-snippet:-1","max-image-preview":"max-image-preview:large","max-video-preview":"max-video-preview:-1"},"canonical":"https:\/\/tourtravelandmore.com\/es\/tours\/espana-es\/valencia-es\/tour-privado-a-pie-por-valencia-copy\/","og_locale":"es_ES","og_type":"article","og_title":"Tour Privado a Pie por Valencia y la Ciudad de las Ciencias","og_description":"Explora los monumentos y edificios m\u00e1s atractivos de Valencia de una forma personalizada en un tour privado a pie en compa\u00f1\u00eda de un gu\u00eda experto \u2705","og_url":"https:\/\/tourtravelandmore.com\/es\/tours\/espana-es\/valencia-es\/tour-privado-a-pie-por-valencia-copy\/","og_site_name":"Tour Travel And More","article_publisher":"https:\/\/www.facebook.com\/tourtravelandmore\/","article_modified_time":"2024-01-29T09:28:56+00:00","og_image":[{"width":1920,"height":1440,"url":"https:\/\/tourtravelandmore.com\/wp-content\/uploads\/2022\/02\/markus-winkler-R9xBBnID3vg-unsplash.jpg","type":"image\/jpeg"}],"twitter_card":"summary_large_image","twitter_site":"@TourTravel_More","twitter_misc":{"Tiempo de lectura":"4 minutos"},"schema":{"@context":"https:\/\/schema.org","@graph":[{"@type":"WebPage","@id":"https:\/\/tourtravelandmore.com\/es\/tours\/espana-es\/valencia-es\/tour-privado-a-pie-por-valencia-copy\/","url":"https:\/\/tourtravelandmore.com\/es\/tours\/espana-es\/valencia-es\/tour-privado-a-pie-por-valencia-copy\/","name":"\u27a1\ufe0f Tour privado a pie por Valencia con gu\u00eda privado incluido | Tour Travel & More","isPartOf":{"@id":"https:\/\/tourtravelandmore.com\/es\/#website"},"primaryImageOfPage":{"@id":"https:\/\/tourtravelandmore.com\/es\/tours\/espana-es\/valencia-es\/tour-privado-a-pie-por-valencia-copy\/#primaryimage"},"image":{"@id":"https:\/\/tourtravelandmore.com\/es\/tours\/espana-es\/valencia-es\/tour-privado-a-pie-por-valencia-copy\/#primaryimage"},"thumbnailUrl":"https:\/\/tourtravelandmore.com\/wp-content\/uploads\/2022\/02\/markus-winkler-R9xBBnID3vg-unsplash.jpg","datePublished":"2022-02-09T16:14:19+00:00","dateModified":"2024-01-29T09:28:56+00:00","description":"Explora los monumentos y edificios m\u00e1s atractivos de Valencia de una forma personalizada en un tour privado a pie en compa\u00f1\u00eda de un gu\u00eda experto \u2705","breadcrumb":{"@id":"https:\/\/tourtravelandmore.com\/es\/tours\/espana-es\/valencia-es\/tour-privado-a-pie-por-valencia-copy\/#breadcrumb"},"inLanguage":"es","potentialAction":[{"@type":"ReadAction","target":["https:\/\/tourtravelandmore.com\/es\/tours\/espana-es\/valencia-es\/tour-privado-a-pie-por-valencia-copy\/"]}]},{"@type":"ImageObject","inLanguage":"es","@id":"https:\/\/tourtravelandmore.com\/es\/tours\/espana-es\/valencia-es\/tour-privado-a-pie-por-valencia-copy\/#primaryimage","url":"https:\/\/tourtravelandmore.com\/wp-content\/uploads\/2022\/02\/markus-winkler-R9xBBnID3vg-unsplash.jpg","contentUrl":"https:\/\/tourtravelandmore.com\/wp-content\/uploads\/2022\/02\/markus-winkler-R9xBBnID3vg-unsplash.jpg","width":1920,"height":1440},{"@type":"BreadcrumbList","@id":"https:\/\/tourtravelandmore.com\/es\/tours\/espana-es\/valencia-es\/tour-privado-a-pie-por-valencia-copy\/#breadcrumb","itemListElement":[{"@type":"ListItem","position":1,"name":"Home","item":"https:\/\/tourtravelandmore.com\/es\/"},{"@type":"ListItem","position":2,"name":"Tours","item":"https:\/\/tourtravelandmore.com\/es\/tours\/"},{"@type":"ListItem","position":3,"name":"Tour Privado a Pie por Valencia y la Ciudad de las Ciencias"}]},{"@type":"WebSite","@id":"https:\/\/tourtravelandmore.com\/es\/#website","url":"https:\/\/tourtravelandmore.com\/es\/","name":"Tour Travel And More","description":"Private sightseeing tours and luxury transfers in Spain","publisher":{"@id":"https:\/\/tourtravelandmore.com\/es\/#organization"},"potentialAction":[{"@type":"SearchAction","target":{"@type":"EntryPoint","urlTemplate":"https:\/\/tourtravelandmore.com\/es\/?s={search_term_string}"},"query-input":{"@type":"PropertyValueSpecification","valueRequired":true,"valueName":"search_term_string"}}],"inLanguage":"es"},{"@type":"Organization","@id":"https:\/\/tourtravelandmore.com\/es\/#organization","name":"Tour Travel And More","url":"https:\/\/tourtravelandmore.com\/es\/","logo":{"@type":"ImageObject","inLanguage":"es","@id":"https:\/\/tourtravelandmore.com\/es\/#\/schema\/logo\/image\/","url":"https:\/\/tourtravelandmore.com\/wp-content\/uploads\/2022\/12\/cropped-logo-cabecera-new.png","contentUrl":"https:\/\/tourtravelandmore.com\/wp-content\/uploads\/2022\/12\/cropped-logo-cabecera-new.png","width":430,"height":61,"caption":"Tour Travel And More"},"image":{"@id":"https:\/\/tourtravelandmore.com\/es\/#\/schema\/logo\/image\/"},"sameAs":["https:\/\/www.facebook.com\/tourtravelandmore\/","https:\/\/x.com\/TourTravel_More"]}]}},"_links":{"self":[{"href":"https:\/\/tourtravelandmore.com\/es\/wp-json\/wp\/v2\/product\/118735","targetHints":{"allow":["GET"]}}],"collection":[{"href":"https:\/\/tourtravelandmore.com\/es\/wp-json\/wp\/v2\/product"}],"about":[{"href":"https:\/\/tourtravelandmore.com\/es\/wp-json\/wp\/v2\/types\/product"}],"replies":[{"embeddable":true,"href":"https:\/\/tourtravelandmore.com\/es\/wp-json\/wp\/v2\/comments?post=118735"}],"wp:featuredmedia":[{"embeddable":true,"href":"https:\/\/tourtravelandmore.com\/es\/wp-json\/wp\/v2\/media\/119778"}],"wp:attachment":[{"href":"https:\/\/tourtravelandmore.com\/es\/wp-json\/wp\/v2\/media?parent=118735"}],"wp:term":[{"taxonomy":"product_brand","embeddable":true,"href":"https:\/\/tourtravelandmore.com\/es\/wp-json\/wp\/v2\/product_brand?post=118735"},{"taxonomy":"product_cat","embeddable":true,"href":"https:\/\/tourtravelandmore.com\/es\/wp-json\/wp\/v2\/product_cat?post=118735"},{"taxonomy":"product_tag","embeddable":true,"href":"https:\/\/tourtravelandmore.com\/es\/wp-json\/wp\/v2\/product_tag?post=118735"}],"curies":[{"name":"wp","href":"https:\/\/api.w.org\/{rel}","templated":true}]}}