{"id":118101,"date":"2022-01-25T17:10:24","date_gmt":"2022-01-26T13:15:04","guid":{"rendered":"https:\/\/tourtravelandmore.com\/?post_type=product&#038;p=118101"},"modified":"2023-08-04T10:42:14","modified_gmt":"2023-08-04T08:42:14","slug":"visita-privada-de-medio-dia-en-abu-dabi","status":"publish","type":"product","link":"https:\/\/tourtravelandmore.com\/es\/tours\/emiratos-arabes-unidos-es\/abu-dhabi-es\/abu-dhabi-excursiones-privadas-cruceros-es\/visita-privada-de-medio-dia-en-abu-dabi\/","title":{"rendered":"Visita privada de medio d\u00eda en Abu Dabi"},"content":{"rendered":"<h2>Descripci\u00f3n de la Visita privada de medio d\u00eda en Abu Dabi<\/h2>\n<p>El nombre de Abu Dabi significa &#8220;Tierra de la Gacela&#8221; en \u00e1rabe. Lo que antes era un modesto asentamiento insular se ha transformado en la moderna y cosmopolita <strong>capital de los Emiratos \u00c1rabes Unidos<\/strong>, <strong>una de las ciudades m\u00e1s desarrolladas del mundo<\/strong>. El magn\u00edfico archipi\u00e9lago ofrece una mezcla de historia antigua, rica cultura y patrimonio, impresionantes edificios, hermosas playas, lujo de alta gama, aventuras para toda la familia y un ambiente acogedor.<\/p>\n<p>Conozca lo mejor de Abu Dabi con un tour privado, en el que un <strong>confortable veh\u00edculo privado con ch\u00f3fer<\/strong> le recoger\u00e1 en el lugar que designe de la ciudadm, y un <strong>gu\u00eda oficial privado<\/strong> le mostrar\u00e1 lo mejor de la ciudad. Al finalizar el recorrido le devolveremos a su lugar de origen.<\/p>\n<h2>Puntos de inter\u00e9s en la Visita\u00a0privada de medio d\u00eda en Abu Dabi<\/h2>\n<p><strong><span style=\"color: #d3af37;\">La Gran Mezquita del Jeque Zayed<\/span><\/strong><\/p>\n<p><span style=\"font-weight: 400;\">El tour por la ciudad de Abu Dabi comenzar\u00e1 con una visita a la mayor mezquita de los EAU y <strong>una de las mayores mezquitas del mundo<\/strong>, conocida popularmente como la &#8220;Mezquita Blanca&#8221;. Es la \u00fanica mezquita que recoge una interacci\u00f3n \u00fanica entre el mundo isl\u00e1mico y las culturas de todo el mundo. Construida con <strong>estilos de diferentes <\/strong>civilizaciones musulmanas, arquitectos italianos, brit\u00e1nicos y emirat\u00edes, materiales de Turqu\u00eda, Marruecos, Pakist\u00e1n, Egipto&#8230; Tiene capacidad para 55.000 fieles y visitantes. La mezquita lleva el nombre del difunto presidente, Su Alteza el Jeque Zayed bin Sultan Al Nahyan.<\/span><\/p>\n<p><strong>IMPORTANTE<\/strong>: Todos los visitantes a las mezquitas deben llevar ropa que cubra totalmente los brazos y las piernas. Las mujeres deben llevar una abiya que les cubra el pelo.<\/p>\n<p><strong><span style=\"color: #d3af37;\">Hotel Emirate Palace<\/span><\/strong><\/p>\n<p><span style=\"font-weight: 400;\">La visita a la ciudad continuar\u00e1 con una parada fotogr\u00e1fica en el Hotel Emirate Palace, <strong>uno de los hoteles m\u00e1s caros y lujosos del mundo<\/strong>, cuya construcci\u00f3n cost\u00f3 aproximadamente 3.000 millones de d\u00f3lares.<\/span><\/p>\n<p><strong><span style=\"color: #d3af37;\">Al Bateen<\/span><\/strong><\/p>\n<p>La zona de Al Bateen de Abu Dabi alberga la Plaza del Presidente, los palacios de la familia real y los ic\u00f3nicos hoteles de gran altura <strong>con vistas al Golfo P\u00e9rsico<\/strong>.<\/p>\n<p><strong><span style=\"color: #d3af37;\">Mercado de d\u00e1tiles de Abu Dabi<\/span><\/strong><\/p>\n<p>Los d\u00e1tiles \u00e1rabes est\u00e1n omnipresentes en todas las tiendas de los EAU. El mercado de d\u00e1tiles de Abu Dabi es el mejor lugar para comprar los d\u00e1tiles de mejor calidad en esta regi\u00f3n. Tanto si es un amante de los d\u00e1tiles como si no, el mercado de d\u00e1tiles de Abu Dabi es <strong>un lugar que hay que ver<\/strong>. Puedes encontrar muchas tiendas que venden cientos de variedades de d\u00e1tiles. Le sorprender\u00e1 ver las diferentes variedades de d\u00e1tiles de Oriente Medio, como el suave, exquisito y afrutado d\u00e1til Ajwa, los s\u00faper dulces y jugosos d\u00e1tiles Safawi y muchos m\u00e1s. Un paseo por el mercado de d\u00e1tiles le ayudar\u00e1 a comprender la actividad comercial diaria de los d\u00e1tiles, que es <strong>una parte esencial del estilo de vida en esta parte del mundo<\/strong>.<\/p>\n<p><strong><span style=\"color: #d3af37;\">Aldea del Patrimonio<\/span><\/strong><\/p>\n<p><span style=\"font-weight: 400;\">Tendr\u00e1 la oportunidad de experimentar los <strong>aspectos tradicionales del modo de vida del desierto<\/strong>. El complejo incluye todos los elementos del estilo de vida tradicional emirat\u00ed: un fuerte para defenderse ante los\u00a0 invasores, un zoco donde tiene lugar comercio diario de cabras y camellos y otras profesiones tradicionales, y una mezquita que muestra c\u00f3mo el islam desempe\u00f1a un papel importante en el modo de vida emirat\u00ed.<\/span><\/p>\n<p><strong><span style=\"color: #d3af37;\">Parada fotogr\u00e1fica en la isla de Yas y Ferrari World<\/span><\/strong><\/p>\n<p>Yas es una <strong>isla artificial<\/strong> que en pocos a\u00f1os ha pasado de ser un desierto de arena a un <strong>deseado resort<\/strong> para pasar d\u00edas y noches fuera de casa. Gracias al circuito <strong>Yas Marina<\/strong>, al <strong>Ferrari World<\/strong> y al <strong>Hotel Viceroy<\/strong>, la isla Yas es la joya del turismo de Abu Dabi y est\u00e1 en la lista de deseos de todo turista. Haremos una <strong>parada fotogr\u00e1fica de 30 minutos en Ferrari World<\/strong>. Despu\u00e9s de un largo pero activo recorrido por la ciudad, le trasladaremos de vuelta a su hotel en Abu Dabi.<\/p>\n<p>Si nuestra <strong>visita privada de medio d\u00eda en Abu Dabi<\/strong><span style=\"font-weight: 400;\">\u00a0hace que quiera conocer m\u00e1s sobre este lugar \u00fanico, <strong><a href=\"https:\/\/tourtravelandmore.com\/es\/ciudad\/emiratos-arabes-unidos-es\/\" rel=\"noopener noreferrer\">no se pierda nuestros otros tours privados por Emiratos \u00c1rabes Unidos aqu\u00ed<\/a><\/strong><\/span>.<\/p>\n<p>&nbsp;<\/p>\n","protected":false},"excerpt":{"rendered":"<p>Visita la <strong>capital de Emiratos \u00c1rabes Unidos<\/strong> en una <strong>excursi\u00f3n privada de medio d\u00eda<\/strong> que te permitir\u00e1 conocer lugares como la <strong>Gran Mezquita o la Isla de Yas.<\/strong> Admira su modernidad y conoce la historia del lugar con tu <strong>gu\u00eda oficial privado<\/strong> y un c\u00f3modo <strong>veh\u00edculo privado con ch\u00f3fer<\/strong>.<\/p>\n","protected":false},"featured_media":118091,"comment_status":"open","ping_status":"closed","template":"","meta":{"_acf_changed":false},"product_brand":[],"product_cat":[1905,1906,1911,1908,1910],"product_tag":[],"class_list":{"0":"post-118101","1":"product","2":"type-product","3":"status-publish","4":"has-post-thumbnail","6":"product_cat-emiratos-arabes-unidos-es","7":"product_cat-abu-dhabi-es","8":"product_cat-abu-dhabi-actividades-es","9":"product_cat-abu-dhabi-excursiones-privadas-cruceros-es","10":"product_cat-abu-dhabi-rutas-turisticas-privadas-es","12":"first","13":"instock","14":"shipping-taxable","15":"purchasable","16":"product-type-simple"},"acf":[],"yoast_head":"<!-- This site is optimized with the Yoast SEO Premium plugin v25.3.1 (Yoast SEO v25.3.1) - https:\/\/yoast.com\/wordpress\/plugins\/seo\/ -->\n<title>\u27a1\ufe0f Visita privada de medio d\u00eda en Abu Dabi | Tour Travel &amp; More<\/title>\n<meta name=\"description\" content=\"Visita privada a la ciudad de Abu Dhabi. Sus maravillosos lugares, su arquitectura moderna, su patrimonio, la Gran Mezquita, la isla de Yas \u2705\" \/>\n<meta name=\"robots\" content=\"index, follow, max-snippet:-1, max-image-preview:large, max-video-preview:-1\" \/>\n<link rel=\"canonical\" href=\"https:\/\/tourtravelandmore.com\/es\/tours\/emiratos-arabes-unidos-es\/abu-dhabi-es\/abu-dhabi-excursiones-privadas-cruceros-es\/visita-privada-de-medio-dia-en-abu-dabi\/\" \/>\n<meta property=\"og:locale\" content=\"es_ES\" \/>\n<meta property=\"og:type\" content=\"article\" \/>\n<meta property=\"og:title\" content=\"Visita privada de medio d\u00eda en Abu Dabi\" \/>\n<meta property=\"og:description\" content=\"Visita privada a la ciudad de Abu Dhabi. Sus maravillosos lugares, su arquitectura moderna, su patrimonio, la Gran Mezquita, la isla de Yas \u2705\" \/>\n<meta property=\"og:url\" content=\"https:\/\/tourtravelandmore.com\/es\/tours\/emiratos-arabes-unidos-es\/abu-dhabi-es\/abu-dhabi-excursiones-privadas-cruceros-es\/visita-privada-de-medio-dia-en-abu-dabi\/\" \/>\n<meta property=\"og:site_name\" content=\"Tour Travel And More\" \/>\n<meta property=\"article:publisher\" content=\"https:\/\/www.facebook.com\/tourtravelandmore\/\" \/>\n<meta property=\"article:modified_time\" content=\"2023-08-04T08:42:14+00:00\" \/>\n<meta property=\"og:image\" content=\"https:\/\/tourtravelandmore.com\/wp-content\/uploads\/2022\/01\/ferrari-world.jpg\" \/>\n\t<meta property=\"og:image:width\" content=\"1920\" \/>\n\t<meta property=\"og:image:height\" content=\"1440\" \/>\n\t<meta property=\"og:image:type\" content=\"image\/jpeg\" \/>\n<meta name=\"twitter:card\" content=\"summary_large_image\" \/>\n<meta name=\"twitter:site\" content=\"@TourTravel_More\" \/>\n<meta name=\"twitter:label1\" content=\"Tiempo de lectura\" \/>\n\t<meta name=\"twitter:data1\" content=\"4 minutos\" \/>\n<script type=\"application\/ld+json\" class=\"yoast-schema-graph\">{\"@context\":\"https:\/\/schema.org\",\"@graph\":[{\"@type\":\"WebPage\",\"@id\":\"https:\/\/tourtravelandmore.com\/es\/tours\/emiratos-arabes-unidos-es\/abu-dhabi-es\/abu-dhabi-excursiones-privadas-cruceros-es\/visita-privada-de-medio-dia-en-abu-dabi\/\",\"url\":\"https:\/\/tourtravelandmore.com\/es\/tours\/emiratos-arabes-unidos-es\/abu-dhabi-es\/abu-dhabi-excursiones-privadas-cruceros-es\/visita-privada-de-medio-dia-en-abu-dabi\/\",\"name\":\"\u27a1\ufe0f Visita privada de medio d\u00eda en Abu Dabi | Tour Travel & More\",\"isPartOf\":{\"@id\":\"https:\/\/tourtravelandmore.com\/es\/#website\"},\"primaryImageOfPage\":{\"@id\":\"https:\/\/tourtravelandmore.com\/es\/tours\/emiratos-arabes-unidos-es\/abu-dhabi-es\/abu-dhabi-excursiones-privadas-cruceros-es\/visita-privada-de-medio-dia-en-abu-dabi\/#primaryimage\"},\"image\":{\"@id\":\"https:\/\/tourtravelandmore.com\/es\/tours\/emiratos-arabes-unidos-es\/abu-dhabi-es\/abu-dhabi-excursiones-privadas-cruceros-es\/visita-privada-de-medio-dia-en-abu-dabi\/#primaryimage\"},\"thumbnailUrl\":\"https:\/\/tourtravelandmore.com\/wp-content\/uploads\/2022\/01\/ferrari-world.jpg\",\"datePublished\":\"2022-01-26T13:15:04+00:00\",\"dateModified\":\"2023-08-04T08:42:14+00:00\",\"description\":\"Visita privada a la ciudad de Abu Dhabi. Sus maravillosos lugares, su arquitectura moderna, su patrimonio, la Gran Mezquita, la isla de Yas \u2705\",\"breadcrumb\":{\"@id\":\"https:\/\/tourtravelandmore.com\/es\/tours\/emiratos-arabes-unidos-es\/abu-dhabi-es\/abu-dhabi-excursiones-privadas-cruceros-es\/visita-privada-de-medio-dia-en-abu-dabi\/#breadcrumb\"},\"inLanguage\":\"es\",\"potentialAction\":[{\"@type\":\"ReadAction\",\"target\":[\"https:\/\/tourtravelandmore.com\/es\/tours\/emiratos-arabes-unidos-es\/abu-dhabi-es\/abu-dhabi-excursiones-privadas-cruceros-es\/visita-privada-de-medio-dia-en-abu-dabi\/\"]}]},{\"@type\":\"ImageObject\",\"inLanguage\":\"es\",\"@id\":\"https:\/\/tourtravelandmore.com\/es\/tours\/emiratos-arabes-unidos-es\/abu-dhabi-es\/abu-dhabi-excursiones-privadas-cruceros-es\/visita-privada-de-medio-dia-en-abu-dabi\/#primaryimage\",\"url\":\"https:\/\/tourtravelandmore.com\/wp-content\/uploads\/2022\/01\/ferrari-world.jpg\",\"contentUrl\":\"https:\/\/tourtravelandmore.com\/wp-content\/uploads\/2022\/01\/ferrari-world.jpg\",\"width\":1920,\"height\":1440},{\"@type\":\"BreadcrumbList\",\"@id\":\"https:\/\/tourtravelandmore.com\/es\/tours\/emiratos-arabes-unidos-es\/abu-dhabi-es\/abu-dhabi-excursiones-privadas-cruceros-es\/visita-privada-de-medio-dia-en-abu-dabi\/#breadcrumb\",\"itemListElement\":[{\"@type\":\"ListItem\",\"position\":1,\"name\":\"Home\",\"item\":\"https:\/\/tourtravelandmore.com\/es\/\"},{\"@type\":\"ListItem\",\"position\":2,\"name\":\"Tours\",\"item\":\"https:\/\/tourtravelandmore.com\/es\/tours\/\"},{\"@type\":\"ListItem\",\"position\":3,\"name\":\"Visita privada de medio d\u00eda en Abu Dabi\"}]},{\"@type\":\"WebSite\",\"@id\":\"https:\/\/tourtravelandmore.com\/es\/#website\",\"url\":\"https:\/\/tourtravelandmore.com\/es\/\",\"name\":\"Tour Travel And More\",\"description\":\"Private sightseeing tours and luxury transfers in Spain\",\"publisher\":{\"@id\":\"https:\/\/tourtravelandmore.com\/es\/#organization\"},\"potentialAction\":[{\"@type\":\"SearchAction\",\"target\":{\"@type\":\"EntryPoint\",\"urlTemplate\":\"https:\/\/tourtravelandmore.com\/es\/?s={search_term_string}\"},\"query-input\":{\"@type\":\"PropertyValueSpecification\",\"valueRequired\":true,\"valueName\":\"search_term_string\"}}],\"inLanguage\":\"es\"},{\"@type\":\"Organization\",\"@id\":\"https:\/\/tourtravelandmore.com\/es\/#organization\",\"name\":\"Tour Travel And More\",\"url\":\"https:\/\/tourtravelandmore.com\/es\/\",\"logo\":{\"@type\":\"ImageObject\",\"inLanguage\":\"es\",\"@id\":\"https:\/\/tourtravelandmore.com\/es\/#\/schema\/logo\/image\/\",\"url\":\"https:\/\/tourtravelandmore.com\/wp-content\/uploads\/2022\/12\/cropped-logo-cabecera-new.png\",\"contentUrl\":\"https:\/\/tourtravelandmore.com\/wp-content\/uploads\/2022\/12\/cropped-logo-cabecera-new.png\",\"width\":430,\"height\":61,\"caption\":\"Tour Travel And More\"},\"image\":{\"@id\":\"https:\/\/tourtravelandmore.com\/es\/#\/schema\/logo\/image\/\"},\"sameAs\":[\"https:\/\/www.facebook.com\/tourtravelandmore\/\",\"https:\/\/x.com\/TourTravel_More\"]}]}<\/script>\n<!-- \/ Yoast SEO Premium plugin. -->","yoast_head_json":{"title":"\u27a1\ufe0f Visita privada de medio d\u00eda en Abu Dabi | Tour Travel & More","description":"Visita privada a la ciudad de Abu Dhabi. Sus maravillosos lugares, su arquitectura moderna, su patrimonio, la Gran Mezquita, la isla de Yas \u2705","robots":{"index":"index","follow":"follow","max-snippet":"max-snippet:-1","max-image-preview":"max-image-preview:large","max-video-preview":"max-video-preview:-1"},"canonical":"https:\/\/tourtravelandmore.com\/es\/tours\/emiratos-arabes-unidos-es\/abu-dhabi-es\/abu-dhabi-excursiones-privadas-cruceros-es\/visita-privada-de-medio-dia-en-abu-dabi\/","og_locale":"es_ES","og_type":"article","og_title":"Visita privada de medio d\u00eda en Abu Dabi","og_description":"Visita privada a la ciudad de Abu Dhabi. Sus maravillosos lugares, su arquitectura moderna, su patrimonio, la Gran Mezquita, la isla de Yas \u2705","og_url":"https:\/\/tourtravelandmore.com\/es\/tours\/emiratos-arabes-unidos-es\/abu-dhabi-es\/abu-dhabi-excursiones-privadas-cruceros-es\/visita-privada-de-medio-dia-en-abu-dabi\/","og_site_name":"Tour Travel And More","article_publisher":"https:\/\/www.facebook.com\/tourtravelandmore\/","article_modified_time":"2023-08-04T08:42:14+00:00","og_image":[{"width":1920,"height":1440,"url":"https:\/\/tourtravelandmore.com\/wp-content\/uploads\/2022\/01\/ferrari-world.jpg","type":"image\/jpeg"}],"twitter_card":"summary_large_image","twitter_site":"@TourTravel_More","twitter_misc":{"Tiempo de lectura":"4 minutos"},"schema":{"@context":"https:\/\/schema.org","@graph":[{"@type":"WebPage","@id":"https:\/\/tourtravelandmore.com\/es\/tours\/emiratos-arabes-unidos-es\/abu-dhabi-es\/abu-dhabi-excursiones-privadas-cruceros-es\/visita-privada-de-medio-dia-en-abu-dabi\/","url":"https:\/\/tourtravelandmore.com\/es\/tours\/emiratos-arabes-unidos-es\/abu-dhabi-es\/abu-dhabi-excursiones-privadas-cruceros-es\/visita-privada-de-medio-dia-en-abu-dabi\/","name":"\u27a1\ufe0f Visita privada de medio d\u00eda en Abu Dabi | Tour Travel & More","isPartOf":{"@id":"https:\/\/tourtravelandmore.com\/es\/#website"},"primaryImageOfPage":{"@id":"https:\/\/tourtravelandmore.com\/es\/tours\/emiratos-arabes-unidos-es\/abu-dhabi-es\/abu-dhabi-excursiones-privadas-cruceros-es\/visita-privada-de-medio-dia-en-abu-dabi\/#primaryimage"},"image":{"@id":"https:\/\/tourtravelandmore.com\/es\/tours\/emiratos-arabes-unidos-es\/abu-dhabi-es\/abu-dhabi-excursiones-privadas-cruceros-es\/visita-privada-de-medio-dia-en-abu-dabi\/#primaryimage"},"thumbnailUrl":"https:\/\/tourtravelandmore.com\/wp-content\/uploads\/2022\/01\/ferrari-world.jpg","datePublished":"2022-01-26T13:15:04+00:00","dateModified":"2023-08-04T08:42:14+00:00","description":"Visita privada a la ciudad de Abu Dhabi. Sus maravillosos lugares, su arquitectura moderna, su patrimonio, la Gran Mezquita, la isla de Yas \u2705","breadcrumb":{"@id":"https:\/\/tourtravelandmore.com\/es\/tours\/emiratos-arabes-unidos-es\/abu-dhabi-es\/abu-dhabi-excursiones-privadas-cruceros-es\/visita-privada-de-medio-dia-en-abu-dabi\/#breadcrumb"},"inLanguage":"es","potentialAction":[{"@type":"ReadAction","target":["https:\/\/tourtravelandmore.com\/es\/tours\/emiratos-arabes-unidos-es\/abu-dhabi-es\/abu-dhabi-excursiones-privadas-cruceros-es\/visita-privada-de-medio-dia-en-abu-dabi\/"]}]},{"@type":"ImageObject","inLanguage":"es","@id":"https:\/\/tourtravelandmore.com\/es\/tours\/emiratos-arabes-unidos-es\/abu-dhabi-es\/abu-dhabi-excursiones-privadas-cruceros-es\/visita-privada-de-medio-dia-en-abu-dabi\/#primaryimage","url":"https:\/\/tourtravelandmore.com\/wp-content\/uploads\/2022\/01\/ferrari-world.jpg","contentUrl":"https:\/\/tourtravelandmore.com\/wp-content\/uploads\/2022\/01\/ferrari-world.jpg","width":1920,"height":1440},{"@type":"BreadcrumbList","@id":"https:\/\/tourtravelandmore.com\/es\/tours\/emiratos-arabes-unidos-es\/abu-dhabi-es\/abu-dhabi-excursiones-privadas-cruceros-es\/visita-privada-de-medio-dia-en-abu-dabi\/#breadcrumb","itemListElement":[{"@type":"ListItem","position":1,"name":"Home","item":"https:\/\/tourtravelandmore.com\/es\/"},{"@type":"ListItem","position":2,"name":"Tours","item":"https:\/\/tourtravelandmore.com\/es\/tours\/"},{"@type":"ListItem","position":3,"name":"Visita privada de medio d\u00eda en Abu Dabi"}]},{"@type":"WebSite","@id":"https:\/\/tourtravelandmore.com\/es\/#website","url":"https:\/\/tourtravelandmore.com\/es\/","name":"Tour Travel And More","description":"Private sightseeing tours and luxury transfers in Spain","publisher":{"@id":"https:\/\/tourtravelandmore.com\/es\/#organization"},"potentialAction":[{"@type":"SearchAction","target":{"@type":"EntryPoint","urlTemplate":"https:\/\/tourtravelandmore.com\/es\/?s={search_term_string}"},"query-input":{"@type":"PropertyValueSpecification","valueRequired":true,"valueName":"search_term_string"}}],"inLanguage":"es"},{"@type":"Organization","@id":"https:\/\/tourtravelandmore.com\/es\/#organization","name":"Tour Travel And More","url":"https:\/\/tourtravelandmore.com\/es\/","logo":{"@type":"ImageObject","inLanguage":"es","@id":"https:\/\/tourtravelandmore.com\/es\/#\/schema\/logo\/image\/","url":"https:\/\/tourtravelandmore.com\/wp-content\/uploads\/2022\/12\/cropped-logo-cabecera-new.png","contentUrl":"https:\/\/tourtravelandmore.com\/wp-content\/uploads\/2022\/12\/cropped-logo-cabecera-new.png","width":430,"height":61,"caption":"Tour Travel And More"},"image":{"@id":"https:\/\/tourtravelandmore.com\/es\/#\/schema\/logo\/image\/"},"sameAs":["https:\/\/www.facebook.com\/tourtravelandmore\/","https:\/\/x.com\/TourTravel_More"]}]}},"_links":{"self":[{"href":"https:\/\/tourtravelandmore.com\/es\/wp-json\/wp\/v2\/product\/118101","targetHints":{"allow":["GET"]}}],"collection":[{"href":"https:\/\/tourtravelandmore.com\/es\/wp-json\/wp\/v2\/product"}],"about":[{"href":"https:\/\/tourtravelandmore.com\/es\/wp-json\/wp\/v2\/types\/product"}],"replies":[{"embeddable":true,"href":"https:\/\/tourtravelandmore.com\/es\/wp-json\/wp\/v2\/comments?post=118101"}],"wp:featuredmedia":[{"embeddable":true,"href":"https:\/\/tourtravelandmore.com\/es\/wp-json\/wp\/v2\/media\/118091"}],"wp:attachment":[{"href":"https:\/\/tourtravelandmore.com\/es\/wp-json\/wp\/v2\/media?parent=118101"}],"wp:term":[{"taxonomy":"product_brand","embeddable":true,"href":"https:\/\/tourtravelandmore.com\/es\/wp-json\/wp\/v2\/product_brand?post=118101"},{"taxonomy":"product_cat","embeddable":true,"href":"https:\/\/tourtravelandmore.com\/es\/wp-json\/wp\/v2\/product_cat?post=118101"},{"taxonomy":"product_tag","embeddable":true,"href":"https:\/\/tourtravelandmore.com\/es\/wp-json\/wp\/v2\/product_tag?post=118101"}],"curies":[{"name":"wp","href":"https:\/\/api.w.org\/{rel}","templated":true}]}}