{"id":117958,"date":"2022-01-23T23:24:32","date_gmt":"2022-01-23T23:49:27","guid":{"rendered":"https:\/\/tourtravelandmore.com\/?post_type=product&#038;p=117958"},"modified":"2023-08-04T10:43:37","modified_gmt":"2023-08-04T08:43:37","slug":"visita-privada-a-abu-dabi-con-louvre-y-qasr-al-watan","status":"publish","type":"product","link":"https:\/\/tourtravelandmore.com\/es\/tours\/emiratos-arabes-unidos-es\/abu-dhabi-es\/abu-dhabi-excursiones-privadas-cruceros-es\/visita-privada-a-abu-dabi-con-louvre-y-qasr-al-watan\/","title":{"rendered":"Visita privada a la ciudad de Abu Dabi con Louvre y Qasr Al Watan"},"content":{"rendered":"<h2>Descripci\u00f3n de la Visita privada a la ciudad de Abu Dabi con Louvre y Qasr Al Watan<\/h2>\n<p>El nombre de Abu Dabi significa &#8220;Tierra de la Gacela&#8221; en \u00e1rabe. Lo que antes era un modesto asentamiento insular se ha transformado en la moderna y cosmopolita <strong>capital de los Emiratos \u00c1rabes Unidos<\/strong>, <strong>una de las ciudades m\u00e1s desarrolladas del mundo<\/strong>. El magn\u00edfico archipi\u00e9lago ofrece una mezcla de historia antigua, rica cultura y patrimonio, impresionantes edificios, hermosas playas, lujo de alta gama, aventuras para toda la familia y un ambiente acogedor.<\/p>\n<p>Conozca lo mejor de Abu Dabi con un tour privado, en el que un <strong>confortable veh\u00edculo privado con ch\u00f3fer<\/strong> le recoger\u00e1 en el lugar que designe en la ciudad, y un <strong>gu\u00eda oficial privado<\/strong> le mostrar\u00e1 lo mejor de la misma. Durante el recorrido tendremos tiempo para almorzar en un restaurante local, y al finalizar le devolveremos a su lugar de origen.<\/p>\n<h2>Puntos de inter\u00e9s en la Visita privada a la ciudad de Abu Dabi con Louvre y Qasr Al Watan<\/h2>\n<p><strong><span style=\"color: #d3af37;\">La Gran Mezquita del Jeque Zayed<\/span><\/strong><\/p>\n<p><span style=\"font-weight: 400;\">El tour por la ciudad de Abu Dabi comenzar\u00e1 con una visita a la mayor mezquita de los EAU y <strong>una de las mayores mezquitas del mundo<\/strong>, conocida popularmente como la &#8220;Mezquita Blanca&#8221;. Es la \u00fanica mezquita que recoge una interacci\u00f3n \u00fanica entre el mundo isl\u00e1mico y las culturas de todo el mundo. Construida con <strong>estilos de diferentes <\/strong>civilizaciones musulmanas, arquitectos italianos, brit\u00e1nicos y emirat\u00edes, materiales de Turqu\u00eda, Marruecos, Pakist\u00e1n, Egipto&#8230; Tiene capacidad para 55.000 fieles y visitantes. La mezquita lleva el nombre del difunto presidente, Su Alteza el Jeque Zayed bin Sultan Al Nahyan.<\/span><\/p>\n<p><strong>IMPORTANTE<\/strong>: Todos los visitantes a las mezquitas deben llevar ropa que cubra totalmente los brazos y las piernas. Las mujeres deben llevar una abiya que les cubra el pelo.<\/p>\n<p><strong><span style=\"color: #d3af37;\">Hotel Emirate Palace<\/span><\/strong><\/p>\n<p><span style=\"font-weight: 400;\">La visita a la ciudad continuar\u00e1 con una parada fotogr\u00e1fica en el Hotel Emirate Palace, <strong>uno de los hoteles m\u00e1s caros y lujosos del mundo<\/strong>, cuya construcci\u00f3n cost\u00f3 aproximadamente 3.000 millones de d\u00f3lares.<\/span><\/p>\n<p><strong><span style=\"color: #d3af37;\">Al Bateen<\/span><\/strong><\/p>\n<p>La zona de Al Bateen de Abu Dabi alberga la Plaza del Presidente, los palacios de la familia real y los ic\u00f3nicos hoteles de gran altura <strong>con vistas al Golfo P\u00e9rsico<\/strong>.<\/p>\n<p><strong><span style=\"color: #d3af37;\">Cornisa de Abu Dabi<\/span><\/strong><\/p>\n<p><span style=\"font-weight: 400;\">Un tramo de ocho kil\u00f3metros de <strong>paseo mar\u00edtimo<\/strong> perfectamente perfilado con zona de juegos para ni\u00f1os, playa, numerosos caf\u00e9s y restaurantes de alta cocina, que lo convierten en uno de los mejores lugares de Abu Dabi para pasar el d\u00eda.<\/span><\/p>\n<p><strong><span style=\"color: #d3af37;\">Abu Dabi Marina Mall<\/span><\/strong><\/p>\n<p><span style=\"font-weight: 400;\">Uno de los <strong>centros comerciales m\u00e1s grandes y lujosos<\/strong> <strong>del mundo<\/strong>, donde tendr\u00e1s tiempo para ir de compras y comer.<\/span><\/p>\n<p><strong><span style=\"color: #d3af37;\">Aldea del Patrimonio<\/span><\/strong><\/p>\n<p><span style=\"font-weight: 400;\">Tendr\u00e1 la oportunidad de experimentar los <strong>aspectos tradicionales del modo de vida del desierto<\/strong>. El complejo incluye todos los elementos del estilo de vida tradicional emirat\u00ed: un fuerte para defenderse ante los\u00a0 invasores, un zoco donde tiene lugar comercio diario de cabras y camellos y otras profesiones tradicionales, y una mezquita que muestra c\u00f3mo el islam desempe\u00f1a un papel importante en el modo de vida emirat\u00ed.<\/span><\/p>\n<p><strong><span style=\"color: #d3af37;\">Louvre Abu Dabi<\/span><\/strong><\/p>\n<p><span style=\"font-weight: 400;\"><strong>Una de las principales atracciones de Abu Dabi<\/strong>, el Museo del Arte y la Civilizaci\u00f3n Louvre Abu Dabi. El primer museo universalista de Oriente Medio, abierto a diferentes culturas de todo el mundo. Situado en el distrito de Saadiyat, fue dise\u00f1ado por el arquitecto <strong>Premio Pritzker<\/strong> Jean Nouvel. Cuenta con 9.200 metros cuadrados de galer\u00edas, incluyendo la galer\u00eda permanente y una Galer\u00eda Temporal que muestra la colecci\u00f3n de muchos museos franceses notables como el <strong>Museo de Louvre de Par\u00eds, el Museo de Orsay y el Centro Pompidou<\/strong>.<\/span><\/p>\n<p><strong><span style=\"color: #d3af37;\">Qasar Al Watan- El Palacio Presidencial de Abu Dabi<\/span><\/strong>.<\/p>\n<p><span style=\"font-weight: 400;\">Construido en 2017, este nuevo hito cultural de Abu Dabi le permitir\u00e1 descubrir la <strong>formaci\u00f3n de los Emiratos<\/strong> y el sistema de gobierno de este pa\u00eds. Qasr Al Watan no es solo un palacio de estilo tradicional, sino un <strong>tributo al patrimonio y al arte \u00e1rabes<\/strong>. Una experiencia memorable que le dejar\u00e1 la sensaci\u00f3n de haber visitado <strong>uno de los edificios m\u00e1s lujosos jam\u00e1s vistos<\/strong>.<\/span><\/p>\n<p>Si nuestro <strong>Visita privada a la ciudad de Abu Dabi con Louvre y Qasr Al Watan<\/strong><span style=\"font-weight: 400;\">\u00a0hace que quiera conocer m\u00e1s sobre este lugar \u00fanico, <strong><a href=\"https:\/\/tourtravelandmore.com\/es\/ciudad\/emiratos-arabes-unidos-es\/\" rel=\"noopener noreferrer\">no se pierda nuestros otros tours privados por Emiratos \u00c1rabes Unidos aqu\u00ed<\/a><\/strong><\/span>.<\/p>\n","protected":false},"excerpt":{"rendered":"<p>Visite la <strong>capital de Emiratos \u00c1rabes Unidos<\/strong> en una <strong>excursi\u00f3n privada de un d\u00eda <\/strong>que le permitir\u00e1 conocer lugares como el <strong>Louvre y el Qasr Al Watan.<\/strong> Admire su modernidad y conozca la historia del lugar con su <strong>gu\u00eda oficial privado<\/strong> y un c\u00f3modo <strong>veh\u00edculo privado con ch\u00f3fer<\/strong>.<\/p>\n","protected":false},"featured_media":117791,"comment_status":"open","ping_status":"closed","template":"","meta":{"_acf_changed":false},"product_brand":[],"product_cat":[1905,1906,1911,1908,1910],"product_tag":[],"class_list":{"0":"post-117958","1":"product","2":"type-product","3":"status-publish","4":"has-post-thumbnail","6":"product_cat-emiratos-arabes-unidos-es","7":"product_cat-abu-dhabi-es","8":"product_cat-abu-dhabi-actividades-es","9":"product_cat-abu-dhabi-excursiones-privadas-cruceros-es","10":"product_cat-abu-dhabi-rutas-turisticas-privadas-es","12":"first","13":"instock","14":"shipping-taxable","15":"purchasable","16":"product-type-simple"},"acf":[],"yoast_head":"<!-- This site is optimized with the Yoast SEO Premium plugin v25.3.1 (Yoast SEO v25.3.1) - https:\/\/yoast.com\/wordpress\/plugins\/seo\/ -->\n<title>\u27a1\ufe0f Visita privada a Abu Dabi con Louvre y Qasr Al Watan | TTM<\/title>\n<meta name=\"description\" content=\"Visita privada a la ciudad de Abu Dabi. Sus maravillosos lugares, su arquitectura moderna, su patrimonio, el Louvre, el Qasr Al Watan \u2705\" \/>\n<meta name=\"robots\" content=\"index, follow, max-snippet:-1, max-image-preview:large, max-video-preview:-1\" \/>\n<link rel=\"canonical\" href=\"https:\/\/tourtravelandmore.com\/es\/tours\/emiratos-arabes-unidos-es\/abu-dhabi-es\/abu-dhabi-excursiones-privadas-cruceros-es\/visita-privada-a-abu-dabi-con-louvre-y-qasr-al-watan\/\" \/>\n<meta property=\"og:locale\" content=\"es_ES\" \/>\n<meta property=\"og:type\" content=\"article\" \/>\n<meta property=\"og:title\" content=\"Visita privada a la ciudad de Abu Dabi con Louvre y Qasr Al Watan\" \/>\n<meta property=\"og:description\" content=\"Visita privada a la ciudad de Abu Dabi. Sus maravillosos lugares, su arquitectura moderna, su patrimonio, el Louvre, el Qasr Al Watan \u2705\" \/>\n<meta property=\"og:url\" content=\"https:\/\/tourtravelandmore.com\/es\/tours\/emiratos-arabes-unidos-es\/abu-dhabi-es\/abu-dhabi-excursiones-privadas-cruceros-es\/visita-privada-a-abu-dabi-con-louvre-y-qasr-al-watan\/\" \/>\n<meta property=\"og:site_name\" content=\"Tour Travel And More\" \/>\n<meta property=\"article:publisher\" content=\"https:\/\/www.facebook.com\/tourtravelandmore\/\" \/>\n<meta property=\"article:modified_time\" content=\"2023-08-04T08:43:37+00:00\" \/>\n<meta property=\"og:image\" content=\"https:\/\/tourtravelandmore.com\/wp-content\/uploads\/2022\/01\/katerina-kerdi-w_DXQ-W8jJc-unsplash.jpg\" \/>\n\t<meta property=\"og:image:width\" content=\"1920\" \/>\n\t<meta property=\"og:image:height\" content=\"1440\" \/>\n\t<meta property=\"og:image:type\" content=\"image\/jpeg\" \/>\n<meta name=\"twitter:card\" content=\"summary_large_image\" \/>\n<meta name=\"twitter:site\" content=\"@TourTravel_More\" \/>\n<meta name=\"twitter:label1\" content=\"Tiempo de lectura\" \/>\n\t<meta name=\"twitter:data1\" content=\"4 minutos\" \/>\n<script type=\"application\/ld+json\" class=\"yoast-schema-graph\">{\"@context\":\"https:\/\/schema.org\",\"@graph\":[{\"@type\":\"WebPage\",\"@id\":\"https:\/\/tourtravelandmore.com\/es\/tours\/emiratos-arabes-unidos-es\/abu-dhabi-es\/abu-dhabi-excursiones-privadas-cruceros-es\/visita-privada-a-abu-dabi-con-louvre-y-qasr-al-watan\/\",\"url\":\"https:\/\/tourtravelandmore.com\/es\/tours\/emiratos-arabes-unidos-es\/abu-dhabi-es\/abu-dhabi-excursiones-privadas-cruceros-es\/visita-privada-a-abu-dabi-con-louvre-y-qasr-al-watan\/\",\"name\":\"\u27a1\ufe0f Visita privada a Abu Dabi con Louvre y Qasr Al Watan | TTM\",\"isPartOf\":{\"@id\":\"https:\/\/tourtravelandmore.com\/es\/#website\"},\"primaryImageOfPage\":{\"@id\":\"https:\/\/tourtravelandmore.com\/es\/tours\/emiratos-arabes-unidos-es\/abu-dhabi-es\/abu-dhabi-excursiones-privadas-cruceros-es\/visita-privada-a-abu-dabi-con-louvre-y-qasr-al-watan\/#primaryimage\"},\"image\":{\"@id\":\"https:\/\/tourtravelandmore.com\/es\/tours\/emiratos-arabes-unidos-es\/abu-dhabi-es\/abu-dhabi-excursiones-privadas-cruceros-es\/visita-privada-a-abu-dabi-con-louvre-y-qasr-al-watan\/#primaryimage\"},\"thumbnailUrl\":\"https:\/\/tourtravelandmore.com\/wp-content\/uploads\/2022\/01\/katerina-kerdi-w_DXQ-W8jJc-unsplash.jpg\",\"datePublished\":\"2022-01-23T23:49:27+00:00\",\"dateModified\":\"2023-08-04T08:43:37+00:00\",\"description\":\"Visita privada a la ciudad de Abu Dabi. Sus maravillosos lugares, su arquitectura moderna, su patrimonio, el Louvre, el Qasr Al Watan \u2705\",\"breadcrumb\":{\"@id\":\"https:\/\/tourtravelandmore.com\/es\/tours\/emiratos-arabes-unidos-es\/abu-dhabi-es\/abu-dhabi-excursiones-privadas-cruceros-es\/visita-privada-a-abu-dabi-con-louvre-y-qasr-al-watan\/#breadcrumb\"},\"inLanguage\":\"es\",\"potentialAction\":[{\"@type\":\"ReadAction\",\"target\":[\"https:\/\/tourtravelandmore.com\/es\/tours\/emiratos-arabes-unidos-es\/abu-dhabi-es\/abu-dhabi-excursiones-privadas-cruceros-es\/visita-privada-a-abu-dabi-con-louvre-y-qasr-al-watan\/\"]}]},{\"@type\":\"ImageObject\",\"inLanguage\":\"es\",\"@id\":\"https:\/\/tourtravelandmore.com\/es\/tours\/emiratos-arabes-unidos-es\/abu-dhabi-es\/abu-dhabi-excursiones-privadas-cruceros-es\/visita-privada-a-abu-dabi-con-louvre-y-qasr-al-watan\/#primaryimage\",\"url\":\"https:\/\/tourtravelandmore.com\/wp-content\/uploads\/2022\/01\/katerina-kerdi-w_DXQ-W8jJc-unsplash.jpg\",\"contentUrl\":\"https:\/\/tourtravelandmore.com\/wp-content\/uploads\/2022\/01\/katerina-kerdi-w_DXQ-W8jJc-unsplash.jpg\",\"width\":1920,\"height\":1440},{\"@type\":\"BreadcrumbList\",\"@id\":\"https:\/\/tourtravelandmore.com\/es\/tours\/emiratos-arabes-unidos-es\/abu-dhabi-es\/abu-dhabi-excursiones-privadas-cruceros-es\/visita-privada-a-abu-dabi-con-louvre-y-qasr-al-watan\/#breadcrumb\",\"itemListElement\":[{\"@type\":\"ListItem\",\"position\":1,\"name\":\"Home\",\"item\":\"https:\/\/tourtravelandmore.com\/es\/\"},{\"@type\":\"ListItem\",\"position\":2,\"name\":\"Tours\",\"item\":\"https:\/\/tourtravelandmore.com\/es\/tours\/\"},{\"@type\":\"ListItem\",\"position\":3,\"name\":\"Visita privada a la ciudad de Abu Dabi con Louvre y Qasr Al Watan\"}]},{\"@type\":\"WebSite\",\"@id\":\"https:\/\/tourtravelandmore.com\/es\/#website\",\"url\":\"https:\/\/tourtravelandmore.com\/es\/\",\"name\":\"Tour Travel And More\",\"description\":\"Private sightseeing tours and luxury transfers in Spain\",\"publisher\":{\"@id\":\"https:\/\/tourtravelandmore.com\/es\/#organization\"},\"potentialAction\":[{\"@type\":\"SearchAction\",\"target\":{\"@type\":\"EntryPoint\",\"urlTemplate\":\"https:\/\/tourtravelandmore.com\/es\/?s={search_term_string}\"},\"query-input\":{\"@type\":\"PropertyValueSpecification\",\"valueRequired\":true,\"valueName\":\"search_term_string\"}}],\"inLanguage\":\"es\"},{\"@type\":\"Organization\",\"@id\":\"https:\/\/tourtravelandmore.com\/es\/#organization\",\"name\":\"Tour Travel And More\",\"url\":\"https:\/\/tourtravelandmore.com\/es\/\",\"logo\":{\"@type\":\"ImageObject\",\"inLanguage\":\"es\",\"@id\":\"https:\/\/tourtravelandmore.com\/es\/#\/schema\/logo\/image\/\",\"url\":\"https:\/\/tourtravelandmore.com\/wp-content\/uploads\/2022\/12\/cropped-logo-cabecera-new.png\",\"contentUrl\":\"https:\/\/tourtravelandmore.com\/wp-content\/uploads\/2022\/12\/cropped-logo-cabecera-new.png\",\"width\":430,\"height\":61,\"caption\":\"Tour Travel And More\"},\"image\":{\"@id\":\"https:\/\/tourtravelandmore.com\/es\/#\/schema\/logo\/image\/\"},\"sameAs\":[\"https:\/\/www.facebook.com\/tourtravelandmore\/\",\"https:\/\/x.com\/TourTravel_More\"]}]}<\/script>\n<!-- \/ Yoast SEO Premium plugin. -->","yoast_head_json":{"title":"\u27a1\ufe0f Visita privada a Abu Dabi con Louvre y Qasr Al Watan | TTM","description":"Visita privada a la ciudad de Abu Dabi. Sus maravillosos lugares, su arquitectura moderna, su patrimonio, el Louvre, el Qasr Al Watan \u2705","robots":{"index":"index","follow":"follow","max-snippet":"max-snippet:-1","max-image-preview":"max-image-preview:large","max-video-preview":"max-video-preview:-1"},"canonical":"https:\/\/tourtravelandmore.com\/es\/tours\/emiratos-arabes-unidos-es\/abu-dhabi-es\/abu-dhabi-excursiones-privadas-cruceros-es\/visita-privada-a-abu-dabi-con-louvre-y-qasr-al-watan\/","og_locale":"es_ES","og_type":"article","og_title":"Visita privada a la ciudad de Abu Dabi con Louvre y Qasr Al Watan","og_description":"Visita privada a la ciudad de Abu Dabi. Sus maravillosos lugares, su arquitectura moderna, su patrimonio, el Louvre, el Qasr Al Watan \u2705","og_url":"https:\/\/tourtravelandmore.com\/es\/tours\/emiratos-arabes-unidos-es\/abu-dhabi-es\/abu-dhabi-excursiones-privadas-cruceros-es\/visita-privada-a-abu-dabi-con-louvre-y-qasr-al-watan\/","og_site_name":"Tour Travel And More","article_publisher":"https:\/\/www.facebook.com\/tourtravelandmore\/","article_modified_time":"2023-08-04T08:43:37+00:00","og_image":[{"width":1920,"height":1440,"url":"https:\/\/tourtravelandmore.com\/wp-content\/uploads\/2022\/01\/katerina-kerdi-w_DXQ-W8jJc-unsplash.jpg","type":"image\/jpeg"}],"twitter_card":"summary_large_image","twitter_site":"@TourTravel_More","twitter_misc":{"Tiempo de lectura":"4 minutos"},"schema":{"@context":"https:\/\/schema.org","@graph":[{"@type":"WebPage","@id":"https:\/\/tourtravelandmore.com\/es\/tours\/emiratos-arabes-unidos-es\/abu-dhabi-es\/abu-dhabi-excursiones-privadas-cruceros-es\/visita-privada-a-abu-dabi-con-louvre-y-qasr-al-watan\/","url":"https:\/\/tourtravelandmore.com\/es\/tours\/emiratos-arabes-unidos-es\/abu-dhabi-es\/abu-dhabi-excursiones-privadas-cruceros-es\/visita-privada-a-abu-dabi-con-louvre-y-qasr-al-watan\/","name":"\u27a1\ufe0f Visita privada a Abu Dabi con Louvre y Qasr Al Watan | TTM","isPartOf":{"@id":"https:\/\/tourtravelandmore.com\/es\/#website"},"primaryImageOfPage":{"@id":"https:\/\/tourtravelandmore.com\/es\/tours\/emiratos-arabes-unidos-es\/abu-dhabi-es\/abu-dhabi-excursiones-privadas-cruceros-es\/visita-privada-a-abu-dabi-con-louvre-y-qasr-al-watan\/#primaryimage"},"image":{"@id":"https:\/\/tourtravelandmore.com\/es\/tours\/emiratos-arabes-unidos-es\/abu-dhabi-es\/abu-dhabi-excursiones-privadas-cruceros-es\/visita-privada-a-abu-dabi-con-louvre-y-qasr-al-watan\/#primaryimage"},"thumbnailUrl":"https:\/\/tourtravelandmore.com\/wp-content\/uploads\/2022\/01\/katerina-kerdi-w_DXQ-W8jJc-unsplash.jpg","datePublished":"2022-01-23T23:49:27+00:00","dateModified":"2023-08-04T08:43:37+00:00","description":"Visita privada a la ciudad de Abu Dabi. Sus maravillosos lugares, su arquitectura moderna, su patrimonio, el Louvre, el Qasr Al Watan \u2705","breadcrumb":{"@id":"https:\/\/tourtravelandmore.com\/es\/tours\/emiratos-arabes-unidos-es\/abu-dhabi-es\/abu-dhabi-excursiones-privadas-cruceros-es\/visita-privada-a-abu-dabi-con-louvre-y-qasr-al-watan\/#breadcrumb"},"inLanguage":"es","potentialAction":[{"@type":"ReadAction","target":["https:\/\/tourtravelandmore.com\/es\/tours\/emiratos-arabes-unidos-es\/abu-dhabi-es\/abu-dhabi-excursiones-privadas-cruceros-es\/visita-privada-a-abu-dabi-con-louvre-y-qasr-al-watan\/"]}]},{"@type":"ImageObject","inLanguage":"es","@id":"https:\/\/tourtravelandmore.com\/es\/tours\/emiratos-arabes-unidos-es\/abu-dhabi-es\/abu-dhabi-excursiones-privadas-cruceros-es\/visita-privada-a-abu-dabi-con-louvre-y-qasr-al-watan\/#primaryimage","url":"https:\/\/tourtravelandmore.com\/wp-content\/uploads\/2022\/01\/katerina-kerdi-w_DXQ-W8jJc-unsplash.jpg","contentUrl":"https:\/\/tourtravelandmore.com\/wp-content\/uploads\/2022\/01\/katerina-kerdi-w_DXQ-W8jJc-unsplash.jpg","width":1920,"height":1440},{"@type":"BreadcrumbList","@id":"https:\/\/tourtravelandmore.com\/es\/tours\/emiratos-arabes-unidos-es\/abu-dhabi-es\/abu-dhabi-excursiones-privadas-cruceros-es\/visita-privada-a-abu-dabi-con-louvre-y-qasr-al-watan\/#breadcrumb","itemListElement":[{"@type":"ListItem","position":1,"name":"Home","item":"https:\/\/tourtravelandmore.com\/es\/"},{"@type":"ListItem","position":2,"name":"Tours","item":"https:\/\/tourtravelandmore.com\/es\/tours\/"},{"@type":"ListItem","position":3,"name":"Visita privada a la ciudad de Abu Dabi con Louvre y Qasr Al Watan"}]},{"@type":"WebSite","@id":"https:\/\/tourtravelandmore.com\/es\/#website","url":"https:\/\/tourtravelandmore.com\/es\/","name":"Tour Travel And More","description":"Private sightseeing tours and luxury transfers in Spain","publisher":{"@id":"https:\/\/tourtravelandmore.com\/es\/#organization"},"potentialAction":[{"@type":"SearchAction","target":{"@type":"EntryPoint","urlTemplate":"https:\/\/tourtravelandmore.com\/es\/?s={search_term_string}"},"query-input":{"@type":"PropertyValueSpecification","valueRequired":true,"valueName":"search_term_string"}}],"inLanguage":"es"},{"@type":"Organization","@id":"https:\/\/tourtravelandmore.com\/es\/#organization","name":"Tour Travel And More","url":"https:\/\/tourtravelandmore.com\/es\/","logo":{"@type":"ImageObject","inLanguage":"es","@id":"https:\/\/tourtravelandmore.com\/es\/#\/schema\/logo\/image\/","url":"https:\/\/tourtravelandmore.com\/wp-content\/uploads\/2022\/12\/cropped-logo-cabecera-new.png","contentUrl":"https:\/\/tourtravelandmore.com\/wp-content\/uploads\/2022\/12\/cropped-logo-cabecera-new.png","width":430,"height":61,"caption":"Tour Travel And More"},"image":{"@id":"https:\/\/tourtravelandmore.com\/es\/#\/schema\/logo\/image\/"},"sameAs":["https:\/\/www.facebook.com\/tourtravelandmore\/","https:\/\/x.com\/TourTravel_More"]}]}},"_links":{"self":[{"href":"https:\/\/tourtravelandmore.com\/es\/wp-json\/wp\/v2\/product\/117958","targetHints":{"allow":["GET"]}}],"collection":[{"href":"https:\/\/tourtravelandmore.com\/es\/wp-json\/wp\/v2\/product"}],"about":[{"href":"https:\/\/tourtravelandmore.com\/es\/wp-json\/wp\/v2\/types\/product"}],"replies":[{"embeddable":true,"href":"https:\/\/tourtravelandmore.com\/es\/wp-json\/wp\/v2\/comments?post=117958"}],"wp:featuredmedia":[{"embeddable":true,"href":"https:\/\/tourtravelandmore.com\/es\/wp-json\/wp\/v2\/media\/117791"}],"wp:attachment":[{"href":"https:\/\/tourtravelandmore.com\/es\/wp-json\/wp\/v2\/media?parent=117958"}],"wp:term":[{"taxonomy":"product_brand","embeddable":true,"href":"https:\/\/tourtravelandmore.com\/es\/wp-json\/wp\/v2\/product_brand?post=117958"},{"taxonomy":"product_cat","embeddable":true,"href":"https:\/\/tourtravelandmore.com\/es\/wp-json\/wp\/v2\/product_cat?post=117958"},{"taxonomy":"product_tag","embeddable":true,"href":"https:\/\/tourtravelandmore.com\/es\/wp-json\/wp\/v2\/product_tag?post=117958"}],"curies":[{"name":"wp","href":"https:\/\/api.w.org\/{rel}","templated":true}]}}