{"id":117889,"date":"2022-01-23T15:20:48","date_gmt":"2022-01-23T14:20:50","guid":{"rendered":"https:\/\/tourtravelandmore.com\/?post_type=product&#038;p=117889"},"modified":"2022-10-11T17:20:39","modified_gmt":"2022-10-11T15:20:39","slug":"tour-privado-a-las-mejores-bodegas-de-champan-desde-reims","status":"publish","type":"product","link":"https:\/\/tourtravelandmore.com\/es\/tours\/francia\/reims-sp\/todos-los-tours-privados-y-actividades-reims-sp-francia\/tour-privado-a-las-mejores-bodegas-de-champan-desde-reims\/","title":{"rendered":"Tour privado a las mejores Bodegas de champ\u00e1n desde Reims"},"content":{"rendered":"<h2><b>Descripci\u00f3n del Tour Privado a las mejores Bodegas de champ\u00e1n desde Reims<\/b><\/h2>\n<p><span style=\"font-weight: 400;\">Francia tiene muchas cosas para ver y conocer. Si quieres explorar una de las regiones m\u00e1s emblem\u00e1ticas del pa\u00eds, este <\/span><b>tour privado a las mejores Bodegas de champ\u00e1n desde Reims<\/b><span style=\"font-weight: 400;\"> es la oportunidad ideal para que te relajes y disfrutes de una inolvidable experiencia cargada de mucho champ\u00e1n.\u00a0<\/span><\/p>\n<p><span style=\"font-weight: 400;\">Vivir\u00e1s una <\/span><b>experiencia enol\u00f3gica,<\/b><span style=\"font-weight: 400;\"> en la cual conocer\u00e1s algunos de los vi\u00f1edos m\u00e1s importantes de Marne y podr\u00e1s degustar su exquisito vino espumoso.\u00a0<\/span><\/p>\n<p><span style=\"font-weight: 400;\">Olv\u00eddate de todo y vive esta experiencia de una manera c\u00f3moda y exclusiva, puesto que <\/span><b>te buscaremos en un coche privado<\/b><span style=\"font-weight: 400;\"> para que recorras la campi\u00f1a en seguridad y confort.\u00a0<\/span><\/p>\n<p><span style=\"font-weight: 400;\">Asimismo, puedes decirnos cu\u00e1les son las bodegas que quieres visitar, ya que tendr\u00e1s la oportunidad de escoger entre: Moet, Taittinger, Veuve clicquot, Ruinart, Lanson, Vranken-Pommery.\u00a0<\/span><\/p>\n<p><span style=\"font-weight: 400;\">Es un tour de 8 horas, en donde todo el paseo ser\u00e1 de acuerdo a tus gustos y necesidades. Adem\u00e1s, esta excursi\u00f3n privada estar\u00e1 llena de degustaci\u00f3n de exquisitas bebidas.\u00a0<\/span><\/p>\n<p><span style=\"font-weight: 400;\">Igualmente, podr\u00e1s tomar hermosas fotograf\u00edas de los vi\u00f1edos que se extienden por cientos de hect\u00e1reas y que han sido declarados por la Unesco como patrimonio cultural.\u00a0<\/span><\/p>\n<p><span style=\"font-weight: 400;\">Tambi\u00e9n, aprender\u00e1s c\u00f3mo se elaboran algunos de los vinos espumosos m\u00e1s famosos del mundo. Al finalizar el paseo, te llevaremos de vuelta a Reims para que sigas con tu itinerario.\u00a0\u00a0<\/span><\/p>\n<h2><b>Puntos de inter\u00e9s del Tour Privado a las mejores Bodegas de champ\u00e1n desde Reims<\/b><\/h2>\n<p><span style=\"font-weight: 400;\">Prep\u00e1rate para pasar un d\u00eda distinto en este tour privado a las mejores Bodegas de champ\u00e1n de Francia.\u00a0<\/span><\/p>\n<p><span style=\"font-weight: 400;\">Lo mejor de todo es que tienes la posibilidad de escoger dos de estas distintas bodegas para asistir a la cata de burbujeantes copas de champ\u00e1n:\u00a0<\/span><\/p>\n<h3><span style=\"color: #d3af37;\"><b>Mo\u00ebt y Chandon<\/b><\/span><\/h3>\n<p><span style=\"font-weight: 400;\">Estos maestros en el arte vin\u00edcola fundaron esta casa en 1743, y sus vinos son muy reconocidos en todo el mundo.\u00a0<\/span><\/p>\n<p><span style=\"font-weight: 400;\">De hecho, es una marca que posee denominaci\u00f3n de origen, y al visitar su bodega vas a conocer todo el proceso de la elaboraci\u00f3n de su estupenda bebida.\u00a0<\/span><\/p>\n<h3><span style=\"color: #d3af37;\"><b>Taittinger<\/b><\/span><\/h3>\n<p><span style=\"font-weight: 400;\">Esta casa se distingue porque poseen sus propias hect\u00e1reas de siembras de uvas. Adem\u00e1s, su champ\u00e1n tiene 45 % menos de Chardonnay y los propietarios se encargan de verificar parcela a parcela que las frutas est\u00e9n en su punto \u00f3ptimo antes de cada cosecha.\u00a0<\/span><\/p>\n<p><span style=\"font-weight: 400;\">Todos sus vinos tienen al menos 5 a\u00f1os de crianza, lo cual les da un car\u00e1cter \u00fanico a sus bebidas.\u00a0<\/span><\/p>\n<h3><span style=\"color: #d3af37;\"><b>Veuve clicquot<\/b><\/span><\/h3>\n<p><span style=\"font-weight: 400;\">Se trata de una casa que tiene m\u00e1s de 2 siglos de tradici\u00f3n. Si la visitas, vivir\u00e1s una aut\u00e9ntica experiencia de enoturismo, puesto que en sus bodegas conocer\u00e1s las t\u00e9cnicas y herramientas que utilizan para crear su majestuoso vino espumante.\u00a0\u00a0<\/span><\/p>\n<h3><span style=\"color: #d3af37;\"><b>Lanson<\/b><\/span><\/h3>\n<p><span style=\"font-weight: 400;\">Esta es una de las casas m\u00e1s antiguas de champ\u00e1n. Fue fundada en el a\u00f1o 1760 y, hasta ahora, mantiene todo su estilo original.\u00a0<\/span><\/p>\n<p><span style=\"font-weight: 400;\">Se le conoce como \u201cel champ\u00e1n de la cruz maltesa\u201d, ya que su insignia representativa se debe a los Caballeros de San Juan, debido a que el hijo de su fundador pertenec\u00eda a esa orden.\u00a0<\/span><\/p>\n<p><span style=\"font-weight: 400;\">El cuerpo del champ\u00e1n Lanson es delicado y con una gran riqueza arom\u00e1tica. Adem\u00e1s, esta casa posee el reconocimiento oficial de ser los proveedores del vino de la reina Victoria durante el a\u00f1o 1900.<\/span><\/p>\n<h3><span style=\"color: #d3af37;\"><b>Ruinart<\/b><\/span><\/h3>\n<p><span style=\"font-weight: 400;\">Se trata de una marca de lujo que produce vinos de gran complejidad y que cuidan el m\u00e1s m\u00ednimo detalle. De hecho, sus bebidas son las preferidas de los paladares m\u00e1s exigentes.\u00a0<\/span><\/p>\n<p><span style=\"font-weight: 400;\">Al visitar esa casa de vino, ver\u00e1s sus t\u00e9cnicas de fabricaci\u00f3n, sus vi\u00f1edos y catar\u00e1s algunas de sus bebidas.\u00a0<\/span><\/p>\n<h3><span style=\"color: #d3af37;\"><b>Vranken-Pommery<\/b><\/span><\/h3>\n<p><span style=\"font-weight: 400;\">En sus inicios, esta reconocida casa produc\u00eda solamente vino tinto. No obstante, desde el a\u00f1o 1885 se lanz\u00f3 al mercado a conquistar otras tendencias, y es as\u00ed como nace su majestuoso champ\u00e1n.\u00a0<\/span><\/p>\n<p><span style=\"font-weight: 400;\">De hecho, son los creadores del primer Champ\u00e1n Brut de la historia, el cual tiene un toque m\u00e1s ligero que sus hom\u00f3logos dulces.\u00a0<\/span><\/p>\n<p><span style=\"font-weight: 400;\">Explorar\u00e1s muy c\u00f3modamente la regi\u00f3n de la Champa\u00f1a y algunos de los vi\u00f1edos reconocidos por la Unesco como patrimonios culturales de la humanidad. Adem\u00e1s, si quieres conocer a profundidad la ciudad de Reims puedes optar por <\/span><a href=\"https:\/\/tourtravelandmore.com\/es\/tours\/francia\/reims-sp\/todos-los-tours-privados-y-actividades-reims-sp-francia\/tour-privado-a-pie-de-reims\/\"><b>el tour a pie de Reims<\/b><span style=\"font-weight: 400;\">. <\/span><\/a><\/p>\n","protected":false},"excerpt":{"rendered":"<p><span style=\"font-weight: 400;\">Este tour privado es perfecto para los amantes del champ\u00e1n, ya que ir\u00e1s en un confortable coche privado por los vi\u00f1edos m\u00e1s atractivos de la campi\u00f1a francesa. Tambi\u00e9n, descubrir\u00e1s 2 de las m\u00e1s famosas bodegas de champ\u00e1n del mundo y aprender\u00e1s todo sobre la fabricaci\u00f3n y crianza de esta emblem\u00e1tica bebida espumosa.<\/span><\/p>\n","protected":false},"featured_media":118487,"comment_status":"open","ping_status":"closed","template":"","meta":{"_acf_changed":false},"product_brand":[],"product_cat":[3617,4047,4046],"product_tag":[],"class_list":{"0":"post-117889","1":"product","2":"type-product","3":"status-publish","4":"has-post-thumbnail","6":"product_cat-reims-sp","7":"product_cat-excursiones-privadas-reims-sp-francia","8":"product_cat-todos-los-tours-privados-y-actividades-reims-sp-francia","10":"first","11":"instock","12":"shipping-taxable","13":"purchasable","14":"product-type-simple"},"acf":[],"yoast_head":"<!-- This site is optimized with the Yoast SEO Premium plugin v25.3.1 (Yoast SEO v25.3.1) - https:\/\/yoast.com\/wordpress\/plugins\/seo\/ -->\n<title>\u27a1\ufe0f Tour privado a las mejores Bodegas de champ\u00e1n desde Reims | Tour Travel &amp; More<\/title>\n<meta name=\"description\" content=\"\u00bfQuieres pasar un d\u00eda distinto por la campi\u00f1a francesa? En este tour a las mejores Bodegas de champ\u00e1n desde Reims \u2705\" \/>\n<meta name=\"robots\" content=\"index, follow, max-snippet:-1, max-image-preview:large, max-video-preview:-1\" \/>\n<link rel=\"canonical\" href=\"https:\/\/tourtravelandmore.com\/es\/tours\/francia\/reims-sp\/todos-los-tours-privados-y-actividades-reims-sp-francia\/tour-privado-a-las-mejores-bodegas-de-champan-desde-reims\/\" \/>\n<meta property=\"og:locale\" content=\"es_ES\" \/>\n<meta property=\"og:type\" content=\"article\" \/>\n<meta property=\"og:title\" content=\"Tour privado a las mejores Bodegas de champ\u00e1n desde Reims\" \/>\n<meta property=\"og:description\" content=\"\u00bfQuieres pasar un d\u00eda distinto por la campi\u00f1a francesa? En este tour a las mejores Bodegas de champ\u00e1n desde Reims \u2705\" \/>\n<meta property=\"og:url\" content=\"https:\/\/tourtravelandmore.com\/es\/tours\/francia\/reims-sp\/todos-los-tours-privados-y-actividades-reims-sp-francia\/tour-privado-a-las-mejores-bodegas-de-champan-desde-reims\/\" \/>\n<meta property=\"og:site_name\" content=\"Tour Travel And More\" \/>\n<meta property=\"article:publisher\" content=\"https:\/\/www.facebook.com\/tourtravelandmore\/\" \/>\n<meta property=\"article:modified_time\" content=\"2022-10-11T15:20:39+00:00\" \/>\n<meta property=\"og:image\" content=\"https:\/\/tourtravelandmore.com\/wp-content\/uploads\/2022\/01\/VrankenPommery.jpg\" \/>\n\t<meta property=\"og:image:width\" content=\"960\" \/>\n\t<meta property=\"og:image:height\" content=\"720\" \/>\n\t<meta property=\"og:image:type\" content=\"image\/jpeg\" \/>\n<meta name=\"twitter:card\" content=\"summary_large_image\" \/>\n<meta name=\"twitter:site\" content=\"@TourTravel_More\" \/>\n<meta name=\"twitter:label1\" content=\"Tiempo de lectura\" \/>\n\t<meta name=\"twitter:data1\" content=\"4 minutos\" \/>\n<script type=\"application\/ld+json\" class=\"yoast-schema-graph\">{\"@context\":\"https:\/\/schema.org\",\"@graph\":[{\"@type\":\"WebPage\",\"@id\":\"https:\/\/tourtravelandmore.com\/es\/tours\/francia\/reims-sp\/todos-los-tours-privados-y-actividades-reims-sp-francia\/tour-privado-a-las-mejores-bodegas-de-champan-desde-reims\/\",\"url\":\"https:\/\/tourtravelandmore.com\/es\/tours\/francia\/reims-sp\/todos-los-tours-privados-y-actividades-reims-sp-francia\/tour-privado-a-las-mejores-bodegas-de-champan-desde-reims\/\",\"name\":\"\u27a1\ufe0f Tour privado a las mejores Bodegas de champ\u00e1n desde Reims | Tour Travel & More\",\"isPartOf\":{\"@id\":\"https:\/\/tourtravelandmore.com\/es\/#website\"},\"primaryImageOfPage\":{\"@id\":\"https:\/\/tourtravelandmore.com\/es\/tours\/francia\/reims-sp\/todos-los-tours-privados-y-actividades-reims-sp-francia\/tour-privado-a-las-mejores-bodegas-de-champan-desde-reims\/#primaryimage\"},\"image\":{\"@id\":\"https:\/\/tourtravelandmore.com\/es\/tours\/francia\/reims-sp\/todos-los-tours-privados-y-actividades-reims-sp-francia\/tour-privado-a-las-mejores-bodegas-de-champan-desde-reims\/#primaryimage\"},\"thumbnailUrl\":\"https:\/\/tourtravelandmore.com\/wp-content\/uploads\/2022\/01\/VrankenPommery.jpg\",\"datePublished\":\"2022-01-23T14:20:50+00:00\",\"dateModified\":\"2022-10-11T15:20:39+00:00\",\"description\":\"\u00bfQuieres pasar un d\u00eda distinto por la campi\u00f1a francesa? En este tour a las mejores Bodegas de champ\u00e1n desde Reims \u2705\",\"breadcrumb\":{\"@id\":\"https:\/\/tourtravelandmore.com\/es\/tours\/francia\/reims-sp\/todos-los-tours-privados-y-actividades-reims-sp-francia\/tour-privado-a-las-mejores-bodegas-de-champan-desde-reims\/#breadcrumb\"},\"inLanguage\":\"es\",\"potentialAction\":[{\"@type\":\"ReadAction\",\"target\":[\"https:\/\/tourtravelandmore.com\/es\/tours\/francia\/reims-sp\/todos-los-tours-privados-y-actividades-reims-sp-francia\/tour-privado-a-las-mejores-bodegas-de-champan-desde-reims\/\"]}]},{\"@type\":\"ImageObject\",\"inLanguage\":\"es\",\"@id\":\"https:\/\/tourtravelandmore.com\/es\/tours\/francia\/reims-sp\/todos-los-tours-privados-y-actividades-reims-sp-francia\/tour-privado-a-las-mejores-bodegas-de-champan-desde-reims\/#primaryimage\",\"url\":\"https:\/\/tourtravelandmore.com\/wp-content\/uploads\/2022\/01\/VrankenPommery.jpg\",\"contentUrl\":\"https:\/\/tourtravelandmore.com\/wp-content\/uploads\/2022\/01\/VrankenPommery.jpg\",\"width\":960,\"height\":720},{\"@type\":\"BreadcrumbList\",\"@id\":\"https:\/\/tourtravelandmore.com\/es\/tours\/francia\/reims-sp\/todos-los-tours-privados-y-actividades-reims-sp-francia\/tour-privado-a-las-mejores-bodegas-de-champan-desde-reims\/#breadcrumb\",\"itemListElement\":[{\"@type\":\"ListItem\",\"position\":1,\"name\":\"Home\",\"item\":\"https:\/\/tourtravelandmore.com\/es\/\"},{\"@type\":\"ListItem\",\"position\":2,\"name\":\"Tours\",\"item\":\"https:\/\/tourtravelandmore.com\/es\/tours\/\"},{\"@type\":\"ListItem\",\"position\":3,\"name\":\"Tour privado a las mejores Bodegas de champ\u00e1n desde Reims\"}]},{\"@type\":\"WebSite\",\"@id\":\"https:\/\/tourtravelandmore.com\/es\/#website\",\"url\":\"https:\/\/tourtravelandmore.com\/es\/\",\"name\":\"Tour Travel And More\",\"description\":\"Private sightseeing tours and luxury transfers in Spain\",\"publisher\":{\"@id\":\"https:\/\/tourtravelandmore.com\/es\/#organization\"},\"potentialAction\":[{\"@type\":\"SearchAction\",\"target\":{\"@type\":\"EntryPoint\",\"urlTemplate\":\"https:\/\/tourtravelandmore.com\/es\/?s={search_term_string}\"},\"query-input\":{\"@type\":\"PropertyValueSpecification\",\"valueRequired\":true,\"valueName\":\"search_term_string\"}}],\"inLanguage\":\"es\"},{\"@type\":\"Organization\",\"@id\":\"https:\/\/tourtravelandmore.com\/es\/#organization\",\"name\":\"Tour Travel And More\",\"url\":\"https:\/\/tourtravelandmore.com\/es\/\",\"logo\":{\"@type\":\"ImageObject\",\"inLanguage\":\"es\",\"@id\":\"https:\/\/tourtravelandmore.com\/es\/#\/schema\/logo\/image\/\",\"url\":\"https:\/\/tourtravelandmore.com\/wp-content\/uploads\/2022\/12\/cropped-logo-cabecera-new.png\",\"contentUrl\":\"https:\/\/tourtravelandmore.com\/wp-content\/uploads\/2022\/12\/cropped-logo-cabecera-new.png\",\"width\":430,\"height\":61,\"caption\":\"Tour Travel And More\"},\"image\":{\"@id\":\"https:\/\/tourtravelandmore.com\/es\/#\/schema\/logo\/image\/\"},\"sameAs\":[\"https:\/\/www.facebook.com\/tourtravelandmore\/\",\"https:\/\/x.com\/TourTravel_More\"]}]}<\/script>\n<!-- \/ Yoast SEO Premium plugin. -->","yoast_head_json":{"title":"\u27a1\ufe0f Tour privado a las mejores Bodegas de champ\u00e1n desde Reims | Tour Travel & More","description":"\u00bfQuieres pasar un d\u00eda distinto por la campi\u00f1a francesa? En este tour a las mejores Bodegas de champ\u00e1n desde Reims \u2705","robots":{"index":"index","follow":"follow","max-snippet":"max-snippet:-1","max-image-preview":"max-image-preview:large","max-video-preview":"max-video-preview:-1"},"canonical":"https:\/\/tourtravelandmore.com\/es\/tours\/francia\/reims-sp\/todos-los-tours-privados-y-actividades-reims-sp-francia\/tour-privado-a-las-mejores-bodegas-de-champan-desde-reims\/","og_locale":"es_ES","og_type":"article","og_title":"Tour privado a las mejores Bodegas de champ\u00e1n desde Reims","og_description":"\u00bfQuieres pasar un d\u00eda distinto por la campi\u00f1a francesa? En este tour a las mejores Bodegas de champ\u00e1n desde Reims \u2705","og_url":"https:\/\/tourtravelandmore.com\/es\/tours\/francia\/reims-sp\/todos-los-tours-privados-y-actividades-reims-sp-francia\/tour-privado-a-las-mejores-bodegas-de-champan-desde-reims\/","og_site_name":"Tour Travel And More","article_publisher":"https:\/\/www.facebook.com\/tourtravelandmore\/","article_modified_time":"2022-10-11T15:20:39+00:00","og_image":[{"width":960,"height":720,"url":"https:\/\/tourtravelandmore.com\/wp-content\/uploads\/2022\/01\/VrankenPommery.jpg","type":"image\/jpeg"}],"twitter_card":"summary_large_image","twitter_site":"@TourTravel_More","twitter_misc":{"Tiempo de lectura":"4 minutos"},"schema":{"@context":"https:\/\/schema.org","@graph":[{"@type":"WebPage","@id":"https:\/\/tourtravelandmore.com\/es\/tours\/francia\/reims-sp\/todos-los-tours-privados-y-actividades-reims-sp-francia\/tour-privado-a-las-mejores-bodegas-de-champan-desde-reims\/","url":"https:\/\/tourtravelandmore.com\/es\/tours\/francia\/reims-sp\/todos-los-tours-privados-y-actividades-reims-sp-francia\/tour-privado-a-las-mejores-bodegas-de-champan-desde-reims\/","name":"\u27a1\ufe0f Tour privado a las mejores Bodegas de champ\u00e1n desde Reims | Tour Travel & More","isPartOf":{"@id":"https:\/\/tourtravelandmore.com\/es\/#website"},"primaryImageOfPage":{"@id":"https:\/\/tourtravelandmore.com\/es\/tours\/francia\/reims-sp\/todos-los-tours-privados-y-actividades-reims-sp-francia\/tour-privado-a-las-mejores-bodegas-de-champan-desde-reims\/#primaryimage"},"image":{"@id":"https:\/\/tourtravelandmore.com\/es\/tours\/francia\/reims-sp\/todos-los-tours-privados-y-actividades-reims-sp-francia\/tour-privado-a-las-mejores-bodegas-de-champan-desde-reims\/#primaryimage"},"thumbnailUrl":"https:\/\/tourtravelandmore.com\/wp-content\/uploads\/2022\/01\/VrankenPommery.jpg","datePublished":"2022-01-23T14:20:50+00:00","dateModified":"2022-10-11T15:20:39+00:00","description":"\u00bfQuieres pasar un d\u00eda distinto por la campi\u00f1a francesa? En este tour a las mejores Bodegas de champ\u00e1n desde Reims \u2705","breadcrumb":{"@id":"https:\/\/tourtravelandmore.com\/es\/tours\/francia\/reims-sp\/todos-los-tours-privados-y-actividades-reims-sp-francia\/tour-privado-a-las-mejores-bodegas-de-champan-desde-reims\/#breadcrumb"},"inLanguage":"es","potentialAction":[{"@type":"ReadAction","target":["https:\/\/tourtravelandmore.com\/es\/tours\/francia\/reims-sp\/todos-los-tours-privados-y-actividades-reims-sp-francia\/tour-privado-a-las-mejores-bodegas-de-champan-desde-reims\/"]}]},{"@type":"ImageObject","inLanguage":"es","@id":"https:\/\/tourtravelandmore.com\/es\/tours\/francia\/reims-sp\/todos-los-tours-privados-y-actividades-reims-sp-francia\/tour-privado-a-las-mejores-bodegas-de-champan-desde-reims\/#primaryimage","url":"https:\/\/tourtravelandmore.com\/wp-content\/uploads\/2022\/01\/VrankenPommery.jpg","contentUrl":"https:\/\/tourtravelandmore.com\/wp-content\/uploads\/2022\/01\/VrankenPommery.jpg","width":960,"height":720},{"@type":"BreadcrumbList","@id":"https:\/\/tourtravelandmore.com\/es\/tours\/francia\/reims-sp\/todos-los-tours-privados-y-actividades-reims-sp-francia\/tour-privado-a-las-mejores-bodegas-de-champan-desde-reims\/#breadcrumb","itemListElement":[{"@type":"ListItem","position":1,"name":"Home","item":"https:\/\/tourtravelandmore.com\/es\/"},{"@type":"ListItem","position":2,"name":"Tours","item":"https:\/\/tourtravelandmore.com\/es\/tours\/"},{"@type":"ListItem","position":3,"name":"Tour privado a las mejores Bodegas de champ\u00e1n desde Reims"}]},{"@type":"WebSite","@id":"https:\/\/tourtravelandmore.com\/es\/#website","url":"https:\/\/tourtravelandmore.com\/es\/","name":"Tour Travel And More","description":"Private sightseeing tours and luxury transfers in Spain","publisher":{"@id":"https:\/\/tourtravelandmore.com\/es\/#organization"},"potentialAction":[{"@type":"SearchAction","target":{"@type":"EntryPoint","urlTemplate":"https:\/\/tourtravelandmore.com\/es\/?s={search_term_string}"},"query-input":{"@type":"PropertyValueSpecification","valueRequired":true,"valueName":"search_term_string"}}],"inLanguage":"es"},{"@type":"Organization","@id":"https:\/\/tourtravelandmore.com\/es\/#organization","name":"Tour Travel And More","url":"https:\/\/tourtravelandmore.com\/es\/","logo":{"@type":"ImageObject","inLanguage":"es","@id":"https:\/\/tourtravelandmore.com\/es\/#\/schema\/logo\/image\/","url":"https:\/\/tourtravelandmore.com\/wp-content\/uploads\/2022\/12\/cropped-logo-cabecera-new.png","contentUrl":"https:\/\/tourtravelandmore.com\/wp-content\/uploads\/2022\/12\/cropped-logo-cabecera-new.png","width":430,"height":61,"caption":"Tour Travel And More"},"image":{"@id":"https:\/\/tourtravelandmore.com\/es\/#\/schema\/logo\/image\/"},"sameAs":["https:\/\/www.facebook.com\/tourtravelandmore\/","https:\/\/x.com\/TourTravel_More"]}]}},"_links":{"self":[{"href":"https:\/\/tourtravelandmore.com\/es\/wp-json\/wp\/v2\/product\/117889","targetHints":{"allow":["GET"]}}],"collection":[{"href":"https:\/\/tourtravelandmore.com\/es\/wp-json\/wp\/v2\/product"}],"about":[{"href":"https:\/\/tourtravelandmore.com\/es\/wp-json\/wp\/v2\/types\/product"}],"replies":[{"embeddable":true,"href":"https:\/\/tourtravelandmore.com\/es\/wp-json\/wp\/v2\/comments?post=117889"}],"wp:featuredmedia":[{"embeddable":true,"href":"https:\/\/tourtravelandmore.com\/es\/wp-json\/wp\/v2\/media\/118487"}],"wp:attachment":[{"href":"https:\/\/tourtravelandmore.com\/es\/wp-json\/wp\/v2\/media?parent=117889"}],"wp:term":[{"taxonomy":"product_brand","embeddable":true,"href":"https:\/\/tourtravelandmore.com\/es\/wp-json\/wp\/v2\/product_brand?post=117889"},{"taxonomy":"product_cat","embeddable":true,"href":"https:\/\/tourtravelandmore.com\/es\/wp-json\/wp\/v2\/product_cat?post=117889"},{"taxonomy":"product_tag","embeddable":true,"href":"https:\/\/tourtravelandmore.com\/es\/wp-json\/wp\/v2\/product_tag?post=117889"}],"curies":[{"name":"wp","href":"https:\/\/api.w.org\/{rel}","templated":true}]}}